{"id":101577,"date":"2017-11-16T13:01:49","date_gmt":"2017-11-16T12:01:49","guid":{"rendered":"https:\/\/tourtravelandmore.com\/tours\/non%20class\u00e9\/day-tour-to-santiago-de-compostela\/"},"modified":"2023-12-29T14:51:12","modified_gmt":"2023-12-29T13:51:12","slug":"day-tour-to-santiago-de-compostela","status":"publish","type":"product","link":"https:\/\/tourtravelandmore.com\/fr\/tours\/portugal-fr\/porto-fr\/toutes-les-visites-et-activites-privees\/day-tour-to-santiago-de-compostela\/","title":{"rendered":"Excursion d&#8217;une journ\u00e9e \u00e0 Saint-Jacques-de-Compostelle"},"content":{"rendered":"<h2><b>Description de l&#8217;excursion d&#8217;une journ\u00e9e \u00e0 Saint-Jacques-de-Compostelle<\/b><\/h2>\n<p><span style=\"font-weight: 400;\">Embarquez pour un voyage transcendant depuis Porto jusqu&#8217;aux rues historiques de Saint-Jacques-de-Compostelle, une ville v\u00e9n\u00e9r\u00e9e comme le point culminant du l\u00e9gendaire chemin de p\u00e8lerinage du Camino de Santiago. Cette excursion priv\u00e9e d&#8217;une journ\u00e9e organis\u00e9e par Tour Travel and More promet non seulement un voyage, mais aussi une plong\u00e9e profonde dans le c\u0153ur spirituel et historique de l&#8217;une des villes les plus embl\u00e9matiques d&#8217;Espagne, associ\u00e9e au charme de Viana do Castelo, un joyau du nord du Portugal.<\/span><\/p>\n<p><span style=\"font-weight: 400;\">L&#8217;aventure commence d\u00e8s votre arriv\u00e9e \u00e0 Porto, o\u00f9 un chauffeur priv\u00e9 vous accueillera pour vous donner le ton d&#8217;une journ\u00e9e d&#8217;exploration et de d\u00e9couverte. Au fur et \u00e0 mesure que vous vous dirigez vers Saint-Jacques-de-Compostelle, les paysages changent subtilement, racontant le passage du Portugal \u00e0 l&#8217;Espagne. Ce circuit est une exp\u00e9rience sur mesure, adapt\u00e9e \u00e0 vos int\u00e9r\u00eats et \u00e0 votre rythme, pour que chaque moment soit significatif et enrichissant.<\/span><\/p>\n<p><span style=\"font-weight: 400;\">\u00c0 l&#8217;arriv\u00e9e \u00e0 Saint-Jacques-de-Compostelle, pr\u00e9parez-vous \u00e0 \u00eatre captiv\u00e9 par la grandeur historique de la ville. Connue pour \u00eatre la derni\u00e8re \u00e9tape du Camino de Santiago, un p\u00e8lerinage d&#8217;origine m\u00e9di\u00e9vale, la ville vibre d&#8217;un m\u00e9lange unique de spiritualit\u00e9, d&#8217;histoire et de sc\u00e8nes culturelles anim\u00e9es. L&#8217;architecture de la ville, un m\u00e9lange de styles roman, gothique et baroque, cr\u00e9e une toile de fond enchanteresse pour vos explorations.<\/span><\/p>\n<p><span style=\"font-weight: 400;\">En poursuivant votre voyage dans la ville sacr\u00e9e de Saint-Jacques-de-Compostelle, vous serez envelopp\u00e9 par le sens palpable de l&#8217;histoire et de la d\u00e9votion qui impr\u00e8gne chaque rue pav\u00e9e et chaque structure ancienne. Cette ville n&#8217;est pas seulement une destination, mais un mus\u00e9e vivant, o\u00f9 r\u00e9sonnent les pas des innombrables p\u00e8lerins qui ont parcouru ses chemins au fil des si\u00e8cles.<\/span><\/p>\n<p><span style=\"font-weight: 400;\">En parcourant les chemins de Saint-Jacques, chaque tournant pr\u00e9sente un nouveau tableau d&#8217;importance historique et de beaut\u00e9 architecturale. Des fa\u00e7ades complexes des b\u00e2timents s\u00e9culaires aux places anim\u00e9es par la vie quotidienne, Santiago offre une riche tapisserie d&#8217;exp\u00e9riences. Votre guide, une source de connaissances sur les coutumes et l&#8217;histoire locales, vous fera revivre les histoires et les traditions qui font de Santiago un endroit si fascinant.<\/span><\/p>\n<h2><b>Points forts de l&#8217;excursion d&#8217;une journ\u00e9e \u00e0 Saint-Jacques-de-Compostelle<\/b><\/h2>\n<ul>\n<li style=\"font-weight: 400;\" aria-level=\"1\"><b>Cath\u00e9drale de Saint-Jacques-de-Compostelle :<\/b><span style=\"font-weight: 400;\"> \u00c9merveillez-vous devant cette merveille architecturale, un chef-d&#8217;\u0153uvre de l&#8217;art roman qui abrite le tombeau r\u00e9put\u00e9 de l&#8217;ap\u00f4tre Saint-Jacques. La grandeur de la cath\u00e9drale et son importance historique en font un point de rep\u00e8re pour les p\u00e8lerins et les amateurs d&#8217;art.<\/span><\/li>\n<li style=\"font-weight: 400;\" aria-level=\"1\"><b>Vieille ville historique :<\/b><span style=\"font-weight: 400;\"> fl\u00e2nez dans la vieille ville, class\u00e9e au patrimoine mondial de l&#8217;UNESCO, avec ses rues \u00e9troites et sinueuses et son \u00e9ventail de b\u00e2timents impressionnants, de caf\u00e9s et de boutiques. Ce quartier incarne \u00e0 merveille des si\u00e8cles d&#8217;histoire et de culture.<\/span><\/li>\n<li style=\"font-weight: 400;\" aria-level=\"1\"><b>Viana do Castelo <\/b><span style=\"font-weight: 400;\">: Sur le chemin du retour, arr\u00eatez-vous dans cette ville pittoresque du nord du Portugal. Connue pour son r\u00f4le dans l&#8217;\u00e8re des d\u00e9couvertes, Viana do Castelo offre des vues imprenables depuis la colline de Santa Luzia et la possibilit\u00e9 de visiter la basilique du Sacr\u00e9-C\u0153ur de J\u00e9sus, symbole de l&#8217;h\u00e9ritage religieux et architectural du Portugal.<\/span><\/li>\n<li style=\"font-weight: 400;\" aria-level=\"1\"><b>Une exp\u00e9rience personnalis\u00e9e :<\/b><span style=\"font-weight: 400;\"> Avec la possibilit\u00e9 d&#8217;adapter l&#8217;itin\u00e9raire, passez plus de temps sur les sites qui vous intriguent le plus. Qu&#8217;il s&#8217;agisse d&#8217;explorer les recoins de la cath\u00e9drale, de d\u00e9guster la cuisine locale ou d&#8217;admirer les paysages, ce circuit s&#8217;adapte \u00e0 vos pr\u00e9f\u00e9rences.<\/span><\/li>\n<li style=\"font-weight: 400;\" aria-level=\"1\"><b>Voyage confortable :<\/b><span style=\"font-weight: 400;\"> D\u00e9tendez-vous dans le confort d&#8217;un v\u00e9hicule priv\u00e9 de luxe tout au long du voyage, avec un chauffeur exp\u00e9riment\u00e9 qui vous garantit une exp\u00e9rience de voyage agr\u00e9able et sans heurts.<\/span><\/li>\n<li style=\"font-weight: 400;\" aria-level=\"1\"><b>Conseils d&#8217;experts <\/b><span style=\"font-weight: 400;\">: Votre circuit est agr\u00e9ment\u00e9 des conseils d&#8217;un guide local \u00e0 Saint-Jacques-de-Compostelle, qui vous fera revivre les l\u00e9gendes, l&#8217;histoire et les anecdotes des lieux que vous visiterez.<\/span><\/li>\n<li style=\"font-weight: 400;\" aria-level=\"1\"><b>Portique de la Gloria :<\/b><span style=\"font-weight: 400;\"> Exemple exquis de l&#8217;art m\u00e9di\u00e9val, le Portique de la Gloire de la cath\u00e9drale de Saint-Jacques est une repr\u00e9sentation \u00e9tonnante du Jugement dernier. La complexit\u00e9 et l&#8217;expressivit\u00e9 des sculptures t\u00e9moignent de la ma\u00eetrise artistique de l&#8217;\u00e9poque m\u00e9di\u00e9vale.<\/span><\/li>\n<li style=\"font-weight: 400;\" aria-level=\"1\"><b>Praza do Obradoiro : <\/b><span style=\"font-weight: 400;\">c\u0153ur de Santiago, cette grande place est entour\u00e9e de b\u00e2timents monumentaux, dont l&#8217;Hostal dos Reis Cat\u00f3licos, le Palacio de Raxoi et la cath\u00e9drale de Santiago. C&#8217;est un lieu de rassemblement pour les p\u00e8lerins et un endroit id\u00e9al pour absorber l&#8217;atmosph\u00e8re vibrante de la ville.<\/span><\/li>\n<\/ul>\n<p><span style=\"font-weight: 400;\">Apr\u00e8s une journ\u00e9e riche en rencontres culturelles et spirituelles, votre chauffeur priv\u00e9 vous raccompagnera \u00e0 Porto, vous laissant le souvenir d&#8217;un<\/span> <a href=\"https:\/\/tourtravelandmore.com\/fr\/city\/portugal-fr\/porto-fr\/\"><span style=\"font-weight: 400;\">voyage inoubliable \u00e0 travers deux des villes les plus captivantes de la p\u00e9ninsule ib\u00e9rique.<\/span><\/a><\/p>\n","protected":false},"excerpt":{"rendered":"<p><span style=\"font-weight: 400;\">Participez \u00e0 notre excursion priv\u00e9e d&#8217;une journ\u00e9e au d\u00e9part de Porto vers Saint-Jacques-de-Compostelle et Viana do Castelo. Explorez les sites historiques, profitez de l&#8217;ambiance spirituelle de la cath\u00e9drale de Santiago et d\u00e9lectez-vous de la beaut\u00e9 des paysages du nord du Portugal, le tout dans le confort d&#8217;un guide et d&#8217;un v\u00e9hicule priv\u00e9s.<\/span><\/p>\n","protected":false},"featured_media":94474,"comment_status":"open","ping_status":"closed","template":"","meta":{"_acf_changed":false},"product_brand":[],"product_cat":[4552,4551,3671],"product_tag":[],"class_list":{"0":"post-101577","1":"product","2":"type-product","3":"status-publish","4":"has-post-thumbnail","6":"product_cat-excursions-privees-dune-journee-fr-4","7":"product_cat-toutes-les-visites-et-activites-privees","8":"product_cat-porto-fr","10":"first","11":"instock","12":"shipping-taxable","13":"purchasable","14":"product-type-simple"},"acf":[],"yoast_head":"<!-- This site is optimized with the Yoast SEO Premium plugin v25.3.1 (Yoast SEO v25.3.1) - https:\/\/yoast.com\/wordpress\/plugins\/seo\/ -->\n<title>\u27a1\ufe0f D\u00e9couvrez Saint-Jacques-de-Compostelle : Excursion priv\u00e9e d&#039;une journ\u00e9e depuis Porto \u2705<\/title>\n<meta name=\"description\" content=\"Explorez les merveilles historiques de Saint-Jacques-de-Compostelle et de Viana do Castelo lors d&#039;une excursion priv\u00e9e d&#039;une journ\u00e9e au d\u00e9part de Porto. Faites l&#039;exp\u00e9rience de la culture, de l&#039;histoire et de la spiritualit\u00e9. \u2705\" \/>\n<meta name=\"robots\" content=\"index, follow, max-snippet:-1, max-image-preview:large, max-video-preview:-1\" \/>\n<link rel=\"canonical\" href=\"https:\/\/tourtravelandmore.com\/fr\/tours\/portugal-fr\/porto-fr\/toutes-les-visites-et-activites-privees\/day-tour-to-santiago-de-compostela\/\" \/>\n<meta property=\"og:locale\" content=\"fr_FR\" \/>\n<meta property=\"og:type\" content=\"article\" \/>\n<meta property=\"og:title\" content=\"Excursion d&#039;une journ\u00e9e \u00e0 Saint-Jacques-de-Compostelle\" \/>\n<meta property=\"og:description\" content=\"Explorez les merveilles historiques de Saint-Jacques-de-Compostelle et de Viana do Castelo lors d&#039;une excursion priv\u00e9e d&#039;une journ\u00e9e au d\u00e9part de Porto. Faites l&#039;exp\u00e9rience de la culture, de l&#039;histoire et de la spiritualit\u00e9. \u2705\" \/>\n<meta property=\"og:url\" content=\"https:\/\/tourtravelandmore.com\/fr\/tours\/portugal-fr\/porto-fr\/toutes-les-visites-et-activites-privees\/day-tour-to-santiago-de-compostela\/\" \/>\n<meta property=\"og:site_name\" content=\"Tour Travel And More\" \/>\n<meta property=\"article:publisher\" content=\"https:\/\/www.facebook.com\/tourtravelandmore\/\" \/>\n<meta property=\"article:modified_time\" content=\"2023-12-29T13:51:12+00:00\" \/>\n<meta property=\"og:image\" content=\"https:\/\/tourtravelandmore.com\/wp-content\/uploads\/2017\/11\/santiago.jpg\" \/>\n\t<meta property=\"og:image:width\" content=\"1024\" \/>\n\t<meta property=\"og:image:height\" content=\"681\" \/>\n\t<meta property=\"og:image:type\" content=\"image\/jpeg\" \/>\n<meta name=\"twitter:card\" content=\"summary_large_image\" \/>\n<meta name=\"twitter:site\" content=\"@TourTravel_More\" \/>\n<meta name=\"twitter:label1\" content=\"Dur\u00e9e de lecture estim\u00e9e\" \/>\n\t<meta name=\"twitter:data1\" content=\"4 minutes\" \/>\n<script type=\"application\/ld+json\" class=\"yoast-schema-graph\">{\"@context\":\"https:\/\/schema.org\",\"@graph\":[{\"@type\":\"WebPage\",\"@id\":\"https:\/\/tourtravelandmore.com\/fr\/tours\/portugal-fr\/porto-fr\/toutes-les-visites-et-activites-privees\/day-tour-to-santiago-de-compostela\/\",\"url\":\"https:\/\/tourtravelandmore.com\/fr\/tours\/portugal-fr\/porto-fr\/toutes-les-visites-et-activites-privees\/day-tour-to-santiago-de-compostela\/\",\"name\":\"\u27a1\ufe0f D\u00e9couvrez Saint-Jacques-de-Compostelle : Excursion priv\u00e9e d'une journ\u00e9e depuis Porto \u2705\",\"isPartOf\":{\"@id\":\"https:\/\/tourtravelandmore.com\/fr\/#website\"},\"primaryImageOfPage\":{\"@id\":\"https:\/\/tourtravelandmore.com\/fr\/tours\/portugal-fr\/porto-fr\/toutes-les-visites-et-activites-privees\/day-tour-to-santiago-de-compostela\/#primaryimage\"},\"image\":{\"@id\":\"https:\/\/tourtravelandmore.com\/fr\/tours\/portugal-fr\/porto-fr\/toutes-les-visites-et-activites-privees\/day-tour-to-santiago-de-compostela\/#primaryimage\"},\"thumbnailUrl\":\"https:\/\/tourtravelandmore.com\/wp-content\/uploads\/2017\/11\/santiago.jpg\",\"datePublished\":\"2017-11-16T12:01:49+00:00\",\"dateModified\":\"2023-12-29T13:51:12+00:00\",\"description\":\"Explorez les merveilles historiques de Saint-Jacques-de-Compostelle et de Viana do Castelo lors d'une excursion priv\u00e9e d'une journ\u00e9e au d\u00e9part de Porto. Faites l'exp\u00e9rience de la culture, de l'histoire et de la spiritualit\u00e9. \u2705\",\"breadcrumb\":{\"@id\":\"https:\/\/tourtravelandmore.com\/fr\/tours\/portugal-fr\/porto-fr\/toutes-les-visites-et-activites-privees\/day-tour-to-santiago-de-compostela\/#breadcrumb\"},\"inLanguage\":\"fr-FR\",\"potentialAction\":[{\"@type\":\"ReadAction\",\"target\":[\"https:\/\/tourtravelandmore.com\/fr\/tours\/portugal-fr\/porto-fr\/toutes-les-visites-et-activites-privees\/day-tour-to-santiago-de-compostela\/\"]}]},{\"@type\":\"ImageObject\",\"inLanguage\":\"fr-FR\",\"@id\":\"https:\/\/tourtravelandmore.com\/fr\/tours\/portugal-fr\/porto-fr\/toutes-les-visites-et-activites-privees\/day-tour-to-santiago-de-compostela\/#primaryimage\",\"url\":\"https:\/\/tourtravelandmore.com\/wp-content\/uploads\/2017\/11\/santiago.jpg\",\"contentUrl\":\"https:\/\/tourtravelandmore.com\/wp-content\/uploads\/2017\/11\/santiago.jpg\",\"width\":1024,\"height\":681},{\"@type\":\"BreadcrumbList\",\"@id\":\"https:\/\/tourtravelandmore.com\/fr\/tours\/portugal-fr\/porto-fr\/toutes-les-visites-et-activites-privees\/day-tour-to-santiago-de-compostela\/#breadcrumb\",\"itemListElement\":[{\"@type\":\"ListItem\",\"position\":1,\"name\":\"Home\",\"item\":\"https:\/\/tourtravelandmore.com\/fr\/\"},{\"@type\":\"ListItem\",\"position\":2,\"name\":\"Tours\",\"item\":\"https:\/\/tourtravelandmore.com\/fr\/tours\/\"},{\"@type\":\"ListItem\",\"position\":3,\"name\":\"Excursion d&#8217;une journ\u00e9e \u00e0 Saint-Jacques-de-Compostelle\"}]},{\"@type\":\"WebSite\",\"@id\":\"https:\/\/tourtravelandmore.com\/fr\/#website\",\"url\":\"https:\/\/tourtravelandmore.com\/fr\/\",\"name\":\"Tour Travel And More\",\"description\":\"Private sightseeing tours and luxury transfers in Spain\",\"publisher\":{\"@id\":\"https:\/\/tourtravelandmore.com\/fr\/#organization\"},\"potentialAction\":[{\"@type\":\"SearchAction\",\"target\":{\"@type\":\"EntryPoint\",\"urlTemplate\":\"https:\/\/tourtravelandmore.com\/fr\/?s={search_term_string}\"},\"query-input\":{\"@type\":\"PropertyValueSpecification\",\"valueRequired\":true,\"valueName\":\"search_term_string\"}}],\"inLanguage\":\"fr-FR\"},{\"@type\":\"Organization\",\"@id\":\"https:\/\/tourtravelandmore.com\/fr\/#organization\",\"name\":\"Tour Travel And More\",\"url\":\"https:\/\/tourtravelandmore.com\/fr\/\",\"logo\":{\"@type\":\"ImageObject\",\"inLanguage\":\"fr-FR\",\"@id\":\"https:\/\/tourtravelandmore.com\/fr\/#\/schema\/logo\/image\/\",\"url\":\"https:\/\/tourtravelandmore.com\/wp-content\/uploads\/2022\/12\/cropped-logo-cabecera-new.png\",\"contentUrl\":\"https:\/\/tourtravelandmore.com\/wp-content\/uploads\/2022\/12\/cropped-logo-cabecera-new.png\",\"width\":430,\"height\":61,\"caption\":\"Tour Travel And More\"},\"image\":{\"@id\":\"https:\/\/tourtravelandmore.com\/fr\/#\/schema\/logo\/image\/\"},\"sameAs\":[\"https:\/\/www.facebook.com\/tourtravelandmore\/\",\"https:\/\/x.com\/TourTravel_More\"]}]}<\/script>\n<!-- \/ Yoast SEO Premium plugin. -->","yoast_head_json":{"title":"\u27a1\ufe0f D\u00e9couvrez Saint-Jacques-de-Compostelle : Excursion priv\u00e9e d'une journ\u00e9e depuis Porto \u2705","description":"Explorez les merveilles historiques de Saint-Jacques-de-Compostelle et de Viana do Castelo lors d'une excursion priv\u00e9e d'une journ\u00e9e au d\u00e9part de Porto. Faites l'exp\u00e9rience de la culture, de l'histoire et de la spiritualit\u00e9. \u2705","robots":{"index":"index","follow":"follow","max-snippet":"max-snippet:-1","max-image-preview":"max-image-preview:large","max-video-preview":"max-video-preview:-1"},"canonical":"https:\/\/tourtravelandmore.com\/fr\/tours\/portugal-fr\/porto-fr\/toutes-les-visites-et-activites-privees\/day-tour-to-santiago-de-compostela\/","og_locale":"fr_FR","og_type":"article","og_title":"Excursion d'une journ\u00e9e \u00e0 Saint-Jacques-de-Compostelle","og_description":"Explorez les merveilles historiques de Saint-Jacques-de-Compostelle et de Viana do Castelo lors d'une excursion priv\u00e9e d'une journ\u00e9e au d\u00e9part de Porto. Faites l'exp\u00e9rience de la culture, de l'histoire et de la spiritualit\u00e9. \u2705","og_url":"https:\/\/tourtravelandmore.com\/fr\/tours\/portugal-fr\/porto-fr\/toutes-les-visites-et-activites-privees\/day-tour-to-santiago-de-compostela\/","og_site_name":"Tour Travel And More","article_publisher":"https:\/\/www.facebook.com\/tourtravelandmore\/","article_modified_time":"2023-12-29T13:51:12+00:00","og_image":[{"width":1024,"height":681,"url":"https:\/\/tourtravelandmore.com\/wp-content\/uploads\/2017\/11\/santiago.jpg","type":"image\/jpeg"}],"twitter_card":"summary_large_image","twitter_site":"@TourTravel_More","twitter_misc":{"Dur\u00e9e de lecture estim\u00e9e":"4 minutes"},"schema":{"@context":"https:\/\/schema.org","@graph":[{"@type":"WebPage","@id":"https:\/\/tourtravelandmore.com\/fr\/tours\/portugal-fr\/porto-fr\/toutes-les-visites-et-activites-privees\/day-tour-to-santiago-de-compostela\/","url":"https:\/\/tourtravelandmore.com\/fr\/tours\/portugal-fr\/porto-fr\/toutes-les-visites-et-activites-privees\/day-tour-to-santiago-de-compostela\/","name":"\u27a1\ufe0f D\u00e9couvrez Saint-Jacques-de-Compostelle : Excursion priv\u00e9e d'une journ\u00e9e depuis Porto \u2705","isPartOf":{"@id":"https:\/\/tourtravelandmore.com\/fr\/#website"},"primaryImageOfPage":{"@id":"https:\/\/tourtravelandmore.com\/fr\/tours\/portugal-fr\/porto-fr\/toutes-les-visites-et-activites-privees\/day-tour-to-santiago-de-compostela\/#primaryimage"},"image":{"@id":"https:\/\/tourtravelandmore.com\/fr\/tours\/portugal-fr\/porto-fr\/toutes-les-visites-et-activites-privees\/day-tour-to-santiago-de-compostela\/#primaryimage"},"thumbnailUrl":"https:\/\/tourtravelandmore.com\/wp-content\/uploads\/2017\/11\/santiago.jpg","datePublished":"2017-11-16T12:01:49+00:00","dateModified":"2023-12-29T13:51:12+00:00","description":"Explorez les merveilles historiques de Saint-Jacques-de-Compostelle et de Viana do Castelo lors d'une excursion priv\u00e9e d'une journ\u00e9e au d\u00e9part de Porto. Faites l'exp\u00e9rience de la culture, de l'histoire et de la spiritualit\u00e9. \u2705","breadcrumb":{"@id":"https:\/\/tourtravelandmore.com\/fr\/tours\/portugal-fr\/porto-fr\/toutes-les-visites-et-activites-privees\/day-tour-to-santiago-de-compostela\/#breadcrumb"},"inLanguage":"fr-FR","potentialAction":[{"@type":"ReadAction","target":["https:\/\/tourtravelandmore.com\/fr\/tours\/portugal-fr\/porto-fr\/toutes-les-visites-et-activites-privees\/day-tour-to-santiago-de-compostela\/"]}]},{"@type":"ImageObject","inLanguage":"fr-FR","@id":"https:\/\/tourtravelandmore.com\/fr\/tours\/portugal-fr\/porto-fr\/toutes-les-visites-et-activites-privees\/day-tour-to-santiago-de-compostela\/#primaryimage","url":"https:\/\/tourtravelandmore.com\/wp-content\/uploads\/2017\/11\/santiago.jpg","contentUrl":"https:\/\/tourtravelandmore.com\/wp-content\/uploads\/2017\/11\/santiago.jpg","width":1024,"height":681},{"@type":"BreadcrumbList","@id":"https:\/\/tourtravelandmore.com\/fr\/tours\/portugal-fr\/porto-fr\/toutes-les-visites-et-activites-privees\/day-tour-to-santiago-de-compostela\/#breadcrumb","itemListElement":[{"@type":"ListItem","position":1,"name":"Home","item":"https:\/\/tourtravelandmore.com\/fr\/"},{"@type":"ListItem","position":2,"name":"Tours","item":"https:\/\/tourtravelandmore.com\/fr\/tours\/"},{"@type":"ListItem","position":3,"name":"Excursion d&#8217;une journ\u00e9e \u00e0 Saint-Jacques-de-Compostelle"}]},{"@type":"WebSite","@id":"https:\/\/tourtravelandmore.com\/fr\/#website","url":"https:\/\/tourtravelandmore.com\/fr\/","name":"Tour Travel And More","description":"Private sightseeing tours and luxury transfers in Spain","publisher":{"@id":"https:\/\/tourtravelandmore.com\/fr\/#organization"},"potentialAction":[{"@type":"SearchAction","target":{"@type":"EntryPoint","urlTemplate":"https:\/\/tourtravelandmore.com\/fr\/?s={search_term_string}"},"query-input":{"@type":"PropertyValueSpecification","valueRequired":true,"valueName":"search_term_string"}}],"inLanguage":"fr-FR"},{"@type":"Organization","@id":"https:\/\/tourtravelandmore.com\/fr\/#organization","name":"Tour Travel And More","url":"https:\/\/tourtravelandmore.com\/fr\/","logo":{"@type":"ImageObject","inLanguage":"fr-FR","@id":"https:\/\/tourtravelandmore.com\/fr\/#\/schema\/logo\/image\/","url":"https:\/\/tourtravelandmore.com\/wp-content\/uploads\/2022\/12\/cropped-logo-cabecera-new.png","contentUrl":"https:\/\/tourtravelandmore.com\/wp-content\/uploads\/2022\/12\/cropped-logo-cabecera-new.png","width":430,"height":61,"caption":"Tour Travel And More"},"image":{"@id":"https:\/\/tourtravelandmore.com\/fr\/#\/schema\/logo\/image\/"},"sameAs":["https:\/\/www.facebook.com\/tourtravelandmore\/","https:\/\/x.com\/TourTravel_More"]}]}},"_links":{"self":[{"href":"https:\/\/tourtravelandmore.com\/fr\/wp-json\/wp\/v2\/product\/101577","targetHints":{"allow":["GET"]}}],"collection":[{"href":"https:\/\/tourtravelandmore.com\/fr\/wp-json\/wp\/v2\/product"}],"about":[{"href":"https:\/\/tourtravelandmore.com\/fr\/wp-json\/wp\/v2\/types\/product"}],"replies":[{"embeddable":true,"href":"https:\/\/tourtravelandmore.com\/fr\/wp-json\/wp\/v2\/comments?post=101577"}],"wp:featuredmedia":[{"embeddable":true,"href":"https:\/\/tourtravelandmore.com\/fr\/wp-json\/wp\/v2\/media\/94474"}],"wp:attachment":[{"href":"https:\/\/tourtravelandmore.com\/fr\/wp-json\/wp\/v2\/media?parent=101577"}],"wp:term":[{"taxonomy":"product_brand","embeddable":true,"href":"https:\/\/tourtravelandmore.com\/fr\/wp-json\/wp\/v2\/product_brand?post=101577"},{"taxonomy":"product_cat","embeddable":true,"href":"https:\/\/tourtravelandmore.com\/fr\/wp-json\/wp\/v2\/product_cat?post=101577"},{"taxonomy":"product_tag","embeddable":true,"href":"https:\/\/tourtravelandmore.com\/fr\/wp-json\/wp\/v2\/product_tag?post=101577"}],"curies":[{"name":"wp","href":"https:\/\/api.w.org\/{rel}","templated":true}]}}