{"id":101570,"date":"2017-11-15T14:06:33","date_gmt":"2017-11-15T13:06:33","guid":{"rendered":"https:\/\/tourtravelandmore.com\/tours\/non%20class\u00e9\/visite-privee-a-fatima\/"},"modified":"2023-12-04T12:39:07","modified_gmt":"2023-12-04T11:39:07","slug":"visite-privee-a-fatima","status":"publish","type":"product","link":"https:\/\/tourtravelandmore.com\/fr\/tours\/portugal-fr\/porto-fr\/toutes-les-visites-et-activites-privees\/visite-privee-a-fatima\/","title":{"rendered":"Visite priv\u00e9e \u00e0 Fatima"},"content":{"rendered":"<h2><b>Description de l&#8217;excursion priv\u00e9e \u00e0 Fatima<\/b><\/h2>\n<p><span style=\"font-weight: 400;\">Embarquez pour un voyage spirituel et instructif \u00e0 Fatima, sanctuaire r\u00e9put\u00e9 de la foi et de l&#8217;espoir. Notre excursion priv\u00e9e de Porto \u00e0 Fatima vous permet de vous immerger dans l&#8217;un des sanctuaires catholiques les plus sacr\u00e9s du monde. Cette excursion exclusive d&#8217;une journ\u00e9e n&#8217;est pas une simple visite ; c&#8217;est une invitation \u00e0 faire l&#8217;exp\u00e9rience de la profonde s\u00e9r\u00e9nit\u00e9 et de l&#8217;inspiration qu&#8217;incarne Fatima.<\/span><\/p>\n<p><span style=\"font-weight: 400;\">Lorsque votre chauffeur priv\u00e9 et votre guide viendront vous chercher \u00e0 l&#8217;endroit de votre choix \u00e0 Porto, vous commencerez un voyage au c\u0153ur de l&#8217;h\u00e9ritage religieux du Portugal. Depuis les \u00e9v\u00e9nements miraculeux de 1917, Fatima a \u00e9t\u00e9 un phare pour des millions de p\u00e8lerins et de visiteurs, tous attir\u00e9s par l&#8217;aura de paix et de spiritualit\u00e9 qui enveloppe ce lieu saint.<\/span><\/p>\n<p><span style=\"font-weight: 400;\">Tout au long de cette visite, notre guide bien inform\u00e9 vous d\u00e9voilera l&#8217;histoire, les myst\u00e8res et l&#8217;importance de Fatima. Tout en traversant des paysages pittoresques, vous serez plong\u00e9s dans des histoires de foi, de miracles et dans les racines culturelles profondes de ce lieu sacr\u00e9. Votre visite \u00e0 Fatima est plus qu&#8217;une simple visite touristique ; c&#8217;est une exploration profonde de la foi, de la culture et de l&#8217;histoire, tiss\u00e9e ensemble dans une exp\u00e9rience qui transcende l&#8217;ordinaire.<\/span><\/p>\n<p><span style=\"font-weight: 400;\">Au cours de ce voyage, chaque instant est l&#8217;occasion d&#8217;entrer en contact avec l&#8217;essence spirituelle de Fatima. Le sanctuaire, avec son ambiance tranquille et ses sites sacr\u00e9s, offre un espace unique pour la r\u00e9flexion et la pri\u00e8re. Ici, les histoires du pass\u00e9 et la foi du pr\u00e9sent se confondent, cr\u00e9ant une atmosph\u00e8re de profond respect et de paix. En parcourant les sentiers sereins et les espaces sacr\u00e9s de Fatima, vous ressentirez le poids de l&#8217;histoire et la touche de spiritualit\u00e9 qui rendent cette destination si v\u00e9n\u00e9r\u00e9e. Cette visite, bien que profond\u00e9ment ancr\u00e9e dans la foi catholique, accueille tous ceux qui cherchent \u00e0 comprendre les th\u00e8mes universels d&#8217;espoir, de paix et de r\u00e9silience spirituelle que repr\u00e9sente Fatima. C&#8217;est une exp\u00e9rience qui promet non seulement d&#8217;\u00e9duquer, mais aussi d&#8217;inspirer et d&#8217;\u00e9lever.<\/span><\/p>\n<h2><b>Points forts de la visite priv\u00e9e de Fatima<\/b><\/h2>\n<ul>\n<li style=\"font-weight: 400;\" aria-level=\"1\"><b>Cova da Iria <\/b><span style=\"font-weight: 400;\">: Ce site, plus grand que la place Saint-Pierre au Vatican, est le point central de la terre sainte de Fatima. C&#8217;est l\u00e0 que la Vierge Marie serait apparue aux trois enfants bergers, un moment qui a transform\u00e9 \u00e0 jamais Fatima en un lieu de p\u00e8lerinage mondial.<\/span><\/li>\n<li style=\"font-weight: 400;\" aria-level=\"1\"><b>Sanctuaire de Notre-Dame de Fatima :<\/b><span style=\"font-weight: 400;\"> Ce complexe tentaculaire comprend la chapelle des Apparitions, une structure modeste qui marque le lieu des apparitions mariales. La vaste basilique Notre-Dame du Rosaire, orn\u00e9e d&#8217;\u0153uvres d&#8217;art et d&#8217;une architecture \u00e9tonnantes, abrite les tombes des voyants.<\/span><\/li>\n<li style=\"font-weight: 400;\" aria-level=\"1\"><b>Maisons des bergers : <\/b><span style=\"font-weight: 400;\">Visitez les humbles maisons de Francisco et Jacinta Marto et de Lucia dos Santos dans le village voisin d&#8217;Aljustrel. Ces maisons pr\u00e9serv\u00e9es offrent un aper\u00e7u de la vie simple des enfants qui ont \u00e9t\u00e9 t\u00e9moins des apparitions.<\/span><\/li>\n<li style=\"font-weight: 400;\" aria-level=\"1\"><b>Gastronomie portugaise :<\/b><span style=\"font-weight: 400;\"> Une visite \u00e0 Fatima est \u00e9galement l&#8217;occasion de d\u00e9couvrir le riche patrimoine culinaire du Portugal. Savourez un repas dans un restaurant local, o\u00f9 les plats traditionnels portugais sont servis avec une touche d&#8217;inspiration divine.<\/span><\/li>\n<li style=\"font-weight: 400;\" aria-level=\"1\"><b>Temps de r\u00e9flexion et de pri\u00e8re :<\/b><span style=\"font-weight: 400;\"> Pour ceux qui le souhaitent, il y aura des moments de r\u00e9flexion personnelle ou de pri\u00e8re, que ce soit \u00e0 l&#8217;int\u00e9rieur de la basilique, \u00e0 la chapelle des apparitions ou dans le cadre paisible du sanctuaire.<\/span><\/li>\n<li style=\"font-weight: 400;\" aria-level=\"1\"><b>Achats de souvenirs :<\/b><span style=\"font-weight: 400;\"> Fatima est \u00e9galement connue pour ses souvenirs religieux et son artisanat. Vous aurez l&#8217;occasion de parcourir les boutiques locales \u00e0 la recherche de souvenirs de votre visite.<\/span><\/li>\n<li style=\"font-weight: 400;\" aria-level=\"1\"><b>Des jardins d&#8217;oliviers paisibles :<\/b><span style=\"font-weight: 400;\"> Les oliviers qui entourent Fatima ne font pas seulement partie du paysage ; ils sont des symboles de paix et d&#8217;espoir. En vous promenant dans ces jardins, vous pourrez ressentir un sentiment de tranquillit\u00e9 et de connexion avec la signification spirituelle de la r\u00e9gion.<\/span><\/li>\n<li style=\"font-weight: 400;\" aria-level=\"1\"><b>Mus\u00e9e d&#8217;art sacr\u00e9 et d&#8217;ethnologie :<\/b><span style=\"font-weight: 400;\"> Pour ceux qui s&#8217;int\u00e9ressent aux aspects culturels et artistiques de l&#8217;histoire religieuse, la visite de ce mus\u00e9e \u00e0 Fatima permet de d\u00e9couvrir les formes d&#8217;art sacr\u00e9 et le contexte ethnologique de la r\u00e9gion.<\/span><\/li>\n<li style=\"font-weight: 400;\" aria-level=\"1\"><b>Le chemin des p\u00e8lerins :<\/b><span style=\"font-weight: 400;\"> Le Caminho dos Pastorinhos, ou chemin des p\u00e8lerins, est un itin\u00e9raire serein qui relie le sanctuaire aux maisons des enfants bergers. La marche sur ce chemin est un voyage \u00e0 travers des paysages luxuriants, offrant un temps de m\u00e9ditation et de contemplation.<\/span><\/li>\n<\/ul>\n<p><span style=\"font-weight: 400;\">Chacun de ces points forts contribue \u00e0 la riche tapisserie d&#8217;exp\u00e9riences qui font d&#8217;u<\/span><a href=\"https:\/\/tourtravelandmore.com\/fr\/city\/portugal-fr\/porto-fr\/\"><span style=\"font-weight: 400;\">ne visite \u00e0 Fatima un voyage profond\u00e9ment m\u00e9morable et spirituellement enrichissant. Que vous recherchiez un \u00e9clairage historique, un enrichissement spirituel ou simplement une \u00e9vasion paisible,<\/span><\/a><span style=\"font-weight: 400;\"> notre circuit priv\u00e9 \u00e0 Fatima vous offre une exp\u00e9rience compl\u00e8te et enrichissante.<\/span><\/p>\n","protected":false},"excerpt":{"rendered":"<p><span style=\"font-weight: 400;\">D\u00e9couvrez le c\u0153ur sacr\u00e9 du Portugal lors de notre voyage priv\u00e9 \u00e0 Fatima. Ce voyage au d\u00e9part de Porto vous plonge dans l&#8217;atmosph\u00e8re sereine de l&#8217;un des sanctuaires catholiques les plus importants au monde. Explorez la Cova da Iria, visitez les maisons des bergers visionnaires et \u00e9merveillez-vous devant la grandeur du sanctuaire de Notre-Dame de Fatima.<\/span><\/p>\n","protected":false},"featured_media":94440,"comment_status":"open","ping_status":"closed","template":"","meta":{"_acf_changed":false},"product_brand":[],"product_cat":[4552,4551,3671],"product_tag":[],"class_list":{"0":"post-101570","1":"product","2":"type-product","3":"status-publish","4":"has-post-thumbnail","6":"product_cat-excursions-privees-dune-journee-fr-4","7":"product_cat-toutes-les-visites-et-activites-privees","8":"product_cat-porto-fr","10":"first","11":"instock","12":"shipping-taxable","13":"purchasable","14":"product-type-simple"},"acf":[],"yoast_head":"<!-- This site is optimized with the Yoast SEO Premium plugin v25.3.1 (Yoast SEO v25.3.1) - https:\/\/yoast.com\/wordpress\/plugins\/seo\/ -->\n<title>\u27a1\ufe0f Explore Fatima on a Private Tour from Porto with Tour Travel &amp; More \u2705<\/title>\n<meta name=\"description\" content=\"Plongez dans l&#039;essence spirituelle de Fatima lors d&#039;un circuit priv\u00e9 au d\u00e9part de Porto. Visitez les principaux sites religieux et embrassez le riche patrimoine du Portugal. \u2705\" \/>\n<meta name=\"robots\" content=\"index, follow, max-snippet:-1, max-image-preview:large, max-video-preview:-1\" \/>\n<link rel=\"canonical\" href=\"https:\/\/tourtravelandmore.com\/fr\/tours\/portugal-fr\/porto-fr\/toutes-les-visites-et-activites-privees\/visite-privee-a-fatima\/\" \/>\n<meta property=\"og:locale\" content=\"fr_FR\" \/>\n<meta property=\"og:type\" content=\"article\" \/>\n<meta property=\"og:title\" content=\"Visite priv\u00e9e \u00e0 Fatima\" \/>\n<meta property=\"og:description\" content=\"Plongez dans l&#039;essence spirituelle de Fatima lors d&#039;un circuit priv\u00e9 au d\u00e9part de Porto. Visitez les principaux sites religieux et embrassez le riche patrimoine du Portugal. \u2705\" \/>\n<meta property=\"og:url\" content=\"https:\/\/tourtravelandmore.com\/fr\/tours\/portugal-fr\/porto-fr\/toutes-les-visites-et-activites-privees\/visite-privee-a-fatima\/\" \/>\n<meta property=\"og:site_name\" content=\"Tour Travel And More\" \/>\n<meta property=\"article:publisher\" content=\"https:\/\/www.facebook.com\/tourtravelandmore\/\" \/>\n<meta property=\"article:modified_time\" content=\"2023-12-04T11:39:07+00:00\" \/>\n<meta property=\"og:image\" content=\"https:\/\/tourtravelandmore.com\/wp-content\/uploads\/2017\/11\/846BDCBB-C610-450C-9AD5-297532449231_w1023_r1_s.jpg\" \/>\n\t<meta property=\"og:image:width\" content=\"1023\" \/>\n\t<meta property=\"og:image:height\" content=\"575\" \/>\n\t<meta property=\"og:image:type\" content=\"image\/jpeg\" \/>\n<meta name=\"twitter:card\" content=\"summary_large_image\" \/>\n<meta name=\"twitter:site\" content=\"@TourTravel_More\" \/>\n<meta name=\"twitter:label1\" content=\"Dur\u00e9e de lecture estim\u00e9e\" \/>\n\t<meta name=\"twitter:data1\" content=\"4 minutes\" \/>\n<script type=\"application\/ld+json\" class=\"yoast-schema-graph\">{\"@context\":\"https:\/\/schema.org\",\"@graph\":[{\"@type\":\"WebPage\",\"@id\":\"https:\/\/tourtravelandmore.com\/fr\/tours\/portugal-fr\/porto-fr\/toutes-les-visites-et-activites-privees\/visite-privee-a-fatima\/\",\"url\":\"https:\/\/tourtravelandmore.com\/fr\/tours\/portugal-fr\/porto-fr\/toutes-les-visites-et-activites-privees\/visite-privee-a-fatima\/\",\"name\":\"\u27a1\ufe0f Explore Fatima on a Private Tour from Porto with Tour Travel & More \u2705\",\"isPartOf\":{\"@id\":\"https:\/\/tourtravelandmore.com\/fr\/#website\"},\"primaryImageOfPage\":{\"@id\":\"https:\/\/tourtravelandmore.com\/fr\/tours\/portugal-fr\/porto-fr\/toutes-les-visites-et-activites-privees\/visite-privee-a-fatima\/#primaryimage\"},\"image\":{\"@id\":\"https:\/\/tourtravelandmore.com\/fr\/tours\/portugal-fr\/porto-fr\/toutes-les-visites-et-activites-privees\/visite-privee-a-fatima\/#primaryimage\"},\"thumbnailUrl\":\"https:\/\/tourtravelandmore.com\/wp-content\/uploads\/2017\/11\/846BDCBB-C610-450C-9AD5-297532449231_w1023_r1_s.jpg\",\"datePublished\":\"2017-11-15T13:06:33+00:00\",\"dateModified\":\"2023-12-04T11:39:07+00:00\",\"description\":\"Plongez dans l'essence spirituelle de Fatima lors d'un circuit priv\u00e9 au d\u00e9part de Porto. Visitez les principaux sites religieux et embrassez le riche patrimoine du Portugal. \u2705\",\"breadcrumb\":{\"@id\":\"https:\/\/tourtravelandmore.com\/fr\/tours\/portugal-fr\/porto-fr\/toutes-les-visites-et-activites-privees\/visite-privee-a-fatima\/#breadcrumb\"},\"inLanguage\":\"fr-FR\",\"potentialAction\":[{\"@type\":\"ReadAction\",\"target\":[\"https:\/\/tourtravelandmore.com\/fr\/tours\/portugal-fr\/porto-fr\/toutes-les-visites-et-activites-privees\/visite-privee-a-fatima\/\"]}]},{\"@type\":\"ImageObject\",\"inLanguage\":\"fr-FR\",\"@id\":\"https:\/\/tourtravelandmore.com\/fr\/tours\/portugal-fr\/porto-fr\/toutes-les-visites-et-activites-privees\/visite-privee-a-fatima\/#primaryimage\",\"url\":\"https:\/\/tourtravelandmore.com\/wp-content\/uploads\/2017\/11\/846BDCBB-C610-450C-9AD5-297532449231_w1023_r1_s.jpg\",\"contentUrl\":\"https:\/\/tourtravelandmore.com\/wp-content\/uploads\/2017\/11\/846BDCBB-C610-450C-9AD5-297532449231_w1023_r1_s.jpg\",\"width\":1023,\"height\":575,\"caption\":\"Pope Francis (C) waves to devotees inside the popemobile at the end of the traditional 13th May annual pilgrimage to Fatima Sanctuary, Leiria, Portugal, 13 May 2017. Pope Francis is in visiting Fatima on 12 and 13 May on the 100th anniversary of the appearances of PAULO NOVAIS\/POOL\/LUSA\"},{\"@type\":\"BreadcrumbList\",\"@id\":\"https:\/\/tourtravelandmore.com\/fr\/tours\/portugal-fr\/porto-fr\/toutes-les-visites-et-activites-privees\/visite-privee-a-fatima\/#breadcrumb\",\"itemListElement\":[{\"@type\":\"ListItem\",\"position\":1,\"name\":\"Home\",\"item\":\"https:\/\/tourtravelandmore.com\/fr\/\"},{\"@type\":\"ListItem\",\"position\":2,\"name\":\"Tours\",\"item\":\"https:\/\/tourtravelandmore.com\/fr\/tours\/\"},{\"@type\":\"ListItem\",\"position\":3,\"name\":\"Visite priv\u00e9e \u00e0 Fatima\"}]},{\"@type\":\"WebSite\",\"@id\":\"https:\/\/tourtravelandmore.com\/fr\/#website\",\"url\":\"https:\/\/tourtravelandmore.com\/fr\/\",\"name\":\"Tour Travel And More\",\"description\":\"Private sightseeing tours and luxury transfers in Spain\",\"publisher\":{\"@id\":\"https:\/\/tourtravelandmore.com\/fr\/#organization\"},\"potentialAction\":[{\"@type\":\"SearchAction\",\"target\":{\"@type\":\"EntryPoint\",\"urlTemplate\":\"https:\/\/tourtravelandmore.com\/fr\/?s={search_term_string}\"},\"query-input\":{\"@type\":\"PropertyValueSpecification\",\"valueRequired\":true,\"valueName\":\"search_term_string\"}}],\"inLanguage\":\"fr-FR\"},{\"@type\":\"Organization\",\"@id\":\"https:\/\/tourtravelandmore.com\/fr\/#organization\",\"name\":\"Tour Travel And More\",\"url\":\"https:\/\/tourtravelandmore.com\/fr\/\",\"logo\":{\"@type\":\"ImageObject\",\"inLanguage\":\"fr-FR\",\"@id\":\"https:\/\/tourtravelandmore.com\/fr\/#\/schema\/logo\/image\/\",\"url\":\"https:\/\/tourtravelandmore.com\/wp-content\/uploads\/2022\/12\/cropped-logo-cabecera-new.png\",\"contentUrl\":\"https:\/\/tourtravelandmore.com\/wp-content\/uploads\/2022\/12\/cropped-logo-cabecera-new.png\",\"width\":430,\"height\":61,\"caption\":\"Tour Travel And More\"},\"image\":{\"@id\":\"https:\/\/tourtravelandmore.com\/fr\/#\/schema\/logo\/image\/\"},\"sameAs\":[\"https:\/\/www.facebook.com\/tourtravelandmore\/\",\"https:\/\/x.com\/TourTravel_More\"]}]}<\/script>\n<!-- \/ Yoast SEO Premium plugin. -->","yoast_head_json":{"title":"\u27a1\ufe0f Explore Fatima on a Private Tour from Porto with Tour Travel & More \u2705","description":"Plongez dans l'essence spirituelle de Fatima lors d'un circuit priv\u00e9 au d\u00e9part de Porto. Visitez les principaux sites religieux et embrassez le riche patrimoine du Portugal. \u2705","robots":{"index":"index","follow":"follow","max-snippet":"max-snippet:-1","max-image-preview":"max-image-preview:large","max-video-preview":"max-video-preview:-1"},"canonical":"https:\/\/tourtravelandmore.com\/fr\/tours\/portugal-fr\/porto-fr\/toutes-les-visites-et-activites-privees\/visite-privee-a-fatima\/","og_locale":"fr_FR","og_type":"article","og_title":"Visite priv\u00e9e \u00e0 Fatima","og_description":"Plongez dans l'essence spirituelle de Fatima lors d'un circuit priv\u00e9 au d\u00e9part de Porto. Visitez les principaux sites religieux et embrassez le riche patrimoine du Portugal. \u2705","og_url":"https:\/\/tourtravelandmore.com\/fr\/tours\/portugal-fr\/porto-fr\/toutes-les-visites-et-activites-privees\/visite-privee-a-fatima\/","og_site_name":"Tour Travel And More","article_publisher":"https:\/\/www.facebook.com\/tourtravelandmore\/","article_modified_time":"2023-12-04T11:39:07+00:00","og_image":[{"width":1023,"height":575,"url":"https:\/\/tourtravelandmore.com\/wp-content\/uploads\/2017\/11\/846BDCBB-C610-450C-9AD5-297532449231_w1023_r1_s.jpg","type":"image\/jpeg"}],"twitter_card":"summary_large_image","twitter_site":"@TourTravel_More","twitter_misc":{"Dur\u00e9e de lecture estim\u00e9e":"4 minutes"},"schema":{"@context":"https:\/\/schema.org","@graph":[{"@type":"WebPage","@id":"https:\/\/tourtravelandmore.com\/fr\/tours\/portugal-fr\/porto-fr\/toutes-les-visites-et-activites-privees\/visite-privee-a-fatima\/","url":"https:\/\/tourtravelandmore.com\/fr\/tours\/portugal-fr\/porto-fr\/toutes-les-visites-et-activites-privees\/visite-privee-a-fatima\/","name":"\u27a1\ufe0f Explore Fatima on a Private Tour from Porto with Tour Travel & More \u2705","isPartOf":{"@id":"https:\/\/tourtravelandmore.com\/fr\/#website"},"primaryImageOfPage":{"@id":"https:\/\/tourtravelandmore.com\/fr\/tours\/portugal-fr\/porto-fr\/toutes-les-visites-et-activites-privees\/visite-privee-a-fatima\/#primaryimage"},"image":{"@id":"https:\/\/tourtravelandmore.com\/fr\/tours\/portugal-fr\/porto-fr\/toutes-les-visites-et-activites-privees\/visite-privee-a-fatima\/#primaryimage"},"thumbnailUrl":"https:\/\/tourtravelandmore.com\/wp-content\/uploads\/2017\/11\/846BDCBB-C610-450C-9AD5-297532449231_w1023_r1_s.jpg","datePublished":"2017-11-15T13:06:33+00:00","dateModified":"2023-12-04T11:39:07+00:00","description":"Plongez dans l'essence spirituelle de Fatima lors d'un circuit priv\u00e9 au d\u00e9part de Porto. Visitez les principaux sites religieux et embrassez le riche patrimoine du Portugal. \u2705","breadcrumb":{"@id":"https:\/\/tourtravelandmore.com\/fr\/tours\/portugal-fr\/porto-fr\/toutes-les-visites-et-activites-privees\/visite-privee-a-fatima\/#breadcrumb"},"inLanguage":"fr-FR","potentialAction":[{"@type":"ReadAction","target":["https:\/\/tourtravelandmore.com\/fr\/tours\/portugal-fr\/porto-fr\/toutes-les-visites-et-activites-privees\/visite-privee-a-fatima\/"]}]},{"@type":"ImageObject","inLanguage":"fr-FR","@id":"https:\/\/tourtravelandmore.com\/fr\/tours\/portugal-fr\/porto-fr\/toutes-les-visites-et-activites-privees\/visite-privee-a-fatima\/#primaryimage","url":"https:\/\/tourtravelandmore.com\/wp-content\/uploads\/2017\/11\/846BDCBB-C610-450C-9AD5-297532449231_w1023_r1_s.jpg","contentUrl":"https:\/\/tourtravelandmore.com\/wp-content\/uploads\/2017\/11\/846BDCBB-C610-450C-9AD5-297532449231_w1023_r1_s.jpg","width":1023,"height":575,"caption":"Pope Francis (C) waves to devotees inside the popemobile at the end of the traditional 13th May annual pilgrimage to Fatima Sanctuary, Leiria, Portugal, 13 May 2017. Pope Francis is in visiting Fatima on 12 and 13 May on the 100th anniversary of the appearances of PAULO NOVAIS\/POOL\/LUSA"},{"@type":"BreadcrumbList","@id":"https:\/\/tourtravelandmore.com\/fr\/tours\/portugal-fr\/porto-fr\/toutes-les-visites-et-activites-privees\/visite-privee-a-fatima\/#breadcrumb","itemListElement":[{"@type":"ListItem","position":1,"name":"Home","item":"https:\/\/tourtravelandmore.com\/fr\/"},{"@type":"ListItem","position":2,"name":"Tours","item":"https:\/\/tourtravelandmore.com\/fr\/tours\/"},{"@type":"ListItem","position":3,"name":"Visite priv\u00e9e \u00e0 Fatima"}]},{"@type":"WebSite","@id":"https:\/\/tourtravelandmore.com\/fr\/#website","url":"https:\/\/tourtravelandmore.com\/fr\/","name":"Tour Travel And More","description":"Private sightseeing tours and luxury transfers in Spain","publisher":{"@id":"https:\/\/tourtravelandmore.com\/fr\/#organization"},"potentialAction":[{"@type":"SearchAction","target":{"@type":"EntryPoint","urlTemplate":"https:\/\/tourtravelandmore.com\/fr\/?s={search_term_string}"},"query-input":{"@type":"PropertyValueSpecification","valueRequired":true,"valueName":"search_term_string"}}],"inLanguage":"fr-FR"},{"@type":"Organization","@id":"https:\/\/tourtravelandmore.com\/fr\/#organization","name":"Tour Travel And More","url":"https:\/\/tourtravelandmore.com\/fr\/","logo":{"@type":"ImageObject","inLanguage":"fr-FR","@id":"https:\/\/tourtravelandmore.com\/fr\/#\/schema\/logo\/image\/","url":"https:\/\/tourtravelandmore.com\/wp-content\/uploads\/2022\/12\/cropped-logo-cabecera-new.png","contentUrl":"https:\/\/tourtravelandmore.com\/wp-content\/uploads\/2022\/12\/cropped-logo-cabecera-new.png","width":430,"height":61,"caption":"Tour Travel And More"},"image":{"@id":"https:\/\/tourtravelandmore.com\/fr\/#\/schema\/logo\/image\/"},"sameAs":["https:\/\/www.facebook.com\/tourtravelandmore\/","https:\/\/x.com\/TourTravel_More"]}]}},"_links":{"self":[{"href":"https:\/\/tourtravelandmore.com\/fr\/wp-json\/wp\/v2\/product\/101570","targetHints":{"allow":["GET"]}}],"collection":[{"href":"https:\/\/tourtravelandmore.com\/fr\/wp-json\/wp\/v2\/product"}],"about":[{"href":"https:\/\/tourtravelandmore.com\/fr\/wp-json\/wp\/v2\/types\/product"}],"replies":[{"embeddable":true,"href":"https:\/\/tourtravelandmore.com\/fr\/wp-json\/wp\/v2\/comments?post=101570"}],"wp:featuredmedia":[{"embeddable":true,"href":"https:\/\/tourtravelandmore.com\/fr\/wp-json\/wp\/v2\/media\/94440"}],"wp:attachment":[{"href":"https:\/\/tourtravelandmore.com\/fr\/wp-json\/wp\/v2\/media?parent=101570"}],"wp:term":[{"taxonomy":"product_brand","embeddable":true,"href":"https:\/\/tourtravelandmore.com\/fr\/wp-json\/wp\/v2\/product_brand?post=101570"},{"taxonomy":"product_cat","embeddable":true,"href":"https:\/\/tourtravelandmore.com\/fr\/wp-json\/wp\/v2\/product_cat?post=101570"},{"taxonomy":"product_tag","embeddable":true,"href":"https:\/\/tourtravelandmore.com\/fr\/wp-json\/wp\/v2\/product_tag?post=101570"}],"curies":[{"name":"wp","href":"https:\/\/api.w.org\/{rel}","templated":true}]}}