{"id":101565,"date":"2017-11-15T13:35:10","date_gmt":"2017-11-15T12:35:10","guid":{"rendered":"https:\/\/tourtravelandmore.com\/tours\/non%20class\u00e9\/excursion-privee-dune-journee-a-braga-et-guimaraes\/"},"modified":"2023-12-04T12:39:53","modified_gmt":"2023-12-04T11:39:53","slug":"excursion-privee-dune-journee-a-braga-et-guimaraes","status":"publish","type":"product","link":"https:\/\/tourtravelandmore.com\/fr\/tours\/portugal-fr\/porto-fr\/toutes-les-visites-et-activites-privees\/excursion-privee-dune-journee-a-braga-et-guimaraes\/","title":{"rendered":"Excursion priv\u00e9e d&#8217;une journ\u00e9e \u00e0 Braga et Guimar\u00e3es :"},"content":{"rendered":"<h2><b>Description de l&#8217;excursion priv\u00e9e d&#8217;une journ\u00e9e \u00e0 Braga et Guimar\u00e3es<\/b><\/h2>\n<p><span style=\"font-weight: 400;\">Embarquez pour une exploration inoubliable de la riche histoire et de la culture du Portugal avec notre excursion priv\u00e9e d&#8217;une journ\u00e9e \u00e0 Braga et Guimar\u00e3es. Cette excursion d&#8217;une journ\u00e9e compl\u00e8te, d&#8217;une dur\u00e9e d&#8217;environ 8 heures, n&#8217;est pas seulement une visite, c&#8217;est une aventure qui fait voyager dans le temps au c\u0153ur du berceau du Portugal et de son h\u00e9ritage religieux.<\/span><\/p>\n<p><span style=\"font-weight: 400;\">Votre voyage personnalis\u00e9 commence lorsque notre guide et notre chauffeur viennent vous chercher \u00e0 l&#8217;endroit de votre choix \u00e0 Porto. Installez-vous confortablement dans notre v\u00e9hicule de luxe pendant que nous vous transportons \u00e0 travers les paysages pittoresques de la r\u00e9gion du Minho, une r\u00e9gion c\u00e9l\u00e8bre pour ses paysages luxuriants et son importance historique.<\/span><\/p>\n<p><span style=\"font-weight: 400;\">Tout au long de votre voyage, notre guide expert vous r\u00e9galera de contes et d&#8217;anecdotes, pr\u00e9parant ainsi le terrain pour la suite. Ce circuit est personnalisable et adapt\u00e9 \u00e0 vos int\u00e9r\u00eats et pr\u00e9f\u00e9rences, ce qui vous garantit une exp\u00e9rience unique et immersive.<\/span><\/p>\n<p><span style=\"font-weight: 400;\">Au nord de Porto, le voyage vers Braga et Guimar\u00e3es se d\u00e9roule \u00e0 travers des collines ondulantes et des vignobles verdoyants, donnant le ton d&#8217;une journ\u00e9e impr\u00e9gn\u00e9e d&#8217;histoire et de beaut\u00e9 naturelle. Braga, surnomm\u00e9e la &#8220;Rome du Portugal&#8221;, enchante par ses \u00e9glises anciennes et sa vibrante tapisserie culturelle, tandis que Guimar\u00e3es, class\u00e9e au patrimoine mondial de l&#8217;UNESCO, se dresse comme un monument \u00e0 la fondation et \u00e0 l&#8217;identit\u00e9 du Portugal. Cette visite offre non seulement un aper\u00e7u du pass\u00e9, mais aussi de la vie actuelle dans ces villes historiques.<\/span><\/p>\n<p><span style=\"font-weight: 400;\">Tout au long de votre visite priv\u00e9e, vous aurez l&#8217;occasion d&#8217;interagir avec les habitants, de vous plonger dans les coutumes et les traditions r\u00e9gionales, et peut-\u00eatre m\u00eame d&#8217;apercevoir des festivals ou des c\u00e9l\u00e9brations locales, selon la p\u00e9riode de votre visite. Ce lien avec la culture locale ajoute une touche d&#8217;authenticit\u00e9 \u00e0 votre exp\u00e9rience, faisant de votre voyage \u00e0 Braga et Guimar\u00e3es plus qu&#8217;une simple visite touristique &#8211; c&#8217;est une plong\u00e9e au c\u0153ur du patrimoine portugais.<\/span><\/p>\n<h2><b>Points forts de l&#8217;excursion priv\u00e9e d&#8217;une journ\u00e9e \u00e0 Braga et Guimar\u00e3es<\/b><\/h2>\n<ul>\n<li style=\"font-weight: 400;\" aria-level=\"1\"><b>Guimar\u00e3es : Le berceau d&#8217;une nation : <\/b><span style=\"font-weight: 400;\">Souvent consid\u00e9r\u00e9e comme le berceau du Portugal, Guimar\u00e3es est impr\u00e9gn\u00e9e d&#8217;importance historique. Promenez-vous dans ses charmantes rues m\u00e9di\u00e9vales, admirez ses \u00e9difices gothiques et impr\u00e9gnez-vous de l&#8217;ambiance des anciennes places. Le ch\u00e2teau de Guimar\u00e3es, symbole de la fondation du Portugal, et le centre historique de la ville, class\u00e9 par l&#8217;UNESCO, sont les points forts de la ville et vous transportent sans peine dans le pass\u00e9.<\/span><\/li>\n<li style=\"font-weight: 400;\" aria-level=\"1\"><b>Braga : la ville sanctuaire :<\/b><span style=\"font-weight: 400;\"> Connue sous le nom de &#8220;Braga Augusta&#8221; \u00e0 l&#8217;\u00e9poque romaine, cette ancienne ville est une tapisserie de monuments historiques et religieux. La cath\u00e9drale de Braga, la plus ancienne du Portugal, est un chef-d&#8217;\u0153uvre de diff\u00e9rents styles architecturaux et un site cl\u00e9 de l&#8217;histoire religieuse du pays. Votre visite co\u00efncide avec les c\u00e9l\u00e8bres c\u00e9l\u00e9brations de la Semaine sainte ou le vibrant festival de S\u00e3o Jo\u00e3o, si le calendrier le permet.<\/span><\/li>\n<li style=\"font-weight: 400;\" aria-level=\"1\"><b>Sanctuaire de Bom Jesus do Monte :<\/b><span style=\"font-weight: 400;\"> ce lieu de p\u00e8lerinage \u00e0 Braga n&#8217;est pas seulement un site religieux, c&#8217;est aussi une merveille architecturale. Connu pour son escalier baroque qui grimpe majestueusement \u00e0 flanc de colline, le sanctuaire offre \u00e0 la fois un r\u00e9confort spirituel et une vue panoramique sur la ville.<\/span><\/li>\n<li style=\"font-weight: 400;\" aria-level=\"1\"><b>D\u00e9lices culinaires : <\/b><span style=\"font-weight: 400;\">Aucun voyage au Portugal n&#8217;est complet sans la d\u00e9couverte de la cuisine locale. D\u00e9jeunez tranquillement dans un restaurant traditionnel, o\u00f9 vous pourrez savourer des d\u00e9lices r\u00e9gionaux et peut-\u00eatre un verre de Vinho Verde, le c\u00e9l\u00e8bre vin jeune de la r\u00e9gion.<\/span><\/li>\n<li style=\"font-weight: 400;\" aria-level=\"1\"><b>Retour \u00e0 Porto : <\/b><span style=\"font-weight: 400;\">Apr\u00e8s une journ\u00e9e impr\u00e9gn\u00e9e d&#8217;histoire et de culture, d\u00e9tendez-vous pendant que nous vous ramenons \u00e0 Porto. R\u00e9fl\u00e9chissez aux souvenirs v\u00e9cus et aux histoires apprises, dans le confort de notre v\u00e9hicule de luxe et en compagnie de votre guide bien inform\u00e9.<\/span><\/li>\n<li style=\"font-weight: 400;\" aria-level=\"1\"><b>Centre historique de Braga :<\/b><span style=\"font-weight: 400;\"> Le centre ville de Braga est une mosa\u00efque d&#8217;\u00e9poques historiques, avec des fondations romaines et un riche h\u00e9ritage m\u00e9di\u00e9val. Promenez-vous dans les rues anciennes bord\u00e9es de b\u00e2timents historiques, de boutiques et de caf\u00e9s, o\u00f9 le pass\u00e9 et le pr\u00e9sent se m\u00ealent harmonieusement.<\/span><\/li>\n<li style=\"font-weight: 400;\" aria-level=\"1\"><b>Porto :<\/b><span style=\"font-weight: 400;\"> La porte du Nord : Le retour \u00e0 Porto est l&#8217;occasion de se rem\u00e9morer les exp\u00e9riences de la journ\u00e9e. Porto, ville r\u00e9put\u00e9e pour son vin et son magnifique front de mer, constitue une toile de fond id\u00e9ale pour r\u00e9fl\u00e9chir \u00e0 votre voyage \u00e0 travers l&#8217;histoire et la culture du nord du Portugal.<\/span><\/li>\n<\/ul>\n<p><span style=\"font-weight: 400;\">Chez Tour Travel and More, nous nous engageons \u00e0 cr\u00e9er des exp\u00e9riences de voyage inoubliables. Notre excursion priv\u00e9e d&#8217;une journ\u00e9e \u00e0 Braga et Guimar\u00e3es n&#8217;est qu&#8217;un des nombreux circuits sur mesure que nous proposons. D\u00e9couvrez-en plus et composez votre itin\u00e9raire parfait chez Tour Travel and More.<\/span><a href=\"https:\/\/tourtravelandmore.com\/fr\/city\/portugal-fr\/porto-fr\/\"><span style=\"font-weight: 400;\"> Laissez-nous vous guider \u00e0 travers les merveilles du Portugal et au-del\u00e0 !<\/span><\/a><\/p>\n","protected":false},"excerpt":{"rendered":"<p><span style=\"font-weight: 400;\">\u00a0Plongez dans les racines historiques du Portugal avec notre excursion priv\u00e9e d&#8217;une journ\u00e9e \u00e0 Braga et Guimar\u00e3es au d\u00e9part de Porto. Explorez d&#8217;anciens ch\u00e2teaux, des sites religieux et profitez d&#8217;une exp\u00e9rience gastronomique, le tout dans le confort d&#8217;un v\u00e9hicule de luxe avec un guide bien inform\u00e9.<\/span><\/p>\n<p>&nbsp;<\/p>\n","protected":false},"featured_media":94448,"comment_status":"open","ping_status":"closed","template":"","meta":{"_acf_changed":false},"product_brand":[],"product_cat":[4552,4551,3671],"product_tag":[],"class_list":{"0":"post-101565","1":"product","2":"type-product","3":"status-publish","4":"has-post-thumbnail","6":"product_cat-excursions-privees-dune-journee-fr-4","7":"product_cat-toutes-les-visites-et-activites-privees","8":"product_cat-porto-fr","10":"first","11":"instock","12":"shipping-taxable","13":"purchasable","14":"product-type-simple"},"acf":[],"yoast_head":"<!-- This site is optimized with the Yoast SEO Premium plugin v25.3.1 (Yoast SEO v25.3.1) - https:\/\/yoast.com\/wordpress\/plugins\/seo\/ -->\n<title>\u27a1\ufe0f D\u00e9couvrez Braga et Guimar\u00e3es : Visite priv\u00e9e d&#039;une journ\u00e9e au d\u00e9part de Porto \u2705<\/title>\n<meta name=\"description\" content=\"Plongez dans l&#039;histoire du Portugal avec une visite priv\u00e9e de Braga &amp; Guimar\u00e3es au d\u00e9part de Porto. Explorez les sites anciens, profitez de la cuisine locale et du transport de luxe. R\u00e9servez d\u00e8s maintenant ! \u2705\" \/>\n<meta name=\"robots\" content=\"index, follow, max-snippet:-1, max-image-preview:large, max-video-preview:-1\" \/>\n<link rel=\"canonical\" href=\"https:\/\/tourtravelandmore.com\/fr\/tours\/portugal-fr\/porto-fr\/toutes-les-visites-et-activites-privees\/excursion-privee-dune-journee-a-braga-et-guimaraes\/\" \/>\n<meta property=\"og:locale\" content=\"fr_FR\" \/>\n<meta property=\"og:type\" content=\"article\" \/>\n<meta property=\"og:title\" content=\"Excursion priv\u00e9e d&#039;une journ\u00e9e \u00e0 Braga et Guimar\u00e3es :\" \/>\n<meta property=\"og:description\" content=\"Plongez dans l&#039;histoire du Portugal avec une visite priv\u00e9e de Braga &amp; Guimar\u00e3es au d\u00e9part de Porto. Explorez les sites anciens, profitez de la cuisine locale et du transport de luxe. R\u00e9servez d\u00e8s maintenant ! \u2705\" \/>\n<meta property=\"og:url\" content=\"https:\/\/tourtravelandmore.com\/fr\/tours\/portugal-fr\/porto-fr\/toutes-les-visites-et-activites-privees\/excursion-privee-dune-journee-a-braga-et-guimaraes\/\" \/>\n<meta property=\"og:site_name\" content=\"Tour Travel And More\" \/>\n<meta property=\"article:publisher\" content=\"https:\/\/www.facebook.com\/tourtravelandmore\/\" \/>\n<meta property=\"article:modified_time\" content=\"2023-12-04T11:39:53+00:00\" \/>\n<meta property=\"og:image\" content=\"https:\/\/tourtravelandmore.com\/wp-content\/uploads\/2017\/11\/Braga_-_Santu\u00e1rio_do_Bom_Jesus_do_Monte.jpg\" \/>\n\t<meta property=\"og:image:width\" content=\"3543\" \/>\n\t<meta property=\"og:image:height\" content=\"2362\" \/>\n\t<meta property=\"og:image:type\" content=\"image\/jpeg\" \/>\n<meta name=\"twitter:card\" content=\"summary_large_image\" \/>\n<meta name=\"twitter:site\" content=\"@TourTravel_More\" \/>\n<meta name=\"twitter:label1\" content=\"Dur\u00e9e de lecture estim\u00e9e\" \/>\n\t<meta name=\"twitter:data1\" content=\"4 minutes\" \/>\n<script type=\"application\/ld+json\" class=\"yoast-schema-graph\">{\"@context\":\"https:\/\/schema.org\",\"@graph\":[{\"@type\":\"WebPage\",\"@id\":\"https:\/\/tourtravelandmore.com\/fr\/tours\/portugal-fr\/porto-fr\/toutes-les-visites-et-activites-privees\/excursion-privee-dune-journee-a-braga-et-guimaraes\/\",\"url\":\"https:\/\/tourtravelandmore.com\/fr\/tours\/portugal-fr\/porto-fr\/toutes-les-visites-et-activites-privees\/excursion-privee-dune-journee-a-braga-et-guimaraes\/\",\"name\":\"\u27a1\ufe0f D\u00e9couvrez Braga et Guimar\u00e3es : Visite priv\u00e9e d'une journ\u00e9e au d\u00e9part de Porto \u2705\",\"isPartOf\":{\"@id\":\"https:\/\/tourtravelandmore.com\/fr\/#website\"},\"primaryImageOfPage\":{\"@id\":\"https:\/\/tourtravelandmore.com\/fr\/tours\/portugal-fr\/porto-fr\/toutes-les-visites-et-activites-privees\/excursion-privee-dune-journee-a-braga-et-guimaraes\/#primaryimage\"},\"image\":{\"@id\":\"https:\/\/tourtravelandmore.com\/fr\/tours\/portugal-fr\/porto-fr\/toutes-les-visites-et-activites-privees\/excursion-privee-dune-journee-a-braga-et-guimaraes\/#primaryimage\"},\"thumbnailUrl\":\"https:\/\/tourtravelandmore.com\/wp-content\/uploads\/2017\/11\/Braga_-_Santu\u00e1rio_do_Bom_Jesus_do_Monte.jpg\",\"datePublished\":\"2017-11-15T12:35:10+00:00\",\"dateModified\":\"2023-12-04T11:39:53+00:00\",\"description\":\"Plongez dans l'histoire du Portugal avec une visite priv\u00e9e de Braga & Guimar\u00e3es au d\u00e9part de Porto. Explorez les sites anciens, profitez de la cuisine locale et du transport de luxe. R\u00e9servez d\u00e8s maintenant ! \u2705\",\"breadcrumb\":{\"@id\":\"https:\/\/tourtravelandmore.com\/fr\/tours\/portugal-fr\/porto-fr\/toutes-les-visites-et-activites-privees\/excursion-privee-dune-journee-a-braga-et-guimaraes\/#breadcrumb\"},\"inLanguage\":\"fr-FR\",\"potentialAction\":[{\"@type\":\"ReadAction\",\"target\":[\"https:\/\/tourtravelandmore.com\/fr\/tours\/portugal-fr\/porto-fr\/toutes-les-visites-et-activites-privees\/excursion-privee-dune-journee-a-braga-et-guimaraes\/\"]}]},{\"@type\":\"ImageObject\",\"inLanguage\":\"fr-FR\",\"@id\":\"https:\/\/tourtravelandmore.com\/fr\/tours\/portugal-fr\/porto-fr\/toutes-les-visites-et-activites-privees\/excursion-privee-dune-journee-a-braga-et-guimaraes\/#primaryimage\",\"url\":\"https:\/\/tourtravelandmore.com\/wp-content\/uploads\/2017\/11\/Braga_-_Santu\u00e1rio_do_Bom_Jesus_do_Monte.jpg\",\"contentUrl\":\"https:\/\/tourtravelandmore.com\/wp-content\/uploads\/2017\/11\/Braga_-_Santu\u00e1rio_do_Bom_Jesus_do_Monte.jpg\",\"width\":3543,\"height\":2362},{\"@type\":\"BreadcrumbList\",\"@id\":\"https:\/\/tourtravelandmore.com\/fr\/tours\/portugal-fr\/porto-fr\/toutes-les-visites-et-activites-privees\/excursion-privee-dune-journee-a-braga-et-guimaraes\/#breadcrumb\",\"itemListElement\":[{\"@type\":\"ListItem\",\"position\":1,\"name\":\"Home\",\"item\":\"https:\/\/tourtravelandmore.com\/fr\/\"},{\"@type\":\"ListItem\",\"position\":2,\"name\":\"Tours\",\"item\":\"https:\/\/tourtravelandmore.com\/fr\/tours\/\"},{\"@type\":\"ListItem\",\"position\":3,\"name\":\"Excursion priv\u00e9e d&#8217;une journ\u00e9e \u00e0 Braga et Guimar\u00e3es :\"}]},{\"@type\":\"WebSite\",\"@id\":\"https:\/\/tourtravelandmore.com\/fr\/#website\",\"url\":\"https:\/\/tourtravelandmore.com\/fr\/\",\"name\":\"Tour Travel And More\",\"description\":\"Private sightseeing tours and luxury transfers in Spain\",\"publisher\":{\"@id\":\"https:\/\/tourtravelandmore.com\/fr\/#organization\"},\"potentialAction\":[{\"@type\":\"SearchAction\",\"target\":{\"@type\":\"EntryPoint\",\"urlTemplate\":\"https:\/\/tourtravelandmore.com\/fr\/?s={search_term_string}\"},\"query-input\":{\"@type\":\"PropertyValueSpecification\",\"valueRequired\":true,\"valueName\":\"search_term_string\"}}],\"inLanguage\":\"fr-FR\"},{\"@type\":\"Organization\",\"@id\":\"https:\/\/tourtravelandmore.com\/fr\/#organization\",\"name\":\"Tour Travel And More\",\"url\":\"https:\/\/tourtravelandmore.com\/fr\/\",\"logo\":{\"@type\":\"ImageObject\",\"inLanguage\":\"fr-FR\",\"@id\":\"https:\/\/tourtravelandmore.com\/fr\/#\/schema\/logo\/image\/\",\"url\":\"https:\/\/tourtravelandmore.com\/wp-content\/uploads\/2022\/12\/cropped-logo-cabecera-new.png\",\"contentUrl\":\"https:\/\/tourtravelandmore.com\/wp-content\/uploads\/2022\/12\/cropped-logo-cabecera-new.png\",\"width\":430,\"height\":61,\"caption\":\"Tour Travel And More\"},\"image\":{\"@id\":\"https:\/\/tourtravelandmore.com\/fr\/#\/schema\/logo\/image\/\"},\"sameAs\":[\"https:\/\/www.facebook.com\/tourtravelandmore\/\",\"https:\/\/x.com\/TourTravel_More\"]}]}<\/script>\n<!-- \/ Yoast SEO Premium plugin. -->","yoast_head_json":{"title":"\u27a1\ufe0f D\u00e9couvrez Braga et Guimar\u00e3es : Visite priv\u00e9e d'une journ\u00e9e au d\u00e9part de Porto \u2705","description":"Plongez dans l'histoire du Portugal avec une visite priv\u00e9e de Braga & Guimar\u00e3es au d\u00e9part de Porto. Explorez les sites anciens, profitez de la cuisine locale et du transport de luxe. R\u00e9servez d\u00e8s maintenant ! \u2705","robots":{"index":"index","follow":"follow","max-snippet":"max-snippet:-1","max-image-preview":"max-image-preview:large","max-video-preview":"max-video-preview:-1"},"canonical":"https:\/\/tourtravelandmore.com\/fr\/tours\/portugal-fr\/porto-fr\/toutes-les-visites-et-activites-privees\/excursion-privee-dune-journee-a-braga-et-guimaraes\/","og_locale":"fr_FR","og_type":"article","og_title":"Excursion priv\u00e9e d'une journ\u00e9e \u00e0 Braga et Guimar\u00e3es :","og_description":"Plongez dans l'histoire du Portugal avec une visite priv\u00e9e de Braga & Guimar\u00e3es au d\u00e9part de Porto. Explorez les sites anciens, profitez de la cuisine locale et du transport de luxe. R\u00e9servez d\u00e8s maintenant ! \u2705","og_url":"https:\/\/tourtravelandmore.com\/fr\/tours\/portugal-fr\/porto-fr\/toutes-les-visites-et-activites-privees\/excursion-privee-dune-journee-a-braga-et-guimaraes\/","og_site_name":"Tour Travel And More","article_publisher":"https:\/\/www.facebook.com\/tourtravelandmore\/","article_modified_time":"2023-12-04T11:39:53+00:00","og_image":[{"width":3543,"height":2362,"url":"https:\/\/tourtravelandmore.com\/wp-content\/uploads\/2017\/11\/Braga_-_Santu\u00e1rio_do_Bom_Jesus_do_Monte.jpg","type":"image\/jpeg"}],"twitter_card":"summary_large_image","twitter_site":"@TourTravel_More","twitter_misc":{"Dur\u00e9e de lecture estim\u00e9e":"4 minutes"},"schema":{"@context":"https:\/\/schema.org","@graph":[{"@type":"WebPage","@id":"https:\/\/tourtravelandmore.com\/fr\/tours\/portugal-fr\/porto-fr\/toutes-les-visites-et-activites-privees\/excursion-privee-dune-journee-a-braga-et-guimaraes\/","url":"https:\/\/tourtravelandmore.com\/fr\/tours\/portugal-fr\/porto-fr\/toutes-les-visites-et-activites-privees\/excursion-privee-dune-journee-a-braga-et-guimaraes\/","name":"\u27a1\ufe0f D\u00e9couvrez Braga et Guimar\u00e3es : Visite priv\u00e9e d'une journ\u00e9e au d\u00e9part de Porto \u2705","isPartOf":{"@id":"https:\/\/tourtravelandmore.com\/fr\/#website"},"primaryImageOfPage":{"@id":"https:\/\/tourtravelandmore.com\/fr\/tours\/portugal-fr\/porto-fr\/toutes-les-visites-et-activites-privees\/excursion-privee-dune-journee-a-braga-et-guimaraes\/#primaryimage"},"image":{"@id":"https:\/\/tourtravelandmore.com\/fr\/tours\/portugal-fr\/porto-fr\/toutes-les-visites-et-activites-privees\/excursion-privee-dune-journee-a-braga-et-guimaraes\/#primaryimage"},"thumbnailUrl":"https:\/\/tourtravelandmore.com\/wp-content\/uploads\/2017\/11\/Braga_-_Santu\u00e1rio_do_Bom_Jesus_do_Monte.jpg","datePublished":"2017-11-15T12:35:10+00:00","dateModified":"2023-12-04T11:39:53+00:00","description":"Plongez dans l'histoire du Portugal avec une visite priv\u00e9e de Braga & Guimar\u00e3es au d\u00e9part de Porto. Explorez les sites anciens, profitez de la cuisine locale et du transport de luxe. R\u00e9servez d\u00e8s maintenant ! \u2705","breadcrumb":{"@id":"https:\/\/tourtravelandmore.com\/fr\/tours\/portugal-fr\/porto-fr\/toutes-les-visites-et-activites-privees\/excursion-privee-dune-journee-a-braga-et-guimaraes\/#breadcrumb"},"inLanguage":"fr-FR","potentialAction":[{"@type":"ReadAction","target":["https:\/\/tourtravelandmore.com\/fr\/tours\/portugal-fr\/porto-fr\/toutes-les-visites-et-activites-privees\/excursion-privee-dune-journee-a-braga-et-guimaraes\/"]}]},{"@type":"ImageObject","inLanguage":"fr-FR","@id":"https:\/\/tourtravelandmore.com\/fr\/tours\/portugal-fr\/porto-fr\/toutes-les-visites-et-activites-privees\/excursion-privee-dune-journee-a-braga-et-guimaraes\/#primaryimage","url":"https:\/\/tourtravelandmore.com\/wp-content\/uploads\/2017\/11\/Braga_-_Santu\u00e1rio_do_Bom_Jesus_do_Monte.jpg","contentUrl":"https:\/\/tourtravelandmore.com\/wp-content\/uploads\/2017\/11\/Braga_-_Santu\u00e1rio_do_Bom_Jesus_do_Monte.jpg","width":3543,"height":2362},{"@type":"BreadcrumbList","@id":"https:\/\/tourtravelandmore.com\/fr\/tours\/portugal-fr\/porto-fr\/toutes-les-visites-et-activites-privees\/excursion-privee-dune-journee-a-braga-et-guimaraes\/#breadcrumb","itemListElement":[{"@type":"ListItem","position":1,"name":"Home","item":"https:\/\/tourtravelandmore.com\/fr\/"},{"@type":"ListItem","position":2,"name":"Tours","item":"https:\/\/tourtravelandmore.com\/fr\/tours\/"},{"@type":"ListItem","position":3,"name":"Excursion priv\u00e9e d&#8217;une journ\u00e9e \u00e0 Braga et Guimar\u00e3es :"}]},{"@type":"WebSite","@id":"https:\/\/tourtravelandmore.com\/fr\/#website","url":"https:\/\/tourtravelandmore.com\/fr\/","name":"Tour Travel And More","description":"Private sightseeing tours and luxury transfers in Spain","publisher":{"@id":"https:\/\/tourtravelandmore.com\/fr\/#organization"},"potentialAction":[{"@type":"SearchAction","target":{"@type":"EntryPoint","urlTemplate":"https:\/\/tourtravelandmore.com\/fr\/?s={search_term_string}"},"query-input":{"@type":"PropertyValueSpecification","valueRequired":true,"valueName":"search_term_string"}}],"inLanguage":"fr-FR"},{"@type":"Organization","@id":"https:\/\/tourtravelandmore.com\/fr\/#organization","name":"Tour Travel And More","url":"https:\/\/tourtravelandmore.com\/fr\/","logo":{"@type":"ImageObject","inLanguage":"fr-FR","@id":"https:\/\/tourtravelandmore.com\/fr\/#\/schema\/logo\/image\/","url":"https:\/\/tourtravelandmore.com\/wp-content\/uploads\/2022\/12\/cropped-logo-cabecera-new.png","contentUrl":"https:\/\/tourtravelandmore.com\/wp-content\/uploads\/2022\/12\/cropped-logo-cabecera-new.png","width":430,"height":61,"caption":"Tour Travel And More"},"image":{"@id":"https:\/\/tourtravelandmore.com\/fr\/#\/schema\/logo\/image\/"},"sameAs":["https:\/\/www.facebook.com\/tourtravelandmore\/","https:\/\/x.com\/TourTravel_More"]}]}},"_links":{"self":[{"href":"https:\/\/tourtravelandmore.com\/fr\/wp-json\/wp\/v2\/product\/101565","targetHints":{"allow":["GET"]}}],"collection":[{"href":"https:\/\/tourtravelandmore.com\/fr\/wp-json\/wp\/v2\/product"}],"about":[{"href":"https:\/\/tourtravelandmore.com\/fr\/wp-json\/wp\/v2\/types\/product"}],"replies":[{"embeddable":true,"href":"https:\/\/tourtravelandmore.com\/fr\/wp-json\/wp\/v2\/comments?post=101565"}],"wp:featuredmedia":[{"embeddable":true,"href":"https:\/\/tourtravelandmore.com\/fr\/wp-json\/wp\/v2\/media\/94448"}],"wp:attachment":[{"href":"https:\/\/tourtravelandmore.com\/fr\/wp-json\/wp\/v2\/media?parent=101565"}],"wp:term":[{"taxonomy":"product_brand","embeddable":true,"href":"https:\/\/tourtravelandmore.com\/fr\/wp-json\/wp\/v2\/product_brand?post=101565"},{"taxonomy":"product_cat","embeddable":true,"href":"https:\/\/tourtravelandmore.com\/fr\/wp-json\/wp\/v2\/product_cat?post=101565"},{"taxonomy":"product_tag","embeddable":true,"href":"https:\/\/tourtravelandmore.com\/fr\/wp-json\/wp\/v2\/product_tag?post=101565"}],"curies":[{"name":"wp","href":"https:\/\/api.w.org\/{rel}","templated":true}]}}