{"id":101560,"date":"2017-11-15T13:08:12","date_gmt":"2017-11-15T12:08:12","guid":{"rendered":"https:\/\/tourtravelandmore.com\/tours\/non%20class\u00e9\/visite-de-vignobles-dans-la-vallee-du-douro\/"},"modified":"2023-12-04T12:39:38","modified_gmt":"2023-12-04T11:39:38","slug":"visite-de-vignobles-dans-la-vallee-du-douro","status":"publish","type":"product","link":"https:\/\/tourtravelandmore.com\/fr\/tours\/portugal-fr\/porto-fr\/toutes-les-visites-et-activites-privees\/visite-de-vignobles-dans-la-vallee-du-douro\/","title":{"rendered":"Visite de vignobles dans la vall\u00e9e du Douro"},"content":{"rendered":"<h2><b>Description de la visite des vignobles de la vall\u00e9e du Douro<\/b><\/h2>\n<p><span style=\"font-weight: 400;\">Embarquez pour un voyage enchanteur dans la vall\u00e9e du Douro, la plus ancienne r\u00e9gion viticole d\u00e9limit\u00e9e au monde, gr\u00e2ce \u00e0 notre visite priv\u00e9e exclusive des vignobles. D\u00e9couvrez l&#8217;essence du patrimoine viticole de Porto dans le confort d&#8217;un v\u00e9hicule de luxe, accompagn\u00e9 de votre chauffeur et guide personnel. Cette excursion immersive ne se contente pas d&#8217;explorer les vins exquis de la r\u00e9gion, elle permet \u00e9galement de d\u00e9couvrir les paysages captivants et la richesse culturelle qu&#8217;offre la vall\u00e9e du Douro.<\/span><\/p>\n<p><span style=\"font-weight: 400;\">Votre aventure sur mesure commence par une prise en charge pratique \u00e0 l&#8217;endroit de votre choix \u00e0 Porto. Alors que vous vous dirigez vers la vall\u00e9e du Douro, pr\u00e9parez-vous \u00e0 \u00eatre fascin\u00e9 par les paysages de vignobles en terrasses et par le cours sinueux du fleuve Douro. Ce site class\u00e9 au patrimoine mondial de l&#8217;UNESCO t\u00e9moigne de si\u00e8cles de traditions viticoles et vinicoles, qui ont fa\u00e7onn\u00e9 \u00e0 la fois le paysage et la culture de la r\u00e9gion.<\/span><\/p>\n<p><span style=\"font-weight: 400;\">Tout au long de la visite, notre guide exp\u00e9riment\u00e9 partagera avec vous des informations fascinantes sur l&#8217;art de la vinification, l&#8217;histoire de la r\u00e9gion et son importance culturelle. Que vous soyez un connaisseur en vin ou un voyageur curieux, cette visite offre un m\u00e9lange parfait d&#8217;\u00e9ducation, de relaxation et de plaisirs sensoriels.<\/span><\/p>\n<p><span style=\"font-weight: 400;\">Au fil des m\u00e9andres de la vall\u00e9e du Douro, chaque virage offre une nouvelle perspective de beaut\u00e9 \u00e0 couper le souffle. Les collines couvertes de vignes qui descendent en cascade jusqu&#8217;au bord du fleuve sont une toile vivante, illustrant l&#8217;harmonie entre la nature et l&#8217;artisanat humain. Ici, le rythme de vie est dict\u00e9 par les saisons, et chaque vignoble raconte une histoire de tradition et d&#8217;innovation. Votre guide, qui conna\u00eet bien les nuances des vins de la r\u00e9gion, vous fera d\u00e9couvrir les caract\u00e9ristiques uniques qui rendent les vins du Douro si particuliers et si recherch\u00e9s dans le monde entier.<\/span><\/p>\n<p><span style=\"font-weight: 400;\">Une partie de la magie de cette visite r\u00e9side dans sa capacit\u00e9 \u00e0 vous connecter \u00e0 l&#8217;\u00e2me de la vall\u00e9e du Douro. Vous visiterez des quintas (domaines viticoles) o\u00f9 des g\u00e9n\u00e9rations de familles ont cultiv\u00e9 le raisin, comprenant le langage de la terre et \u00e9laborant des vins qui font \u00e9cho \u00e0 l&#8217;esprit de la vall\u00e9e. Ces visites permettent de jeter un regard intime sur le processus de fabrication du vin, depuis les soins apport\u00e9s aux vignes jusqu&#8217;au vieillissement du vin en f\u00fbts de ch\u00eane.<\/span><\/p>\n<h2><b>Points forts de la visite des vignobles de la vall\u00e9e du Douro<\/b><\/h2>\n<ul>\n<li style=\"font-weight: 400;\" aria-level=\"1\"><b>Amarante : <\/b><span style=\"font-weight: 400;\">Commencez votre voyage dans la ville pittoresque d&#8217;Amarante, nich\u00e9e au bord de la rivi\u00e8re T\u00e2mega. R\u00e9put\u00e9e pour sa riche gastronomie et ses vins locaux, Amarante donne le ton de votre exp\u00e9rience dans la vall\u00e9e du Douro.<\/span><\/li>\n<li style=\"font-weight: 400;\" aria-level=\"1\"><b>Sabrosa et Pinh\u00e3o :<\/b><span style=\"font-weight: 400;\"> Continuez vers Sabrosa, le c\u0153ur de la vall\u00e9e du Douro, o\u00f9 des paysages \u00e0 couper le souffle de vignobles vallonn\u00e9s vous attendent. \u00c0 Pinh\u00e3o, village class\u00e9 par l&#8217;UNESCO, visitez la gare embl\u00e9matique orn\u00e9e de panneaux de tuiles exquises repr\u00e9sentant les paysages et les traditions du Douro.<\/span><\/li>\n<li style=\"font-weight: 400;\" aria-level=\"1\"><b>Visites exclusives de vignobles :<\/b><span style=\"font-weight: 400;\"> Visites et d\u00e9gustations dans deux des meilleurs vignobles de la r\u00e9gion. Vous y d\u00e9couvrirez les c\u00e9pages locaux, le processus de vinification et vous d\u00e9gusterez quelques-uns des meilleurs vins de la vall\u00e9e du Douro.<\/span><\/li>\n<li style=\"font-weight: 400;\" aria-level=\"1\"><b>\u00a0Lamego <\/b><span style=\"font-weight: 400;\">: Explorez l&#8217;\u00e9l\u00e9gante ville de Lamego, riche en architecture baroque. Visitez des sites tels que la cath\u00e9drale de Lamego et le sanctuaire de Nossa Senhora dos Rem\u00e9dios, un important lieu de p\u00e8lerinage avec son escalier majestueux.<\/span><\/li>\n<li style=\"font-weight: 400;\" aria-level=\"1\"><b>Mesao Frio :<\/b><span style=\"font-weight: 400;\"> Terminez votre excursion par un arr\u00eat \u00e0 Mesao Frio pour une vue panoramique impressionnante sur le fleuve Douro, un endroit id\u00e9al pour r\u00e9fl\u00e9chir aux exp\u00e9riences de la journ\u00e9e et prendre des photos m\u00e9morables.<\/span><\/li>\n<li style=\"font-weight: 400;\" aria-level=\"1\"><b>\u00a0Immersion culturelle <\/b><span style=\"font-weight: 400;\">: Plongez dans la culture locale et l&#8217;histoire de la r\u00e9gion. D\u00e9couvrez l&#8217;hospitalit\u00e9 des habitants et la beaut\u00e9 sereine des paysages de la vall\u00e9e du Douro.<\/span><\/li>\n<li style=\"font-weight: 400;\" aria-level=\"1\"><b>Itin\u00e9raire personnalisable :<\/b><span style=\"font-weight: 400;\"> Le circuit est enti\u00e8rement personnalisable, ce qui vous permet de vous concentrer sur vos int\u00e9r\u00eats sp\u00e9cifiques, qu&#8217;il s&#8217;agisse de vin, d&#8217;histoire, de paysages ou de tout cela \u00e0 la fois.<\/span><\/li>\n<li style=\"font-weight: 400;\" aria-level=\"1\"><b>Confort et luxe :<\/b><span style=\"font-weight: 400;\"> voyagez dans le confort et le style \u00e0 bord d&#8217;un v\u00e9hicule de luxe, pour un voyage relaxant et agr\u00e9able tout au long de la journ\u00e9e.<\/span><\/li>\n<li style=\"font-weight: 400;\" aria-level=\"1\"><b>Le charme et les d\u00e9lices d&#8217;Amarante :<\/b><span style=\"font-weight: 400;\"> Votre excursion commence dans la charmante ville d&#8217;Amarante. Ici, la rivi\u00e8re T\u00e2mega coule doucement, cr\u00e9ant un d\u00e9cor pittoresque. Amarante n&#8217;est pas seulement connue pour la beaut\u00e9 de ses paysages, mais aussi pour ses d\u00e9licieuses sucreries et ses vins. C&#8217;est une parfaite introduction aux d\u00e9lices culinaires de la r\u00e9gion.<\/span><\/li>\n<li style=\"font-weight: 400;\" aria-level=\"1\"><b>Sabrosa et Pinh\u00e3o &#8211; Le c\u0153ur de la r\u00e9gion viticole :<\/b><span style=\"font-weight: 400;\"> Lors de votre voyage \u00e0 Sabrosa, laissez-vous s\u00e9duire par les paysages de vignobles luxuriants qui symbolisent l&#8217;essence m\u00eame de la vall\u00e9e du Douro. \u00c0 Pinh\u00e3o, admirez la gare historique, orn\u00e9e de panneaux en azulejo qui racontent les riches traditions viticoles de la vall\u00e9e. Ce village, nich\u00e9 au c\u0153ur de la vall\u00e9e, est une porte d&#8217;entr\u00e9e pour comprendre le lien profond de la r\u00e9gion avec la viticulture.<\/span><\/li>\n<\/ul>\n<p><span style=\"font-weight: 400;\">Pr\u00eat \u00e0 plonger dans les splendeurs de Porto et d&#8217;ailleurs ?<\/span><a href=\"https:\/\/tourtravelandmore.com\/fr\/city\/portugal-fr\/porto-fr\/\"><span style=\"font-weight: 400;\"> Tour Travel and More propose un large \u00e9ventail de visites priv\u00e9es, chacune con\u00e7ue pour offrir une exp\u00e9rience exclusive et m\u00e9morable.<\/span><\/a> <span style=\"font-weight: 400;\">Que vous souhaitiez d\u00e9couvrir d&#8217;autres joyaux cach\u00e9s de Porto, vous aventurer dans l&#8217;enchanteresse vall\u00e9e du Douro ou explorer d&#8217;autres destinations captivantes du Portugal, nos circuits con\u00e7us par des experts vous attendent.<\/span><\/p>\n","protected":false},"excerpt":{"rendered":"<p><span style=\"font-weight: 400;\">Rejoignez-nous pour un luxueux circuit priv\u00e9 dans la vall\u00e9e du Douro, o\u00f9 vous explorerez des vignobles renomm\u00e9s, d\u00e9gusterez des vins exquis et vous immergerez dans la riche culture et les paysages \u00e0 couper le souffle de ce site class\u00e9 au patrimoine mondial de l&#8217;UNESCO. Avec des conseils personnalis\u00e9s, un voyage confortable et des visites de vignobles exclusives, cette exp\u00e9rience est con\u00e7ue pour offrir une exploration inoubliable de l&#8217;h\u00e9ritage viticole de Porto.<\/span><\/p>\n<p>&nbsp;<\/p>\n","protected":false},"featured_media":94422,"comment_status":"open","ping_status":"closed","template":"","meta":{"_acf_changed":false},"product_brand":[],"product_cat":[4552,4551,3671],"product_tag":[],"class_list":{"0":"post-101560","1":"product","2":"type-product","3":"status-publish","4":"has-post-thumbnail","6":"product_cat-excursions-privees-dune-journee-fr-4","7":"product_cat-toutes-les-visites-et-activites-privees","8":"product_cat-porto-fr","10":"first","11":"instock","12":"shipping-taxable","13":"purchasable","14":"product-type-simple"},"acf":[],"yoast_head":"<!-- This site is optimized with the Yoast SEO Premium plugin v25.3.1 (Yoast SEO v25.3.1) - https:\/\/yoast.com\/wordpress\/plugins\/seo\/ -->\n<title>\u27a1\ufe0f Visite priv\u00e9e d&#039;un domaine viticole dans la vall\u00e9e du Douro : D\u00e9couvrez le vin et la culture \u2705<\/title>\n<meta name=\"description\" content=\"D\u00e9couvrez le charme de la vall\u00e9e du Douro lors d&#039;une visite priv\u00e9e d&#039;un domaine viticole. Voyage de luxe, visites exclusives de vignobles et paysages pittoresques vous attendent. \u2705\" \/>\n<meta name=\"robots\" content=\"index, follow, max-snippet:-1, max-image-preview:large, max-video-preview:-1\" \/>\n<link rel=\"canonical\" href=\"https:\/\/tourtravelandmore.com\/fr\/tours\/portugal-fr\/porto-fr\/toutes-les-visites-et-activites-privees\/visite-de-vignobles-dans-la-vallee-du-douro\/\" \/>\n<meta property=\"og:locale\" content=\"fr_FR\" \/>\n<meta property=\"og:type\" content=\"article\" \/>\n<meta property=\"og:title\" content=\"Visite de vignobles dans la vall\u00e9e du Douro\" \/>\n<meta property=\"og:description\" content=\"D\u00e9couvrez le charme de la vall\u00e9e du Douro lors d&#039;une visite priv\u00e9e d&#039;un domaine viticole. Voyage de luxe, visites exclusives de vignobles et paysages pittoresques vous attendent. \u2705\" \/>\n<meta property=\"og:url\" content=\"https:\/\/tourtravelandmore.com\/fr\/tours\/portugal-fr\/porto-fr\/toutes-les-visites-et-activites-privees\/visite-de-vignobles-dans-la-vallee-du-douro\/\" \/>\n<meta property=\"og:site_name\" content=\"Tour Travel And More\" \/>\n<meta property=\"article:publisher\" content=\"https:\/\/www.facebook.com\/tourtravelandmore\/\" \/>\n<meta property=\"article:modified_time\" content=\"2023-12-04T11:39:38+00:00\" \/>\n<meta property=\"og:image\" content=\"https:\/\/tourtravelandmore.com\/wp-content\/uploads\/2017\/11\/The_Douro_Valley_vineyards.jpg\" \/>\n\t<meta property=\"og:image:width\" content=\"1280\" \/>\n\t<meta property=\"og:image:height\" content=\"852\" \/>\n\t<meta property=\"og:image:type\" content=\"image\/jpeg\" \/>\n<meta name=\"twitter:card\" content=\"summary_large_image\" \/>\n<meta name=\"twitter:site\" content=\"@TourTravel_More\" \/>\n<meta name=\"twitter:label1\" content=\"Dur\u00e9e de lecture estim\u00e9e\" \/>\n\t<meta name=\"twitter:data1\" content=\"4 minutes\" \/>\n<script type=\"application\/ld+json\" class=\"yoast-schema-graph\">{\"@context\":\"https:\/\/schema.org\",\"@graph\":[{\"@type\":\"WebPage\",\"@id\":\"https:\/\/tourtravelandmore.com\/fr\/tours\/portugal-fr\/porto-fr\/toutes-les-visites-et-activites-privees\/visite-de-vignobles-dans-la-vallee-du-douro\/\",\"url\":\"https:\/\/tourtravelandmore.com\/fr\/tours\/portugal-fr\/porto-fr\/toutes-les-visites-et-activites-privees\/visite-de-vignobles-dans-la-vallee-du-douro\/\",\"name\":\"\u27a1\ufe0f Visite priv\u00e9e d'un domaine viticole dans la vall\u00e9e du Douro : D\u00e9couvrez le vin et la culture \u2705\",\"isPartOf\":{\"@id\":\"https:\/\/tourtravelandmore.com\/fr\/#website\"},\"primaryImageOfPage\":{\"@id\":\"https:\/\/tourtravelandmore.com\/fr\/tours\/portugal-fr\/porto-fr\/toutes-les-visites-et-activites-privees\/visite-de-vignobles-dans-la-vallee-du-douro\/#primaryimage\"},\"image\":{\"@id\":\"https:\/\/tourtravelandmore.com\/fr\/tours\/portugal-fr\/porto-fr\/toutes-les-visites-et-activites-privees\/visite-de-vignobles-dans-la-vallee-du-douro\/#primaryimage\"},\"thumbnailUrl\":\"https:\/\/tourtravelandmore.com\/wp-content\/uploads\/2017\/11\/The_Douro_Valley_vineyards.jpg\",\"datePublished\":\"2017-11-15T12:08:12+00:00\",\"dateModified\":\"2023-12-04T11:39:38+00:00\",\"description\":\"D\u00e9couvrez le charme de la vall\u00e9e du Douro lors d'une visite priv\u00e9e d'un domaine viticole. Voyage de luxe, visites exclusives de vignobles et paysages pittoresques vous attendent. \u2705\",\"breadcrumb\":{\"@id\":\"https:\/\/tourtravelandmore.com\/fr\/tours\/portugal-fr\/porto-fr\/toutes-les-visites-et-activites-privees\/visite-de-vignobles-dans-la-vallee-du-douro\/#breadcrumb\"},\"inLanguage\":\"fr-FR\",\"potentialAction\":[{\"@type\":\"ReadAction\",\"target\":[\"https:\/\/tourtravelandmore.com\/fr\/tours\/portugal-fr\/porto-fr\/toutes-les-visites-et-activites-privees\/visite-de-vignobles-dans-la-vallee-du-douro\/\"]}]},{\"@type\":\"ImageObject\",\"inLanguage\":\"fr-FR\",\"@id\":\"https:\/\/tourtravelandmore.com\/fr\/tours\/portugal-fr\/porto-fr\/toutes-les-visites-et-activites-privees\/visite-de-vignobles-dans-la-vallee-du-douro\/#primaryimage\",\"url\":\"https:\/\/tourtravelandmore.com\/wp-content\/uploads\/2017\/11\/The_Douro_Valley_vineyards.jpg\",\"contentUrl\":\"https:\/\/tourtravelandmore.com\/wp-content\/uploads\/2017\/11\/The_Douro_Valley_vineyards.jpg\",\"width\":1280,\"height\":852,\"caption\":\"Home of the Port Wine\"},{\"@type\":\"BreadcrumbList\",\"@id\":\"https:\/\/tourtravelandmore.com\/fr\/tours\/portugal-fr\/porto-fr\/toutes-les-visites-et-activites-privees\/visite-de-vignobles-dans-la-vallee-du-douro\/#breadcrumb\",\"itemListElement\":[{\"@type\":\"ListItem\",\"position\":1,\"name\":\"Home\",\"item\":\"https:\/\/tourtravelandmore.com\/fr\/\"},{\"@type\":\"ListItem\",\"position\":2,\"name\":\"Tours\",\"item\":\"https:\/\/tourtravelandmore.com\/fr\/tours\/\"},{\"@type\":\"ListItem\",\"position\":3,\"name\":\"Visite de vignobles dans la vall\u00e9e du Douro\"}]},{\"@type\":\"WebSite\",\"@id\":\"https:\/\/tourtravelandmore.com\/fr\/#website\",\"url\":\"https:\/\/tourtravelandmore.com\/fr\/\",\"name\":\"Tour Travel And More\",\"description\":\"Private sightseeing tours and luxury transfers in Spain\",\"publisher\":{\"@id\":\"https:\/\/tourtravelandmore.com\/fr\/#organization\"},\"potentialAction\":[{\"@type\":\"SearchAction\",\"target\":{\"@type\":\"EntryPoint\",\"urlTemplate\":\"https:\/\/tourtravelandmore.com\/fr\/?s={search_term_string}\"},\"query-input\":{\"@type\":\"PropertyValueSpecification\",\"valueRequired\":true,\"valueName\":\"search_term_string\"}}],\"inLanguage\":\"fr-FR\"},{\"@type\":\"Organization\",\"@id\":\"https:\/\/tourtravelandmore.com\/fr\/#organization\",\"name\":\"Tour Travel And More\",\"url\":\"https:\/\/tourtravelandmore.com\/fr\/\",\"logo\":{\"@type\":\"ImageObject\",\"inLanguage\":\"fr-FR\",\"@id\":\"https:\/\/tourtravelandmore.com\/fr\/#\/schema\/logo\/image\/\",\"url\":\"https:\/\/tourtravelandmore.com\/wp-content\/uploads\/2022\/12\/cropped-logo-cabecera-new.png\",\"contentUrl\":\"https:\/\/tourtravelandmore.com\/wp-content\/uploads\/2022\/12\/cropped-logo-cabecera-new.png\",\"width\":430,\"height\":61,\"caption\":\"Tour Travel And More\"},\"image\":{\"@id\":\"https:\/\/tourtravelandmore.com\/fr\/#\/schema\/logo\/image\/\"},\"sameAs\":[\"https:\/\/www.facebook.com\/tourtravelandmore\/\",\"https:\/\/x.com\/TourTravel_More\"]}]}<\/script>\n<!-- \/ Yoast SEO Premium plugin. -->","yoast_head_json":{"title":"\u27a1\ufe0f Visite priv\u00e9e d'un domaine viticole dans la vall\u00e9e du Douro : D\u00e9couvrez le vin et la culture \u2705","description":"D\u00e9couvrez le charme de la vall\u00e9e du Douro lors d'une visite priv\u00e9e d'un domaine viticole. Voyage de luxe, visites exclusives de vignobles et paysages pittoresques vous attendent. \u2705","robots":{"index":"index","follow":"follow","max-snippet":"max-snippet:-1","max-image-preview":"max-image-preview:large","max-video-preview":"max-video-preview:-1"},"canonical":"https:\/\/tourtravelandmore.com\/fr\/tours\/portugal-fr\/porto-fr\/toutes-les-visites-et-activites-privees\/visite-de-vignobles-dans-la-vallee-du-douro\/","og_locale":"fr_FR","og_type":"article","og_title":"Visite de vignobles dans la vall\u00e9e du Douro","og_description":"D\u00e9couvrez le charme de la vall\u00e9e du Douro lors d'une visite priv\u00e9e d'un domaine viticole. Voyage de luxe, visites exclusives de vignobles et paysages pittoresques vous attendent. \u2705","og_url":"https:\/\/tourtravelandmore.com\/fr\/tours\/portugal-fr\/porto-fr\/toutes-les-visites-et-activites-privees\/visite-de-vignobles-dans-la-vallee-du-douro\/","og_site_name":"Tour Travel And More","article_publisher":"https:\/\/www.facebook.com\/tourtravelandmore\/","article_modified_time":"2023-12-04T11:39:38+00:00","og_image":[{"width":1280,"height":852,"url":"https:\/\/tourtravelandmore.com\/wp-content\/uploads\/2017\/11\/The_Douro_Valley_vineyards.jpg","type":"image\/jpeg"}],"twitter_card":"summary_large_image","twitter_site":"@TourTravel_More","twitter_misc":{"Dur\u00e9e de lecture estim\u00e9e":"4 minutes"},"schema":{"@context":"https:\/\/schema.org","@graph":[{"@type":"WebPage","@id":"https:\/\/tourtravelandmore.com\/fr\/tours\/portugal-fr\/porto-fr\/toutes-les-visites-et-activites-privees\/visite-de-vignobles-dans-la-vallee-du-douro\/","url":"https:\/\/tourtravelandmore.com\/fr\/tours\/portugal-fr\/porto-fr\/toutes-les-visites-et-activites-privees\/visite-de-vignobles-dans-la-vallee-du-douro\/","name":"\u27a1\ufe0f Visite priv\u00e9e d'un domaine viticole dans la vall\u00e9e du Douro : D\u00e9couvrez le vin et la culture \u2705","isPartOf":{"@id":"https:\/\/tourtravelandmore.com\/fr\/#website"},"primaryImageOfPage":{"@id":"https:\/\/tourtravelandmore.com\/fr\/tours\/portugal-fr\/porto-fr\/toutes-les-visites-et-activites-privees\/visite-de-vignobles-dans-la-vallee-du-douro\/#primaryimage"},"image":{"@id":"https:\/\/tourtravelandmore.com\/fr\/tours\/portugal-fr\/porto-fr\/toutes-les-visites-et-activites-privees\/visite-de-vignobles-dans-la-vallee-du-douro\/#primaryimage"},"thumbnailUrl":"https:\/\/tourtravelandmore.com\/wp-content\/uploads\/2017\/11\/The_Douro_Valley_vineyards.jpg","datePublished":"2017-11-15T12:08:12+00:00","dateModified":"2023-12-04T11:39:38+00:00","description":"D\u00e9couvrez le charme de la vall\u00e9e du Douro lors d'une visite priv\u00e9e d'un domaine viticole. Voyage de luxe, visites exclusives de vignobles et paysages pittoresques vous attendent. \u2705","breadcrumb":{"@id":"https:\/\/tourtravelandmore.com\/fr\/tours\/portugal-fr\/porto-fr\/toutes-les-visites-et-activites-privees\/visite-de-vignobles-dans-la-vallee-du-douro\/#breadcrumb"},"inLanguage":"fr-FR","potentialAction":[{"@type":"ReadAction","target":["https:\/\/tourtravelandmore.com\/fr\/tours\/portugal-fr\/porto-fr\/toutes-les-visites-et-activites-privees\/visite-de-vignobles-dans-la-vallee-du-douro\/"]}]},{"@type":"ImageObject","inLanguage":"fr-FR","@id":"https:\/\/tourtravelandmore.com\/fr\/tours\/portugal-fr\/porto-fr\/toutes-les-visites-et-activites-privees\/visite-de-vignobles-dans-la-vallee-du-douro\/#primaryimage","url":"https:\/\/tourtravelandmore.com\/wp-content\/uploads\/2017\/11\/The_Douro_Valley_vineyards.jpg","contentUrl":"https:\/\/tourtravelandmore.com\/wp-content\/uploads\/2017\/11\/The_Douro_Valley_vineyards.jpg","width":1280,"height":852,"caption":"Home of the Port Wine"},{"@type":"BreadcrumbList","@id":"https:\/\/tourtravelandmore.com\/fr\/tours\/portugal-fr\/porto-fr\/toutes-les-visites-et-activites-privees\/visite-de-vignobles-dans-la-vallee-du-douro\/#breadcrumb","itemListElement":[{"@type":"ListItem","position":1,"name":"Home","item":"https:\/\/tourtravelandmore.com\/fr\/"},{"@type":"ListItem","position":2,"name":"Tours","item":"https:\/\/tourtravelandmore.com\/fr\/tours\/"},{"@type":"ListItem","position":3,"name":"Visite de vignobles dans la vall\u00e9e du Douro"}]},{"@type":"WebSite","@id":"https:\/\/tourtravelandmore.com\/fr\/#website","url":"https:\/\/tourtravelandmore.com\/fr\/","name":"Tour Travel And More","description":"Private sightseeing tours and luxury transfers in Spain","publisher":{"@id":"https:\/\/tourtravelandmore.com\/fr\/#organization"},"potentialAction":[{"@type":"SearchAction","target":{"@type":"EntryPoint","urlTemplate":"https:\/\/tourtravelandmore.com\/fr\/?s={search_term_string}"},"query-input":{"@type":"PropertyValueSpecification","valueRequired":true,"valueName":"search_term_string"}}],"inLanguage":"fr-FR"},{"@type":"Organization","@id":"https:\/\/tourtravelandmore.com\/fr\/#organization","name":"Tour Travel And More","url":"https:\/\/tourtravelandmore.com\/fr\/","logo":{"@type":"ImageObject","inLanguage":"fr-FR","@id":"https:\/\/tourtravelandmore.com\/fr\/#\/schema\/logo\/image\/","url":"https:\/\/tourtravelandmore.com\/wp-content\/uploads\/2022\/12\/cropped-logo-cabecera-new.png","contentUrl":"https:\/\/tourtravelandmore.com\/wp-content\/uploads\/2022\/12\/cropped-logo-cabecera-new.png","width":430,"height":61,"caption":"Tour Travel And More"},"image":{"@id":"https:\/\/tourtravelandmore.com\/fr\/#\/schema\/logo\/image\/"},"sameAs":["https:\/\/www.facebook.com\/tourtravelandmore\/","https:\/\/x.com\/TourTravel_More"]}]}},"_links":{"self":[{"href":"https:\/\/tourtravelandmore.com\/fr\/wp-json\/wp\/v2\/product\/101560","targetHints":{"allow":["GET"]}}],"collection":[{"href":"https:\/\/tourtravelandmore.com\/fr\/wp-json\/wp\/v2\/product"}],"about":[{"href":"https:\/\/tourtravelandmore.com\/fr\/wp-json\/wp\/v2\/types\/product"}],"replies":[{"embeddable":true,"href":"https:\/\/tourtravelandmore.com\/fr\/wp-json\/wp\/v2\/comments?post=101560"}],"wp:featuredmedia":[{"embeddable":true,"href":"https:\/\/tourtravelandmore.com\/fr\/wp-json\/wp\/v2\/media\/94422"}],"wp:attachment":[{"href":"https:\/\/tourtravelandmore.com\/fr\/wp-json\/wp\/v2\/media?parent=101560"}],"wp:term":[{"taxonomy":"product_brand","embeddable":true,"href":"https:\/\/tourtravelandmore.com\/fr\/wp-json\/wp\/v2\/product_brand?post=101560"},{"taxonomy":"product_cat","embeddable":true,"href":"https:\/\/tourtravelandmore.com\/fr\/wp-json\/wp\/v2\/product_cat?post=101560"},{"taxonomy":"product_tag","embeddable":true,"href":"https:\/\/tourtravelandmore.com\/fr\/wp-json\/wp\/v2\/product_tag?post=101560"}],"curies":[{"name":"wp","href":"https:\/\/api.w.org\/{rel}","templated":true}]}}