{"id":101554,"date":"2017-11-10T13:58:28","date_gmt":"2017-11-10T12:58:28","guid":{"rendered":"https:\/\/tourtravelandmore.com\/tours\/non%20class\u00e9\/visite-privee-a-pied-de-4-heures-de-porto\/"},"modified":"2023-12-29T14:45:44","modified_gmt":"2023-12-29T13:45:44","slug":"visite-privee-a-pied-de-4-heures-de-porto","status":"publish","type":"product","link":"https:\/\/tourtravelandmore.com\/fr\/tours\/portugal-fr\/porto-fr\/toutes-les-visites-et-activites-privees\/visite-privee-a-pied-de-4-heures-de-porto\/","title":{"rendered":"Visite priv\u00e9e \u00e0 pied de Porto (3 heures)"},"content":{"rendered":"<h2><b>Description de l&#8217;excursion priv\u00e9e de 3 heures \u00e0 Porto<\/b><\/h2>\n<p><span style=\"font-weight: 400;\">Embarquez pour un voyage captivant au c\u0153ur de Porto, une ville o\u00f9 tradition et modernit\u00e9 se fondent dans une tapisserie vibrante de culture, d&#8217;art et d&#8217;histoire. Notre visite priv\u00e9e \u00e0 pied de 3 heures vous invite \u00e0 p\u00e9n\u00e9trer dans l&#8217;\u00e2me de Porto, guid\u00e9 par un expert local qui donne vie au riche patrimoine de la ville. Cette exploration personnalis\u00e9e commence \u00e0 un point central ou \u00e0 votre h\u00f4tel le plus proche, et lance un itin\u00e9raire personnalis\u00e9 qui couvre les aspects les plus enchanteurs de Porto.<\/span><\/p>\n<p><span style=\"font-weight: 400;\">Tour Travel and More s&#8217;engage \u00e0 cr\u00e9er une exp\u00e9rience qui corresponde \u00e0 vos int\u00e9r\u00eats et \u00e0 votre curiosit\u00e9. Votre guide priv\u00e9, source de connaissances et d&#8217;anecdotes, vous conduira dans le labyrinthe de ruelles \u00e9troites et de grandes places de Porto, et le long des rives du fleuve Douro. D\u00e9couvrez le m\u00e9lange unique de styles architecturaux qui racontent l&#8217;histoire de Porto, des vestiges m\u00e9di\u00e9vaux aux chefs-d&#8217;\u0153uvre baroques en passant par les cr\u00e9ations contemporaines.<\/span><\/p>\n<p><span style=\"font-weight: 400;\">D\u00e9couvrez l&#8217;effervescence du Mercado da Bolhao, le march\u00e9 traditionnel de Porto, o\u00f9 le c\u0153ur de la ville bat au rythme des vendeurs et de l&#8217;\u00e9ventail de produits locaux. Fl\u00e2nez dans les rues charmantes pour d\u00e9couvrir de superbes \u00e9glises comme la Capela das Almas et le Carmo, o\u00f9 chaque fa\u00e7ade raconte un chapitre diff\u00e9rent de l&#8217;histoire religieuse et culturelle de Porto.<\/span><\/p>\n<p><span style=\"font-weight: 400;\">Aucune visite \u00e0 Porto n&#8217;est compl\u00e8te sans un arr\u00eat \u00e0 l&#8217;embl\u00e9matique librairie Lello &amp; Irmao, r\u00e9put\u00e9e pour \u00eatre l&#8217;une des plus belles librairies au monde. Ce havre litt\u00e9raire, avec son superbe escalier et son atmosph\u00e8re unique, inspire les artistes et les \u00e9crivains depuis plus d&#8217;un si\u00e8cle.<\/span><\/p>\n<p><span style=\"font-weight: 400;\">Lors de l&#8217;ascension de la tour Cl\u00e9rigos, pr\u00e9parez-vous \u00e0 une vue panoramique \u00e0 couper le souffle sur Porto. Chaque marche r\u00e9v\u00e8le une nouvelle couche du paysage de la ville, qui s&#8217;\u00e9tend du centre historique aux m\u00e9andres du fleuve Douro.<\/span><\/p>\n<p><span style=\"font-weight: 400;\">La visite s&#8217;ach\u00e8ve dans le quartier anim\u00e9 de Ribeira, au bord du fleuve Douro. Ici, l&#8217;essence de Porto prend vie avec ses bars \u00e0 vin anim\u00e9s, ses restaurants exquis et ses paysages pittoresques. En option, vous pouvez vous laisser tenter par une d\u00e9gustation de vins ou une croisi\u00e8re sur le fleuve, pour enrichir votre exp\u00e9rience \u00e0 Porto.<\/span><\/p>\n<p><span style=\"font-weight: 400;\">Contactez-nous pour une proposition personnalis\u00e9e et laissez-nous transformer votre visite \u00e0 Porto en une aventure inoubliable.<\/span><\/p>\n<h2><b>Visite priv\u00e9e de 3 heures \u00e0 pied de Porto | Points forts<\/b><\/h2>\n<ul>\n<li style=\"font-weight: 400;\" aria-level=\"1\"><b>Mercado da Bolhao <\/b><span style=\"font-weight: 400;\">: Plongez dans la culture locale au march\u00e9 principal de Porto, o\u00f9 la vie quotidienne de la ville se d\u00e9roule parmi les \u00e9tals de produits frais, de fruits de mer et autres.<\/span><\/li>\n<li style=\"font-weight: 400;\" aria-level=\"1\"><b>\u00c9glises de Capela das Almas et du Carmo <\/b><span style=\"font-weight: 400;\">: Admirez les magnifiques azulejos (tuiles traditionnelles) qui ornent ces \u00e9glises historiques, chacune racontant une histoire de foi et d&#8217;art.<\/span><\/li>\n<li style=\"font-weight: 400;\" aria-level=\"1\"><b>Miradouro da Vit\u00f3ria :<\/b><span style=\"font-weight: 400;\"> Profitez de l&#8217;une des meilleures vues sur Porto, o\u00f9 le centre historique de la ville, la Ribeira et la cath\u00e9drale forment un panorama spectaculaire.<\/span><\/li>\n<li style=\"font-weight: 400;\" aria-level=\"1\"><b>Librairie Lello &amp; Irmao :<\/b><span style=\"font-weight: 400;\"> Entrez dans un monde de magie litt\u00e9raire dans cette librairie enchanteresse, connue pour son architecture unique et comme source d&#8217;inspiration pour la s\u00e9rie Harry Potter.<\/span><\/li>\n<li style=\"font-weight: 400;\" aria-level=\"1\"><b>Tour de Cl\u00e9rigos <\/b><span style=\"font-weight: 400;\">: Relevez le d\u00e9fi de l&#8217;ascension de cette tour embl\u00e9matique et vous serez r\u00e9compens\u00e9 par l&#8217;une des vues les plus \u00e9poustouflantes sur le paysage architectural vari\u00e9 de Porto.<\/span><\/li>\n<li style=\"font-weight: 400;\" aria-level=\"1\"><b>Le quartier de Ribeira : <\/b><span style=\"font-weight: 400;\">Terminez votre visite au c\u0153ur de la sc\u00e8ne sociale de Porto, o\u00f9 le fleuve Douro constitue une toile de fond pittoresque pour un quartier rempli de bars anim\u00e9s, de restaurants et de caves \u00e0 vin traditionnelles.<\/span><\/li>\n<\/ul>\n<h2><b>Explorez davantage avec Tour Travel and More<\/b><\/h2>\n<p><a href=\"https:\/\/tourtravelandmore.com\/fr\/city\/portugal-fr\/porto-fr\/\"><span style=\"font-weight: 400;\">Pour ceux qui souhaitent d\u00e9couvrir plus en profondeur les merveilles de Porto et d&#8217;ailleurs,<\/span><\/a><span style=\"font-weight: 400;\"> Tour Travel and More propose un large \u00e9ventail de visites priv\u00e9es dans la ville et ses environs. Des plong\u00e9es culturelles aux escapades culinaires, nos exp\u00e9riences sur mesure sont con\u00e7ues pour r\u00e9pondre aux besoins de chaque voyageur. Visitez notre site Web pour d\u00e9couvrir notre gamme de circuits exclusifs et commencer \u00e0 planifier votre prochain voyage inoubliable.<\/span><\/p>\n","protected":false},"excerpt":{"rendered":"<p><span style=\"font-weight: 400;\">Plongez au c\u0153ur de Porto avec notre visite priv\u00e9e \u00e0 pied de 3 heures. D\u00e9couvrez l&#8217;histoire, la culture et l&#8217;art de la ville de premi\u00e8re main avec un guide expert local. Les points forts sont le Mercado da Bolhao, la librairie Lello &amp; Irmao, la tour Cl\u00e9rigos et le quartier anim\u00e9 de Ribeira. Rejoignez-nous pour une exploration m\u00e9morable de l&#8217;une des villes les plus enchanteresses d&#8217;Europe.<\/span><\/p>\n<p>&nbsp;<\/p>\n","protected":false},"featured_media":94418,"comment_status":"open","ping_status":"closed","template":"","meta":{"_acf_changed":false},"product_brand":[],"product_cat":[4551,4555,3671],"product_tag":[],"class_list":{"0":"post-101554","1":"product","2":"type-product","3":"status-publish","4":"has-post-thumbnail","6":"product_cat-toutes-les-visites-et-activites-privees","7":"product_cat-visites-a-pied-privees-fr-2","8":"product_cat-porto-fr","10":"first","11":"instock","12":"shipping-taxable","13":"purchasable","14":"product-type-simple"},"acf":[],"yoast_head":"<!-- This site is optimized with the Yoast SEO Premium plugin v25.3.1 (Yoast SEO v25.3.1) - https:\/\/yoast.com\/wordpress\/plugins\/seo\/ -->\n<title>\u27a1\ufe0f Explorez le riche patrimoine de Porto avec notre visite \u00e0 pied priv\u00e9e de 3 heures \u2705<\/title>\n<meta name=\"description\" content=\"D\u00e9couvrez les sites culturels et les joyaux cach\u00e9s de Porto lors d&#039;une visite \u00e0 pied priv\u00e9e de 3 heures avec un guide expert. Des exp\u00e9riences sur mesure et des aper\u00e7us exclusifs de l&#039;histoire de la ville. \u2705\" \/>\n<meta name=\"robots\" content=\"index, follow, max-snippet:-1, max-image-preview:large, max-video-preview:-1\" \/>\n<link rel=\"canonical\" href=\"https:\/\/tourtravelandmore.com\/fr\/tours\/portugal-fr\/porto-fr\/toutes-les-visites-et-activites-privees\/visite-privee-a-pied-de-4-heures-de-porto\/\" \/>\n<meta property=\"og:locale\" content=\"fr_FR\" \/>\n<meta property=\"og:type\" content=\"article\" \/>\n<meta property=\"og:title\" content=\"Visite priv\u00e9e \u00e0 pied de Porto (3 heures)\" \/>\n<meta property=\"og:description\" content=\"D\u00e9couvrez les sites culturels et les joyaux cach\u00e9s de Porto lors d&#039;une visite \u00e0 pied priv\u00e9e de 3 heures avec un guide expert. Des exp\u00e9riences sur mesure et des aper\u00e7us exclusifs de l&#039;histoire de la ville. \u2705\" \/>\n<meta property=\"og:url\" content=\"https:\/\/tourtravelandmore.com\/fr\/tours\/portugal-fr\/porto-fr\/toutes-les-visites-et-activites-privees\/visite-privee-a-pied-de-4-heures-de-porto\/\" \/>\n<meta property=\"og:site_name\" content=\"Tour Travel And More\" \/>\n<meta property=\"article:publisher\" content=\"https:\/\/www.facebook.com\/tourtravelandmore\/\" \/>\n<meta property=\"article:modified_time\" content=\"2023-12-29T13:45:44+00:00\" \/>\n<meta property=\"og:image\" content=\"https:\/\/tourtravelandmore.com\/wp-content\/uploads\/2017\/11\/porto-unesco.jpg\" \/>\n\t<meta property=\"og:image:width\" content=\"1280\" \/>\n\t<meta property=\"og:image:height\" content=\"893\" \/>\n\t<meta property=\"og:image:type\" content=\"image\/jpeg\" \/>\n<meta name=\"twitter:card\" content=\"summary_large_image\" \/>\n<meta name=\"twitter:site\" content=\"@TourTravel_More\" \/>\n<meta name=\"twitter:label1\" content=\"Dur\u00e9e de lecture estim\u00e9e\" \/>\n\t<meta name=\"twitter:data1\" content=\"3 minutes\" \/>\n<script type=\"application\/ld+json\" class=\"yoast-schema-graph\">{\"@context\":\"https:\/\/schema.org\",\"@graph\":[{\"@type\":\"WebPage\",\"@id\":\"https:\/\/tourtravelandmore.com\/fr\/tours\/portugal-fr\/porto-fr\/toutes-les-visites-et-activites-privees\/visite-privee-a-pied-de-4-heures-de-porto\/\",\"url\":\"https:\/\/tourtravelandmore.com\/fr\/tours\/portugal-fr\/porto-fr\/toutes-les-visites-et-activites-privees\/visite-privee-a-pied-de-4-heures-de-porto\/\",\"name\":\"\u27a1\ufe0f Explorez le riche patrimoine de Porto avec notre visite \u00e0 pied priv\u00e9e de 3 heures \u2705\",\"isPartOf\":{\"@id\":\"https:\/\/tourtravelandmore.com\/fr\/#website\"},\"primaryImageOfPage\":{\"@id\":\"https:\/\/tourtravelandmore.com\/fr\/tours\/portugal-fr\/porto-fr\/toutes-les-visites-et-activites-privees\/visite-privee-a-pied-de-4-heures-de-porto\/#primaryimage\"},\"image\":{\"@id\":\"https:\/\/tourtravelandmore.com\/fr\/tours\/portugal-fr\/porto-fr\/toutes-les-visites-et-activites-privees\/visite-privee-a-pied-de-4-heures-de-porto\/#primaryimage\"},\"thumbnailUrl\":\"https:\/\/tourtravelandmore.com\/wp-content\/uploads\/2017\/11\/porto-unesco.jpg\",\"datePublished\":\"2017-11-10T12:58:28+00:00\",\"dateModified\":\"2023-12-29T13:45:44+00:00\",\"description\":\"D\u00e9couvrez les sites culturels et les joyaux cach\u00e9s de Porto lors d'une visite \u00e0 pied priv\u00e9e de 3 heures avec un guide expert. Des exp\u00e9riences sur mesure et des aper\u00e7us exclusifs de l'histoire de la ville. \u2705\",\"breadcrumb\":{\"@id\":\"https:\/\/tourtravelandmore.com\/fr\/tours\/portugal-fr\/porto-fr\/toutes-les-visites-et-activites-privees\/visite-privee-a-pied-de-4-heures-de-porto\/#breadcrumb\"},\"inLanguage\":\"fr-FR\",\"potentialAction\":[{\"@type\":\"ReadAction\",\"target\":[\"https:\/\/tourtravelandmore.com\/fr\/tours\/portugal-fr\/porto-fr\/toutes-les-visites-et-activites-privees\/visite-privee-a-pied-de-4-heures-de-porto\/\"]}]},{\"@type\":\"ImageObject\",\"inLanguage\":\"fr-FR\",\"@id\":\"https:\/\/tourtravelandmore.com\/fr\/tours\/portugal-fr\/porto-fr\/toutes-les-visites-et-activites-privees\/visite-privee-a-pied-de-4-heures-de-porto\/#primaryimage\",\"url\":\"https:\/\/tourtravelandmore.com\/wp-content\/uploads\/2017\/11\/porto-unesco.jpg\",\"contentUrl\":\"https:\/\/tourtravelandmore.com\/wp-content\/uploads\/2017\/11\/porto-unesco.jpg\",\"width\":1280,\"height\":893},{\"@type\":\"BreadcrumbList\",\"@id\":\"https:\/\/tourtravelandmore.com\/fr\/tours\/portugal-fr\/porto-fr\/toutes-les-visites-et-activites-privees\/visite-privee-a-pied-de-4-heures-de-porto\/#breadcrumb\",\"itemListElement\":[{\"@type\":\"ListItem\",\"position\":1,\"name\":\"Home\",\"item\":\"https:\/\/tourtravelandmore.com\/fr\/\"},{\"@type\":\"ListItem\",\"position\":2,\"name\":\"Tours\",\"item\":\"https:\/\/tourtravelandmore.com\/fr\/tours\/\"},{\"@type\":\"ListItem\",\"position\":3,\"name\":\"Visite priv\u00e9e \u00e0 pied de Porto (3 heures)\"}]},{\"@type\":\"WebSite\",\"@id\":\"https:\/\/tourtravelandmore.com\/fr\/#website\",\"url\":\"https:\/\/tourtravelandmore.com\/fr\/\",\"name\":\"Tour Travel And More\",\"description\":\"Private sightseeing tours and luxury transfers in Spain\",\"publisher\":{\"@id\":\"https:\/\/tourtravelandmore.com\/fr\/#organization\"},\"potentialAction\":[{\"@type\":\"SearchAction\",\"target\":{\"@type\":\"EntryPoint\",\"urlTemplate\":\"https:\/\/tourtravelandmore.com\/fr\/?s={search_term_string}\"},\"query-input\":{\"@type\":\"PropertyValueSpecification\",\"valueRequired\":true,\"valueName\":\"search_term_string\"}}],\"inLanguage\":\"fr-FR\"},{\"@type\":\"Organization\",\"@id\":\"https:\/\/tourtravelandmore.com\/fr\/#organization\",\"name\":\"Tour Travel And More\",\"url\":\"https:\/\/tourtravelandmore.com\/fr\/\",\"logo\":{\"@type\":\"ImageObject\",\"inLanguage\":\"fr-FR\",\"@id\":\"https:\/\/tourtravelandmore.com\/fr\/#\/schema\/logo\/image\/\",\"url\":\"https:\/\/tourtravelandmore.com\/wp-content\/uploads\/2022\/12\/cropped-logo-cabecera-new.png\",\"contentUrl\":\"https:\/\/tourtravelandmore.com\/wp-content\/uploads\/2022\/12\/cropped-logo-cabecera-new.png\",\"width\":430,\"height\":61,\"caption\":\"Tour Travel And More\"},\"image\":{\"@id\":\"https:\/\/tourtravelandmore.com\/fr\/#\/schema\/logo\/image\/\"},\"sameAs\":[\"https:\/\/www.facebook.com\/tourtravelandmore\/\",\"https:\/\/x.com\/TourTravel_More\"]}]}<\/script>\n<!-- \/ Yoast SEO Premium plugin. -->","yoast_head_json":{"title":"\u27a1\ufe0f Explorez le riche patrimoine de Porto avec notre visite \u00e0 pied priv\u00e9e de 3 heures \u2705","description":"D\u00e9couvrez les sites culturels et les joyaux cach\u00e9s de Porto lors d'une visite \u00e0 pied priv\u00e9e de 3 heures avec un guide expert. Des exp\u00e9riences sur mesure et des aper\u00e7us exclusifs de l'histoire de la ville. \u2705","robots":{"index":"index","follow":"follow","max-snippet":"max-snippet:-1","max-image-preview":"max-image-preview:large","max-video-preview":"max-video-preview:-1"},"canonical":"https:\/\/tourtravelandmore.com\/fr\/tours\/portugal-fr\/porto-fr\/toutes-les-visites-et-activites-privees\/visite-privee-a-pied-de-4-heures-de-porto\/","og_locale":"fr_FR","og_type":"article","og_title":"Visite priv\u00e9e \u00e0 pied de Porto (3 heures)","og_description":"D\u00e9couvrez les sites culturels et les joyaux cach\u00e9s de Porto lors d'une visite \u00e0 pied priv\u00e9e de 3 heures avec un guide expert. Des exp\u00e9riences sur mesure et des aper\u00e7us exclusifs de l'histoire de la ville. \u2705","og_url":"https:\/\/tourtravelandmore.com\/fr\/tours\/portugal-fr\/porto-fr\/toutes-les-visites-et-activites-privees\/visite-privee-a-pied-de-4-heures-de-porto\/","og_site_name":"Tour Travel And More","article_publisher":"https:\/\/www.facebook.com\/tourtravelandmore\/","article_modified_time":"2023-12-29T13:45:44+00:00","og_image":[{"width":1280,"height":893,"url":"https:\/\/tourtravelandmore.com\/wp-content\/uploads\/2017\/11\/porto-unesco.jpg","type":"image\/jpeg"}],"twitter_card":"summary_large_image","twitter_site":"@TourTravel_More","twitter_misc":{"Dur\u00e9e de lecture estim\u00e9e":"3 minutes"},"schema":{"@context":"https:\/\/schema.org","@graph":[{"@type":"WebPage","@id":"https:\/\/tourtravelandmore.com\/fr\/tours\/portugal-fr\/porto-fr\/toutes-les-visites-et-activites-privees\/visite-privee-a-pied-de-4-heures-de-porto\/","url":"https:\/\/tourtravelandmore.com\/fr\/tours\/portugal-fr\/porto-fr\/toutes-les-visites-et-activites-privees\/visite-privee-a-pied-de-4-heures-de-porto\/","name":"\u27a1\ufe0f Explorez le riche patrimoine de Porto avec notre visite \u00e0 pied priv\u00e9e de 3 heures \u2705","isPartOf":{"@id":"https:\/\/tourtravelandmore.com\/fr\/#website"},"primaryImageOfPage":{"@id":"https:\/\/tourtravelandmore.com\/fr\/tours\/portugal-fr\/porto-fr\/toutes-les-visites-et-activites-privees\/visite-privee-a-pied-de-4-heures-de-porto\/#primaryimage"},"image":{"@id":"https:\/\/tourtravelandmore.com\/fr\/tours\/portugal-fr\/porto-fr\/toutes-les-visites-et-activites-privees\/visite-privee-a-pied-de-4-heures-de-porto\/#primaryimage"},"thumbnailUrl":"https:\/\/tourtravelandmore.com\/wp-content\/uploads\/2017\/11\/porto-unesco.jpg","datePublished":"2017-11-10T12:58:28+00:00","dateModified":"2023-12-29T13:45:44+00:00","description":"D\u00e9couvrez les sites culturels et les joyaux cach\u00e9s de Porto lors d'une visite \u00e0 pied priv\u00e9e de 3 heures avec un guide expert. Des exp\u00e9riences sur mesure et des aper\u00e7us exclusifs de l'histoire de la ville. \u2705","breadcrumb":{"@id":"https:\/\/tourtravelandmore.com\/fr\/tours\/portugal-fr\/porto-fr\/toutes-les-visites-et-activites-privees\/visite-privee-a-pied-de-4-heures-de-porto\/#breadcrumb"},"inLanguage":"fr-FR","potentialAction":[{"@type":"ReadAction","target":["https:\/\/tourtravelandmore.com\/fr\/tours\/portugal-fr\/porto-fr\/toutes-les-visites-et-activites-privees\/visite-privee-a-pied-de-4-heures-de-porto\/"]}]},{"@type":"ImageObject","inLanguage":"fr-FR","@id":"https:\/\/tourtravelandmore.com\/fr\/tours\/portugal-fr\/porto-fr\/toutes-les-visites-et-activites-privees\/visite-privee-a-pied-de-4-heures-de-porto\/#primaryimage","url":"https:\/\/tourtravelandmore.com\/wp-content\/uploads\/2017\/11\/porto-unesco.jpg","contentUrl":"https:\/\/tourtravelandmore.com\/wp-content\/uploads\/2017\/11\/porto-unesco.jpg","width":1280,"height":893},{"@type":"BreadcrumbList","@id":"https:\/\/tourtravelandmore.com\/fr\/tours\/portugal-fr\/porto-fr\/toutes-les-visites-et-activites-privees\/visite-privee-a-pied-de-4-heures-de-porto\/#breadcrumb","itemListElement":[{"@type":"ListItem","position":1,"name":"Home","item":"https:\/\/tourtravelandmore.com\/fr\/"},{"@type":"ListItem","position":2,"name":"Tours","item":"https:\/\/tourtravelandmore.com\/fr\/tours\/"},{"@type":"ListItem","position":3,"name":"Visite priv\u00e9e \u00e0 pied de Porto (3 heures)"}]},{"@type":"WebSite","@id":"https:\/\/tourtravelandmore.com\/fr\/#website","url":"https:\/\/tourtravelandmore.com\/fr\/","name":"Tour Travel And More","description":"Private sightseeing tours and luxury transfers in Spain","publisher":{"@id":"https:\/\/tourtravelandmore.com\/fr\/#organization"},"potentialAction":[{"@type":"SearchAction","target":{"@type":"EntryPoint","urlTemplate":"https:\/\/tourtravelandmore.com\/fr\/?s={search_term_string}"},"query-input":{"@type":"PropertyValueSpecification","valueRequired":true,"valueName":"search_term_string"}}],"inLanguage":"fr-FR"},{"@type":"Organization","@id":"https:\/\/tourtravelandmore.com\/fr\/#organization","name":"Tour Travel And More","url":"https:\/\/tourtravelandmore.com\/fr\/","logo":{"@type":"ImageObject","inLanguage":"fr-FR","@id":"https:\/\/tourtravelandmore.com\/fr\/#\/schema\/logo\/image\/","url":"https:\/\/tourtravelandmore.com\/wp-content\/uploads\/2022\/12\/cropped-logo-cabecera-new.png","contentUrl":"https:\/\/tourtravelandmore.com\/wp-content\/uploads\/2022\/12\/cropped-logo-cabecera-new.png","width":430,"height":61,"caption":"Tour Travel And More"},"image":{"@id":"https:\/\/tourtravelandmore.com\/fr\/#\/schema\/logo\/image\/"},"sameAs":["https:\/\/www.facebook.com\/tourtravelandmore\/","https:\/\/x.com\/TourTravel_More"]}]}},"_links":{"self":[{"href":"https:\/\/tourtravelandmore.com\/fr\/wp-json\/wp\/v2\/product\/101554","targetHints":{"allow":["GET"]}}],"collection":[{"href":"https:\/\/tourtravelandmore.com\/fr\/wp-json\/wp\/v2\/product"}],"about":[{"href":"https:\/\/tourtravelandmore.com\/fr\/wp-json\/wp\/v2\/types\/product"}],"replies":[{"embeddable":true,"href":"https:\/\/tourtravelandmore.com\/fr\/wp-json\/wp\/v2\/comments?post=101554"}],"wp:featuredmedia":[{"embeddable":true,"href":"https:\/\/tourtravelandmore.com\/fr\/wp-json\/wp\/v2\/media\/94418"}],"wp:attachment":[{"href":"https:\/\/tourtravelandmore.com\/fr\/wp-json\/wp\/v2\/media?parent=101554"}],"wp:term":[{"taxonomy":"product_brand","embeddable":true,"href":"https:\/\/tourtravelandmore.com\/fr\/wp-json\/wp\/v2\/product_brand?post=101554"},{"taxonomy":"product_cat","embeddable":true,"href":"https:\/\/tourtravelandmore.com\/fr\/wp-json\/wp\/v2\/product_cat?post=101554"},{"taxonomy":"product_tag","embeddable":true,"href":"https:\/\/tourtravelandmore.com\/fr\/wp-json\/wp\/v2\/product_tag?post=101554"}],"curies":[{"name":"wp","href":"https:\/\/api.w.org\/{rel}","templated":true}]}}