{"id":101549,"date":"2017-11-09T13:51:16","date_gmt":"2017-11-09T12:51:16","guid":{"rendered":"https:\/\/tourtravelandmore.com\/tours\/non%20class\u00e9\/visite-privee-de-la-ville-de-4-heures\/"},"modified":"2023-12-04T12:38:28","modified_gmt":"2023-12-04T11:38:28","slug":"visite-privee-de-la-ville-de-4-heures","status":"publish","type":"product","link":"https:\/\/tourtravelandmore.com\/fr\/tours\/portugal-fr\/porto-fr\/toutes-les-visites-et-activites-privees\/visite-privee-de-la-ville-de-4-heures\/","title":{"rendered":"Visite priv\u00e9e d&#8217;une demi-journ\u00e9e de Porto"},"content":{"rendered":"<h2><b>Description de la visite priv\u00e9e d&#8217;une demi-journ\u00e9e \u00e0 Porto<\/b><\/h2>\n<p><span style=\"font-weight: 400;\">Plongez dans la splendeur de Porto, une ville o\u00f9 l&#8217;histoire coule aussi vivement que le fleuve Douro qui l&#8217;embrasse. Notre visite priv\u00e9e d&#8217;une demi-journ\u00e9e de Porto est m\u00e9ticuleusement con\u00e7ue pour vous offrir une rencontre intime avec l&#8217;\u00e2me de la ville, en combinant l&#8217;expertise d&#8217;un guide local avec le confort d&#8217;un v\u00e9hicule priv\u00e9 de luxe.<\/span><\/p>\n<p><span style=\"font-weight: 400;\">D\u00e8s que notre guide et notre chauffeur vous accueillent \u00e0 l&#8217;endroit de votre choix, qu&#8217;il s&#8217;agisse de votre h\u00f4tel ou d&#8217;un point central de Porto, votre voyage au c\u0153ur de cette ville class\u00e9e au patrimoine mondial de l&#8217;UNESCO commence. Cette visite de 4 heures est adapt\u00e9e \u00e0 vos int\u00e9r\u00eats, garantissant une exp\u00e9rience sur mesure qui d\u00e9voile les joyaux cach\u00e9s et les sites c\u00e9l\u00e8bres de Porto.<\/span><\/p>\n<p><span style=\"font-weight: 400;\">Avec Tour Travel and More, chaque aspect de votre visite est modulable, de l&#8217;itin\u00e9raire \u00e0 la dur\u00e9e, afin que votre s\u00e9jour \u00e0 Porto soit aussi enrichissant qu&#8217;agr\u00e9able. Que vous soyez f\u00e9ru d&#8217;histoire, amateur d&#8217;art ou simplement d\u00e9sireux de vous impr\u00e9gner de la culture locale, notre \u00e9quipe d&#8217;experts se consacre \u00e0 l&#8217;\u00e9laboration de l&#8217;exp\u00e9rience parfaite \u00e0 Porto.<\/span><\/p>\n<p><span style=\"font-weight: 400;\">En parcourant les charmantes rues de Porto, chaque pas est une promenade dans le temps. L&#8217;architecture historique de la ville, du baroque au moderne, se d\u00e9ploie autour de vous, r\u00e9v\u00e9lant des couches d&#8217;histoire et de culture. En compagnie d&#8217;un guide comp\u00e9tent, vous d\u00e9couvrirez l&#8217;histoire des c\u00e9l\u00e8bres azulejos (carreaux de c\u00e9ramique) qui ornent de nombreux b\u00e2timents, cr\u00e9ant ainsi une vibrante tapisserie d&#8217;art et d&#8217;histoire. Votre guide vous fera revivre les histoires de personnages c\u00e9l\u00e8bres qui ont fa\u00e7onn\u00e9 Porto, du prince Henri le Navigateur aux artistes locaux contemporains. Cette visite n&#8217;est pas seulement une exp\u00e9rience touristique, c&#8217;est une immersion dans le c\u0153ur m\u00eame de Porto, o\u00f9 chaque coin de rue offre une nouvelle d\u00e9couverte, et o\u00f9 chaque moment est une occasion de se connecter plus profond\u00e9ment avec cette ville extraordinaire.<\/span><\/p>\n<h2><b>Points forts de la visite priv\u00e9e d&#8217;une demi-journ\u00e9e de Porto<\/b><\/h2>\n<ul>\n<li style=\"font-weight: 400;\" aria-level=\"1\"><b>Caf\u00e9 Majestic :<\/b><span style=\"font-weight: 400;\"> Entrez dans un monde d&#8217;\u00e9l\u00e9gance dans l&#8217;un des caf\u00e9s les plus historiques de Porto, o\u00f9 l&#8217;ambiance du d\u00e9but du XXe si\u00e8cle a \u00e9t\u00e9 pr\u00e9serv\u00e9e. C&#8217;est plus qu&#8217;un arr\u00eat caf\u00e9, c&#8217;est le point de convergence de l&#8217;histoire et de la culture.<\/span><\/li>\n<li style=\"font-weight: 400;\" aria-level=\"1\"><b>March\u00e9 de Bolhao <\/b><span style=\"font-weight: 400;\">: Explorez les couleurs vives et l&#8217;atmosph\u00e8re anim\u00e9e de ce march\u00e9 traditionnel, v\u00e9ritable reflet de la vie locale de Porto. Vous pourrez y rencontrer des vendeurs sympathiques et peut-\u00eatre go\u00fbter aux d\u00e9lices culinaires de Porto.<\/span><\/li>\n<li style=\"font-weight: 400;\" aria-level=\"1\"><b>\u00c9glises historiques : <\/b><span style=\"font-weight: 400;\">Visitez la majestueuse Capela das Almas, l&#8217;Igreja do Carmo et l&#8217;Igreja dos Carmelitas, toutes orn\u00e9es d&#8217;azulejos (tuiles) complexes et racontant chacune une histoire diff\u00e9rente de l&#8217;h\u00e9ritage religieux de Porto.<\/span><\/li>\n<li style=\"font-weight: 400;\" aria-level=\"1\"><b>Miradouro da Vit\u00f3ria :<\/b><span style=\"font-weight: 400;\"> Offrant l&#8217;une des meilleures vues de Porto, cet endroit est id\u00e9al pour prendre des photos panoramiques de la ville, de la Ribeira et de l&#8217;embl\u00e9matique pont Dom Luis I.<\/span><\/li>\n<li style=\"font-weight: 400;\" aria-level=\"1\"><b>Librairie Lello &amp; Irmao :<\/b><span style=\"font-weight: 400;\"> Reconnue comme l&#8217;une des plus belles librairies du monde, Lello &amp; Irmao est une merveille de design art nouveau. C&#8217;est un havre pour les amoureux des livres et une source d&#8217;inspiration pour les artistes et les \u00e9crivains du monde entier.<\/span><\/li>\n<li style=\"font-weight: 400;\" aria-level=\"1\"><b>District de Ribeira et fleuve Douro : <\/b><span style=\"font-weight: 400;\">Terminez votre visite par une promenade le long de la Ribeira, en vous impr\u00e9gnant de l&#8217;atmosph\u00e8re anim\u00e9e qui r\u00e8gne au bord du fleuve Douro. Ce quartier est id\u00e9al pour d\u00e9couvrir le c\u00e9l\u00e8bre porto de Porto et l&#8217;exquise cuisine locale.<\/span><\/li>\n<li style=\"font-weight: 400;\" aria-level=\"1\"><b>Tour Clerigos :<\/b><span style=\"font-weight: 400;\"> La tour Clerigos, l&#8217;un des monuments les plus embl\u00e9matiques de Porto, offre une vue incomparable sur la ville. L&#8217;ascension de ses marches \u00e9troites m\u00e8ne \u00e0 une vue \u00e0 couper le souffle, ce qui en fait une visite incontournable pour ceux qui cherchent \u00e0 capturer l&#8217;essence de Porto d&#8217;en haut.<\/span><\/li>\n<li style=\"font-weight: 400;\" aria-level=\"1\"><b>Palacio da Bolsa :<\/b><span style=\"font-weight: 400;\"> Le palais de la Bourse, merveille n\u00e9oclassique, est un symbole de l&#8217;histoire \u00e9conomique de Porto. Ses int\u00e9rieurs orn\u00e9s, en particulier la salle arabe, t\u00e9moignent du riche patrimoine architectural et culturel de la ville.<\/span><\/li>\n<li style=\"font-weight: 400;\" aria-level=\"1\"><b>Gare ferroviaire de Sao Bento :<\/b><span style=\"font-weight: 400;\"> Connue pour ses \u00e9tonnants panneaux d&#8217;azulejos repr\u00e9sentant des sc\u00e8nes historiques et culturelles du Portugal, la gare de Sao Bento est plus qu&#8217;un centre de transport : c&#8217;est une galerie d&#8217;art et d&#8217;histoire portugaise, qui invite les voyageurs \u00e0 s&#8217;arr\u00eater pour l&#8217;admirer.<\/span><\/li>\n<\/ul>\n<h3><b>Personnalisez votre exp\u00e9rience \u00e0 Porto<\/b><\/h3>\n<p><span style=\"font-weight: 400;\">Chez Tour Travel and More, nous sommes sp\u00e9cialis\u00e9s dans la cr\u00e9ation d&#8217;exp\u00e9riences de voyage uniques et personnalis\u00e9es. <\/span><a href=\"https:\/\/tourtravelandmore.com\/fr\/city\/portugal-fr\/porto-fr\/\"><span style=\"font-weight: 400;\">Que vous souhaitiez explorer la sc\u00e8ne culinaire de Porto, <\/span><\/a><span style=\"font-weight: 400;\">approfondir son art et son architecture ou simplement vous impr\u00e9gner de l&#8217;ambiance locale, nous sommes l\u00e0 pour vous aider. Visitez notre site Web \u00e0 Tour Travel and More pour d\u00e9couvrir notre vaste gamme de visites priv\u00e9es et commencer \u00e0 planifier votre voyage inoubliable \u00e0 Porto.<\/span><\/p>\n","protected":false},"excerpt":{"rendered":"<p><span style=\"font-weight: 400;\">Embarquez pour une visite priv\u00e9e d&#8217;une demi-journ\u00e9e de Porto d&#8217;une dur\u00e9e de 4 heures et d\u00e9couvrez la riche histoire et la culture vibrante de la ville. Avec un guide priv\u00e9 et un v\u00e9hicule de luxe, explorez des sites embl\u00e9matiques comme le Caf\u00e9 Majestic, le march\u00e9 Bolhao, la librairie Lello &amp; Irmao, et le quartier pittoresque de Ribeira. Adaptez votre voyage \u00e0 vos centres d&#8217;int\u00e9r\u00eat pour vivre une exp\u00e9rience inoubliable \u00e0 Porto.<\/span><\/p>\n","protected":false},"featured_media":94411,"comment_status":"open","ping_status":"closed","template":"","meta":{"_acf_changed":false},"product_brand":[],"product_cat":[4551,4553,3671],"product_tag":[],"class_list":{"0":"post-101549","1":"product","2":"type-product","3":"status-publish","4":"has-post-thumbnail","6":"product_cat-toutes-les-visites-et-activites-privees","7":"product_cat-visites-guidees-privees-fr-7","8":"product_cat-porto-fr","10":"first","11":"instock","12":"shipping-taxable","13":"purchasable","14":"product-type-simple"},"acf":[],"yoast_head":"<!-- This site is optimized with the Yoast SEO Premium plugin v25.3.1 (Yoast SEO v25.3.1) - https:\/\/yoast.com\/wordpress\/plugins\/seo\/ -->\n<title>\u27a1\ufe0f D\u00e9couvrez la riche culture de Porto avec notre visite priv\u00e9e d&#039;une demi-journ\u00e9e \u2705<\/title>\n<meta name=\"description\" content=\"Plongez dans le charme historique de Porto avec une visite priv\u00e9e d&#039;une demi-journ\u00e9e. Explorez les sites embl\u00e9matiques, d\u00e9gustez les saveurs locales et b\u00e9n\u00e9ficiez des conseils d&#039;un guide expert. R\u00e9servez d\u00e8s maintenant ! \u2705\" \/>\n<meta name=\"robots\" content=\"index, follow, max-snippet:-1, max-image-preview:large, max-video-preview:-1\" \/>\n<link rel=\"canonical\" href=\"https:\/\/tourtravelandmore.com\/fr\/tours\/portugal-fr\/porto-fr\/toutes-les-visites-et-activites-privees\/visite-privee-de-la-ville-de-4-heures\/\" \/>\n<meta property=\"og:locale\" content=\"fr_FR\" \/>\n<meta property=\"og:type\" content=\"article\" \/>\n<meta property=\"og:title\" content=\"Visite priv\u00e9e d&#039;une demi-journ\u00e9e de Porto\" \/>\n<meta property=\"og:description\" content=\"Plongez dans le charme historique de Porto avec une visite priv\u00e9e d&#039;une demi-journ\u00e9e. Explorez les sites embl\u00e9matiques, d\u00e9gustez les saveurs locales et b\u00e9n\u00e9ficiez des conseils d&#039;un guide expert. R\u00e9servez d\u00e8s maintenant ! \u2705\" \/>\n<meta property=\"og:url\" content=\"https:\/\/tourtravelandmore.com\/fr\/tours\/portugal-fr\/porto-fr\/toutes-les-visites-et-activites-privees\/visite-privee-de-la-ville-de-4-heures\/\" \/>\n<meta property=\"og:site_name\" content=\"Tour Travel And More\" \/>\n<meta property=\"article:publisher\" content=\"https:\/\/www.facebook.com\/tourtravelandmore\/\" \/>\n<meta property=\"article:modified_time\" content=\"2023-12-04T11:38:28+00:00\" \/>\n<meta property=\"og:image\" content=\"https:\/\/tourtravelandmore.com\/wp-content\/uploads\/2017\/11\/porto-1.jpg\" \/>\n\t<meta property=\"og:image:width\" content=\"1314\" \/>\n\t<meta property=\"og:image:height\" content=\"600\" \/>\n\t<meta property=\"og:image:type\" content=\"image\/jpeg\" \/>\n<meta name=\"twitter:card\" content=\"summary_large_image\" \/>\n<meta name=\"twitter:site\" content=\"@TourTravel_More\" \/>\n<meta name=\"twitter:label1\" content=\"Dur\u00e9e de lecture estim\u00e9e\" \/>\n\t<meta name=\"twitter:data1\" content=\"4 minutes\" \/>\n<script type=\"application\/ld+json\" class=\"yoast-schema-graph\">{\"@context\":\"https:\/\/schema.org\",\"@graph\":[{\"@type\":\"WebPage\",\"@id\":\"https:\/\/tourtravelandmore.com\/fr\/tours\/portugal-fr\/porto-fr\/toutes-les-visites-et-activites-privees\/visite-privee-de-la-ville-de-4-heures\/\",\"url\":\"https:\/\/tourtravelandmore.com\/fr\/tours\/portugal-fr\/porto-fr\/toutes-les-visites-et-activites-privees\/visite-privee-de-la-ville-de-4-heures\/\",\"name\":\"\u27a1\ufe0f D\u00e9couvrez la riche culture de Porto avec notre visite priv\u00e9e d'une demi-journ\u00e9e \u2705\",\"isPartOf\":{\"@id\":\"https:\/\/tourtravelandmore.com\/fr\/#website\"},\"primaryImageOfPage\":{\"@id\":\"https:\/\/tourtravelandmore.com\/fr\/tours\/portugal-fr\/porto-fr\/toutes-les-visites-et-activites-privees\/visite-privee-de-la-ville-de-4-heures\/#primaryimage\"},\"image\":{\"@id\":\"https:\/\/tourtravelandmore.com\/fr\/tours\/portugal-fr\/porto-fr\/toutes-les-visites-et-activites-privees\/visite-privee-de-la-ville-de-4-heures\/#primaryimage\"},\"thumbnailUrl\":\"https:\/\/tourtravelandmore.com\/wp-content\/uploads\/2017\/11\/porto-1.jpg\",\"datePublished\":\"2017-11-09T12:51:16+00:00\",\"dateModified\":\"2023-12-04T11:38:28+00:00\",\"description\":\"Plongez dans le charme historique de Porto avec une visite priv\u00e9e d'une demi-journ\u00e9e. Explorez les sites embl\u00e9matiques, d\u00e9gustez les saveurs locales et b\u00e9n\u00e9ficiez des conseils d'un guide expert. R\u00e9servez d\u00e8s maintenant ! \u2705\",\"breadcrumb\":{\"@id\":\"https:\/\/tourtravelandmore.com\/fr\/tours\/portugal-fr\/porto-fr\/toutes-les-visites-et-activites-privees\/visite-privee-de-la-ville-de-4-heures\/#breadcrumb\"},\"inLanguage\":\"fr-FR\",\"potentialAction\":[{\"@type\":\"ReadAction\",\"target\":[\"https:\/\/tourtravelandmore.com\/fr\/tours\/portugal-fr\/porto-fr\/toutes-les-visites-et-activites-privees\/visite-privee-de-la-ville-de-4-heures\/\"]}]},{\"@type\":\"ImageObject\",\"inLanguage\":\"fr-FR\",\"@id\":\"https:\/\/tourtravelandmore.com\/fr\/tours\/portugal-fr\/porto-fr\/toutes-les-visites-et-activites-privees\/visite-privee-de-la-ville-de-4-heures\/#primaryimage\",\"url\":\"https:\/\/tourtravelandmore.com\/wp-content\/uploads\/2017\/11\/porto-1.jpg\",\"contentUrl\":\"https:\/\/tourtravelandmore.com\/wp-content\/uploads\/2017\/11\/porto-1.jpg\",\"width\":1314,\"height\":600},{\"@type\":\"BreadcrumbList\",\"@id\":\"https:\/\/tourtravelandmore.com\/fr\/tours\/portugal-fr\/porto-fr\/toutes-les-visites-et-activites-privees\/visite-privee-de-la-ville-de-4-heures\/#breadcrumb\",\"itemListElement\":[{\"@type\":\"ListItem\",\"position\":1,\"name\":\"Home\",\"item\":\"https:\/\/tourtravelandmore.com\/fr\/\"},{\"@type\":\"ListItem\",\"position\":2,\"name\":\"Tours\",\"item\":\"https:\/\/tourtravelandmore.com\/fr\/tours\/\"},{\"@type\":\"ListItem\",\"position\":3,\"name\":\"Visite priv\u00e9e d&#8217;une demi-journ\u00e9e de Porto\"}]},{\"@type\":\"WebSite\",\"@id\":\"https:\/\/tourtravelandmore.com\/fr\/#website\",\"url\":\"https:\/\/tourtravelandmore.com\/fr\/\",\"name\":\"Tour Travel And More\",\"description\":\"Private sightseeing tours and luxury transfers in Spain\",\"publisher\":{\"@id\":\"https:\/\/tourtravelandmore.com\/fr\/#organization\"},\"potentialAction\":[{\"@type\":\"SearchAction\",\"target\":{\"@type\":\"EntryPoint\",\"urlTemplate\":\"https:\/\/tourtravelandmore.com\/fr\/?s={search_term_string}\"},\"query-input\":{\"@type\":\"PropertyValueSpecification\",\"valueRequired\":true,\"valueName\":\"search_term_string\"}}],\"inLanguage\":\"fr-FR\"},{\"@type\":\"Organization\",\"@id\":\"https:\/\/tourtravelandmore.com\/fr\/#organization\",\"name\":\"Tour Travel And More\",\"url\":\"https:\/\/tourtravelandmore.com\/fr\/\",\"logo\":{\"@type\":\"ImageObject\",\"inLanguage\":\"fr-FR\",\"@id\":\"https:\/\/tourtravelandmore.com\/fr\/#\/schema\/logo\/image\/\",\"url\":\"https:\/\/tourtravelandmore.com\/wp-content\/uploads\/2022\/12\/cropped-logo-cabecera-new.png\",\"contentUrl\":\"https:\/\/tourtravelandmore.com\/wp-content\/uploads\/2022\/12\/cropped-logo-cabecera-new.png\",\"width\":430,\"height\":61,\"caption\":\"Tour Travel And More\"},\"image\":{\"@id\":\"https:\/\/tourtravelandmore.com\/fr\/#\/schema\/logo\/image\/\"},\"sameAs\":[\"https:\/\/www.facebook.com\/tourtravelandmore\/\",\"https:\/\/x.com\/TourTravel_More\"]}]}<\/script>\n<!-- \/ Yoast SEO Premium plugin. -->","yoast_head_json":{"title":"\u27a1\ufe0f D\u00e9couvrez la riche culture de Porto avec notre visite priv\u00e9e d'une demi-journ\u00e9e \u2705","description":"Plongez dans le charme historique de Porto avec une visite priv\u00e9e d'une demi-journ\u00e9e. Explorez les sites embl\u00e9matiques, d\u00e9gustez les saveurs locales et b\u00e9n\u00e9ficiez des conseils d'un guide expert. R\u00e9servez d\u00e8s maintenant ! \u2705","robots":{"index":"index","follow":"follow","max-snippet":"max-snippet:-1","max-image-preview":"max-image-preview:large","max-video-preview":"max-video-preview:-1"},"canonical":"https:\/\/tourtravelandmore.com\/fr\/tours\/portugal-fr\/porto-fr\/toutes-les-visites-et-activites-privees\/visite-privee-de-la-ville-de-4-heures\/","og_locale":"fr_FR","og_type":"article","og_title":"Visite priv\u00e9e d'une demi-journ\u00e9e de Porto","og_description":"Plongez dans le charme historique de Porto avec une visite priv\u00e9e d'une demi-journ\u00e9e. Explorez les sites embl\u00e9matiques, d\u00e9gustez les saveurs locales et b\u00e9n\u00e9ficiez des conseils d'un guide expert. R\u00e9servez d\u00e8s maintenant ! \u2705","og_url":"https:\/\/tourtravelandmore.com\/fr\/tours\/portugal-fr\/porto-fr\/toutes-les-visites-et-activites-privees\/visite-privee-de-la-ville-de-4-heures\/","og_site_name":"Tour Travel And More","article_publisher":"https:\/\/www.facebook.com\/tourtravelandmore\/","article_modified_time":"2023-12-04T11:38:28+00:00","og_image":[{"width":1314,"height":600,"url":"https:\/\/tourtravelandmore.com\/wp-content\/uploads\/2017\/11\/porto-1.jpg","type":"image\/jpeg"}],"twitter_card":"summary_large_image","twitter_site":"@TourTravel_More","twitter_misc":{"Dur\u00e9e de lecture estim\u00e9e":"4 minutes"},"schema":{"@context":"https:\/\/schema.org","@graph":[{"@type":"WebPage","@id":"https:\/\/tourtravelandmore.com\/fr\/tours\/portugal-fr\/porto-fr\/toutes-les-visites-et-activites-privees\/visite-privee-de-la-ville-de-4-heures\/","url":"https:\/\/tourtravelandmore.com\/fr\/tours\/portugal-fr\/porto-fr\/toutes-les-visites-et-activites-privees\/visite-privee-de-la-ville-de-4-heures\/","name":"\u27a1\ufe0f D\u00e9couvrez la riche culture de Porto avec notre visite priv\u00e9e d'une demi-journ\u00e9e \u2705","isPartOf":{"@id":"https:\/\/tourtravelandmore.com\/fr\/#website"},"primaryImageOfPage":{"@id":"https:\/\/tourtravelandmore.com\/fr\/tours\/portugal-fr\/porto-fr\/toutes-les-visites-et-activites-privees\/visite-privee-de-la-ville-de-4-heures\/#primaryimage"},"image":{"@id":"https:\/\/tourtravelandmore.com\/fr\/tours\/portugal-fr\/porto-fr\/toutes-les-visites-et-activites-privees\/visite-privee-de-la-ville-de-4-heures\/#primaryimage"},"thumbnailUrl":"https:\/\/tourtravelandmore.com\/wp-content\/uploads\/2017\/11\/porto-1.jpg","datePublished":"2017-11-09T12:51:16+00:00","dateModified":"2023-12-04T11:38:28+00:00","description":"Plongez dans le charme historique de Porto avec une visite priv\u00e9e d'une demi-journ\u00e9e. Explorez les sites embl\u00e9matiques, d\u00e9gustez les saveurs locales et b\u00e9n\u00e9ficiez des conseils d'un guide expert. R\u00e9servez d\u00e8s maintenant ! \u2705","breadcrumb":{"@id":"https:\/\/tourtravelandmore.com\/fr\/tours\/portugal-fr\/porto-fr\/toutes-les-visites-et-activites-privees\/visite-privee-de-la-ville-de-4-heures\/#breadcrumb"},"inLanguage":"fr-FR","potentialAction":[{"@type":"ReadAction","target":["https:\/\/tourtravelandmore.com\/fr\/tours\/portugal-fr\/porto-fr\/toutes-les-visites-et-activites-privees\/visite-privee-de-la-ville-de-4-heures\/"]}]},{"@type":"ImageObject","inLanguage":"fr-FR","@id":"https:\/\/tourtravelandmore.com\/fr\/tours\/portugal-fr\/porto-fr\/toutes-les-visites-et-activites-privees\/visite-privee-de-la-ville-de-4-heures\/#primaryimage","url":"https:\/\/tourtravelandmore.com\/wp-content\/uploads\/2017\/11\/porto-1.jpg","contentUrl":"https:\/\/tourtravelandmore.com\/wp-content\/uploads\/2017\/11\/porto-1.jpg","width":1314,"height":600},{"@type":"BreadcrumbList","@id":"https:\/\/tourtravelandmore.com\/fr\/tours\/portugal-fr\/porto-fr\/toutes-les-visites-et-activites-privees\/visite-privee-de-la-ville-de-4-heures\/#breadcrumb","itemListElement":[{"@type":"ListItem","position":1,"name":"Home","item":"https:\/\/tourtravelandmore.com\/fr\/"},{"@type":"ListItem","position":2,"name":"Tours","item":"https:\/\/tourtravelandmore.com\/fr\/tours\/"},{"@type":"ListItem","position":3,"name":"Visite priv\u00e9e d&#8217;une demi-journ\u00e9e de Porto"}]},{"@type":"WebSite","@id":"https:\/\/tourtravelandmore.com\/fr\/#website","url":"https:\/\/tourtravelandmore.com\/fr\/","name":"Tour Travel And More","description":"Private sightseeing tours and luxury transfers in Spain","publisher":{"@id":"https:\/\/tourtravelandmore.com\/fr\/#organization"},"potentialAction":[{"@type":"SearchAction","target":{"@type":"EntryPoint","urlTemplate":"https:\/\/tourtravelandmore.com\/fr\/?s={search_term_string}"},"query-input":{"@type":"PropertyValueSpecification","valueRequired":true,"valueName":"search_term_string"}}],"inLanguage":"fr-FR"},{"@type":"Organization","@id":"https:\/\/tourtravelandmore.com\/fr\/#organization","name":"Tour Travel And More","url":"https:\/\/tourtravelandmore.com\/fr\/","logo":{"@type":"ImageObject","inLanguage":"fr-FR","@id":"https:\/\/tourtravelandmore.com\/fr\/#\/schema\/logo\/image\/","url":"https:\/\/tourtravelandmore.com\/wp-content\/uploads\/2022\/12\/cropped-logo-cabecera-new.png","contentUrl":"https:\/\/tourtravelandmore.com\/wp-content\/uploads\/2022\/12\/cropped-logo-cabecera-new.png","width":430,"height":61,"caption":"Tour Travel And More"},"image":{"@id":"https:\/\/tourtravelandmore.com\/fr\/#\/schema\/logo\/image\/"},"sameAs":["https:\/\/www.facebook.com\/tourtravelandmore\/","https:\/\/x.com\/TourTravel_More"]}]}},"_links":{"self":[{"href":"https:\/\/tourtravelandmore.com\/fr\/wp-json\/wp\/v2\/product\/101549","targetHints":{"allow":["GET"]}}],"collection":[{"href":"https:\/\/tourtravelandmore.com\/fr\/wp-json\/wp\/v2\/product"}],"about":[{"href":"https:\/\/tourtravelandmore.com\/fr\/wp-json\/wp\/v2\/types\/product"}],"replies":[{"embeddable":true,"href":"https:\/\/tourtravelandmore.com\/fr\/wp-json\/wp\/v2\/comments?post=101549"}],"wp:featuredmedia":[{"embeddable":true,"href":"https:\/\/tourtravelandmore.com\/fr\/wp-json\/wp\/v2\/media\/94411"}],"wp:attachment":[{"href":"https:\/\/tourtravelandmore.com\/fr\/wp-json\/wp\/v2\/media?parent=101549"}],"wp:term":[{"taxonomy":"product_brand","embeddable":true,"href":"https:\/\/tourtravelandmore.com\/fr\/wp-json\/wp\/v2\/product_brand?post=101549"},{"taxonomy":"product_cat","embeddable":true,"href":"https:\/\/tourtravelandmore.com\/fr\/wp-json\/wp\/v2\/product_cat?post=101549"},{"taxonomy":"product_tag","embeddable":true,"href":"https:\/\/tourtravelandmore.com\/fr\/wp-json\/wp\/v2\/product_tag?post=101549"}],"curies":[{"name":"wp","href":"https:\/\/api.w.org\/{rel}","templated":true}]}}