{"id":101523,"date":"2018-02-07T13:26:05","date_gmt":"2018-02-07T12:26:05","guid":{"rendered":"https:\/\/tourtravelandmore.com\/tours\/non%20class\u00e9\/visite-privee-de-la-region-viticole-du-chianti-au-depart-de-florence\/"},"modified":"2023-12-18T21:08:05","modified_gmt":"2023-12-18T20:08:05","slug":"visite-privee-de-la-region-viticole-du-chianti-au-depart-de-florence","status":"publish","type":"product","link":"https:\/\/tourtravelandmore.com\/fr\/tours\/italie-fr\/florence-fr\/all-private-tours-activities-fr\/visite-privee-de-la-region-viticole-du-chianti-au-depart-de-florence\/","title":{"rendered":"Visite priv\u00e9e de la r\u00e9gion viticole du Chianti au d\u00e9part de Florence"},"content":{"rendered":"<h2>Visite priv\u00e9e de la r\u00e9gion viticole du Chianti au d\u00e9part de Florence<\/h2>\n<p><span style=\"font-weight: 400;\">Un chauffeur\/guide professionnel vous attendra dans le hall de votre h\u00f4tel pour commencer votre visite priv\u00e9e. Au cours de la matin\u00e9e, vous effectuerez une visite panoramique des sites les plus embl\u00e9matiques de Florence. Dans l&#8217;apr\u00e8s-midi, vous profiterez de la visite d&#8217;un domaine viticole dans la r\u00e9gion du Chianti.<\/span><\/p>\n<p>Profitez de cette visite priv\u00e9e de la r\u00e9gion viticole du Chianti au d\u00e9part de Florence dans le confort de votre v\u00e9hicule de luxe priv\u00e9.<\/p>\n<p>Laissez-vous s\u00e9duire par la beaut\u00e9 exquise de Florence et de la charmante r\u00e9gion du Chianti gr\u00e2ce \u00e0 cette visite priv\u00e9e exclusive de 8 heures. Votre voyage commence avec un chauffeur\/guide professionnel qui vous accueille dans le hall de votre h\u00f4tel, pr\u00eat \u00e0 vous embarquer dans une aventure inoubliable dans le confort de votre v\u00e9hicule de luxe priv\u00e9.<\/p>\n<p>Vous pouvez choisir de visiter deux vignobles ou un seul. Dans le cas de la visite d&#8217;un seul \u00e9tablissement vinicole, l&#8217;excursion durera 4 heures, dans le cas de la visite de deux \u00e9tablissements vinicoles, l&#8217;excursion durera 8 heures.<\/p>\n<p><span style=\"font-weight: 400;\">Si vous souhaitez simplement visiter la r\u00e9gion du Chianti, jetez un coup d&#8217;\u0153il \u00e0 notre <\/span><a href=\"https:\/\/tourtravelandmore.com\/fr\/tours\/italie-fr\/florence-fr\/all-private-tours-activities-fr\/visite-privee-de-la-region-viticole-du-chianti-au-depart-de-florence\/\"><span style=\"font-weight: 400;\">visite priv\u00e9e du Chianti Classico au d\u00e9part de Florence.<\/span><\/a><\/p>\n<h2><b>Points forts de la visite priv\u00e9e de Florence et du Chianti Classico<\/b><\/h2>\n<p>Option 1 &#8211; Visite d&#8217;un seul domaine viticole (4 heures) :<br \/>\nPlongez dans le monde enchanteur du Chianti avec une exploration approfondie d&#8217;un seul \u00e9tablissement vinicole. Plongez dans l&#8217;art de la vinification et savourez des d\u00e9gustations exquises, agr\u00e9ment\u00e9es d&#8217;un environnement magnifique.<\/p>\n<p>Option 2 &#8211; Double visite de cave (8 heures) :<br \/>\nPour les amateurs de vin \u00e0 la recherche d&#8217;une exp\u00e9rience plus approfondie, optez pour une visite de deux vignobles distincts. Plongez dans les nuances des vins du Chianti, en d\u00e9gustant dans chaque \u00e9tablissement et en acqu\u00e9rant une connaissance approfondie de la viticulture de la r\u00e9gion. Terminez votre journ\u00e9e par la visite d&#8217;un prestigieux \u00e9tablissement vinicole dans le charmant quartier de Montagliari. Savourez les saveurs du Chianti lors d&#8217;une d\u00e9gustation de vin gratuite, incluse dans le forfait. La dur\u00e9e de l&#8217;excursion est flexible, ce qui vous permet de l&#8217;adapter \u00e0 vos int\u00e9r\u00eats sp\u00e9cifiques.<\/p>\n<p>\u00c0 la fin de la journ\u00e9e, votre chauffeur\/guide priv\u00e9 vous ram\u00e8nera \u00e0 votre h\u00f4tel ou \u00e0 l&#8217;endroit de votre choix \u00e0 Florence. D\u00e9tendez-vous et savourez les souvenirs d&#8217;une journ\u00e9e exceptionnelle pass\u00e9e \u00e0 explorer les tr\u00e9sors culturels de Florence et les vignobles captivants du Chianti.<\/p>\n<p><b>\u00c0 la fin de la visite, votre chauffeur\/guide priv\u00e9 vous ram\u00e8nera \u00e0 votre h\u00f4tel ou au lieu de votre choix \u00e0 Florence.<\/b><\/p>\n","protected":false},"excerpt":{"rendered":"<p><span style=\"font-weight: 400;\">Le circuit priv\u00e9 Florence et Chianti Classico vous emm\u00e8nera dans un voyage \u00e9tonnant \u00e0 travers l&#8217;une des r\u00e9gions les plus populaires d&#8217;Italie : la Toscane. Vous serez accompagn\u00e9 de votre propre chauffeur et guide, qui vous montrera tous les joyaux cach\u00e9s qui ne sont g\u00e9n\u00e9ralement pas inclus dans les circuits r\u00e9guliers.<\/span><\/p>\n","protected":false},"featured_media":94702,"comment_status":"open","ping_status":"closed","template":"","meta":{"_acf_changed":false},"product_brand":[],"product_cat":[3697,3702,3703],"product_tag":[],"class_list":{"0":"post-101523","1":"product","2":"type-product","3":"status-publish","4":"has-post-thumbnail","6":"product_cat-florence-fr","7":"product_cat-all-private-tours-activities-fr","8":"product_cat-private-day-trips","10":"first","11":"instock","12":"shipping-taxable","13":"purchasable","14":"product-type-simple"},"acf":[],"yoast_head":"<!-- This site is optimized with the Yoast SEO Premium plugin v25.3.1 (Yoast SEO v25.3.1) - https:\/\/yoast.com\/wordpress\/plugins\/seo\/ -->\n<title>\u27a1\ufe0f Visite priv\u00e9e de Florence et du Chianti Classico | Tour Travel &amp; More<\/title>\n<meta name=\"description\" content=\"R\u00e9servez d\u00e8s maintenant cette visite priv\u00e9e de Florence et du Chianti Classico, ce sera une exp\u00e9rience 100% priv\u00e9e et inoubliable \u2705.\" \/>\n<meta name=\"robots\" content=\"index, follow, max-snippet:-1, max-image-preview:large, max-video-preview:-1\" \/>\n<link rel=\"canonical\" href=\"https:\/\/tourtravelandmore.com\/fr\/tours\/italie-fr\/florence-fr\/all-private-tours-activities-fr\/visite-privee-de-la-region-viticole-du-chianti-au-depart-de-florence\/\" \/>\n<meta property=\"og:locale\" content=\"fr_FR\" \/>\n<meta property=\"og:type\" content=\"article\" \/>\n<meta property=\"og:title\" content=\"Visite priv\u00e9e de la r\u00e9gion viticole du Chianti au d\u00e9part de Florence\" \/>\n<meta property=\"og:description\" content=\"R\u00e9servez d\u00e8s maintenant cette visite priv\u00e9e de Florence et du Chianti Classico, ce sera une exp\u00e9rience 100% priv\u00e9e et inoubliable \u2705.\" \/>\n<meta property=\"og:url\" content=\"https:\/\/tourtravelandmore.com\/fr\/tours\/italie-fr\/florence-fr\/all-private-tours-activities-fr\/visite-privee-de-la-region-viticole-du-chianti-au-depart-de-florence\/\" \/>\n<meta property=\"og:site_name\" content=\"Tour Travel And More\" \/>\n<meta property=\"article:publisher\" content=\"https:\/\/www.facebook.com\/tourtravelandmore\/\" \/>\n<meta property=\"article:modified_time\" content=\"2023-12-18T20:08:05+00:00\" \/>\n<meta property=\"og:image\" content=\"https:\/\/tourtravelandmore.com\/wp-content\/uploads\/2018\/02\/chianti.jpg\" \/>\n\t<meta property=\"og:image:width\" content=\"1420\" \/>\n\t<meta property=\"og:image:height\" content=\"946\" \/>\n\t<meta property=\"og:image:type\" content=\"image\/jpeg\" \/>\n<meta name=\"twitter:card\" content=\"summary_large_image\" \/>\n<meta name=\"twitter:site\" content=\"@TourTravel_More\" \/>\n<meta name=\"twitter:label1\" content=\"Dur\u00e9e de lecture estim\u00e9e\" \/>\n\t<meta name=\"twitter:data1\" content=\"2 minutes\" \/>\n<script type=\"application\/ld+json\" class=\"yoast-schema-graph\">{\"@context\":\"https:\/\/schema.org\",\"@graph\":[{\"@type\":\"WebPage\",\"@id\":\"https:\/\/tourtravelandmore.com\/fr\/tours\/italie-fr\/florence-fr\/all-private-tours-activities-fr\/visite-privee-de-la-region-viticole-du-chianti-au-depart-de-florence\/\",\"url\":\"https:\/\/tourtravelandmore.com\/fr\/tours\/italie-fr\/florence-fr\/all-private-tours-activities-fr\/visite-privee-de-la-region-viticole-du-chianti-au-depart-de-florence\/\",\"name\":\"\u27a1\ufe0f Visite priv\u00e9e de Florence et du Chianti Classico | Tour Travel & More\",\"isPartOf\":{\"@id\":\"https:\/\/tourtravelandmore.com\/fr\/#website\"},\"primaryImageOfPage\":{\"@id\":\"https:\/\/tourtravelandmore.com\/fr\/tours\/italie-fr\/florence-fr\/all-private-tours-activities-fr\/visite-privee-de-la-region-viticole-du-chianti-au-depart-de-florence\/#primaryimage\"},\"image\":{\"@id\":\"https:\/\/tourtravelandmore.com\/fr\/tours\/italie-fr\/florence-fr\/all-private-tours-activities-fr\/visite-privee-de-la-region-viticole-du-chianti-au-depart-de-florence\/#primaryimage\"},\"thumbnailUrl\":\"https:\/\/tourtravelandmore.com\/wp-content\/uploads\/2018\/02\/chianti.jpg\",\"datePublished\":\"2018-02-07T12:26:05+00:00\",\"dateModified\":\"2023-12-18T20:08:05+00:00\",\"description\":\"R\u00e9servez d\u00e8s maintenant cette visite priv\u00e9e de Florence et du Chianti Classico, ce sera une exp\u00e9rience 100% priv\u00e9e et inoubliable \u2705.\",\"breadcrumb\":{\"@id\":\"https:\/\/tourtravelandmore.com\/fr\/tours\/italie-fr\/florence-fr\/all-private-tours-activities-fr\/visite-privee-de-la-region-viticole-du-chianti-au-depart-de-florence\/#breadcrumb\"},\"inLanguage\":\"fr-FR\",\"potentialAction\":[{\"@type\":\"ReadAction\",\"target\":[\"https:\/\/tourtravelandmore.com\/fr\/tours\/italie-fr\/florence-fr\/all-private-tours-activities-fr\/visite-privee-de-la-region-viticole-du-chianti-au-depart-de-florence\/\"]}]},{\"@type\":\"ImageObject\",\"inLanguage\":\"fr-FR\",\"@id\":\"https:\/\/tourtravelandmore.com\/fr\/tours\/italie-fr\/florence-fr\/all-private-tours-activities-fr\/visite-privee-de-la-region-viticole-du-chianti-au-depart-de-florence\/#primaryimage\",\"url\":\"https:\/\/tourtravelandmore.com\/wp-content\/uploads\/2018\/02\/chianti.jpg\",\"contentUrl\":\"https:\/\/tourtravelandmore.com\/wp-content\/uploads\/2018\/02\/chianti.jpg\",\"width\":1420,\"height\":946},{\"@type\":\"BreadcrumbList\",\"@id\":\"https:\/\/tourtravelandmore.com\/fr\/tours\/italie-fr\/florence-fr\/all-private-tours-activities-fr\/visite-privee-de-la-region-viticole-du-chianti-au-depart-de-florence\/#breadcrumb\",\"itemListElement\":[{\"@type\":\"ListItem\",\"position\":1,\"name\":\"Home\",\"item\":\"https:\/\/tourtravelandmore.com\/fr\/\"},{\"@type\":\"ListItem\",\"position\":2,\"name\":\"Tours\",\"item\":\"https:\/\/tourtravelandmore.com\/fr\/tours\/\"},{\"@type\":\"ListItem\",\"position\":3,\"name\":\"Visite priv\u00e9e de la r\u00e9gion viticole du Chianti au d\u00e9part de Florence\"}]},{\"@type\":\"WebSite\",\"@id\":\"https:\/\/tourtravelandmore.com\/fr\/#website\",\"url\":\"https:\/\/tourtravelandmore.com\/fr\/\",\"name\":\"Tour Travel And More\",\"description\":\"Private sightseeing tours and luxury transfers in Spain\",\"publisher\":{\"@id\":\"https:\/\/tourtravelandmore.com\/fr\/#organization\"},\"potentialAction\":[{\"@type\":\"SearchAction\",\"target\":{\"@type\":\"EntryPoint\",\"urlTemplate\":\"https:\/\/tourtravelandmore.com\/fr\/?s={search_term_string}\"},\"query-input\":{\"@type\":\"PropertyValueSpecification\",\"valueRequired\":true,\"valueName\":\"search_term_string\"}}],\"inLanguage\":\"fr-FR\"},{\"@type\":\"Organization\",\"@id\":\"https:\/\/tourtravelandmore.com\/fr\/#organization\",\"name\":\"Tour Travel And More\",\"url\":\"https:\/\/tourtravelandmore.com\/fr\/\",\"logo\":{\"@type\":\"ImageObject\",\"inLanguage\":\"fr-FR\",\"@id\":\"https:\/\/tourtravelandmore.com\/fr\/#\/schema\/logo\/image\/\",\"url\":\"https:\/\/tourtravelandmore.com\/wp-content\/uploads\/2022\/12\/cropped-logo-cabecera-new.png\",\"contentUrl\":\"https:\/\/tourtravelandmore.com\/wp-content\/uploads\/2022\/12\/cropped-logo-cabecera-new.png\",\"width\":430,\"height\":61,\"caption\":\"Tour Travel And More\"},\"image\":{\"@id\":\"https:\/\/tourtravelandmore.com\/fr\/#\/schema\/logo\/image\/\"},\"sameAs\":[\"https:\/\/www.facebook.com\/tourtravelandmore\/\",\"https:\/\/x.com\/TourTravel_More\"]}]}<\/script>\n<!-- \/ Yoast SEO Premium plugin. -->","yoast_head_json":{"title":"\u27a1\ufe0f Visite priv\u00e9e de Florence et du Chianti Classico | Tour Travel & More","description":"R\u00e9servez d\u00e8s maintenant cette visite priv\u00e9e de Florence et du Chianti Classico, ce sera une exp\u00e9rience 100% priv\u00e9e et inoubliable \u2705.","robots":{"index":"index","follow":"follow","max-snippet":"max-snippet:-1","max-image-preview":"max-image-preview:large","max-video-preview":"max-video-preview:-1"},"canonical":"https:\/\/tourtravelandmore.com\/fr\/tours\/italie-fr\/florence-fr\/all-private-tours-activities-fr\/visite-privee-de-la-region-viticole-du-chianti-au-depart-de-florence\/","og_locale":"fr_FR","og_type":"article","og_title":"Visite priv\u00e9e de la r\u00e9gion viticole du Chianti au d\u00e9part de Florence","og_description":"R\u00e9servez d\u00e8s maintenant cette visite priv\u00e9e de Florence et du Chianti Classico, ce sera une exp\u00e9rience 100% priv\u00e9e et inoubliable \u2705.","og_url":"https:\/\/tourtravelandmore.com\/fr\/tours\/italie-fr\/florence-fr\/all-private-tours-activities-fr\/visite-privee-de-la-region-viticole-du-chianti-au-depart-de-florence\/","og_site_name":"Tour Travel And More","article_publisher":"https:\/\/www.facebook.com\/tourtravelandmore\/","article_modified_time":"2023-12-18T20:08:05+00:00","og_image":[{"width":1420,"height":946,"url":"https:\/\/tourtravelandmore.com\/wp-content\/uploads\/2018\/02\/chianti.jpg","type":"image\/jpeg"}],"twitter_card":"summary_large_image","twitter_site":"@TourTravel_More","twitter_misc":{"Dur\u00e9e de lecture estim\u00e9e":"2 minutes"},"schema":{"@context":"https:\/\/schema.org","@graph":[{"@type":"WebPage","@id":"https:\/\/tourtravelandmore.com\/fr\/tours\/italie-fr\/florence-fr\/all-private-tours-activities-fr\/visite-privee-de-la-region-viticole-du-chianti-au-depart-de-florence\/","url":"https:\/\/tourtravelandmore.com\/fr\/tours\/italie-fr\/florence-fr\/all-private-tours-activities-fr\/visite-privee-de-la-region-viticole-du-chianti-au-depart-de-florence\/","name":"\u27a1\ufe0f Visite priv\u00e9e de Florence et du Chianti Classico | Tour Travel & More","isPartOf":{"@id":"https:\/\/tourtravelandmore.com\/fr\/#website"},"primaryImageOfPage":{"@id":"https:\/\/tourtravelandmore.com\/fr\/tours\/italie-fr\/florence-fr\/all-private-tours-activities-fr\/visite-privee-de-la-region-viticole-du-chianti-au-depart-de-florence\/#primaryimage"},"image":{"@id":"https:\/\/tourtravelandmore.com\/fr\/tours\/italie-fr\/florence-fr\/all-private-tours-activities-fr\/visite-privee-de-la-region-viticole-du-chianti-au-depart-de-florence\/#primaryimage"},"thumbnailUrl":"https:\/\/tourtravelandmore.com\/wp-content\/uploads\/2018\/02\/chianti.jpg","datePublished":"2018-02-07T12:26:05+00:00","dateModified":"2023-12-18T20:08:05+00:00","description":"R\u00e9servez d\u00e8s maintenant cette visite priv\u00e9e de Florence et du Chianti Classico, ce sera une exp\u00e9rience 100% priv\u00e9e et inoubliable \u2705.","breadcrumb":{"@id":"https:\/\/tourtravelandmore.com\/fr\/tours\/italie-fr\/florence-fr\/all-private-tours-activities-fr\/visite-privee-de-la-region-viticole-du-chianti-au-depart-de-florence\/#breadcrumb"},"inLanguage":"fr-FR","potentialAction":[{"@type":"ReadAction","target":["https:\/\/tourtravelandmore.com\/fr\/tours\/italie-fr\/florence-fr\/all-private-tours-activities-fr\/visite-privee-de-la-region-viticole-du-chianti-au-depart-de-florence\/"]}]},{"@type":"ImageObject","inLanguage":"fr-FR","@id":"https:\/\/tourtravelandmore.com\/fr\/tours\/italie-fr\/florence-fr\/all-private-tours-activities-fr\/visite-privee-de-la-region-viticole-du-chianti-au-depart-de-florence\/#primaryimage","url":"https:\/\/tourtravelandmore.com\/wp-content\/uploads\/2018\/02\/chianti.jpg","contentUrl":"https:\/\/tourtravelandmore.com\/wp-content\/uploads\/2018\/02\/chianti.jpg","width":1420,"height":946},{"@type":"BreadcrumbList","@id":"https:\/\/tourtravelandmore.com\/fr\/tours\/italie-fr\/florence-fr\/all-private-tours-activities-fr\/visite-privee-de-la-region-viticole-du-chianti-au-depart-de-florence\/#breadcrumb","itemListElement":[{"@type":"ListItem","position":1,"name":"Home","item":"https:\/\/tourtravelandmore.com\/fr\/"},{"@type":"ListItem","position":2,"name":"Tours","item":"https:\/\/tourtravelandmore.com\/fr\/tours\/"},{"@type":"ListItem","position":3,"name":"Visite priv\u00e9e de la r\u00e9gion viticole du Chianti au d\u00e9part de Florence"}]},{"@type":"WebSite","@id":"https:\/\/tourtravelandmore.com\/fr\/#website","url":"https:\/\/tourtravelandmore.com\/fr\/","name":"Tour Travel And More","description":"Private sightseeing tours and luxury transfers in Spain","publisher":{"@id":"https:\/\/tourtravelandmore.com\/fr\/#organization"},"potentialAction":[{"@type":"SearchAction","target":{"@type":"EntryPoint","urlTemplate":"https:\/\/tourtravelandmore.com\/fr\/?s={search_term_string}"},"query-input":{"@type":"PropertyValueSpecification","valueRequired":true,"valueName":"search_term_string"}}],"inLanguage":"fr-FR"},{"@type":"Organization","@id":"https:\/\/tourtravelandmore.com\/fr\/#organization","name":"Tour Travel And More","url":"https:\/\/tourtravelandmore.com\/fr\/","logo":{"@type":"ImageObject","inLanguage":"fr-FR","@id":"https:\/\/tourtravelandmore.com\/fr\/#\/schema\/logo\/image\/","url":"https:\/\/tourtravelandmore.com\/wp-content\/uploads\/2022\/12\/cropped-logo-cabecera-new.png","contentUrl":"https:\/\/tourtravelandmore.com\/wp-content\/uploads\/2022\/12\/cropped-logo-cabecera-new.png","width":430,"height":61,"caption":"Tour Travel And More"},"image":{"@id":"https:\/\/tourtravelandmore.com\/fr\/#\/schema\/logo\/image\/"},"sameAs":["https:\/\/www.facebook.com\/tourtravelandmore\/","https:\/\/x.com\/TourTravel_More"]}]}},"_links":{"self":[{"href":"https:\/\/tourtravelandmore.com\/fr\/wp-json\/wp\/v2\/product\/101523","targetHints":{"allow":["GET"]}}],"collection":[{"href":"https:\/\/tourtravelandmore.com\/fr\/wp-json\/wp\/v2\/product"}],"about":[{"href":"https:\/\/tourtravelandmore.com\/fr\/wp-json\/wp\/v2\/types\/product"}],"replies":[{"embeddable":true,"href":"https:\/\/tourtravelandmore.com\/fr\/wp-json\/wp\/v2\/comments?post=101523"}],"wp:featuredmedia":[{"embeddable":true,"href":"https:\/\/tourtravelandmore.com\/fr\/wp-json\/wp\/v2\/media\/94702"}],"wp:attachment":[{"href":"https:\/\/tourtravelandmore.com\/fr\/wp-json\/wp\/v2\/media?parent=101523"}],"wp:term":[{"taxonomy":"product_brand","embeddable":true,"href":"https:\/\/tourtravelandmore.com\/fr\/wp-json\/wp\/v2\/product_brand?post=101523"},{"taxonomy":"product_cat","embeddable":true,"href":"https:\/\/tourtravelandmore.com\/fr\/wp-json\/wp\/v2\/product_cat?post=101523"},{"taxonomy":"product_tag","embeddable":true,"href":"https:\/\/tourtravelandmore.com\/fr\/wp-json\/wp\/v2\/product_tag?post=101523"}],"curies":[{"name":"wp","href":"https:\/\/api.w.org\/{rel}","templated":true}]}}