{"id":101516,"date":"2018-02-12T14:01:14","date_gmt":"2018-02-12T13:01:14","guid":{"rendered":"https:\/\/tourtravelandmore.com\/tours\/non%20class\u00e9\/visite-privee-de-florence-et-du-chianti-classico\/"},"modified":"2021-03-03T12:02:34","modified_gmt":"2021-03-03T11:02:34","slug":"visite-privee-de-florence-et-du-chianti-classico","status":"publish","type":"product","link":"https:\/\/tourtravelandmore.com\/fr\/tours\/italie-fr\/florence-fr\/all-private-tours-activities-fr\/visite-privee-de-florence-et-du-chianti-classico\/","title":{"rendered":"Visite priv\u00e9e de Florence et du Chianti Classico"},"content":{"rendered":"<h2>Description<\/h2>\n<p>Profitez de cette visite priv\u00e9e de Florence et du Chianti Classico au d\u00e9part de Florence confortablement dans votre v\u00e9hicule de luxe priv\u00e9.<\/p>\n<p>Vous aurez \u00e0 votre enti\u00e8re disposition un chauffeur \/ guide professionnel qui vous attendra dans le hall de votre h\u00f4tel pour commencer votre visite priv\u00e9e. Vous aurez une visite panoramique des sites les plus embl\u00e9matiques de Florence au cours de la matin\u00e9e. Dans l&#8217;apr\u00e8s-midi, vous visiterez un domaine viticole de la r\u00e9gion du Chianti.<\/p>\n<p>Florence est la capitale de la r\u00e9gion de la Toscane, et elle a \u00e9t\u00e9 le lieu principal de chaque nouvelle \u00e9tape de l&#8217;art en Italie. L&#8217;art et la cr\u00e9ativit\u00e9 sont pr\u00e9sents dans chaque rue et coin, ainsi que dans la grande quantit\u00e9 d&#8217;\u00e9glises, de mus\u00e9es et de monuments. D&#8217;autre part, Chianti Classico est situ\u00e9 entre Florence et Sienne. La r\u00e9gion du Chianti est tr\u00e8s connue pour ses vins.<\/p>\n<p>Cette excursion priv\u00e9e d&#8217;une journ\u00e9e compl\u00e8te au d\u00e9part de Florence est une visite enti\u00e8rement personnalis\u00e9e. Nous sommes en mesure de l&#8217;organiser en fonction de vos besoins et d\u00e9sirs personnels. Si vous pr\u00e9f\u00e9rez, nous pouvons inclure un guide officiel priv\u00e9 pour vous rejoindre lors de cette excursion priv\u00e9e d&#8217;une journ\u00e9e.<\/p>\n<p>Si vous souhaitez simplement visiter la r\u00e9gion du Chianti, veuillez consulter notre visite priv\u00e9e de la r\u00e9gion viticole du Chianti au d\u00e9part de Florence.<\/p>\n<h2>Sites d&#8217;int\u00e9r\u00eat et points de rep\u00e8re<\/h2>\n<p>Votre chauffeur \/ guide priv\u00e9 viendra vous chercher \u00e0 votre h\u00f4tel ou lieu de votre choix \u00e0 Florence t\u00f4t le matin.<\/p>\n<p>Tout d&#8217;abord, vous ferez l&#8217;exp\u00e9rience d&#8217;une visite de la ville de Florence. Vous d\u00e9couvrirez les sites et monuments les plus repr\u00e9sentatifs de Florence.<\/p>\n<p>Vous pourrez notamment visiter:<\/p>\n<ul>\n<li>Ponte Vecchio<\/li>\n<li>Cath\u00e9drale Santa Maria del Fiore<\/li>\n<li>Piazza del Duomo<\/li>\n<li>Palazzo Vecchio<\/li>\n<li>Piazza della Signoria<\/li>\n<li>Galeria Uffizi<\/li>\n<li>Piazza Michelangelo<\/li>\n<li>et beaucoup plus!<\/li>\n<\/ul>\n<p>Deuxi\u00e8mement, vous serez immerg\u00e9 dans l&#8217;enchantement de la r\u00e9gion de la Toscane, vous visiterez la r\u00e9gion du Chianti Classico. Admirez ses vignobles sym\u00e9triques parfaits, ses oliveraies et un paysage magnifique. Vous pourrez d\u00e9guster le vin local de l&#8217;une des meilleures r\u00e9gions viticoles du monde. Visitez certains de ses plus beaux villages perch\u00e9s.<\/p>\n<p>Votre chauffeur \/ guide vous conduira \u00e0 travers la route du Chiantigiana, jusqu&#8217;\u00e0 votre arriv\u00e9e \u00e0 la capitale du Chianti Classico, Greve in Chianti. Visitez sa place principale et le magnifique ch\u00e2teau de Montefioralle.<\/p>\n<p>Enfin, vous visiterez une cave dans un quartier appel\u00e9 Montagliari. La d\u00e9gustation de la cave est incluse dans le prix de la visite. La visite a une dur\u00e9e de 8 heures entre le moment de la prise en charge et le retour, mais elle est ajustable selon vos propres int\u00e9r\u00eats.<\/p>\n<p>Une fois la visite termin\u00e9e, votre chauffeur \/ guide priv\u00e9 vous ram\u00e8nera \u00e0 votre h\u00f4tel ou lieu de votre choix \u00e0 Florence.<\/p>\n","protected":false},"excerpt":{"rendered":"<p>Visite priv\u00e9e de Florence et du Chianti Classico, profitez de la visite le matin de l&#8217;incroyable ville de Florence et de l&#8217;une des meilleures r\u00e9gions viticoles du monde pendant l&#8217;apr\u00e8s-midi. Vous d\u00e9couvrirez les sites les plus repr\u00e9sentatifs de Florence (Ponte Vecchio, Michel-Ange et bien d&#8217;autres!) Et la r\u00e9gion viticole du Chianti (Greve in Chianti et d\u00e9gustation de vins d&#8217;un vignoble du Chianti).<strong><br \/>\n<\/strong><\/p>\n<p>&nbsp;<\/p>\n","protected":false},"featured_media":94704,"comment_status":"open","ping_status":"closed","template":"","meta":{"_acf_changed":false},"product_brand":[],"product_cat":[3697,3702,3704,3703],"product_tag":[],"class_list":{"0":"post-101516","1":"product","2":"type-product","3":"status-publish","4":"has-post-thumbnail","6":"product_cat-florence-fr","7":"product_cat-all-private-tours-activities-fr","8":"product_cat-private-sightseeing-tours-fr","9":"product_cat-private-day-trips","11":"first","12":"instock","13":"shipping-taxable","14":"purchasable","15":"product-type-simple"},"acf":[],"yoast_head":"<!-- This site is optimized with the Yoast SEO Premium plugin v25.3.1 (Yoast SEO v25.3.1) - https:\/\/yoast.com\/wordpress\/plugins\/seo\/ -->\n<title>Visite priv\u00e9e de Florence et du Chianti Classico au d\u00e9part de Florence<\/title>\n<meta name=\"description\" content=\"Visite priv\u00e9e des paysages de Florence et de la magnifique r\u00e9gion du Chianti Classico. V\u00e9hicule de luxe priv\u00e9 avec chauffeur \/ guide professionnel \u00e0 votre enti\u00e8re disposition.\" \/>\n<meta name=\"robots\" content=\"index, follow, max-snippet:-1, max-image-preview:large, max-video-preview:-1\" \/>\n<link rel=\"canonical\" href=\"https:\/\/tourtravelandmore.com\/fr\/tours\/italie-fr\/florence-fr\/all-private-tours-activities-fr\/visite-privee-de-florence-et-du-chianti-classico\/\" \/>\n<meta property=\"og:locale\" content=\"fr_FR\" \/>\n<meta property=\"og:type\" content=\"article\" \/>\n<meta property=\"og:title\" content=\"Visite priv\u00e9e de Florence et du Chianti Classico\" \/>\n<meta property=\"og:description\" content=\"Visite priv\u00e9e des paysages de Florence et de la magnifique r\u00e9gion du Chianti Classico. V\u00e9hicule de luxe priv\u00e9 avec chauffeur \/ guide professionnel \u00e0 votre enti\u00e8re disposition.\" \/>\n<meta property=\"og:url\" content=\"https:\/\/tourtravelandmore.com\/fr\/tours\/italie-fr\/florence-fr\/all-private-tours-activities-fr\/visite-privee-de-florence-et-du-chianti-classico\/\" \/>\n<meta property=\"og:site_name\" content=\"Tour Travel And More\" \/>\n<meta property=\"article:publisher\" content=\"https:\/\/www.facebook.com\/tourtravelandmore\/\" \/>\n<meta property=\"article:modified_time\" content=\"2021-03-03T11:02:34+00:00\" \/>\n<meta property=\"og:image\" content=\"https:\/\/tourtravelandmore.com\/wp-content\/uploads\/2018\/02\/florence-2-1210x642.jpg\" \/>\n\t<meta property=\"og:image:width\" content=\"1210\" \/>\n\t<meta property=\"og:image:height\" content=\"642\" \/>\n\t<meta property=\"og:image:type\" content=\"image\/jpeg\" \/>\n<meta name=\"twitter:card\" content=\"summary_large_image\" \/>\n<meta name=\"twitter:site\" content=\"@TourTravel_More\" \/>\n<meta name=\"twitter:label1\" content=\"Dur\u00e9e de lecture estim\u00e9e\" \/>\n\t<meta name=\"twitter:data1\" content=\"2 minutes\" \/>\n<script type=\"application\/ld+json\" class=\"yoast-schema-graph\">{\"@context\":\"https:\/\/schema.org\",\"@graph\":[{\"@type\":\"WebPage\",\"@id\":\"https:\/\/tourtravelandmore.com\/fr\/tours\/italie-fr\/florence-fr\/all-private-tours-activities-fr\/visite-privee-de-florence-et-du-chianti-classico\/\",\"url\":\"https:\/\/tourtravelandmore.com\/fr\/tours\/italie-fr\/florence-fr\/all-private-tours-activities-fr\/visite-privee-de-florence-et-du-chianti-classico\/\",\"name\":\"Visite priv\u00e9e de Florence et du Chianti Classico au d\u00e9part de Florence\",\"isPartOf\":{\"@id\":\"https:\/\/tourtravelandmore.com\/fr\/#website\"},\"primaryImageOfPage\":{\"@id\":\"https:\/\/tourtravelandmore.com\/fr\/tours\/italie-fr\/florence-fr\/all-private-tours-activities-fr\/visite-privee-de-florence-et-du-chianti-classico\/#primaryimage\"},\"image\":{\"@id\":\"https:\/\/tourtravelandmore.com\/fr\/tours\/italie-fr\/florence-fr\/all-private-tours-activities-fr\/visite-privee-de-florence-et-du-chianti-classico\/#primaryimage\"},\"thumbnailUrl\":\"https:\/\/tourtravelandmore.com\/wp-content\/uploads\/2018\/02\/florence-2-1210x642.jpg\",\"datePublished\":\"2018-02-12T13:01:14+00:00\",\"dateModified\":\"2021-03-03T11:02:34+00:00\",\"description\":\"Visite priv\u00e9e des paysages de Florence et de la magnifique r\u00e9gion du Chianti Classico. V\u00e9hicule de luxe priv\u00e9 avec chauffeur \/ guide professionnel \u00e0 votre enti\u00e8re disposition.\",\"breadcrumb\":{\"@id\":\"https:\/\/tourtravelandmore.com\/fr\/tours\/italie-fr\/florence-fr\/all-private-tours-activities-fr\/visite-privee-de-florence-et-du-chianti-classico\/#breadcrumb\"},\"inLanguage\":\"fr-FR\",\"potentialAction\":[{\"@type\":\"ReadAction\",\"target\":[\"https:\/\/tourtravelandmore.com\/fr\/tours\/italie-fr\/florence-fr\/all-private-tours-activities-fr\/visite-privee-de-florence-et-du-chianti-classico\/\"]}]},{\"@type\":\"ImageObject\",\"inLanguage\":\"fr-FR\",\"@id\":\"https:\/\/tourtravelandmore.com\/fr\/tours\/italie-fr\/florence-fr\/all-private-tours-activities-fr\/visite-privee-de-florence-et-du-chianti-classico\/#primaryimage\",\"url\":\"https:\/\/tourtravelandmore.com\/wp-content\/uploads\/2018\/02\/florence-2-1210x642.jpg\",\"contentUrl\":\"https:\/\/tourtravelandmore.com\/wp-content\/uploads\/2018\/02\/florence-2-1210x642.jpg\",\"width\":1210,\"height\":642},{\"@type\":\"BreadcrumbList\",\"@id\":\"https:\/\/tourtravelandmore.com\/fr\/tours\/italie-fr\/florence-fr\/all-private-tours-activities-fr\/visite-privee-de-florence-et-du-chianti-classico\/#breadcrumb\",\"itemListElement\":[{\"@type\":\"ListItem\",\"position\":1,\"name\":\"Home\",\"item\":\"https:\/\/tourtravelandmore.com\/fr\/\"},{\"@type\":\"ListItem\",\"position\":2,\"name\":\"Tours\",\"item\":\"https:\/\/tourtravelandmore.com\/fr\/tours\/\"},{\"@type\":\"ListItem\",\"position\":3,\"name\":\"Visite priv\u00e9e de Florence et du Chianti Classico\"}]},{\"@type\":\"WebSite\",\"@id\":\"https:\/\/tourtravelandmore.com\/fr\/#website\",\"url\":\"https:\/\/tourtravelandmore.com\/fr\/\",\"name\":\"Tour Travel And More\",\"description\":\"Private sightseeing tours and luxury transfers in Spain\",\"publisher\":{\"@id\":\"https:\/\/tourtravelandmore.com\/fr\/#organization\"},\"potentialAction\":[{\"@type\":\"SearchAction\",\"target\":{\"@type\":\"EntryPoint\",\"urlTemplate\":\"https:\/\/tourtravelandmore.com\/fr\/?s={search_term_string}\"},\"query-input\":{\"@type\":\"PropertyValueSpecification\",\"valueRequired\":true,\"valueName\":\"search_term_string\"}}],\"inLanguage\":\"fr-FR\"},{\"@type\":\"Organization\",\"@id\":\"https:\/\/tourtravelandmore.com\/fr\/#organization\",\"name\":\"Tour Travel And More\",\"url\":\"https:\/\/tourtravelandmore.com\/fr\/\",\"logo\":{\"@type\":\"ImageObject\",\"inLanguage\":\"fr-FR\",\"@id\":\"https:\/\/tourtravelandmore.com\/fr\/#\/schema\/logo\/image\/\",\"url\":\"https:\/\/tourtravelandmore.com\/wp-content\/uploads\/2022\/12\/cropped-logo-cabecera-new.png\",\"contentUrl\":\"https:\/\/tourtravelandmore.com\/wp-content\/uploads\/2022\/12\/cropped-logo-cabecera-new.png\",\"width\":430,\"height\":61,\"caption\":\"Tour Travel And More\"},\"image\":{\"@id\":\"https:\/\/tourtravelandmore.com\/fr\/#\/schema\/logo\/image\/\"},\"sameAs\":[\"https:\/\/www.facebook.com\/tourtravelandmore\/\",\"https:\/\/x.com\/TourTravel_More\"]}]}<\/script>\n<!-- \/ Yoast SEO Premium plugin. -->","yoast_head_json":{"title":"Visite priv\u00e9e de Florence et du Chianti Classico au d\u00e9part de Florence","description":"Visite priv\u00e9e des paysages de Florence et de la magnifique r\u00e9gion du Chianti Classico. V\u00e9hicule de luxe priv\u00e9 avec chauffeur \/ guide professionnel \u00e0 votre enti\u00e8re disposition.","robots":{"index":"index","follow":"follow","max-snippet":"max-snippet:-1","max-image-preview":"max-image-preview:large","max-video-preview":"max-video-preview:-1"},"canonical":"https:\/\/tourtravelandmore.com\/fr\/tours\/italie-fr\/florence-fr\/all-private-tours-activities-fr\/visite-privee-de-florence-et-du-chianti-classico\/","og_locale":"fr_FR","og_type":"article","og_title":"Visite priv\u00e9e de Florence et du Chianti Classico","og_description":"Visite priv\u00e9e des paysages de Florence et de la magnifique r\u00e9gion du Chianti Classico. V\u00e9hicule de luxe priv\u00e9 avec chauffeur \/ guide professionnel \u00e0 votre enti\u00e8re disposition.","og_url":"https:\/\/tourtravelandmore.com\/fr\/tours\/italie-fr\/florence-fr\/all-private-tours-activities-fr\/visite-privee-de-florence-et-du-chianti-classico\/","og_site_name":"Tour Travel And More","article_publisher":"https:\/\/www.facebook.com\/tourtravelandmore\/","article_modified_time":"2021-03-03T11:02:34+00:00","og_image":[{"width":1210,"height":642,"url":"https:\/\/tourtravelandmore.com\/wp-content\/uploads\/2018\/02\/florence-2-1210x642.jpg","type":"image\/jpeg"}],"twitter_card":"summary_large_image","twitter_site":"@TourTravel_More","twitter_misc":{"Dur\u00e9e de lecture estim\u00e9e":"2 minutes"},"schema":{"@context":"https:\/\/schema.org","@graph":[{"@type":"WebPage","@id":"https:\/\/tourtravelandmore.com\/fr\/tours\/italie-fr\/florence-fr\/all-private-tours-activities-fr\/visite-privee-de-florence-et-du-chianti-classico\/","url":"https:\/\/tourtravelandmore.com\/fr\/tours\/italie-fr\/florence-fr\/all-private-tours-activities-fr\/visite-privee-de-florence-et-du-chianti-classico\/","name":"Visite priv\u00e9e de Florence et du Chianti Classico au d\u00e9part de Florence","isPartOf":{"@id":"https:\/\/tourtravelandmore.com\/fr\/#website"},"primaryImageOfPage":{"@id":"https:\/\/tourtravelandmore.com\/fr\/tours\/italie-fr\/florence-fr\/all-private-tours-activities-fr\/visite-privee-de-florence-et-du-chianti-classico\/#primaryimage"},"image":{"@id":"https:\/\/tourtravelandmore.com\/fr\/tours\/italie-fr\/florence-fr\/all-private-tours-activities-fr\/visite-privee-de-florence-et-du-chianti-classico\/#primaryimage"},"thumbnailUrl":"https:\/\/tourtravelandmore.com\/wp-content\/uploads\/2018\/02\/florence-2-1210x642.jpg","datePublished":"2018-02-12T13:01:14+00:00","dateModified":"2021-03-03T11:02:34+00:00","description":"Visite priv\u00e9e des paysages de Florence et de la magnifique r\u00e9gion du Chianti Classico. V\u00e9hicule de luxe priv\u00e9 avec chauffeur \/ guide professionnel \u00e0 votre enti\u00e8re disposition.","breadcrumb":{"@id":"https:\/\/tourtravelandmore.com\/fr\/tours\/italie-fr\/florence-fr\/all-private-tours-activities-fr\/visite-privee-de-florence-et-du-chianti-classico\/#breadcrumb"},"inLanguage":"fr-FR","potentialAction":[{"@type":"ReadAction","target":["https:\/\/tourtravelandmore.com\/fr\/tours\/italie-fr\/florence-fr\/all-private-tours-activities-fr\/visite-privee-de-florence-et-du-chianti-classico\/"]}]},{"@type":"ImageObject","inLanguage":"fr-FR","@id":"https:\/\/tourtravelandmore.com\/fr\/tours\/italie-fr\/florence-fr\/all-private-tours-activities-fr\/visite-privee-de-florence-et-du-chianti-classico\/#primaryimage","url":"https:\/\/tourtravelandmore.com\/wp-content\/uploads\/2018\/02\/florence-2-1210x642.jpg","contentUrl":"https:\/\/tourtravelandmore.com\/wp-content\/uploads\/2018\/02\/florence-2-1210x642.jpg","width":1210,"height":642},{"@type":"BreadcrumbList","@id":"https:\/\/tourtravelandmore.com\/fr\/tours\/italie-fr\/florence-fr\/all-private-tours-activities-fr\/visite-privee-de-florence-et-du-chianti-classico\/#breadcrumb","itemListElement":[{"@type":"ListItem","position":1,"name":"Home","item":"https:\/\/tourtravelandmore.com\/fr\/"},{"@type":"ListItem","position":2,"name":"Tours","item":"https:\/\/tourtravelandmore.com\/fr\/tours\/"},{"@type":"ListItem","position":3,"name":"Visite priv\u00e9e de Florence et du Chianti Classico"}]},{"@type":"WebSite","@id":"https:\/\/tourtravelandmore.com\/fr\/#website","url":"https:\/\/tourtravelandmore.com\/fr\/","name":"Tour Travel And More","description":"Private sightseeing tours and luxury transfers in Spain","publisher":{"@id":"https:\/\/tourtravelandmore.com\/fr\/#organization"},"potentialAction":[{"@type":"SearchAction","target":{"@type":"EntryPoint","urlTemplate":"https:\/\/tourtravelandmore.com\/fr\/?s={search_term_string}"},"query-input":{"@type":"PropertyValueSpecification","valueRequired":true,"valueName":"search_term_string"}}],"inLanguage":"fr-FR"},{"@type":"Organization","@id":"https:\/\/tourtravelandmore.com\/fr\/#organization","name":"Tour Travel And More","url":"https:\/\/tourtravelandmore.com\/fr\/","logo":{"@type":"ImageObject","inLanguage":"fr-FR","@id":"https:\/\/tourtravelandmore.com\/fr\/#\/schema\/logo\/image\/","url":"https:\/\/tourtravelandmore.com\/wp-content\/uploads\/2022\/12\/cropped-logo-cabecera-new.png","contentUrl":"https:\/\/tourtravelandmore.com\/wp-content\/uploads\/2022\/12\/cropped-logo-cabecera-new.png","width":430,"height":61,"caption":"Tour Travel And More"},"image":{"@id":"https:\/\/tourtravelandmore.com\/fr\/#\/schema\/logo\/image\/"},"sameAs":["https:\/\/www.facebook.com\/tourtravelandmore\/","https:\/\/x.com\/TourTravel_More"]}]}},"_links":{"self":[{"href":"https:\/\/tourtravelandmore.com\/fr\/wp-json\/wp\/v2\/product\/101516","targetHints":{"allow":["GET"]}}],"collection":[{"href":"https:\/\/tourtravelandmore.com\/fr\/wp-json\/wp\/v2\/product"}],"about":[{"href":"https:\/\/tourtravelandmore.com\/fr\/wp-json\/wp\/v2\/types\/product"}],"replies":[{"embeddable":true,"href":"https:\/\/tourtravelandmore.com\/fr\/wp-json\/wp\/v2\/comments?post=101516"}],"wp:featuredmedia":[{"embeddable":true,"href":"https:\/\/tourtravelandmore.com\/fr\/wp-json\/wp\/v2\/media\/94704"}],"wp:attachment":[{"href":"https:\/\/tourtravelandmore.com\/fr\/wp-json\/wp\/v2\/media?parent=101516"}],"wp:term":[{"taxonomy":"product_brand","embeddable":true,"href":"https:\/\/tourtravelandmore.com\/fr\/wp-json\/wp\/v2\/product_brand?post=101516"},{"taxonomy":"product_cat","embeddable":true,"href":"https:\/\/tourtravelandmore.com\/fr\/wp-json\/wp\/v2\/product_cat?post=101516"},{"taxonomy":"product_tag","embeddable":true,"href":"https:\/\/tourtravelandmore.com\/fr\/wp-json\/wp\/v2\/product_tag?post=101516"}],"curies":[{"name":"wp","href":"https:\/\/api.w.org\/{rel}","templated":true}]}}