{"id":101510,"date":"2017-02-14T16:55:29","date_gmt":"2017-02-14T15:55:29","guid":{"rendered":"https:\/\/tourtravelandmore.com\/tours\/non%20class\u00e9\/experience-de-shopping-a-florence-outlet-avec-transport-prive\/"},"modified":"2024-03-21T16:10:37","modified_gmt":"2024-03-21T15:10:37","slug":"experience-de-shopping-a-florence-outlet-avec-transport-prive","status":"publish","type":"product","link":"https:\/\/tourtravelandmore.com\/fr\/tours\/italie-fr\/florence-fr\/all-private-tours-activities-fr\/experience-de-shopping-a-florence-outlet-avec-transport-prive\/","title":{"rendered":"Exp\u00e9rience de shopping \u00e0 Florence Outlet avec transport priv\u00e9"},"content":{"rendered":"<h2><b>Description de &#8220;Florence Shopping Outlet&#8221; avec transport priv\u00e9<\/b><\/h2>\n<p><span style=\"font-weight: 400;\">Profitez de cette grande opportunit\u00e9 \u00e0 THE MALL ou PRADA pour profiter du shopping Outlet de Florence avec un transport priv\u00e9.<\/span><\/p>\n<p><span style=\"font-weight: 400;\">N&#8217;oubliez pas que tous les circuits que nous proposons sont enti\u00e8rement priv\u00e9s et personnalisables \u00e0 100 %. Si vous avez des id\u00e9es ou des exigences, faites-le nous savoir et notre \u00e9quipe se chargera de les r\u00e9aliser.<\/span><\/p>\n<p><span style=\"font-weight: 400;\">Pour compl\u00e9ter votre exp\u00e9rience, nous vous retrouverons \u00e0 votre h\u00f4tel ou au lieu de votre choix \u00e0 Florence afin que vous n&#8217;ayez \u00e0 vous soucier de rien.<\/span><\/p>\n<p><span style=\"font-weight: 400;\">Cette visite priv\u00e9e est une exp\u00e9rience de shopping ax\u00e9e sur les marques de cr\u00e9ateurs les plus exclusives du monde entier. Vous serez l&#8217;une des rares personnes \u00e0 pouvoir vous rendre \u00e0 l&#8217;origine de la mode \u00e0 Florence, nous sommes certains que vous trouverez une incroyable vari\u00e9t\u00e9 d&#8217;articles de mode et de cr\u00e9ateurs dans cette exp\u00e9rience.<\/span><\/p>\n<p><a href=\"https:\/\/firenze.themall.it\/en\/outlet-italy\/homepage\/\"><span style=\"font-weight: 400;\">Le Mall<\/span><\/a><span style=\"font-weight: 400;\"> est un centre commercial avec des boutiques de luxe. Il est situ\u00e9 dans la ville de Toscane, \u00e0 seulement 30 minutes du centre de Florence. D&#8217;autre part, le point de vente PRADA se trouve \u00e0 seulement 20 minutes du centre de Florence. Ce dernier point de vente ne propose pas seulement des produits Prada, mais aussi de nombreuses autres grandes marques.<\/span><\/p>\n<p><span style=\"font-weight: 400;\">La dur\u00e9e exacte de la visite est totalement flexible. Vous trouverez ci-dessous notre visite priv\u00e9e du MALL ou de PRADA pour 4 heures au d\u00e9part de Florence, mais nous pouvons organiser la dur\u00e9e de la visite exactement comme vous le souhaitez.<\/span><\/p>\n<h2><b>Points d&#8217;int\u00e9r\u00eat dans le &#8220;Florence Shopping Outlet&#8221; avec transport priv\u00e9<\/b><\/h2>\n<p><span style=\"font-weight: 400;\">Si vous le souhaitez, votre chauffeur peut venir vous chercher \u00e0 l&#8217;endroit de votre choix \u00e0 Florence. La visite commencera \u00e0 l&#8217;heure de votre choix et durera environ 4 heures. Pour une exp\u00e9rience priv\u00e9e, nous pouvons \u00e9galement faire en sorte que votre propre chauffeur\/guide vous conduise aux endroits de votre choix, qui vous d\u00e9posera ensuite \u00e0 l&#8217;endroit de votre choix \u00e0 Florence.<\/span><\/p>\n<p><span style=\"font-weight: 400;\">Au cours de cette exp\u00e9rience de Florence Shopping Outlet, vous visiterez l&#8217;un des deux points de vente les plus importants de toute la ville de Florence. Vous aurez \u00e0 votre disposition un v\u00e9hicule de luxe priv\u00e9 avec chauffeur et air conditionn\u00e9 pour visiter ces deux points de vente de luxe.\u00a0<\/span><\/p>\n<p><span style=\"font-weight: 400;\">Le MALL est un centre commercial qui propose une incroyable s\u00e9lection de v\u00eatements et d&#8217;accessoires, tandis que PRADA vend les derniers mod\u00e8les Prada.<\/span><\/p>\n<p><span style=\"font-weight: 400;\">Dans ces points de vente, vous trouverez une grande vari\u00e9t\u00e9 de marques de v\u00eatements telles que :<\/span><\/p>\n<p>&nbsp;<\/p>\n<ul>\n<li aria-level=\"1\"><b>ARMANI JEANS<\/b><\/li>\n<\/ul>\n<ul>\n<li aria-level=\"1\"><b>BALENCIAGA<\/b><\/li>\n<\/ul>\n<ul>\n<li aria-level=\"1\"><b>BILLIONAIRE<\/b><\/li>\n<\/ul>\n<ul>\n<li aria-level=\"1\"><b>BOTTEGA VENETA<\/b><\/li>\n<\/ul>\n<ul>\n<li aria-level=\"1\"><b>BRIONI<\/b><\/li>\n<\/ul>\n<ul>\n<li aria-level=\"1\"><b>BURBERRY<\/b><\/li>\n<\/ul>\n<ul>\n<li aria-level=\"1\"><b>EMILIO PUCCI<\/b><\/li>\n<\/ul>\n<ul>\n<li aria-level=\"1\"><b>ERMENEGILDO ZEGNA<\/b><\/li>\n<\/ul>\n<ul>\n<li aria-level=\"1\"><b>FENDI<\/b><\/li>\n<\/ul>\n<ul>\n<li aria-level=\"1\"><b>GIORGIO ARMANI<\/b><\/li>\n<\/ul>\n<ul>\n<li aria-level=\"1\"><b>GUCCI<\/b><\/li>\n<\/ul>\n<ul>\n<li aria-level=\"1\"><b>MOSCHINO<\/b><\/li>\n<\/ul>\n<ul>\n<li aria-level=\"1\"><b>PHILIPP PLEIN<\/b><\/li>\n<\/ul>\n<ul>\n<li aria-level=\"1\"><b>POMELLATO<\/b><\/li>\n<\/ul>\n<ul>\n<li aria-level=\"1\"><b>ROBERTO CAVALLI<\/b><\/li>\n<\/ul>\n<ul>\n<li aria-level=\"1\"><b>SAINT LAURENT PARIS<\/b><\/li>\n<\/ul>\n<ul>\n<li aria-level=\"1\"><b>SALVATORE FERRAGAMO<\/b><\/li>\n<\/ul>\n<ul>\n<li aria-level=\"1\"><b>SERGIO ROSSI<\/b><\/li>\n<\/ul>\n<ul>\n<li aria-level=\"1\"><b>VALENTINO<\/b><\/li>\n<\/ul>\n<ul>\n<li aria-level=\"1\"><b>VERSACE<\/b><\/li>\n<\/ul>\n<p>&nbsp;<\/p>\n<p><span style=\"font-weight: 400;\">Si vous \u00eates un voyageur de luxe \u00e0 la recherche de l&#8217;exp\u00e9rience ultime, ne cherchez pas plus loin. Travel &amp; More Tour est l&#8217;exp\u00e9rience de voyage ultime pour ceux qui souhaitent explorer l&#8217;Italie de mani\u00e8re priv\u00e9e et luxueuse.<\/span><\/p>\n<p><span style=\"font-weight: 400;\">Travel &amp; More Tour propose des visites de l&#8217;Italie en circuits priv\u00e9s de 8 heures avec toutes les commodit\u00e9s souhait\u00e9es. Ils proposent un transport avec chauffeur vers toutes les destinations, l&#8217;acc\u00e8s aux boutiques de v\u00eatements les plus exclusives de toute l&#8217;Italie, ainsi que PRADA et The Mall.<\/span><\/p>\n<p><span style=\"font-weight: 400;\">Lorsque vous aurez termin\u00e9, votre chauffeur priv\u00e9 vous ram\u00e8nera \u00e0 votre h\u00f4tel ou au lieu de votre choix \u00e0 Florence.<\/span><\/p>\n<p><span style=\"font-weight: 400;\">Nous comprenons les besoins de chacun de nos voyageurs et l&#8217;importance des vacances pour chaque individu. Notre \u00e9quipe <\/span><b>Tour Travel &amp; More <\/b><span style=\"font-weight: 400;\">est l\u00e0 pour vous aider \u00e0 organiser vos meilleures vacances.<\/span><\/p>\n<p><span style=\"font-weight: 400;\">Nous proposons une grande vari\u00e9t\u00e9 d&#8217;excursions au d\u00e9part de Florence et dans la r\u00e9gion de la Toscane. Jetez un coup d&#8217;\u0153il \u00e0 nos <\/span><a href=\"https:\/\/tourtravelandmore.com\/fr\/city\/italie-fr\/florence-fr\/\"><span style=\"font-weight: 400;\">excursions priv\u00e9es d&#8217;une demi-journ\u00e9e ou d&#8217;une journ\u00e9e compl\u00e8te au d\u00e9part de Florence.<\/span><\/a><\/p>\n","protected":false},"excerpt":{"rendered":"<p><b>\u00a0<\/b><span style=\"font-weight: 400;\">Cette visite priv\u00e9e est une exp\u00e9rience de shopping ax\u00e9e sur les marques de cr\u00e9ateurs les plus exclusives du monde entier. Vous serez l&#8217;une des rares personnes \u00e0 pouvoir vous rendre \u00e0 l&#8217;origine de la mode \u00e0 Florence.<\/span><\/p>\n","protected":false},"featured_media":94204,"comment_status":"open","ping_status":"closed","template":"","meta":{"_acf_changed":false},"product_brand":[],"product_cat":[3697,3702,3703],"product_tag":[],"class_list":{"0":"post-101510","1":"product","2":"type-product","3":"status-publish","4":"has-post-thumbnail","6":"product_cat-florence-fr","7":"product_cat-all-private-tours-activities-fr","8":"product_cat-private-day-trips","10":"first","11":"instock","12":"shipping-taxable","13":"purchasable","14":"product-type-simple"},"acf":[],"yoast_head":"<!-- This site is optimized with the Yoast SEO Premium plugin v25.3.1 (Yoast SEO v25.3.1) - https:\/\/yoast.com\/wordpress\/plugins\/seo\/ -->\n<title>\u27a1\ufe0f Florence Shopping Outlet avec transport priv\u00e9 | Tour Travel &amp; More<\/title>\n<meta name=\"description\" content=\"R\u00e9servez d\u00e8s maintenant cette sortie shopping \u00e0 Florence avec transport priv\u00e9. Vous vivrez une exp\u00e9rience de shopping totalement priv\u00e9e et confortable \u00e0 Florence.\" \/>\n<meta name=\"robots\" content=\"index, follow, max-snippet:-1, max-image-preview:large, max-video-preview:-1\" \/>\n<link rel=\"canonical\" href=\"https:\/\/tourtravelandmore.com\/fr\/tours\/italie-fr\/florence-fr\/all-private-tours-activities-fr\/experience-de-shopping-a-florence-outlet-avec-transport-prive\/\" \/>\n<meta property=\"og:locale\" content=\"fr_FR\" \/>\n<meta property=\"og:type\" content=\"article\" \/>\n<meta property=\"og:title\" content=\"Exp\u00e9rience de shopping \u00e0 Florence Outlet avec transport priv\u00e9\" \/>\n<meta property=\"og:description\" content=\"R\u00e9servez d\u00e8s maintenant cette sortie shopping \u00e0 Florence avec transport priv\u00e9. Vous vivrez une exp\u00e9rience de shopping totalement priv\u00e9e et confortable \u00e0 Florence.\" \/>\n<meta property=\"og:url\" content=\"https:\/\/tourtravelandmore.com\/fr\/tours\/italie-fr\/florence-fr\/all-private-tours-activities-fr\/experience-de-shopping-a-florence-outlet-avec-transport-prive\/\" \/>\n<meta property=\"og:site_name\" content=\"Tour Travel And More\" \/>\n<meta property=\"article:publisher\" content=\"https:\/\/www.facebook.com\/tourtravelandmore\/\" \/>\n<meta property=\"article:modified_time\" content=\"2024-03-21T15:10:37+00:00\" \/>\n<meta property=\"og:image\" content=\"https:\/\/tourtravelandmore.com\/wp-content\/uploads\/2017\/02\/shopping-Gucci.jpg\" \/>\n\t<meta property=\"og:image:width\" content=\"760\" \/>\n\t<meta property=\"og:image:height\" content=\"371\" \/>\n\t<meta property=\"og:image:type\" content=\"image\/jpeg\" \/>\n<meta name=\"twitter:card\" content=\"summary_large_image\" \/>\n<meta name=\"twitter:site\" content=\"@TourTravel_More\" \/>\n<meta name=\"twitter:label1\" content=\"Dur\u00e9e de lecture estim\u00e9e\" \/>\n\t<meta name=\"twitter:data1\" content=\"3 minutes\" \/>\n<script type=\"application\/ld+json\" class=\"yoast-schema-graph\">{\"@context\":\"https:\/\/schema.org\",\"@graph\":[{\"@type\":\"WebPage\",\"@id\":\"https:\/\/tourtravelandmore.com\/fr\/tours\/italie-fr\/florence-fr\/all-private-tours-activities-fr\/experience-de-shopping-a-florence-outlet-avec-transport-prive\/\",\"url\":\"https:\/\/tourtravelandmore.com\/fr\/tours\/italie-fr\/florence-fr\/all-private-tours-activities-fr\/experience-de-shopping-a-florence-outlet-avec-transport-prive\/\",\"name\":\"\u27a1\ufe0f Florence Shopping Outlet avec transport priv\u00e9 | Tour Travel & More\",\"isPartOf\":{\"@id\":\"https:\/\/tourtravelandmore.com\/fr\/#website\"},\"primaryImageOfPage\":{\"@id\":\"https:\/\/tourtravelandmore.com\/fr\/tours\/italie-fr\/florence-fr\/all-private-tours-activities-fr\/experience-de-shopping-a-florence-outlet-avec-transport-prive\/#primaryimage\"},\"image\":{\"@id\":\"https:\/\/tourtravelandmore.com\/fr\/tours\/italie-fr\/florence-fr\/all-private-tours-activities-fr\/experience-de-shopping-a-florence-outlet-avec-transport-prive\/#primaryimage\"},\"thumbnailUrl\":\"https:\/\/tourtravelandmore.com\/wp-content\/uploads\/2017\/02\/shopping-Gucci.jpg\",\"datePublished\":\"2017-02-14T15:55:29+00:00\",\"dateModified\":\"2024-03-21T15:10:37+00:00\",\"description\":\"R\u00e9servez d\u00e8s maintenant cette sortie shopping \u00e0 Florence avec transport priv\u00e9. Vous vivrez une exp\u00e9rience de shopping totalement priv\u00e9e et confortable \u00e0 Florence.\",\"breadcrumb\":{\"@id\":\"https:\/\/tourtravelandmore.com\/fr\/tours\/italie-fr\/florence-fr\/all-private-tours-activities-fr\/experience-de-shopping-a-florence-outlet-avec-transport-prive\/#breadcrumb\"},\"inLanguage\":\"fr-FR\",\"potentialAction\":[{\"@type\":\"ReadAction\",\"target\":[\"https:\/\/tourtravelandmore.com\/fr\/tours\/italie-fr\/florence-fr\/all-private-tours-activities-fr\/experience-de-shopping-a-florence-outlet-avec-transport-prive\/\"]}]},{\"@type\":\"ImageObject\",\"inLanguage\":\"fr-FR\",\"@id\":\"https:\/\/tourtravelandmore.com\/fr\/tours\/italie-fr\/florence-fr\/all-private-tours-activities-fr\/experience-de-shopping-a-florence-outlet-avec-transport-prive\/#primaryimage\",\"url\":\"https:\/\/tourtravelandmore.com\/wp-content\/uploads\/2017\/02\/shopping-Gucci.jpg\",\"contentUrl\":\"https:\/\/tourtravelandmore.com\/wp-content\/uploads\/2017\/02\/shopping-Gucci.jpg\",\"width\":760,\"height\":371,\"caption\":\"Florence Shopping Tour\"},{\"@type\":\"BreadcrumbList\",\"@id\":\"https:\/\/tourtravelandmore.com\/fr\/tours\/italie-fr\/florence-fr\/all-private-tours-activities-fr\/experience-de-shopping-a-florence-outlet-avec-transport-prive\/#breadcrumb\",\"itemListElement\":[{\"@type\":\"ListItem\",\"position\":1,\"name\":\"Home\",\"item\":\"https:\/\/tourtravelandmore.com\/fr\/\"},{\"@type\":\"ListItem\",\"position\":2,\"name\":\"Tours\",\"item\":\"https:\/\/tourtravelandmore.com\/fr\/tours\/\"},{\"@type\":\"ListItem\",\"position\":3,\"name\":\"Exp\u00e9rience de shopping \u00e0 Florence Outlet avec transport priv\u00e9\"}]},{\"@type\":\"WebSite\",\"@id\":\"https:\/\/tourtravelandmore.com\/fr\/#website\",\"url\":\"https:\/\/tourtravelandmore.com\/fr\/\",\"name\":\"Tour Travel And More\",\"description\":\"Private sightseeing tours and luxury transfers in Spain\",\"publisher\":{\"@id\":\"https:\/\/tourtravelandmore.com\/fr\/#organization\"},\"potentialAction\":[{\"@type\":\"SearchAction\",\"target\":{\"@type\":\"EntryPoint\",\"urlTemplate\":\"https:\/\/tourtravelandmore.com\/fr\/?s={search_term_string}\"},\"query-input\":{\"@type\":\"PropertyValueSpecification\",\"valueRequired\":true,\"valueName\":\"search_term_string\"}}],\"inLanguage\":\"fr-FR\"},{\"@type\":\"Organization\",\"@id\":\"https:\/\/tourtravelandmore.com\/fr\/#organization\",\"name\":\"Tour Travel And More\",\"url\":\"https:\/\/tourtravelandmore.com\/fr\/\",\"logo\":{\"@type\":\"ImageObject\",\"inLanguage\":\"fr-FR\",\"@id\":\"https:\/\/tourtravelandmore.com\/fr\/#\/schema\/logo\/image\/\",\"url\":\"https:\/\/tourtravelandmore.com\/wp-content\/uploads\/2022\/12\/cropped-logo-cabecera-new.png\",\"contentUrl\":\"https:\/\/tourtravelandmore.com\/wp-content\/uploads\/2022\/12\/cropped-logo-cabecera-new.png\",\"width\":430,\"height\":61,\"caption\":\"Tour Travel And More\"},\"image\":{\"@id\":\"https:\/\/tourtravelandmore.com\/fr\/#\/schema\/logo\/image\/\"},\"sameAs\":[\"https:\/\/www.facebook.com\/tourtravelandmore\/\",\"https:\/\/x.com\/TourTravel_More\"]}]}<\/script>\n<!-- \/ Yoast SEO Premium plugin. -->","yoast_head_json":{"title":"\u27a1\ufe0f Florence Shopping Outlet avec transport priv\u00e9 | Tour Travel & More","description":"R\u00e9servez d\u00e8s maintenant cette sortie shopping \u00e0 Florence avec transport priv\u00e9. Vous vivrez une exp\u00e9rience de shopping totalement priv\u00e9e et confortable \u00e0 Florence.","robots":{"index":"index","follow":"follow","max-snippet":"max-snippet:-1","max-image-preview":"max-image-preview:large","max-video-preview":"max-video-preview:-1"},"canonical":"https:\/\/tourtravelandmore.com\/fr\/tours\/italie-fr\/florence-fr\/all-private-tours-activities-fr\/experience-de-shopping-a-florence-outlet-avec-transport-prive\/","og_locale":"fr_FR","og_type":"article","og_title":"Exp\u00e9rience de shopping \u00e0 Florence Outlet avec transport priv\u00e9","og_description":"R\u00e9servez d\u00e8s maintenant cette sortie shopping \u00e0 Florence avec transport priv\u00e9. Vous vivrez une exp\u00e9rience de shopping totalement priv\u00e9e et confortable \u00e0 Florence.","og_url":"https:\/\/tourtravelandmore.com\/fr\/tours\/italie-fr\/florence-fr\/all-private-tours-activities-fr\/experience-de-shopping-a-florence-outlet-avec-transport-prive\/","og_site_name":"Tour Travel And More","article_publisher":"https:\/\/www.facebook.com\/tourtravelandmore\/","article_modified_time":"2024-03-21T15:10:37+00:00","og_image":[{"width":760,"height":371,"url":"https:\/\/tourtravelandmore.com\/wp-content\/uploads\/2017\/02\/shopping-Gucci.jpg","type":"image\/jpeg"}],"twitter_card":"summary_large_image","twitter_site":"@TourTravel_More","twitter_misc":{"Dur\u00e9e de lecture estim\u00e9e":"3 minutes"},"schema":{"@context":"https:\/\/schema.org","@graph":[{"@type":"WebPage","@id":"https:\/\/tourtravelandmore.com\/fr\/tours\/italie-fr\/florence-fr\/all-private-tours-activities-fr\/experience-de-shopping-a-florence-outlet-avec-transport-prive\/","url":"https:\/\/tourtravelandmore.com\/fr\/tours\/italie-fr\/florence-fr\/all-private-tours-activities-fr\/experience-de-shopping-a-florence-outlet-avec-transport-prive\/","name":"\u27a1\ufe0f Florence Shopping Outlet avec transport priv\u00e9 | Tour Travel & More","isPartOf":{"@id":"https:\/\/tourtravelandmore.com\/fr\/#website"},"primaryImageOfPage":{"@id":"https:\/\/tourtravelandmore.com\/fr\/tours\/italie-fr\/florence-fr\/all-private-tours-activities-fr\/experience-de-shopping-a-florence-outlet-avec-transport-prive\/#primaryimage"},"image":{"@id":"https:\/\/tourtravelandmore.com\/fr\/tours\/italie-fr\/florence-fr\/all-private-tours-activities-fr\/experience-de-shopping-a-florence-outlet-avec-transport-prive\/#primaryimage"},"thumbnailUrl":"https:\/\/tourtravelandmore.com\/wp-content\/uploads\/2017\/02\/shopping-Gucci.jpg","datePublished":"2017-02-14T15:55:29+00:00","dateModified":"2024-03-21T15:10:37+00:00","description":"R\u00e9servez d\u00e8s maintenant cette sortie shopping \u00e0 Florence avec transport priv\u00e9. Vous vivrez une exp\u00e9rience de shopping totalement priv\u00e9e et confortable \u00e0 Florence.","breadcrumb":{"@id":"https:\/\/tourtravelandmore.com\/fr\/tours\/italie-fr\/florence-fr\/all-private-tours-activities-fr\/experience-de-shopping-a-florence-outlet-avec-transport-prive\/#breadcrumb"},"inLanguage":"fr-FR","potentialAction":[{"@type":"ReadAction","target":["https:\/\/tourtravelandmore.com\/fr\/tours\/italie-fr\/florence-fr\/all-private-tours-activities-fr\/experience-de-shopping-a-florence-outlet-avec-transport-prive\/"]}]},{"@type":"ImageObject","inLanguage":"fr-FR","@id":"https:\/\/tourtravelandmore.com\/fr\/tours\/italie-fr\/florence-fr\/all-private-tours-activities-fr\/experience-de-shopping-a-florence-outlet-avec-transport-prive\/#primaryimage","url":"https:\/\/tourtravelandmore.com\/wp-content\/uploads\/2017\/02\/shopping-Gucci.jpg","contentUrl":"https:\/\/tourtravelandmore.com\/wp-content\/uploads\/2017\/02\/shopping-Gucci.jpg","width":760,"height":371,"caption":"Florence Shopping Tour"},{"@type":"BreadcrumbList","@id":"https:\/\/tourtravelandmore.com\/fr\/tours\/italie-fr\/florence-fr\/all-private-tours-activities-fr\/experience-de-shopping-a-florence-outlet-avec-transport-prive\/#breadcrumb","itemListElement":[{"@type":"ListItem","position":1,"name":"Home","item":"https:\/\/tourtravelandmore.com\/fr\/"},{"@type":"ListItem","position":2,"name":"Tours","item":"https:\/\/tourtravelandmore.com\/fr\/tours\/"},{"@type":"ListItem","position":3,"name":"Exp\u00e9rience de shopping \u00e0 Florence Outlet avec transport priv\u00e9"}]},{"@type":"WebSite","@id":"https:\/\/tourtravelandmore.com\/fr\/#website","url":"https:\/\/tourtravelandmore.com\/fr\/","name":"Tour Travel And More","description":"Private sightseeing tours and luxury transfers in Spain","publisher":{"@id":"https:\/\/tourtravelandmore.com\/fr\/#organization"},"potentialAction":[{"@type":"SearchAction","target":{"@type":"EntryPoint","urlTemplate":"https:\/\/tourtravelandmore.com\/fr\/?s={search_term_string}"},"query-input":{"@type":"PropertyValueSpecification","valueRequired":true,"valueName":"search_term_string"}}],"inLanguage":"fr-FR"},{"@type":"Organization","@id":"https:\/\/tourtravelandmore.com\/fr\/#organization","name":"Tour Travel And More","url":"https:\/\/tourtravelandmore.com\/fr\/","logo":{"@type":"ImageObject","inLanguage":"fr-FR","@id":"https:\/\/tourtravelandmore.com\/fr\/#\/schema\/logo\/image\/","url":"https:\/\/tourtravelandmore.com\/wp-content\/uploads\/2022\/12\/cropped-logo-cabecera-new.png","contentUrl":"https:\/\/tourtravelandmore.com\/wp-content\/uploads\/2022\/12\/cropped-logo-cabecera-new.png","width":430,"height":61,"caption":"Tour Travel And More"},"image":{"@id":"https:\/\/tourtravelandmore.com\/fr\/#\/schema\/logo\/image\/"},"sameAs":["https:\/\/www.facebook.com\/tourtravelandmore\/","https:\/\/x.com\/TourTravel_More"]}]}},"_links":{"self":[{"href":"https:\/\/tourtravelandmore.com\/fr\/wp-json\/wp\/v2\/product\/101510","targetHints":{"allow":["GET"]}}],"collection":[{"href":"https:\/\/tourtravelandmore.com\/fr\/wp-json\/wp\/v2\/product"}],"about":[{"href":"https:\/\/tourtravelandmore.com\/fr\/wp-json\/wp\/v2\/types\/product"}],"replies":[{"embeddable":true,"href":"https:\/\/tourtravelandmore.com\/fr\/wp-json\/wp\/v2\/comments?post=101510"}],"wp:featuredmedia":[{"embeddable":true,"href":"https:\/\/tourtravelandmore.com\/fr\/wp-json\/wp\/v2\/media\/94204"}],"wp:attachment":[{"href":"https:\/\/tourtravelandmore.com\/fr\/wp-json\/wp\/v2\/media?parent=101510"}],"wp:term":[{"taxonomy":"product_brand","embeddable":true,"href":"https:\/\/tourtravelandmore.com\/fr\/wp-json\/wp\/v2\/product_brand?post=101510"},{"taxonomy":"product_cat","embeddable":true,"href":"https:\/\/tourtravelandmore.com\/fr\/wp-json\/wp\/v2\/product_cat?post=101510"},{"taxonomy":"product_tag","embeddable":true,"href":"https:\/\/tourtravelandmore.com\/fr\/wp-json\/wp\/v2\/product_tag?post=101510"}],"curies":[{"name":"wp","href":"https:\/\/api.w.org\/{rel}","templated":true}]}}