{"id":101509,"date":"2017-02-14T16:22:59","date_gmt":"2017-02-14T15:22:59","guid":{"rendered":"https:\/\/tourtravelandmore.com\/tours\/non%20class\u00e9\/transferts-prives-a-florence-depuis-vers-nimporte-quel-endroit\/"},"modified":"2022-08-24T13:31:37","modified_gmt":"2022-08-24T11:31:37","slug":"transferts-prives-a-florence-depuis-vers-nimporte-quel-endroit","status":"publish","type":"product","link":"https:\/\/tourtravelandmore.com\/fr\/tours\/italie-fr\/florence-fr\/private-transfers-fr\/transferts-prives-a-florence-depuis-vers-nimporte-quel-endroit\/","title":{"rendered":"Transferts priv\u00e9s \u00e0 Florence &#8211; depuis \/ vers n&#8217;importe quel endroit"},"content":{"rendered":"<h2><b>Description des transferts priv\u00e9s \u00e0 Florence<\/b><\/h2>\n<p><span style=\"font-weight: 400;\">Profitez d&#8217;une exp\u00e9rience relaxante dans l&#8217;un de nos v\u00e9hicules priv\u00e9s de luxe avec nos transferts priv\u00e9s \u00e0 Florence. Nous vous offrons le moyen le plus rapide et le plus simple d&#8217;atteindre votre destination finale.<\/span><\/p>\n<p><span style=\"font-weight: 400;\">Tour Travel &amp; More Un large \u00e9ventail de destinations parmi lesquelles vous pouvez choisir, notamment : Pise, Florence, Rome, Milan et Venise.<\/span><\/p>\n<p><span style=\"font-weight: 400;\">N&#8217;oubliez pas que votre transfert est enti\u00e8rement personnalis\u00e9, quel que soit l&#8217;endroit o\u00f9 vous vous trouvez \u00e0 Florence, nous viendrons \u00e0 vous en temps voulu.<\/span><\/p>\n<p><span style=\"font-weight: 400;\">Nous offrons tous les types de transferts, tels que les transferts vers l&#8217;<\/span><a href=\"https:\/\/www.aeroporto.firenze.it\/it\/\"><span style=\"font-weight: 400;\">a\u00e9roport<\/span><\/a><span style=\"font-weight: 400;\">, la gare ou les transferts vers toute autre ville ou lieu \u00e0 proximit\u00e9.<\/span><\/p>\n<p><span style=\"font-weight: 400;\">Une fois arriv\u00e9 \u00e0 votre arr\u00eat, notre personnel vous attendra avec un panneau dans le hall des arriv\u00e9es. Lors de votre arriv\u00e9e \u00e0 votre destination finale, vous pourrez \u00e9galement profiter d&#8217;une vue panoramique de la ville.<\/span><\/p>\n<p><span style=\"font-weight: 400;\">Vous pouvez \u00e9galement b\u00e9n\u00e9ficier de transferts priv\u00e9s de votre h\u00f4tel ou appartement \u00e0 la gare de Florence.<\/span><\/p>\n<p><span style=\"font-weight: 400;\">Nous pouvons vous conduire \u00e0 votre h\u00f4tel \u00e0 Florence ou dans toute autre ville proche, comme Pise ou m\u00eame Venise.<\/span><\/p>\n<p><span style=\"font-weight: 400;\">Si vous arrivez au terminal de croisi\u00e8re \u00e0 Livorno, nous pouvons organiser un transfert priv\u00e9 vers Florence ou une visite priv\u00e9e de <\/span><a href=\"https:\/\/tourtravelandmore.com\/fr\/tours\/italie-fr\/livorno-fr\/excursion-privee-a-terre-de-florence-au-depart-de-livourne\/\"><span style=\"font-weight: 400;\">Florence \u00e0 partir de Livorno.<\/span><\/a><\/p>\n<h2><b>Points d&#8217;int\u00e9r\u00eat des Transferts priv\u00e9s \u00e0 Florence<\/b><\/h2>\n<p><span style=\"font-weight: 400;\">Nous proposons des services de transfert et un service personnalis\u00e9 et priv\u00e9 pour tous les groupes. Tous nos v\u00e9hicules sont haut de gamme. Tous nos chauffeurs sont professionnellement form\u00e9s et exp\u00e9riment\u00e9s pour un voyage en toute s\u00e9curit\u00e9. Ils fournissent le meilleur service pour que vous profitiez pleinement de votre voyage.<\/span><\/p>\n<p><span style=\"font-weight: 400;\">Il vous suffit de nous contacter et nous organiserons votre transfert de la meilleure fa\u00e7on possible. <\/span><b>Tour Travel and More est un r\u00e9sultat de garantie et de satisfaction.<\/b><\/p>\n<p><span style=\"font-weight: 400;\">Une fois que vous aurez effectu\u00e9 votre r\u00e9servation, vous recevrez un courriel de confirmation. Nous aurons ensuite besoin des informations sur votre vol, de votre heure d&#8217;arriv\u00e9e et des informations sur la compagnie a\u00e9rienne ou la croisi\u00e8re. Entre 48 et 24 heures avant votre heure d&#8217;arriv\u00e9e, nous aurons besoin d&#8217;une confirmation de tous ces d\u00e9tails pour que votre service de transfert soit parfait.<\/span><\/p>\n<p><span style=\"font-weight: 400;\">Nous ne limitons pas la quantit\u00e9 de bagages que vous pouvez apporter, mais nous vous prions de nous informer de la quantit\u00e9 de bagages que vous emporterez pour des raisons logistiques. Parfois, un v\u00e9hicule plus grand peut \u00eatre n\u00e9cessaire et des frais suppl\u00e9mentaires peuvent s&#8217;appliquer.<\/span><\/p>\n<p><b>Si vous avez besoin d&#8217;un si\u00e8ge b\u00e9b\u00e9 ou d&#8217;un si\u00e8ge enfant, veuillez nous contacter avant votre vol ou votre croisi\u00e8re afin de prendre les dispositions n\u00e9cessaires.<\/b><\/p>\n","protected":false},"excerpt":{"rendered":"<p><span style=\"font-weight: 400;\">Nous offrons des transferts priv\u00e9s \u00e0 Florence vers n&#8217;importe quel endroit, voiture de luxe et compl\u00e8tement priv\u00e9e, votre chauffeur vous offrira le meilleur service et une touche humaine pour une exp\u00e9rience inimaginable.<\/span><\/p>\n","protected":false},"featured_media":93967,"comment_status":"open","ping_status":"closed","template":"","meta":{"_acf_changed":false},"product_brand":[],"product_cat":[3697,3706],"product_tag":[],"class_list":{"0":"post-101509","1":"product","2":"type-product","3":"status-publish","4":"has-post-thumbnail","6":"product_cat-florence-fr","7":"product_cat-private-transfers-fr","9":"first","10":"instock","11":"shipping-taxable","12":"purchasable","13":"product-type-simple"},"acf":[],"yoast_head":"<!-- This site is optimized with the Yoast SEO Premium plugin v25.3.1 (Yoast SEO v25.3.1) - https:\/\/yoast.com\/wordpress\/plugins\/seo\/ -->\n<title>\u27a1\ufe0f Transferts priv\u00e9s \u00e0 Florence - de\/vers n&#039;importe quel endroit<\/title>\n<meta name=\"description\" content=\"R\u00e9servez ce transfert priv\u00e9 \u00e0 Florence - de\/vers n&#039;importe quel endroit, ce sera une exp\u00e9rience confortable, sans souci et compl\u00e8tement d\u00e9tendue \u2705\" \/>\n<meta name=\"robots\" content=\"index, follow, max-snippet:-1, max-image-preview:large, max-video-preview:-1\" \/>\n<link rel=\"canonical\" href=\"https:\/\/tourtravelandmore.com\/fr\/tours\/italie-fr\/florence-fr\/private-transfers-fr\/transferts-prives-a-florence-depuis-vers-nimporte-quel-endroit\/\" \/>\n<meta property=\"og:locale\" content=\"fr_FR\" \/>\n<meta property=\"og:type\" content=\"article\" \/>\n<meta property=\"og:title\" content=\"Transferts priv\u00e9s \u00e0 Florence - depuis \/ vers n&#039;importe quel endroit\" \/>\n<meta property=\"og:description\" content=\"R\u00e9servez ce transfert priv\u00e9 \u00e0 Florence - de\/vers n&#039;importe quel endroit, ce sera une exp\u00e9rience confortable, sans souci et compl\u00e8tement d\u00e9tendue \u2705\" \/>\n<meta property=\"og:url\" content=\"https:\/\/tourtravelandmore.com\/fr\/tours\/italie-fr\/florence-fr\/private-transfers-fr\/transferts-prives-a-florence-depuis-vers-nimporte-quel-endroit\/\" \/>\n<meta property=\"og:site_name\" content=\"Tour Travel And More\" \/>\n<meta property=\"article:publisher\" content=\"https:\/\/www.facebook.com\/tourtravelandmore\/\" \/>\n<meta property=\"article:modified_time\" content=\"2022-08-24T11:31:37+00:00\" \/>\n<meta property=\"og:image\" content=\"https:\/\/tourtravelandmore.com\/wp-content\/uploads\/2016\/10\/madrid-private-transfer.png\" \/>\n\t<meta property=\"og:image:width\" content=\"640\" \/>\n\t<meta property=\"og:image:height\" content=\"425\" \/>\n\t<meta property=\"og:image:type\" content=\"image\/png\" \/>\n<meta name=\"twitter:card\" content=\"summary_large_image\" \/>\n<meta name=\"twitter:site\" content=\"@TourTravel_More\" \/>\n<meta name=\"twitter:label1\" content=\"Dur\u00e9e de lecture estim\u00e9e\" \/>\n\t<meta name=\"twitter:data1\" content=\"2 minutes\" \/>\n<script type=\"application\/ld+json\" class=\"yoast-schema-graph\">{\"@context\":\"https:\/\/schema.org\",\"@graph\":[{\"@type\":\"WebPage\",\"@id\":\"https:\/\/tourtravelandmore.com\/fr\/tours\/italie-fr\/florence-fr\/private-transfers-fr\/transferts-prives-a-florence-depuis-vers-nimporte-quel-endroit\/\",\"url\":\"https:\/\/tourtravelandmore.com\/fr\/tours\/italie-fr\/florence-fr\/private-transfers-fr\/transferts-prives-a-florence-depuis-vers-nimporte-quel-endroit\/\",\"name\":\"\u27a1\ufe0f Transferts priv\u00e9s \u00e0 Florence - de\/vers n'importe quel endroit\",\"isPartOf\":{\"@id\":\"https:\/\/tourtravelandmore.com\/fr\/#website\"},\"primaryImageOfPage\":{\"@id\":\"https:\/\/tourtravelandmore.com\/fr\/tours\/italie-fr\/florence-fr\/private-transfers-fr\/transferts-prives-a-florence-depuis-vers-nimporte-quel-endroit\/#primaryimage\"},\"image\":{\"@id\":\"https:\/\/tourtravelandmore.com\/fr\/tours\/italie-fr\/florence-fr\/private-transfers-fr\/transferts-prives-a-florence-depuis-vers-nimporte-quel-endroit\/#primaryimage\"},\"thumbnailUrl\":\"https:\/\/tourtravelandmore.com\/wp-content\/uploads\/2016\/10\/madrid-private-transfer.png\",\"datePublished\":\"2017-02-14T15:22:59+00:00\",\"dateModified\":\"2022-08-24T11:31:37+00:00\",\"description\":\"R\u00e9servez ce transfert priv\u00e9 \u00e0 Florence - de\/vers n'importe quel endroit, ce sera une exp\u00e9rience confortable, sans souci et compl\u00e8tement d\u00e9tendue \u2705\",\"breadcrumb\":{\"@id\":\"https:\/\/tourtravelandmore.com\/fr\/tours\/italie-fr\/florence-fr\/private-transfers-fr\/transferts-prives-a-florence-depuis-vers-nimporte-quel-endroit\/#breadcrumb\"},\"inLanguage\":\"fr-FR\",\"potentialAction\":[{\"@type\":\"ReadAction\",\"target\":[\"https:\/\/tourtravelandmore.com\/fr\/tours\/italie-fr\/florence-fr\/private-transfers-fr\/transferts-prives-a-florence-depuis-vers-nimporte-quel-endroit\/\"]}]},{\"@type\":\"ImageObject\",\"inLanguage\":\"fr-FR\",\"@id\":\"https:\/\/tourtravelandmore.com\/fr\/tours\/italie-fr\/florence-fr\/private-transfers-fr\/transferts-prives-a-florence-depuis-vers-nimporte-quel-endroit\/#primaryimage\",\"url\":\"https:\/\/tourtravelandmore.com\/wp-content\/uploads\/2016\/10\/madrid-private-transfer.png\",\"contentUrl\":\"https:\/\/tourtravelandmore.com\/wp-content\/uploads\/2016\/10\/madrid-private-transfer.png\",\"width\":640,\"height\":425,\"caption\":\"Private Transfer\"},{\"@type\":\"BreadcrumbList\",\"@id\":\"https:\/\/tourtravelandmore.com\/fr\/tours\/italie-fr\/florence-fr\/private-transfers-fr\/transferts-prives-a-florence-depuis-vers-nimporte-quel-endroit\/#breadcrumb\",\"itemListElement\":[{\"@type\":\"ListItem\",\"position\":1,\"name\":\"Home\",\"item\":\"https:\/\/tourtravelandmore.com\/fr\/\"},{\"@type\":\"ListItem\",\"position\":2,\"name\":\"Tours\",\"item\":\"https:\/\/tourtravelandmore.com\/fr\/tours\/\"},{\"@type\":\"ListItem\",\"position\":3,\"name\":\"Transferts priv\u00e9s \u00e0 Florence &#8211; depuis \/ vers n&#8217;importe quel endroit\"}]},{\"@type\":\"WebSite\",\"@id\":\"https:\/\/tourtravelandmore.com\/fr\/#website\",\"url\":\"https:\/\/tourtravelandmore.com\/fr\/\",\"name\":\"Tour Travel And More\",\"description\":\"Private sightseeing tours and luxury transfers in Spain\",\"publisher\":{\"@id\":\"https:\/\/tourtravelandmore.com\/fr\/#organization\"},\"potentialAction\":[{\"@type\":\"SearchAction\",\"target\":{\"@type\":\"EntryPoint\",\"urlTemplate\":\"https:\/\/tourtravelandmore.com\/fr\/?s={search_term_string}\"},\"query-input\":{\"@type\":\"PropertyValueSpecification\",\"valueRequired\":true,\"valueName\":\"search_term_string\"}}],\"inLanguage\":\"fr-FR\"},{\"@type\":\"Organization\",\"@id\":\"https:\/\/tourtravelandmore.com\/fr\/#organization\",\"name\":\"Tour Travel And More\",\"url\":\"https:\/\/tourtravelandmore.com\/fr\/\",\"logo\":{\"@type\":\"ImageObject\",\"inLanguage\":\"fr-FR\",\"@id\":\"https:\/\/tourtravelandmore.com\/fr\/#\/schema\/logo\/image\/\",\"url\":\"https:\/\/tourtravelandmore.com\/wp-content\/uploads\/2022\/12\/cropped-logo-cabecera-new.png\",\"contentUrl\":\"https:\/\/tourtravelandmore.com\/wp-content\/uploads\/2022\/12\/cropped-logo-cabecera-new.png\",\"width\":430,\"height\":61,\"caption\":\"Tour Travel And More\"},\"image\":{\"@id\":\"https:\/\/tourtravelandmore.com\/fr\/#\/schema\/logo\/image\/\"},\"sameAs\":[\"https:\/\/www.facebook.com\/tourtravelandmore\/\",\"https:\/\/x.com\/TourTravel_More\"]}]}<\/script>\n<!-- \/ Yoast SEO Premium plugin. -->","yoast_head_json":{"title":"\u27a1\ufe0f Transferts priv\u00e9s \u00e0 Florence - de\/vers n'importe quel endroit","description":"R\u00e9servez ce transfert priv\u00e9 \u00e0 Florence - de\/vers n'importe quel endroit, ce sera une exp\u00e9rience confortable, sans souci et compl\u00e8tement d\u00e9tendue \u2705","robots":{"index":"index","follow":"follow","max-snippet":"max-snippet:-1","max-image-preview":"max-image-preview:large","max-video-preview":"max-video-preview:-1"},"canonical":"https:\/\/tourtravelandmore.com\/fr\/tours\/italie-fr\/florence-fr\/private-transfers-fr\/transferts-prives-a-florence-depuis-vers-nimporte-quel-endroit\/","og_locale":"fr_FR","og_type":"article","og_title":"Transferts priv\u00e9s \u00e0 Florence - depuis \/ vers n'importe quel endroit","og_description":"R\u00e9servez ce transfert priv\u00e9 \u00e0 Florence - de\/vers n'importe quel endroit, ce sera une exp\u00e9rience confortable, sans souci et compl\u00e8tement d\u00e9tendue \u2705","og_url":"https:\/\/tourtravelandmore.com\/fr\/tours\/italie-fr\/florence-fr\/private-transfers-fr\/transferts-prives-a-florence-depuis-vers-nimporte-quel-endroit\/","og_site_name":"Tour Travel And More","article_publisher":"https:\/\/www.facebook.com\/tourtravelandmore\/","article_modified_time":"2022-08-24T11:31:37+00:00","og_image":[{"width":640,"height":425,"url":"https:\/\/tourtravelandmore.com\/wp-content\/uploads\/2016\/10\/madrid-private-transfer.png","type":"image\/png"}],"twitter_card":"summary_large_image","twitter_site":"@TourTravel_More","twitter_misc":{"Dur\u00e9e de lecture estim\u00e9e":"2 minutes"},"schema":{"@context":"https:\/\/schema.org","@graph":[{"@type":"WebPage","@id":"https:\/\/tourtravelandmore.com\/fr\/tours\/italie-fr\/florence-fr\/private-transfers-fr\/transferts-prives-a-florence-depuis-vers-nimporte-quel-endroit\/","url":"https:\/\/tourtravelandmore.com\/fr\/tours\/italie-fr\/florence-fr\/private-transfers-fr\/transferts-prives-a-florence-depuis-vers-nimporte-quel-endroit\/","name":"\u27a1\ufe0f Transferts priv\u00e9s \u00e0 Florence - de\/vers n'importe quel endroit","isPartOf":{"@id":"https:\/\/tourtravelandmore.com\/fr\/#website"},"primaryImageOfPage":{"@id":"https:\/\/tourtravelandmore.com\/fr\/tours\/italie-fr\/florence-fr\/private-transfers-fr\/transferts-prives-a-florence-depuis-vers-nimporte-quel-endroit\/#primaryimage"},"image":{"@id":"https:\/\/tourtravelandmore.com\/fr\/tours\/italie-fr\/florence-fr\/private-transfers-fr\/transferts-prives-a-florence-depuis-vers-nimporte-quel-endroit\/#primaryimage"},"thumbnailUrl":"https:\/\/tourtravelandmore.com\/wp-content\/uploads\/2016\/10\/madrid-private-transfer.png","datePublished":"2017-02-14T15:22:59+00:00","dateModified":"2022-08-24T11:31:37+00:00","description":"R\u00e9servez ce transfert priv\u00e9 \u00e0 Florence - de\/vers n'importe quel endroit, ce sera une exp\u00e9rience confortable, sans souci et compl\u00e8tement d\u00e9tendue \u2705","breadcrumb":{"@id":"https:\/\/tourtravelandmore.com\/fr\/tours\/italie-fr\/florence-fr\/private-transfers-fr\/transferts-prives-a-florence-depuis-vers-nimporte-quel-endroit\/#breadcrumb"},"inLanguage":"fr-FR","potentialAction":[{"@type":"ReadAction","target":["https:\/\/tourtravelandmore.com\/fr\/tours\/italie-fr\/florence-fr\/private-transfers-fr\/transferts-prives-a-florence-depuis-vers-nimporte-quel-endroit\/"]}]},{"@type":"ImageObject","inLanguage":"fr-FR","@id":"https:\/\/tourtravelandmore.com\/fr\/tours\/italie-fr\/florence-fr\/private-transfers-fr\/transferts-prives-a-florence-depuis-vers-nimporte-quel-endroit\/#primaryimage","url":"https:\/\/tourtravelandmore.com\/wp-content\/uploads\/2016\/10\/madrid-private-transfer.png","contentUrl":"https:\/\/tourtravelandmore.com\/wp-content\/uploads\/2016\/10\/madrid-private-transfer.png","width":640,"height":425,"caption":"Private Transfer"},{"@type":"BreadcrumbList","@id":"https:\/\/tourtravelandmore.com\/fr\/tours\/italie-fr\/florence-fr\/private-transfers-fr\/transferts-prives-a-florence-depuis-vers-nimporte-quel-endroit\/#breadcrumb","itemListElement":[{"@type":"ListItem","position":1,"name":"Home","item":"https:\/\/tourtravelandmore.com\/fr\/"},{"@type":"ListItem","position":2,"name":"Tours","item":"https:\/\/tourtravelandmore.com\/fr\/tours\/"},{"@type":"ListItem","position":3,"name":"Transferts priv\u00e9s \u00e0 Florence &#8211; depuis \/ vers n&#8217;importe quel endroit"}]},{"@type":"WebSite","@id":"https:\/\/tourtravelandmore.com\/fr\/#website","url":"https:\/\/tourtravelandmore.com\/fr\/","name":"Tour Travel And More","description":"Private sightseeing tours and luxury transfers in Spain","publisher":{"@id":"https:\/\/tourtravelandmore.com\/fr\/#organization"},"potentialAction":[{"@type":"SearchAction","target":{"@type":"EntryPoint","urlTemplate":"https:\/\/tourtravelandmore.com\/fr\/?s={search_term_string}"},"query-input":{"@type":"PropertyValueSpecification","valueRequired":true,"valueName":"search_term_string"}}],"inLanguage":"fr-FR"},{"@type":"Organization","@id":"https:\/\/tourtravelandmore.com\/fr\/#organization","name":"Tour Travel And More","url":"https:\/\/tourtravelandmore.com\/fr\/","logo":{"@type":"ImageObject","inLanguage":"fr-FR","@id":"https:\/\/tourtravelandmore.com\/fr\/#\/schema\/logo\/image\/","url":"https:\/\/tourtravelandmore.com\/wp-content\/uploads\/2022\/12\/cropped-logo-cabecera-new.png","contentUrl":"https:\/\/tourtravelandmore.com\/wp-content\/uploads\/2022\/12\/cropped-logo-cabecera-new.png","width":430,"height":61,"caption":"Tour Travel And More"},"image":{"@id":"https:\/\/tourtravelandmore.com\/fr\/#\/schema\/logo\/image\/"},"sameAs":["https:\/\/www.facebook.com\/tourtravelandmore\/","https:\/\/x.com\/TourTravel_More"]}]}},"_links":{"self":[{"href":"https:\/\/tourtravelandmore.com\/fr\/wp-json\/wp\/v2\/product\/101509","targetHints":{"allow":["GET"]}}],"collection":[{"href":"https:\/\/tourtravelandmore.com\/fr\/wp-json\/wp\/v2\/product"}],"about":[{"href":"https:\/\/tourtravelandmore.com\/fr\/wp-json\/wp\/v2\/types\/product"}],"replies":[{"embeddable":true,"href":"https:\/\/tourtravelandmore.com\/fr\/wp-json\/wp\/v2\/comments?post=101509"}],"wp:featuredmedia":[{"embeddable":true,"href":"https:\/\/tourtravelandmore.com\/fr\/wp-json\/wp\/v2\/media\/93967"}],"wp:attachment":[{"href":"https:\/\/tourtravelandmore.com\/fr\/wp-json\/wp\/v2\/media?parent=101509"}],"wp:term":[{"taxonomy":"product_brand","embeddable":true,"href":"https:\/\/tourtravelandmore.com\/fr\/wp-json\/wp\/v2\/product_brand?post=101509"},{"taxonomy":"product_cat","embeddable":true,"href":"https:\/\/tourtravelandmore.com\/fr\/wp-json\/wp\/v2\/product_cat?post=101509"},{"taxonomy":"product_tag","embeddable":true,"href":"https:\/\/tourtravelandmore.com\/fr\/wp-json\/wp\/v2\/product_tag?post=101509"}],"curies":[{"name":"wp","href":"https:\/\/api.w.org\/{rel}","templated":true}]}}