{"id":101503,"date":"2017-02-14T17:26:44","date_gmt":"2017-02-14T16:26:44","guid":{"rendered":"https:\/\/tourtravelandmore.com\/tours\/non%20class\u00e9\/visite-privee-a-pied-de-florence\/"},"modified":"2023-11-24T15:20:26","modified_gmt":"2023-11-24T14:20:26","slug":"visite-privee-a-pied-de-florence","status":"publish","type":"product","link":"https:\/\/tourtravelandmore.com\/fr\/tours\/italie-fr\/florence-fr\/all-private-tours-activities-fr\/visite-privee-a-pied-de-florence\/","title":{"rendered":"Visite priv\u00e9e \u00e0 pied de Florence"},"content":{"rendered":"<h2><b>Description de la visite priv\u00e9e \u00e0 pied de Florence<\/b><\/h2>\n<p><span style=\"font-weight: 400;\">Profitez de l&#8217;occasion pour apprendre \u00e0 conna\u00eetre Florence avec cette visite priv\u00e9e \u00e0 pied de Florence avec votre guide officiel.<\/span><\/p>\n<p><span style=\"font-weight: 400;\">La Toscane est l&#8217;un des endroits les plus beaux et les plus exclusifs d&#8217;Europe. Ici, vous pouvez admirer de magnifiques paysages, de l&#8217;art, de l&#8217;architecture et d\u00e9guster les meilleurs plats.<\/span><\/p>\n<p><span style=\"font-weight: 400;\">Florence est la capitale de la r\u00e9gion de Toscane, et a \u00e9t\u00e9 le point de convergence de toutes les nouvelles \u00e9tapes de l&#8217;art en Italie. L&#8217;art et la cr\u00e9ativit\u00e9 sont pr\u00e9sents dans chaque rue et coin de rue, ainsi que dans les nombreuses \u00e9glises, mus\u00e9es et monuments. Vous vous prom\u00e8nerez avec un guide officiel priv\u00e9, qui vous \u00e9clairera sur les secrets et l&#8217;histoire de cette ville \u00e9tonnante.<\/span><\/p>\n<p><span style=\"font-weight: 400;\">Florence a \u00e9t\u00e9 d\u00e9clar\u00e9e patrimoine mondial de l&#8217;UNESCO en 1982, car elle est consid\u00e9r\u00e9e comme le berceau de la Renaissance.<\/span><\/p>\n<p><span style=\"font-weight: 400;\">Comme il s&#8217;agit d&#8217;une visite \u00e0 pied, nous vous recommandons de commencer la visite \u00e0 un point de rencontre central \u00e0 Florence. C&#8217;est l\u00e0 que votre guide officiel vous accueillera pour commencer la visite \u00e0 l&#8217;heure que vous aurez choisie.<\/span><\/p>\n<p><span style=\"font-weight: 400;\">La dur\u00e9e exacte de la visite est totalement flexible. Vous trouverez ci-dessous notre visite priv\u00e9e de Florence d&#8217;une dur\u00e9e de 3 heures, mais nous pouvons organiser la dur\u00e9e de la visite exactement comme vous le souhaitez.<\/span><\/p>\n<p><span style=\"font-weight: 400;\">La visite est men\u00e9e par un guide exp\u00e9riment\u00e9, comp\u00e9tent et agr\u00e9\u00e9 qui vous montrera tous les joyaux cach\u00e9s et les endroits moins connus que la plupart des touristes ne voient jamais. Vous pourrez vous arr\u00eater \u00e0 n&#8217;importe quel endroit pour prendre des photos ou vous rafra\u00eechir tout en explorant \u00e0 votre rythme.<\/span><\/p>\n<p><span style=\"font-weight: 400;\">\u00a0Si vous \u00eates un grand admirateur d&#8217;art, jetez un coup d&#8217;\u0153il \u00e0 notre <\/span><a href=\"https:\/\/tourtravelandmore.com\/es\/tours\/italia-es\/florencia-es\/tour-privado-2-horas-en-florencia-galleria-accademia-con-guia-oficial\/\"><span style=\"font-weight: 400;\">visite priv\u00e9e \u00e0 pied de 2 heures de la galerie de l&#8217;Accademia<\/span><\/a><span style=\"font-weight: 400;\"> (les frais d&#8217;entr\u00e9e sont inclus dans le prix).<\/span><\/p>\n<h2><b>Points forts de la visite priv\u00e9e \u00e0 pied de Florence<\/b><\/h2>\n<p><span style=\"font-weight: 400;\">Votre visite priv\u00e9e \u00e0 pied de Florence commencera \u00e0 votre h\u00f4tel situ\u00e9 dans le centre ou le point central de la ville. Vous admirerez les monuments et les lieux les plus embl\u00e9matiques de Florence avec votre guide officiel.<\/span><\/p>\n<p>Vous souhaitez en savoir plus sur les points d&#8217;int\u00e9r\u00eat que vous visiterez lors de cette exp\u00e9rience priv\u00e9e ? Nous expliquons pourquoi ils sont uniques et charg\u00e9s d&#8217;histoire :<\/p>\n<p><span style=\"font-weight: 400;\">Le Duomo de Florence est c\u00e9l\u00e8bre parce que c&#8217;est une cath\u00e9drale d&#8217;une beaut\u00e9 \u00e0 couper le souffle, avec la plus belle fa\u00e7ade en marbre du monde. La conception de cette cath\u00e9drale a \u00e9t\u00e9 inspir\u00e9e par celle du Panth\u00e9on de Rome et elle abrite de nombreuses \u0153uvres importantes d&#8217;artistes tels que Michel-Ange et Giotto.<\/span><\/p>\n<p><span style=\"font-weight: 400;\">La cath\u00e9drale de Santa Maria del Fiore est l&#8217;un des b\u00e2timents les plus c\u00e9l\u00e8bres d&#8217;Italie et un symbole de Florence. C&#8217;est aussi la plus grande \u00e9glise du monde et l&#8217;un des exemples les plus significatifs de l&#8217;architecture gothique.<\/span><\/p>\n<p><span style=\"font-weight: 400;\">Sa construction s&#8217;est \u00e9tal\u00e9e sur deux si\u00e8cles, \u00e0 partir de 1296. La cath\u00e9drale \u00e9tait d&#8217;abord connue sous le nom de &#8220;Santa Maria della Spina&#8221; parce qu&#8217;elle poss\u00e9dait une fl\u00e8che au sommet qui ressemblait \u00e0 une \u00e9pine ou \u00e0 un \u00e9pineux. Cette tour a finalement \u00e9t\u00e9 d\u00e9molie parce qu&#8217;elle \u00e9tait consid\u00e9r\u00e9e comme dangereuse, mais pas avant d&#8217;avoir servi de point de rep\u00e8re pour les navires arrivant dans le port voisin de Pise.<\/span><\/p>\n<p><span style=\"font-weight: 400;\">La cath\u00e9drale est connue sous le nom de &#8220;Santa Maria del Fiore&#8221; lorsqu&#8217;elle re\u00e7oit enfin son nom officiel en 1367.<\/span><\/p>\n<p><span style=\"font-weight: 400;\">Piazza della Repubblica, \u00e9galement connue sous le nom de Piazza della Repubblica. C&#8217;est un point de rep\u00e8re important et une destination touristique populaire pour les gens du monde entier. La place a \u00e9t\u00e9 t\u00e9moin de certains des \u00e9v\u00e9nements les plus importants de l&#8217;histoire florentine, comme la procession de la peste noire en 1348, et a \u00e9t\u00e9 le th\u00e9\u00e2tre de nombreuses c\u00e9r\u00e9monies religieuses. La Piazza della Repubblica a \u00e9t\u00e9 construite par Michelozzo pour donner vie \u00e0 un forum romain qui existait depuis l&#8217;Antiquit\u00e9. Elle est bord\u00e9e des deux c\u00f4t\u00e9s par six colonnes monumentales provenant d&#8217;anciens temples romains.<\/span><\/p>\n<p><span style=\"font-weight: 400;\">La Piazza della Signoria est la deuxi\u00e8me plus grande place de Florence et est \u00e9galement connue sous le nom de Piazza della Signoria. La place doit son nom au Palazzo della Signoria, qui se trouve sur le c\u00f4t\u00e9 est de la place.<\/span><\/p>\n<p><span style=\"font-weight: 400;\">Le Palazzo abrite de nombreux mus\u00e9es, galeries et autres institutions culturelles. C&#8217;est l&#8217;un des b\u00e2timents les plus importants de Florence car il a abrit\u00e9 le gouvernement de Florence pendant longtemps.<\/span><\/p>\n<p><span style=\"font-weight: 400;\">Le Palazzo Vecchio est un palais situ\u00e9 \u00e0 Florence, en Italie. Il s&#8217;appelait \u00e0 l&#8217;origine Palazzo della Signoria et est aujourd&#8217;hui l&#8217;h\u00f4tel de ville de Florence.<\/span><\/p>\n<p><span style=\"font-weight: 400;\">Il a \u00e9t\u00e9 construit par Arnolfo di Cambio en 1298. Le b\u00e2timent a \u00e9t\u00e9 modifi\u00e9 \u00e0 de nombreuses reprises depuis lors, mais il conserve son style original. Il a \u00e9t\u00e9 utilis\u00e9 comme si\u00e8ge principal de la R\u00e9publique florentine, puis du Grand-Duch\u00e9 de Toscane.<\/span><\/p>\n<p><span style=\"font-weight: 400;\">Le Ponte Vecchio est l&#8217;un des ponts les plus c\u00e9l\u00e8bres du monde. Il a \u00e9t\u00e9 construit en 1335, mais a \u00e9t\u00e9 d\u00e9truit et reconstruit \u00e0 plusieurs reprises. Le pont actuel est compos\u00e9 de trois rang\u00e9es de boutiques vendant des bijoux, des objets d&#8217;art et des souvenirs. Il joue \u00e9galement un r\u00f4le bien connu dans la <\/span><b>l\u00e9gende de Rom\u00e9o et Juliette.<\/b><span style=\"font-weight: 400;\"> Les attractions proches comprennent la galerie de l&#8217;Accademia et la galerie des Uffizi.\u00a0<\/span><\/p>\n<p><span style=\"font-weight: 400;\">Comme vous pouvez le constater, cette visite priv\u00e9e \u00e0 pied comprend des visites de <\/span><b>sites embl\u00e9matiques de l&#8217;histoire italienne et du d\u00e9veloppement artistique europ\u00e9en<\/b><span style=\"font-weight: 400;\">, une exp\u00e9rience inimaginable \u00e0 ne pas manquer.<\/span><\/p>\n<p><span style=\"font-weight: 400;\">En revanche, si vous souhaitez d\u00e9couvrir davantage Florence et toute l&#8217;histoire qui l&#8217;entoure, nous vous recommandons de visiter nos <\/span><a href=\"https:\/\/tourtravelandmore.com\/fr\/city\/italie-fr\/florence-fr\/\"><span style=\"font-weight: 400;\">visites priv\u00e9es de cette belle destination.<\/span><\/a><\/p>\n<div id=\"gtx-trans\" style=\"position: absolute; left: 356px; top: 2000.75px;\">\n<div class=\"gtx-trans-icon\"><\/div>\n<\/div>\n","protected":false},"excerpt":{"rendered":"<p><span style=\"font-weight: 400;\">Cette visite priv\u00e9e \u00e0 pied de Florence est le moyen id\u00e9al d&#8217;explorer la ville \u00e0 votre propre rythme. Vous pourrez voir tous les principaux sites et attractions de Florence, et vous n&#8217;aurez pas \u00e0 vous soucier des files d&#8217;attente ou de la foule.<\/span><\/p>\n","protected":false},"featured_media":97964,"comment_status":"open","ping_status":"closed","template":"","meta":{"_acf_changed":false},"product_brand":[],"product_cat":[3697,3702,3705],"product_tag":[],"class_list":{"0":"post-101503","1":"product","2":"type-product","3":"status-publish","4":"has-post-thumbnail","6":"product_cat-florence-fr","7":"product_cat-all-private-tours-activities-fr","8":"product_cat-private-walking-tours-fr","10":"first","11":"instock","12":"shipping-taxable","13":"purchasable","14":"product-type-simple"},"acf":[],"yoast_head":"<!-- This site is optimized with the Yoast SEO Premium plugin v25.3.1 (Yoast SEO v25.3.1) - https:\/\/yoast.com\/wordpress\/plugins\/seo\/ -->\n<title>\u27a1\ufe0f Visite priv\u00e9e \u00e0 pied de Florence | Tour Travel &amp; More<\/title>\n<meta name=\"description\" content=\"R\u00e9servez cette visite priv\u00e9e \u00e0 pied de Florence maintenant, ne manquez pas cette opportunit\u00e9, ce sera une exp\u00e9rience priv\u00e9e et luxueuse que vous n&#039;oublierez jamais ! \u2705\" \/>\n<meta name=\"robots\" content=\"index, follow, max-snippet:-1, max-image-preview:large, max-video-preview:-1\" \/>\n<link rel=\"canonical\" href=\"https:\/\/tourtravelandmore.com\/fr\/tours\/italie-fr\/florence-fr\/all-private-tours-activities-fr\/visite-privee-a-pied-de-florence\/\" \/>\n<meta property=\"og:locale\" content=\"fr_FR\" \/>\n<meta property=\"og:type\" content=\"article\" \/>\n<meta property=\"og:title\" content=\"Visite priv\u00e9e \u00e0 pied de Florence\" \/>\n<meta property=\"og:description\" content=\"R\u00e9servez cette visite priv\u00e9e \u00e0 pied de Florence maintenant, ne manquez pas cette opportunit\u00e9, ce sera une exp\u00e9rience priv\u00e9e et luxueuse que vous n&#039;oublierez jamais ! \u2705\" \/>\n<meta property=\"og:url\" content=\"https:\/\/tourtravelandmore.com\/fr\/tours\/italie-fr\/florence-fr\/all-private-tours-activities-fr\/visite-privee-a-pied-de-florence\/\" \/>\n<meta property=\"og:site_name\" content=\"Tour Travel And More\" \/>\n<meta property=\"article:publisher\" content=\"https:\/\/www.facebook.com\/tourtravelandmore\/\" \/>\n<meta property=\"article:modified_time\" content=\"2023-11-24T14:20:26+00:00\" \/>\n<meta property=\"og:image\" content=\"https:\/\/tourtravelandmore.com\/wp-content\/uploads\/2017\/02\/florence-1.1.jpg\" \/>\n\t<meta property=\"og:image:width\" content=\"960\" \/>\n\t<meta property=\"og:image:height\" content=\"638\" \/>\n\t<meta property=\"og:image:type\" content=\"image\/jpeg\" \/>\n<meta name=\"twitter:card\" content=\"summary_large_image\" \/>\n<meta name=\"twitter:site\" content=\"@TourTravel_More\" \/>\n<meta name=\"twitter:label1\" content=\"Dur\u00e9e de lecture estim\u00e9e\" \/>\n\t<meta name=\"twitter:data1\" content=\"5 minutes\" \/>\n<script type=\"application\/ld+json\" class=\"yoast-schema-graph\">{\"@context\":\"https:\/\/schema.org\",\"@graph\":[{\"@type\":\"WebPage\",\"@id\":\"https:\/\/tourtravelandmore.com\/fr\/tours\/italie-fr\/florence-fr\/all-private-tours-activities-fr\/visite-privee-a-pied-de-florence\/\",\"url\":\"https:\/\/tourtravelandmore.com\/fr\/tours\/italie-fr\/florence-fr\/all-private-tours-activities-fr\/visite-privee-a-pied-de-florence\/\",\"name\":\"\u27a1\ufe0f Visite priv\u00e9e \u00e0 pied de Florence | Tour Travel & More\",\"isPartOf\":{\"@id\":\"https:\/\/tourtravelandmore.com\/fr\/#website\"},\"primaryImageOfPage\":{\"@id\":\"https:\/\/tourtravelandmore.com\/fr\/tours\/italie-fr\/florence-fr\/all-private-tours-activities-fr\/visite-privee-a-pied-de-florence\/#primaryimage\"},\"image\":{\"@id\":\"https:\/\/tourtravelandmore.com\/fr\/tours\/italie-fr\/florence-fr\/all-private-tours-activities-fr\/visite-privee-a-pied-de-florence\/#primaryimage\"},\"thumbnailUrl\":\"https:\/\/tourtravelandmore.com\/wp-content\/uploads\/2017\/02\/florence-1.1.jpg\",\"datePublished\":\"2017-02-14T16:26:44+00:00\",\"dateModified\":\"2023-11-24T14:20:26+00:00\",\"description\":\"R\u00e9servez cette visite priv\u00e9e \u00e0 pied de Florence maintenant, ne manquez pas cette opportunit\u00e9, ce sera une exp\u00e9rience priv\u00e9e et luxueuse que vous n'oublierez jamais ! \u2705\",\"breadcrumb\":{\"@id\":\"https:\/\/tourtravelandmore.com\/fr\/tours\/italie-fr\/florence-fr\/all-private-tours-activities-fr\/visite-privee-a-pied-de-florence\/#breadcrumb\"},\"inLanguage\":\"fr-FR\",\"potentialAction\":[{\"@type\":\"ReadAction\",\"target\":[\"https:\/\/tourtravelandmore.com\/fr\/tours\/italie-fr\/florence-fr\/all-private-tours-activities-fr\/visite-privee-a-pied-de-florence\/\"]}]},{\"@type\":\"ImageObject\",\"inLanguage\":\"fr-FR\",\"@id\":\"https:\/\/tourtravelandmore.com\/fr\/tours\/italie-fr\/florence-fr\/all-private-tours-activities-fr\/visite-privee-a-pied-de-florence\/#primaryimage\",\"url\":\"https:\/\/tourtravelandmore.com\/wp-content\/uploads\/2017\/02\/florence-1.1.jpg\",\"contentUrl\":\"https:\/\/tourtravelandmore.com\/wp-content\/uploads\/2017\/02\/florence-1.1.jpg\",\"width\":960,\"height\":638},{\"@type\":\"BreadcrumbList\",\"@id\":\"https:\/\/tourtravelandmore.com\/fr\/tours\/italie-fr\/florence-fr\/all-private-tours-activities-fr\/visite-privee-a-pied-de-florence\/#breadcrumb\",\"itemListElement\":[{\"@type\":\"ListItem\",\"position\":1,\"name\":\"Home\",\"item\":\"https:\/\/tourtravelandmore.com\/fr\/\"},{\"@type\":\"ListItem\",\"position\":2,\"name\":\"Tours\",\"item\":\"https:\/\/tourtravelandmore.com\/fr\/tours\/\"},{\"@type\":\"ListItem\",\"position\":3,\"name\":\"Visite priv\u00e9e \u00e0 pied de Florence\"}]},{\"@type\":\"WebSite\",\"@id\":\"https:\/\/tourtravelandmore.com\/fr\/#website\",\"url\":\"https:\/\/tourtravelandmore.com\/fr\/\",\"name\":\"Tour Travel And More\",\"description\":\"Private sightseeing tours and luxury transfers in Spain\",\"publisher\":{\"@id\":\"https:\/\/tourtravelandmore.com\/fr\/#organization\"},\"potentialAction\":[{\"@type\":\"SearchAction\",\"target\":{\"@type\":\"EntryPoint\",\"urlTemplate\":\"https:\/\/tourtravelandmore.com\/fr\/?s={search_term_string}\"},\"query-input\":{\"@type\":\"PropertyValueSpecification\",\"valueRequired\":true,\"valueName\":\"search_term_string\"}}],\"inLanguage\":\"fr-FR\"},{\"@type\":\"Organization\",\"@id\":\"https:\/\/tourtravelandmore.com\/fr\/#organization\",\"name\":\"Tour Travel And More\",\"url\":\"https:\/\/tourtravelandmore.com\/fr\/\",\"logo\":{\"@type\":\"ImageObject\",\"inLanguage\":\"fr-FR\",\"@id\":\"https:\/\/tourtravelandmore.com\/fr\/#\/schema\/logo\/image\/\",\"url\":\"https:\/\/tourtravelandmore.com\/wp-content\/uploads\/2022\/12\/cropped-logo-cabecera-new.png\",\"contentUrl\":\"https:\/\/tourtravelandmore.com\/wp-content\/uploads\/2022\/12\/cropped-logo-cabecera-new.png\",\"width\":430,\"height\":61,\"caption\":\"Tour Travel And More\"},\"image\":{\"@id\":\"https:\/\/tourtravelandmore.com\/fr\/#\/schema\/logo\/image\/\"},\"sameAs\":[\"https:\/\/www.facebook.com\/tourtravelandmore\/\",\"https:\/\/x.com\/TourTravel_More\"]}]}<\/script>\n<!-- \/ Yoast SEO Premium plugin. -->","yoast_head_json":{"title":"\u27a1\ufe0f Visite priv\u00e9e \u00e0 pied de Florence | Tour Travel & More","description":"R\u00e9servez cette visite priv\u00e9e \u00e0 pied de Florence maintenant, ne manquez pas cette opportunit\u00e9, ce sera une exp\u00e9rience priv\u00e9e et luxueuse que vous n'oublierez jamais ! \u2705","robots":{"index":"index","follow":"follow","max-snippet":"max-snippet:-1","max-image-preview":"max-image-preview:large","max-video-preview":"max-video-preview:-1"},"canonical":"https:\/\/tourtravelandmore.com\/fr\/tours\/italie-fr\/florence-fr\/all-private-tours-activities-fr\/visite-privee-a-pied-de-florence\/","og_locale":"fr_FR","og_type":"article","og_title":"Visite priv\u00e9e \u00e0 pied de Florence","og_description":"R\u00e9servez cette visite priv\u00e9e \u00e0 pied de Florence maintenant, ne manquez pas cette opportunit\u00e9, ce sera une exp\u00e9rience priv\u00e9e et luxueuse que vous n'oublierez jamais ! \u2705","og_url":"https:\/\/tourtravelandmore.com\/fr\/tours\/italie-fr\/florence-fr\/all-private-tours-activities-fr\/visite-privee-a-pied-de-florence\/","og_site_name":"Tour Travel And More","article_publisher":"https:\/\/www.facebook.com\/tourtravelandmore\/","article_modified_time":"2023-11-24T14:20:26+00:00","og_image":[{"width":960,"height":638,"url":"https:\/\/tourtravelandmore.com\/wp-content\/uploads\/2017\/02\/florence-1.1.jpg","type":"image\/jpeg"}],"twitter_card":"summary_large_image","twitter_site":"@TourTravel_More","twitter_misc":{"Dur\u00e9e de lecture estim\u00e9e":"5 minutes"},"schema":{"@context":"https:\/\/schema.org","@graph":[{"@type":"WebPage","@id":"https:\/\/tourtravelandmore.com\/fr\/tours\/italie-fr\/florence-fr\/all-private-tours-activities-fr\/visite-privee-a-pied-de-florence\/","url":"https:\/\/tourtravelandmore.com\/fr\/tours\/italie-fr\/florence-fr\/all-private-tours-activities-fr\/visite-privee-a-pied-de-florence\/","name":"\u27a1\ufe0f Visite priv\u00e9e \u00e0 pied de Florence | Tour Travel & More","isPartOf":{"@id":"https:\/\/tourtravelandmore.com\/fr\/#website"},"primaryImageOfPage":{"@id":"https:\/\/tourtravelandmore.com\/fr\/tours\/italie-fr\/florence-fr\/all-private-tours-activities-fr\/visite-privee-a-pied-de-florence\/#primaryimage"},"image":{"@id":"https:\/\/tourtravelandmore.com\/fr\/tours\/italie-fr\/florence-fr\/all-private-tours-activities-fr\/visite-privee-a-pied-de-florence\/#primaryimage"},"thumbnailUrl":"https:\/\/tourtravelandmore.com\/wp-content\/uploads\/2017\/02\/florence-1.1.jpg","datePublished":"2017-02-14T16:26:44+00:00","dateModified":"2023-11-24T14:20:26+00:00","description":"R\u00e9servez cette visite priv\u00e9e \u00e0 pied de Florence maintenant, ne manquez pas cette opportunit\u00e9, ce sera une exp\u00e9rience priv\u00e9e et luxueuse que vous n'oublierez jamais ! \u2705","breadcrumb":{"@id":"https:\/\/tourtravelandmore.com\/fr\/tours\/italie-fr\/florence-fr\/all-private-tours-activities-fr\/visite-privee-a-pied-de-florence\/#breadcrumb"},"inLanguage":"fr-FR","potentialAction":[{"@type":"ReadAction","target":["https:\/\/tourtravelandmore.com\/fr\/tours\/italie-fr\/florence-fr\/all-private-tours-activities-fr\/visite-privee-a-pied-de-florence\/"]}]},{"@type":"ImageObject","inLanguage":"fr-FR","@id":"https:\/\/tourtravelandmore.com\/fr\/tours\/italie-fr\/florence-fr\/all-private-tours-activities-fr\/visite-privee-a-pied-de-florence\/#primaryimage","url":"https:\/\/tourtravelandmore.com\/wp-content\/uploads\/2017\/02\/florence-1.1.jpg","contentUrl":"https:\/\/tourtravelandmore.com\/wp-content\/uploads\/2017\/02\/florence-1.1.jpg","width":960,"height":638},{"@type":"BreadcrumbList","@id":"https:\/\/tourtravelandmore.com\/fr\/tours\/italie-fr\/florence-fr\/all-private-tours-activities-fr\/visite-privee-a-pied-de-florence\/#breadcrumb","itemListElement":[{"@type":"ListItem","position":1,"name":"Home","item":"https:\/\/tourtravelandmore.com\/fr\/"},{"@type":"ListItem","position":2,"name":"Tours","item":"https:\/\/tourtravelandmore.com\/fr\/tours\/"},{"@type":"ListItem","position":3,"name":"Visite priv\u00e9e \u00e0 pied de Florence"}]},{"@type":"WebSite","@id":"https:\/\/tourtravelandmore.com\/fr\/#website","url":"https:\/\/tourtravelandmore.com\/fr\/","name":"Tour Travel And More","description":"Private sightseeing tours and luxury transfers in Spain","publisher":{"@id":"https:\/\/tourtravelandmore.com\/fr\/#organization"},"potentialAction":[{"@type":"SearchAction","target":{"@type":"EntryPoint","urlTemplate":"https:\/\/tourtravelandmore.com\/fr\/?s={search_term_string}"},"query-input":{"@type":"PropertyValueSpecification","valueRequired":true,"valueName":"search_term_string"}}],"inLanguage":"fr-FR"},{"@type":"Organization","@id":"https:\/\/tourtravelandmore.com\/fr\/#organization","name":"Tour Travel And More","url":"https:\/\/tourtravelandmore.com\/fr\/","logo":{"@type":"ImageObject","inLanguage":"fr-FR","@id":"https:\/\/tourtravelandmore.com\/fr\/#\/schema\/logo\/image\/","url":"https:\/\/tourtravelandmore.com\/wp-content\/uploads\/2022\/12\/cropped-logo-cabecera-new.png","contentUrl":"https:\/\/tourtravelandmore.com\/wp-content\/uploads\/2022\/12\/cropped-logo-cabecera-new.png","width":430,"height":61,"caption":"Tour Travel And More"},"image":{"@id":"https:\/\/tourtravelandmore.com\/fr\/#\/schema\/logo\/image\/"},"sameAs":["https:\/\/www.facebook.com\/tourtravelandmore\/","https:\/\/x.com\/TourTravel_More"]}]}},"_links":{"self":[{"href":"https:\/\/tourtravelandmore.com\/fr\/wp-json\/wp\/v2\/product\/101503","targetHints":{"allow":["GET"]}}],"collection":[{"href":"https:\/\/tourtravelandmore.com\/fr\/wp-json\/wp\/v2\/product"}],"about":[{"href":"https:\/\/tourtravelandmore.com\/fr\/wp-json\/wp\/v2\/types\/product"}],"replies":[{"embeddable":true,"href":"https:\/\/tourtravelandmore.com\/fr\/wp-json\/wp\/v2\/comments?post=101503"}],"wp:featuredmedia":[{"embeddable":true,"href":"https:\/\/tourtravelandmore.com\/fr\/wp-json\/wp\/v2\/media\/97964"}],"wp:attachment":[{"href":"https:\/\/tourtravelandmore.com\/fr\/wp-json\/wp\/v2\/media?parent=101503"}],"wp:term":[{"taxonomy":"product_brand","embeddable":true,"href":"https:\/\/tourtravelandmore.com\/fr\/wp-json\/wp\/v2\/product_brand?post=101503"},{"taxonomy":"product_cat","embeddable":true,"href":"https:\/\/tourtravelandmore.com\/fr\/wp-json\/wp\/v2\/product_cat?post=101503"},{"taxonomy":"product_tag","embeddable":true,"href":"https:\/\/tourtravelandmore.com\/fr\/wp-json\/wp\/v2\/product_tag?post=101503"}],"curies":[{"name":"wp","href":"https:\/\/api.w.org\/{rel}","templated":true}]}}