{"id":101498,"date":"2017-02-14T16:32:19","date_gmt":"2017-02-14T15:32:19","guid":{"rendered":"https:\/\/tourtravelandmore.com\/tours\/non%20class\u00e9\/visite-privee-de-pise-et-lucques-au-depart-de-florence\/"},"modified":"2023-12-18T18:30:03","modified_gmt":"2023-12-18T17:30:03","slug":"visite-privee-de-pise-et-lucques-au-depart-de-florence","status":"publish","type":"product","link":"https:\/\/tourtravelandmore.com\/fr\/tours\/italie-fr\/florence-fr\/all-private-tours-activities-fr\/visite-privee-de-pise-et-lucques-au-depart-de-florence\/","title":{"rendered":"Visite priv\u00e9e de Pise et Lucques au d\u00e9part de Florence"},"content":{"rendered":"<h2><b>Description de l&#8217;excursion priv\u00e9e \u00e0 Pise et Lucca au d\u00e9part de Florence.<\/b><\/h2>\n<p><span style=\"font-weight: 400;\">Profitez de cette excursion priv\u00e9e \u00e0 Pise et Lucca depuis Florence dans le confort de votre propre v\u00e9hicule de luxe priv\u00e9 avec chauffeur\/guide.<\/span><\/p>\n<p><span style=\"font-weight: 400;\">La Toscane est l&#8217;un des endroits les plus beaux et les plus exclusifs d&#8217;Europe. Vous pourrez y admirer de magnifiques paysages, de l&#8217;art, de l&#8217;architecture et d\u00e9guster les meilleurs plats.<\/span><\/p>\n<p><span style=\"font-weight: 400;\">Pise est une autre ville importante de la r\u00e9gion de la Toscane. On ne sait pas qui a construit la ville de Pise, mais il est confirm\u00e9 qu&#8217;elle existe depuis le 7e si\u00e8cle avant J.-C. En revanche, Lucques est l&#8217;une des rares villes de Toscane \u00e0 avoir conserv\u00e9 ses murs romains dans leur int\u00e9gralit\u00e9. Elle est consid\u00e9r\u00e9e comme l&#8217;une des plus belles villes de Toscane.<\/span><\/p>\n<p><span style=\"font-weight: 400;\">Votre chauffeur\/guide professionnel sera \u00e0 votre disposition pendant toute la dur\u00e9e de la visite. Si vous le pr\u00e9f\u00e9rez, nous pouvons inclure un guide local officiel \u00e0 Pise pour 2,5 heures.<\/span><\/p>\n<p><span style=\"font-weight: 400;\">Cette visite de Pise et de Lucques au d\u00e9part de Florence a une dur\u00e9e totale de 8 heures. Comme il s&#8217;agit d&#8217;une visite priv\u00e9e, vous pourrez personnaliser votre visite en fonction de vos propres souhaits.<\/span><\/p>\n<p><span style=\"font-weight: 400;\">Nous proposons de nombreuses options d&#8217;excursions d&#8217;une journ\u00e9e compl\u00e8te dans la r\u00e9gion de la Toscane. Jetez un coup d&#8217;\u0153il \u00e0 nos <\/span><a href=\"https:\/\/tourtravelandmore.com\/fr\/city\/italie-fr\/florence-fr\/\"><span style=\"font-weight: 400;\">excursions priv\u00e9es au d\u00e9part de la ville de Florence.<\/span><\/a><\/p>\n<h2><b>Points forts de l&#8217;excursion priv\u00e9e \u00e0 Pise et \u00e0 Lucques au d\u00e9part de Florence<\/b><\/h2>\n<p><span style=\"font-weight: 400;\">L&#8217;excursion commencera \u00e0 l&#8217;endroit de votre choix \u00e0 Florence, o\u00f9 votre chauffeur\/guide priv\u00e9 viendra vous chercher. Vous choisirez l&#8217;heure de d\u00e9part de la visite.<\/span><\/p>\n<p><span style=\"font-weight: 400;\">Pise et Lucques sont deux des villes les plus belles et les plus historiques de Toscane. Vous pourrez admirer leurs lieux les plus importants gr\u00e2ce \u00e0 cette visite priv\u00e9e d&#8217;une journ\u00e9e compl\u00e8te.<\/span><\/p>\n<p><span style=\"font-weight: 400;\">Nous vous expliquons ci-dessous pourquoi cette visite vous m\u00e8nera dans certains des lieux incontournables si vous visitez Florence :<\/span><\/p>\n<p><span style=\"font-weight: 400;\">La ville de Pise est c\u00e9l\u00e8bre pour sa tour pench\u00e9e, c&#8217;est-\u00e0-dire un clocher qui penche d&#8217;un c\u00f4t\u00e9 car il a \u00e9t\u00e9 construit sur un sol mou. La tour a \u00e9t\u00e9 construite au XIIIe si\u00e8cle et constitue depuis lors un point de rep\u00e8re embl\u00e9matique de la ville.<\/span><\/p>\n<p><span style=\"font-weight: 400;\">Parmi les autres points d&#8217;int\u00e9r\u00eat de Pise, citons la cath\u00e9drale, qui poss\u00e8de une belle fa\u00e7ade avec des sculptures et des mosa\u00efques \u00e0 l&#8217;int\u00e9rieur, et le baptist\u00e8re de Saint-Jean, qui est un b\u00e2timent roman avec des colonnes de marbre.<\/span><\/p>\n<p><span style=\"font-weight: 400;\">La Piazza dei Miracoli est une place historique de la ville de Pise, en Italie. C&#8217;est l&#8217;une des attractions touristiques les plus c\u00e9l\u00e8bres de la Toscane. La place est domin\u00e9e par la c\u00e9l\u00e8bre tour pench\u00e9e de Pise, qui est l&#8217;un des symboles les plus reconnaissables de l&#8217;Italie et de l&#8217;Europe.<\/span><\/p>\n<p><span style=\"font-weight: 400;\">La tour pench\u00e9e de Pise est un clocher de la ville de Pise, en Italie. Construit au 13e si\u00e8cle, il est c\u00e9l\u00e8bre pour son inclinaison qui varie de 3 \u00e0 5,5 degr\u00e9s, ce qui en fait l&#8217;un des b\u00e2timents les plus embl\u00e9matiques du monde.<\/span><\/p>\n<p><span style=\"font-weight: 400;\">Il a \u00e9t\u00e9 con\u00e7u par un architecte nomm\u00e9 Bonanno Pisano et sa construction a commenc\u00e9 en 1173. La conception initiale pr\u00e9voyait une hauteur de 180 pieds, mais elle a ensuite \u00e9t\u00e9 port\u00e9e \u00e0 200 pieds apr\u00e8s que le sol se soit r\u00e9v\u00e9l\u00e9 trop instable pour supporter une telle hauteur.<\/span><\/p>\n<p><span style=\"font-weight: 400;\">La cath\u00e9drale de Pise est une cath\u00e9drale catholique romaine, la troisi\u00e8me plus ancienne des grandes \u00e9glises de la ville de Pise, en Italie. L&#8217;\u00e9glise est connue sous le nom de &#8220;style roman pisan&#8221; et sa construction a commenc\u00e9 en 1063. La conception a \u00e9t\u00e9 modifi\u00e9e pendant la construction avec l&#8217;ajout d&#8217;un transept et de deux petites chapelles lat\u00e9rales.<\/span><\/p>\n<p><span style=\"font-weight: 400;\">Il avait \u00e9t\u00e9 con\u00e7u pour \u00eatre plus haut que tout autre b\u00e2timent de Pise, mais lorsqu&#8217;il a \u00e9t\u00e9 achev\u00e9, il ne faisait qu&#8217;un tiers de cette hauteur.<\/span><\/p>\n<p><span style=\"font-weight: 400;\">Le baptist\u00e8re de la ville de Pise est un \u00e9difice religieux qui a \u00e9t\u00e9 construit au 12e si\u00e8cle. Elle a un toit vo\u00fbt\u00e9 et un plan octogonal.<\/span><\/p>\n<p><span style=\"font-weight: 400;\">Le baptist\u00e8re de la ville de Pise est un \u00e9difice religieux construit au XIIe si\u00e8cle. Elle a un toit vo\u00fbt\u00e9 et un plan octogonal. Le baptist\u00e8re est c\u00e9l\u00e8bre pour sa forme inhabituelle, qui ressemble \u00e0 un c\u00f4ne invers\u00e9 ou \u00e0 une trompe d&#8217;\u00e9l\u00e9phant. Ce motif a \u00e9t\u00e9 choisi pour symboliser la renaissance spirituelle, ainsi que le rite du bapt\u00eame lui-m\u00eame.<\/span><\/p>\n<p><span style=\"font-weight: 400;\">La ville de Lucques est c\u00e9l\u00e8bre pour ses b\u00e2timents historiques et sa riche culture. Elle est situ\u00e9e dans la r\u00e9gion de la Toscane en Italie et compte une population d&#8217;environ 100 000 habitants.<\/span><\/p>\n<p><span style=\"font-weight: 400;\">Elle a \u00e9t\u00e9 fond\u00e9e par les \u00c9trusques au Ve si\u00e8cle avant J.-C. et est devenue un important centre commercial \u00e0 l&#8217;\u00e9poque m\u00e9di\u00e9vale. Elle a \u00e9t\u00e9 gouvern\u00e9e par de nombreux pays diff\u00e9rents au fil des ans, notamment la France, l&#8217;Espagne, l&#8217;Autriche et l&#8217;Allemagne.<\/span><\/p>\n<p><span style=\"font-weight: 400;\">L&#8217;amphith\u00e9\u00e2tre romain de la ville de Lucques est une structure historique qui a r\u00e9sist\u00e9 \u00e0 l&#8217;\u00e9preuve du temps. Il existe depuis plus de 2000 ans et se dresse toujours aussi haut.<\/span><\/p>\n<p><span style=\"font-weight: 400;\">Cet amphith\u00e9\u00e2tre a \u00e9t\u00e9 construit au premier si\u00e8cle et \u00e9tait utilis\u00e9 comme un lieu o\u00f9 les gens pouvaient regarder les gladiateurs se battre jusqu&#8217;\u00e0 la mort. La construction de cet amphith\u00e9\u00e2tre a pris environ 20 ans, mais il reste l&#8217;un des amphith\u00e9\u00e2tres les mieux conserv\u00e9s de toute l&#8217;Italie.<\/span><\/p>\n<p><span style=\"font-weight: 400;\">La place est situ\u00e9e au centre de Lucques, d&#8217;un c\u00f4t\u00e9 il y a une \u00e9glise appel\u00e9e San Michele et de l&#8217;autre c\u00f4t\u00e9 il y a deux tours : Torre dei Lamberti et Torre Guinigi. La place a \u00e9t\u00e9 utilis\u00e9e comme un march\u00e9 depuis l&#8217;\u00e9poque m\u00e9di\u00e9vale et fonctionne toujours comme tel aujourd&#8217;hui.<\/span><\/p>\n<p><span style=\"font-weight: 400;\">L&#8217;actuelle Piazza San Michelle a \u00e9t\u00e9 con\u00e7ue par l&#8217;architecte Andrea Palladio, qui a dessin\u00e9 de nombreux b\u00e2timents \u00e0 Lucques pendant son s\u00e9jour entre 1550 et 1570.<\/span><\/p>\n<p><span style=\"font-weight: 400;\">Cette visite priv\u00e9e comprend le transport jusqu&#8217;\u00e0 8 heures, le d\u00e9jeuner dans un restaurant de Lucques et un guide parlant votre langue. Vous aurez l&#8217;occasion de d\u00e9couvrir le centre historique de Pise, l&#8217;embl\u00e9matique Tour pench\u00e9e de Pise, le centre m\u00e9di\u00e9val de Lucques avec ses c\u00e9l\u00e8bres rues pi\u00e9tonnes et bien d&#8217;autres attractions que vous ne trouverez pas dans un bus de tourisme ordinaire.<\/span><\/p>\n<p><span style=\"font-weight: 400;\">Enfin, votre chauffeur\/guide priv\u00e9 vous ram\u00e8nera \u00e0 Florence. Avant de rentrer, vous aurez du temps libre pour profiter d&#8217;un d\u00e9jeuner typiquement toscan.<\/span><\/p>\n<p><b>Au cours de cette visite priv\u00e9e de Pise et de Lucques, vous pourrez appr\u00e9cier ses lieux les plus embl\u00e9matiques et sa grande architecture.<\/b><\/p>\n","protected":false},"excerpt":{"rendered":"<p><span style=\"font-weight: 400;\">L&#8217;excursion priv\u00e9e \u00e0 Pise et Lucca depuis Florence est une excellente fa\u00e7on de voir la campagne toscane, de profiter d&#8217;une visite priv\u00e9e avec votre chauffeur et votre guide et de visiter deux des villes les plus populaires de Toscane.<\/span><\/p>\n","protected":false},"featured_media":94684,"comment_status":"open","ping_status":"closed","template":"","meta":{"_acf_changed":false},"product_brand":[],"product_cat":[3697,3702,3704,3703],"product_tag":[],"class_list":{"0":"post-101498","1":"product","2":"type-product","3":"status-publish","4":"has-post-thumbnail","6":"product_cat-florence-fr","7":"product_cat-all-private-tours-activities-fr","8":"product_cat-private-sightseeing-tours-fr","9":"product_cat-private-day-trips","11":"first","12":"instock","13":"shipping-taxable","14":"purchasable","15":"product-type-simple"},"acf":[],"yoast_head":"<!-- This site is optimized with the Yoast SEO Premium plugin v25.3.1 (Yoast SEO v25.3.1) - https:\/\/yoast.com\/wordpress\/plugins\/seo\/ -->\n<title>\u27a1\ufe0f Tour priv\u00e9 \u00e0 Pise et Lucca depuis Florence | Tour Travel &amp; More<\/title>\n<meta name=\"description\" content=\"R\u00e9servez maintenant cette excursion priv\u00e9e \u00e0 Pise et Lucca depuis Florence, ce sera une exp\u00e9rience unique et inoubliable, bien s\u00fbr seulement avec Tour Travel &amp; More \u2705.\" \/>\n<meta name=\"robots\" content=\"index, follow, max-snippet:-1, max-image-preview:large, max-video-preview:-1\" \/>\n<link rel=\"canonical\" href=\"https:\/\/tourtravelandmore.com\/fr\/tours\/italie-fr\/florence-fr\/all-private-tours-activities-fr\/visite-privee-de-pise-et-lucques-au-depart-de-florence\/\" \/>\n<meta property=\"og:locale\" content=\"fr_FR\" \/>\n<meta property=\"og:type\" content=\"article\" \/>\n<meta property=\"og:title\" content=\"Visite priv\u00e9e de Pise et Lucques au d\u00e9part de Florence\" \/>\n<meta property=\"og:description\" content=\"R\u00e9servez maintenant cette excursion priv\u00e9e \u00e0 Pise et Lucca depuis Florence, ce sera une exp\u00e9rience unique et inoubliable, bien s\u00fbr seulement avec Tour Travel &amp; More \u2705.\" \/>\n<meta property=\"og:url\" content=\"https:\/\/tourtravelandmore.com\/fr\/tours\/italie-fr\/florence-fr\/all-private-tours-activities-fr\/visite-privee-de-pise-et-lucques-au-depart-de-florence\/\" \/>\n<meta property=\"og:site_name\" content=\"Tour Travel And More\" \/>\n<meta property=\"article:publisher\" content=\"https:\/\/www.facebook.com\/tourtravelandmore\/\" \/>\n<meta property=\"article:modified_time\" content=\"2023-12-18T17:30:03+00:00\" \/>\n<meta property=\"og:image\" content=\"https:\/\/tourtravelandmore.com\/wp-content\/uploads\/2017\/02\/pisa.jpg\" \/>\n\t<meta property=\"og:image:width\" content=\"570\" \/>\n\t<meta property=\"og:image:height\" content=\"380\" \/>\n\t<meta property=\"og:image:type\" content=\"image\/jpeg\" \/>\n<meta name=\"twitter:card\" content=\"summary_large_image\" \/>\n<meta name=\"twitter:site\" content=\"@TourTravel_More\" \/>\n<meta name=\"twitter:label1\" content=\"Dur\u00e9e de lecture estim\u00e9e\" \/>\n\t<meta name=\"twitter:data1\" content=\"6 minutes\" \/>\n<script type=\"application\/ld+json\" class=\"yoast-schema-graph\">{\"@context\":\"https:\/\/schema.org\",\"@graph\":[{\"@type\":\"WebPage\",\"@id\":\"https:\/\/tourtravelandmore.com\/fr\/tours\/italie-fr\/florence-fr\/all-private-tours-activities-fr\/visite-privee-de-pise-et-lucques-au-depart-de-florence\/\",\"url\":\"https:\/\/tourtravelandmore.com\/fr\/tours\/italie-fr\/florence-fr\/all-private-tours-activities-fr\/visite-privee-de-pise-et-lucques-au-depart-de-florence\/\",\"name\":\"\u27a1\ufe0f Tour priv\u00e9 \u00e0 Pise et Lucca depuis Florence | Tour Travel & More\",\"isPartOf\":{\"@id\":\"https:\/\/tourtravelandmore.com\/fr\/#website\"},\"primaryImageOfPage\":{\"@id\":\"https:\/\/tourtravelandmore.com\/fr\/tours\/italie-fr\/florence-fr\/all-private-tours-activities-fr\/visite-privee-de-pise-et-lucques-au-depart-de-florence\/#primaryimage\"},\"image\":{\"@id\":\"https:\/\/tourtravelandmore.com\/fr\/tours\/italie-fr\/florence-fr\/all-private-tours-activities-fr\/visite-privee-de-pise-et-lucques-au-depart-de-florence\/#primaryimage\"},\"thumbnailUrl\":\"https:\/\/tourtravelandmore.com\/wp-content\/uploads\/2017\/02\/pisa.jpg\",\"datePublished\":\"2017-02-14T15:32:19+00:00\",\"dateModified\":\"2023-12-18T17:30:03+00:00\",\"description\":\"R\u00e9servez maintenant cette excursion priv\u00e9e \u00e0 Pise et Lucca depuis Florence, ce sera une exp\u00e9rience unique et inoubliable, bien s\u00fbr seulement avec Tour Travel & More \u2705.\",\"breadcrumb\":{\"@id\":\"https:\/\/tourtravelandmore.com\/fr\/tours\/italie-fr\/florence-fr\/all-private-tours-activities-fr\/visite-privee-de-pise-et-lucques-au-depart-de-florence\/#breadcrumb\"},\"inLanguage\":\"fr-FR\",\"potentialAction\":[{\"@type\":\"ReadAction\",\"target\":[\"https:\/\/tourtravelandmore.com\/fr\/tours\/italie-fr\/florence-fr\/all-private-tours-activities-fr\/visite-privee-de-pise-et-lucques-au-depart-de-florence\/\"]}]},{\"@type\":\"ImageObject\",\"inLanguage\":\"fr-FR\",\"@id\":\"https:\/\/tourtravelandmore.com\/fr\/tours\/italie-fr\/florence-fr\/all-private-tours-activities-fr\/visite-privee-de-pise-et-lucques-au-depart-de-florence\/#primaryimage\",\"url\":\"https:\/\/tourtravelandmore.com\/wp-content\/uploads\/2017\/02\/pisa.jpg\",\"contentUrl\":\"https:\/\/tourtravelandmore.com\/wp-content\/uploads\/2017\/02\/pisa.jpg\",\"width\":570,\"height\":380},{\"@type\":\"BreadcrumbList\",\"@id\":\"https:\/\/tourtravelandmore.com\/fr\/tours\/italie-fr\/florence-fr\/all-private-tours-activities-fr\/visite-privee-de-pise-et-lucques-au-depart-de-florence\/#breadcrumb\",\"itemListElement\":[{\"@type\":\"ListItem\",\"position\":1,\"name\":\"Home\",\"item\":\"https:\/\/tourtravelandmore.com\/fr\/\"},{\"@type\":\"ListItem\",\"position\":2,\"name\":\"Tours\",\"item\":\"https:\/\/tourtravelandmore.com\/fr\/tours\/\"},{\"@type\":\"ListItem\",\"position\":3,\"name\":\"Visite priv\u00e9e de Pise et Lucques au d\u00e9part de Florence\"}]},{\"@type\":\"WebSite\",\"@id\":\"https:\/\/tourtravelandmore.com\/fr\/#website\",\"url\":\"https:\/\/tourtravelandmore.com\/fr\/\",\"name\":\"Tour Travel And More\",\"description\":\"Private sightseeing tours and luxury transfers in Spain\",\"publisher\":{\"@id\":\"https:\/\/tourtravelandmore.com\/fr\/#organization\"},\"potentialAction\":[{\"@type\":\"SearchAction\",\"target\":{\"@type\":\"EntryPoint\",\"urlTemplate\":\"https:\/\/tourtravelandmore.com\/fr\/?s={search_term_string}\"},\"query-input\":{\"@type\":\"PropertyValueSpecification\",\"valueRequired\":true,\"valueName\":\"search_term_string\"}}],\"inLanguage\":\"fr-FR\"},{\"@type\":\"Organization\",\"@id\":\"https:\/\/tourtravelandmore.com\/fr\/#organization\",\"name\":\"Tour Travel And More\",\"url\":\"https:\/\/tourtravelandmore.com\/fr\/\",\"logo\":{\"@type\":\"ImageObject\",\"inLanguage\":\"fr-FR\",\"@id\":\"https:\/\/tourtravelandmore.com\/fr\/#\/schema\/logo\/image\/\",\"url\":\"https:\/\/tourtravelandmore.com\/wp-content\/uploads\/2022\/12\/cropped-logo-cabecera-new.png\",\"contentUrl\":\"https:\/\/tourtravelandmore.com\/wp-content\/uploads\/2022\/12\/cropped-logo-cabecera-new.png\",\"width\":430,\"height\":61,\"caption\":\"Tour Travel And More\"},\"image\":{\"@id\":\"https:\/\/tourtravelandmore.com\/fr\/#\/schema\/logo\/image\/\"},\"sameAs\":[\"https:\/\/www.facebook.com\/tourtravelandmore\/\",\"https:\/\/x.com\/TourTravel_More\"]}]}<\/script>\n<!-- \/ Yoast SEO Premium plugin. -->","yoast_head_json":{"title":"\u27a1\ufe0f Tour priv\u00e9 \u00e0 Pise et Lucca depuis Florence | Tour Travel & More","description":"R\u00e9servez maintenant cette excursion priv\u00e9e \u00e0 Pise et Lucca depuis Florence, ce sera une exp\u00e9rience unique et inoubliable, bien s\u00fbr seulement avec Tour Travel & More \u2705.","robots":{"index":"index","follow":"follow","max-snippet":"max-snippet:-1","max-image-preview":"max-image-preview:large","max-video-preview":"max-video-preview:-1"},"canonical":"https:\/\/tourtravelandmore.com\/fr\/tours\/italie-fr\/florence-fr\/all-private-tours-activities-fr\/visite-privee-de-pise-et-lucques-au-depart-de-florence\/","og_locale":"fr_FR","og_type":"article","og_title":"Visite priv\u00e9e de Pise et Lucques au d\u00e9part de Florence","og_description":"R\u00e9servez maintenant cette excursion priv\u00e9e \u00e0 Pise et Lucca depuis Florence, ce sera une exp\u00e9rience unique et inoubliable, bien s\u00fbr seulement avec Tour Travel & More \u2705.","og_url":"https:\/\/tourtravelandmore.com\/fr\/tours\/italie-fr\/florence-fr\/all-private-tours-activities-fr\/visite-privee-de-pise-et-lucques-au-depart-de-florence\/","og_site_name":"Tour Travel And More","article_publisher":"https:\/\/www.facebook.com\/tourtravelandmore\/","article_modified_time":"2023-12-18T17:30:03+00:00","og_image":[{"width":570,"height":380,"url":"https:\/\/tourtravelandmore.com\/wp-content\/uploads\/2017\/02\/pisa.jpg","type":"image\/jpeg"}],"twitter_card":"summary_large_image","twitter_site":"@TourTravel_More","twitter_misc":{"Dur\u00e9e de lecture estim\u00e9e":"6 minutes"},"schema":{"@context":"https:\/\/schema.org","@graph":[{"@type":"WebPage","@id":"https:\/\/tourtravelandmore.com\/fr\/tours\/italie-fr\/florence-fr\/all-private-tours-activities-fr\/visite-privee-de-pise-et-lucques-au-depart-de-florence\/","url":"https:\/\/tourtravelandmore.com\/fr\/tours\/italie-fr\/florence-fr\/all-private-tours-activities-fr\/visite-privee-de-pise-et-lucques-au-depart-de-florence\/","name":"\u27a1\ufe0f Tour priv\u00e9 \u00e0 Pise et Lucca depuis Florence | Tour Travel & More","isPartOf":{"@id":"https:\/\/tourtravelandmore.com\/fr\/#website"},"primaryImageOfPage":{"@id":"https:\/\/tourtravelandmore.com\/fr\/tours\/italie-fr\/florence-fr\/all-private-tours-activities-fr\/visite-privee-de-pise-et-lucques-au-depart-de-florence\/#primaryimage"},"image":{"@id":"https:\/\/tourtravelandmore.com\/fr\/tours\/italie-fr\/florence-fr\/all-private-tours-activities-fr\/visite-privee-de-pise-et-lucques-au-depart-de-florence\/#primaryimage"},"thumbnailUrl":"https:\/\/tourtravelandmore.com\/wp-content\/uploads\/2017\/02\/pisa.jpg","datePublished":"2017-02-14T15:32:19+00:00","dateModified":"2023-12-18T17:30:03+00:00","description":"R\u00e9servez maintenant cette excursion priv\u00e9e \u00e0 Pise et Lucca depuis Florence, ce sera une exp\u00e9rience unique et inoubliable, bien s\u00fbr seulement avec Tour Travel & More \u2705.","breadcrumb":{"@id":"https:\/\/tourtravelandmore.com\/fr\/tours\/italie-fr\/florence-fr\/all-private-tours-activities-fr\/visite-privee-de-pise-et-lucques-au-depart-de-florence\/#breadcrumb"},"inLanguage":"fr-FR","potentialAction":[{"@type":"ReadAction","target":["https:\/\/tourtravelandmore.com\/fr\/tours\/italie-fr\/florence-fr\/all-private-tours-activities-fr\/visite-privee-de-pise-et-lucques-au-depart-de-florence\/"]}]},{"@type":"ImageObject","inLanguage":"fr-FR","@id":"https:\/\/tourtravelandmore.com\/fr\/tours\/italie-fr\/florence-fr\/all-private-tours-activities-fr\/visite-privee-de-pise-et-lucques-au-depart-de-florence\/#primaryimage","url":"https:\/\/tourtravelandmore.com\/wp-content\/uploads\/2017\/02\/pisa.jpg","contentUrl":"https:\/\/tourtravelandmore.com\/wp-content\/uploads\/2017\/02\/pisa.jpg","width":570,"height":380},{"@type":"BreadcrumbList","@id":"https:\/\/tourtravelandmore.com\/fr\/tours\/italie-fr\/florence-fr\/all-private-tours-activities-fr\/visite-privee-de-pise-et-lucques-au-depart-de-florence\/#breadcrumb","itemListElement":[{"@type":"ListItem","position":1,"name":"Home","item":"https:\/\/tourtravelandmore.com\/fr\/"},{"@type":"ListItem","position":2,"name":"Tours","item":"https:\/\/tourtravelandmore.com\/fr\/tours\/"},{"@type":"ListItem","position":3,"name":"Visite priv\u00e9e de Pise et Lucques au d\u00e9part de Florence"}]},{"@type":"WebSite","@id":"https:\/\/tourtravelandmore.com\/fr\/#website","url":"https:\/\/tourtravelandmore.com\/fr\/","name":"Tour Travel And More","description":"Private sightseeing tours and luxury transfers in Spain","publisher":{"@id":"https:\/\/tourtravelandmore.com\/fr\/#organization"},"potentialAction":[{"@type":"SearchAction","target":{"@type":"EntryPoint","urlTemplate":"https:\/\/tourtravelandmore.com\/fr\/?s={search_term_string}"},"query-input":{"@type":"PropertyValueSpecification","valueRequired":true,"valueName":"search_term_string"}}],"inLanguage":"fr-FR"},{"@type":"Organization","@id":"https:\/\/tourtravelandmore.com\/fr\/#organization","name":"Tour Travel And More","url":"https:\/\/tourtravelandmore.com\/fr\/","logo":{"@type":"ImageObject","inLanguage":"fr-FR","@id":"https:\/\/tourtravelandmore.com\/fr\/#\/schema\/logo\/image\/","url":"https:\/\/tourtravelandmore.com\/wp-content\/uploads\/2022\/12\/cropped-logo-cabecera-new.png","contentUrl":"https:\/\/tourtravelandmore.com\/wp-content\/uploads\/2022\/12\/cropped-logo-cabecera-new.png","width":430,"height":61,"caption":"Tour Travel And More"},"image":{"@id":"https:\/\/tourtravelandmore.com\/fr\/#\/schema\/logo\/image\/"},"sameAs":["https:\/\/www.facebook.com\/tourtravelandmore\/","https:\/\/x.com\/TourTravel_More"]}]}},"_links":{"self":[{"href":"https:\/\/tourtravelandmore.com\/fr\/wp-json\/wp\/v2\/product\/101498","targetHints":{"allow":["GET"]}}],"collection":[{"href":"https:\/\/tourtravelandmore.com\/fr\/wp-json\/wp\/v2\/product"}],"about":[{"href":"https:\/\/tourtravelandmore.com\/fr\/wp-json\/wp\/v2\/types\/product"}],"replies":[{"embeddable":true,"href":"https:\/\/tourtravelandmore.com\/fr\/wp-json\/wp\/v2\/comments?post=101498"}],"wp:featuredmedia":[{"embeddable":true,"href":"https:\/\/tourtravelandmore.com\/fr\/wp-json\/wp\/v2\/media\/94684"}],"wp:attachment":[{"href":"https:\/\/tourtravelandmore.com\/fr\/wp-json\/wp\/v2\/media?parent=101498"}],"wp:term":[{"taxonomy":"product_brand","embeddable":true,"href":"https:\/\/tourtravelandmore.com\/fr\/wp-json\/wp\/v2\/product_brand?post=101498"},{"taxonomy":"product_cat","embeddable":true,"href":"https:\/\/tourtravelandmore.com\/fr\/wp-json\/wp\/v2\/product_cat?post=101498"},{"taxonomy":"product_tag","embeddable":true,"href":"https:\/\/tourtravelandmore.com\/fr\/wp-json\/wp\/v2\/product_tag?post=101498"}],"curies":[{"name":"wp","href":"https:\/\/api.w.org\/{rel}","templated":true}]}}