{"id":101493,"date":"2018-02-07T11:45:27","date_gmt":"2018-02-07T10:45:27","guid":{"rendered":"https:\/\/tourtravelandmore.com\/tours\/non%20class\u00e9\/excursion-privee-dune-journee-de-florence-a-sienne-et-san-gimignano\/"},"modified":"2023-12-18T19:48:40","modified_gmt":"2023-12-18T18:48:40","slug":"excursion-privee-dune-journee-de-florence-a-sienne-et-san-gimignano","status":"publish","type":"product","link":"https:\/\/tourtravelandmore.com\/fr\/tours\/italie-fr\/florence-fr\/all-private-tours-activities-fr\/excursion-privee-dune-journee-de-florence-a-sienne-et-san-gimignano\/","title":{"rendered":"Excursion priv\u00e9e d&#8217;une journ\u00e9e de Florence \u00e0 Sienne et San Gimignano"},"content":{"rendered":"<h2><b>Description de l&#8217;excursion priv\u00e9e \u00e0 Sienne et San Gimignano<\/b><\/h2>\n<p><span style=\"font-weight: 400;\">Profitez de cette excursion priv\u00e9e \u00e0 Sienne et San Gimignano depuis Florence dans le confort de votre v\u00e9hicule de luxe priv\u00e9 avec chauffeur\/guide.<\/span><\/p>\n<p><span style=\"font-weight: 400;\">La Toscane est l&#8217;un des endroits les plus beaux et les plus exclusifs d&#8217;Europe. Vous pourrez y admirer ses magnifiques paysages, son art, son architecture et y d\u00e9guster les meilleurs plats.<\/span><\/p>\n<p><span style=\"font-weight: 400;\">Sienne est la plus grande et la plus connue des villes de montagne de Toscane. La ville, fond\u00e9e par les Romains en 62 avant J.-C., est situ\u00e9e au sommet de trois collines et abrite une incroyable cath\u00e9drale.<\/span><\/p>\n<p><span style=\"font-weight: 400;\">San Gimignano est connue comme la ville des belles tours (&#8220;belle torri&#8221;). Il y en avait 76 entre le 12e et le 13e si\u00e8cle, il en reste 13 aujourd&#8217;hui.<\/span><\/p>\n<p><span style=\"font-weight: 400;\">Votre chauffeur\/guide professionnel sera \u00e0 votre disposition pendant toute la dur\u00e9e de la visite. Si vous le pr\u00e9f\u00e9rez, nous pouvons inclure un guide touristique local \u00e0 Sienne pour 2 heures.<\/span><\/p>\n<p><span style=\"font-weight: 400;\">Cette excursion a une dur\u00e9e totale de 8 heures entre l&#8217;heure de prise en charge et l&#8217;heure de retour \u00e0 Florence. Si vous souhaitez inclure plus d&#8217;heures, il suffit de nous contacter. Il s&#8217;agit d&#8217;une visite priv\u00e9e enti\u00e8rement personnalis\u00e9e.<\/span><\/p>\n<p><span style=\"font-weight: 400;\">Nous proposons \u00e9galement une excursion priv\u00e9e d&#8217;une journ\u00e9e <\/span><a href=\"https:\/\/tourtravelandmore.com\/fr\/tours\/italie-fr\/florence-fr\/all-private-tours-activities-fr\/visite-privee-des-cinque-terre-depuis-florence\/\"><span style=\"font-weight: 400;\">compl\u00e8te aux Cinque Terre au d\u00e9part de Florence, je<\/span><\/a><span style=\"font-weight: 400;\">tez-y un \u0153il !<\/span><\/p>\n<h2><b>Excursion priv\u00e9e \u00e0 Sienne et San Gimignano &#8211; Points d&#8217;int\u00e9r\u00eat<\/b><\/h2>\n<p><span style=\"font-weight: 400;\">Votre chauffeur\/guide priv\u00e9 viendra vous chercher \u00e0 votre h\u00f4tel \u00e0 Florence et vous conduira \u00e0 Sienne et San Gimignano. Au cours de cette excursion priv\u00e9e \u00e0 Sienne et San Gimignano depuis Florence, vous pourrez appr\u00e9cier ses sites les plus embl\u00e9matiques et sa grande architecture.<\/span><\/p>\n<p><span style=\"font-weight: 400;\">Vous traverserez de magnifiques paysages et la r\u00e9gion viticole du Chianti. Vous appr\u00e9cierez les paysages \u00e0 couper le souffle de l&#8217;une des plus belles r\u00e9gions d&#8217;Italie.<\/span><\/p>\n<p><span style=\"font-weight: 400;\">Nous vous expliquons ci-dessous les lieux que vous visiterez lors de cette visite priv\u00e9e et pourquoi ils sont \u00e0 ne pas manquer si vous visitez Florence :<\/span><\/p>\n<p><span style=\"font-weight: 400;\">De nombreuses raisons expliquent la renomm\u00e9e de la r\u00e9gion viticole du Chianti \u00e0 Florence. L&#8217;une des principales raisons est qu&#8217;il s&#8217;agit d&#8217;un endroit id\u00e9al pour visiter et d\u00e9couvrir la culture italienne. Une autre raison est qu&#8217;elle poss\u00e8de une histoire riche et des vignobles uniques. C&#8217;est \u00e0 ne pas manquer.<\/span><\/p>\n<p><span style=\"font-weight: 400;\">Le ch\u00e2teau de Monteriggioni est une ancienne forteresse construite au XIVe si\u00e8cle et situ\u00e9e dans une position strat\u00e9gique sur une colline. Il a \u00e9t\u00e9 utilis\u00e9 comme prison et comme base militaire.<\/span><\/p>\n<p><span style=\"font-weight: 400;\">La forteresse a \u00e9t\u00e9 bien conserv\u00e9e et est toujours habit\u00e9e, ce qui en fait l&#8217;un des ch\u00e2teaux les plus c\u00e9l\u00e8bres d&#8217;Italie.<\/span><\/p>\n<p><span style=\"font-weight: 400;\">Le Palio est une course de chevaux qui a lieu deux fois par an dans la ville de Sienne. Il s&#8217;agit de l&#8217;une des courses de chevaux les plus anciennes et les plus c\u00e9l\u00e8bres du monde.<\/span><\/p>\n<p><span style=\"font-weight: 400;\">Le Palio \u00e9tait \u00e0 l&#8217;origine une comp\u00e9tition entre les 17 contrade (districts) de la ville, qui se d\u00e9roulait le 2 juillet et le 16 ao\u00fbt, avec deux concurrents diff\u00e9rents de chaque district s&#8217;affrontant. La premi\u00e8re course a eu lieu en 1260 et depuis, il y a eu plus de 600 courses de Palio. En 1744, elle devient un \u00e9v\u00e9nement annuel. Le Palio a lieu deux fois par an : le 2 juillet pour comm\u00e9morer la Saint-Jean et le 16 ao\u00fbt pour comm\u00e9morer la Madonna del Monte (la Madone qui prot\u00e8ge Sienne).<\/span><\/p>\n<p><span style=\"font-weight: 400;\">San Gimignano est une petite ville situ\u00e9e au c\u0153ur de la Toscane, dans la r\u00e9gion de Toscana. Elle est entour\u00e9e de murs m\u00e9di\u00e9vaux et de tours qui ont \u00e9t\u00e9 construits pour la prot\u00e9ger des envahisseurs.<\/span><\/p>\n<p><span style=\"font-weight: 400;\">La ville a une longue histoire et de nombreuses l\u00e9gendes lui sont associ\u00e9es. Elle \u00e9tait autrefois si prosp\u00e8re que l&#8217;on disait que &#8220;personne \u00e0 San Gimignano n&#8217;avait jamais vu de pauvre&#8221;.<\/span><\/p>\n<p><span style=\"font-weight: 400;\">En 1348, la peste noire frappe San Gimignano et tue presque toute sa population. Les survivants n&#8217;ont pas pu reconstruire la ville car ils \u00e9taient trop peu nombreux et ils l&#8217;ont abandonn\u00e9e. \u00c0 ne pas manquer.<\/span><\/p>\n<p><span style=\"font-weight: 400;\">Le Duomo de Florence est l&#8217;un des b\u00e2timents les plus c\u00e9l\u00e8bres d&#8217;Italie. Il a \u00e9t\u00e9 construit dans les ann\u00e9es 1300 et est situ\u00e9 dans le centre de Florence. Le Duomo est un symbole de la ville et c&#8217;est ce que les gens associent \u00e0 Florence quand ils y pensent.<\/span><\/p>\n<p><span style=\"font-weight: 400;\">Enfin, votre chauffeur\/guide priv\u00e9 vous ram\u00e8nera \u00e0 votre point de d\u00e9part \u00e0 Florence. Si vous \u00eates int\u00e9ress\u00e9, nous pouvons organiser l&#8217;entr\u00e9e de tout monument ou mus\u00e9e que vous souhaitez visiter dans l&#8217;une des villes.<\/span><\/p>\n<p><b>Profitez de cette incroyable visite de la r\u00e9gion de la Toscane avec votre chauffeur\/guide priv\u00e9. L&#8217;\u00e9quipe de Tour Travel and More est pr\u00eate \u00e0 organiser vos vacances et \u00e0 en faire une exp\u00e9rience inoubliable pour vous.<\/b><\/p>\n","protected":false},"excerpt":{"rendered":"<p><b>: <\/b><span style=\"font-weight: 400;\">Vous aurez l&#8217;occasion d&#8217;explorer les charmantes villes m\u00e9di\u00e9vales de Sienne et San Gimignano depuis Florence. Cette visite priv\u00e9e de 8 heures vous conduira aux deux destinations dans un v\u00e9hicule confortable avec votre propre chauffeur et guide priv\u00e9.<\/span><\/p>\n","protected":false},"featured_media":94699,"comment_status":"open","ping_status":"closed","template":"","meta":{"_acf_changed":false},"product_brand":[],"product_cat":[3697,3702,3704,3703],"product_tag":[],"class_list":{"0":"post-101493","1":"product","2":"type-product","3":"status-publish","4":"has-post-thumbnail","6":"product_cat-florence-fr","7":"product_cat-all-private-tours-activities-fr","8":"product_cat-private-sightseeing-tours-fr","9":"product_cat-private-day-trips","11":"first","12":"instock","13":"shipping-taxable","14":"purchasable","15":"product-type-simple"},"acf":[],"yoast_head":"<!-- This site is optimized with the Yoast SEO Premium plugin v25.3.1 (Yoast SEO v25.3.1) - https:\/\/yoast.com\/wordpress\/plugins\/seo\/ -->\n<title>\u27a1\ufe0f Tour priv\u00e9 \u00e0 Sienne et San Gimignano depuis Florence | Tour Travel &amp; More<\/title>\n<meta name=\"description\" content=\"R\u00e9servez d\u00e8s maintenant cette excursion priv\u00e9e \u00e0 Sienne et San Gimignano depuis Florence, ce sera une exp\u00e9rience inoubliable pour vous et vos compagnons \u2705.\" \/>\n<meta name=\"robots\" content=\"index, follow, max-snippet:-1, max-image-preview:large, max-video-preview:-1\" \/>\n<link rel=\"canonical\" href=\"https:\/\/tourtravelandmore.com\/fr\/tours\/italie-fr\/florence-fr\/all-private-tours-activities-fr\/excursion-privee-dune-journee-de-florence-a-sienne-et-san-gimignano\/\" \/>\n<meta property=\"og:locale\" content=\"fr_FR\" \/>\n<meta property=\"og:type\" content=\"article\" \/>\n<meta property=\"og:title\" content=\"Excursion priv\u00e9e d&#039;une journ\u00e9e de Florence \u00e0 Sienne et San Gimignano\" \/>\n<meta property=\"og:description\" content=\"R\u00e9servez d\u00e8s maintenant cette excursion priv\u00e9e \u00e0 Sienne et San Gimignano depuis Florence, ce sera une exp\u00e9rience inoubliable pour vous et vos compagnons \u2705.\" \/>\n<meta property=\"og:url\" content=\"https:\/\/tourtravelandmore.com\/fr\/tours\/italie-fr\/florence-fr\/all-private-tours-activities-fr\/excursion-privee-dune-journee-de-florence-a-sienne-et-san-gimignano\/\" \/>\n<meta property=\"og:site_name\" content=\"Tour Travel And More\" \/>\n<meta property=\"article:publisher\" content=\"https:\/\/www.facebook.com\/tourtravelandmore\/\" \/>\n<meta property=\"article:modified_time\" content=\"2023-12-18T18:48:40+00:00\" \/>\n<meta property=\"og:image\" content=\"https:\/\/tourtravelandmore.com\/wp-content\/uploads\/2018\/02\/siena-historico-kLeD-U5080568524J0B-624x385@RC.jpg\" \/>\n\t<meta property=\"og:image:width\" content=\"624\" \/>\n\t<meta property=\"og:image:height\" content=\"385\" \/>\n\t<meta property=\"og:image:type\" content=\"image\/jpeg\" \/>\n<meta name=\"twitter:card\" content=\"summary_large_image\" \/>\n<meta name=\"twitter:site\" content=\"@TourTravel_More\" \/>\n<meta name=\"twitter:label1\" content=\"Dur\u00e9e de lecture estim\u00e9e\" \/>\n\t<meta name=\"twitter:data1\" content=\"4 minutes\" \/>\n<script type=\"application\/ld+json\" class=\"yoast-schema-graph\">{\"@context\":\"https:\/\/schema.org\",\"@graph\":[{\"@type\":\"WebPage\",\"@id\":\"https:\/\/tourtravelandmore.com\/fr\/tours\/italie-fr\/florence-fr\/all-private-tours-activities-fr\/excursion-privee-dune-journee-de-florence-a-sienne-et-san-gimignano\/\",\"url\":\"https:\/\/tourtravelandmore.com\/fr\/tours\/italie-fr\/florence-fr\/all-private-tours-activities-fr\/excursion-privee-dune-journee-de-florence-a-sienne-et-san-gimignano\/\",\"name\":\"\u27a1\ufe0f Tour priv\u00e9 \u00e0 Sienne et San Gimignano depuis Florence | Tour Travel & More\",\"isPartOf\":{\"@id\":\"https:\/\/tourtravelandmore.com\/fr\/#website\"},\"primaryImageOfPage\":{\"@id\":\"https:\/\/tourtravelandmore.com\/fr\/tours\/italie-fr\/florence-fr\/all-private-tours-activities-fr\/excursion-privee-dune-journee-de-florence-a-sienne-et-san-gimignano\/#primaryimage\"},\"image\":{\"@id\":\"https:\/\/tourtravelandmore.com\/fr\/tours\/italie-fr\/florence-fr\/all-private-tours-activities-fr\/excursion-privee-dune-journee-de-florence-a-sienne-et-san-gimignano\/#primaryimage\"},\"thumbnailUrl\":\"https:\/\/tourtravelandmore.com\/wp-content\/uploads\/2018\/02\/siena-historico-kLeD-U5080568524J0B-624x385@RC.jpg\",\"datePublished\":\"2018-02-07T10:45:27+00:00\",\"dateModified\":\"2023-12-18T18:48:40+00:00\",\"description\":\"R\u00e9servez d\u00e8s maintenant cette excursion priv\u00e9e \u00e0 Sienne et San Gimignano depuis Florence, ce sera une exp\u00e9rience inoubliable pour vous et vos compagnons \u2705.\",\"breadcrumb\":{\"@id\":\"https:\/\/tourtravelandmore.com\/fr\/tours\/italie-fr\/florence-fr\/all-private-tours-activities-fr\/excursion-privee-dune-journee-de-florence-a-sienne-et-san-gimignano\/#breadcrumb\"},\"inLanguage\":\"fr-FR\",\"potentialAction\":[{\"@type\":\"ReadAction\",\"target\":[\"https:\/\/tourtravelandmore.com\/fr\/tours\/italie-fr\/florence-fr\/all-private-tours-activities-fr\/excursion-privee-dune-journee-de-florence-a-sienne-et-san-gimignano\/\"]}]},{\"@type\":\"ImageObject\",\"inLanguage\":\"fr-FR\",\"@id\":\"https:\/\/tourtravelandmore.com\/fr\/tours\/italie-fr\/florence-fr\/all-private-tours-activities-fr\/excursion-privee-dune-journee-de-florence-a-sienne-et-san-gimignano\/#primaryimage\",\"url\":\"https:\/\/tourtravelandmore.com\/wp-content\/uploads\/2018\/02\/siena-historico-kLeD-U5080568524J0B-624x385@RC.jpg\",\"contentUrl\":\"https:\/\/tourtravelandmore.com\/wp-content\/uploads\/2018\/02\/siena-historico-kLeD-U5080568524J0B-624x385@RC.jpg\",\"width\":624,\"height\":385},{\"@type\":\"BreadcrumbList\",\"@id\":\"https:\/\/tourtravelandmore.com\/fr\/tours\/italie-fr\/florence-fr\/all-private-tours-activities-fr\/excursion-privee-dune-journee-de-florence-a-sienne-et-san-gimignano\/#breadcrumb\",\"itemListElement\":[{\"@type\":\"ListItem\",\"position\":1,\"name\":\"Home\",\"item\":\"https:\/\/tourtravelandmore.com\/fr\/\"},{\"@type\":\"ListItem\",\"position\":2,\"name\":\"Tours\",\"item\":\"https:\/\/tourtravelandmore.com\/fr\/tours\/\"},{\"@type\":\"ListItem\",\"position\":3,\"name\":\"Excursion priv\u00e9e d&#8217;une journ\u00e9e de Florence \u00e0 Sienne et San Gimignano\"}]},{\"@type\":\"WebSite\",\"@id\":\"https:\/\/tourtravelandmore.com\/fr\/#website\",\"url\":\"https:\/\/tourtravelandmore.com\/fr\/\",\"name\":\"Tour Travel And More\",\"description\":\"Private sightseeing tours and luxury transfers in Spain\",\"publisher\":{\"@id\":\"https:\/\/tourtravelandmore.com\/fr\/#organization\"},\"potentialAction\":[{\"@type\":\"SearchAction\",\"target\":{\"@type\":\"EntryPoint\",\"urlTemplate\":\"https:\/\/tourtravelandmore.com\/fr\/?s={search_term_string}\"},\"query-input\":{\"@type\":\"PropertyValueSpecification\",\"valueRequired\":true,\"valueName\":\"search_term_string\"}}],\"inLanguage\":\"fr-FR\"},{\"@type\":\"Organization\",\"@id\":\"https:\/\/tourtravelandmore.com\/fr\/#organization\",\"name\":\"Tour Travel And More\",\"url\":\"https:\/\/tourtravelandmore.com\/fr\/\",\"logo\":{\"@type\":\"ImageObject\",\"inLanguage\":\"fr-FR\",\"@id\":\"https:\/\/tourtravelandmore.com\/fr\/#\/schema\/logo\/image\/\",\"url\":\"https:\/\/tourtravelandmore.com\/wp-content\/uploads\/2022\/12\/cropped-logo-cabecera-new.png\",\"contentUrl\":\"https:\/\/tourtravelandmore.com\/wp-content\/uploads\/2022\/12\/cropped-logo-cabecera-new.png\",\"width\":430,\"height\":61,\"caption\":\"Tour Travel And More\"},\"image\":{\"@id\":\"https:\/\/tourtravelandmore.com\/fr\/#\/schema\/logo\/image\/\"},\"sameAs\":[\"https:\/\/www.facebook.com\/tourtravelandmore\/\",\"https:\/\/x.com\/TourTravel_More\"]}]}<\/script>\n<!-- \/ Yoast SEO Premium plugin. -->","yoast_head_json":{"title":"\u27a1\ufe0f Tour priv\u00e9 \u00e0 Sienne et San Gimignano depuis Florence | Tour Travel & More","description":"R\u00e9servez d\u00e8s maintenant cette excursion priv\u00e9e \u00e0 Sienne et San Gimignano depuis Florence, ce sera une exp\u00e9rience inoubliable pour vous et vos compagnons \u2705.","robots":{"index":"index","follow":"follow","max-snippet":"max-snippet:-1","max-image-preview":"max-image-preview:large","max-video-preview":"max-video-preview:-1"},"canonical":"https:\/\/tourtravelandmore.com\/fr\/tours\/italie-fr\/florence-fr\/all-private-tours-activities-fr\/excursion-privee-dune-journee-de-florence-a-sienne-et-san-gimignano\/","og_locale":"fr_FR","og_type":"article","og_title":"Excursion priv\u00e9e d'une journ\u00e9e de Florence \u00e0 Sienne et San Gimignano","og_description":"R\u00e9servez d\u00e8s maintenant cette excursion priv\u00e9e \u00e0 Sienne et San Gimignano depuis Florence, ce sera une exp\u00e9rience inoubliable pour vous et vos compagnons \u2705.","og_url":"https:\/\/tourtravelandmore.com\/fr\/tours\/italie-fr\/florence-fr\/all-private-tours-activities-fr\/excursion-privee-dune-journee-de-florence-a-sienne-et-san-gimignano\/","og_site_name":"Tour Travel And More","article_publisher":"https:\/\/www.facebook.com\/tourtravelandmore\/","article_modified_time":"2023-12-18T18:48:40+00:00","og_image":[{"width":624,"height":385,"url":"https:\/\/tourtravelandmore.com\/wp-content\/uploads\/2018\/02\/siena-historico-kLeD-U5080568524J0B-624x385@RC.jpg","type":"image\/jpeg"}],"twitter_card":"summary_large_image","twitter_site":"@TourTravel_More","twitter_misc":{"Dur\u00e9e de lecture estim\u00e9e":"4 minutes"},"schema":{"@context":"https:\/\/schema.org","@graph":[{"@type":"WebPage","@id":"https:\/\/tourtravelandmore.com\/fr\/tours\/italie-fr\/florence-fr\/all-private-tours-activities-fr\/excursion-privee-dune-journee-de-florence-a-sienne-et-san-gimignano\/","url":"https:\/\/tourtravelandmore.com\/fr\/tours\/italie-fr\/florence-fr\/all-private-tours-activities-fr\/excursion-privee-dune-journee-de-florence-a-sienne-et-san-gimignano\/","name":"\u27a1\ufe0f Tour priv\u00e9 \u00e0 Sienne et San Gimignano depuis Florence | Tour Travel & More","isPartOf":{"@id":"https:\/\/tourtravelandmore.com\/fr\/#website"},"primaryImageOfPage":{"@id":"https:\/\/tourtravelandmore.com\/fr\/tours\/italie-fr\/florence-fr\/all-private-tours-activities-fr\/excursion-privee-dune-journee-de-florence-a-sienne-et-san-gimignano\/#primaryimage"},"image":{"@id":"https:\/\/tourtravelandmore.com\/fr\/tours\/italie-fr\/florence-fr\/all-private-tours-activities-fr\/excursion-privee-dune-journee-de-florence-a-sienne-et-san-gimignano\/#primaryimage"},"thumbnailUrl":"https:\/\/tourtravelandmore.com\/wp-content\/uploads\/2018\/02\/siena-historico-kLeD-U5080568524J0B-624x385@RC.jpg","datePublished":"2018-02-07T10:45:27+00:00","dateModified":"2023-12-18T18:48:40+00:00","description":"R\u00e9servez d\u00e8s maintenant cette excursion priv\u00e9e \u00e0 Sienne et San Gimignano depuis Florence, ce sera une exp\u00e9rience inoubliable pour vous et vos compagnons \u2705.","breadcrumb":{"@id":"https:\/\/tourtravelandmore.com\/fr\/tours\/italie-fr\/florence-fr\/all-private-tours-activities-fr\/excursion-privee-dune-journee-de-florence-a-sienne-et-san-gimignano\/#breadcrumb"},"inLanguage":"fr-FR","potentialAction":[{"@type":"ReadAction","target":["https:\/\/tourtravelandmore.com\/fr\/tours\/italie-fr\/florence-fr\/all-private-tours-activities-fr\/excursion-privee-dune-journee-de-florence-a-sienne-et-san-gimignano\/"]}]},{"@type":"ImageObject","inLanguage":"fr-FR","@id":"https:\/\/tourtravelandmore.com\/fr\/tours\/italie-fr\/florence-fr\/all-private-tours-activities-fr\/excursion-privee-dune-journee-de-florence-a-sienne-et-san-gimignano\/#primaryimage","url":"https:\/\/tourtravelandmore.com\/wp-content\/uploads\/2018\/02\/siena-historico-kLeD-U5080568524J0B-624x385@RC.jpg","contentUrl":"https:\/\/tourtravelandmore.com\/wp-content\/uploads\/2018\/02\/siena-historico-kLeD-U5080568524J0B-624x385@RC.jpg","width":624,"height":385},{"@type":"BreadcrumbList","@id":"https:\/\/tourtravelandmore.com\/fr\/tours\/italie-fr\/florence-fr\/all-private-tours-activities-fr\/excursion-privee-dune-journee-de-florence-a-sienne-et-san-gimignano\/#breadcrumb","itemListElement":[{"@type":"ListItem","position":1,"name":"Home","item":"https:\/\/tourtravelandmore.com\/fr\/"},{"@type":"ListItem","position":2,"name":"Tours","item":"https:\/\/tourtravelandmore.com\/fr\/tours\/"},{"@type":"ListItem","position":3,"name":"Excursion priv\u00e9e d&#8217;une journ\u00e9e de Florence \u00e0 Sienne et San Gimignano"}]},{"@type":"WebSite","@id":"https:\/\/tourtravelandmore.com\/fr\/#website","url":"https:\/\/tourtravelandmore.com\/fr\/","name":"Tour Travel And More","description":"Private sightseeing tours and luxury transfers in Spain","publisher":{"@id":"https:\/\/tourtravelandmore.com\/fr\/#organization"},"potentialAction":[{"@type":"SearchAction","target":{"@type":"EntryPoint","urlTemplate":"https:\/\/tourtravelandmore.com\/fr\/?s={search_term_string}"},"query-input":{"@type":"PropertyValueSpecification","valueRequired":true,"valueName":"search_term_string"}}],"inLanguage":"fr-FR"},{"@type":"Organization","@id":"https:\/\/tourtravelandmore.com\/fr\/#organization","name":"Tour Travel And More","url":"https:\/\/tourtravelandmore.com\/fr\/","logo":{"@type":"ImageObject","inLanguage":"fr-FR","@id":"https:\/\/tourtravelandmore.com\/fr\/#\/schema\/logo\/image\/","url":"https:\/\/tourtravelandmore.com\/wp-content\/uploads\/2022\/12\/cropped-logo-cabecera-new.png","contentUrl":"https:\/\/tourtravelandmore.com\/wp-content\/uploads\/2022\/12\/cropped-logo-cabecera-new.png","width":430,"height":61,"caption":"Tour Travel And More"},"image":{"@id":"https:\/\/tourtravelandmore.com\/fr\/#\/schema\/logo\/image\/"},"sameAs":["https:\/\/www.facebook.com\/tourtravelandmore\/","https:\/\/x.com\/TourTravel_More"]}]}},"_links":{"self":[{"href":"https:\/\/tourtravelandmore.com\/fr\/wp-json\/wp\/v2\/product\/101493","targetHints":{"allow":["GET"]}}],"collection":[{"href":"https:\/\/tourtravelandmore.com\/fr\/wp-json\/wp\/v2\/product"}],"about":[{"href":"https:\/\/tourtravelandmore.com\/fr\/wp-json\/wp\/v2\/types\/product"}],"replies":[{"embeddable":true,"href":"https:\/\/tourtravelandmore.com\/fr\/wp-json\/wp\/v2\/comments?post=101493"}],"wp:featuredmedia":[{"embeddable":true,"href":"https:\/\/tourtravelandmore.com\/fr\/wp-json\/wp\/v2\/media\/94699"}],"wp:attachment":[{"href":"https:\/\/tourtravelandmore.com\/fr\/wp-json\/wp\/v2\/media?parent=101493"}],"wp:term":[{"taxonomy":"product_brand","embeddable":true,"href":"https:\/\/tourtravelandmore.com\/fr\/wp-json\/wp\/v2\/product_brand?post=101493"},{"taxonomy":"product_cat","embeddable":true,"href":"https:\/\/tourtravelandmore.com\/fr\/wp-json\/wp\/v2\/product_cat?post=101493"},{"taxonomy":"product_tag","embeddable":true,"href":"https:\/\/tourtravelandmore.com\/fr\/wp-json\/wp\/v2\/product_tag?post=101493"}],"curies":[{"name":"wp","href":"https:\/\/api.w.org\/{rel}","templated":true}]}}