{"id":101484,"date":"2017-02-14T16:15:25","date_gmt":"2017-02-14T15:15:25","guid":{"rendered":"https:\/\/tourtravelandmore.com\/tours\/non%20class\u00e9\/visite-de-florence-visite-privee-de-4-heures\/"},"modified":"2022-08-22T14:45:21","modified_gmt":"2022-08-22T12:45:21","slug":"visite-de-florence-visite-privee-de-4-heures","status":"publish","type":"product","link":"https:\/\/tourtravelandmore.com\/fr\/tours\/italie-fr\/florence-fr\/all-private-tours-activities-fr\/visite-de-florence-visite-privee-de-4-heures\/","title":{"rendered":"Visite de Florence &#8211; Visite priv\u00e9e de 4 heures"},"content":{"rendered":"<h2><b>Description de la visite priv\u00e9e de Florence<\/b><\/h2>\n<p><span style=\"font-weight: 400;\">Donnez-nous l&#8217;occasion de vous emmener \u00e0 cette visite priv\u00e9e de Florence avec votre propre guide officiel et votre chauffeur. Profitez de la magnifique architecture de Florence et de ses merveilleux sites touristiques dans le confort de votre v\u00e9hicule priv\u00e9 de luxe avec chauffeur.<\/span><\/p>\n<p><span style=\"font-weight: 400;\">La Toscane est l&#8217;un des endroits les plus beaux et les plus exclusifs d&#8217;Europe. Vous pourrez y admirer de magnifiques paysages, de l&#8217;art, de l&#8217;architecture et d\u00e9guster les meilleurs plats.<\/span><\/p>\n<p><span style=\"font-weight: 400;\">Florence est la capitale de la r\u00e9gion de la Toscane, et a \u00e9t\u00e9 le lieu principal de toutes les nouvelles \u00e9tapes de l&#8217;art en Italie. L&#8217;art et la cr\u00e9ativit\u00e9 sont pr\u00e9sents dans chaque rue et coin de rue, ainsi que dans les nombreuses \u00e9glises, mus\u00e9es et monuments. Vous marcherez aux c\u00f4t\u00e9s d&#8217;un guide officiel priv\u00e9, qui vous \u00e9clairera sur les secrets et l&#8217;histoire de cette ville \u00e9tonnante.<\/span><\/p>\n<p><span style=\"font-weight: 400;\">Florence a \u00e9t\u00e9 d\u00e9clar\u00e9e patrimoine mondial de l&#8217;UNESCO en 1982, car elle est consid\u00e9r\u00e9e comme le berceau de la Renaissance.<\/span><\/p>\n<p><span style=\"font-weight: 400;\">Profitez de cette ville historique d&#8217;Italie et apprenez-en le plus possible lors de cette visite priv\u00e9e de Florence. Si vous recherchez une exp\u00e9rience d&#8217;une journ\u00e9e compl\u00e8te en dehors de Florence, consultez notre <\/span><a href=\"https:\/\/tourtravelandmore.com\/fr\/tours\/italie-fr\/florence-fr\/all-private-tours-activities-fr\/visite-privee-de-pise-et-lucques-au-depart-de-florence\/\"><span style=\"font-weight: 400;\">circuit priv\u00e9 d&#8217;une journ\u00e9e compl\u00e8te \u00e0 Pise et \u00e0 Lucques.<\/span><\/a><\/p>\n<h2><b>Points d&#8217;int\u00e9r\u00eat de la visite priv\u00e9e de Florence<\/b><\/h2>\n<p><span style=\"font-weight: 400;\">Tout d&#8217;abord, votre chauffeur priv\u00e9 et votre guide officiel viendront vous chercher \u00e0 votre h\u00f4tel ou au lieu de votre choix \u00e0 Florence \u00e0 l&#8217;heure souhait\u00e9e. Vous aurez l&#8217;occasion d&#8217;explorer l&#8217;une des plus belles villes d&#8217;Italie, que vous finirez par adorer !<\/span><\/p>\n<p><span style=\"font-weight: 400;\">En fonction de vos souhaits pr\u00e9cis, nous organiserons les arr\u00eats correspondants. Voici un exemple de ce que vous pouvez voir pendant la visite guid\u00e9e de 4 heures.<\/span><\/p>\n<p><span style=\"font-weight: 400;\">Parmi les autres monuments et lieux d&#8217;int\u00e9r\u00eat que vous pouvez visiter :<\/span><\/p>\n<h3><a href=\"https:\/\/duomo.firenze.it\/it\/38\/cattedrale-di-santa-maria-del-fiore\"><b>Cath\u00e9drale de Santa Maria del Fiore (Duomo)<\/b><\/a><\/h3>\n<p><span style=\"font-weight: 400;\">La cath\u00e9drale de Santa Maria del Fiore est l&#8217;\u00e9glise principale de Florence et l&#8217;un des exemples les plus remarquables de l&#8217;architecture gothique italienne. Sa construction s&#8217;est \u00e9tal\u00e9e sur un si\u00e8cle, commen\u00e7ant par le projet d&#8217;Arnolfo di Cambio en 1296 et se terminant par la coupole de Giotto, qui a \u00e9t\u00e9 achev\u00e9e en 1436.<\/span><\/p>\n<p><span style=\"font-weight: 400;\">L&#8217;ext\u00e9rieur pr\u00e9sente une fa\u00e7ade compos\u00e9e de couches altern\u00e9es de marbre blanc extrait pr\u00e8s de Carrara et de pierre gris-vert provenant de Prato. La cath\u00e9drale est c\u00e9l\u00e8bre pour son d\u00f4me, la plus grande construction en briques du monde et l&#8217;une des r\u00e9alisations architecturales les plus impressionnantes de son \u00e9poque. L&#8217;ext\u00e9rieur pr\u00e9sente \u00e9galement une d\u00e9coration sculpturale r\u00e9alis\u00e9e par Donatello, Luca Della Robbia, Andrea Pisano et d&#8217;autres.<\/span><\/p>\n<h3><b>Piazza del Duomo<\/b><\/h3>\n<p><span style=\"font-weight: 400;\">La Piazza del Duomo est c\u00e9l\u00e8bre car c&#8217;est la place principale de Florence, en Italie. Elle abrite certains des sites les plus embl\u00e9matiques de toute l&#8217;Italie. La cath\u00e9drale elle-m\u00eame attire de nombreux visiteurs dans cette r\u00e9gion, avec sa belle fa\u00e7ade et son impressionnant clocher. Une partie de son histoire concerne la statue de bronze de Donatello repr\u00e9sentant David, une figure biblique. Cette statue est consid\u00e9r\u00e9e comme l&#8217;une des sculptures les plus c\u00e9l\u00e8bres de tout Florence, il est donc normal qu&#8217;elle occupe une place de choix. La Piazza del Duomo abrite de nombreux lieux diff\u00e9rents qui sont importants pour l&#8217;Italie et le monde en g\u00e9n\u00e9ral.\u00a0<\/span><\/p>\n<h3><b>Galerie des Offices (des billets peuvent \u00eatre arrang\u00e9s si vous \u00eates int\u00e9ress\u00e9s)<\/b><\/h3>\n<p><span style=\"font-weight: 400;\">La Galerie des Offices est c\u00e9l\u00e8bre pour ses \u0153uvres d&#8217;art de renomm\u00e9e mondiale telles que la Naissance de V\u00e9nus de Botticelli, la Primavera de L\u00e9onard de Vinci et la Madone des rochers de L\u00e9onard de Vinci.<\/span><\/p>\n<p><span style=\"font-weight: 400;\">La Galerie des Offices est un mus\u00e9e situ\u00e9 \u00e0 Florence, en Italie. Construit \u00e0 l&#8217;origine comme un palais priv\u00e9 dans les ann\u00e9es 1560, il abrite aujourd&#8217;hui une grande collection d&#8217;\u0153uvres d&#8217;art de la Renaissance.<\/span><\/p>\n<h3><b>Galerie de l&#8217;Acad\u00e9mie (des billets peuvent \u00eatre arrang\u00e9s si vous \u00eates int\u00e9ress\u00e9s)<\/b><\/h3>\n<p><span style=\"font-weight: 400;\">La galerie de l&#8217;Accademia est un c\u00e9l\u00e8bre mus\u00e9e de peintures et de sculptures. Il poss\u00e8de la plus grande collection de peintures au monde avec plus de 2 000 \u0153uvres expos\u00e9es. La galerie a \u00e9t\u00e9 fond\u00e9e par Pietro Leopoldo et abrite encore nombre de ses cr\u00e9ations originales. La galerie est divis\u00e9e en deux sections. La premi\u00e8re, appel\u00e9e &#8220;Galerie Corsini&#8221;, expose des peintres italiens tels que Luc a Giordano, Pompeo Batoni, Francesco Zuccari et d&#8217;autres.\u00a0<\/span><\/p>\n<h3><b>Ponte Vecchio<\/b><\/h3>\n<p><span style=\"font-weight: 400;\">Le Ponte Vecchio est l&#8217;un des monuments les plus c\u00e9l\u00e8bres de Florence.<\/span><\/p>\n<p><span style=\"font-weight: 400;\">Il s&#8217;agit d&#8217;un pont m\u00e9di\u00e9val sur l&#8217;Arno, qui relie les quartiers d&#8217;Oltrarno et de Borgo. Le nom du pont signifie &#8220;vieux pont&#8221; et a \u00e9t\u00e9 construit en 1345 pour remplacer une structure en bois ant\u00e9rieure.<\/span><\/p>\n<h3><b>Piazza della Signoria<\/b><\/h3>\n<p><span style=\"font-weight: 400;\">La Piazza della Signoria est le centre historique de Florence. Elle \u00e9tait utilis\u00e9e comme lieu d&#8217;ex\u00e9cutions publiques pendant la Renaissance. L&#8217;\u00e9v\u00e9nement le plus c\u00e9l\u00e8bre qui s&#8217;est d\u00e9roul\u00e9 sur cette place est celui o\u00f9 Cosimo Ier de M\u00e9dicis, duc de Florence, a ordonn\u00e9 l&#8217;ex\u00e9cution de son ennemi jur\u00e9 Girolamo Savonarola le 23 mai 1498. La Piazza del Duomo est \u00e9galement le centre historique de Florence et se trouve en face de la cath\u00e9drale.\u00a0<\/span><\/p>\n<h3><b>Palazzo Vecchio<\/b><\/h3>\n<p><span style=\"font-weight: 400;\">Le Palazzo Vecchio est l&#8217;un des b\u00e2timents les plus importants de Florence, en Italie. C&#8217;est un symbole de la ville et il est situ\u00e9 au centre de Florence. Il a \u00e9t\u00e9 construit en 1298 et con\u00e7u par Arnolfo di Cambio.<\/span><\/p>\n<p><span style=\"font-weight: 400;\">Le Palazzo Vecchio a \u00e9t\u00e9 construit \u00e0 l&#8217;origine comme une forteresse pour prot\u00e9ger la ville des attaques d&#8217;autres villes. En 1442, apr\u00e8s avoir \u00e9t\u00e9 conquis par les Florentins, il est devenu leur quartier g\u00e9n\u00e9ral et a \u00e9t\u00e9 utilis\u00e9 \u00e0 des fins militaires jusqu&#8217;en 1865, date \u00e0 laquelle il est devenu un mus\u00e9e.<\/span><\/p>\n<h3><b>Place Michelangelo<\/b><\/h3>\n<p><span style=\"font-weight: 400;\">La place porte le nom du c\u00e9l\u00e8bre artiste Michel-Ange. La place a \u00e9t\u00e9 con\u00e7ue par l&#8217;architecte Pier Luigi Nervi et a \u00e9t\u00e9 achev\u00e9e en 1965. La place est situ\u00e9e dans le centre de Rome, en Italie.<\/span><\/p>\n<p><span style=\"font-weight: 400;\">La place a \u00e9t\u00e9 utilis\u00e9e \u00e0 de nombreuses fins diff\u00e9rentes au fil des ans, notamment comme lieu de rassemblement pour les protestations et les manifestations. Il a \u00e9galement \u00e9t\u00e9 utilis\u00e9 comme une galerie d&#8217;art en plein air pour des expositions de sculptures et de peintures ou comme lieu d&#8217;\u00e9v\u00e9nements culturels tels que des concerts.<\/span><\/p>\n<h3><b>Palais Pitti<\/b><\/h3>\n<p><span style=\"font-weight: 400;\">Le palais Pitti est l&#8217;une des destinations touristiques les plus populaires de Florence. Ce palais a \u00e9t\u00e9 construit \u00e0 l&#8217;origine par Luca Pitti au XVe si\u00e8cle et a \u00e9t\u00e9 reconstruit et agrandi \u00e0 de nombreuses reprises depuis lors. Le palais abrite d\u00e9sormais des mus\u00e9es, des galeries et d&#8217;autres collections d&#8217;art.<\/span><\/p>\n<p><span style=\"font-weight: 400;\">C&#8217;est un endroit \u00e0 visiter pour tout amateur d&#8217;art, mais il a aussi beaucoup d&#8217;histoire derri\u00e8re lui.\u00a0<\/span><\/p>\n<p><span style=\"font-weight: 400;\">Au cours de cette visite priv\u00e9e de Florence, vous vous arr\u00eaterez \u00e9galement pour une pause caf\u00e9 dans un bar charmant et typique de la ville. Si vous le pr\u00e9f\u00e9rez, nous pouvons \u00e9galement faire des r\u00e9servations pour le d\u00e9jeuner ou le d\u00eener.<\/span><\/p>\n<p><span style=\"font-weight: 400;\">Enfin, \u00e0 la fin de la visite, votre chauffeur et votre guide priv\u00e9s vous ram\u00e8neront \u00e0 votre point de d\u00e9part \u00e0 Florence. L&#8217;excursion dure 4 heures, de l&#8217;heure de prise en charge \u00e0 l&#8217;heure de retour.<\/span><\/p>\n<p><b>Nous comprenons les besoins de chacun de nos voyageurs et l&#8217;importance des vacances pour chaque individu. Notre \u00e9quipe Tour Travel &amp; More est l\u00e0 pour vous aider \u00e0 organiser vos meilleures vacances.<\/b><\/p>\n","protected":false},"excerpt":{"rendered":"<p><b>: <\/b><span style=\"font-weight: 400;\">Une visite priv\u00e9e de la belle ville de Florence est une fa\u00e7on fantastique d&#8217;explorer cette destination. Vous aurez l&#8217;occasion de d\u00e9couvrir l&#8217;histoire, la culture et l&#8217;art de ce lieu magnifique.<\/span><\/p>\n","protected":false},"featured_media":97968,"comment_status":"open","ping_status":"closed","template":"","meta":{"_acf_changed":false},"product_brand":[],"product_cat":[3697,3702,3704],"product_tag":[],"class_list":{"0":"post-101484","1":"product","2":"type-product","3":"status-publish","4":"has-post-thumbnail","6":"product_cat-florence-fr","7":"product_cat-all-private-tours-activities-fr","8":"product_cat-private-sightseeing-tours-fr","10":"first","11":"instock","12":"shipping-taxable","13":"purchasable","14":"product-type-simple"},"acf":[],"yoast_head":"<!-- This site is optimized with the Yoast SEO Premium plugin v25.3.1 (Yoast SEO v25.3.1) - https:\/\/yoast.com\/wordpress\/plugins\/seo\/ -->\n<title>\u27a1\ufe0f Visite priv\u00e9e de Florence | Tour Travel &amp; More<\/title>\n<meta name=\"description\" content=\": R\u00e9servez maintenant cette visite priv\u00e9e de Florence et d\u00e9couvrez l&#039;une des villes class\u00e9es au patrimoine mondial de l&#039;UNESCO \u2705.\" \/>\n<meta name=\"robots\" content=\"index, follow, max-snippet:-1, max-image-preview:large, max-video-preview:-1\" \/>\n<link rel=\"canonical\" href=\"https:\/\/tourtravelandmore.com\/fr\/tours\/italie-fr\/florence-fr\/all-private-tours-activities-fr\/visite-de-florence-visite-privee-de-4-heures\/\" \/>\n<meta property=\"og:locale\" content=\"fr_FR\" \/>\n<meta property=\"og:type\" content=\"article\" \/>\n<meta property=\"og:title\" content=\"Visite de Florence - Visite priv\u00e9e de 4 heures\" \/>\n<meta property=\"og:description\" content=\": R\u00e9servez maintenant cette visite priv\u00e9e de Florence et d\u00e9couvrez l&#039;une des villes class\u00e9es au patrimoine mondial de l&#039;UNESCO \u2705.\" \/>\n<meta property=\"og:url\" content=\"https:\/\/tourtravelandmore.com\/fr\/tours\/italie-fr\/florence-fr\/all-private-tours-activities-fr\/visite-de-florence-visite-privee-de-4-heures\/\" \/>\n<meta property=\"og:site_name\" content=\"Tour Travel And More\" \/>\n<meta property=\"article:publisher\" content=\"https:\/\/www.facebook.com\/tourtravelandmore\/\" \/>\n<meta property=\"article:modified_time\" content=\"2022-08-22T12:45:21+00:00\" \/>\n<meta property=\"og:image\" content=\"https:\/\/tourtravelandmore.com\/wp-content\/uploads\/2017\/02\/florence-1.2.jpg\" \/>\n\t<meta property=\"og:image:width\" content=\"1280\" \/>\n\t<meta property=\"og:image:height\" content=\"960\" \/>\n\t<meta property=\"og:image:type\" content=\"image\/jpeg\" \/>\n<meta name=\"twitter:card\" content=\"summary_large_image\" \/>\n<meta name=\"twitter:site\" content=\"@TourTravel_More\" \/>\n<meta name=\"twitter:label1\" content=\"Dur\u00e9e de lecture estim\u00e9e\" \/>\n\t<meta name=\"twitter:data1\" content=\"6 minutes\" \/>\n<script type=\"application\/ld+json\" class=\"yoast-schema-graph\">{\"@context\":\"https:\/\/schema.org\",\"@graph\":[{\"@type\":\"WebPage\",\"@id\":\"https:\/\/tourtravelandmore.com\/fr\/tours\/italie-fr\/florence-fr\/all-private-tours-activities-fr\/visite-de-florence-visite-privee-de-4-heures\/\",\"url\":\"https:\/\/tourtravelandmore.com\/fr\/tours\/italie-fr\/florence-fr\/all-private-tours-activities-fr\/visite-de-florence-visite-privee-de-4-heures\/\",\"name\":\"\u27a1\ufe0f Visite priv\u00e9e de Florence | Tour Travel & More\",\"isPartOf\":{\"@id\":\"https:\/\/tourtravelandmore.com\/fr\/#website\"},\"primaryImageOfPage\":{\"@id\":\"https:\/\/tourtravelandmore.com\/fr\/tours\/italie-fr\/florence-fr\/all-private-tours-activities-fr\/visite-de-florence-visite-privee-de-4-heures\/#primaryimage\"},\"image\":{\"@id\":\"https:\/\/tourtravelandmore.com\/fr\/tours\/italie-fr\/florence-fr\/all-private-tours-activities-fr\/visite-de-florence-visite-privee-de-4-heures\/#primaryimage\"},\"thumbnailUrl\":\"https:\/\/tourtravelandmore.com\/wp-content\/uploads\/2017\/02\/florence-1.2.jpg\",\"datePublished\":\"2017-02-14T15:15:25+00:00\",\"dateModified\":\"2022-08-22T12:45:21+00:00\",\"description\":\": R\u00e9servez maintenant cette visite priv\u00e9e de Florence et d\u00e9couvrez l'une des villes class\u00e9es au patrimoine mondial de l'UNESCO \u2705.\",\"breadcrumb\":{\"@id\":\"https:\/\/tourtravelandmore.com\/fr\/tours\/italie-fr\/florence-fr\/all-private-tours-activities-fr\/visite-de-florence-visite-privee-de-4-heures\/#breadcrumb\"},\"inLanguage\":\"fr-FR\",\"potentialAction\":[{\"@type\":\"ReadAction\",\"target\":[\"https:\/\/tourtravelandmore.com\/fr\/tours\/italie-fr\/florence-fr\/all-private-tours-activities-fr\/visite-de-florence-visite-privee-de-4-heures\/\"]}]},{\"@type\":\"ImageObject\",\"inLanguage\":\"fr-FR\",\"@id\":\"https:\/\/tourtravelandmore.com\/fr\/tours\/italie-fr\/florence-fr\/all-private-tours-activities-fr\/visite-de-florence-visite-privee-de-4-heures\/#primaryimage\",\"url\":\"https:\/\/tourtravelandmore.com\/wp-content\/uploads\/2017\/02\/florence-1.2.jpg\",\"contentUrl\":\"https:\/\/tourtravelandmore.com\/wp-content\/uploads\/2017\/02\/florence-1.2.jpg\",\"width\":1280,\"height\":960},{\"@type\":\"BreadcrumbList\",\"@id\":\"https:\/\/tourtravelandmore.com\/fr\/tours\/italie-fr\/florence-fr\/all-private-tours-activities-fr\/visite-de-florence-visite-privee-de-4-heures\/#breadcrumb\",\"itemListElement\":[{\"@type\":\"ListItem\",\"position\":1,\"name\":\"Home\",\"item\":\"https:\/\/tourtravelandmore.com\/fr\/\"},{\"@type\":\"ListItem\",\"position\":2,\"name\":\"Tours\",\"item\":\"https:\/\/tourtravelandmore.com\/fr\/tours\/\"},{\"@type\":\"ListItem\",\"position\":3,\"name\":\"Visite de Florence &#8211; Visite priv\u00e9e de 4 heures\"}]},{\"@type\":\"WebSite\",\"@id\":\"https:\/\/tourtravelandmore.com\/fr\/#website\",\"url\":\"https:\/\/tourtravelandmore.com\/fr\/\",\"name\":\"Tour Travel And More\",\"description\":\"Private sightseeing tours and luxury transfers in Spain\",\"publisher\":{\"@id\":\"https:\/\/tourtravelandmore.com\/fr\/#organization\"},\"potentialAction\":[{\"@type\":\"SearchAction\",\"target\":{\"@type\":\"EntryPoint\",\"urlTemplate\":\"https:\/\/tourtravelandmore.com\/fr\/?s={search_term_string}\"},\"query-input\":{\"@type\":\"PropertyValueSpecification\",\"valueRequired\":true,\"valueName\":\"search_term_string\"}}],\"inLanguage\":\"fr-FR\"},{\"@type\":\"Organization\",\"@id\":\"https:\/\/tourtravelandmore.com\/fr\/#organization\",\"name\":\"Tour Travel And More\",\"url\":\"https:\/\/tourtravelandmore.com\/fr\/\",\"logo\":{\"@type\":\"ImageObject\",\"inLanguage\":\"fr-FR\",\"@id\":\"https:\/\/tourtravelandmore.com\/fr\/#\/schema\/logo\/image\/\",\"url\":\"https:\/\/tourtravelandmore.com\/wp-content\/uploads\/2022\/12\/cropped-logo-cabecera-new.png\",\"contentUrl\":\"https:\/\/tourtravelandmore.com\/wp-content\/uploads\/2022\/12\/cropped-logo-cabecera-new.png\",\"width\":430,\"height\":61,\"caption\":\"Tour Travel And More\"},\"image\":{\"@id\":\"https:\/\/tourtravelandmore.com\/fr\/#\/schema\/logo\/image\/\"},\"sameAs\":[\"https:\/\/www.facebook.com\/tourtravelandmore\/\",\"https:\/\/x.com\/TourTravel_More\"]}]}<\/script>\n<!-- \/ Yoast SEO Premium plugin. -->","yoast_head_json":{"title":"\u27a1\ufe0f Visite priv\u00e9e de Florence | Tour Travel & More","description":": R\u00e9servez maintenant cette visite priv\u00e9e de Florence et d\u00e9couvrez l'une des villes class\u00e9es au patrimoine mondial de l'UNESCO \u2705.","robots":{"index":"index","follow":"follow","max-snippet":"max-snippet:-1","max-image-preview":"max-image-preview:large","max-video-preview":"max-video-preview:-1"},"canonical":"https:\/\/tourtravelandmore.com\/fr\/tours\/italie-fr\/florence-fr\/all-private-tours-activities-fr\/visite-de-florence-visite-privee-de-4-heures\/","og_locale":"fr_FR","og_type":"article","og_title":"Visite de Florence - Visite priv\u00e9e de 4 heures","og_description":": R\u00e9servez maintenant cette visite priv\u00e9e de Florence et d\u00e9couvrez l'une des villes class\u00e9es au patrimoine mondial de l'UNESCO \u2705.","og_url":"https:\/\/tourtravelandmore.com\/fr\/tours\/italie-fr\/florence-fr\/all-private-tours-activities-fr\/visite-de-florence-visite-privee-de-4-heures\/","og_site_name":"Tour Travel And More","article_publisher":"https:\/\/www.facebook.com\/tourtravelandmore\/","article_modified_time":"2022-08-22T12:45:21+00:00","og_image":[{"width":1280,"height":960,"url":"https:\/\/tourtravelandmore.com\/wp-content\/uploads\/2017\/02\/florence-1.2.jpg","type":"image\/jpeg"}],"twitter_card":"summary_large_image","twitter_site":"@TourTravel_More","twitter_misc":{"Dur\u00e9e de lecture estim\u00e9e":"6 minutes"},"schema":{"@context":"https:\/\/schema.org","@graph":[{"@type":"WebPage","@id":"https:\/\/tourtravelandmore.com\/fr\/tours\/italie-fr\/florence-fr\/all-private-tours-activities-fr\/visite-de-florence-visite-privee-de-4-heures\/","url":"https:\/\/tourtravelandmore.com\/fr\/tours\/italie-fr\/florence-fr\/all-private-tours-activities-fr\/visite-de-florence-visite-privee-de-4-heures\/","name":"\u27a1\ufe0f Visite priv\u00e9e de Florence | Tour Travel & More","isPartOf":{"@id":"https:\/\/tourtravelandmore.com\/fr\/#website"},"primaryImageOfPage":{"@id":"https:\/\/tourtravelandmore.com\/fr\/tours\/italie-fr\/florence-fr\/all-private-tours-activities-fr\/visite-de-florence-visite-privee-de-4-heures\/#primaryimage"},"image":{"@id":"https:\/\/tourtravelandmore.com\/fr\/tours\/italie-fr\/florence-fr\/all-private-tours-activities-fr\/visite-de-florence-visite-privee-de-4-heures\/#primaryimage"},"thumbnailUrl":"https:\/\/tourtravelandmore.com\/wp-content\/uploads\/2017\/02\/florence-1.2.jpg","datePublished":"2017-02-14T15:15:25+00:00","dateModified":"2022-08-22T12:45:21+00:00","description":": R\u00e9servez maintenant cette visite priv\u00e9e de Florence et d\u00e9couvrez l'une des villes class\u00e9es au patrimoine mondial de l'UNESCO \u2705.","breadcrumb":{"@id":"https:\/\/tourtravelandmore.com\/fr\/tours\/italie-fr\/florence-fr\/all-private-tours-activities-fr\/visite-de-florence-visite-privee-de-4-heures\/#breadcrumb"},"inLanguage":"fr-FR","potentialAction":[{"@type":"ReadAction","target":["https:\/\/tourtravelandmore.com\/fr\/tours\/italie-fr\/florence-fr\/all-private-tours-activities-fr\/visite-de-florence-visite-privee-de-4-heures\/"]}]},{"@type":"ImageObject","inLanguage":"fr-FR","@id":"https:\/\/tourtravelandmore.com\/fr\/tours\/italie-fr\/florence-fr\/all-private-tours-activities-fr\/visite-de-florence-visite-privee-de-4-heures\/#primaryimage","url":"https:\/\/tourtravelandmore.com\/wp-content\/uploads\/2017\/02\/florence-1.2.jpg","contentUrl":"https:\/\/tourtravelandmore.com\/wp-content\/uploads\/2017\/02\/florence-1.2.jpg","width":1280,"height":960},{"@type":"BreadcrumbList","@id":"https:\/\/tourtravelandmore.com\/fr\/tours\/italie-fr\/florence-fr\/all-private-tours-activities-fr\/visite-de-florence-visite-privee-de-4-heures\/#breadcrumb","itemListElement":[{"@type":"ListItem","position":1,"name":"Home","item":"https:\/\/tourtravelandmore.com\/fr\/"},{"@type":"ListItem","position":2,"name":"Tours","item":"https:\/\/tourtravelandmore.com\/fr\/tours\/"},{"@type":"ListItem","position":3,"name":"Visite de Florence &#8211; Visite priv\u00e9e de 4 heures"}]},{"@type":"WebSite","@id":"https:\/\/tourtravelandmore.com\/fr\/#website","url":"https:\/\/tourtravelandmore.com\/fr\/","name":"Tour Travel And More","description":"Private sightseeing tours and luxury transfers in Spain","publisher":{"@id":"https:\/\/tourtravelandmore.com\/fr\/#organization"},"potentialAction":[{"@type":"SearchAction","target":{"@type":"EntryPoint","urlTemplate":"https:\/\/tourtravelandmore.com\/fr\/?s={search_term_string}"},"query-input":{"@type":"PropertyValueSpecification","valueRequired":true,"valueName":"search_term_string"}}],"inLanguage":"fr-FR"},{"@type":"Organization","@id":"https:\/\/tourtravelandmore.com\/fr\/#organization","name":"Tour Travel And More","url":"https:\/\/tourtravelandmore.com\/fr\/","logo":{"@type":"ImageObject","inLanguage":"fr-FR","@id":"https:\/\/tourtravelandmore.com\/fr\/#\/schema\/logo\/image\/","url":"https:\/\/tourtravelandmore.com\/wp-content\/uploads\/2022\/12\/cropped-logo-cabecera-new.png","contentUrl":"https:\/\/tourtravelandmore.com\/wp-content\/uploads\/2022\/12\/cropped-logo-cabecera-new.png","width":430,"height":61,"caption":"Tour Travel And More"},"image":{"@id":"https:\/\/tourtravelandmore.com\/fr\/#\/schema\/logo\/image\/"},"sameAs":["https:\/\/www.facebook.com\/tourtravelandmore\/","https:\/\/x.com\/TourTravel_More"]}]}},"_links":{"self":[{"href":"https:\/\/tourtravelandmore.com\/fr\/wp-json\/wp\/v2\/product\/101484","targetHints":{"allow":["GET"]}}],"collection":[{"href":"https:\/\/tourtravelandmore.com\/fr\/wp-json\/wp\/v2\/product"}],"about":[{"href":"https:\/\/tourtravelandmore.com\/fr\/wp-json\/wp\/v2\/types\/product"}],"replies":[{"embeddable":true,"href":"https:\/\/tourtravelandmore.com\/fr\/wp-json\/wp\/v2\/comments?post=101484"}],"wp:featuredmedia":[{"embeddable":true,"href":"https:\/\/tourtravelandmore.com\/fr\/wp-json\/wp\/v2\/media\/97968"}],"wp:attachment":[{"href":"https:\/\/tourtravelandmore.com\/fr\/wp-json\/wp\/v2\/media?parent=101484"}],"wp:term":[{"taxonomy":"product_brand","embeddable":true,"href":"https:\/\/tourtravelandmore.com\/fr\/wp-json\/wp\/v2\/product_brand?post=101484"},{"taxonomy":"product_cat","embeddable":true,"href":"https:\/\/tourtravelandmore.com\/fr\/wp-json\/wp\/v2\/product_cat?post=101484"},{"taxonomy":"product_tag","embeddable":true,"href":"https:\/\/tourtravelandmore.com\/fr\/wp-json\/wp\/v2\/product_tag?post=101484"}],"curies":[{"name":"wp","href":"https:\/\/api.w.org\/{rel}","templated":true}]}}