{"id":101477,"date":"2018-02-13T14:03:39","date_gmt":"2018-02-13T13:03:39","guid":{"rendered":"https:\/\/tourtravelandmore.com\/tours\/non%20class\u00e9\/visite-guidee-privee-de-la-galerie-de-lacademie\/"},"modified":"2023-11-24T18:44:15","modified_gmt":"2023-11-24T17:44:15","slug":"visite-guidee-privee-de-la-galerie-de-lacademie","status":"publish","type":"product","link":"https:\/\/tourtravelandmore.com\/fr\/tours\/italie-fr\/florence-fr\/all-private-tours-activities-fr\/visite-guidee-privee-de-la-galerie-de-lacademie\/","title":{"rendered":"Visite guid\u00e9e priv\u00e9e de la galerie de l&#8217;Acad\u00e9mie"},"content":{"rendered":"<h2><b>Description de la visite priv\u00e9e de la galerie de l&#8217;Accademia<\/b><\/h2>\n<p><span style=\"font-weight: 400;\">Profitez de l&#8217;un des mus\u00e9es les plus embl\u00e9matiques de Florence lors de cette visite priv\u00e9e de la galerie de l&#8217;Accademia. D\u00e9couvrez l&#8217;histoire de la galerie, o\u00f9 se trouve le David de Michel-Ange, avec votre guide officiel priv\u00e9.<\/span><\/p>\n<p><span style=\"font-weight: 400;\">Florence est la capitale de la r\u00e9gion de la Toscane, et a \u00e9t\u00e9 le lieu principal de toutes les nouvelles \u00e9tapes de l&#8217;art en Italie. L&#8217;art et la cr\u00e9ativit\u00e9 sont pr\u00e9sents dans chaque rue, ainsi que dans les nombreuses \u00e9glises, mus\u00e9es et monuments.<\/span><\/p>\n<p><span style=\"font-weight: 400;\">Vous vous prom\u00e8nerez avec un guide officiel, qui vous \u00e9clairera sur les secrets et l&#8217;histoire de cette ville \u00e9tonnante.<\/span><\/p>\n<p><span style=\"font-weight: 400;\">La galerie de l&#8217;Accademia est le plus riche mus\u00e9e de Florence consacr\u00e9 au grand Michel-Ange. Vous d\u00e9couvrirez des \u0153uvres achev\u00e9es et inachev\u00e9es de grands artistes. Sa principale attraction est la sculpture du David. Pour comprendre comment il a pu terminer cette \u0153uvre alors qu&#8217;il n&#8217;avait que 26 ans, il faut aussi voir une de ses \u0153uvres : &#8221; Les prisonniers &#8220;.<\/span><\/p>\n<p><span style=\"font-weight: 400;\">Comme toutes nos visites, cette visite priv\u00e9e de la galerie de l&#8217;Accademia est une visite enti\u00e8rement personnalis\u00e9e. Nous pouvons l&#8217;organiser en fonction de vos besoins et de vos d\u00e9sirs personnels. Si vous avez quelque chose en t\u00eate, faites-le nous savoir et nous ferons de notre mieux pour l&#8217;inclure.<\/span><\/p>\n<p><span style=\"font-weight: 400;\">Si vous \u00eates int\u00e9ress\u00e9 par une visite priv\u00e9e \u00e0 pied pour visiter les lieux les plus importants de Florence, jetez un coup d&#8217;\u0153il \u00e0 notre <\/span><a href=\"https:\/\/tourtravelandmore.com\/es\/tours\/italia-es\/florencia-es\/tour-privado-pie-por-florencia\/\"><span style=\"font-weight: 400;\">visite priv\u00e9e \u00e0 pied de Florence.<\/span><\/a><\/p>\n<h2><b>Visite priv\u00e9e de la galerie de l&#8217;Accademia (en anglais)<\/b><\/h2>\n<p><span style=\"font-weight: 400;\">Tout d&#8217;abord, vous rencontrerez votre guide officiel priv\u00e9 \u00e0 l&#8217;entr\u00e9e principale de la galerie Accademia. Si votre h\u00f4tel se trouve \u00e0 quelques minutes de marche, nous pouvons nous arranger pour venir vous chercher \u00e0 l&#8217;h\u00f4tel.<\/span><\/p>\n<p><span style=\"font-weight: 400;\">Au cours de cette visite priv\u00e9e \u00e0 pied, vous d\u00e9couvrirez tous les secrets et l&#8217;histoire du grand Michel-Ange. Un guide officiel priv\u00e9 sp\u00e9cialis\u00e9 dans l&#8217;histoire de l&#8217;art sera \u00e0 votre disposition. L&#8217;entr\u00e9e \u00e0 la <\/span><a href=\"https:\/\/webshop.b-ticket.com\/webshop\/webticket\/eventlist\"><span style=\"font-weight: 400;\">galerie de l&#8217;Accademia<\/span><\/a><span style=\"font-weight: 400;\"> est comprise dans le prix.<\/span><\/p>\n<p><span style=\"font-weight: 400;\">Voici pourquoi vous ne devriez pas manquer ces sculptures et \u0153uvres d&#8217;art, car elles ont une histoire et une signification incroyables pour l&#8217;humanit\u00e9 : <\/span><b>Le David, <\/b><b>Madonna del Mare, <\/b><b>V\u00e9nus et Cupidon, par Pontormo, <\/b><b>Cassone Adimari de Scheggia, <\/b><b>Chambre Duecento, <\/b><b>La Tribune de David, <\/b><b>Salle Di Giovanni<\/b><\/p>\n<p><span style=\"font-weight: 400;\">Vous pourrez y admirer une vaste collection issue d&#8217;une \u00e9poque glorieuse de l&#8217;histoire de l&#8217;art italien : la Renaissance.<\/span><\/p>\n<p><span style=\"font-weight: 400;\">Enfin, votre guide officiel vous d\u00e9posera \u00e0 l&#8217;entr\u00e9e de la galerie de l&#8217;Accademia. Si vous le pr\u00e9f\u00e9rez, vous pouvez \u00e9galement vous faire d\u00e9poser \u00e0 l&#8217;int\u00e9rieur si vous souhaitez poursuivre la visite de la galerie par vos propres moyens. Cette visite priv\u00e9e dure 2 heures et votre guide priv\u00e9 sera \u00e0 votre disposition.<\/span><\/p>\n<p><span style=\"font-weight: 400;\">Comme vous pouvez le constater, cette visite priv\u00e9e de la galerie de l&#8217;acad\u00e9mie est une visite inoubliable si vous \u00eates \u00e0 Florence. Vous et vos compagnons appr\u00e9cierez de voir ces chefs-d&#8217;\u0153uvre et ce sera un souvenir inoubliable.<\/span><\/p>\n<p><span style=\"font-weight: 400;\">Si vous souhaitez en savoir plus sur Florence, veuillez consulter nos <\/span><span style=\"font-weight: 400;\">visites priv\u00e9es<a href=\"https:\/\/tourtravelandmore.com\/fr\/city\/italie-fr\/florence-fr\/\"> dans cette r\u00e9gion d&#8217;Italie.<\/a><\/span><\/p>\n<div id=\"gtx-trans\" style=\"position: absolute; left: 775px; top: 2322.27px;\">\n<div class=\"gtx-trans-icon\"><\/div>\n<\/div>\n","protected":false},"excerpt":{"rendered":"<p><span style=\"font-weight: 400;\">La visite priv\u00e9e de la galerie de l&#8217;Accademia est une exp\u00e9rience priv\u00e9e de deux heures qui vous fait d\u00e9couvrir les points forts de la galerie et est parfaite pour ceux qui recherchent une exp\u00e9rience unique \u00e0 Florence.<\/span><\/p>\n","protected":false},"featured_media":94711,"comment_status":"open","ping_status":"closed","template":"","meta":{"_acf_changed":false},"product_brand":[],"product_cat":[3697,3702,3705],"product_tag":[],"class_list":{"0":"post-101477","1":"product","2":"type-product","3":"status-publish","4":"has-post-thumbnail","6":"product_cat-florence-fr","7":"product_cat-all-private-tours-activities-fr","8":"product_cat-private-walking-tours-fr","10":"first","11":"instock","12":"shipping-taxable","13":"purchasable","14":"product-type-simple"},"acf":[],"yoast_head":"<!-- This site is optimized with the Yoast SEO Premium plugin v25.3.1 (Yoast SEO v25.3.1) - https:\/\/yoast.com\/wordpress\/plugins\/seo\/ -->\n<title>\u27a1\ufe0f Visite priv\u00e9e de la Galerie de l&#039;Accademia | Tour Travel &amp; More<\/title>\n<meta name=\"description\" content=\"R\u00e9servez d\u00e8s maintenant cette visite priv\u00e9e de la Galerie de l&#039;Accademia, ce sera une exp\u00e9rience priv\u00e9e luxueuse et inoubliable | Tour Travel &amp; More \u2705\" \/>\n<meta name=\"robots\" content=\"index, follow, max-snippet:-1, max-image-preview:large, max-video-preview:-1\" \/>\n<link rel=\"canonical\" href=\"https:\/\/tourtravelandmore.com\/fr\/tours\/italie-fr\/florence-fr\/all-private-tours-activities-fr\/visite-guidee-privee-de-la-galerie-de-lacademie\/\" \/>\n<meta property=\"og:locale\" content=\"fr_FR\" \/>\n<meta property=\"og:type\" content=\"article\" \/>\n<meta property=\"og:title\" content=\"Visite guid\u00e9e priv\u00e9e de la galerie de l&#039;Acad\u00e9mie\" \/>\n<meta property=\"og:description\" content=\"R\u00e9servez d\u00e8s maintenant cette visite priv\u00e9e de la Galerie de l&#039;Accademia, ce sera une exp\u00e9rience priv\u00e9e luxueuse et inoubliable | Tour Travel &amp; More \u2705\" \/>\n<meta property=\"og:url\" content=\"https:\/\/tourtravelandmore.com\/fr\/tours\/italie-fr\/florence-fr\/all-private-tours-activities-fr\/visite-guidee-privee-de-la-galerie-de-lacademie\/\" \/>\n<meta property=\"og:site_name\" content=\"Tour Travel And More\" \/>\n<meta property=\"article:publisher\" content=\"https:\/\/www.facebook.com\/tourtravelandmore\/\" \/>\n<meta property=\"article:modified_time\" content=\"2023-11-24T17:44:15+00:00\" \/>\n<meta property=\"og:image\" content=\"https:\/\/tourtravelandmore.com\/wp-content\/uploads\/2018\/02\/David_by_Michelangelo_in_The_Gallery_of_the_Accademia_di_Belle_Arti.jpg\" \/>\n\t<meta property=\"og:image:width\" content=\"1024\" \/>\n\t<meta property=\"og:image:height\" content=\"683\" \/>\n\t<meta property=\"og:image:type\" content=\"image\/jpeg\" \/>\n<meta name=\"twitter:card\" content=\"summary_large_image\" \/>\n<meta name=\"twitter:site\" content=\"@TourTravel_More\" \/>\n<meta name=\"twitter:label1\" content=\"Dur\u00e9e de lecture estim\u00e9e\" \/>\n\t<meta name=\"twitter:data1\" content=\"3 minutes\" \/>\n<script type=\"application\/ld+json\" class=\"yoast-schema-graph\">{\"@context\":\"https:\/\/schema.org\",\"@graph\":[{\"@type\":\"WebPage\",\"@id\":\"https:\/\/tourtravelandmore.com\/fr\/tours\/italie-fr\/florence-fr\/all-private-tours-activities-fr\/visite-guidee-privee-de-la-galerie-de-lacademie\/\",\"url\":\"https:\/\/tourtravelandmore.com\/fr\/tours\/italie-fr\/florence-fr\/all-private-tours-activities-fr\/visite-guidee-privee-de-la-galerie-de-lacademie\/\",\"name\":\"\u27a1\ufe0f Visite priv\u00e9e de la Galerie de l'Accademia | Tour Travel & More\",\"isPartOf\":{\"@id\":\"https:\/\/tourtravelandmore.com\/fr\/#website\"},\"primaryImageOfPage\":{\"@id\":\"https:\/\/tourtravelandmore.com\/fr\/tours\/italie-fr\/florence-fr\/all-private-tours-activities-fr\/visite-guidee-privee-de-la-galerie-de-lacademie\/#primaryimage\"},\"image\":{\"@id\":\"https:\/\/tourtravelandmore.com\/fr\/tours\/italie-fr\/florence-fr\/all-private-tours-activities-fr\/visite-guidee-privee-de-la-galerie-de-lacademie\/#primaryimage\"},\"thumbnailUrl\":\"https:\/\/tourtravelandmore.com\/wp-content\/uploads\/2018\/02\/David_by_Michelangelo_in_The_Gallery_of_the_Accademia_di_Belle_Arti.jpg\",\"datePublished\":\"2018-02-13T13:03:39+00:00\",\"dateModified\":\"2023-11-24T17:44:15+00:00\",\"description\":\"R\u00e9servez d\u00e8s maintenant cette visite priv\u00e9e de la Galerie de l'Accademia, ce sera une exp\u00e9rience priv\u00e9e luxueuse et inoubliable | Tour Travel & More \u2705\",\"breadcrumb\":{\"@id\":\"https:\/\/tourtravelandmore.com\/fr\/tours\/italie-fr\/florence-fr\/all-private-tours-activities-fr\/visite-guidee-privee-de-la-galerie-de-lacademie\/#breadcrumb\"},\"inLanguage\":\"fr-FR\",\"potentialAction\":[{\"@type\":\"ReadAction\",\"target\":[\"https:\/\/tourtravelandmore.com\/fr\/tours\/italie-fr\/florence-fr\/all-private-tours-activities-fr\/visite-guidee-privee-de-la-galerie-de-lacademie\/\"]}]},{\"@type\":\"ImageObject\",\"inLanguage\":\"fr-FR\",\"@id\":\"https:\/\/tourtravelandmore.com\/fr\/tours\/italie-fr\/florence-fr\/all-private-tours-activities-fr\/visite-guidee-privee-de-la-galerie-de-lacademie\/#primaryimage\",\"url\":\"https:\/\/tourtravelandmore.com\/wp-content\/uploads\/2018\/02\/David_by_Michelangelo_in_The_Gallery_of_the_Accademia_di_Belle_Arti.jpg\",\"contentUrl\":\"https:\/\/tourtravelandmore.com\/wp-content\/uploads\/2018\/02\/David_by_Michelangelo_in_The_Gallery_of_the_Accademia_di_Belle_Arti.jpg\",\"width\":1024,\"height\":683},{\"@type\":\"BreadcrumbList\",\"@id\":\"https:\/\/tourtravelandmore.com\/fr\/tours\/italie-fr\/florence-fr\/all-private-tours-activities-fr\/visite-guidee-privee-de-la-galerie-de-lacademie\/#breadcrumb\",\"itemListElement\":[{\"@type\":\"ListItem\",\"position\":1,\"name\":\"Home\",\"item\":\"https:\/\/tourtravelandmore.com\/fr\/\"},{\"@type\":\"ListItem\",\"position\":2,\"name\":\"Tours\",\"item\":\"https:\/\/tourtravelandmore.com\/fr\/tours\/\"},{\"@type\":\"ListItem\",\"position\":3,\"name\":\"Visite guid\u00e9e priv\u00e9e de la galerie de l&#8217;Acad\u00e9mie\"}]},{\"@type\":\"WebSite\",\"@id\":\"https:\/\/tourtravelandmore.com\/fr\/#website\",\"url\":\"https:\/\/tourtravelandmore.com\/fr\/\",\"name\":\"Tour Travel And More\",\"description\":\"Private sightseeing tours and luxury transfers in Spain\",\"publisher\":{\"@id\":\"https:\/\/tourtravelandmore.com\/fr\/#organization\"},\"potentialAction\":[{\"@type\":\"SearchAction\",\"target\":{\"@type\":\"EntryPoint\",\"urlTemplate\":\"https:\/\/tourtravelandmore.com\/fr\/?s={search_term_string}\"},\"query-input\":{\"@type\":\"PropertyValueSpecification\",\"valueRequired\":true,\"valueName\":\"search_term_string\"}}],\"inLanguage\":\"fr-FR\"},{\"@type\":\"Organization\",\"@id\":\"https:\/\/tourtravelandmore.com\/fr\/#organization\",\"name\":\"Tour Travel And More\",\"url\":\"https:\/\/tourtravelandmore.com\/fr\/\",\"logo\":{\"@type\":\"ImageObject\",\"inLanguage\":\"fr-FR\",\"@id\":\"https:\/\/tourtravelandmore.com\/fr\/#\/schema\/logo\/image\/\",\"url\":\"https:\/\/tourtravelandmore.com\/wp-content\/uploads\/2022\/12\/cropped-logo-cabecera-new.png\",\"contentUrl\":\"https:\/\/tourtravelandmore.com\/wp-content\/uploads\/2022\/12\/cropped-logo-cabecera-new.png\",\"width\":430,\"height\":61,\"caption\":\"Tour Travel And More\"},\"image\":{\"@id\":\"https:\/\/tourtravelandmore.com\/fr\/#\/schema\/logo\/image\/\"},\"sameAs\":[\"https:\/\/www.facebook.com\/tourtravelandmore\/\",\"https:\/\/x.com\/TourTravel_More\"]}]}<\/script>\n<!-- \/ Yoast SEO Premium plugin. -->","yoast_head_json":{"title":"\u27a1\ufe0f Visite priv\u00e9e de la Galerie de l'Accademia | Tour Travel & More","description":"R\u00e9servez d\u00e8s maintenant cette visite priv\u00e9e de la Galerie de l'Accademia, ce sera une exp\u00e9rience priv\u00e9e luxueuse et inoubliable | Tour Travel & More \u2705","robots":{"index":"index","follow":"follow","max-snippet":"max-snippet:-1","max-image-preview":"max-image-preview:large","max-video-preview":"max-video-preview:-1"},"canonical":"https:\/\/tourtravelandmore.com\/fr\/tours\/italie-fr\/florence-fr\/all-private-tours-activities-fr\/visite-guidee-privee-de-la-galerie-de-lacademie\/","og_locale":"fr_FR","og_type":"article","og_title":"Visite guid\u00e9e priv\u00e9e de la galerie de l'Acad\u00e9mie","og_description":"R\u00e9servez d\u00e8s maintenant cette visite priv\u00e9e de la Galerie de l'Accademia, ce sera une exp\u00e9rience priv\u00e9e luxueuse et inoubliable | Tour Travel & More \u2705","og_url":"https:\/\/tourtravelandmore.com\/fr\/tours\/italie-fr\/florence-fr\/all-private-tours-activities-fr\/visite-guidee-privee-de-la-galerie-de-lacademie\/","og_site_name":"Tour Travel And More","article_publisher":"https:\/\/www.facebook.com\/tourtravelandmore\/","article_modified_time":"2023-11-24T17:44:15+00:00","og_image":[{"width":1024,"height":683,"url":"https:\/\/tourtravelandmore.com\/wp-content\/uploads\/2018\/02\/David_by_Michelangelo_in_The_Gallery_of_the_Accademia_di_Belle_Arti.jpg","type":"image\/jpeg"}],"twitter_card":"summary_large_image","twitter_site":"@TourTravel_More","twitter_misc":{"Dur\u00e9e de lecture estim\u00e9e":"3 minutes"},"schema":{"@context":"https:\/\/schema.org","@graph":[{"@type":"WebPage","@id":"https:\/\/tourtravelandmore.com\/fr\/tours\/italie-fr\/florence-fr\/all-private-tours-activities-fr\/visite-guidee-privee-de-la-galerie-de-lacademie\/","url":"https:\/\/tourtravelandmore.com\/fr\/tours\/italie-fr\/florence-fr\/all-private-tours-activities-fr\/visite-guidee-privee-de-la-galerie-de-lacademie\/","name":"\u27a1\ufe0f Visite priv\u00e9e de la Galerie de l'Accademia | Tour Travel & More","isPartOf":{"@id":"https:\/\/tourtravelandmore.com\/fr\/#website"},"primaryImageOfPage":{"@id":"https:\/\/tourtravelandmore.com\/fr\/tours\/italie-fr\/florence-fr\/all-private-tours-activities-fr\/visite-guidee-privee-de-la-galerie-de-lacademie\/#primaryimage"},"image":{"@id":"https:\/\/tourtravelandmore.com\/fr\/tours\/italie-fr\/florence-fr\/all-private-tours-activities-fr\/visite-guidee-privee-de-la-galerie-de-lacademie\/#primaryimage"},"thumbnailUrl":"https:\/\/tourtravelandmore.com\/wp-content\/uploads\/2018\/02\/David_by_Michelangelo_in_The_Gallery_of_the_Accademia_di_Belle_Arti.jpg","datePublished":"2018-02-13T13:03:39+00:00","dateModified":"2023-11-24T17:44:15+00:00","description":"R\u00e9servez d\u00e8s maintenant cette visite priv\u00e9e de la Galerie de l'Accademia, ce sera une exp\u00e9rience priv\u00e9e luxueuse et inoubliable | Tour Travel & More \u2705","breadcrumb":{"@id":"https:\/\/tourtravelandmore.com\/fr\/tours\/italie-fr\/florence-fr\/all-private-tours-activities-fr\/visite-guidee-privee-de-la-galerie-de-lacademie\/#breadcrumb"},"inLanguage":"fr-FR","potentialAction":[{"@type":"ReadAction","target":["https:\/\/tourtravelandmore.com\/fr\/tours\/italie-fr\/florence-fr\/all-private-tours-activities-fr\/visite-guidee-privee-de-la-galerie-de-lacademie\/"]}]},{"@type":"ImageObject","inLanguage":"fr-FR","@id":"https:\/\/tourtravelandmore.com\/fr\/tours\/italie-fr\/florence-fr\/all-private-tours-activities-fr\/visite-guidee-privee-de-la-galerie-de-lacademie\/#primaryimage","url":"https:\/\/tourtravelandmore.com\/wp-content\/uploads\/2018\/02\/David_by_Michelangelo_in_The_Gallery_of_the_Accademia_di_Belle_Arti.jpg","contentUrl":"https:\/\/tourtravelandmore.com\/wp-content\/uploads\/2018\/02\/David_by_Michelangelo_in_The_Gallery_of_the_Accademia_di_Belle_Arti.jpg","width":1024,"height":683},{"@type":"BreadcrumbList","@id":"https:\/\/tourtravelandmore.com\/fr\/tours\/italie-fr\/florence-fr\/all-private-tours-activities-fr\/visite-guidee-privee-de-la-galerie-de-lacademie\/#breadcrumb","itemListElement":[{"@type":"ListItem","position":1,"name":"Home","item":"https:\/\/tourtravelandmore.com\/fr\/"},{"@type":"ListItem","position":2,"name":"Tours","item":"https:\/\/tourtravelandmore.com\/fr\/tours\/"},{"@type":"ListItem","position":3,"name":"Visite guid\u00e9e priv\u00e9e de la galerie de l&#8217;Acad\u00e9mie"}]},{"@type":"WebSite","@id":"https:\/\/tourtravelandmore.com\/fr\/#website","url":"https:\/\/tourtravelandmore.com\/fr\/","name":"Tour Travel And More","description":"Private sightseeing tours and luxury transfers in Spain","publisher":{"@id":"https:\/\/tourtravelandmore.com\/fr\/#organization"},"potentialAction":[{"@type":"SearchAction","target":{"@type":"EntryPoint","urlTemplate":"https:\/\/tourtravelandmore.com\/fr\/?s={search_term_string}"},"query-input":{"@type":"PropertyValueSpecification","valueRequired":true,"valueName":"search_term_string"}}],"inLanguage":"fr-FR"},{"@type":"Organization","@id":"https:\/\/tourtravelandmore.com\/fr\/#organization","name":"Tour Travel And More","url":"https:\/\/tourtravelandmore.com\/fr\/","logo":{"@type":"ImageObject","inLanguage":"fr-FR","@id":"https:\/\/tourtravelandmore.com\/fr\/#\/schema\/logo\/image\/","url":"https:\/\/tourtravelandmore.com\/wp-content\/uploads\/2022\/12\/cropped-logo-cabecera-new.png","contentUrl":"https:\/\/tourtravelandmore.com\/wp-content\/uploads\/2022\/12\/cropped-logo-cabecera-new.png","width":430,"height":61,"caption":"Tour Travel And More"},"image":{"@id":"https:\/\/tourtravelandmore.com\/fr\/#\/schema\/logo\/image\/"},"sameAs":["https:\/\/www.facebook.com\/tourtravelandmore\/","https:\/\/x.com\/TourTravel_More"]}]}},"_links":{"self":[{"href":"https:\/\/tourtravelandmore.com\/fr\/wp-json\/wp\/v2\/product\/101477","targetHints":{"allow":["GET"]}}],"collection":[{"href":"https:\/\/tourtravelandmore.com\/fr\/wp-json\/wp\/v2\/product"}],"about":[{"href":"https:\/\/tourtravelandmore.com\/fr\/wp-json\/wp\/v2\/types\/product"}],"replies":[{"embeddable":true,"href":"https:\/\/tourtravelandmore.com\/fr\/wp-json\/wp\/v2\/comments?post=101477"}],"wp:featuredmedia":[{"embeddable":true,"href":"https:\/\/tourtravelandmore.com\/fr\/wp-json\/wp\/v2\/media\/94711"}],"wp:attachment":[{"href":"https:\/\/tourtravelandmore.com\/fr\/wp-json\/wp\/v2\/media?parent=101477"}],"wp:term":[{"taxonomy":"product_brand","embeddable":true,"href":"https:\/\/tourtravelandmore.com\/fr\/wp-json\/wp\/v2\/product_brand?post=101477"},{"taxonomy":"product_cat","embeddable":true,"href":"https:\/\/tourtravelandmore.com\/fr\/wp-json\/wp\/v2\/product_cat?post=101477"},{"taxonomy":"product_tag","embeddable":true,"href":"https:\/\/tourtravelandmore.com\/fr\/wp-json\/wp\/v2\/product_tag?post=101477"}],"curies":[{"name":"wp","href":"https:\/\/api.w.org\/{rel}","templated":true}]}}