{"id":101472,"date":"2018-02-13T11:25:47","date_gmt":"2018-02-13T10:25:47","guid":{"rendered":"https:\/\/tourtravelandmore.com\/tours\/non%20class\u00e9\/visite-privee-de-la-galerie-des-offices\/"},"modified":"2023-11-24T17:04:10","modified_gmt":"2023-11-24T16:04:10","slug":"visite-privee-de-la-galerie-des-offices","status":"publish","type":"product","link":"https:\/\/tourtravelandmore.com\/fr\/tours\/italie-fr\/florence-fr\/all-private-tours-activities-fr\/visite-privee-de-la-galerie-des-offices\/","title":{"rendered":"Visite priv\u00e9e de la galerie des Offices"},"content":{"rendered":"<h2><b>Description de la visite priv\u00e9e de la Galerie des Offices<\/b><\/h2>\n<p><span style=\"font-weight: 400;\">Profitez du mus\u00e9e le plus embl\u00e9matique de Florence lors de cette visite priv\u00e9e de la Galerie des Offices. Votre guide officiel priv\u00e9 vous fera d\u00e9couvrir l&#8217;histoire et les secrets de l&#8217;un des mus\u00e9es les plus visit\u00e9s d&#8217;Italie.<\/span><\/p>\n<p><span style=\"font-weight: 400;\">Florence est la capitale de la r\u00e9gion de la Toscane, et a \u00e9t\u00e9 le lieu principal de toutes les nouvelles \u00e9tapes de l&#8217;art en Italie. L&#8217;art et la cr\u00e9ativit\u00e9 sont pr\u00e9sents dans chaque rue et coin de rue, ainsi que dans les nombreuses \u00e9glises, mus\u00e9es et monuments. Vous marcherez aux c\u00f4t\u00e9s d&#8217;un guide officiel priv\u00e9, qui vous \u00e9clairera sur les secrets et l&#8217;histoire de cette ville \u00e9tonnante.<\/span><\/p>\n<p><span style=\"font-weight: 400;\">Florence a \u00e9t\u00e9 d\u00e9clar\u00e9e patrimoine mondial de l&#8217;UNESCO en 1982, car elle est consid\u00e9r\u00e9e comme le berceau de la Renaissance.<\/span><\/p>\n<p><span style=\"font-weight: 400;\">La Galerie des Offices est connue pour \u00eatre le meilleur mus\u00e9e du monde en mati\u00e8re de peintures de la Renaissance. La galerie \u00e9tait ouverte aux visiteurs au XVIe si\u00e8cle et en 1765, elle a \u00e9t\u00e9 officiellement ouverte au public en tant que mus\u00e9e.<\/span><\/p>\n<p><span style=\"font-weight: 400;\">Admirez l&#8217;art de la Renaissance avec un expert lors de cette visite priv\u00e9e de la Galerie des Offices. L&#8217;entr\u00e9e de la galerie en ligne est incluse dans le prix de la visite.<\/span><\/p>\n<p><span style=\"font-weight: 400;\">Si vous le pr\u00e9f\u00e9rez, nous pouvons ajouter des heures suppl\u00e9mentaires au circuit afin que vous puissiez \u00e9galement visiter les lieux les plus importants de Florence. Cette visite priv\u00e9e est enti\u00e8rement personnalis\u00e9e, donc s&#8217;il y a quelque chose que vous souhaitez changer, faites-le nous savoir.<\/span><\/p>\n<h2><b>Visite priv\u00e9e de la Galerie des Offices (Highlights of the Uffizi Gallery)<\/b><\/h2>\n<p><span style=\"font-weight: 400;\">Tout d&#8217;abord, vous rencontrerez votre guide officiel \u00e0 l&#8217;entr\u00e9e principale de la Galerie des Offices ou \u00e0 votre h\u00f4tel si vous \u00eates \u00e0 proximit\u00e9. Votre guide priv\u00e9 aura les billets d&#8217;entr\u00e9e, vous n&#8217;aurez donc \u00e0 vous soucier de rien.<\/span><\/p>\n<p><span style=\"font-weight: 400;\">Au cours de cette visite priv\u00e9e \u00e0 pied, vous d\u00e9couvrirez tous les secrets et l&#8217;histoire qu&#8217;abritent les Uffizi. Vous apprendrez comment et pourquoi le mus\u00e9e, construit par Giorgio Vasari en 1560 pour un autre usage, est devenu la Galerie des Offices.<\/span><\/p>\n<p><span style=\"font-weight: 400;\">Entre autres, vous pourrez voir et apprendre la signification des peintures des meilleurs artistes de la Renaissance tels que: <\/span><b>Giotto, <\/b><b>Filippo Lippi (professeur de Boticelli), <\/b><b>Leonardo Da Vinci (&#8220;publicit\u00e9&#8221; peinte alors qu&#8217;il n&#8217;avait que 20 ans), <\/b><b>Michelangelo (le &#8220;Tondo Doni&#8221;), <\/b><b>Rafael,<\/b><b>Tithian<\/b><\/p>\n<p><span style=\"font-weight: 400;\">\u00c0 la fin de la visite, votre guide priv\u00e9 vous d\u00e9posera \u00e0 l&#8217;entr\u00e9e principale de la galerie. Si vous souhaitez tout de m\u00eame visiter la galerie par vous-m\u00eame, votre guide officiel peut vous d\u00e9poser \u00e0 l&#8217;int\u00e9rieur.<\/span><\/p>\n<p><span style=\"font-weight: 400;\">La Galerie des Offices est un must pour les amateurs d&#8217;art. La Galerie est l&#8217;un des mus\u00e9es les plus visit\u00e9s d&#8217;Italie avec les Mus\u00e9es du Vatican.<\/span><\/p>\n<p><span style=\"font-weight: 400;\">Cette visite priv\u00e9e a une dur\u00e9e de 3 heures, o\u00f9 votre guide priv\u00e9 sera \u00e0 votre disposition. Comme nous l&#8217;avons d\u00e9j\u00e0 mentionn\u00e9, nous pouvons organiser la dur\u00e9e exacte de la visite en fonction de vos besoins personnels.<\/span><\/p>\n<p><span style=\"font-weight: 400;\">Nous proposons \u00e9galement des visites priv\u00e9es de la galerie de l&#8217;Accademia si vous souhaitez \u00e9galement la visiter. Jetez un coup d&#8217;\u0153il \u00e0 notre <\/span><a href=\"https:\/\/tourtravelandmore.com\/fr\/tours\/italie-fr\/florence-fr\/all-private-tours-activities-fr\/visite-guidee-privee-de-la-galerie-de-lacademie\/\"><span style=\"font-weight: 400;\">visite guid\u00e9e priv\u00e9e de la galerie de l&#8217;Accademia<\/span><\/a><span style=\"font-weight: 400;\"> avec un guide officiel.<\/span><\/p>\n","protected":false},"excerpt":{"rendered":"<p><span style=\"font-weight: 400;\">Tour Travel &amp; More propose une visite priv\u00e9e de 2 heures de la Galerie des Offices. La visite est men\u00e9e par un guide exp\u00e9riment\u00e9 et comp\u00e9tent qui vous fera d\u00e9couvrir les peintures, sculptures et \u00e9l\u00e9ments architecturaux les plus importants du mus\u00e9e. La visite comprend l&#8217;entr\u00e9e au mus\u00e9e et constitue une excellente exp\u00e9rience pour toute personne int\u00e9ress\u00e9e par l&#8217;histoire de l&#8217;art.<\/span><\/p>\n","protected":false},"featured_media":94709,"comment_status":"open","ping_status":"closed","template":"","meta":{"_acf_changed":false},"product_brand":[],"product_cat":[3697,3702,3705],"product_tag":[],"class_list":{"0":"post-101472","1":"product","2":"type-product","3":"status-publish","4":"has-post-thumbnail","6":"product_cat-florence-fr","7":"product_cat-all-private-tours-activities-fr","8":"product_cat-private-walking-tours-fr","10":"first","11":"instock","12":"shipping-taxable","13":"purchasable","14":"product-type-simple"},"acf":[],"yoast_head":"<!-- This site is optimized with the Yoast SEO Premium plugin v25.3.1 (Yoast SEO v25.3.1) - https:\/\/yoast.com\/wordpress\/plugins\/seo\/ -->\n<title>\u27a1\ufe0f Visite priv\u00e9e de la Galerie des Offices | Tour Travel &amp; More<\/title>\n<meta name=\"description\" content=\"R\u00e9servez maintenant cette visite priv\u00e9e de la Galerie des Offices, ce sera une exp\u00e9rience inimaginable, vous apprendrez \u00e0 conna\u00eetre les auteurs et leurs \u0153uvres les plus remarquables de l&#039;histoire de l&#039;art \u2705.\" \/>\n<meta name=\"robots\" content=\"index, follow, max-snippet:-1, max-image-preview:large, max-video-preview:-1\" \/>\n<link rel=\"canonical\" href=\"https:\/\/tourtravelandmore.com\/fr\/tours\/italie-fr\/florence-fr\/all-private-tours-activities-fr\/visite-privee-de-la-galerie-des-offices\/\" \/>\n<meta property=\"og:locale\" content=\"fr_FR\" \/>\n<meta property=\"og:type\" content=\"article\" \/>\n<meta property=\"og:title\" content=\"Visite priv\u00e9e de la galerie des Offices\" \/>\n<meta property=\"og:description\" content=\"R\u00e9servez maintenant cette visite priv\u00e9e de la Galerie des Offices, ce sera une exp\u00e9rience inimaginable, vous apprendrez \u00e0 conna\u00eetre les auteurs et leurs \u0153uvres les plus remarquables de l&#039;histoire de l&#039;art \u2705.\" \/>\n<meta property=\"og:url\" content=\"https:\/\/tourtravelandmore.com\/fr\/tours\/italie-fr\/florence-fr\/all-private-tours-activities-fr\/visite-privee-de-la-galerie-des-offices\/\" \/>\n<meta property=\"og:site_name\" content=\"Tour Travel And More\" \/>\n<meta property=\"article:publisher\" content=\"https:\/\/www.facebook.com\/tourtravelandmore\/\" \/>\n<meta property=\"article:modified_time\" content=\"2023-11-24T16:04:10+00:00\" \/>\n<meta property=\"og:image\" content=\"https:\/\/tourtravelandmore.com\/wp-content\/uploads\/2018\/02\/uffizi-fienze-XC94U1GL.jpg\" \/>\n\t<meta property=\"og:image:width\" content=\"859\" \/>\n\t<meta property=\"og:image:height\" content=\"559\" \/>\n\t<meta property=\"og:image:type\" content=\"image\/jpeg\" \/>\n<meta name=\"twitter:card\" content=\"summary_large_image\" \/>\n<meta name=\"twitter:site\" content=\"@TourTravel_More\" \/>\n<meta name=\"twitter:label1\" content=\"Dur\u00e9e de lecture estim\u00e9e\" \/>\n\t<meta name=\"twitter:data1\" content=\"3 minutes\" \/>\n<script type=\"application\/ld+json\" class=\"yoast-schema-graph\">{\"@context\":\"https:\/\/schema.org\",\"@graph\":[{\"@type\":\"WebPage\",\"@id\":\"https:\/\/tourtravelandmore.com\/fr\/tours\/italie-fr\/florence-fr\/all-private-tours-activities-fr\/visite-privee-de-la-galerie-des-offices\/\",\"url\":\"https:\/\/tourtravelandmore.com\/fr\/tours\/italie-fr\/florence-fr\/all-private-tours-activities-fr\/visite-privee-de-la-galerie-des-offices\/\",\"name\":\"\u27a1\ufe0f Visite priv\u00e9e de la Galerie des Offices | Tour Travel & More\",\"isPartOf\":{\"@id\":\"https:\/\/tourtravelandmore.com\/fr\/#website\"},\"primaryImageOfPage\":{\"@id\":\"https:\/\/tourtravelandmore.com\/fr\/tours\/italie-fr\/florence-fr\/all-private-tours-activities-fr\/visite-privee-de-la-galerie-des-offices\/#primaryimage\"},\"image\":{\"@id\":\"https:\/\/tourtravelandmore.com\/fr\/tours\/italie-fr\/florence-fr\/all-private-tours-activities-fr\/visite-privee-de-la-galerie-des-offices\/#primaryimage\"},\"thumbnailUrl\":\"https:\/\/tourtravelandmore.com\/wp-content\/uploads\/2018\/02\/uffizi-fienze-XC94U1GL.jpg\",\"datePublished\":\"2018-02-13T10:25:47+00:00\",\"dateModified\":\"2023-11-24T16:04:10+00:00\",\"description\":\"R\u00e9servez maintenant cette visite priv\u00e9e de la Galerie des Offices, ce sera une exp\u00e9rience inimaginable, vous apprendrez \u00e0 conna\u00eetre les auteurs et leurs \u0153uvres les plus remarquables de l'histoire de l'art \u2705.\",\"breadcrumb\":{\"@id\":\"https:\/\/tourtravelandmore.com\/fr\/tours\/italie-fr\/florence-fr\/all-private-tours-activities-fr\/visite-privee-de-la-galerie-des-offices\/#breadcrumb\"},\"inLanguage\":\"fr-FR\",\"potentialAction\":[{\"@type\":\"ReadAction\",\"target\":[\"https:\/\/tourtravelandmore.com\/fr\/tours\/italie-fr\/florence-fr\/all-private-tours-activities-fr\/visite-privee-de-la-galerie-des-offices\/\"]}]},{\"@type\":\"ImageObject\",\"inLanguage\":\"fr-FR\",\"@id\":\"https:\/\/tourtravelandmore.com\/fr\/tours\/italie-fr\/florence-fr\/all-private-tours-activities-fr\/visite-privee-de-la-galerie-des-offices\/#primaryimage\",\"url\":\"https:\/\/tourtravelandmore.com\/wp-content\/uploads\/2018\/02\/uffizi-fienze-XC94U1GL.jpg\",\"contentUrl\":\"https:\/\/tourtravelandmore.com\/wp-content\/uploads\/2018\/02\/uffizi-fienze-XC94U1GL.jpg\",\"width\":859,\"height\":559},{\"@type\":\"BreadcrumbList\",\"@id\":\"https:\/\/tourtravelandmore.com\/fr\/tours\/italie-fr\/florence-fr\/all-private-tours-activities-fr\/visite-privee-de-la-galerie-des-offices\/#breadcrumb\",\"itemListElement\":[{\"@type\":\"ListItem\",\"position\":1,\"name\":\"Home\",\"item\":\"https:\/\/tourtravelandmore.com\/fr\/\"},{\"@type\":\"ListItem\",\"position\":2,\"name\":\"Tours\",\"item\":\"https:\/\/tourtravelandmore.com\/fr\/tours\/\"},{\"@type\":\"ListItem\",\"position\":3,\"name\":\"Visite priv\u00e9e de la galerie des Offices\"}]},{\"@type\":\"WebSite\",\"@id\":\"https:\/\/tourtravelandmore.com\/fr\/#website\",\"url\":\"https:\/\/tourtravelandmore.com\/fr\/\",\"name\":\"Tour Travel And More\",\"description\":\"Private sightseeing tours and luxury transfers in Spain\",\"publisher\":{\"@id\":\"https:\/\/tourtravelandmore.com\/fr\/#organization\"},\"potentialAction\":[{\"@type\":\"SearchAction\",\"target\":{\"@type\":\"EntryPoint\",\"urlTemplate\":\"https:\/\/tourtravelandmore.com\/fr\/?s={search_term_string}\"},\"query-input\":{\"@type\":\"PropertyValueSpecification\",\"valueRequired\":true,\"valueName\":\"search_term_string\"}}],\"inLanguage\":\"fr-FR\"},{\"@type\":\"Organization\",\"@id\":\"https:\/\/tourtravelandmore.com\/fr\/#organization\",\"name\":\"Tour Travel And More\",\"url\":\"https:\/\/tourtravelandmore.com\/fr\/\",\"logo\":{\"@type\":\"ImageObject\",\"inLanguage\":\"fr-FR\",\"@id\":\"https:\/\/tourtravelandmore.com\/fr\/#\/schema\/logo\/image\/\",\"url\":\"https:\/\/tourtravelandmore.com\/wp-content\/uploads\/2022\/12\/cropped-logo-cabecera-new.png\",\"contentUrl\":\"https:\/\/tourtravelandmore.com\/wp-content\/uploads\/2022\/12\/cropped-logo-cabecera-new.png\",\"width\":430,\"height\":61,\"caption\":\"Tour Travel And More\"},\"image\":{\"@id\":\"https:\/\/tourtravelandmore.com\/fr\/#\/schema\/logo\/image\/\"},\"sameAs\":[\"https:\/\/www.facebook.com\/tourtravelandmore\/\",\"https:\/\/x.com\/TourTravel_More\"]}]}<\/script>\n<!-- \/ Yoast SEO Premium plugin. -->","yoast_head_json":{"title":"\u27a1\ufe0f Visite priv\u00e9e de la Galerie des Offices | Tour Travel & More","description":"R\u00e9servez maintenant cette visite priv\u00e9e de la Galerie des Offices, ce sera une exp\u00e9rience inimaginable, vous apprendrez \u00e0 conna\u00eetre les auteurs et leurs \u0153uvres les plus remarquables de l'histoire de l'art \u2705.","robots":{"index":"index","follow":"follow","max-snippet":"max-snippet:-1","max-image-preview":"max-image-preview:large","max-video-preview":"max-video-preview:-1"},"canonical":"https:\/\/tourtravelandmore.com\/fr\/tours\/italie-fr\/florence-fr\/all-private-tours-activities-fr\/visite-privee-de-la-galerie-des-offices\/","og_locale":"fr_FR","og_type":"article","og_title":"Visite priv\u00e9e de la galerie des Offices","og_description":"R\u00e9servez maintenant cette visite priv\u00e9e de la Galerie des Offices, ce sera une exp\u00e9rience inimaginable, vous apprendrez \u00e0 conna\u00eetre les auteurs et leurs \u0153uvres les plus remarquables de l'histoire de l'art \u2705.","og_url":"https:\/\/tourtravelandmore.com\/fr\/tours\/italie-fr\/florence-fr\/all-private-tours-activities-fr\/visite-privee-de-la-galerie-des-offices\/","og_site_name":"Tour Travel And More","article_publisher":"https:\/\/www.facebook.com\/tourtravelandmore\/","article_modified_time":"2023-11-24T16:04:10+00:00","og_image":[{"width":859,"height":559,"url":"https:\/\/tourtravelandmore.com\/wp-content\/uploads\/2018\/02\/uffizi-fienze-XC94U1GL.jpg","type":"image\/jpeg"}],"twitter_card":"summary_large_image","twitter_site":"@TourTravel_More","twitter_misc":{"Dur\u00e9e de lecture estim\u00e9e":"3 minutes"},"schema":{"@context":"https:\/\/schema.org","@graph":[{"@type":"WebPage","@id":"https:\/\/tourtravelandmore.com\/fr\/tours\/italie-fr\/florence-fr\/all-private-tours-activities-fr\/visite-privee-de-la-galerie-des-offices\/","url":"https:\/\/tourtravelandmore.com\/fr\/tours\/italie-fr\/florence-fr\/all-private-tours-activities-fr\/visite-privee-de-la-galerie-des-offices\/","name":"\u27a1\ufe0f Visite priv\u00e9e de la Galerie des Offices | Tour Travel & More","isPartOf":{"@id":"https:\/\/tourtravelandmore.com\/fr\/#website"},"primaryImageOfPage":{"@id":"https:\/\/tourtravelandmore.com\/fr\/tours\/italie-fr\/florence-fr\/all-private-tours-activities-fr\/visite-privee-de-la-galerie-des-offices\/#primaryimage"},"image":{"@id":"https:\/\/tourtravelandmore.com\/fr\/tours\/italie-fr\/florence-fr\/all-private-tours-activities-fr\/visite-privee-de-la-galerie-des-offices\/#primaryimage"},"thumbnailUrl":"https:\/\/tourtravelandmore.com\/wp-content\/uploads\/2018\/02\/uffizi-fienze-XC94U1GL.jpg","datePublished":"2018-02-13T10:25:47+00:00","dateModified":"2023-11-24T16:04:10+00:00","description":"R\u00e9servez maintenant cette visite priv\u00e9e de la Galerie des Offices, ce sera une exp\u00e9rience inimaginable, vous apprendrez \u00e0 conna\u00eetre les auteurs et leurs \u0153uvres les plus remarquables de l'histoire de l'art \u2705.","breadcrumb":{"@id":"https:\/\/tourtravelandmore.com\/fr\/tours\/italie-fr\/florence-fr\/all-private-tours-activities-fr\/visite-privee-de-la-galerie-des-offices\/#breadcrumb"},"inLanguage":"fr-FR","potentialAction":[{"@type":"ReadAction","target":["https:\/\/tourtravelandmore.com\/fr\/tours\/italie-fr\/florence-fr\/all-private-tours-activities-fr\/visite-privee-de-la-galerie-des-offices\/"]}]},{"@type":"ImageObject","inLanguage":"fr-FR","@id":"https:\/\/tourtravelandmore.com\/fr\/tours\/italie-fr\/florence-fr\/all-private-tours-activities-fr\/visite-privee-de-la-galerie-des-offices\/#primaryimage","url":"https:\/\/tourtravelandmore.com\/wp-content\/uploads\/2018\/02\/uffizi-fienze-XC94U1GL.jpg","contentUrl":"https:\/\/tourtravelandmore.com\/wp-content\/uploads\/2018\/02\/uffizi-fienze-XC94U1GL.jpg","width":859,"height":559},{"@type":"BreadcrumbList","@id":"https:\/\/tourtravelandmore.com\/fr\/tours\/italie-fr\/florence-fr\/all-private-tours-activities-fr\/visite-privee-de-la-galerie-des-offices\/#breadcrumb","itemListElement":[{"@type":"ListItem","position":1,"name":"Home","item":"https:\/\/tourtravelandmore.com\/fr\/"},{"@type":"ListItem","position":2,"name":"Tours","item":"https:\/\/tourtravelandmore.com\/fr\/tours\/"},{"@type":"ListItem","position":3,"name":"Visite priv\u00e9e de la galerie des Offices"}]},{"@type":"WebSite","@id":"https:\/\/tourtravelandmore.com\/fr\/#website","url":"https:\/\/tourtravelandmore.com\/fr\/","name":"Tour Travel And More","description":"Private sightseeing tours and luxury transfers in Spain","publisher":{"@id":"https:\/\/tourtravelandmore.com\/fr\/#organization"},"potentialAction":[{"@type":"SearchAction","target":{"@type":"EntryPoint","urlTemplate":"https:\/\/tourtravelandmore.com\/fr\/?s={search_term_string}"},"query-input":{"@type":"PropertyValueSpecification","valueRequired":true,"valueName":"search_term_string"}}],"inLanguage":"fr-FR"},{"@type":"Organization","@id":"https:\/\/tourtravelandmore.com\/fr\/#organization","name":"Tour Travel And More","url":"https:\/\/tourtravelandmore.com\/fr\/","logo":{"@type":"ImageObject","inLanguage":"fr-FR","@id":"https:\/\/tourtravelandmore.com\/fr\/#\/schema\/logo\/image\/","url":"https:\/\/tourtravelandmore.com\/wp-content\/uploads\/2022\/12\/cropped-logo-cabecera-new.png","contentUrl":"https:\/\/tourtravelandmore.com\/wp-content\/uploads\/2022\/12\/cropped-logo-cabecera-new.png","width":430,"height":61,"caption":"Tour Travel And More"},"image":{"@id":"https:\/\/tourtravelandmore.com\/fr\/#\/schema\/logo\/image\/"},"sameAs":["https:\/\/www.facebook.com\/tourtravelandmore\/","https:\/\/x.com\/TourTravel_More"]}]}},"_links":{"self":[{"href":"https:\/\/tourtravelandmore.com\/fr\/wp-json\/wp\/v2\/product\/101472","targetHints":{"allow":["GET"]}}],"collection":[{"href":"https:\/\/tourtravelandmore.com\/fr\/wp-json\/wp\/v2\/product"}],"about":[{"href":"https:\/\/tourtravelandmore.com\/fr\/wp-json\/wp\/v2\/types\/product"}],"replies":[{"embeddable":true,"href":"https:\/\/tourtravelandmore.com\/fr\/wp-json\/wp\/v2\/comments?post=101472"}],"wp:featuredmedia":[{"embeddable":true,"href":"https:\/\/tourtravelandmore.com\/fr\/wp-json\/wp\/v2\/media\/94709"}],"wp:attachment":[{"href":"https:\/\/tourtravelandmore.com\/fr\/wp-json\/wp\/v2\/media?parent=101472"}],"wp:term":[{"taxonomy":"product_brand","embeddable":true,"href":"https:\/\/tourtravelandmore.com\/fr\/wp-json\/wp\/v2\/product_brand?post=101472"},{"taxonomy":"product_cat","embeddable":true,"href":"https:\/\/tourtravelandmore.com\/fr\/wp-json\/wp\/v2\/product_cat?post=101472"},{"taxonomy":"product_tag","embeddable":true,"href":"https:\/\/tourtravelandmore.com\/fr\/wp-json\/wp\/v2\/product_tag?post=101472"}],"curies":[{"name":"wp","href":"https:\/\/api.w.org\/{rel}","templated":true}]}}