{"id":101467,"date":"2018-01-31T14:03:22","date_gmt":"2018-01-31T13:03:22","guid":{"rendered":"https:\/\/tourtravelandmore.com\/tours\/non%20class\u00e9\/visite-privee-des-catacombes-de-san-callisto\/"},"modified":"2024-08-21T17:51:10","modified_gmt":"2024-08-21T15:51:10","slug":"visite-privee-des-catacombes-de-san-callisto","status":"publish","type":"product","link":"https:\/\/tourtravelandmore.com\/fr\/tours\/italie-fr\/rome-fr\/visite-privee-des-catacombes-de-san-callisto\/","title":{"rendered":"Visite priv\u00e9e des catacombes de San Callisto"},"content":{"rendered":"<h2>Description<\/h2>\n<p>Profitez de cette occasion pour visiter les catacombes de San Callisto avec cette visite priv\u00e9e \u00e0 Rome confortable dans votre v\u00e9hicule de luxe priv\u00e9.<\/p>\n<p>Rome est la capitale de l&#8217;Italie et de la r\u00e9gion du Latium. La ville est situ\u00e9e dans la partie centre-ouest de la p\u00e9ninsule italienne le long des rives du Tibre.<\/p>\n<p>Apprenez \u00e0 conna\u00eetre le c\u00f4t\u00e9 souterrain de Rome lors de cette visite priv\u00e9e, o\u00f9 vous visiterez d&#8217;anciennes \u00e9glises des 4\u00e8me et 5\u00e8me si\u00e8cles. Pendant quelques ann\u00e9es, le christianisme a \u00e9t\u00e9 interdit \u00e0 Rome, c&#8217;est pourquoi ils ont \u00e9t\u00e9 contraints d&#8217;enterrer leurs familiers hors des murs de Rome et d&#8217;y faire leurs rituels religieux.<\/p>\n<p>Les catacombes de San Callisto ont \u00e9t\u00e9 le premier cimeti\u00e8re de la communaut\u00e9 romaine. \u00c0 partir du 5\u00e8me si\u00e8cle, les catacombes sont devenues obsol\u00e8tes, c&#8217;est pourquoi les chr\u00e9tiens ont commenc\u00e9 \u00e0 enterrer \u00e0 la surface.<\/p>\n<p>Nous viendrons vous chercher \u00e0 votre h\u00f4tel ou lieu de votre choix \u00e0 Rome et votre chauffeur priv\u00e9, accompagn\u00e9 de votre guide officiel, vous emm\u00e8nera dans une visite priv\u00e9e du m\u00e9tro de Rome, o\u00f9 vous d\u00e9couvrirez certains des sites les plus historiques. de la ville.<\/p>\n<p>Il s&#8217;agit d&#8217;une exp\u00e9rience compl\u00e8te d&#8217;une demi-journ\u00e9e \u00e0 Rome que vous pourrez personnaliser selon vos propres besoins. Une autre excursion d&#8217;une demi-journ\u00e9e bas\u00e9e sur des sites historiques est notre visite priv\u00e9e d&#8217;Ostia Antica au d\u00e9part de Rome, jetez un coup d&#8217;\u0153il !.<\/p>\n<h2>Sites d&#8217;int\u00e9r\u00eat et points de rep\u00e8re<\/h2>\n<p>Tout d&#8217;abord, votre chauffeur priv\u00e9 et votre guide officiel viendront vous chercher \u00e0 votre h\u00f4tel ou lieu de votre choix \u00e0 Rome \u00e0 l&#8217;heure souhait\u00e9e. Vous pourrez profiter et admirer la grande architecture et les sites touristiques des monuments les plus importants et les plus connus de Rome.<\/p>\n<p>Deuxi\u00e8mement, vous pourrez visiter la crypte, o\u00f9 plusieurs des premiers papes ont \u00e9t\u00e9 enterr\u00e9s. En raison du grand nombre de saints qui y sont enterr\u00e9s, les catacombes de San Callisto sont un site de p\u00e9r\u00e9grination.<\/p>\n<p>Troisi\u00e8mement, vous visiterez une partie des anciennes galeries qui abritent plus d&#8217;un million de tombes. La partie la plus ancienne nous emm\u00e8ne \u00e0 travers les cryptes de Lucina et Santa Cecilia.<\/p>\n<p>Enfin, pendant que votre chauffeur et votre guide vous ram\u00e8neront \u00e0 votre h\u00f4tel \u00e0 Rome, vous profiterez \u00e9galement d&#8217;une visite panoramique de la belle ville de Rome.<\/p>\n<p>La visite priv\u00e9e a une dur\u00e9e de 4 heures entre le moment de la prise en charge et le moment du d\u00e9p\u00f4t \u00e0 votre h\u00f4tel ou lieu de votre choix \u00e0 Rome. Entr\u00e9e coupe-file aux catacombes de Rome incluse dans le prix de cette visite priv\u00e9e. Si vous souhaitez visiter un autre monument \u00e0 Rome, n&#8217;h\u00e9sitez pas \u00e0 nous contacter.<\/p>\n","protected":false},"excerpt":{"rendered":"<p>Apprenez \u00e0 conna\u00eetre la face cach\u00e9e de l&#8217;une des villes les plus populaires d&#8217;Italie dans cette exp\u00e9rience avec votre propre guide officiel priv\u00e9 et dans votre propre v\u00e9hicule de luxe priv\u00e9. Contactez-nous et vous pourrez personnaliser votre propre exp\u00e9rience.<\/p>\n","protected":false},"featured_media":97858,"comment_status":"open","ping_status":"closed","template":"","meta":{"_acf_changed":false},"product_brand":[],"product_cat":[5424,5428,3550],"product_tag":[],"class_list":{"0":"post-101467","1":"product","2":"type-product","3":"status-publish","4":"has-post-thumbnail","6":"product_cat-all-private-tours-activities-fr-32","7":"product_cat-private-sightseeing-tours-fr-41","8":"product_cat-rome-fr","10":"first","11":"instock","12":"shipping-taxable","13":"purchasable","14":"product-type-simple"},"acf":[],"yoast_head":"<!-- This site is optimized with the Yoast SEO Premium plugin v25.3.1 (Yoast SEO v25.3.1) - https:\/\/yoast.com\/wordpress\/plugins\/seo\/ -->\n<title>Visite priv\u00e9e des catacombes de San Callisto \u00e0 Rome avec guide officiel<\/title>\n<meta name=\"description\" content=\"Apprenez \u00e0 conna\u00eetre le c\u00f4t\u00e9 souterrain de Rome. Visitez, avec un guide priv\u00e9 et un chauffeur, les spectaculaires catacombes de &quot;San Callisto&quot;. Billet d&#039;entr\u00e9e inclus.\" \/>\n<meta name=\"robots\" content=\"index, follow, max-snippet:-1, max-image-preview:large, max-video-preview:-1\" \/>\n<link rel=\"canonical\" href=\"https:\/\/tourtravelandmore.com\/fr\/tours\/italie-fr\/rome-fr\/visite-privee-des-catacombes-de-san-callisto\/\" \/>\n<meta property=\"og:locale\" content=\"fr_FR\" \/>\n<meta property=\"og:type\" content=\"article\" \/>\n<meta property=\"og:title\" content=\"Visite priv\u00e9e des catacombes de San Callisto\" \/>\n<meta property=\"og:description\" content=\"Apprenez \u00e0 conna\u00eetre le c\u00f4t\u00e9 souterrain de Rome. Visitez, avec un guide priv\u00e9 et un chauffeur, les spectaculaires catacombes de &quot;San Callisto&quot;. Billet d&#039;entr\u00e9e inclus.\" \/>\n<meta property=\"og:url\" content=\"https:\/\/tourtravelandmore.com\/fr\/tours\/italie-fr\/rome-fr\/visite-privee-des-catacombes-de-san-callisto\/\" \/>\n<meta property=\"og:site_name\" content=\"Tour Travel And More\" \/>\n<meta property=\"article:publisher\" content=\"https:\/\/www.facebook.com\/tourtravelandmore\/\" \/>\n<meta property=\"article:modified_time\" content=\"2024-08-21T15:51:10+00:00\" \/>\n<meta property=\"og:image\" content=\"https:\/\/tourtravelandmore.com\/wp-content\/uploads\/2018\/01\/catacombe-3-1024x726.jpg\" \/>\n\t<meta property=\"og:image:width\" content=\"1024\" \/>\n\t<meta property=\"og:image:height\" content=\"726\" \/>\n\t<meta property=\"og:image:type\" content=\"image\/jpeg\" \/>\n<meta name=\"twitter:card\" content=\"summary_large_image\" \/>\n<meta name=\"twitter:site\" content=\"@TourTravel_More\" \/>\n<meta name=\"twitter:label1\" content=\"Dur\u00e9e de lecture estim\u00e9e\" \/>\n\t<meta name=\"twitter:data1\" content=\"2 minutes\" \/>\n<script type=\"application\/ld+json\" class=\"yoast-schema-graph\">{\"@context\":\"https:\/\/schema.org\",\"@graph\":[{\"@type\":\"WebPage\",\"@id\":\"https:\/\/tourtravelandmore.com\/fr\/tours\/italie-fr\/rome-fr\/visite-privee-des-catacombes-de-san-callisto\/\",\"url\":\"https:\/\/tourtravelandmore.com\/fr\/tours\/italie-fr\/rome-fr\/visite-privee-des-catacombes-de-san-callisto\/\",\"name\":\"Visite priv\u00e9e des catacombes de San Callisto \u00e0 Rome avec guide officiel\",\"isPartOf\":{\"@id\":\"https:\/\/tourtravelandmore.com\/fr\/#website\"},\"primaryImageOfPage\":{\"@id\":\"https:\/\/tourtravelandmore.com\/fr\/tours\/italie-fr\/rome-fr\/visite-privee-des-catacombes-de-san-callisto\/#primaryimage\"},\"image\":{\"@id\":\"https:\/\/tourtravelandmore.com\/fr\/tours\/italie-fr\/rome-fr\/visite-privee-des-catacombes-de-san-callisto\/#primaryimage\"},\"thumbnailUrl\":\"https:\/\/tourtravelandmore.com\/wp-content\/uploads\/2018\/01\/catacombe-3.jpg\",\"datePublished\":\"2018-01-31T13:03:22+00:00\",\"dateModified\":\"2024-08-21T15:51:10+00:00\",\"description\":\"Apprenez \u00e0 conna\u00eetre le c\u00f4t\u00e9 souterrain de Rome. Visitez, avec un guide priv\u00e9 et un chauffeur, les spectaculaires catacombes de \\\"San Callisto\\\". Billet d'entr\u00e9e inclus.\",\"breadcrumb\":{\"@id\":\"https:\/\/tourtravelandmore.com\/fr\/tours\/italie-fr\/rome-fr\/visite-privee-des-catacombes-de-san-callisto\/#breadcrumb\"},\"inLanguage\":\"fr-FR\",\"potentialAction\":[{\"@type\":\"ReadAction\",\"target\":[\"https:\/\/tourtravelandmore.com\/fr\/tours\/italie-fr\/rome-fr\/visite-privee-des-catacombes-de-san-callisto\/\"]}]},{\"@type\":\"ImageObject\",\"inLanguage\":\"fr-FR\",\"@id\":\"https:\/\/tourtravelandmore.com\/fr\/tours\/italie-fr\/rome-fr\/visite-privee-des-catacombes-de-san-callisto\/#primaryimage\",\"url\":\"https:\/\/tourtravelandmore.com\/wp-content\/uploads\/2018\/01\/catacombe-3.jpg\",\"contentUrl\":\"https:\/\/tourtravelandmore.com\/wp-content\/uploads\/2018\/01\/catacombe-3.jpg\",\"width\":2553,\"height\":1811,\"caption\":\"OLYMPUS DIGITAL CAMERA\"},{\"@type\":\"BreadcrumbList\",\"@id\":\"https:\/\/tourtravelandmore.com\/fr\/tours\/italie-fr\/rome-fr\/visite-privee-des-catacombes-de-san-callisto\/#breadcrumb\",\"itemListElement\":[{\"@type\":\"ListItem\",\"position\":1,\"name\":\"Home\",\"item\":\"https:\/\/tourtravelandmore.com\/fr\/\"},{\"@type\":\"ListItem\",\"position\":2,\"name\":\"Tours\",\"item\":\"https:\/\/tourtravelandmore.com\/fr\/tours\/\"},{\"@type\":\"ListItem\",\"position\":3,\"name\":\"Visite priv\u00e9e des catacombes de San Callisto\"}]},{\"@type\":\"WebSite\",\"@id\":\"https:\/\/tourtravelandmore.com\/fr\/#website\",\"url\":\"https:\/\/tourtravelandmore.com\/fr\/\",\"name\":\"Tour Travel And More\",\"description\":\"Private sightseeing tours and luxury transfers in Spain\",\"publisher\":{\"@id\":\"https:\/\/tourtravelandmore.com\/fr\/#organization\"},\"potentialAction\":[{\"@type\":\"SearchAction\",\"target\":{\"@type\":\"EntryPoint\",\"urlTemplate\":\"https:\/\/tourtravelandmore.com\/fr\/?s={search_term_string}\"},\"query-input\":{\"@type\":\"PropertyValueSpecification\",\"valueRequired\":true,\"valueName\":\"search_term_string\"}}],\"inLanguage\":\"fr-FR\"},{\"@type\":\"Organization\",\"@id\":\"https:\/\/tourtravelandmore.com\/fr\/#organization\",\"name\":\"Tour Travel And More\",\"url\":\"https:\/\/tourtravelandmore.com\/fr\/\",\"logo\":{\"@type\":\"ImageObject\",\"inLanguage\":\"fr-FR\",\"@id\":\"https:\/\/tourtravelandmore.com\/fr\/#\/schema\/logo\/image\/\",\"url\":\"https:\/\/tourtravelandmore.com\/wp-content\/uploads\/2022\/12\/cropped-logo-cabecera-new.png\",\"contentUrl\":\"https:\/\/tourtravelandmore.com\/wp-content\/uploads\/2022\/12\/cropped-logo-cabecera-new.png\",\"width\":430,\"height\":61,\"caption\":\"Tour Travel And More\"},\"image\":{\"@id\":\"https:\/\/tourtravelandmore.com\/fr\/#\/schema\/logo\/image\/\"},\"sameAs\":[\"https:\/\/www.facebook.com\/tourtravelandmore\/\",\"https:\/\/x.com\/TourTravel_More\"]}]}<\/script>\n<!-- \/ Yoast SEO Premium plugin. -->","yoast_head_json":{"title":"Visite priv\u00e9e des catacombes de San Callisto \u00e0 Rome avec guide officiel","description":"Apprenez \u00e0 conna\u00eetre le c\u00f4t\u00e9 souterrain de Rome. Visitez, avec un guide priv\u00e9 et un chauffeur, les spectaculaires catacombes de \"San Callisto\". Billet d'entr\u00e9e inclus.","robots":{"index":"index","follow":"follow","max-snippet":"max-snippet:-1","max-image-preview":"max-image-preview:large","max-video-preview":"max-video-preview:-1"},"canonical":"https:\/\/tourtravelandmore.com\/fr\/tours\/italie-fr\/rome-fr\/visite-privee-des-catacombes-de-san-callisto\/","og_locale":"fr_FR","og_type":"article","og_title":"Visite priv\u00e9e des catacombes de San Callisto","og_description":"Apprenez \u00e0 conna\u00eetre le c\u00f4t\u00e9 souterrain de Rome. Visitez, avec un guide priv\u00e9 et un chauffeur, les spectaculaires catacombes de \"San Callisto\". Billet d'entr\u00e9e inclus.","og_url":"https:\/\/tourtravelandmore.com\/fr\/tours\/italie-fr\/rome-fr\/visite-privee-des-catacombes-de-san-callisto\/","og_site_name":"Tour Travel And More","article_publisher":"https:\/\/www.facebook.com\/tourtravelandmore\/","article_modified_time":"2024-08-21T15:51:10+00:00","og_image":[{"width":1024,"height":726,"url":"https:\/\/tourtravelandmore.com\/wp-content\/uploads\/2018\/01\/catacombe-3-1024x726.jpg","type":"image\/jpeg"}],"twitter_card":"summary_large_image","twitter_site":"@TourTravel_More","twitter_misc":{"Dur\u00e9e de lecture estim\u00e9e":"2 minutes"},"schema":{"@context":"https:\/\/schema.org","@graph":[{"@type":"WebPage","@id":"https:\/\/tourtravelandmore.com\/fr\/tours\/italie-fr\/rome-fr\/visite-privee-des-catacombes-de-san-callisto\/","url":"https:\/\/tourtravelandmore.com\/fr\/tours\/italie-fr\/rome-fr\/visite-privee-des-catacombes-de-san-callisto\/","name":"Visite priv\u00e9e des catacombes de San Callisto \u00e0 Rome avec guide officiel","isPartOf":{"@id":"https:\/\/tourtravelandmore.com\/fr\/#website"},"primaryImageOfPage":{"@id":"https:\/\/tourtravelandmore.com\/fr\/tours\/italie-fr\/rome-fr\/visite-privee-des-catacombes-de-san-callisto\/#primaryimage"},"image":{"@id":"https:\/\/tourtravelandmore.com\/fr\/tours\/italie-fr\/rome-fr\/visite-privee-des-catacombes-de-san-callisto\/#primaryimage"},"thumbnailUrl":"https:\/\/tourtravelandmore.com\/wp-content\/uploads\/2018\/01\/catacombe-3.jpg","datePublished":"2018-01-31T13:03:22+00:00","dateModified":"2024-08-21T15:51:10+00:00","description":"Apprenez \u00e0 conna\u00eetre le c\u00f4t\u00e9 souterrain de Rome. Visitez, avec un guide priv\u00e9 et un chauffeur, les spectaculaires catacombes de \"San Callisto\". Billet d'entr\u00e9e inclus.","breadcrumb":{"@id":"https:\/\/tourtravelandmore.com\/fr\/tours\/italie-fr\/rome-fr\/visite-privee-des-catacombes-de-san-callisto\/#breadcrumb"},"inLanguage":"fr-FR","potentialAction":[{"@type":"ReadAction","target":["https:\/\/tourtravelandmore.com\/fr\/tours\/italie-fr\/rome-fr\/visite-privee-des-catacombes-de-san-callisto\/"]}]},{"@type":"ImageObject","inLanguage":"fr-FR","@id":"https:\/\/tourtravelandmore.com\/fr\/tours\/italie-fr\/rome-fr\/visite-privee-des-catacombes-de-san-callisto\/#primaryimage","url":"https:\/\/tourtravelandmore.com\/wp-content\/uploads\/2018\/01\/catacombe-3.jpg","contentUrl":"https:\/\/tourtravelandmore.com\/wp-content\/uploads\/2018\/01\/catacombe-3.jpg","width":2553,"height":1811,"caption":"OLYMPUS DIGITAL CAMERA"},{"@type":"BreadcrumbList","@id":"https:\/\/tourtravelandmore.com\/fr\/tours\/italie-fr\/rome-fr\/visite-privee-des-catacombes-de-san-callisto\/#breadcrumb","itemListElement":[{"@type":"ListItem","position":1,"name":"Home","item":"https:\/\/tourtravelandmore.com\/fr\/"},{"@type":"ListItem","position":2,"name":"Tours","item":"https:\/\/tourtravelandmore.com\/fr\/tours\/"},{"@type":"ListItem","position":3,"name":"Visite priv\u00e9e des catacombes de San Callisto"}]},{"@type":"WebSite","@id":"https:\/\/tourtravelandmore.com\/fr\/#website","url":"https:\/\/tourtravelandmore.com\/fr\/","name":"Tour Travel And More","description":"Private sightseeing tours and luxury transfers in Spain","publisher":{"@id":"https:\/\/tourtravelandmore.com\/fr\/#organization"},"potentialAction":[{"@type":"SearchAction","target":{"@type":"EntryPoint","urlTemplate":"https:\/\/tourtravelandmore.com\/fr\/?s={search_term_string}"},"query-input":{"@type":"PropertyValueSpecification","valueRequired":true,"valueName":"search_term_string"}}],"inLanguage":"fr-FR"},{"@type":"Organization","@id":"https:\/\/tourtravelandmore.com\/fr\/#organization","name":"Tour Travel And More","url":"https:\/\/tourtravelandmore.com\/fr\/","logo":{"@type":"ImageObject","inLanguage":"fr-FR","@id":"https:\/\/tourtravelandmore.com\/fr\/#\/schema\/logo\/image\/","url":"https:\/\/tourtravelandmore.com\/wp-content\/uploads\/2022\/12\/cropped-logo-cabecera-new.png","contentUrl":"https:\/\/tourtravelandmore.com\/wp-content\/uploads\/2022\/12\/cropped-logo-cabecera-new.png","width":430,"height":61,"caption":"Tour Travel And More"},"image":{"@id":"https:\/\/tourtravelandmore.com\/fr\/#\/schema\/logo\/image\/"},"sameAs":["https:\/\/www.facebook.com\/tourtravelandmore\/","https:\/\/x.com\/TourTravel_More"]}]}},"_links":{"self":[{"href":"https:\/\/tourtravelandmore.com\/fr\/wp-json\/wp\/v2\/product\/101467","targetHints":{"allow":["GET"]}}],"collection":[{"href":"https:\/\/tourtravelandmore.com\/fr\/wp-json\/wp\/v2\/product"}],"about":[{"href":"https:\/\/tourtravelandmore.com\/fr\/wp-json\/wp\/v2\/types\/product"}],"replies":[{"embeddable":true,"href":"https:\/\/tourtravelandmore.com\/fr\/wp-json\/wp\/v2\/comments?post=101467"}],"wp:featuredmedia":[{"embeddable":true,"href":"https:\/\/tourtravelandmore.com\/fr\/wp-json\/wp\/v2\/media\/97858"}],"wp:attachment":[{"href":"https:\/\/tourtravelandmore.com\/fr\/wp-json\/wp\/v2\/media?parent=101467"}],"wp:term":[{"taxonomy":"product_brand","embeddable":true,"href":"https:\/\/tourtravelandmore.com\/fr\/wp-json\/wp\/v2\/product_brand?post=101467"},{"taxonomy":"product_cat","embeddable":true,"href":"https:\/\/tourtravelandmore.com\/fr\/wp-json\/wp\/v2\/product_cat?post=101467"},{"taxonomy":"product_tag","embeddable":true,"href":"https:\/\/tourtravelandmore.com\/fr\/wp-json\/wp\/v2\/product_tag?post=101467"}],"curies":[{"name":"wp","href":"https:\/\/api.w.org\/{rel}","templated":true}]}}