{"id":101466,"date":"2017-01-18T10:59:04","date_gmt":"2017-01-18T09:59:04","guid":{"rendered":"https:\/\/tourtravelandmore.com\/tours\/non%20class\u00e9\/visite-a-pied-de-rome-visite-privee-de-3-heures\/"},"modified":"2024-08-21T17:49:50","modified_gmt":"2024-08-21T15:49:50","slug":"visite-a-pied-de-rome-visite-privee-de-3-heures","status":"publish","type":"product","link":"https:\/\/tourtravelandmore.com\/fr\/tours\/italie-fr\/rome-fr\/visite-a-pied-de-rome-visite-privee-de-3-heures\/","title":{"rendered":"Visite \u00e0 pied de Rome &#8211; Visite priv\u00e9e de 3 heures"},"content":{"rendered":"<h2>Description<\/h2>\n<p>Profitez de cette visite priv\u00e9e \u00e0 pied de Rome avec votre guide officiel et d\u00e9couvrez les sites les plus embl\u00e9matiques de Rome.<\/p>\n<p>Saisissez cette opportunit\u00e9 et d\u00e9couvrez certains des lieux les plus importants et embl\u00e9matiques de Rome lors de cette visite priv\u00e9e \u00e0 pied.<\/p>\n<p>Votre guide officiel priv\u00e9 vous montrera et vous \u00e9clairera avec certains des sites les plus repr\u00e9sentatifs et historiques de la merveilleuse ville de Rome, qui a plus de 2760 d&#8217;existence. Cette visite est enti\u00e8rement adaptable \u00e0 ce que vous voulez voir \u00e0 Rome, n&#8217;h\u00e9sitez pas \u00e0 nous contacter.<\/p>\n<p>Rome est la capitale de l&#8217;Italie et c&#8217;est la plus grande commune et la quatri\u00e8me ville la plus peupl\u00e9e de l&#8217;Union europ\u00e9enne. Il y a plus de 2,9 millions d&#8217;habitants dans la ville. La ville est situ\u00e9e dans la partie centre-ouest de la p\u00e9ninsule italienne le long des rives du Tibre.<\/p>\n<p>Rome est un lieu unique \u00e0 visiter avec plus de deux mille cinq cents ans d&#8217;histoire. Rome a maintenant le statut de ville mondiale et est class\u00e9e parmi les 14 villes les plus visit\u00e9es au monde.<\/p>\n<p>Toute notre \u00e9quipe de Tour Travel &amp; More est pr\u00eate \u00e0 vous aider \u00e0 organiser vos prochaines vacances \u00e0 Rome, il vous suffit de nous contacter !.<\/p>\n<h2>Sites d&#8217;int\u00e9r\u00eat et points de rep\u00e8re<\/h2>\n<p>Votre guide officiel viendra vous chercher \u00e0 votre h\u00f4tel situ\u00e9 au centre (sinon nous organiserons un point de rendez-vous central) \u00e0 l&#8217;heure de votre choix afin de commencer cette visite \u00e0 pied de Rome.<\/p>\n<p>Au cours de cette visite priv\u00e9e \u00e0 pied, vous d\u00e9couvrirez certains des endroits les plus repr\u00e9sentatifs du centre-ville de Rome. Entre autres monuments et sites touristiques, vous pouvez apprendre \u00e0 conna\u00eetre:<\/p>\n<ul>\n<li>Fontaine de Trevi (la fontaine la plus importante d&#8217;Italie)<\/li>\n<li>Place d&#8217;Espagne (situ\u00e9e sur la Piazza di Spagna)<\/li>\n<li>Place Navona (cette place est l&#8217;un des espaces urbains les plus remarquables)<\/li>\n<li>Panth\u00e9on (consid\u00e9r\u00e9 comme l&#8217;une des 7 merveilles architecturales du monde)<\/li>\n<li>Piazza di Spagna (l&#8217;une des places les plus embl\u00e9matiques de Rome)<\/li>\n<li>Piazza dell P\u00f3polo (situ\u00e9 au pied de la Villa Borghese)<\/li>\n<li>Villa Borghese (est un jardin paysager dans le centre de Rome o\u00f9 se trouve la galerie Borgh\u00e8se. Si vous souhaitez visiter la galerie, jetez un \u0153il \u00e0 notre visite priv\u00e9e \u00e0 pied de 3 heures de la galerie Borgh\u00e8se!)<\/li>\n<li>Palais Farn\u00e8se (ext\u00e9rieur)<\/li>\n<li>\u00c9glise Saint-Ignace<\/li>\n<li>\u00c9glise et place Sainte-Marie Sopra Minerva<\/li>\n<li>Place Pietra<\/li>\n<li>Campo Dei Fiori (un beau march\u00e9 de fruits et l\u00e9gumes)<\/li>\n<li>Place Colonna<\/li>\n<li>Beaucoup plus!<\/li>\n<\/ul>\n<p>Si vous souhaitez visiter un monument ou un lieu en particulier \u00e0 Rome, n&#8217;h\u00e9sitez pas \u00e0 nous le demander, nous pouvons organiser un acc\u00e8s coupe-file \u00e0 n&#8217;importe quel monument de Rome pour vous et votre groupe.<\/p>\n<p>Cette visite \u00e0 pied de Rome a une dur\u00e9e de 3 heures du d\u00e9but \u00e0 l&#8217;heure de retour. Il est possible d&#8217;organiser une dur\u00e9e plus ou moins longue de la visite, n&#8217;h\u00e9sitez pas \u00e0 nous contacter.<\/p>\n","protected":false},"excerpt":{"rendered":"<p>Apprenez \u00e0 conna\u00eetre la magnifique Piazza Spagna et ses escaliers tr\u00e8s c\u00e9l\u00e8bres, la Fontana di Trevi, le Panth\u00e9on et de nombreux autres sites historiques de la ville romaine avec cette visite priv\u00e9e \u00e0 pied de Rome.<\/p>\n","protected":false},"featured_media":94637,"comment_status":"open","ping_status":"closed","template":"","meta":{"_acf_changed":false},"product_brand":[],"product_cat":[5424,5426,5425,3550],"product_tag":[],"class_list":{"0":"post-101466","1":"product","2":"type-product","3":"status-publish","4":"has-post-thumbnail","6":"product_cat-all-private-tours-activities-fr-32","7":"product_cat-best-sellers-fr-4","8":"product_cat-private-walking-tours-fr-18","9":"product_cat-rome-fr","11":"first","12":"instock","13":"shipping-taxable","14":"purchasable","15":"product-type-simple"},"acf":[],"yoast_head":"<!-- This site is optimized with the Yoast SEO Premium plugin v25.3.1 (Yoast SEO v25.3.1) - https:\/\/yoast.com\/wordpress\/plugins\/seo\/ -->\n<title>Visite priv\u00e9e \u00e0 pied de 3 heures de Rome avec guide officiel<\/title>\n<meta name=\"description\" content=\"Profitez de cette visite priv\u00e9e \u00e0 pied de Rome avec votre guide officiel, qui vous montrera les lieux les plus repr\u00e9sentatifs de la vieille ville romaine.\" \/>\n<meta name=\"robots\" content=\"index, follow, max-snippet:-1, max-image-preview:large, max-video-preview:-1\" \/>\n<link rel=\"canonical\" href=\"https:\/\/tourtravelandmore.com\/fr\/tours\/italie-fr\/rome-fr\/visite-a-pied-de-rome-visite-privee-de-3-heures\/\" \/>\n<meta property=\"og:locale\" content=\"fr_FR\" \/>\n<meta property=\"og:type\" content=\"article\" \/>\n<meta property=\"og:title\" content=\"Visite \u00e0 pied de Rome - Visite priv\u00e9e de 3 heures\" \/>\n<meta property=\"og:description\" content=\"Profitez de cette visite priv\u00e9e \u00e0 pied de Rome avec votre guide officiel, qui vous montrera les lieux les plus repr\u00e9sentatifs de la vieille ville romaine.\" \/>\n<meta property=\"og:url\" content=\"https:\/\/tourtravelandmore.com\/fr\/tours\/italie-fr\/rome-fr\/visite-a-pied-de-rome-visite-privee-de-3-heures\/\" \/>\n<meta property=\"og:site_name\" content=\"Tour Travel And More\" \/>\n<meta property=\"article:publisher\" content=\"https:\/\/www.facebook.com\/tourtravelandmore\/\" \/>\n<meta property=\"article:modified_time\" content=\"2024-08-21T15:49:50+00:00\" \/>\n<meta property=\"og:image\" content=\"https:\/\/tourtravelandmore.com\/wp-content\/uploads\/2017\/01\/pantheon-roma.jpg\" \/>\n\t<meta property=\"og:image:width\" content=\"1200\" \/>\n\t<meta property=\"og:image:height\" content=\"600\" \/>\n\t<meta property=\"og:image:type\" content=\"image\/jpeg\" \/>\n<meta name=\"twitter:card\" content=\"summary_large_image\" \/>\n<meta name=\"twitter:site\" content=\"@TourTravel_More\" \/>\n<meta name=\"twitter:label1\" content=\"Dur\u00e9e de lecture estim\u00e9e\" \/>\n\t<meta name=\"twitter:data1\" content=\"2 minutes\" \/>\n<script type=\"application\/ld+json\" class=\"yoast-schema-graph\">{\"@context\":\"https:\/\/schema.org\",\"@graph\":[{\"@type\":\"WebPage\",\"@id\":\"https:\/\/tourtravelandmore.com\/fr\/tours\/italie-fr\/rome-fr\/visite-a-pied-de-rome-visite-privee-de-3-heures\/\",\"url\":\"https:\/\/tourtravelandmore.com\/fr\/tours\/italie-fr\/rome-fr\/visite-a-pied-de-rome-visite-privee-de-3-heures\/\",\"name\":\"Visite priv\u00e9e \u00e0 pied de 3 heures de Rome avec guide officiel\",\"isPartOf\":{\"@id\":\"https:\/\/tourtravelandmore.com\/fr\/#website\"},\"primaryImageOfPage\":{\"@id\":\"https:\/\/tourtravelandmore.com\/fr\/tours\/italie-fr\/rome-fr\/visite-a-pied-de-rome-visite-privee-de-3-heures\/#primaryimage\"},\"image\":{\"@id\":\"https:\/\/tourtravelandmore.com\/fr\/tours\/italie-fr\/rome-fr\/visite-a-pied-de-rome-visite-privee-de-3-heures\/#primaryimage\"},\"thumbnailUrl\":\"https:\/\/tourtravelandmore.com\/wp-content\/uploads\/2017\/01\/pantheon-roma.jpg\",\"datePublished\":\"2017-01-18T09:59:04+00:00\",\"dateModified\":\"2024-08-21T15:49:50+00:00\",\"description\":\"Profitez de cette visite priv\u00e9e \u00e0 pied de Rome avec votre guide officiel, qui vous montrera les lieux les plus repr\u00e9sentatifs de la vieille ville romaine.\",\"breadcrumb\":{\"@id\":\"https:\/\/tourtravelandmore.com\/fr\/tours\/italie-fr\/rome-fr\/visite-a-pied-de-rome-visite-privee-de-3-heures\/#breadcrumb\"},\"inLanguage\":\"fr-FR\",\"potentialAction\":[{\"@type\":\"ReadAction\",\"target\":[\"https:\/\/tourtravelandmore.com\/fr\/tours\/italie-fr\/rome-fr\/visite-a-pied-de-rome-visite-privee-de-3-heures\/\"]}]},{\"@type\":\"ImageObject\",\"inLanguage\":\"fr-FR\",\"@id\":\"https:\/\/tourtravelandmore.com\/fr\/tours\/italie-fr\/rome-fr\/visite-a-pied-de-rome-visite-privee-de-3-heures\/#primaryimage\",\"url\":\"https:\/\/tourtravelandmore.com\/wp-content\/uploads\/2017\/01\/pantheon-roma.jpg\",\"contentUrl\":\"https:\/\/tourtravelandmore.com\/wp-content\/uploads\/2017\/01\/pantheon-roma.jpg\",\"width\":1200,\"height\":600},{\"@type\":\"BreadcrumbList\",\"@id\":\"https:\/\/tourtravelandmore.com\/fr\/tours\/italie-fr\/rome-fr\/visite-a-pied-de-rome-visite-privee-de-3-heures\/#breadcrumb\",\"itemListElement\":[{\"@type\":\"ListItem\",\"position\":1,\"name\":\"Home\",\"item\":\"https:\/\/tourtravelandmore.com\/fr\/\"},{\"@type\":\"ListItem\",\"position\":2,\"name\":\"Tours\",\"item\":\"https:\/\/tourtravelandmore.com\/fr\/tours\/\"},{\"@type\":\"ListItem\",\"position\":3,\"name\":\"Visite \u00e0 pied de Rome &#8211; Visite priv\u00e9e de 3 heures\"}]},{\"@type\":\"WebSite\",\"@id\":\"https:\/\/tourtravelandmore.com\/fr\/#website\",\"url\":\"https:\/\/tourtravelandmore.com\/fr\/\",\"name\":\"Tour Travel And More\",\"description\":\"Private sightseeing tours and luxury transfers in Spain\",\"publisher\":{\"@id\":\"https:\/\/tourtravelandmore.com\/fr\/#organization\"},\"potentialAction\":[{\"@type\":\"SearchAction\",\"target\":{\"@type\":\"EntryPoint\",\"urlTemplate\":\"https:\/\/tourtravelandmore.com\/fr\/?s={search_term_string}\"},\"query-input\":{\"@type\":\"PropertyValueSpecification\",\"valueRequired\":true,\"valueName\":\"search_term_string\"}}],\"inLanguage\":\"fr-FR\"},{\"@type\":\"Organization\",\"@id\":\"https:\/\/tourtravelandmore.com\/fr\/#organization\",\"name\":\"Tour Travel And More\",\"url\":\"https:\/\/tourtravelandmore.com\/fr\/\",\"logo\":{\"@type\":\"ImageObject\",\"inLanguage\":\"fr-FR\",\"@id\":\"https:\/\/tourtravelandmore.com\/fr\/#\/schema\/logo\/image\/\",\"url\":\"https:\/\/tourtravelandmore.com\/wp-content\/uploads\/2022\/12\/cropped-logo-cabecera-new.png\",\"contentUrl\":\"https:\/\/tourtravelandmore.com\/wp-content\/uploads\/2022\/12\/cropped-logo-cabecera-new.png\",\"width\":430,\"height\":61,\"caption\":\"Tour Travel And More\"},\"image\":{\"@id\":\"https:\/\/tourtravelandmore.com\/fr\/#\/schema\/logo\/image\/\"},\"sameAs\":[\"https:\/\/www.facebook.com\/tourtravelandmore\/\",\"https:\/\/x.com\/TourTravel_More\"]}]}<\/script>\n<!-- \/ Yoast SEO Premium plugin. -->","yoast_head_json":{"title":"Visite priv\u00e9e \u00e0 pied de 3 heures de Rome avec guide officiel","description":"Profitez de cette visite priv\u00e9e \u00e0 pied de Rome avec votre guide officiel, qui vous montrera les lieux les plus repr\u00e9sentatifs de la vieille ville romaine.","robots":{"index":"index","follow":"follow","max-snippet":"max-snippet:-1","max-image-preview":"max-image-preview:large","max-video-preview":"max-video-preview:-1"},"canonical":"https:\/\/tourtravelandmore.com\/fr\/tours\/italie-fr\/rome-fr\/visite-a-pied-de-rome-visite-privee-de-3-heures\/","og_locale":"fr_FR","og_type":"article","og_title":"Visite \u00e0 pied de Rome - Visite priv\u00e9e de 3 heures","og_description":"Profitez de cette visite priv\u00e9e \u00e0 pied de Rome avec votre guide officiel, qui vous montrera les lieux les plus repr\u00e9sentatifs de la vieille ville romaine.","og_url":"https:\/\/tourtravelandmore.com\/fr\/tours\/italie-fr\/rome-fr\/visite-a-pied-de-rome-visite-privee-de-3-heures\/","og_site_name":"Tour Travel And More","article_publisher":"https:\/\/www.facebook.com\/tourtravelandmore\/","article_modified_time":"2024-08-21T15:49:50+00:00","og_image":[{"width":1200,"height":600,"url":"https:\/\/tourtravelandmore.com\/wp-content\/uploads\/2017\/01\/pantheon-roma.jpg","type":"image\/jpeg"}],"twitter_card":"summary_large_image","twitter_site":"@TourTravel_More","twitter_misc":{"Dur\u00e9e de lecture estim\u00e9e":"2 minutes"},"schema":{"@context":"https:\/\/schema.org","@graph":[{"@type":"WebPage","@id":"https:\/\/tourtravelandmore.com\/fr\/tours\/italie-fr\/rome-fr\/visite-a-pied-de-rome-visite-privee-de-3-heures\/","url":"https:\/\/tourtravelandmore.com\/fr\/tours\/italie-fr\/rome-fr\/visite-a-pied-de-rome-visite-privee-de-3-heures\/","name":"Visite priv\u00e9e \u00e0 pied de 3 heures de Rome avec guide officiel","isPartOf":{"@id":"https:\/\/tourtravelandmore.com\/fr\/#website"},"primaryImageOfPage":{"@id":"https:\/\/tourtravelandmore.com\/fr\/tours\/italie-fr\/rome-fr\/visite-a-pied-de-rome-visite-privee-de-3-heures\/#primaryimage"},"image":{"@id":"https:\/\/tourtravelandmore.com\/fr\/tours\/italie-fr\/rome-fr\/visite-a-pied-de-rome-visite-privee-de-3-heures\/#primaryimage"},"thumbnailUrl":"https:\/\/tourtravelandmore.com\/wp-content\/uploads\/2017\/01\/pantheon-roma.jpg","datePublished":"2017-01-18T09:59:04+00:00","dateModified":"2024-08-21T15:49:50+00:00","description":"Profitez de cette visite priv\u00e9e \u00e0 pied de Rome avec votre guide officiel, qui vous montrera les lieux les plus repr\u00e9sentatifs de la vieille ville romaine.","breadcrumb":{"@id":"https:\/\/tourtravelandmore.com\/fr\/tours\/italie-fr\/rome-fr\/visite-a-pied-de-rome-visite-privee-de-3-heures\/#breadcrumb"},"inLanguage":"fr-FR","potentialAction":[{"@type":"ReadAction","target":["https:\/\/tourtravelandmore.com\/fr\/tours\/italie-fr\/rome-fr\/visite-a-pied-de-rome-visite-privee-de-3-heures\/"]}]},{"@type":"ImageObject","inLanguage":"fr-FR","@id":"https:\/\/tourtravelandmore.com\/fr\/tours\/italie-fr\/rome-fr\/visite-a-pied-de-rome-visite-privee-de-3-heures\/#primaryimage","url":"https:\/\/tourtravelandmore.com\/wp-content\/uploads\/2017\/01\/pantheon-roma.jpg","contentUrl":"https:\/\/tourtravelandmore.com\/wp-content\/uploads\/2017\/01\/pantheon-roma.jpg","width":1200,"height":600},{"@type":"BreadcrumbList","@id":"https:\/\/tourtravelandmore.com\/fr\/tours\/italie-fr\/rome-fr\/visite-a-pied-de-rome-visite-privee-de-3-heures\/#breadcrumb","itemListElement":[{"@type":"ListItem","position":1,"name":"Home","item":"https:\/\/tourtravelandmore.com\/fr\/"},{"@type":"ListItem","position":2,"name":"Tours","item":"https:\/\/tourtravelandmore.com\/fr\/tours\/"},{"@type":"ListItem","position":3,"name":"Visite \u00e0 pied de Rome &#8211; Visite priv\u00e9e de 3 heures"}]},{"@type":"WebSite","@id":"https:\/\/tourtravelandmore.com\/fr\/#website","url":"https:\/\/tourtravelandmore.com\/fr\/","name":"Tour Travel And More","description":"Private sightseeing tours and luxury transfers in Spain","publisher":{"@id":"https:\/\/tourtravelandmore.com\/fr\/#organization"},"potentialAction":[{"@type":"SearchAction","target":{"@type":"EntryPoint","urlTemplate":"https:\/\/tourtravelandmore.com\/fr\/?s={search_term_string}"},"query-input":{"@type":"PropertyValueSpecification","valueRequired":true,"valueName":"search_term_string"}}],"inLanguage":"fr-FR"},{"@type":"Organization","@id":"https:\/\/tourtravelandmore.com\/fr\/#organization","name":"Tour Travel And More","url":"https:\/\/tourtravelandmore.com\/fr\/","logo":{"@type":"ImageObject","inLanguage":"fr-FR","@id":"https:\/\/tourtravelandmore.com\/fr\/#\/schema\/logo\/image\/","url":"https:\/\/tourtravelandmore.com\/wp-content\/uploads\/2022\/12\/cropped-logo-cabecera-new.png","contentUrl":"https:\/\/tourtravelandmore.com\/wp-content\/uploads\/2022\/12\/cropped-logo-cabecera-new.png","width":430,"height":61,"caption":"Tour Travel And More"},"image":{"@id":"https:\/\/tourtravelandmore.com\/fr\/#\/schema\/logo\/image\/"},"sameAs":["https:\/\/www.facebook.com\/tourtravelandmore\/","https:\/\/x.com\/TourTravel_More"]}]}},"_links":{"self":[{"href":"https:\/\/tourtravelandmore.com\/fr\/wp-json\/wp\/v2\/product\/101466","targetHints":{"allow":["GET"]}}],"collection":[{"href":"https:\/\/tourtravelandmore.com\/fr\/wp-json\/wp\/v2\/product"}],"about":[{"href":"https:\/\/tourtravelandmore.com\/fr\/wp-json\/wp\/v2\/types\/product"}],"replies":[{"embeddable":true,"href":"https:\/\/tourtravelandmore.com\/fr\/wp-json\/wp\/v2\/comments?post=101466"}],"wp:featuredmedia":[{"embeddable":true,"href":"https:\/\/tourtravelandmore.com\/fr\/wp-json\/wp\/v2\/media\/94637"}],"wp:attachment":[{"href":"https:\/\/tourtravelandmore.com\/fr\/wp-json\/wp\/v2\/media?parent=101466"}],"wp:term":[{"taxonomy":"product_brand","embeddable":true,"href":"https:\/\/tourtravelandmore.com\/fr\/wp-json\/wp\/v2\/product_brand?post=101466"},{"taxonomy":"product_cat","embeddable":true,"href":"https:\/\/tourtravelandmore.com\/fr\/wp-json\/wp\/v2\/product_cat?post=101466"},{"taxonomy":"product_tag","embeddable":true,"href":"https:\/\/tourtravelandmore.com\/fr\/wp-json\/wp\/v2\/product_tag?post=101466"}],"curies":[{"name":"wp","href":"https:\/\/api.w.org\/{rel}","templated":true}]}}