{"id":101461,"date":"2017-01-18T10:53:03","date_gmt":"2017-01-18T09:53:03","guid":{"rendered":"https:\/\/tourtravelandmore.com\/tours\/non%20class\u00e9\/visite-privee-de-la-cite-du-vatican-avec-billets-coupe-file\/"},"modified":"2024-08-21T17:50:08","modified_gmt":"2024-08-21T15:50:08","slug":"visite-privee-de-la-cite-du-vatican-avec-billets-coupe-file","status":"publish","type":"product","link":"https:\/\/tourtravelandmore.com\/fr\/tours\/italie-fr\/rome-fr\/visite-privee-de-la-cite-du-vatican-avec-billets-coupe-file\/","title":{"rendered":"Visite priv\u00e9e de la Cit\u00e9 du Vatican avec billets coupe-file"},"content":{"rendered":"<h2>Description<\/h2>\n<p>Profitez de cette visite priv\u00e9e de la Cit\u00e9 du Vatican avec votre guide officiel qui vous montrera tous les coins et lieux de la Cit\u00e9 du Vatican.<\/p>\n<p>Nous viendrons vous chercher \u00e0 votre h\u00f4tel ou lieu de votre choix \u00e0 Rome et votre chauffeur priv\u00e9 avec votre guide officiel vous conduira \u00e0 la Cit\u00e9 du Vatican.<\/p>\n<p>La Cit\u00e9 du Vatican est le centre spirituel de tous les catholiques du monde. Il a \u00e9t\u00e9 d\u00e9clar\u00e9 \u00c9tat en 1929 et environ 1000 personnes vivent dans la Cit\u00e9 du Vatican, qui travaillent sur ses mus\u00e9es et ses installations.<\/p>\n<p>Vatican c&#8217;est la r\u00e9sidence du Papa et c&#8217;est un tr\u00e9sor d&#8217;architecture et d&#8217;art embl\u00e9matique.<\/p>\n<p>La chapelle Sixtine est la chapelle du palais apostolique du Vatican et son toit a \u00e9t\u00e9 peint par le c\u00e9l\u00e8bre Michel-Ange.<\/p>\n<p>Si vous \u00eates int\u00e9ress\u00e9 par une autre fa\u00e7on de visiter la Cit\u00e9 du Vatican (visite \u00e0 pied) ou tout autre endroit de Rome, n&#8217;h\u00e9sitez pas \u00e0 nous contacter.<\/p>\n<h2>Sites d&#8217;int\u00e9r\u00eat et points de rep\u00e8re<\/h2>\n<p>Au cours de cette visite priv\u00e9e de la Cit\u00e9 du Vatican, vous d\u00e9couvrirez les lieux les plus embl\u00e9matiques et les plus repr\u00e9sentatifs de ce lieu historique. L&#8217;entr\u00e9e g\u00e9n\u00e9rale de la Cit\u00e9 du Vatican est incluse dans le prix de cette visite priv\u00e9e.<\/p>\n<p>Votre exp\u00e9rience priv\u00e9e commencera \u00e0 l&#8217;heure souhait\u00e9e dans le hall de votre h\u00f4tel ou du lieu de votre choix \u00e0 Rome lorsque votre chauffeur priv\u00e9 et votre guide officiel viendront vous chercher dans un v\u00e9hicule de luxe.<\/p>\n<p>En fonction de l&#8217;heure de d\u00e9but de la visite, vous visiterez d&#8217;abord les mus\u00e9es du Vatican ou la basilique Saint-Pierre. Votre guide priv\u00e9 sera \u00e0 votre enti\u00e8re disposition pendant la visite de 4 heures.<\/p>\n<p>Entre autres monuments et sites touristiques, vous pouvez apprendre \u00e0 conna\u00eetre:<\/p>\n<ul>\n<li>Galeries du Vatican (il y a cinq galeries au Vatican: la galerie lapidaire, la nouvelle aile du mus\u00e9e<\/li>\n<li>Chiaramonti, la galerie des cand\u00e9labres, la galerie des tapisseries et la galerie des cartes).<\/li>\n<li>Place Saint-Pierre (situ\u00e9e en face de la basilique Saint-Pierre)<\/li>\n<li>Chapelle Sixtine (chapelle du Palais apostolique du Vatican)<\/li>\n<li>Basilique Saint-Pierre (temple catholique \u00e0 l&#8217;int\u00e9rieur de la Cit\u00e9 du Vatican)<\/li>\n<li>Pinacoteca Vaticana (galerie d&#8217;art qui fait partie des mus\u00e9es du Vatican)<\/li>\n<li>Les chambres de Raphael<\/li>\n<li>Beaucoup plus!<\/li>\n<\/ul>\n<p>Votre guide officiel priv\u00e9 partagera avec vous toutes ses connaissances sur la Cit\u00e9 du Vatican et le travail de Papa.<\/p>\n<p>Tous nos guides sont des officiels et des professionnels et ils parlent de nombreuses langues afin de vous faire vivre une exp\u00e9rience inoubliable<\/p>\n<p>Vous pourrez profiter et admirer la grande architecture et les sites touristiques des monuments les plus importants et les plus connus de la Cit\u00e9 du Vatican.<\/p>\n<p>La visite priv\u00e9e a une dur\u00e9e de 4 heures entre le moment de la prise en charge et le moment du d\u00e9p\u00f4t \u00e0 votre h\u00f4tel ou lieu de votre choix \u00e0 Rome.<\/p>\n<p>Si vous souhaitez visiter la Cit\u00e9 du Vatican et voir \u00e9galement les points forts de Rome, veuillez consulter notre visite priv\u00e9e de 5 heures de Rome et de la Cit\u00e9 du Vatican.<\/p>\n","protected":false},"excerpt":{"rendered":"<p>Visite priv\u00e9e de la Cit\u00e9 du Vatican et profitez de ses monuments et sites les plus importants. Profitez de cette occasion pour visiter les mus\u00e9es du Vatican, la chapelle Sixtine, la basilique San Pedro et bien plus encore avec notre guide officiel et notre chauffeur priv\u00e9. Contactez-nous et vous pourrez personnaliser votre propre exp\u00e9rience.<\/p>\n","protected":false},"featured_media":94646,"comment_status":"open","ping_status":"closed","template":"","meta":{"_acf_changed":false},"product_brand":[],"product_cat":[5424,5426,5428,3550],"product_tag":[],"class_list":{"0":"post-101461","1":"product","2":"type-product","3":"status-publish","4":"has-post-thumbnail","6":"product_cat-all-private-tours-activities-fr-32","7":"product_cat-best-sellers-fr-4","8":"product_cat-private-sightseeing-tours-fr-41","9":"product_cat-rome-fr","11":"first","12":"instock","13":"shipping-taxable","14":"purchasable","15":"product-type-simple"},"acf":[],"yoast_head":"<!-- This site is optimized with the Yoast SEO Premium plugin v25.3.1 (Yoast SEO v25.3.1) - https:\/\/yoast.com\/wordpress\/plugins\/seo\/ -->\n<title>Visite de la Cit\u00e9 du Vatican - Visite priv\u00e9e d&#039;une demi-journ\u00e9e avec chauffeur et guide officiel<\/title>\n<meta name=\"description\" content=\"Admirez la Cit\u00e9 du Vatican lors de cette visite priv\u00e9e avec votre guide officiel et votre chauffeur. Entr\u00e9e coupe-file au mus\u00e9e du Vatican et \u00e0 la chapelle Sixtine incluse\" \/>\n<meta name=\"robots\" content=\"index, follow, max-snippet:-1, max-image-preview:large, max-video-preview:-1\" \/>\n<link rel=\"canonical\" href=\"https:\/\/tourtravelandmore.com\/fr\/tours\/italie-fr\/rome-fr\/visite-privee-de-la-cite-du-vatican-avec-billets-coupe-file\/\" \/>\n<meta property=\"og:locale\" content=\"fr_FR\" \/>\n<meta property=\"og:type\" content=\"article\" \/>\n<meta property=\"og:title\" content=\"Visite priv\u00e9e de la Cit\u00e9 du Vatican avec billets coupe-file\" \/>\n<meta property=\"og:description\" content=\"Admirez la Cit\u00e9 du Vatican lors de cette visite priv\u00e9e avec votre guide officiel et votre chauffeur. Entr\u00e9e coupe-file au mus\u00e9e du Vatican et \u00e0 la chapelle Sixtine incluse\" \/>\n<meta property=\"og:url\" content=\"https:\/\/tourtravelandmore.com\/fr\/tours\/italie-fr\/rome-fr\/visite-privee-de-la-cite-du-vatican-avec-billets-coupe-file\/\" \/>\n<meta property=\"og:site_name\" content=\"Tour Travel And More\" \/>\n<meta property=\"article:publisher\" content=\"https:\/\/www.facebook.com\/tourtravelandmore\/\" \/>\n<meta property=\"article:modified_time\" content=\"2024-08-21T15:50:08+00:00\" \/>\n<meta property=\"og:image\" content=\"https:\/\/tourtravelandmore.com\/wp-content\/uploads\/2017\/01\/vatican-city-1233913_960_720.jpg\" \/>\n\t<meta property=\"og:image:width\" content=\"960\" \/>\n\t<meta property=\"og:image:height\" content=\"540\" \/>\n\t<meta property=\"og:image:type\" content=\"image\/jpeg\" \/>\n<meta name=\"twitter:card\" content=\"summary_large_image\" \/>\n<meta name=\"twitter:site\" content=\"@TourTravel_More\" \/>\n<meta name=\"twitter:label1\" content=\"Dur\u00e9e de lecture estim\u00e9e\" \/>\n\t<meta name=\"twitter:data1\" content=\"3 minutes\" \/>\n<script type=\"application\/ld+json\" class=\"yoast-schema-graph\">{\"@context\":\"https:\/\/schema.org\",\"@graph\":[{\"@type\":\"WebPage\",\"@id\":\"https:\/\/tourtravelandmore.com\/fr\/tours\/italie-fr\/rome-fr\/visite-privee-de-la-cite-du-vatican-avec-billets-coupe-file\/\",\"url\":\"https:\/\/tourtravelandmore.com\/fr\/tours\/italie-fr\/rome-fr\/visite-privee-de-la-cite-du-vatican-avec-billets-coupe-file\/\",\"name\":\"Visite de la Cit\u00e9 du Vatican - Visite priv\u00e9e d'une demi-journ\u00e9e avec chauffeur et guide officiel\",\"isPartOf\":{\"@id\":\"https:\/\/tourtravelandmore.com\/fr\/#website\"},\"primaryImageOfPage\":{\"@id\":\"https:\/\/tourtravelandmore.com\/fr\/tours\/italie-fr\/rome-fr\/visite-privee-de-la-cite-du-vatican-avec-billets-coupe-file\/#primaryimage\"},\"image\":{\"@id\":\"https:\/\/tourtravelandmore.com\/fr\/tours\/italie-fr\/rome-fr\/visite-privee-de-la-cite-du-vatican-avec-billets-coupe-file\/#primaryimage\"},\"thumbnailUrl\":\"https:\/\/tourtravelandmore.com\/wp-content\/uploads\/2017\/01\/vatican-city-1233913_960_720.jpg\",\"datePublished\":\"2017-01-18T09:53:03+00:00\",\"dateModified\":\"2024-08-21T15:50:08+00:00\",\"description\":\"Admirez la Cit\u00e9 du Vatican lors de cette visite priv\u00e9e avec votre guide officiel et votre chauffeur. Entr\u00e9e coupe-file au mus\u00e9e du Vatican et \u00e0 la chapelle Sixtine incluse\",\"breadcrumb\":{\"@id\":\"https:\/\/tourtravelandmore.com\/fr\/tours\/italie-fr\/rome-fr\/visite-privee-de-la-cite-du-vatican-avec-billets-coupe-file\/#breadcrumb\"},\"inLanguage\":\"fr-FR\",\"potentialAction\":[{\"@type\":\"ReadAction\",\"target\":[\"https:\/\/tourtravelandmore.com\/fr\/tours\/italie-fr\/rome-fr\/visite-privee-de-la-cite-du-vatican-avec-billets-coupe-file\/\"]}]},{\"@type\":\"ImageObject\",\"inLanguage\":\"fr-FR\",\"@id\":\"https:\/\/tourtravelandmore.com\/fr\/tours\/italie-fr\/rome-fr\/visite-privee-de-la-cite-du-vatican-avec-billets-coupe-file\/#primaryimage\",\"url\":\"https:\/\/tourtravelandmore.com\/wp-content\/uploads\/2017\/01\/vatican-city-1233913_960_720.jpg\",\"contentUrl\":\"https:\/\/tourtravelandmore.com\/wp-content\/uploads\/2017\/01\/vatican-city-1233913_960_720.jpg\",\"width\":960,\"height\":540},{\"@type\":\"BreadcrumbList\",\"@id\":\"https:\/\/tourtravelandmore.com\/fr\/tours\/italie-fr\/rome-fr\/visite-privee-de-la-cite-du-vatican-avec-billets-coupe-file\/#breadcrumb\",\"itemListElement\":[{\"@type\":\"ListItem\",\"position\":1,\"name\":\"Home\",\"item\":\"https:\/\/tourtravelandmore.com\/fr\/\"},{\"@type\":\"ListItem\",\"position\":2,\"name\":\"Tours\",\"item\":\"https:\/\/tourtravelandmore.com\/fr\/tours\/\"},{\"@type\":\"ListItem\",\"position\":3,\"name\":\"Visite priv\u00e9e de la Cit\u00e9 du Vatican avec billets coupe-file\"}]},{\"@type\":\"WebSite\",\"@id\":\"https:\/\/tourtravelandmore.com\/fr\/#website\",\"url\":\"https:\/\/tourtravelandmore.com\/fr\/\",\"name\":\"Tour Travel And More\",\"description\":\"Private sightseeing tours and luxury transfers in Spain\",\"publisher\":{\"@id\":\"https:\/\/tourtravelandmore.com\/fr\/#organization\"},\"potentialAction\":[{\"@type\":\"SearchAction\",\"target\":{\"@type\":\"EntryPoint\",\"urlTemplate\":\"https:\/\/tourtravelandmore.com\/fr\/?s={search_term_string}\"},\"query-input\":{\"@type\":\"PropertyValueSpecification\",\"valueRequired\":true,\"valueName\":\"search_term_string\"}}],\"inLanguage\":\"fr-FR\"},{\"@type\":\"Organization\",\"@id\":\"https:\/\/tourtravelandmore.com\/fr\/#organization\",\"name\":\"Tour Travel And More\",\"url\":\"https:\/\/tourtravelandmore.com\/fr\/\",\"logo\":{\"@type\":\"ImageObject\",\"inLanguage\":\"fr-FR\",\"@id\":\"https:\/\/tourtravelandmore.com\/fr\/#\/schema\/logo\/image\/\",\"url\":\"https:\/\/tourtravelandmore.com\/wp-content\/uploads\/2022\/12\/cropped-logo-cabecera-new.png\",\"contentUrl\":\"https:\/\/tourtravelandmore.com\/wp-content\/uploads\/2022\/12\/cropped-logo-cabecera-new.png\",\"width\":430,\"height\":61,\"caption\":\"Tour Travel And More\"},\"image\":{\"@id\":\"https:\/\/tourtravelandmore.com\/fr\/#\/schema\/logo\/image\/\"},\"sameAs\":[\"https:\/\/www.facebook.com\/tourtravelandmore\/\",\"https:\/\/x.com\/TourTravel_More\"]}]}<\/script>\n<!-- \/ Yoast SEO Premium plugin. -->","yoast_head_json":{"title":"Visite de la Cit\u00e9 du Vatican - Visite priv\u00e9e d'une demi-journ\u00e9e avec chauffeur et guide officiel","description":"Admirez la Cit\u00e9 du Vatican lors de cette visite priv\u00e9e avec votre guide officiel et votre chauffeur. Entr\u00e9e coupe-file au mus\u00e9e du Vatican et \u00e0 la chapelle Sixtine incluse","robots":{"index":"index","follow":"follow","max-snippet":"max-snippet:-1","max-image-preview":"max-image-preview:large","max-video-preview":"max-video-preview:-1"},"canonical":"https:\/\/tourtravelandmore.com\/fr\/tours\/italie-fr\/rome-fr\/visite-privee-de-la-cite-du-vatican-avec-billets-coupe-file\/","og_locale":"fr_FR","og_type":"article","og_title":"Visite priv\u00e9e de la Cit\u00e9 du Vatican avec billets coupe-file","og_description":"Admirez la Cit\u00e9 du Vatican lors de cette visite priv\u00e9e avec votre guide officiel et votre chauffeur. Entr\u00e9e coupe-file au mus\u00e9e du Vatican et \u00e0 la chapelle Sixtine incluse","og_url":"https:\/\/tourtravelandmore.com\/fr\/tours\/italie-fr\/rome-fr\/visite-privee-de-la-cite-du-vatican-avec-billets-coupe-file\/","og_site_name":"Tour Travel And More","article_publisher":"https:\/\/www.facebook.com\/tourtravelandmore\/","article_modified_time":"2024-08-21T15:50:08+00:00","og_image":[{"width":960,"height":540,"url":"https:\/\/tourtravelandmore.com\/wp-content\/uploads\/2017\/01\/vatican-city-1233913_960_720.jpg","type":"image\/jpeg"}],"twitter_card":"summary_large_image","twitter_site":"@TourTravel_More","twitter_misc":{"Dur\u00e9e de lecture estim\u00e9e":"3 minutes"},"schema":{"@context":"https:\/\/schema.org","@graph":[{"@type":"WebPage","@id":"https:\/\/tourtravelandmore.com\/fr\/tours\/italie-fr\/rome-fr\/visite-privee-de-la-cite-du-vatican-avec-billets-coupe-file\/","url":"https:\/\/tourtravelandmore.com\/fr\/tours\/italie-fr\/rome-fr\/visite-privee-de-la-cite-du-vatican-avec-billets-coupe-file\/","name":"Visite de la Cit\u00e9 du Vatican - Visite priv\u00e9e d'une demi-journ\u00e9e avec chauffeur et guide officiel","isPartOf":{"@id":"https:\/\/tourtravelandmore.com\/fr\/#website"},"primaryImageOfPage":{"@id":"https:\/\/tourtravelandmore.com\/fr\/tours\/italie-fr\/rome-fr\/visite-privee-de-la-cite-du-vatican-avec-billets-coupe-file\/#primaryimage"},"image":{"@id":"https:\/\/tourtravelandmore.com\/fr\/tours\/italie-fr\/rome-fr\/visite-privee-de-la-cite-du-vatican-avec-billets-coupe-file\/#primaryimage"},"thumbnailUrl":"https:\/\/tourtravelandmore.com\/wp-content\/uploads\/2017\/01\/vatican-city-1233913_960_720.jpg","datePublished":"2017-01-18T09:53:03+00:00","dateModified":"2024-08-21T15:50:08+00:00","description":"Admirez la Cit\u00e9 du Vatican lors de cette visite priv\u00e9e avec votre guide officiel et votre chauffeur. Entr\u00e9e coupe-file au mus\u00e9e du Vatican et \u00e0 la chapelle Sixtine incluse","breadcrumb":{"@id":"https:\/\/tourtravelandmore.com\/fr\/tours\/italie-fr\/rome-fr\/visite-privee-de-la-cite-du-vatican-avec-billets-coupe-file\/#breadcrumb"},"inLanguage":"fr-FR","potentialAction":[{"@type":"ReadAction","target":["https:\/\/tourtravelandmore.com\/fr\/tours\/italie-fr\/rome-fr\/visite-privee-de-la-cite-du-vatican-avec-billets-coupe-file\/"]}]},{"@type":"ImageObject","inLanguage":"fr-FR","@id":"https:\/\/tourtravelandmore.com\/fr\/tours\/italie-fr\/rome-fr\/visite-privee-de-la-cite-du-vatican-avec-billets-coupe-file\/#primaryimage","url":"https:\/\/tourtravelandmore.com\/wp-content\/uploads\/2017\/01\/vatican-city-1233913_960_720.jpg","contentUrl":"https:\/\/tourtravelandmore.com\/wp-content\/uploads\/2017\/01\/vatican-city-1233913_960_720.jpg","width":960,"height":540},{"@type":"BreadcrumbList","@id":"https:\/\/tourtravelandmore.com\/fr\/tours\/italie-fr\/rome-fr\/visite-privee-de-la-cite-du-vatican-avec-billets-coupe-file\/#breadcrumb","itemListElement":[{"@type":"ListItem","position":1,"name":"Home","item":"https:\/\/tourtravelandmore.com\/fr\/"},{"@type":"ListItem","position":2,"name":"Tours","item":"https:\/\/tourtravelandmore.com\/fr\/tours\/"},{"@type":"ListItem","position":3,"name":"Visite priv\u00e9e de la Cit\u00e9 du Vatican avec billets coupe-file"}]},{"@type":"WebSite","@id":"https:\/\/tourtravelandmore.com\/fr\/#website","url":"https:\/\/tourtravelandmore.com\/fr\/","name":"Tour Travel And More","description":"Private sightseeing tours and luxury transfers in Spain","publisher":{"@id":"https:\/\/tourtravelandmore.com\/fr\/#organization"},"potentialAction":[{"@type":"SearchAction","target":{"@type":"EntryPoint","urlTemplate":"https:\/\/tourtravelandmore.com\/fr\/?s={search_term_string}"},"query-input":{"@type":"PropertyValueSpecification","valueRequired":true,"valueName":"search_term_string"}}],"inLanguage":"fr-FR"},{"@type":"Organization","@id":"https:\/\/tourtravelandmore.com\/fr\/#organization","name":"Tour Travel And More","url":"https:\/\/tourtravelandmore.com\/fr\/","logo":{"@type":"ImageObject","inLanguage":"fr-FR","@id":"https:\/\/tourtravelandmore.com\/fr\/#\/schema\/logo\/image\/","url":"https:\/\/tourtravelandmore.com\/wp-content\/uploads\/2022\/12\/cropped-logo-cabecera-new.png","contentUrl":"https:\/\/tourtravelandmore.com\/wp-content\/uploads\/2022\/12\/cropped-logo-cabecera-new.png","width":430,"height":61,"caption":"Tour Travel And More"},"image":{"@id":"https:\/\/tourtravelandmore.com\/fr\/#\/schema\/logo\/image\/"},"sameAs":["https:\/\/www.facebook.com\/tourtravelandmore\/","https:\/\/x.com\/TourTravel_More"]}]}},"_links":{"self":[{"href":"https:\/\/tourtravelandmore.com\/fr\/wp-json\/wp\/v2\/product\/101461","targetHints":{"allow":["GET"]}}],"collection":[{"href":"https:\/\/tourtravelandmore.com\/fr\/wp-json\/wp\/v2\/product"}],"about":[{"href":"https:\/\/tourtravelandmore.com\/fr\/wp-json\/wp\/v2\/types\/product"}],"replies":[{"embeddable":true,"href":"https:\/\/tourtravelandmore.com\/fr\/wp-json\/wp\/v2\/comments?post=101461"}],"wp:featuredmedia":[{"embeddable":true,"href":"https:\/\/tourtravelandmore.com\/fr\/wp-json\/wp\/v2\/media\/94646"}],"wp:attachment":[{"href":"https:\/\/tourtravelandmore.com\/fr\/wp-json\/wp\/v2\/media?parent=101461"}],"wp:term":[{"taxonomy":"product_brand","embeddable":true,"href":"https:\/\/tourtravelandmore.com\/fr\/wp-json\/wp\/v2\/product_brand?post=101461"},{"taxonomy":"product_cat","embeddable":true,"href":"https:\/\/tourtravelandmore.com\/fr\/wp-json\/wp\/v2\/product_cat?post=101461"},{"taxonomy":"product_tag","embeddable":true,"href":"https:\/\/tourtravelandmore.com\/fr\/wp-json\/wp\/v2\/product_tag?post=101461"}],"curies":[{"name":"wp","href":"https:\/\/api.w.org\/{rel}","templated":true}]}}