{"id":101456,"date":"2017-01-18T10:46:24","date_gmt":"2017-01-18T09:46:24","guid":{"rendered":"https:\/\/tourtravelandmore.com\/tours\/non%20class\u00e9\/excursion-dune-journee-de-rome-a-pompei-et-sur-la-cote-amalfitaine-visite-privee-dune-journee\/"},"modified":"2024-08-21T17:50:39","modified_gmt":"2024-08-21T15:50:39","slug":"excursion-dune-journee-de-rome-a-pompei-et-sur-la-cote-amalfitaine-visite-privee-dune-journee","status":"publish","type":"product","link":"https:\/\/tourtravelandmore.com\/fr\/tours\/italie-fr\/rome-fr\/excursion-dune-journee-de-rome-a-pompei-et-sur-la-cote-amalfitaine-visite-privee-dune-journee\/","title":{"rendered":"Excursion d&#8217;une journ\u00e9e de Rome \u00e0 Pomp\u00e9i et sur la c\u00f4te amalfitaine &#8211; Visite priv\u00e9e d&#8217;une journ\u00e9e"},"content":{"rendered":"<h2>Description<\/h2>\n<p>Profitez de cette excursion priv\u00e9e d&#8217;une journ\u00e9e de Rome \u00e0 Pomp\u00e9i et sur la c\u00f4te amalfitaine et d\u00e9couvrez deux des endroits les plus historiques et les plus beaux du sud de l&#8217;Italie.,<\/p>\n<p>Vous pouvez visiter Pomp\u00e9i et la c\u00f4te amalfitaine en v\u00e9hicule de luxe priv\u00e9 ou avec un train rapide depuis Rome et un v\u00e9hicule priv\u00e9 \u00e0 Naples.<\/p>\n<p>En 79 apr\u00e8s JC, le mont V\u00e9suve, un volcan situ\u00e9 pr\u00e8s de Naples, a \u00e9clat\u00e9 et a recouvert toute la ville de Pomp\u00e9i de cendres. Un groupe d&#8217;explorateurs a de nouveau d\u00e9couvert le site en 1748 et a vu que derri\u00e8re les cendres, la ville de Pomp\u00e9i \u00e9tait en grande partie intacte.<\/p>\n<p>La c\u00f4te amalfitaine est situ\u00e9e dans la p\u00e9ninsule de Sorrente en Italie dans la r\u00e9gion de Campanie. Les villes les plus importantes de la c\u00f4te amalfitaine sont Amalfi, Positano et Ravello. C&#8217;est un endroit unique avec des plages incroyables et un chemin avec des citronniers et des falaises, en d&#8217;autres termes, un endroit parfait pour se d\u00e9tendre !.<\/p>\n<p>Cette excursion d&#8217;une journ\u00e9e de Rome \u00e0 Pomp\u00e9i et sur la c\u00f4te amalfitaine est priv\u00e9e et personnalis\u00e9e. L&#8217;entr\u00e9e coupe-file au site arch\u00e9ologique de Pomp\u00e9i est incluse dans le prix.<\/p>\n<p>Nous vous aiderons \u00e0 organiser votre exp\u00e9rience totalement personnalis\u00e9e et unique \u00e0 Pomp\u00e9i et sur la c\u00f4te amalfitaine au d\u00e9part de Rome.<\/p>\n<h2>Sites d&#8217;int\u00e9r\u00eat et points de rep\u00e8re<\/h2>\n<p>Tout d&#8217;abord, vous visiterez le site arch\u00e9ologique de Pomp\u00e9i pour une visite guid\u00e9e de 2 heures avec un guide officiel priv\u00e9.<\/p>\n<p>Entre autres monuments et sites touristiques, vous apprendrez \u00e0 conna\u00eetre:<\/p>\n<ul>\n<li>L&#8217;amphith\u00e9\u00e2tre romain<\/li>\n<li>Le sanctuaire de Pomp\u00e9i<\/li>\n<li>Le pl\u00e2tre de la mort<\/li>\n<li>Maison de M\u00e9nandre<\/li>\n<li>Le Forum de Pomp\u00e9i<\/li>\n<li>et bien d&#8217;autres sites!<\/li>\n<\/ul>\n<p>Deuxi\u00e8mement, votre chauffeur priv\u00e9 et votre guide officiel vous emm\u00e8neront sur la magnifique c\u00f4te amalfitaine, o\u00f9 vous visiterez deux de ses plus belles villes. Votre guide officiel, qui conna\u00eet parfaitement la r\u00e9gion, vous recommande un tr\u00e8s bon restaurant pour un repas typiquement italien.<\/p>\n<p>Enfin, votre chauffeur priv\u00e9 vous ram\u00e8nera \u00e0 votre point de d\u00e9part \u00e0 Rome ou \u00e0 la gare de Naples.<\/p>\n<p>Comme nous l&#8217;avons d\u00e9j\u00e0 mentionn\u00e9, nous avons deux options pour cette visite:<br \/>\n1) Organiser un chauffeur priv\u00e9 de Rome pendant 12 heures et un guide touristique \u00e0 Naples pendant 5\/6 heures.<br \/>\n2) R\u00e9servez des billets de train rapide (plus rapides que de conduire) de Rome \u00e0 Naples (aller-retour) et demandez \u00e0 un chauffeur et \u00e0 un guide de venir vous chercher et de vous d\u00e9poser \u00e0 la gare de Naples.<\/p>\n<p>Vous pourrez personnaliser cette visite et prendre des photos impressionnantes quand vous le souhaitez. Il s&#8217;agit d&#8217;une visite unique enti\u00e8rement personnalis\u00e9e pour vous et votre groupe. Si vous \u00eates int\u00e9ress\u00e9 par un circuit plus court ou si vous visitez simplement Pomp\u00e9i ou la c\u00f4te amalfitaine, n&#8217;h\u00e9sitez pas \u00e0 nous contacter.<\/p>\n","protected":false},"excerpt":{"rendered":"<p>Prenez une journ\u00e9e de cong\u00e9 de Rome et visitez l&#8217;incroyable ville de Pomp\u00e9i et la c\u00f4te amalfitaine. Vous aurez la possibilit\u00e9 de visiter le site arch\u00e9ologique de Pomp\u00e9i et la magnifique c\u00f4te amalfitaine avec votre chauffeur priv\u00e9 et votre guide officiel. Vous pouvez \u00e9galement effectuer cette visite en train rapide de Rome \u00e0 Naples.<\/p>\n","protected":false},"featured_media":94662,"comment_status":"open","ping_status":"closed","template":"","meta":{"_acf_changed":false},"product_brand":[],"product_cat":[5424,5427,5428,3550],"product_tag":[],"class_list":{"0":"post-101456","1":"product","2":"type-product","3":"status-publish","4":"has-post-thumbnail","6":"product_cat-all-private-tours-activities-fr-32","7":"product_cat-private-day-trips-fr-21","8":"product_cat-private-sightseeing-tours-fr-41","9":"product_cat-rome-fr","11":"first","12":"instock","13":"shipping-taxable","14":"purchasable","15":"product-type-simple"},"acf":[],"yoast_head":"<!-- This site is optimized with the Yoast SEO Premium plugin v25.3.1 (Yoast SEO v25.3.1) - https:\/\/yoast.com\/wordpress\/plugins\/seo\/ -->\n<title>Excursion priv\u00e9e d&#039;une journ\u00e9e compl\u00e8te de Rome \u00e0 Pomp\u00e9i et sur la c\u00f4te amalfitaine<\/title>\n<meta name=\"description\" content=\"Apprenez \u00e0 conna\u00eetre les plus beaux sites du sud de l&#039;Italie avec cette excursion priv\u00e9e d&#039;une journ\u00e9e de Rome \u00e0 Pomp\u00e9i et \u00e0 la c\u00f4te amalfitaine avec chauffeur priv\u00e9 et guide.\" \/>\n<meta name=\"robots\" content=\"index, follow, max-snippet:-1, max-image-preview:large, max-video-preview:-1\" \/>\n<link rel=\"canonical\" href=\"https:\/\/tourtravelandmore.com\/fr\/tours\/italie-fr\/rome-fr\/excursion-dune-journee-de-rome-a-pompei-et-sur-la-cote-amalfitaine-visite-privee-dune-journee\/\" \/>\n<meta property=\"og:locale\" content=\"fr_FR\" \/>\n<meta property=\"og:type\" content=\"article\" \/>\n<meta property=\"og:title\" content=\"Excursion d&#039;une journ\u00e9e de Rome \u00e0 Pomp\u00e9i et sur la c\u00f4te amalfitaine - Visite priv\u00e9e d&#039;une journ\u00e9e\" \/>\n<meta property=\"og:description\" content=\"Apprenez \u00e0 conna\u00eetre les plus beaux sites du sud de l&#039;Italie avec cette excursion priv\u00e9e d&#039;une journ\u00e9e de Rome \u00e0 Pomp\u00e9i et \u00e0 la c\u00f4te amalfitaine avec chauffeur priv\u00e9 et guide.\" \/>\n<meta property=\"og:url\" content=\"https:\/\/tourtravelandmore.com\/fr\/tours\/italie-fr\/rome-fr\/excursion-dune-journee-de-rome-a-pompei-et-sur-la-cote-amalfitaine-visite-privee-dune-journee\/\" \/>\n<meta property=\"og:site_name\" content=\"Tour Travel And More\" \/>\n<meta property=\"article:publisher\" content=\"https:\/\/www.facebook.com\/tourtravelandmore\/\" \/>\n<meta property=\"article:modified_time\" content=\"2024-08-21T15:50:39+00:00\" \/>\n<meta property=\"og:image\" content=\"https:\/\/tourtravelandmore.com\/wp-content\/uploads\/2017\/01\/pompeii-and-vesuvius.jpg\" \/>\n\t<meta property=\"og:image:width\" content=\"900\" \/>\n\t<meta property=\"og:image:height\" content=\"598\" \/>\n\t<meta property=\"og:image:type\" content=\"image\/jpeg\" \/>\n<meta name=\"twitter:card\" content=\"summary_large_image\" \/>\n<meta name=\"twitter:site\" content=\"@TourTravel_More\" \/>\n<meta name=\"twitter:label1\" content=\"Dur\u00e9e de lecture estim\u00e9e\" \/>\n\t<meta name=\"twitter:data1\" content=\"3 minutes\" \/>\n<script type=\"application\/ld+json\" class=\"yoast-schema-graph\">{\"@context\":\"https:\/\/schema.org\",\"@graph\":[{\"@type\":\"WebPage\",\"@id\":\"https:\/\/tourtravelandmore.com\/fr\/tours\/italie-fr\/rome-fr\/excursion-dune-journee-de-rome-a-pompei-et-sur-la-cote-amalfitaine-visite-privee-dune-journee\/\",\"url\":\"https:\/\/tourtravelandmore.com\/fr\/tours\/italie-fr\/rome-fr\/excursion-dune-journee-de-rome-a-pompei-et-sur-la-cote-amalfitaine-visite-privee-dune-journee\/\",\"name\":\"Excursion priv\u00e9e d'une journ\u00e9e compl\u00e8te de Rome \u00e0 Pomp\u00e9i et sur la c\u00f4te amalfitaine\",\"isPartOf\":{\"@id\":\"https:\/\/tourtravelandmore.com\/fr\/#website\"},\"primaryImageOfPage\":{\"@id\":\"https:\/\/tourtravelandmore.com\/fr\/tours\/italie-fr\/rome-fr\/excursion-dune-journee-de-rome-a-pompei-et-sur-la-cote-amalfitaine-visite-privee-dune-journee\/#primaryimage\"},\"image\":{\"@id\":\"https:\/\/tourtravelandmore.com\/fr\/tours\/italie-fr\/rome-fr\/excursion-dune-journee-de-rome-a-pompei-et-sur-la-cote-amalfitaine-visite-privee-dune-journee\/#primaryimage\"},\"thumbnailUrl\":\"https:\/\/tourtravelandmore.com\/wp-content\/uploads\/2017\/01\/pompeii-and-vesuvius.jpg\",\"datePublished\":\"2017-01-18T09:46:24+00:00\",\"dateModified\":\"2024-08-21T15:50:39+00:00\",\"description\":\"Apprenez \u00e0 conna\u00eetre les plus beaux sites du sud de l'Italie avec cette excursion priv\u00e9e d'une journ\u00e9e de Rome \u00e0 Pomp\u00e9i et \u00e0 la c\u00f4te amalfitaine avec chauffeur priv\u00e9 et guide.\",\"breadcrumb\":{\"@id\":\"https:\/\/tourtravelandmore.com\/fr\/tours\/italie-fr\/rome-fr\/excursion-dune-journee-de-rome-a-pompei-et-sur-la-cote-amalfitaine-visite-privee-dune-journee\/#breadcrumb\"},\"inLanguage\":\"fr-FR\",\"potentialAction\":[{\"@type\":\"ReadAction\",\"target\":[\"https:\/\/tourtravelandmore.com\/fr\/tours\/italie-fr\/rome-fr\/excursion-dune-journee-de-rome-a-pompei-et-sur-la-cote-amalfitaine-visite-privee-dune-journee\/\"]}]},{\"@type\":\"ImageObject\",\"inLanguage\":\"fr-FR\",\"@id\":\"https:\/\/tourtravelandmore.com\/fr\/tours\/italie-fr\/rome-fr\/excursion-dune-journee-de-rome-a-pompei-et-sur-la-cote-amalfitaine-visite-privee-dune-journee\/#primaryimage\",\"url\":\"https:\/\/tourtravelandmore.com\/wp-content\/uploads\/2017\/01\/pompeii-and-vesuvius.jpg\",\"contentUrl\":\"https:\/\/tourtravelandmore.com\/wp-content\/uploads\/2017\/01\/pompeii-and-vesuvius.jpg\",\"width\":900,\"height\":598},{\"@type\":\"BreadcrumbList\",\"@id\":\"https:\/\/tourtravelandmore.com\/fr\/tours\/italie-fr\/rome-fr\/excursion-dune-journee-de-rome-a-pompei-et-sur-la-cote-amalfitaine-visite-privee-dune-journee\/#breadcrumb\",\"itemListElement\":[{\"@type\":\"ListItem\",\"position\":1,\"name\":\"Home\",\"item\":\"https:\/\/tourtravelandmore.com\/fr\/\"},{\"@type\":\"ListItem\",\"position\":2,\"name\":\"Tours\",\"item\":\"https:\/\/tourtravelandmore.com\/fr\/tours\/\"},{\"@type\":\"ListItem\",\"position\":3,\"name\":\"Excursion d&#8217;une journ\u00e9e de Rome \u00e0 Pomp\u00e9i et sur la c\u00f4te amalfitaine &#8211; Visite priv\u00e9e d&#8217;une journ\u00e9e\"}]},{\"@type\":\"WebSite\",\"@id\":\"https:\/\/tourtravelandmore.com\/fr\/#website\",\"url\":\"https:\/\/tourtravelandmore.com\/fr\/\",\"name\":\"Tour Travel And More\",\"description\":\"Private sightseeing tours and luxury transfers in Spain\",\"publisher\":{\"@id\":\"https:\/\/tourtravelandmore.com\/fr\/#organization\"},\"potentialAction\":[{\"@type\":\"SearchAction\",\"target\":{\"@type\":\"EntryPoint\",\"urlTemplate\":\"https:\/\/tourtravelandmore.com\/fr\/?s={search_term_string}\"},\"query-input\":{\"@type\":\"PropertyValueSpecification\",\"valueRequired\":true,\"valueName\":\"search_term_string\"}}],\"inLanguage\":\"fr-FR\"},{\"@type\":\"Organization\",\"@id\":\"https:\/\/tourtravelandmore.com\/fr\/#organization\",\"name\":\"Tour Travel And More\",\"url\":\"https:\/\/tourtravelandmore.com\/fr\/\",\"logo\":{\"@type\":\"ImageObject\",\"inLanguage\":\"fr-FR\",\"@id\":\"https:\/\/tourtravelandmore.com\/fr\/#\/schema\/logo\/image\/\",\"url\":\"https:\/\/tourtravelandmore.com\/wp-content\/uploads\/2022\/12\/cropped-logo-cabecera-new.png\",\"contentUrl\":\"https:\/\/tourtravelandmore.com\/wp-content\/uploads\/2022\/12\/cropped-logo-cabecera-new.png\",\"width\":430,\"height\":61,\"caption\":\"Tour Travel And More\"},\"image\":{\"@id\":\"https:\/\/tourtravelandmore.com\/fr\/#\/schema\/logo\/image\/\"},\"sameAs\":[\"https:\/\/www.facebook.com\/tourtravelandmore\/\",\"https:\/\/x.com\/TourTravel_More\"]}]}<\/script>\n<!-- \/ Yoast SEO Premium plugin. -->","yoast_head_json":{"title":"Excursion priv\u00e9e d'une journ\u00e9e compl\u00e8te de Rome \u00e0 Pomp\u00e9i et sur la c\u00f4te amalfitaine","description":"Apprenez \u00e0 conna\u00eetre les plus beaux sites du sud de l'Italie avec cette excursion priv\u00e9e d'une journ\u00e9e de Rome \u00e0 Pomp\u00e9i et \u00e0 la c\u00f4te amalfitaine avec chauffeur priv\u00e9 et guide.","robots":{"index":"index","follow":"follow","max-snippet":"max-snippet:-1","max-image-preview":"max-image-preview:large","max-video-preview":"max-video-preview:-1"},"canonical":"https:\/\/tourtravelandmore.com\/fr\/tours\/italie-fr\/rome-fr\/excursion-dune-journee-de-rome-a-pompei-et-sur-la-cote-amalfitaine-visite-privee-dune-journee\/","og_locale":"fr_FR","og_type":"article","og_title":"Excursion d'une journ\u00e9e de Rome \u00e0 Pomp\u00e9i et sur la c\u00f4te amalfitaine - Visite priv\u00e9e d'une journ\u00e9e","og_description":"Apprenez \u00e0 conna\u00eetre les plus beaux sites du sud de l'Italie avec cette excursion priv\u00e9e d'une journ\u00e9e de Rome \u00e0 Pomp\u00e9i et \u00e0 la c\u00f4te amalfitaine avec chauffeur priv\u00e9 et guide.","og_url":"https:\/\/tourtravelandmore.com\/fr\/tours\/italie-fr\/rome-fr\/excursion-dune-journee-de-rome-a-pompei-et-sur-la-cote-amalfitaine-visite-privee-dune-journee\/","og_site_name":"Tour Travel And More","article_publisher":"https:\/\/www.facebook.com\/tourtravelandmore\/","article_modified_time":"2024-08-21T15:50:39+00:00","og_image":[{"width":900,"height":598,"url":"https:\/\/tourtravelandmore.com\/wp-content\/uploads\/2017\/01\/pompeii-and-vesuvius.jpg","type":"image\/jpeg"}],"twitter_card":"summary_large_image","twitter_site":"@TourTravel_More","twitter_misc":{"Dur\u00e9e de lecture estim\u00e9e":"3 minutes"},"schema":{"@context":"https:\/\/schema.org","@graph":[{"@type":"WebPage","@id":"https:\/\/tourtravelandmore.com\/fr\/tours\/italie-fr\/rome-fr\/excursion-dune-journee-de-rome-a-pompei-et-sur-la-cote-amalfitaine-visite-privee-dune-journee\/","url":"https:\/\/tourtravelandmore.com\/fr\/tours\/italie-fr\/rome-fr\/excursion-dune-journee-de-rome-a-pompei-et-sur-la-cote-amalfitaine-visite-privee-dune-journee\/","name":"Excursion priv\u00e9e d'une journ\u00e9e compl\u00e8te de Rome \u00e0 Pomp\u00e9i et sur la c\u00f4te amalfitaine","isPartOf":{"@id":"https:\/\/tourtravelandmore.com\/fr\/#website"},"primaryImageOfPage":{"@id":"https:\/\/tourtravelandmore.com\/fr\/tours\/italie-fr\/rome-fr\/excursion-dune-journee-de-rome-a-pompei-et-sur-la-cote-amalfitaine-visite-privee-dune-journee\/#primaryimage"},"image":{"@id":"https:\/\/tourtravelandmore.com\/fr\/tours\/italie-fr\/rome-fr\/excursion-dune-journee-de-rome-a-pompei-et-sur-la-cote-amalfitaine-visite-privee-dune-journee\/#primaryimage"},"thumbnailUrl":"https:\/\/tourtravelandmore.com\/wp-content\/uploads\/2017\/01\/pompeii-and-vesuvius.jpg","datePublished":"2017-01-18T09:46:24+00:00","dateModified":"2024-08-21T15:50:39+00:00","description":"Apprenez \u00e0 conna\u00eetre les plus beaux sites du sud de l'Italie avec cette excursion priv\u00e9e d'une journ\u00e9e de Rome \u00e0 Pomp\u00e9i et \u00e0 la c\u00f4te amalfitaine avec chauffeur priv\u00e9 et guide.","breadcrumb":{"@id":"https:\/\/tourtravelandmore.com\/fr\/tours\/italie-fr\/rome-fr\/excursion-dune-journee-de-rome-a-pompei-et-sur-la-cote-amalfitaine-visite-privee-dune-journee\/#breadcrumb"},"inLanguage":"fr-FR","potentialAction":[{"@type":"ReadAction","target":["https:\/\/tourtravelandmore.com\/fr\/tours\/italie-fr\/rome-fr\/excursion-dune-journee-de-rome-a-pompei-et-sur-la-cote-amalfitaine-visite-privee-dune-journee\/"]}]},{"@type":"ImageObject","inLanguage":"fr-FR","@id":"https:\/\/tourtravelandmore.com\/fr\/tours\/italie-fr\/rome-fr\/excursion-dune-journee-de-rome-a-pompei-et-sur-la-cote-amalfitaine-visite-privee-dune-journee\/#primaryimage","url":"https:\/\/tourtravelandmore.com\/wp-content\/uploads\/2017\/01\/pompeii-and-vesuvius.jpg","contentUrl":"https:\/\/tourtravelandmore.com\/wp-content\/uploads\/2017\/01\/pompeii-and-vesuvius.jpg","width":900,"height":598},{"@type":"BreadcrumbList","@id":"https:\/\/tourtravelandmore.com\/fr\/tours\/italie-fr\/rome-fr\/excursion-dune-journee-de-rome-a-pompei-et-sur-la-cote-amalfitaine-visite-privee-dune-journee\/#breadcrumb","itemListElement":[{"@type":"ListItem","position":1,"name":"Home","item":"https:\/\/tourtravelandmore.com\/fr\/"},{"@type":"ListItem","position":2,"name":"Tours","item":"https:\/\/tourtravelandmore.com\/fr\/tours\/"},{"@type":"ListItem","position":3,"name":"Excursion d&#8217;une journ\u00e9e de Rome \u00e0 Pomp\u00e9i et sur la c\u00f4te amalfitaine &#8211; Visite priv\u00e9e d&#8217;une journ\u00e9e"}]},{"@type":"WebSite","@id":"https:\/\/tourtravelandmore.com\/fr\/#website","url":"https:\/\/tourtravelandmore.com\/fr\/","name":"Tour Travel And More","description":"Private sightseeing tours and luxury transfers in Spain","publisher":{"@id":"https:\/\/tourtravelandmore.com\/fr\/#organization"},"potentialAction":[{"@type":"SearchAction","target":{"@type":"EntryPoint","urlTemplate":"https:\/\/tourtravelandmore.com\/fr\/?s={search_term_string}"},"query-input":{"@type":"PropertyValueSpecification","valueRequired":true,"valueName":"search_term_string"}}],"inLanguage":"fr-FR"},{"@type":"Organization","@id":"https:\/\/tourtravelandmore.com\/fr\/#organization","name":"Tour Travel And More","url":"https:\/\/tourtravelandmore.com\/fr\/","logo":{"@type":"ImageObject","inLanguage":"fr-FR","@id":"https:\/\/tourtravelandmore.com\/fr\/#\/schema\/logo\/image\/","url":"https:\/\/tourtravelandmore.com\/wp-content\/uploads\/2022\/12\/cropped-logo-cabecera-new.png","contentUrl":"https:\/\/tourtravelandmore.com\/wp-content\/uploads\/2022\/12\/cropped-logo-cabecera-new.png","width":430,"height":61,"caption":"Tour Travel And More"},"image":{"@id":"https:\/\/tourtravelandmore.com\/fr\/#\/schema\/logo\/image\/"},"sameAs":["https:\/\/www.facebook.com\/tourtravelandmore\/","https:\/\/x.com\/TourTravel_More"]}]}},"_links":{"self":[{"href":"https:\/\/tourtravelandmore.com\/fr\/wp-json\/wp\/v2\/product\/101456","targetHints":{"allow":["GET"]}}],"collection":[{"href":"https:\/\/tourtravelandmore.com\/fr\/wp-json\/wp\/v2\/product"}],"about":[{"href":"https:\/\/tourtravelandmore.com\/fr\/wp-json\/wp\/v2\/types\/product"}],"replies":[{"embeddable":true,"href":"https:\/\/tourtravelandmore.com\/fr\/wp-json\/wp\/v2\/comments?post=101456"}],"wp:featuredmedia":[{"embeddable":true,"href":"https:\/\/tourtravelandmore.com\/fr\/wp-json\/wp\/v2\/media\/94662"}],"wp:attachment":[{"href":"https:\/\/tourtravelandmore.com\/fr\/wp-json\/wp\/v2\/media?parent=101456"}],"wp:term":[{"taxonomy":"product_brand","embeddable":true,"href":"https:\/\/tourtravelandmore.com\/fr\/wp-json\/wp\/v2\/product_brand?post=101456"},{"taxonomy":"product_cat","embeddable":true,"href":"https:\/\/tourtravelandmore.com\/fr\/wp-json\/wp\/v2\/product_cat?post=101456"},{"taxonomy":"product_tag","embeddable":true,"href":"https:\/\/tourtravelandmore.com\/fr\/wp-json\/wp\/v2\/product_tag?post=101456"}],"curies":[{"name":"wp","href":"https:\/\/api.w.org\/{rel}","templated":true}]}}