{"id":101451,"date":"2017-01-18T10:30:58","date_gmt":"2017-01-18T09:30:58","guid":{"rendered":"https:\/\/tourtravelandmore.com\/tours\/non%20class\u00e9\/excursion-privee-dune-journee-complete-de-rome-a-florence\/"},"modified":"2024-08-21T17:50:47","modified_gmt":"2024-08-21T15:50:47","slug":"excursion-privee-dune-journee-complete-de-rome-a-florence","status":"publish","type":"product","link":"https:\/\/tourtravelandmore.com\/fr\/tours\/italie-fr\/rome-fr\/excursion-privee-dune-journee-complete-de-rome-a-florence\/","title":{"rendered":"Excursion priv\u00e9e d&#8217;une journ\u00e9e compl\u00e8te de Rome \u00e0 Florence"},"content":{"rendered":"<h2>Description<\/h2>\n<p>Admirez les sites et monuments les plus embl\u00e9matiques de Florence avec cette excursion priv\u00e9e d&#8217;une journ\u00e9e compl\u00e8te de Rome \u00e0 Florence dans un v\u00e9hicule de luxe priv\u00e9.<\/p>\n<p>Toute la Toscane est connue comme l&#8217;une des meilleures r\u00e9gions d&#8217;Italie, offrant des paysages magnifiques, une vaste histoire de l&#8217;art et une architecture, et Florence en est le plus grand exemple.<\/p>\n<p>Florence est connue comme le berceau de la Renaissance. Lors de votre visite priv\u00e9e \u00e0 Florence, vous d\u00e9couvrirez l&#8217;histoire et les secrets de la ville historique.<\/p>\n<p>Nous viendrons vous chercher \u00e0 votre h\u00f4tel ou lieu de votre choix \u00e0 Rome et vous emm\u00e8nerons dans cette visite priv\u00e9e pour d\u00e9couvrir Florence. Vous rencontrerez votre guide officiel priv\u00e9 \u00e0 Florence pour profiter d&#8217;une visite guid\u00e9e de 3 heures. Vous aurez \u00e9galement le temps de vous promener seul dans les rues de Florence.<\/p>\n<p>Votre chauffeur priv\u00e9 vous attendra dans un endroit central de Florence jusqu&#8217;\u00e0 l&#8217;heure de retour \u00e0 Rome. Le trajet de Rome \u00e0 Florence dure environ 3 heures et le m\u00eame retour.<\/p>\n<p>Nous pouvons inclure une entr\u00e9e coupe-file pour tout monument ou mus\u00e9e que vous souhaitez visiter \u00e0 Florence, par exemple \u00e0 la galerie Academia o\u00f9 vous pouvez admirer le David. Il s&#8217;agit d&#8217;une visite priv\u00e9e et personnalis\u00e9e, en d&#8217;autres termes, s&#8217;il y a quelque chose que vous aimeriez changer, n&#8217;h\u00e9sitez pas \u00e0 nous contacter.<\/p>\n<h2>Sites d&#8217;int\u00e9r\u00eat et points de rep\u00e8re<\/h2>\n<p>Tout d&#8217;abord, votre chauffeur priv\u00e9 viendra vous chercher \u00e0 votre h\u00f4tel \u00e0 Rome \u00e0 l&#8217;heure souhait\u00e9e et vous conduira vers Florence. Une fois \u00e0 Florence, vous rencontrerez votre guide officiel priv\u00e9.<\/p>\n<p>Deuxi\u00e8mement, lors de votre visite priv\u00e9e \u00e0 pied, vous appr\u00e9cierez et admirerez les monuments et les sites les plus \u00e9tonnants tels que nous:<\/p>\n<ul>\n<li>Le Duomo de Florence<\/li>\n<li>La cath\u00e9drale de Santa Maria del Fiore<\/li>\n<li>Clocher de Giotto<\/li>\n<li>Ponte Vecchio<\/li>\n<li>Galerie de l&#8217;Acad\u00e9mie (billets d&#8217;entr\u00e9e non inclus)<\/li>\n<li>Galerie des Offices (billet d&#8217;entr\u00e9e non inclus)<\/li>\n<li>Place du Duomo<\/li>\n<li>Piazza de la Signoria<\/li>\n<li>et beaucoup plus!<\/li>\n<\/ul>\n<p>Votre guide priv\u00e9 sera \u00e0 votre disposition \u00e0 Florence pour une visite priv\u00e9e de 3 heures. Apr\u00e8s la visite guid\u00e9e, vous aurez le temps de d\u00e9jeuner et de vous promener dans les belles rues de Florence (et ses magnifiques boutiques).<\/p>\n<p>La visite a une dur\u00e9e de 12 heures entre le moment de la prise en charge et le moment du d\u00e9p\u00f4t \u00e0 Rome. Vous pourrez personnaliser cette visite et prendre des photos impressionnantes quand vous le souhaitez. Il s&#8217;agit d&#8217;une visite unique enti\u00e8rement personnalis\u00e9e pour vous et votre groupe.<\/p>\n<p>Si vous pr\u00e9f\u00e9rez une excursion d&#8217;une journ\u00e9e compl\u00e8te vers une autre destination plut\u00f4t que Florence, une excursion priv\u00e9e d&#8217;une journ\u00e9e \u00e0 Pomp\u00e9i et sur la c\u00f4te amalfitaine pourrait \u00eatre une excellente option pour vous.<\/p>\n","protected":false},"excerpt":{"rendered":"<p>Saisissez l&#8217;occasion de visiter la capitale de la r\u00e9gion Toscane: Florence. Profitez de cette occasion pour visiter une ville pleine d&#8217;art, d&#8217;histoire et d&#8217;architecture unique avec votre propre guide officiel priv\u00e9 et un v\u00e9hicule de luxe priv\u00e9 avec chauffeur. Personnalisez votre propre exp\u00e9rience.<\/p>\n","protected":false},"featured_media":97837,"comment_status":"open","ping_status":"closed","template":"","meta":{"_acf_changed":false},"product_brand":[],"product_cat":[5424,5426,5427,5428,3550],"product_tag":[],"class_list":{"0":"post-101451","1":"product","2":"type-product","3":"status-publish","4":"has-post-thumbnail","6":"product_cat-all-private-tours-activities-fr-32","7":"product_cat-best-sellers-fr-4","8":"product_cat-private-day-trips-fr-21","9":"product_cat-private-sightseeing-tours-fr-41","10":"product_cat-rome-fr","12":"first","13":"instock","14":"shipping-taxable","15":"purchasable","16":"product-type-simple"},"acf":[],"yoast_head":"<!-- This site is optimized with the Yoast SEO Premium plugin v25.3.1 (Yoast SEO v25.3.1) - https:\/\/yoast.com\/wordpress\/plugins\/seo\/ -->\n<title>Excursion priv\u00e9e d&#039;une journ\u00e9e de Rome \u00e0 Florence avec chauffeur priv\u00e9 et guide<\/title>\n<meta name=\"description\" content=\"Profitez de cette excursion priv\u00e9e unique d&#039;une journ\u00e9e de Rome \u00e0 Florence \u00e0 l&#039;aise dans un v\u00e9hicule de luxe priv\u00e9. Guide officiel pendant 3 heures \u00e0 Florence inclus.\" \/>\n<meta name=\"robots\" content=\"index, follow, max-snippet:-1, max-image-preview:large, max-video-preview:-1\" \/>\n<link rel=\"canonical\" href=\"https:\/\/tourtravelandmore.com\/fr\/tours\/italie-fr\/rome-fr\/excursion-privee-dune-journee-complete-de-rome-a-florence\/\" \/>\n<meta property=\"og:locale\" content=\"fr_FR\" \/>\n<meta property=\"og:type\" content=\"article\" \/>\n<meta property=\"og:title\" content=\"Excursion priv\u00e9e d&#039;une journ\u00e9e compl\u00e8te de Rome \u00e0 Florence\" \/>\n<meta property=\"og:description\" content=\"Profitez de cette excursion priv\u00e9e unique d&#039;une journ\u00e9e de Rome \u00e0 Florence \u00e0 l&#039;aise dans un v\u00e9hicule de luxe priv\u00e9. Guide officiel pendant 3 heures \u00e0 Florence inclus.\" \/>\n<meta property=\"og:url\" content=\"https:\/\/tourtravelandmore.com\/fr\/tours\/italie-fr\/rome-fr\/excursion-privee-dune-journee-complete-de-rome-a-florence\/\" \/>\n<meta property=\"og:site_name\" content=\"Tour Travel And More\" \/>\n<meta property=\"article:publisher\" content=\"https:\/\/www.facebook.com\/tourtravelandmore\/\" \/>\n<meta property=\"article:modified_time\" content=\"2024-08-21T15:50:47+00:00\" \/>\n<meta property=\"og:image\" content=\"https:\/\/tourtravelandmore.com\/wp-content\/uploads\/2017\/01\/florence-1.1.jpg\" \/>\n\t<meta property=\"og:image:width\" content=\"960\" \/>\n\t<meta property=\"og:image:height\" content=\"638\" \/>\n\t<meta property=\"og:image:type\" content=\"image\/jpeg\" \/>\n<meta name=\"twitter:card\" content=\"summary_large_image\" \/>\n<meta name=\"twitter:site\" content=\"@TourTravel_More\" \/>\n<meta name=\"twitter:label1\" content=\"Dur\u00e9e de lecture estim\u00e9e\" \/>\n\t<meta name=\"twitter:data1\" content=\"2 minutes\" \/>\n<script type=\"application\/ld+json\" class=\"yoast-schema-graph\">{\"@context\":\"https:\/\/schema.org\",\"@graph\":[{\"@type\":\"WebPage\",\"@id\":\"https:\/\/tourtravelandmore.com\/fr\/tours\/italie-fr\/rome-fr\/excursion-privee-dune-journee-complete-de-rome-a-florence\/\",\"url\":\"https:\/\/tourtravelandmore.com\/fr\/tours\/italie-fr\/rome-fr\/excursion-privee-dune-journee-complete-de-rome-a-florence\/\",\"name\":\"Excursion priv\u00e9e d'une journ\u00e9e de Rome \u00e0 Florence avec chauffeur priv\u00e9 et guide\",\"isPartOf\":{\"@id\":\"https:\/\/tourtravelandmore.com\/fr\/#website\"},\"primaryImageOfPage\":{\"@id\":\"https:\/\/tourtravelandmore.com\/fr\/tours\/italie-fr\/rome-fr\/excursion-privee-dune-journee-complete-de-rome-a-florence\/#primaryimage\"},\"image\":{\"@id\":\"https:\/\/tourtravelandmore.com\/fr\/tours\/italie-fr\/rome-fr\/excursion-privee-dune-journee-complete-de-rome-a-florence\/#primaryimage\"},\"thumbnailUrl\":\"https:\/\/tourtravelandmore.com\/wp-content\/uploads\/2017\/01\/florence-1.1.jpg\",\"datePublished\":\"2017-01-18T09:30:58+00:00\",\"dateModified\":\"2024-08-21T15:50:47+00:00\",\"description\":\"Profitez de cette excursion priv\u00e9e unique d'une journ\u00e9e de Rome \u00e0 Florence \u00e0 l'aise dans un v\u00e9hicule de luxe priv\u00e9. Guide officiel pendant 3 heures \u00e0 Florence inclus.\",\"breadcrumb\":{\"@id\":\"https:\/\/tourtravelandmore.com\/fr\/tours\/italie-fr\/rome-fr\/excursion-privee-dune-journee-complete-de-rome-a-florence\/#breadcrumb\"},\"inLanguage\":\"fr-FR\",\"potentialAction\":[{\"@type\":\"ReadAction\",\"target\":[\"https:\/\/tourtravelandmore.com\/fr\/tours\/italie-fr\/rome-fr\/excursion-privee-dune-journee-complete-de-rome-a-florence\/\"]}]},{\"@type\":\"ImageObject\",\"inLanguage\":\"fr-FR\",\"@id\":\"https:\/\/tourtravelandmore.com\/fr\/tours\/italie-fr\/rome-fr\/excursion-privee-dune-journee-complete-de-rome-a-florence\/#primaryimage\",\"url\":\"https:\/\/tourtravelandmore.com\/wp-content\/uploads\/2017\/01\/florence-1.1.jpg\",\"contentUrl\":\"https:\/\/tourtravelandmore.com\/wp-content\/uploads\/2017\/01\/florence-1.1.jpg\",\"width\":960,\"height\":638},{\"@type\":\"BreadcrumbList\",\"@id\":\"https:\/\/tourtravelandmore.com\/fr\/tours\/italie-fr\/rome-fr\/excursion-privee-dune-journee-complete-de-rome-a-florence\/#breadcrumb\",\"itemListElement\":[{\"@type\":\"ListItem\",\"position\":1,\"name\":\"Home\",\"item\":\"https:\/\/tourtravelandmore.com\/fr\/\"},{\"@type\":\"ListItem\",\"position\":2,\"name\":\"Tours\",\"item\":\"https:\/\/tourtravelandmore.com\/fr\/tours\/\"},{\"@type\":\"ListItem\",\"position\":3,\"name\":\"Excursion priv\u00e9e d&#8217;une journ\u00e9e compl\u00e8te de Rome \u00e0 Florence\"}]},{\"@type\":\"WebSite\",\"@id\":\"https:\/\/tourtravelandmore.com\/fr\/#website\",\"url\":\"https:\/\/tourtravelandmore.com\/fr\/\",\"name\":\"Tour Travel And More\",\"description\":\"Private sightseeing tours and luxury transfers in Spain\",\"publisher\":{\"@id\":\"https:\/\/tourtravelandmore.com\/fr\/#organization\"},\"potentialAction\":[{\"@type\":\"SearchAction\",\"target\":{\"@type\":\"EntryPoint\",\"urlTemplate\":\"https:\/\/tourtravelandmore.com\/fr\/?s={search_term_string}\"},\"query-input\":{\"@type\":\"PropertyValueSpecification\",\"valueRequired\":true,\"valueName\":\"search_term_string\"}}],\"inLanguage\":\"fr-FR\"},{\"@type\":\"Organization\",\"@id\":\"https:\/\/tourtravelandmore.com\/fr\/#organization\",\"name\":\"Tour Travel And More\",\"url\":\"https:\/\/tourtravelandmore.com\/fr\/\",\"logo\":{\"@type\":\"ImageObject\",\"inLanguage\":\"fr-FR\",\"@id\":\"https:\/\/tourtravelandmore.com\/fr\/#\/schema\/logo\/image\/\",\"url\":\"https:\/\/tourtravelandmore.com\/wp-content\/uploads\/2022\/12\/cropped-logo-cabecera-new.png\",\"contentUrl\":\"https:\/\/tourtravelandmore.com\/wp-content\/uploads\/2022\/12\/cropped-logo-cabecera-new.png\",\"width\":430,\"height\":61,\"caption\":\"Tour Travel And More\"},\"image\":{\"@id\":\"https:\/\/tourtravelandmore.com\/fr\/#\/schema\/logo\/image\/\"},\"sameAs\":[\"https:\/\/www.facebook.com\/tourtravelandmore\/\",\"https:\/\/x.com\/TourTravel_More\"]}]}<\/script>\n<!-- \/ Yoast SEO Premium plugin. -->","yoast_head_json":{"title":"Excursion priv\u00e9e d'une journ\u00e9e de Rome \u00e0 Florence avec chauffeur priv\u00e9 et guide","description":"Profitez de cette excursion priv\u00e9e unique d'une journ\u00e9e de Rome \u00e0 Florence \u00e0 l'aise dans un v\u00e9hicule de luxe priv\u00e9. Guide officiel pendant 3 heures \u00e0 Florence inclus.","robots":{"index":"index","follow":"follow","max-snippet":"max-snippet:-1","max-image-preview":"max-image-preview:large","max-video-preview":"max-video-preview:-1"},"canonical":"https:\/\/tourtravelandmore.com\/fr\/tours\/italie-fr\/rome-fr\/excursion-privee-dune-journee-complete-de-rome-a-florence\/","og_locale":"fr_FR","og_type":"article","og_title":"Excursion priv\u00e9e d'une journ\u00e9e compl\u00e8te de Rome \u00e0 Florence","og_description":"Profitez de cette excursion priv\u00e9e unique d'une journ\u00e9e de Rome \u00e0 Florence \u00e0 l'aise dans un v\u00e9hicule de luxe priv\u00e9. Guide officiel pendant 3 heures \u00e0 Florence inclus.","og_url":"https:\/\/tourtravelandmore.com\/fr\/tours\/italie-fr\/rome-fr\/excursion-privee-dune-journee-complete-de-rome-a-florence\/","og_site_name":"Tour Travel And More","article_publisher":"https:\/\/www.facebook.com\/tourtravelandmore\/","article_modified_time":"2024-08-21T15:50:47+00:00","og_image":[{"width":960,"height":638,"url":"https:\/\/tourtravelandmore.com\/wp-content\/uploads\/2017\/01\/florence-1.1.jpg","type":"image\/jpeg"}],"twitter_card":"summary_large_image","twitter_site":"@TourTravel_More","twitter_misc":{"Dur\u00e9e de lecture estim\u00e9e":"2 minutes"},"schema":{"@context":"https:\/\/schema.org","@graph":[{"@type":"WebPage","@id":"https:\/\/tourtravelandmore.com\/fr\/tours\/italie-fr\/rome-fr\/excursion-privee-dune-journee-complete-de-rome-a-florence\/","url":"https:\/\/tourtravelandmore.com\/fr\/tours\/italie-fr\/rome-fr\/excursion-privee-dune-journee-complete-de-rome-a-florence\/","name":"Excursion priv\u00e9e d'une journ\u00e9e de Rome \u00e0 Florence avec chauffeur priv\u00e9 et guide","isPartOf":{"@id":"https:\/\/tourtravelandmore.com\/fr\/#website"},"primaryImageOfPage":{"@id":"https:\/\/tourtravelandmore.com\/fr\/tours\/italie-fr\/rome-fr\/excursion-privee-dune-journee-complete-de-rome-a-florence\/#primaryimage"},"image":{"@id":"https:\/\/tourtravelandmore.com\/fr\/tours\/italie-fr\/rome-fr\/excursion-privee-dune-journee-complete-de-rome-a-florence\/#primaryimage"},"thumbnailUrl":"https:\/\/tourtravelandmore.com\/wp-content\/uploads\/2017\/01\/florence-1.1.jpg","datePublished":"2017-01-18T09:30:58+00:00","dateModified":"2024-08-21T15:50:47+00:00","description":"Profitez de cette excursion priv\u00e9e unique d'une journ\u00e9e de Rome \u00e0 Florence \u00e0 l'aise dans un v\u00e9hicule de luxe priv\u00e9. Guide officiel pendant 3 heures \u00e0 Florence inclus.","breadcrumb":{"@id":"https:\/\/tourtravelandmore.com\/fr\/tours\/italie-fr\/rome-fr\/excursion-privee-dune-journee-complete-de-rome-a-florence\/#breadcrumb"},"inLanguage":"fr-FR","potentialAction":[{"@type":"ReadAction","target":["https:\/\/tourtravelandmore.com\/fr\/tours\/italie-fr\/rome-fr\/excursion-privee-dune-journee-complete-de-rome-a-florence\/"]}]},{"@type":"ImageObject","inLanguage":"fr-FR","@id":"https:\/\/tourtravelandmore.com\/fr\/tours\/italie-fr\/rome-fr\/excursion-privee-dune-journee-complete-de-rome-a-florence\/#primaryimage","url":"https:\/\/tourtravelandmore.com\/wp-content\/uploads\/2017\/01\/florence-1.1.jpg","contentUrl":"https:\/\/tourtravelandmore.com\/wp-content\/uploads\/2017\/01\/florence-1.1.jpg","width":960,"height":638},{"@type":"BreadcrumbList","@id":"https:\/\/tourtravelandmore.com\/fr\/tours\/italie-fr\/rome-fr\/excursion-privee-dune-journee-complete-de-rome-a-florence\/#breadcrumb","itemListElement":[{"@type":"ListItem","position":1,"name":"Home","item":"https:\/\/tourtravelandmore.com\/fr\/"},{"@type":"ListItem","position":2,"name":"Tours","item":"https:\/\/tourtravelandmore.com\/fr\/tours\/"},{"@type":"ListItem","position":3,"name":"Excursion priv\u00e9e d&#8217;une journ\u00e9e compl\u00e8te de Rome \u00e0 Florence"}]},{"@type":"WebSite","@id":"https:\/\/tourtravelandmore.com\/fr\/#website","url":"https:\/\/tourtravelandmore.com\/fr\/","name":"Tour Travel And More","description":"Private sightseeing tours and luxury transfers in Spain","publisher":{"@id":"https:\/\/tourtravelandmore.com\/fr\/#organization"},"potentialAction":[{"@type":"SearchAction","target":{"@type":"EntryPoint","urlTemplate":"https:\/\/tourtravelandmore.com\/fr\/?s={search_term_string}"},"query-input":{"@type":"PropertyValueSpecification","valueRequired":true,"valueName":"search_term_string"}}],"inLanguage":"fr-FR"},{"@type":"Organization","@id":"https:\/\/tourtravelandmore.com\/fr\/#organization","name":"Tour Travel And More","url":"https:\/\/tourtravelandmore.com\/fr\/","logo":{"@type":"ImageObject","inLanguage":"fr-FR","@id":"https:\/\/tourtravelandmore.com\/fr\/#\/schema\/logo\/image\/","url":"https:\/\/tourtravelandmore.com\/wp-content\/uploads\/2022\/12\/cropped-logo-cabecera-new.png","contentUrl":"https:\/\/tourtravelandmore.com\/wp-content\/uploads\/2022\/12\/cropped-logo-cabecera-new.png","width":430,"height":61,"caption":"Tour Travel And More"},"image":{"@id":"https:\/\/tourtravelandmore.com\/fr\/#\/schema\/logo\/image\/"},"sameAs":["https:\/\/www.facebook.com\/tourtravelandmore\/","https:\/\/x.com\/TourTravel_More"]}]}},"_links":{"self":[{"href":"https:\/\/tourtravelandmore.com\/fr\/wp-json\/wp\/v2\/product\/101451","targetHints":{"allow":["GET"]}}],"collection":[{"href":"https:\/\/tourtravelandmore.com\/fr\/wp-json\/wp\/v2\/product"}],"about":[{"href":"https:\/\/tourtravelandmore.com\/fr\/wp-json\/wp\/v2\/types\/product"}],"replies":[{"embeddable":true,"href":"https:\/\/tourtravelandmore.com\/fr\/wp-json\/wp\/v2\/comments?post=101451"}],"wp:featuredmedia":[{"embeddable":true,"href":"https:\/\/tourtravelandmore.com\/fr\/wp-json\/wp\/v2\/media\/97837"}],"wp:attachment":[{"href":"https:\/\/tourtravelandmore.com\/fr\/wp-json\/wp\/v2\/media?parent=101451"}],"wp:term":[{"taxonomy":"product_brand","embeddable":true,"href":"https:\/\/tourtravelandmore.com\/fr\/wp-json\/wp\/v2\/product_brand?post=101451"},{"taxonomy":"product_cat","embeddable":true,"href":"https:\/\/tourtravelandmore.com\/fr\/wp-json\/wp\/v2\/product_cat?post=101451"},{"taxonomy":"product_tag","embeddable":true,"href":"https:\/\/tourtravelandmore.com\/fr\/wp-json\/wp\/v2\/product_tag?post=101451"}],"curies":[{"name":"wp","href":"https:\/\/api.w.org\/{rel}","templated":true}]}}