{"id":101446,"date":"2017-01-18T10:19:52","date_gmt":"2017-01-18T09:19:52","guid":{"rendered":"https:\/\/tourtravelandmore.com\/tours\/non%20class\u00e9\/visite-dostie-antica-au-depart-de-rome-visite-privee-dune-demi-journee\/"},"modified":"2024-08-21T17:51:03","modified_gmt":"2024-08-21T15:51:03","slug":"visite-dostie-antica-au-depart-de-rome-visite-privee-dune-demi-journee","status":"publish","type":"product","link":"https:\/\/tourtravelandmore.com\/fr\/tours\/italie-fr\/rome-fr\/visite-dostie-antica-au-depart-de-rome-visite-privee-dune-demi-journee\/","title":{"rendered":"Visite d&#8217;Ostie Antica au d\u00e9part de Rome &#8211; Visite priv\u00e9e d&#8217;une demi-journ\u00e9e"},"content":{"rendered":"<h2>Description<\/h2>\n<p>Profitez de cette visite priv\u00e9e d&#8217;Ostia Antica au d\u00e9part de Rome avec un guide officiel et d\u00e9couvrez cette ancienne ville sur la c\u00f4te de la mer Tyrrh\u00e9nienne.<\/p>\n<p>Votre chauffeur priv\u00e9, accompagn\u00e9 de votre guide priv\u00e9, viendra vous chercher \u00e0 votre h\u00f4tel ou lieu de votre choix \u00e0 Rome dans un v\u00e9hicule de luxe priv\u00e9.<\/p>\n<p>Rome est la capitale de l&#8217;Italie et de la r\u00e9gion du Latium. C&#8217;est la plus grande commune et la quatri\u00e8me ville la plus peupl\u00e9e de l&#8217;Union europ\u00e9enne.<\/p>\n<p>Situ\u00e9e \u00e0 seulement 25 minutes du centre de Rome, Ostia Antica a \u00e9t\u00e9 conquise par l&#8217;empire romain vers les 400 av. pour en faire leur base navale. En 150 apr\u00e8s JC, lorsque Rome contr\u00f4lait toute la M\u00e9diterran\u00e9e, ils construisirent un fort et l&#8217;utilis\u00e8rent comme un port commercial tr\u00e8s fr\u00e9quent\u00e9.<\/p>\n<p>De nos jours, la r\u00e9gion est un vaste site arch\u00e9ologique, avec cette visite priv\u00e9e, vous apprendrez \u00e0 conna\u00eetre l&#8217;histoire et les secrets de ce lieu historique (entr\u00e9e \u00e0 Ostia Antica incluse).<\/p>\n<p>Laissez-nous vous emmener dans cette excursion d&#8217;une demi-journ\u00e9e pour visiter l&#8217;un des sites arch\u00e9ologiques les plus visit\u00e9s d&#8217;Italie, o\u00f9 vous pourrez explorer tous les recoins de ce lieu magnifique.<\/p>\n<p>Nous vous aiderons \u00e0 organiser votre exp\u00e9rience totalement personnalis\u00e9e et unique \u00e0 Ostia Antica au d\u00e9part de Rome.<\/p>\n<h2>Sites d&#8217;int\u00e9r\u00eat et points de rep\u00e8re<\/h2>\n<p>En premier lieu, votre chauffeur priv\u00e9 et notre guide officiel viendront vous chercher \u00e0 votre h\u00f4tel ou lieu de votre choix \u00e0 Rome \u00e0 l&#8217;heure souhait\u00e9e. Ils seront \u00e0 votre enti\u00e8re disposition pendant votre visite afin de profiter au maximum de ce site historique et de tirer le meilleur parti de votre exp\u00e9rience \u00e0 Ostia Antica.<\/p>\n<p>Au cours de cette visite priv\u00e9e, vous visiterez les lieux suivants:<\/p>\n<ul>\n<li>Decumanus: c&#8217;\u00e9tait la rue commerciale o\u00f9 se d\u00e9roulaient les \u00e9changes.<\/li>\n<li>Porte de la marina<\/li>\n<li>Le Forum: le centre et le lieu le plus important de la ville<\/li>\n<li>Via della Foce: les quartiers du port fluvial<\/li>\n<\/ul>\n<p>Enfin, \u00e0 la fin de la visite, votre chauffeur priv\u00e9 et votre guide officiel vous conduiront \u00e0 votre point de d\u00e9part \u00e0 Rome. La visite a une dur\u00e9e de 4 heures entre le moment de la prise en charge et le moment du d\u00e9p\u00f4t \u00e0 Rome.<\/p>\n<p>Il s&#8217;agit d&#8217;un circuit unique enti\u00e8rement personnalis\u00e9 pour vous et votre groupe, c&#8217;est-\u00e0-dire que si vous \u00eates int\u00e9ress\u00e9 par un circuit plus long ou visitez d&#8217;autres endroits de Rome, n&#8217;h\u00e9sitez pas \u00e0 nous contacter. Chez Tour Travel and More, nous travaillons pour vous offrir, \u00e0 vous et \u00e0 votre groupe, le service le plus personnalis\u00e9 possible.<\/p>\n<p>Une autre option possible de visite de 4 heures \u00e0 Rome qui sort de l&#8217;ordinaire pourrait \u00eatre une visite priv\u00e9e de la crypte et des catacombes &#8220;San Callisto&#8221;.<\/p>\n","protected":false},"excerpt":{"rendered":"<p>Profitez de cette visite priv\u00e9e enti\u00e8rement personnalis\u00e9e de l&#8217;ancienne Ostie et profitez de ses monuments et sites les plus importants. Profitez de cette occasion pour visiter l&#8217;un des sites arch\u00e9ologiques les plus importants de Rome avec votre chauffeur priv\u00e9 et votre guide officiel. Billet d&#8217;entr\u00e9e inclus dans le prix.<\/p>\n","protected":false},"featured_media":94660,"comment_status":"open","ping_status":"closed","template":"","meta":{"_acf_changed":false},"product_brand":[],"product_cat":[5424,5427,5428,3550],"product_tag":[],"class_list":{"0":"post-101446","1":"product","2":"type-product","3":"status-publish","4":"has-post-thumbnail","6":"product_cat-all-private-tours-activities-fr-32","7":"product_cat-private-day-trips-fr-21","8":"product_cat-private-sightseeing-tours-fr-41","9":"product_cat-rome-fr","11":"first","12":"instock","13":"shipping-taxable","14":"purchasable","15":"product-type-simple"},"acf":[],"yoast_head":"<!-- This site is optimized with the Yoast SEO Premium plugin v25.3.1 (Yoast SEO v25.3.1) - https:\/\/yoast.com\/wordpress\/plugins\/seo\/ -->\n<title>Visite priv\u00e9e d&#039;Ostia Antica au d\u00e9part de Rome avec chauffeur priv\u00e9 et guide<\/title>\n<meta name=\"description\" content=\"Visite priv\u00e9e d&#039;une demi-journ\u00e9e d&#039;Ostia Antica au d\u00e9part de Rome avec acc\u00e8s coupe-file. Admirez ce site arch\u00e9ologique unique avec votre chauffeur et guide priv\u00e9.\" \/>\n<meta name=\"robots\" content=\"index, follow, max-snippet:-1, max-image-preview:large, max-video-preview:-1\" \/>\n<link rel=\"canonical\" href=\"https:\/\/tourtravelandmore.com\/fr\/tours\/italie-fr\/rome-fr\/visite-dostie-antica-au-depart-de-rome-visite-privee-dune-demi-journee\/\" \/>\n<meta property=\"og:locale\" content=\"fr_FR\" \/>\n<meta property=\"og:type\" content=\"article\" \/>\n<meta property=\"og:title\" content=\"Visite d&#039;Ostie Antica au d\u00e9part de Rome - Visite priv\u00e9e d&#039;une demi-journ\u00e9e\" \/>\n<meta property=\"og:description\" content=\"Visite priv\u00e9e d&#039;une demi-journ\u00e9e d&#039;Ostia Antica au d\u00e9part de Rome avec acc\u00e8s coupe-file. Admirez ce site arch\u00e9ologique unique avec votre chauffeur et guide priv\u00e9.\" \/>\n<meta property=\"og:url\" content=\"https:\/\/tourtravelandmore.com\/fr\/tours\/italie-fr\/rome-fr\/visite-dostie-antica-au-depart-de-rome-visite-privee-dune-demi-journee\/\" \/>\n<meta property=\"og:site_name\" content=\"Tour Travel And More\" \/>\n<meta property=\"article:publisher\" content=\"https:\/\/www.facebook.com\/tourtravelandmore\/\" \/>\n<meta property=\"article:modified_time\" content=\"2024-08-21T15:51:03+00:00\" \/>\n<meta property=\"og:image\" content=\"https:\/\/tourtravelandmore.com\/wp-content\/uploads\/2017\/01\/ostia-antica-11.jpg\" \/>\n\t<meta property=\"og:image:width\" content=\"1200\" \/>\n\t<meta property=\"og:image:height\" content=\"800\" \/>\n\t<meta property=\"og:image:type\" content=\"image\/jpeg\" \/>\n<meta name=\"twitter:card\" content=\"summary_large_image\" \/>\n<meta name=\"twitter:site\" content=\"@TourTravel_More\" \/>\n<meta name=\"twitter:label1\" content=\"Dur\u00e9e de lecture estim\u00e9e\" \/>\n\t<meta name=\"twitter:data1\" content=\"2 minutes\" \/>\n<script type=\"application\/ld+json\" class=\"yoast-schema-graph\">{\"@context\":\"https:\/\/schema.org\",\"@graph\":[{\"@type\":\"WebPage\",\"@id\":\"https:\/\/tourtravelandmore.com\/fr\/tours\/italie-fr\/rome-fr\/visite-dostie-antica-au-depart-de-rome-visite-privee-dune-demi-journee\/\",\"url\":\"https:\/\/tourtravelandmore.com\/fr\/tours\/italie-fr\/rome-fr\/visite-dostie-antica-au-depart-de-rome-visite-privee-dune-demi-journee\/\",\"name\":\"Visite priv\u00e9e d'Ostia Antica au d\u00e9part de Rome avec chauffeur priv\u00e9 et guide\",\"isPartOf\":{\"@id\":\"https:\/\/tourtravelandmore.com\/fr\/#website\"},\"primaryImageOfPage\":{\"@id\":\"https:\/\/tourtravelandmore.com\/fr\/tours\/italie-fr\/rome-fr\/visite-dostie-antica-au-depart-de-rome-visite-privee-dune-demi-journee\/#primaryimage\"},\"image\":{\"@id\":\"https:\/\/tourtravelandmore.com\/fr\/tours\/italie-fr\/rome-fr\/visite-dostie-antica-au-depart-de-rome-visite-privee-dune-demi-journee\/#primaryimage\"},\"thumbnailUrl\":\"https:\/\/tourtravelandmore.com\/wp-content\/uploads\/2017\/01\/ostia-antica-11.jpg\",\"datePublished\":\"2017-01-18T09:19:52+00:00\",\"dateModified\":\"2024-08-21T15:51:03+00:00\",\"description\":\"Visite priv\u00e9e d'une demi-journ\u00e9e d'Ostia Antica au d\u00e9part de Rome avec acc\u00e8s coupe-file. Admirez ce site arch\u00e9ologique unique avec votre chauffeur et guide priv\u00e9.\",\"breadcrumb\":{\"@id\":\"https:\/\/tourtravelandmore.com\/fr\/tours\/italie-fr\/rome-fr\/visite-dostie-antica-au-depart-de-rome-visite-privee-dune-demi-journee\/#breadcrumb\"},\"inLanguage\":\"fr-FR\",\"potentialAction\":[{\"@type\":\"ReadAction\",\"target\":[\"https:\/\/tourtravelandmore.com\/fr\/tours\/italie-fr\/rome-fr\/visite-dostie-antica-au-depart-de-rome-visite-privee-dune-demi-journee\/\"]}]},{\"@type\":\"ImageObject\",\"inLanguage\":\"fr-FR\",\"@id\":\"https:\/\/tourtravelandmore.com\/fr\/tours\/italie-fr\/rome-fr\/visite-dostie-antica-au-depart-de-rome-visite-privee-dune-demi-journee\/#primaryimage\",\"url\":\"https:\/\/tourtravelandmore.com\/wp-content\/uploads\/2017\/01\/ostia-antica-11.jpg\",\"contentUrl\":\"https:\/\/tourtravelandmore.com\/wp-content\/uploads\/2017\/01\/ostia-antica-11.jpg\",\"width\":1200,\"height\":800},{\"@type\":\"BreadcrumbList\",\"@id\":\"https:\/\/tourtravelandmore.com\/fr\/tours\/italie-fr\/rome-fr\/visite-dostie-antica-au-depart-de-rome-visite-privee-dune-demi-journee\/#breadcrumb\",\"itemListElement\":[{\"@type\":\"ListItem\",\"position\":1,\"name\":\"Home\",\"item\":\"https:\/\/tourtravelandmore.com\/fr\/\"},{\"@type\":\"ListItem\",\"position\":2,\"name\":\"Tours\",\"item\":\"https:\/\/tourtravelandmore.com\/fr\/tours\/\"},{\"@type\":\"ListItem\",\"position\":3,\"name\":\"Visite d&#8217;Ostie Antica au d\u00e9part de Rome &#8211; Visite priv\u00e9e d&#8217;une demi-journ\u00e9e\"}]},{\"@type\":\"WebSite\",\"@id\":\"https:\/\/tourtravelandmore.com\/fr\/#website\",\"url\":\"https:\/\/tourtravelandmore.com\/fr\/\",\"name\":\"Tour Travel And More\",\"description\":\"Private sightseeing tours and luxury transfers in Spain\",\"publisher\":{\"@id\":\"https:\/\/tourtravelandmore.com\/fr\/#organization\"},\"potentialAction\":[{\"@type\":\"SearchAction\",\"target\":{\"@type\":\"EntryPoint\",\"urlTemplate\":\"https:\/\/tourtravelandmore.com\/fr\/?s={search_term_string}\"},\"query-input\":{\"@type\":\"PropertyValueSpecification\",\"valueRequired\":true,\"valueName\":\"search_term_string\"}}],\"inLanguage\":\"fr-FR\"},{\"@type\":\"Organization\",\"@id\":\"https:\/\/tourtravelandmore.com\/fr\/#organization\",\"name\":\"Tour Travel And More\",\"url\":\"https:\/\/tourtravelandmore.com\/fr\/\",\"logo\":{\"@type\":\"ImageObject\",\"inLanguage\":\"fr-FR\",\"@id\":\"https:\/\/tourtravelandmore.com\/fr\/#\/schema\/logo\/image\/\",\"url\":\"https:\/\/tourtravelandmore.com\/wp-content\/uploads\/2022\/12\/cropped-logo-cabecera-new.png\",\"contentUrl\":\"https:\/\/tourtravelandmore.com\/wp-content\/uploads\/2022\/12\/cropped-logo-cabecera-new.png\",\"width\":430,\"height\":61,\"caption\":\"Tour Travel And More\"},\"image\":{\"@id\":\"https:\/\/tourtravelandmore.com\/fr\/#\/schema\/logo\/image\/\"},\"sameAs\":[\"https:\/\/www.facebook.com\/tourtravelandmore\/\",\"https:\/\/x.com\/TourTravel_More\"]}]}<\/script>\n<!-- \/ Yoast SEO Premium plugin. -->","yoast_head_json":{"title":"Visite priv\u00e9e d'Ostia Antica au d\u00e9part de Rome avec chauffeur priv\u00e9 et guide","description":"Visite priv\u00e9e d'une demi-journ\u00e9e d'Ostia Antica au d\u00e9part de Rome avec acc\u00e8s coupe-file. Admirez ce site arch\u00e9ologique unique avec votre chauffeur et guide priv\u00e9.","robots":{"index":"index","follow":"follow","max-snippet":"max-snippet:-1","max-image-preview":"max-image-preview:large","max-video-preview":"max-video-preview:-1"},"canonical":"https:\/\/tourtravelandmore.com\/fr\/tours\/italie-fr\/rome-fr\/visite-dostie-antica-au-depart-de-rome-visite-privee-dune-demi-journee\/","og_locale":"fr_FR","og_type":"article","og_title":"Visite d'Ostie Antica au d\u00e9part de Rome - Visite priv\u00e9e d'une demi-journ\u00e9e","og_description":"Visite priv\u00e9e d'une demi-journ\u00e9e d'Ostia Antica au d\u00e9part de Rome avec acc\u00e8s coupe-file. Admirez ce site arch\u00e9ologique unique avec votre chauffeur et guide priv\u00e9.","og_url":"https:\/\/tourtravelandmore.com\/fr\/tours\/italie-fr\/rome-fr\/visite-dostie-antica-au-depart-de-rome-visite-privee-dune-demi-journee\/","og_site_name":"Tour Travel And More","article_publisher":"https:\/\/www.facebook.com\/tourtravelandmore\/","article_modified_time":"2024-08-21T15:51:03+00:00","og_image":[{"width":1200,"height":800,"url":"https:\/\/tourtravelandmore.com\/wp-content\/uploads\/2017\/01\/ostia-antica-11.jpg","type":"image\/jpeg"}],"twitter_card":"summary_large_image","twitter_site":"@TourTravel_More","twitter_misc":{"Dur\u00e9e de lecture estim\u00e9e":"2 minutes"},"schema":{"@context":"https:\/\/schema.org","@graph":[{"@type":"WebPage","@id":"https:\/\/tourtravelandmore.com\/fr\/tours\/italie-fr\/rome-fr\/visite-dostie-antica-au-depart-de-rome-visite-privee-dune-demi-journee\/","url":"https:\/\/tourtravelandmore.com\/fr\/tours\/italie-fr\/rome-fr\/visite-dostie-antica-au-depart-de-rome-visite-privee-dune-demi-journee\/","name":"Visite priv\u00e9e d'Ostia Antica au d\u00e9part de Rome avec chauffeur priv\u00e9 et guide","isPartOf":{"@id":"https:\/\/tourtravelandmore.com\/fr\/#website"},"primaryImageOfPage":{"@id":"https:\/\/tourtravelandmore.com\/fr\/tours\/italie-fr\/rome-fr\/visite-dostie-antica-au-depart-de-rome-visite-privee-dune-demi-journee\/#primaryimage"},"image":{"@id":"https:\/\/tourtravelandmore.com\/fr\/tours\/italie-fr\/rome-fr\/visite-dostie-antica-au-depart-de-rome-visite-privee-dune-demi-journee\/#primaryimage"},"thumbnailUrl":"https:\/\/tourtravelandmore.com\/wp-content\/uploads\/2017\/01\/ostia-antica-11.jpg","datePublished":"2017-01-18T09:19:52+00:00","dateModified":"2024-08-21T15:51:03+00:00","description":"Visite priv\u00e9e d'une demi-journ\u00e9e d'Ostia Antica au d\u00e9part de Rome avec acc\u00e8s coupe-file. Admirez ce site arch\u00e9ologique unique avec votre chauffeur et guide priv\u00e9.","breadcrumb":{"@id":"https:\/\/tourtravelandmore.com\/fr\/tours\/italie-fr\/rome-fr\/visite-dostie-antica-au-depart-de-rome-visite-privee-dune-demi-journee\/#breadcrumb"},"inLanguage":"fr-FR","potentialAction":[{"@type":"ReadAction","target":["https:\/\/tourtravelandmore.com\/fr\/tours\/italie-fr\/rome-fr\/visite-dostie-antica-au-depart-de-rome-visite-privee-dune-demi-journee\/"]}]},{"@type":"ImageObject","inLanguage":"fr-FR","@id":"https:\/\/tourtravelandmore.com\/fr\/tours\/italie-fr\/rome-fr\/visite-dostie-antica-au-depart-de-rome-visite-privee-dune-demi-journee\/#primaryimage","url":"https:\/\/tourtravelandmore.com\/wp-content\/uploads\/2017\/01\/ostia-antica-11.jpg","contentUrl":"https:\/\/tourtravelandmore.com\/wp-content\/uploads\/2017\/01\/ostia-antica-11.jpg","width":1200,"height":800},{"@type":"BreadcrumbList","@id":"https:\/\/tourtravelandmore.com\/fr\/tours\/italie-fr\/rome-fr\/visite-dostie-antica-au-depart-de-rome-visite-privee-dune-demi-journee\/#breadcrumb","itemListElement":[{"@type":"ListItem","position":1,"name":"Home","item":"https:\/\/tourtravelandmore.com\/fr\/"},{"@type":"ListItem","position":2,"name":"Tours","item":"https:\/\/tourtravelandmore.com\/fr\/tours\/"},{"@type":"ListItem","position":3,"name":"Visite d&#8217;Ostie Antica au d\u00e9part de Rome &#8211; Visite priv\u00e9e d&#8217;une demi-journ\u00e9e"}]},{"@type":"WebSite","@id":"https:\/\/tourtravelandmore.com\/fr\/#website","url":"https:\/\/tourtravelandmore.com\/fr\/","name":"Tour Travel And More","description":"Private sightseeing tours and luxury transfers in Spain","publisher":{"@id":"https:\/\/tourtravelandmore.com\/fr\/#organization"},"potentialAction":[{"@type":"SearchAction","target":{"@type":"EntryPoint","urlTemplate":"https:\/\/tourtravelandmore.com\/fr\/?s={search_term_string}"},"query-input":{"@type":"PropertyValueSpecification","valueRequired":true,"valueName":"search_term_string"}}],"inLanguage":"fr-FR"},{"@type":"Organization","@id":"https:\/\/tourtravelandmore.com\/fr\/#organization","name":"Tour Travel And More","url":"https:\/\/tourtravelandmore.com\/fr\/","logo":{"@type":"ImageObject","inLanguage":"fr-FR","@id":"https:\/\/tourtravelandmore.com\/fr\/#\/schema\/logo\/image\/","url":"https:\/\/tourtravelandmore.com\/wp-content\/uploads\/2022\/12\/cropped-logo-cabecera-new.png","contentUrl":"https:\/\/tourtravelandmore.com\/wp-content\/uploads\/2022\/12\/cropped-logo-cabecera-new.png","width":430,"height":61,"caption":"Tour Travel And More"},"image":{"@id":"https:\/\/tourtravelandmore.com\/fr\/#\/schema\/logo\/image\/"},"sameAs":["https:\/\/www.facebook.com\/tourtravelandmore\/","https:\/\/x.com\/TourTravel_More"]}]}},"_links":{"self":[{"href":"https:\/\/tourtravelandmore.com\/fr\/wp-json\/wp\/v2\/product\/101446","targetHints":{"allow":["GET"]}}],"collection":[{"href":"https:\/\/tourtravelandmore.com\/fr\/wp-json\/wp\/v2\/product"}],"about":[{"href":"https:\/\/tourtravelandmore.com\/fr\/wp-json\/wp\/v2\/types\/product"}],"replies":[{"embeddable":true,"href":"https:\/\/tourtravelandmore.com\/fr\/wp-json\/wp\/v2\/comments?post=101446"}],"wp:featuredmedia":[{"embeddable":true,"href":"https:\/\/tourtravelandmore.com\/fr\/wp-json\/wp\/v2\/media\/94660"}],"wp:attachment":[{"href":"https:\/\/tourtravelandmore.com\/fr\/wp-json\/wp\/v2\/media?parent=101446"}],"wp:term":[{"taxonomy":"product_brand","embeddable":true,"href":"https:\/\/tourtravelandmore.com\/fr\/wp-json\/wp\/v2\/product_brand?post=101446"},{"taxonomy":"product_cat","embeddable":true,"href":"https:\/\/tourtravelandmore.com\/fr\/wp-json\/wp\/v2\/product_cat?post=101446"},{"taxonomy":"product_tag","embeddable":true,"href":"https:\/\/tourtravelandmore.com\/fr\/wp-json\/wp\/v2\/product_tag?post=101446"}],"curies":[{"name":"wp","href":"https:\/\/api.w.org\/{rel}","templated":true}]}}