{"id":101441,"date":"2017-01-18T10:09:50","date_gmt":"2017-01-18T09:09:50","guid":{"rendered":"https:\/\/tourtravelandmore.com\/tours\/non%20class\u00e9\/visite-du-vatican-et-du-colisee-visite-privee-dune-journee-avec-billets-coupe-file\/"},"modified":"2024-08-21T17:49:59","modified_gmt":"2024-08-21T15:49:59","slug":"visite-du-vatican-et-du-colisee-visite-privee-dune-journee-avec-billets-coupe-file","status":"publish","type":"product","link":"https:\/\/tourtravelandmore.com\/fr\/tours\/italie-fr\/rome-fr\/visite-du-vatican-et-du-colisee-visite-privee-dune-journee-avec-billets-coupe-file\/","title":{"rendered":"Visite du Vatican et du Colis\u00e9e &#8211; Visite priv\u00e9e d&#8217;une journ\u00e9e avec billets coupe-file"},"content":{"rendered":"<h2>Description<\/h2>\n<p>Cette visite priv\u00e9e du Vatican et du Colis\u00e9e vous fera d\u00e9couvrir les deux endroits les plus importants de Rome avec votre guide et chauffeur priv\u00e9 officiel.<\/p>\n<p>Nous viendrons vous chercher \u00e0 votre h\u00f4tel ou lieu de votre choix dans un v\u00e9hicule de luxe priv\u00e9 et vous emm\u00e8nerons dans cette visite priv\u00e9e pour d\u00e9couvrir Rome et ses sites les plus embl\u00e9matiques.<\/p>\n<p>Rome est une ville d&#8217;Italie et la capitale de l&#8217;Italie et de la r\u00e9gion du Latium. C&#8217;est la plus grande commune et la quatri\u00e8me ville la plus peupl\u00e9e de l&#8217;Union europ\u00e9enne.<\/p>\n<p>La Cit\u00e9 du Vatican est un pays ind\u00e9pendant situ\u00e9 dans les limites de Rome et c&#8217;est l\u00e0 que se trouve la r\u00e9sidence du pape.<\/p>\n<p>Le Colis\u00e9e, situ\u00e9 au centre de la ville de Rome est un amphith\u00e9\u00e2tre de l&#8217;\u00e9poque de l&#8217;Empire romain, construit au 1er si\u00e8cle.<\/p>\n<p>Profitez de cette visite priv\u00e9e du Vatican et du Colis\u00e9e avec des billets coupe-file et admirez ce que Rome a \u00e0 offrir. Il s&#8217;agit d&#8217;une visite unique enti\u00e8rement personnalis\u00e9e pour vous et votre groupe.<\/p>\n<h2>Sites d&#8217;int\u00e9r\u00eat et points de rep\u00e8re<\/h2>\n<p>Cette visite priv\u00e9e du Vatican et du Colis\u00e9e commencera t\u00f4t le matin, votre chauffeur priv\u00e9 et votre guide officiel viendront vous chercher \u00e0 votre h\u00f4tel ou lieu de votre choix \u00e0 Rome dans un v\u00e9hicule de luxe priv\u00e9.<\/p>\n<p>Avec cette visite priv\u00e9e, vous visiterez deux des sites les plus repr\u00e9sentatifs et historiques de la ville, le Colis\u00e9e et la Cit\u00e9 du Vatican. De plus, vous conduirez \u00e9galement et d\u00e9couvrirez en profondeur cette ville glorieuse.<\/p>\n<p>Entre autres monuments et sites touristiques, vous pouvez apprendre \u00e0 conna\u00eetre:<\/p>\n<ul>\n<li>Colis\u00e9e (entr\u00e9e coupe-file incluse dans le prix de cette visite)<\/li>\n<li>forum romain<\/li>\n<li>Mont Palatin<\/li>\n<li>Piazza Venezia<\/li>\n<li>Cit\u00e9 du Vatican (entr\u00e9e g\u00e9n\u00e9rale coupe-file aux mus\u00e9es du Vatican et \u00e0 la chapelle Sixtine incluse)<\/li>\n<li>Fontaine de Trevi<\/li>\n<li>Marches espagnoles<\/li>\n<li>Panth\u00e9on<\/li>\n<li>Piazza Novona<\/li>\n<li>Place Minerva<\/li>\n<li>Place Colonna<\/li>\n<li>Palais Farn\u00e8se (ext\u00e9rieur)<\/li>\n<li>Beaucoup plus!<\/li>\n<\/ul>\n<p>Vous pourrez profiter et admirer la grande architecture et les sites touristiques des monuments les plus importants et les plus connus de Rome, en conclusion, vous allez adorer Rome !.<\/p>\n<p>Votre guide officiel priv\u00e9 et votre v\u00e9hicule de luxe avec chauffeur sont \u00e0 votre disposition pendant toute la dur\u00e9e de la visite, vous pourrez donc profiter au maximum des deux monuments et tirer le meilleur parti de votre exp\u00e9rience \u00e0 Rome.<\/p>\n<p>Une fois la visite termin\u00e9e, votre guide officiel et chauffeur priv\u00e9 vous ram\u00e8nera \u00e0 votre h\u00f4tel ou lieu de votre choix \u00e0 Rome.<\/p>\n<p>Si vous \u00eates int\u00e9ress\u00e9 par une visite plus courte ou plus longue, n&#8217;h\u00e9sitez pas \u00e0 nous contacter, voici un exemple de deux visites d&#8217;une demi-journ\u00e9e \u00e0 Rome: Visite priv\u00e9e de 4 heures de la ville de Rome et du Colis\u00e9e et Visite priv\u00e9e de 5 heures de Rome et la Cit\u00e9 du Vatican.<\/p>\n","protected":false},"excerpt":{"rendered":"<p>Venez avec nous pour cette visite priv\u00e9e de Rome et profitez de leurs monuments et sites les plus importants. Profitez de cette occasion pour visiter le Colis\u00e9e romain, la Cit\u00e9 du Vatican et les points forts de Rome avec votre chauffeur priv\u00e9 et votre guide officiel. Les billets d&#8217;entr\u00e9e sont inclus dans le prix de la visite.<\/p>\n","protected":false},"featured_media":94647,"comment_status":"open","ping_status":"closed","template":"","meta":{"_acf_changed":false},"product_brand":[],"product_cat":[5424,5426,5427,5428,3550],"product_tag":[],"class_list":{"0":"post-101441","1":"product","2":"type-product","3":"status-publish","4":"has-post-thumbnail","6":"product_cat-all-private-tours-activities-fr-32","7":"product_cat-best-sellers-fr-4","8":"product_cat-private-day-trips-fr-21","9":"product_cat-private-sightseeing-tours-fr-41","10":"product_cat-rome-fr","12":"first","13":"instock","14":"shipping-taxable","15":"purchasable","16":"product-type-simple"},"acf":[],"yoast_head":"<!-- This site is optimized with the Yoast SEO Premium plugin v25.3.1 (Yoast SEO v25.3.1) - https:\/\/yoast.com\/wordpress\/plugins\/seo\/ -->\n<title>Visite priv\u00e9e du Vatican et du Colis\u00e9e - Visite d&#039;une journ\u00e9e compl\u00e8te avec chauffeur et guide<\/title>\n<meta name=\"description\" content=\"Visite priv\u00e9e du Vatican et du Colis\u00e9e de Rome. Profitez des monuments et sites les plus importants de Rome avec chauffeur et guide priv\u00e9s et \u00e9vitez les files d&#039;attente.\" \/>\n<meta name=\"robots\" content=\"index, follow, max-snippet:-1, max-image-preview:large, max-video-preview:-1\" \/>\n<link rel=\"canonical\" href=\"https:\/\/tourtravelandmore.com\/fr\/tours\/italie-fr\/rome-fr\/visite-du-vatican-et-du-colisee-visite-privee-dune-journee-avec-billets-coupe-file\/\" \/>\n<meta property=\"og:locale\" content=\"fr_FR\" \/>\n<meta property=\"og:type\" content=\"article\" \/>\n<meta property=\"og:title\" content=\"Visite du Vatican et du Colis\u00e9e - Visite priv\u00e9e d&#039;une journ\u00e9e avec billets coupe-file\" \/>\n<meta property=\"og:description\" content=\"Visite priv\u00e9e du Vatican et du Colis\u00e9e de Rome. Profitez des monuments et sites les plus importants de Rome avec chauffeur et guide priv\u00e9s et \u00e9vitez les files d&#039;attente.\" \/>\n<meta property=\"og:url\" content=\"https:\/\/tourtravelandmore.com\/fr\/tours\/italie-fr\/rome-fr\/visite-du-vatican-et-du-colisee-visite-privee-dune-journee-avec-billets-coupe-file\/\" \/>\n<meta property=\"og:site_name\" content=\"Tour Travel And More\" \/>\n<meta property=\"article:publisher\" content=\"https:\/\/www.facebook.com\/tourtravelandmore\/\" \/>\n<meta property=\"article:modified_time\" content=\"2024-08-21T15:49:59+00:00\" \/>\n<meta property=\"og:image\" content=\"https:\/\/tourtravelandmore.com\/wp-content\/uploads\/2017\/01\/16800139540_36cf1bde89_b.jpg\" \/>\n\t<meta property=\"og:image:width\" content=\"1024\" \/>\n\t<meta property=\"og:image:height\" content=\"546\" \/>\n\t<meta property=\"og:image:type\" content=\"image\/jpeg\" \/>\n<meta name=\"twitter:card\" content=\"summary_large_image\" \/>\n<meta name=\"twitter:site\" content=\"@TourTravel_More\" \/>\n<meta name=\"twitter:label1\" content=\"Dur\u00e9e de lecture estim\u00e9e\" \/>\n\t<meta name=\"twitter:data1\" content=\"3 minutes\" \/>\n<script type=\"application\/ld+json\" class=\"yoast-schema-graph\">{\"@context\":\"https:\/\/schema.org\",\"@graph\":[{\"@type\":\"WebPage\",\"@id\":\"https:\/\/tourtravelandmore.com\/fr\/tours\/italie-fr\/rome-fr\/visite-du-vatican-et-du-colisee-visite-privee-dune-journee-avec-billets-coupe-file\/\",\"url\":\"https:\/\/tourtravelandmore.com\/fr\/tours\/italie-fr\/rome-fr\/visite-du-vatican-et-du-colisee-visite-privee-dune-journee-avec-billets-coupe-file\/\",\"name\":\"Visite priv\u00e9e du Vatican et du Colis\u00e9e - Visite d'une journ\u00e9e compl\u00e8te avec chauffeur et guide\",\"isPartOf\":{\"@id\":\"https:\/\/tourtravelandmore.com\/fr\/#website\"},\"primaryImageOfPage\":{\"@id\":\"https:\/\/tourtravelandmore.com\/fr\/tours\/italie-fr\/rome-fr\/visite-du-vatican-et-du-colisee-visite-privee-dune-journee-avec-billets-coupe-file\/#primaryimage\"},\"image\":{\"@id\":\"https:\/\/tourtravelandmore.com\/fr\/tours\/italie-fr\/rome-fr\/visite-du-vatican-et-du-colisee-visite-privee-dune-journee-avec-billets-coupe-file\/#primaryimage\"},\"thumbnailUrl\":\"https:\/\/tourtravelandmore.com\/wp-content\/uploads\/2017\/01\/16800139540_36cf1bde89_b.jpg\",\"datePublished\":\"2017-01-18T09:09:50+00:00\",\"dateModified\":\"2024-08-21T15:49:59+00:00\",\"description\":\"Visite priv\u00e9e du Vatican et du Colis\u00e9e de Rome. Profitez des monuments et sites les plus importants de Rome avec chauffeur et guide priv\u00e9s et \u00e9vitez les files d'attente.\",\"breadcrumb\":{\"@id\":\"https:\/\/tourtravelandmore.com\/fr\/tours\/italie-fr\/rome-fr\/visite-du-vatican-et-du-colisee-visite-privee-dune-journee-avec-billets-coupe-file\/#breadcrumb\"},\"inLanguage\":\"fr-FR\",\"potentialAction\":[{\"@type\":\"ReadAction\",\"target\":[\"https:\/\/tourtravelandmore.com\/fr\/tours\/italie-fr\/rome-fr\/visite-du-vatican-et-du-colisee-visite-privee-dune-journee-avec-billets-coupe-file\/\"]}]},{\"@type\":\"ImageObject\",\"inLanguage\":\"fr-FR\",\"@id\":\"https:\/\/tourtravelandmore.com\/fr\/tours\/italie-fr\/rome-fr\/visite-du-vatican-et-du-colisee-visite-privee-dune-journee-avec-billets-coupe-file\/#primaryimage\",\"url\":\"https:\/\/tourtravelandmore.com\/wp-content\/uploads\/2017\/01\/16800139540_36cf1bde89_b.jpg\",\"contentUrl\":\"https:\/\/tourtravelandmore.com\/wp-content\/uploads\/2017\/01\/16800139540_36cf1bde89_b.jpg\",\"width\":1024,\"height\":546},{\"@type\":\"BreadcrumbList\",\"@id\":\"https:\/\/tourtravelandmore.com\/fr\/tours\/italie-fr\/rome-fr\/visite-du-vatican-et-du-colisee-visite-privee-dune-journee-avec-billets-coupe-file\/#breadcrumb\",\"itemListElement\":[{\"@type\":\"ListItem\",\"position\":1,\"name\":\"Home\",\"item\":\"https:\/\/tourtravelandmore.com\/fr\/\"},{\"@type\":\"ListItem\",\"position\":2,\"name\":\"Tours\",\"item\":\"https:\/\/tourtravelandmore.com\/fr\/tours\/\"},{\"@type\":\"ListItem\",\"position\":3,\"name\":\"Visite du Vatican et du Colis\u00e9e &#8211; Visite priv\u00e9e d&#8217;une journ\u00e9e avec billets coupe-file\"}]},{\"@type\":\"WebSite\",\"@id\":\"https:\/\/tourtravelandmore.com\/fr\/#website\",\"url\":\"https:\/\/tourtravelandmore.com\/fr\/\",\"name\":\"Tour Travel And More\",\"description\":\"Private sightseeing tours and luxury transfers in Spain\",\"publisher\":{\"@id\":\"https:\/\/tourtravelandmore.com\/fr\/#organization\"},\"potentialAction\":[{\"@type\":\"SearchAction\",\"target\":{\"@type\":\"EntryPoint\",\"urlTemplate\":\"https:\/\/tourtravelandmore.com\/fr\/?s={search_term_string}\"},\"query-input\":{\"@type\":\"PropertyValueSpecification\",\"valueRequired\":true,\"valueName\":\"search_term_string\"}}],\"inLanguage\":\"fr-FR\"},{\"@type\":\"Organization\",\"@id\":\"https:\/\/tourtravelandmore.com\/fr\/#organization\",\"name\":\"Tour Travel And More\",\"url\":\"https:\/\/tourtravelandmore.com\/fr\/\",\"logo\":{\"@type\":\"ImageObject\",\"inLanguage\":\"fr-FR\",\"@id\":\"https:\/\/tourtravelandmore.com\/fr\/#\/schema\/logo\/image\/\",\"url\":\"https:\/\/tourtravelandmore.com\/wp-content\/uploads\/2022\/12\/cropped-logo-cabecera-new.png\",\"contentUrl\":\"https:\/\/tourtravelandmore.com\/wp-content\/uploads\/2022\/12\/cropped-logo-cabecera-new.png\",\"width\":430,\"height\":61,\"caption\":\"Tour Travel And More\"},\"image\":{\"@id\":\"https:\/\/tourtravelandmore.com\/fr\/#\/schema\/logo\/image\/\"},\"sameAs\":[\"https:\/\/www.facebook.com\/tourtravelandmore\/\",\"https:\/\/x.com\/TourTravel_More\"]}]}<\/script>\n<!-- \/ Yoast SEO Premium plugin. -->","yoast_head_json":{"title":"Visite priv\u00e9e du Vatican et du Colis\u00e9e - Visite d'une journ\u00e9e compl\u00e8te avec chauffeur et guide","description":"Visite priv\u00e9e du Vatican et du Colis\u00e9e de Rome. Profitez des monuments et sites les plus importants de Rome avec chauffeur et guide priv\u00e9s et \u00e9vitez les files d'attente.","robots":{"index":"index","follow":"follow","max-snippet":"max-snippet:-1","max-image-preview":"max-image-preview:large","max-video-preview":"max-video-preview:-1"},"canonical":"https:\/\/tourtravelandmore.com\/fr\/tours\/italie-fr\/rome-fr\/visite-du-vatican-et-du-colisee-visite-privee-dune-journee-avec-billets-coupe-file\/","og_locale":"fr_FR","og_type":"article","og_title":"Visite du Vatican et du Colis\u00e9e - Visite priv\u00e9e d'une journ\u00e9e avec billets coupe-file","og_description":"Visite priv\u00e9e du Vatican et du Colis\u00e9e de Rome. Profitez des monuments et sites les plus importants de Rome avec chauffeur et guide priv\u00e9s et \u00e9vitez les files d'attente.","og_url":"https:\/\/tourtravelandmore.com\/fr\/tours\/italie-fr\/rome-fr\/visite-du-vatican-et-du-colisee-visite-privee-dune-journee-avec-billets-coupe-file\/","og_site_name":"Tour Travel And More","article_publisher":"https:\/\/www.facebook.com\/tourtravelandmore\/","article_modified_time":"2024-08-21T15:49:59+00:00","og_image":[{"width":1024,"height":546,"url":"https:\/\/tourtravelandmore.com\/wp-content\/uploads\/2017\/01\/16800139540_36cf1bde89_b.jpg","type":"image\/jpeg"}],"twitter_card":"summary_large_image","twitter_site":"@TourTravel_More","twitter_misc":{"Dur\u00e9e de lecture estim\u00e9e":"3 minutes"},"schema":{"@context":"https:\/\/schema.org","@graph":[{"@type":"WebPage","@id":"https:\/\/tourtravelandmore.com\/fr\/tours\/italie-fr\/rome-fr\/visite-du-vatican-et-du-colisee-visite-privee-dune-journee-avec-billets-coupe-file\/","url":"https:\/\/tourtravelandmore.com\/fr\/tours\/italie-fr\/rome-fr\/visite-du-vatican-et-du-colisee-visite-privee-dune-journee-avec-billets-coupe-file\/","name":"Visite priv\u00e9e du Vatican et du Colis\u00e9e - Visite d'une journ\u00e9e compl\u00e8te avec chauffeur et guide","isPartOf":{"@id":"https:\/\/tourtravelandmore.com\/fr\/#website"},"primaryImageOfPage":{"@id":"https:\/\/tourtravelandmore.com\/fr\/tours\/italie-fr\/rome-fr\/visite-du-vatican-et-du-colisee-visite-privee-dune-journee-avec-billets-coupe-file\/#primaryimage"},"image":{"@id":"https:\/\/tourtravelandmore.com\/fr\/tours\/italie-fr\/rome-fr\/visite-du-vatican-et-du-colisee-visite-privee-dune-journee-avec-billets-coupe-file\/#primaryimage"},"thumbnailUrl":"https:\/\/tourtravelandmore.com\/wp-content\/uploads\/2017\/01\/16800139540_36cf1bde89_b.jpg","datePublished":"2017-01-18T09:09:50+00:00","dateModified":"2024-08-21T15:49:59+00:00","description":"Visite priv\u00e9e du Vatican et du Colis\u00e9e de Rome. Profitez des monuments et sites les plus importants de Rome avec chauffeur et guide priv\u00e9s et \u00e9vitez les files d'attente.","breadcrumb":{"@id":"https:\/\/tourtravelandmore.com\/fr\/tours\/italie-fr\/rome-fr\/visite-du-vatican-et-du-colisee-visite-privee-dune-journee-avec-billets-coupe-file\/#breadcrumb"},"inLanguage":"fr-FR","potentialAction":[{"@type":"ReadAction","target":["https:\/\/tourtravelandmore.com\/fr\/tours\/italie-fr\/rome-fr\/visite-du-vatican-et-du-colisee-visite-privee-dune-journee-avec-billets-coupe-file\/"]}]},{"@type":"ImageObject","inLanguage":"fr-FR","@id":"https:\/\/tourtravelandmore.com\/fr\/tours\/italie-fr\/rome-fr\/visite-du-vatican-et-du-colisee-visite-privee-dune-journee-avec-billets-coupe-file\/#primaryimage","url":"https:\/\/tourtravelandmore.com\/wp-content\/uploads\/2017\/01\/16800139540_36cf1bde89_b.jpg","contentUrl":"https:\/\/tourtravelandmore.com\/wp-content\/uploads\/2017\/01\/16800139540_36cf1bde89_b.jpg","width":1024,"height":546},{"@type":"BreadcrumbList","@id":"https:\/\/tourtravelandmore.com\/fr\/tours\/italie-fr\/rome-fr\/visite-du-vatican-et-du-colisee-visite-privee-dune-journee-avec-billets-coupe-file\/#breadcrumb","itemListElement":[{"@type":"ListItem","position":1,"name":"Home","item":"https:\/\/tourtravelandmore.com\/fr\/"},{"@type":"ListItem","position":2,"name":"Tours","item":"https:\/\/tourtravelandmore.com\/fr\/tours\/"},{"@type":"ListItem","position":3,"name":"Visite du Vatican et du Colis\u00e9e &#8211; Visite priv\u00e9e d&#8217;une journ\u00e9e avec billets coupe-file"}]},{"@type":"WebSite","@id":"https:\/\/tourtravelandmore.com\/fr\/#website","url":"https:\/\/tourtravelandmore.com\/fr\/","name":"Tour Travel And More","description":"Private sightseeing tours and luxury transfers in Spain","publisher":{"@id":"https:\/\/tourtravelandmore.com\/fr\/#organization"},"potentialAction":[{"@type":"SearchAction","target":{"@type":"EntryPoint","urlTemplate":"https:\/\/tourtravelandmore.com\/fr\/?s={search_term_string}"},"query-input":{"@type":"PropertyValueSpecification","valueRequired":true,"valueName":"search_term_string"}}],"inLanguage":"fr-FR"},{"@type":"Organization","@id":"https:\/\/tourtravelandmore.com\/fr\/#organization","name":"Tour Travel And More","url":"https:\/\/tourtravelandmore.com\/fr\/","logo":{"@type":"ImageObject","inLanguage":"fr-FR","@id":"https:\/\/tourtravelandmore.com\/fr\/#\/schema\/logo\/image\/","url":"https:\/\/tourtravelandmore.com\/wp-content\/uploads\/2022\/12\/cropped-logo-cabecera-new.png","contentUrl":"https:\/\/tourtravelandmore.com\/wp-content\/uploads\/2022\/12\/cropped-logo-cabecera-new.png","width":430,"height":61,"caption":"Tour Travel And More"},"image":{"@id":"https:\/\/tourtravelandmore.com\/fr\/#\/schema\/logo\/image\/"},"sameAs":["https:\/\/www.facebook.com\/tourtravelandmore\/","https:\/\/x.com\/TourTravel_More"]}]}},"_links":{"self":[{"href":"https:\/\/tourtravelandmore.com\/fr\/wp-json\/wp\/v2\/product\/101441","targetHints":{"allow":["GET"]}}],"collection":[{"href":"https:\/\/tourtravelandmore.com\/fr\/wp-json\/wp\/v2\/product"}],"about":[{"href":"https:\/\/tourtravelandmore.com\/fr\/wp-json\/wp\/v2\/types\/product"}],"replies":[{"embeddable":true,"href":"https:\/\/tourtravelandmore.com\/fr\/wp-json\/wp\/v2\/comments?post=101441"}],"wp:featuredmedia":[{"embeddable":true,"href":"https:\/\/tourtravelandmore.com\/fr\/wp-json\/wp\/v2\/media\/94647"}],"wp:attachment":[{"href":"https:\/\/tourtravelandmore.com\/fr\/wp-json\/wp\/v2\/media?parent=101441"}],"wp:term":[{"taxonomy":"product_brand","embeddable":true,"href":"https:\/\/tourtravelandmore.com\/fr\/wp-json\/wp\/v2\/product_brand?post=101441"},{"taxonomy":"product_cat","embeddable":true,"href":"https:\/\/tourtravelandmore.com\/fr\/wp-json\/wp\/v2\/product_cat?post=101441"},{"taxonomy":"product_tag","embeddable":true,"href":"https:\/\/tourtravelandmore.com\/fr\/wp-json\/wp\/v2\/product_tag?post=101441"}],"curies":[{"name":"wp","href":"https:\/\/api.w.org\/{rel}","templated":true}]}}