{"id":101436,"date":"2017-01-18T09:57:44","date_gmt":"2017-01-18T08:57:44","guid":{"rendered":"https:\/\/tourtravelandmore.com\/tours\/non%20class\u00e9\/visite-privee-du-vatican-et-points-forts-de-rome\/"},"modified":"2024-08-21T17:50:22","modified_gmt":"2024-08-21T15:50:22","slug":"visite-privee-du-vatican-et-points-forts-de-rome","status":"publish","type":"product","link":"https:\/\/tourtravelandmore.com\/fr\/tours\/italie-fr\/rome-fr\/visite-privee-du-vatican-et-points-forts-de-rome\/","title":{"rendered":"Visite priv\u00e9e du Vatican et points forts de Rome"},"content":{"rendered":"<h2>Description<\/h2>\n<p>Profitez de cette visite priv\u00e9e du Vatican et des points forts de Rome avec Tour Travel &amp; More. Votre chauffeur priv\u00e9 et votre guide officiel viendront vous chercher \u00e0 votre h\u00f4tel dans un v\u00e9hicule de luxe priv\u00e9 \u00e0 l&#8217;heure souhait\u00e9e.<\/p>\n<p>La Cit\u00e9 du Vatican a \u00e9t\u00e9 d\u00e9clar\u00e9e \u00c9tat en 1929. Environ 1000 personnes vivent dans la Cit\u00e9 du Vatican, qui travaillent sur ses mus\u00e9es et ses installations.<\/p>\n<p>Le Vatican est le centre spirituel de tous les catholiques du monde et est la r\u00e9sidence de Papa. C&#8217;est aussi un tr\u00e9sor d&#8217;architecture et d&#8217;art embl\u00e9matiques.<\/p>\n<p>Si vous avez des demandes sp\u00e9ciales, n&#8217;h\u00e9sitez pas \u00e0 nous le faire savoir. \u00c9tant donn\u00e9 qu&#8217;il s&#8217;agit d&#8217;une visite priv\u00e9e, nous pouvons organiser tout changement ou modification.<\/p>\n<p>Si vous souhaitez visiter \u00e9galement le Colis\u00e9e, nous vous recommandons l&#8217;excursion d&#8217;une journ\u00e9e compl\u00e8te au Vatican et au Colis\u00e9e avec entr\u00e9e aux deux monuments.<\/p>\n<h2>Sites d&#8217;int\u00e9r\u00eat et points de rep\u00e8re<\/h2>\n<p>Au cours de cette visite priv\u00e9e, vous apprendrez \u00e0 conna\u00eetre les lieux les plus embl\u00e9matiques de la Cit\u00e9 du Vatican et de Rome \u00e0 bord de votre v\u00e9hicule priv\u00e9.<\/p>\n<p>Tout d&#8217;abord, vous visiterez la Cit\u00e9 du Vatican, en fonction de l&#8217;heure de d\u00e9but de la visite, vous visiterez d&#8217;abord les mus\u00e9es du Vatican ou la basilique Saint-Pierre.<\/p>\n<p>\u00c0 l&#8217;int\u00e9rieur de la Cit\u00e9 du Vatican, vous visiterez les lieux suivants:<\/p>\n<ul>\n<li>Galeries du Vatican (il y a cinq galeries au Vatican: la galerie lapidaire, la nouvelle aile du mus\u00e9e<\/li>\n<li>Chiaramonti, la galerie des cand\u00e9labres, la galerie des tapisseries et la galerie des cartes).<\/li>\n<li>Place Saint-Pierre (situ\u00e9e en face de la basilique Saint-Pierre)<\/li>\n<li>Chapelle Sixtine (chapelle du Palais apostolique du Vatican)<\/li>\n<li>Basilique Saint-Pierre (temple catholique \u00e0 l&#8217;int\u00e9rieur de la Cit\u00e9 du Vatican)<\/li>\n<li>Pinacoteca Vaticana (galerie d&#8217;art qui fait partie des mus\u00e9es du Vatican)<\/li>\n<li>Les chambres de Raphael<\/li>\n<li>Beaucoup plus!<\/li>\n<\/ul>\n<p>Deuxi\u00e8mement, vous continuerez votre visite priv\u00e9e \u00e0 la fontaine de Trevi, qui est l&#8217;une des plus grandes fontaines monumentales (avec environ 40 m\u00e8tres devant) du baroque \u00e0 Rome.<\/p>\n<p>Troisi\u00e8mement, nous continuerons \u00e0 visiter le Panth\u00e9on, un ancien temple romain situ\u00e9 sur la Piazza della Rotonda.<\/p>\n<p>Un autre incontournable de cette visite priv\u00e9e est la Piazza di Spagna, l&#8217;une des places les plus importantes de Rome et o\u00f9 se trouve la place d&#8217;Espagne.<\/p>\n<p>Enfin et surtout, nous visiterons le Colis\u00e9e (de l&#8217;ext\u00e9rieur), qui est le plus grand amphith\u00e9\u00e2tre construit sous l&#8217;Empire romain.<\/p>\n<p>La visite a une dur\u00e9e de 5 heures, 3 d&#8217;entre elles seront d\u00e9di\u00e9es \u00e0 la Cit\u00e9 du Vatican et les 2 autres heures, vous profiterez d&#8217;une visite panoramique des sites les plus repr\u00e9sentatifs de Rome.<\/p>\n","protected":false},"excerpt":{"rendered":"<p>Visitez et admirez toute la Cit\u00e9 du Vatican, puis profitez d&#8217;un peu de temps pour voir les points forts de Rome tels que nous: Panteon, la fontaine de Trevi, la place Spagna et bien plus encore!. Votre chauffeur priv\u00e9 et votre guide seront \u00e0 votre enti\u00e8re disposition pendant toute la dur\u00e9e de la visite.<\/p>\n","protected":false},"featured_media":97803,"comment_status":"open","ping_status":"closed","template":"","meta":{"_acf_changed":false},"product_brand":[],"product_cat":[5424,5426,5427,5428,3550],"product_tag":[],"class_list":{"0":"post-101436","1":"product","2":"type-product","3":"status-publish","4":"has-post-thumbnail","6":"product_cat-all-private-tours-activities-fr-32","7":"product_cat-best-sellers-fr-4","8":"product_cat-private-day-trips-fr-21","9":"product_cat-private-sightseeing-tours-fr-41","10":"product_cat-rome-fr","12":"first","13":"instock","14":"shipping-taxable","15":"purchasable","16":"product-type-simple"},"acf":[],"yoast_head":"<!-- This site is optimized with the Yoast SEO Premium plugin v25.3.1 (Yoast SEO v25.3.1) - https:\/\/yoast.com\/wordpress\/plugins\/seo\/ -->\n<title>Visite priv\u00e9e du Vatican et points forts de Rome avec chauffeur et guide officiel<\/title>\n<meta name=\"description\" content=\"Visite priv\u00e9e personnalis\u00e9e du Vatican et points forts de Rome. Profitez de leurs monuments et sites les plus importants. Billets coupe-file inclus.\" \/>\n<meta name=\"robots\" content=\"index, follow, max-snippet:-1, max-image-preview:large, max-video-preview:-1\" \/>\n<link rel=\"canonical\" href=\"https:\/\/tourtravelandmore.com\/fr\/tours\/italie-fr\/rome-fr\/visite-privee-du-vatican-et-points-forts-de-rome\/\" \/>\n<meta property=\"og:locale\" content=\"fr_FR\" \/>\n<meta property=\"og:type\" content=\"article\" \/>\n<meta property=\"og:title\" content=\"Visite priv\u00e9e du Vatican et points forts de Rome\" \/>\n<meta property=\"og:description\" content=\"Visite priv\u00e9e personnalis\u00e9e du Vatican et points forts de Rome. Profitez de leurs monuments et sites les plus importants. Billets coupe-file inclus.\" \/>\n<meta property=\"og:url\" content=\"https:\/\/tourtravelandmore.com\/fr\/tours\/italie-fr\/rome-fr\/visite-privee-du-vatican-et-points-forts-de-rome\/\" \/>\n<meta property=\"og:site_name\" content=\"Tour Travel And More\" \/>\n<meta property=\"article:publisher\" content=\"https:\/\/www.facebook.com\/tourtravelandmore\/\" \/>\n<meta property=\"article:modified_time\" content=\"2024-08-21T15:50:22+00:00\" \/>\n<meta property=\"og:image\" content=\"https:\/\/tourtravelandmore.com\/wp-content\/uploads\/2017\/01\/vaticano-2.jpg\" \/>\n\t<meta property=\"og:image:width\" content=\"910\" \/>\n\t<meta property=\"og:image:height\" content=\"605\" \/>\n\t<meta property=\"og:image:type\" content=\"image\/jpeg\" \/>\n<meta name=\"twitter:card\" content=\"summary_large_image\" \/>\n<meta name=\"twitter:site\" content=\"@TourTravel_More\" \/>\n<meta name=\"twitter:label1\" content=\"Dur\u00e9e de lecture estim\u00e9e\" \/>\n\t<meta name=\"twitter:data1\" content=\"2 minutes\" \/>\n<script type=\"application\/ld+json\" class=\"yoast-schema-graph\">{\"@context\":\"https:\/\/schema.org\",\"@graph\":[{\"@type\":\"WebPage\",\"@id\":\"https:\/\/tourtravelandmore.com\/fr\/tours\/italie-fr\/rome-fr\/visite-privee-du-vatican-et-points-forts-de-rome\/\",\"url\":\"https:\/\/tourtravelandmore.com\/fr\/tours\/italie-fr\/rome-fr\/visite-privee-du-vatican-et-points-forts-de-rome\/\",\"name\":\"Visite priv\u00e9e du Vatican et points forts de Rome avec chauffeur et guide officiel\",\"isPartOf\":{\"@id\":\"https:\/\/tourtravelandmore.com\/fr\/#website\"},\"primaryImageOfPage\":{\"@id\":\"https:\/\/tourtravelandmore.com\/fr\/tours\/italie-fr\/rome-fr\/visite-privee-du-vatican-et-points-forts-de-rome\/#primaryimage\"},\"image\":{\"@id\":\"https:\/\/tourtravelandmore.com\/fr\/tours\/italie-fr\/rome-fr\/visite-privee-du-vatican-et-points-forts-de-rome\/#primaryimage\"},\"thumbnailUrl\":\"https:\/\/tourtravelandmore.com\/wp-content\/uploads\/2017\/01\/vaticano-2.jpg\",\"datePublished\":\"2017-01-18T08:57:44+00:00\",\"dateModified\":\"2024-08-21T15:50:22+00:00\",\"description\":\"Visite priv\u00e9e personnalis\u00e9e du Vatican et points forts de Rome. Profitez de leurs monuments et sites les plus importants. Billets coupe-file inclus.\",\"breadcrumb\":{\"@id\":\"https:\/\/tourtravelandmore.com\/fr\/tours\/italie-fr\/rome-fr\/visite-privee-du-vatican-et-points-forts-de-rome\/#breadcrumb\"},\"inLanguage\":\"fr-FR\",\"potentialAction\":[{\"@type\":\"ReadAction\",\"target\":[\"https:\/\/tourtravelandmore.com\/fr\/tours\/italie-fr\/rome-fr\/visite-privee-du-vatican-et-points-forts-de-rome\/\"]}]},{\"@type\":\"ImageObject\",\"inLanguage\":\"fr-FR\",\"@id\":\"https:\/\/tourtravelandmore.com\/fr\/tours\/italie-fr\/rome-fr\/visite-privee-du-vatican-et-points-forts-de-rome\/#primaryimage\",\"url\":\"https:\/\/tourtravelandmore.com\/wp-content\/uploads\/2017\/01\/vaticano-2.jpg\",\"contentUrl\":\"https:\/\/tourtravelandmore.com\/wp-content\/uploads\/2017\/01\/vaticano-2.jpg\",\"width\":910,\"height\":605},{\"@type\":\"BreadcrumbList\",\"@id\":\"https:\/\/tourtravelandmore.com\/fr\/tours\/italie-fr\/rome-fr\/visite-privee-du-vatican-et-points-forts-de-rome\/#breadcrumb\",\"itemListElement\":[{\"@type\":\"ListItem\",\"position\":1,\"name\":\"Home\",\"item\":\"https:\/\/tourtravelandmore.com\/fr\/\"},{\"@type\":\"ListItem\",\"position\":2,\"name\":\"Tours\",\"item\":\"https:\/\/tourtravelandmore.com\/fr\/tours\/\"},{\"@type\":\"ListItem\",\"position\":3,\"name\":\"Visite priv\u00e9e du Vatican et points forts de Rome\"}]},{\"@type\":\"WebSite\",\"@id\":\"https:\/\/tourtravelandmore.com\/fr\/#website\",\"url\":\"https:\/\/tourtravelandmore.com\/fr\/\",\"name\":\"Tour Travel And More\",\"description\":\"Private sightseeing tours and luxury transfers in Spain\",\"publisher\":{\"@id\":\"https:\/\/tourtravelandmore.com\/fr\/#organization\"},\"potentialAction\":[{\"@type\":\"SearchAction\",\"target\":{\"@type\":\"EntryPoint\",\"urlTemplate\":\"https:\/\/tourtravelandmore.com\/fr\/?s={search_term_string}\"},\"query-input\":{\"@type\":\"PropertyValueSpecification\",\"valueRequired\":true,\"valueName\":\"search_term_string\"}}],\"inLanguage\":\"fr-FR\"},{\"@type\":\"Organization\",\"@id\":\"https:\/\/tourtravelandmore.com\/fr\/#organization\",\"name\":\"Tour Travel And More\",\"url\":\"https:\/\/tourtravelandmore.com\/fr\/\",\"logo\":{\"@type\":\"ImageObject\",\"inLanguage\":\"fr-FR\",\"@id\":\"https:\/\/tourtravelandmore.com\/fr\/#\/schema\/logo\/image\/\",\"url\":\"https:\/\/tourtravelandmore.com\/wp-content\/uploads\/2022\/12\/cropped-logo-cabecera-new.png\",\"contentUrl\":\"https:\/\/tourtravelandmore.com\/wp-content\/uploads\/2022\/12\/cropped-logo-cabecera-new.png\",\"width\":430,\"height\":61,\"caption\":\"Tour Travel And More\"},\"image\":{\"@id\":\"https:\/\/tourtravelandmore.com\/fr\/#\/schema\/logo\/image\/\"},\"sameAs\":[\"https:\/\/www.facebook.com\/tourtravelandmore\/\",\"https:\/\/x.com\/TourTravel_More\"]}]}<\/script>\n<!-- \/ Yoast SEO Premium plugin. -->","yoast_head_json":{"title":"Visite priv\u00e9e du Vatican et points forts de Rome avec chauffeur et guide officiel","description":"Visite priv\u00e9e personnalis\u00e9e du Vatican et points forts de Rome. Profitez de leurs monuments et sites les plus importants. Billets coupe-file inclus.","robots":{"index":"index","follow":"follow","max-snippet":"max-snippet:-1","max-image-preview":"max-image-preview:large","max-video-preview":"max-video-preview:-1"},"canonical":"https:\/\/tourtravelandmore.com\/fr\/tours\/italie-fr\/rome-fr\/visite-privee-du-vatican-et-points-forts-de-rome\/","og_locale":"fr_FR","og_type":"article","og_title":"Visite priv\u00e9e du Vatican et points forts de Rome","og_description":"Visite priv\u00e9e personnalis\u00e9e du Vatican et points forts de Rome. Profitez de leurs monuments et sites les plus importants. Billets coupe-file inclus.","og_url":"https:\/\/tourtravelandmore.com\/fr\/tours\/italie-fr\/rome-fr\/visite-privee-du-vatican-et-points-forts-de-rome\/","og_site_name":"Tour Travel And More","article_publisher":"https:\/\/www.facebook.com\/tourtravelandmore\/","article_modified_time":"2024-08-21T15:50:22+00:00","og_image":[{"width":910,"height":605,"url":"https:\/\/tourtravelandmore.com\/wp-content\/uploads\/2017\/01\/vaticano-2.jpg","type":"image\/jpeg"}],"twitter_card":"summary_large_image","twitter_site":"@TourTravel_More","twitter_misc":{"Dur\u00e9e de lecture estim\u00e9e":"2 minutes"},"schema":{"@context":"https:\/\/schema.org","@graph":[{"@type":"WebPage","@id":"https:\/\/tourtravelandmore.com\/fr\/tours\/italie-fr\/rome-fr\/visite-privee-du-vatican-et-points-forts-de-rome\/","url":"https:\/\/tourtravelandmore.com\/fr\/tours\/italie-fr\/rome-fr\/visite-privee-du-vatican-et-points-forts-de-rome\/","name":"Visite priv\u00e9e du Vatican et points forts de Rome avec chauffeur et guide officiel","isPartOf":{"@id":"https:\/\/tourtravelandmore.com\/fr\/#website"},"primaryImageOfPage":{"@id":"https:\/\/tourtravelandmore.com\/fr\/tours\/italie-fr\/rome-fr\/visite-privee-du-vatican-et-points-forts-de-rome\/#primaryimage"},"image":{"@id":"https:\/\/tourtravelandmore.com\/fr\/tours\/italie-fr\/rome-fr\/visite-privee-du-vatican-et-points-forts-de-rome\/#primaryimage"},"thumbnailUrl":"https:\/\/tourtravelandmore.com\/wp-content\/uploads\/2017\/01\/vaticano-2.jpg","datePublished":"2017-01-18T08:57:44+00:00","dateModified":"2024-08-21T15:50:22+00:00","description":"Visite priv\u00e9e personnalis\u00e9e du Vatican et points forts de Rome. Profitez de leurs monuments et sites les plus importants. Billets coupe-file inclus.","breadcrumb":{"@id":"https:\/\/tourtravelandmore.com\/fr\/tours\/italie-fr\/rome-fr\/visite-privee-du-vatican-et-points-forts-de-rome\/#breadcrumb"},"inLanguage":"fr-FR","potentialAction":[{"@type":"ReadAction","target":["https:\/\/tourtravelandmore.com\/fr\/tours\/italie-fr\/rome-fr\/visite-privee-du-vatican-et-points-forts-de-rome\/"]}]},{"@type":"ImageObject","inLanguage":"fr-FR","@id":"https:\/\/tourtravelandmore.com\/fr\/tours\/italie-fr\/rome-fr\/visite-privee-du-vatican-et-points-forts-de-rome\/#primaryimage","url":"https:\/\/tourtravelandmore.com\/wp-content\/uploads\/2017\/01\/vaticano-2.jpg","contentUrl":"https:\/\/tourtravelandmore.com\/wp-content\/uploads\/2017\/01\/vaticano-2.jpg","width":910,"height":605},{"@type":"BreadcrumbList","@id":"https:\/\/tourtravelandmore.com\/fr\/tours\/italie-fr\/rome-fr\/visite-privee-du-vatican-et-points-forts-de-rome\/#breadcrumb","itemListElement":[{"@type":"ListItem","position":1,"name":"Home","item":"https:\/\/tourtravelandmore.com\/fr\/"},{"@type":"ListItem","position":2,"name":"Tours","item":"https:\/\/tourtravelandmore.com\/fr\/tours\/"},{"@type":"ListItem","position":3,"name":"Visite priv\u00e9e du Vatican et points forts de Rome"}]},{"@type":"WebSite","@id":"https:\/\/tourtravelandmore.com\/fr\/#website","url":"https:\/\/tourtravelandmore.com\/fr\/","name":"Tour Travel And More","description":"Private sightseeing tours and luxury transfers in Spain","publisher":{"@id":"https:\/\/tourtravelandmore.com\/fr\/#organization"},"potentialAction":[{"@type":"SearchAction","target":{"@type":"EntryPoint","urlTemplate":"https:\/\/tourtravelandmore.com\/fr\/?s={search_term_string}"},"query-input":{"@type":"PropertyValueSpecification","valueRequired":true,"valueName":"search_term_string"}}],"inLanguage":"fr-FR"},{"@type":"Organization","@id":"https:\/\/tourtravelandmore.com\/fr\/#organization","name":"Tour Travel And More","url":"https:\/\/tourtravelandmore.com\/fr\/","logo":{"@type":"ImageObject","inLanguage":"fr-FR","@id":"https:\/\/tourtravelandmore.com\/fr\/#\/schema\/logo\/image\/","url":"https:\/\/tourtravelandmore.com\/wp-content\/uploads\/2022\/12\/cropped-logo-cabecera-new.png","contentUrl":"https:\/\/tourtravelandmore.com\/wp-content\/uploads\/2022\/12\/cropped-logo-cabecera-new.png","width":430,"height":61,"caption":"Tour Travel And More"},"image":{"@id":"https:\/\/tourtravelandmore.com\/fr\/#\/schema\/logo\/image\/"},"sameAs":["https:\/\/www.facebook.com\/tourtravelandmore\/","https:\/\/x.com\/TourTravel_More"]}]}},"_links":{"self":[{"href":"https:\/\/tourtravelandmore.com\/fr\/wp-json\/wp\/v2\/product\/101436","targetHints":{"allow":["GET"]}}],"collection":[{"href":"https:\/\/tourtravelandmore.com\/fr\/wp-json\/wp\/v2\/product"}],"about":[{"href":"https:\/\/tourtravelandmore.com\/fr\/wp-json\/wp\/v2\/types\/product"}],"replies":[{"embeddable":true,"href":"https:\/\/tourtravelandmore.com\/fr\/wp-json\/wp\/v2\/comments?post=101436"}],"wp:featuredmedia":[{"embeddable":true,"href":"https:\/\/tourtravelandmore.com\/fr\/wp-json\/wp\/v2\/media\/97803"}],"wp:attachment":[{"href":"https:\/\/tourtravelandmore.com\/fr\/wp-json\/wp\/v2\/media?parent=101436"}],"wp:term":[{"taxonomy":"product_brand","embeddable":true,"href":"https:\/\/tourtravelandmore.com\/fr\/wp-json\/wp\/v2\/product_brand?post=101436"},{"taxonomy":"product_cat","embeddable":true,"href":"https:\/\/tourtravelandmore.com\/fr\/wp-json\/wp\/v2\/product_cat?post=101436"},{"taxonomy":"product_tag","embeddable":true,"href":"https:\/\/tourtravelandmore.com\/fr\/wp-json\/wp\/v2\/product_tag?post=101436"}],"curies":[{"name":"wp","href":"https:\/\/api.w.org\/{rel}","templated":true}]}}