{"id":101431,"date":"2017-01-18T09:42:49","date_gmt":"2017-01-18T08:42:49","guid":{"rendered":"https:\/\/tourtravelandmore.com\/tours\/non%20class\u00e9\/visite-privee-du-colisee-et-des-points-forts-de-rome\/"},"modified":"2024-08-21T17:50:14","modified_gmt":"2024-08-21T15:50:14","slug":"visite-privee-du-colisee-et-des-points-forts-de-rome","status":"publish","type":"product","link":"https:\/\/tourtravelandmore.com\/fr\/tours\/italie-fr\/rome-fr\/visite-privee-du-colisee-et-des-points-forts-de-rome\/","title":{"rendered":"Visite priv\u00e9e du Colis\u00e9e et des points forts de Rome"},"content":{"rendered":"<h2>Description<\/h2>\n<p>Profitez de cette visite priv\u00e9e du Colis\u00e9e et des points forts de Rome avec votre guide officiel et d\u00e9couvrez les sites et monuments les plus embl\u00e9matiques de Rome.<\/p>\n<p>Cette visite priv\u00e9e d\u00e9butera par une prise en charge \u00e0 l&#8217;h\u00f4tel. Notre prise en charge priv\u00e9e peut \u00e9galement se faire depuis le port de croisi\u00e8re ou l&#8217;a\u00e9roport. Faites-le nous savoir et nous organiserons la prise en charge correcte.<\/p>\n<p>Rome est un lieu unique \u00e0 visiter avec plus de deux mille cinq cents ans d&#8217;histoire et actuellement, a le statut de ville mondiale et est class\u00e9e parmi les 14 villes les plus visit\u00e9es au monde.<\/p>\n<p>La ville de Rome est la capitale de l&#8217;Italie et de la r\u00e9gion du Latium. C&#8217;est la plus grande commune et la quatri\u00e8me ville la plus peupl\u00e9e de l&#8217;Union europ\u00e9enne. Il y a plus de 2,9 millions d&#8217;habitants dans la ville.<\/p>\n<p>Le Colis\u00e9e est l&#8217;un des endroits les plus embl\u00e9matiques et historiques de Rome, construit en 72 apr\u00e8s JC et pouvant accueillir jusqu&#8217;\u00e0 55 000 personnes.<\/p>\n<p>Vous b\u00e9n\u00e9ficierez d&#8217;un acc\u00e8s coupe-file au Colis\u00e9e et au Forum romain et apprendrez son histoire avec votre guide officiel priv\u00e9.<\/p>\n<p>Apr\u00e8s avoir visit\u00e9 le Colis\u00e9e, vous profiterez d&#8217;une visite guid\u00e9e \u00e0 travers certains des sites les plus repr\u00e9sentatifs de Rome.<\/p>\n<p>Ci-dessous est une visite de 4 heures, mais nous pouvons toujours proposer des visites plus longues comme par exemple 6 heures ou 8 heures. Vous pouvez modifier le nombre exact d&#8217;heures. Si vous arrivez \u00e0 Rome en bateau de croisi\u00e8re, jetez un \u0153il \u00e0 notre excursion priv\u00e9e \u00e0 terre de Rome au d\u00e9part de Civitavecchia.<\/p>\n<h2>Sites d&#8217;int\u00e9r\u00eat et points de rep\u00e8re<\/h2>\n<p>Tout d&#8217;abord, nous organiserons une s\u00e9lection confortable pour vous et votre groupe priv\u00e9. Votre guide officiel priv\u00e9 aux c\u00f4t\u00e9s de votre chauffeur vous attendra \u00e0 l&#8217;endroit de votre choix.<\/p>\n<p>Nous commencerons ensuite cette incroyable visite priv\u00e9e du Colis\u00e9e et des points forts de Rome !.<\/p>\n<p>Voici un exemple des arr\u00eats et de l&#8217;itin\u00e9raire que vous appr\u00e9cierez lors de votre visite priv\u00e9e.<\/p>\n<ul>\n<li>Colis\u00e9e: \u00e9galement appel\u00e9 amphith\u00e9\u00e2tre Flavien construit sous les empereurs Flaviens, \u00e9vitez les files d&#8217;attente incluses dans le prix de la visite.<br \/>\nForum romain: c&#8217;est le forum de la ville, c&#8217;est-\u00e0-dire la zone centrale de Rome qui abritait autrefois le gouvernement, le march\u00e9 et les institutions religieuses.<\/li>\n<li>Place Navona: cette place est l&#8217;un des espaces urbains les plus remarquables car elle est la pr\u00e9f\u00e9r\u00e9e des artistes et est un lieu embl\u00e9matique pour les foires et les festivals.<\/li>\n<li>Panth\u00e9on: un ancien temple romain situ\u00e9 sur la Piazza della Rotonda.<\/li>\n<li>Di Trevi Fountain: est l&#8217;une des plus grandes fontaines monumentales (avec environ 40 m\u00e8tres devant) du baroque \u00e0 Rome et est situ\u00e9e dans le Trevi Rione.<\/li>\n<li>Place d&#8217;Espagne: il va de la place \u00e0 la base de la Piazza<\/li>\n<li>Trinit\u00e0 dei Mont<\/li>\n<li>Piazza di Spagna: l&#8217;une des places les plus importantes de Rome.<\/li>\n<li>Piazza del P\u00f3polo: cette place \u00e9tait tr\u00e8s importante car c&#8217;\u00e9tait le lieu o\u00f9 tous les touristes venaient dans la ville \u00e0 l&#8217;\u00e9poque de l&#8217;Empire.<\/li>\n<li>Beaucoup plus!<\/li>\n<\/ul>\n<p>Vous pourrez profiter et admirer la grande architecture du Colis\u00e9e lors de cette visite priv\u00e9e du Colis\u00e9e et des points forts de Rome.<\/p>\n<p>Votre guide officiel priv\u00e9 et votre v\u00e9hicule de luxe priv\u00e9 avec chauffeur seront \u00e0 votre disposition pendant la visite de 4 heures pour tirer le meilleur parti de votre visite priv\u00e9e \u00e0 Rome.<\/p>\n<p>Il s&#8217;agit d&#8217;une visite unique enti\u00e8rement personnalis\u00e9e pour vous et votre groupe. Vous pourrez personnaliser cette visite et prendre des photos impressionnantes quand vous le souhaitez.<\/p>\n","protected":false},"excerpt":{"rendered":"<p>Rejoignez-nous pour cette visite priv\u00e9e de Rome et du Colis\u00e9e. Profitez de cette occasion pour d\u00e9couvrir le Colis\u00e9e et le Forum romain avec votre propre guide officiel priv\u00e9 et un v\u00e9hicule priv\u00e9 avec chauffeur. Vous aurez \u00e9galement la possibilit\u00e9 de visiter la place Minerva, la place Pietra, la fontaine de Trevi et bien plus encore.<\/p>\n","protected":false},"featured_media":94074,"comment_status":"open","ping_status":"closed","template":"","meta":{"_acf_changed":false},"product_brand":[],"product_cat":[5424,5426,5427,5428,3550],"product_tag":[],"class_list":{"0":"post-101431","1":"product","2":"type-product","3":"status-publish","4":"has-post-thumbnail","6":"product_cat-all-private-tours-activities-fr-32","7":"product_cat-best-sellers-fr-4","8":"product_cat-private-day-trips-fr-21","9":"product_cat-private-sightseeing-tours-fr-41","10":"product_cat-rome-fr","12":"first","13":"instock","14":"shipping-taxable","15":"purchasable","16":"product-type-simple"},"acf":[],"yoast_head":"<!-- This site is optimized with the Yoast SEO Premium plugin v25.3.1 (Yoast SEO v25.3.1) - https:\/\/yoast.com\/wordpress\/plugins\/seo\/ -->\n<title>Visite priv\u00e9e du Colis\u00e9e et des points forts de Rome avec chauffeur et guide<\/title>\n<meta name=\"description\" content=\"Profitez de la visite de l&#039;un des monuments les plus embl\u00e9matiques de Rome. Profitez de cette occasion pour d\u00e9couvrir le Colis\u00e9e et le Forum romain. Billet d&#039;entr\u00e9e inclus.\" \/>\n<meta name=\"robots\" content=\"index, follow, max-snippet:-1, max-image-preview:large, max-video-preview:-1\" \/>\n<link rel=\"canonical\" href=\"https:\/\/tourtravelandmore.com\/fr\/tours\/italie-fr\/rome-fr\/visite-privee-du-colisee-et-des-points-forts-de-rome\/\" \/>\n<meta property=\"og:locale\" content=\"fr_FR\" \/>\n<meta property=\"og:type\" content=\"article\" \/>\n<meta property=\"og:title\" content=\"Visite priv\u00e9e du Colis\u00e9e et des points forts de Rome\" \/>\n<meta property=\"og:description\" content=\"Profitez de la visite de l&#039;un des monuments les plus embl\u00e9matiques de Rome. Profitez de cette occasion pour d\u00e9couvrir le Colis\u00e9e et le Forum romain. Billet d&#039;entr\u00e9e inclus.\" \/>\n<meta property=\"og:url\" content=\"https:\/\/tourtravelandmore.com\/fr\/tours\/italie-fr\/rome-fr\/visite-privee-du-colisee-et-des-points-forts-de-rome\/\" \/>\n<meta property=\"og:site_name\" content=\"Tour Travel And More\" \/>\n<meta property=\"article:publisher\" content=\"https:\/\/www.facebook.com\/tourtravelandmore\/\" \/>\n<meta property=\"article:modified_time\" content=\"2024-08-21T15:50:14+00:00\" \/>\n<meta property=\"og:image\" content=\"https:\/\/tourtravelandmore.com\/wp-content\/uploads\/2017\/01\/Roma-02.jpg\" \/>\n\t<meta property=\"og:image:width\" content=\"1024\" \/>\n\t<meta property=\"og:image:height\" content=\"768\" \/>\n\t<meta property=\"og:image:type\" content=\"image\/jpeg\" \/>\n<meta name=\"twitter:card\" content=\"summary_large_image\" \/>\n<meta name=\"twitter:site\" content=\"@TourTravel_More\" \/>\n<meta name=\"twitter:label1\" content=\"Dur\u00e9e de lecture estim\u00e9e\" \/>\n\t<meta name=\"twitter:data1\" content=\"3 minutes\" \/>\n<script type=\"application\/ld+json\" class=\"yoast-schema-graph\">{\"@context\":\"https:\/\/schema.org\",\"@graph\":[{\"@type\":\"WebPage\",\"@id\":\"https:\/\/tourtravelandmore.com\/fr\/tours\/italie-fr\/rome-fr\/visite-privee-du-colisee-et-des-points-forts-de-rome\/\",\"url\":\"https:\/\/tourtravelandmore.com\/fr\/tours\/italie-fr\/rome-fr\/visite-privee-du-colisee-et-des-points-forts-de-rome\/\",\"name\":\"Visite priv\u00e9e du Colis\u00e9e et des points forts de Rome avec chauffeur et guide\",\"isPartOf\":{\"@id\":\"https:\/\/tourtravelandmore.com\/fr\/#website\"},\"primaryImageOfPage\":{\"@id\":\"https:\/\/tourtravelandmore.com\/fr\/tours\/italie-fr\/rome-fr\/visite-privee-du-colisee-et-des-points-forts-de-rome\/#primaryimage\"},\"image\":{\"@id\":\"https:\/\/tourtravelandmore.com\/fr\/tours\/italie-fr\/rome-fr\/visite-privee-du-colisee-et-des-points-forts-de-rome\/#primaryimage\"},\"thumbnailUrl\":\"https:\/\/tourtravelandmore.com\/wp-content\/uploads\/2017\/01\/Roma-02.jpg\",\"datePublished\":\"2017-01-18T08:42:49+00:00\",\"dateModified\":\"2024-08-21T15:50:14+00:00\",\"description\":\"Profitez de la visite de l'un des monuments les plus embl\u00e9matiques de Rome. Profitez de cette occasion pour d\u00e9couvrir le Colis\u00e9e et le Forum romain. Billet d'entr\u00e9e inclus.\",\"breadcrumb\":{\"@id\":\"https:\/\/tourtravelandmore.com\/fr\/tours\/italie-fr\/rome-fr\/visite-privee-du-colisee-et-des-points-forts-de-rome\/#breadcrumb\"},\"inLanguage\":\"fr-FR\",\"potentialAction\":[{\"@type\":\"ReadAction\",\"target\":[\"https:\/\/tourtravelandmore.com\/fr\/tours\/italie-fr\/rome-fr\/visite-privee-du-colisee-et-des-points-forts-de-rome\/\"]}]},{\"@type\":\"ImageObject\",\"inLanguage\":\"fr-FR\",\"@id\":\"https:\/\/tourtravelandmore.com\/fr\/tours\/italie-fr\/rome-fr\/visite-privee-du-colisee-et-des-points-forts-de-rome\/#primaryimage\",\"url\":\"https:\/\/tourtravelandmore.com\/wp-content\/uploads\/2017\/01\/Roma-02.jpg\",\"contentUrl\":\"https:\/\/tourtravelandmore.com\/wp-content\/uploads\/2017\/01\/Roma-02.jpg\",\"width\":1024,\"height\":768,\"caption\":\"Colisseum Rome Private Tour\"},{\"@type\":\"BreadcrumbList\",\"@id\":\"https:\/\/tourtravelandmore.com\/fr\/tours\/italie-fr\/rome-fr\/visite-privee-du-colisee-et-des-points-forts-de-rome\/#breadcrumb\",\"itemListElement\":[{\"@type\":\"ListItem\",\"position\":1,\"name\":\"Home\",\"item\":\"https:\/\/tourtravelandmore.com\/fr\/\"},{\"@type\":\"ListItem\",\"position\":2,\"name\":\"Tours\",\"item\":\"https:\/\/tourtravelandmore.com\/fr\/tours\/\"},{\"@type\":\"ListItem\",\"position\":3,\"name\":\"Visite priv\u00e9e du Colis\u00e9e et des points forts de Rome\"}]},{\"@type\":\"WebSite\",\"@id\":\"https:\/\/tourtravelandmore.com\/fr\/#website\",\"url\":\"https:\/\/tourtravelandmore.com\/fr\/\",\"name\":\"Tour Travel And More\",\"description\":\"Private sightseeing tours and luxury transfers in Spain\",\"publisher\":{\"@id\":\"https:\/\/tourtravelandmore.com\/fr\/#organization\"},\"potentialAction\":[{\"@type\":\"SearchAction\",\"target\":{\"@type\":\"EntryPoint\",\"urlTemplate\":\"https:\/\/tourtravelandmore.com\/fr\/?s={search_term_string}\"},\"query-input\":{\"@type\":\"PropertyValueSpecification\",\"valueRequired\":true,\"valueName\":\"search_term_string\"}}],\"inLanguage\":\"fr-FR\"},{\"@type\":\"Organization\",\"@id\":\"https:\/\/tourtravelandmore.com\/fr\/#organization\",\"name\":\"Tour Travel And More\",\"url\":\"https:\/\/tourtravelandmore.com\/fr\/\",\"logo\":{\"@type\":\"ImageObject\",\"inLanguage\":\"fr-FR\",\"@id\":\"https:\/\/tourtravelandmore.com\/fr\/#\/schema\/logo\/image\/\",\"url\":\"https:\/\/tourtravelandmore.com\/wp-content\/uploads\/2022\/12\/cropped-logo-cabecera-new.png\",\"contentUrl\":\"https:\/\/tourtravelandmore.com\/wp-content\/uploads\/2022\/12\/cropped-logo-cabecera-new.png\",\"width\":430,\"height\":61,\"caption\":\"Tour Travel And More\"},\"image\":{\"@id\":\"https:\/\/tourtravelandmore.com\/fr\/#\/schema\/logo\/image\/\"},\"sameAs\":[\"https:\/\/www.facebook.com\/tourtravelandmore\/\",\"https:\/\/x.com\/TourTravel_More\"]}]}<\/script>\n<!-- \/ Yoast SEO Premium plugin. -->","yoast_head_json":{"title":"Visite priv\u00e9e du Colis\u00e9e et des points forts de Rome avec chauffeur et guide","description":"Profitez de la visite de l'un des monuments les plus embl\u00e9matiques de Rome. Profitez de cette occasion pour d\u00e9couvrir le Colis\u00e9e et le Forum romain. Billet d'entr\u00e9e inclus.","robots":{"index":"index","follow":"follow","max-snippet":"max-snippet:-1","max-image-preview":"max-image-preview:large","max-video-preview":"max-video-preview:-1"},"canonical":"https:\/\/tourtravelandmore.com\/fr\/tours\/italie-fr\/rome-fr\/visite-privee-du-colisee-et-des-points-forts-de-rome\/","og_locale":"fr_FR","og_type":"article","og_title":"Visite priv\u00e9e du Colis\u00e9e et des points forts de Rome","og_description":"Profitez de la visite de l'un des monuments les plus embl\u00e9matiques de Rome. Profitez de cette occasion pour d\u00e9couvrir le Colis\u00e9e et le Forum romain. Billet d'entr\u00e9e inclus.","og_url":"https:\/\/tourtravelandmore.com\/fr\/tours\/italie-fr\/rome-fr\/visite-privee-du-colisee-et-des-points-forts-de-rome\/","og_site_name":"Tour Travel And More","article_publisher":"https:\/\/www.facebook.com\/tourtravelandmore\/","article_modified_time":"2024-08-21T15:50:14+00:00","og_image":[{"width":1024,"height":768,"url":"https:\/\/tourtravelandmore.com\/wp-content\/uploads\/2017\/01\/Roma-02.jpg","type":"image\/jpeg"}],"twitter_card":"summary_large_image","twitter_site":"@TourTravel_More","twitter_misc":{"Dur\u00e9e de lecture estim\u00e9e":"3 minutes"},"schema":{"@context":"https:\/\/schema.org","@graph":[{"@type":"WebPage","@id":"https:\/\/tourtravelandmore.com\/fr\/tours\/italie-fr\/rome-fr\/visite-privee-du-colisee-et-des-points-forts-de-rome\/","url":"https:\/\/tourtravelandmore.com\/fr\/tours\/italie-fr\/rome-fr\/visite-privee-du-colisee-et-des-points-forts-de-rome\/","name":"Visite priv\u00e9e du Colis\u00e9e et des points forts de Rome avec chauffeur et guide","isPartOf":{"@id":"https:\/\/tourtravelandmore.com\/fr\/#website"},"primaryImageOfPage":{"@id":"https:\/\/tourtravelandmore.com\/fr\/tours\/italie-fr\/rome-fr\/visite-privee-du-colisee-et-des-points-forts-de-rome\/#primaryimage"},"image":{"@id":"https:\/\/tourtravelandmore.com\/fr\/tours\/italie-fr\/rome-fr\/visite-privee-du-colisee-et-des-points-forts-de-rome\/#primaryimage"},"thumbnailUrl":"https:\/\/tourtravelandmore.com\/wp-content\/uploads\/2017\/01\/Roma-02.jpg","datePublished":"2017-01-18T08:42:49+00:00","dateModified":"2024-08-21T15:50:14+00:00","description":"Profitez de la visite de l'un des monuments les plus embl\u00e9matiques de Rome. Profitez de cette occasion pour d\u00e9couvrir le Colis\u00e9e et le Forum romain. Billet d'entr\u00e9e inclus.","breadcrumb":{"@id":"https:\/\/tourtravelandmore.com\/fr\/tours\/italie-fr\/rome-fr\/visite-privee-du-colisee-et-des-points-forts-de-rome\/#breadcrumb"},"inLanguage":"fr-FR","potentialAction":[{"@type":"ReadAction","target":["https:\/\/tourtravelandmore.com\/fr\/tours\/italie-fr\/rome-fr\/visite-privee-du-colisee-et-des-points-forts-de-rome\/"]}]},{"@type":"ImageObject","inLanguage":"fr-FR","@id":"https:\/\/tourtravelandmore.com\/fr\/tours\/italie-fr\/rome-fr\/visite-privee-du-colisee-et-des-points-forts-de-rome\/#primaryimage","url":"https:\/\/tourtravelandmore.com\/wp-content\/uploads\/2017\/01\/Roma-02.jpg","contentUrl":"https:\/\/tourtravelandmore.com\/wp-content\/uploads\/2017\/01\/Roma-02.jpg","width":1024,"height":768,"caption":"Colisseum Rome Private Tour"},{"@type":"BreadcrumbList","@id":"https:\/\/tourtravelandmore.com\/fr\/tours\/italie-fr\/rome-fr\/visite-privee-du-colisee-et-des-points-forts-de-rome\/#breadcrumb","itemListElement":[{"@type":"ListItem","position":1,"name":"Home","item":"https:\/\/tourtravelandmore.com\/fr\/"},{"@type":"ListItem","position":2,"name":"Tours","item":"https:\/\/tourtravelandmore.com\/fr\/tours\/"},{"@type":"ListItem","position":3,"name":"Visite priv\u00e9e du Colis\u00e9e et des points forts de Rome"}]},{"@type":"WebSite","@id":"https:\/\/tourtravelandmore.com\/fr\/#website","url":"https:\/\/tourtravelandmore.com\/fr\/","name":"Tour Travel And More","description":"Private sightseeing tours and luxury transfers in Spain","publisher":{"@id":"https:\/\/tourtravelandmore.com\/fr\/#organization"},"potentialAction":[{"@type":"SearchAction","target":{"@type":"EntryPoint","urlTemplate":"https:\/\/tourtravelandmore.com\/fr\/?s={search_term_string}"},"query-input":{"@type":"PropertyValueSpecification","valueRequired":true,"valueName":"search_term_string"}}],"inLanguage":"fr-FR"},{"@type":"Organization","@id":"https:\/\/tourtravelandmore.com\/fr\/#organization","name":"Tour Travel And More","url":"https:\/\/tourtravelandmore.com\/fr\/","logo":{"@type":"ImageObject","inLanguage":"fr-FR","@id":"https:\/\/tourtravelandmore.com\/fr\/#\/schema\/logo\/image\/","url":"https:\/\/tourtravelandmore.com\/wp-content\/uploads\/2022\/12\/cropped-logo-cabecera-new.png","contentUrl":"https:\/\/tourtravelandmore.com\/wp-content\/uploads\/2022\/12\/cropped-logo-cabecera-new.png","width":430,"height":61,"caption":"Tour Travel And More"},"image":{"@id":"https:\/\/tourtravelandmore.com\/fr\/#\/schema\/logo\/image\/"},"sameAs":["https:\/\/www.facebook.com\/tourtravelandmore\/","https:\/\/x.com\/TourTravel_More"]}]}},"_links":{"self":[{"href":"https:\/\/tourtravelandmore.com\/fr\/wp-json\/wp\/v2\/product\/101431","targetHints":{"allow":["GET"]}}],"collection":[{"href":"https:\/\/tourtravelandmore.com\/fr\/wp-json\/wp\/v2\/product"}],"about":[{"href":"https:\/\/tourtravelandmore.com\/fr\/wp-json\/wp\/v2\/types\/product"}],"replies":[{"embeddable":true,"href":"https:\/\/tourtravelandmore.com\/fr\/wp-json\/wp\/v2\/comments?post=101431"}],"wp:featuredmedia":[{"embeddable":true,"href":"https:\/\/tourtravelandmore.com\/fr\/wp-json\/wp\/v2\/media\/94074"}],"wp:attachment":[{"href":"https:\/\/tourtravelandmore.com\/fr\/wp-json\/wp\/v2\/media?parent=101431"}],"wp:term":[{"taxonomy":"product_brand","embeddable":true,"href":"https:\/\/tourtravelandmore.com\/fr\/wp-json\/wp\/v2\/product_brand?post=101431"},{"taxonomy":"product_cat","embeddable":true,"href":"https:\/\/tourtravelandmore.com\/fr\/wp-json\/wp\/v2\/product_cat?post=101431"},{"taxonomy":"product_tag","embeddable":true,"href":"https:\/\/tourtravelandmore.com\/fr\/wp-json\/wp\/v2\/product_tag?post=101431"}],"curies":[{"name":"wp","href":"https:\/\/api.w.org\/{rel}","templated":true}]}}