{"id":101423,"date":"2019-12-02T09:39:41","date_gmt":"2019-12-02T08:39:41","guid":{"rendered":"https:\/\/tourtravelandmore.com\/tours\/non%20class\u00e9\/visite-privee-de-civitavecchia-a-rome\/"},"modified":"2024-08-21T17:50:31","modified_gmt":"2024-08-21T15:50:31","slug":"visite-privee-de-civitavecchia-a-rome","status":"publish","type":"product","link":"https:\/\/tourtravelandmore.com\/fr\/tours\/italie-fr\/rome-fr\/visite-privee-de-civitavecchia-a-rome\/","title":{"rendered":"Visite priv\u00e9e de Civitavecchia \u00e0 Rome"},"content":{"rendered":"<h2>Description<\/h2>\n<p>Profitez de cette visite priv\u00e9e de Civitavecchia \u00e0 Rome avec votre v\u00e9hicule priv\u00e9 et votre guide officiel et d\u00e9couvrez les sites les plus embl\u00e9matiques de Rome.<\/p>\n<p>Votre chauffeur priv\u00e9 viendra vous chercher au port de croisi\u00e8re de Civitavecchia dans votre v\u00e9hicule de luxe priv\u00e9 et vous conduira vers Rome.<\/p>\n<p>Rome est la capitale de l&#8217;Italie et de la r\u00e9gion du Latium et est \u00e9galement connue sous le nom de Ville \u00e9ternelle. La ville de Rome est le c\u0153ur g\u00e9ographique de la religion catholique et la destination de p\u00e8lerinage de la majorit\u00e9 des fid\u00e8les.<\/p>\n<p>Civitavecchia est un port de la mer Tyrrh\u00e9nienne situ\u00e9 \u00e0 80 kilom\u00e8tres au nord-ouest de Rome. Est l&#8217;un des ports les plus importants d&#8217;Italie, en outre, est consid\u00e9r\u00e9 comme la principale connexion maritime de l&#8217;Italie centrale avec la Sardaigne et Barcelone.<\/p>\n<p>Le trajet de Civitavecchia \u00e0 Rome dure environ une heure et quinze minutes et le m\u00eame retour.<\/p>\n<p>Cette visite priv\u00e9e de Civitavecchia \u00e0 Rome est enti\u00e8rement personnalis\u00e9e. Nous pouvons inclure une entr\u00e9e coupe-file pour tout monument de mus\u00e9e que vous souhaitez visiter.<\/p>\n<p>Si vous souhaitez visiter d&#8217;autres endroits que Rome, notre visite priv\u00e9e d&#8217;une journ\u00e9e compl\u00e8te d&#8217;Orvieto et d&#8217;Assise pourrait \u00eatre une excellente option pour vous et votre groupe !.<\/p>\n<h2>Sites d&#8217;int\u00e9r\u00eat et points de rep\u00e8re<\/h2>\n<p>L&#8217;id\u00e9e de cette visite priv\u00e9e de Civitavecchia \u00e0 Rome est de profiter d&#8217;une visite touristique des sites les plus repr\u00e9sentatifs et historiques de Rome dans votre v\u00e9hicule de luxe priv\u00e9. Votre guide officiel vous \u00e9clairera avec l&#8217;histoire et les secrets de cette merveilleuse ville.<\/p>\n<p>Tout d&#8217;abord, votre chauffeur priv\u00e9 viendra vous chercher au port de Civitavecchia \u00e0 votre heure de d\u00e9barquement et vous conduira vers Rome. Une fois \u00e0 Rome, vous rencontrerez votre guide officiel pour une visite guid\u00e9e de 4 heures.<\/p>\n<p>Entre autres monuments et sites touristiques, vous pouvez apprendre \u00e0 conna\u00eetre:<\/p>\n<ul>\n<li>Colis\u00e9e<\/li>\n<li>forum romain<\/li>\n<li>Place Navona<\/li>\n<li>Panth\u00e9on<\/li>\n<li>Piazza del P\u00f3polo<\/li>\n<li>Piazza di Venecia<\/li>\n<li>Fontaine de Trevi<\/li>\n<li>Marches espagnoles<\/li>\n<li>Castell Sant &#8216;Angelo<\/li>\n<li>Quartier du Trastevere<\/li>\n<li>Place Minerva<\/li>\n<li>Place Pietra<\/li>\n<li>Place Colonna<\/li>\n<li>Beaucoup plus!<\/li>\n<\/ul>\n<p>Enfin, vous aurez du temps libre pour vous promener dans la ville et prendre un repas typiquement italien avant de retourner \u00e0 votre bateau de croisi\u00e8re.<\/p>\n<p>Si vous souhaitez visiter un monument sp\u00e9cial lors de votre visite priv\u00e9e, n&#8217;h\u00e9sitez pas \u00e0 nous contacter.<\/p>\n<p>La visite a une dur\u00e9e de 8 heures entre le moment de la prise en charge et le moment du d\u00e9p\u00f4t au port de croisi\u00e8re de Civitavecchia. Si vous \u00eates int\u00e9ress\u00e9 par un circuit plus long, n&#8217;h\u00e9sitez pas \u00e0 nous contacter.<\/p>\n","protected":false},"excerpt":{"rendered":"<p>Profitez des monuments et sites importants de Rome depuis le port de croisi\u00e8re de Civitavecchia. Profitez de cette occasion pour d\u00e9couvrir l&#8217;une des villes les plus populaires d&#8217;Italie lors de cette exp\u00e9rience avec votre propre guide officiel priv\u00e9 et votre v\u00e9hicule priv\u00e9 avec chauffeur.<\/p>\n","protected":false},"featured_media":97827,"comment_status":"open","ping_status":"closed","template":"","meta":{"_acf_changed":false},"product_brand":[],"product_cat":[5424,5426,5427,5429,5428,3550],"product_tag":[],"class_list":{"0":"post-101423","1":"product","2":"type-product","3":"status-publish","4":"has-post-thumbnail","6":"product_cat-all-private-tours-activities-fr-32","7":"product_cat-best-sellers-fr-4","8":"product_cat-private-day-trips-fr-21","9":"product_cat-private-shore-excursions-fr-13","10":"product_cat-private-sightseeing-tours-fr-41","11":"product_cat-rome-fr","13":"first","14":"instock","15":"shipping-taxable","16":"purchasable","17":"product-type-simple"},"acf":[],"yoast_head":"<!-- This site is optimized with the Yoast SEO Premium plugin v25.3.1 (Yoast SEO v25.3.1) - https:\/\/yoast.com\/wordpress\/plugins\/seo\/ -->\n<title>Visite priv\u00e9e de Civitavecchia \u00e0 Rome en v\u00e9hicule de luxe priv\u00e9<\/title>\n<meta name=\"description\" content=\"Profitez de cette visite priv\u00e9e de Civitavecchia \u00e0 Rome avec votre guide officiel et chauffeur et d\u00e9couvrez les sites les plus embl\u00e9matiques de Rome.\" \/>\n<meta name=\"robots\" content=\"index, follow, max-snippet:-1, max-image-preview:large, max-video-preview:-1\" \/>\n<link rel=\"canonical\" href=\"https:\/\/tourtravelandmore.com\/fr\/tours\/italie-fr\/rome-fr\/visite-privee-de-civitavecchia-a-rome\/\" \/>\n<meta property=\"og:locale\" content=\"fr_FR\" \/>\n<meta property=\"og:type\" content=\"article\" \/>\n<meta property=\"og:title\" content=\"Visite priv\u00e9e de Civitavecchia \u00e0 Rome\" \/>\n<meta property=\"og:description\" content=\"Profitez de cette visite priv\u00e9e de Civitavecchia \u00e0 Rome avec votre guide officiel et chauffeur et d\u00e9couvrez les sites les plus embl\u00e9matiques de Rome.\" \/>\n<meta property=\"og:url\" content=\"https:\/\/tourtravelandmore.com\/fr\/tours\/italie-fr\/rome-fr\/visite-privee-de-civitavecchia-a-rome\/\" \/>\n<meta property=\"og:site_name\" content=\"Tour Travel And More\" \/>\n<meta property=\"article:publisher\" content=\"https:\/\/www.facebook.com\/tourtravelandmore\/\" \/>\n<meta property=\"article:modified_time\" content=\"2024-08-21T15:50:31+00:00\" \/>\n<meta property=\"og:image\" content=\"https:\/\/tourtravelandmore.com\/wp-content\/uploads\/2019\/12\/roma-2.jpg\" \/>\n\t<meta property=\"og:image:width\" content=\"960\" \/>\n\t<meta property=\"og:image:height\" content=\"591\" \/>\n\t<meta property=\"og:image:type\" content=\"image\/jpeg\" \/>\n<meta name=\"twitter:card\" content=\"summary_large_image\" \/>\n<meta name=\"twitter:site\" content=\"@TourTravel_More\" \/>\n<meta name=\"twitter:label1\" content=\"Dur\u00e9e de lecture estim\u00e9e\" \/>\n\t<meta name=\"twitter:data1\" content=\"2 minutes\" \/>\n<script type=\"application\/ld+json\" class=\"yoast-schema-graph\">{\"@context\":\"https:\/\/schema.org\",\"@graph\":[{\"@type\":\"WebPage\",\"@id\":\"https:\/\/tourtravelandmore.com\/fr\/tours\/italie-fr\/rome-fr\/visite-privee-de-civitavecchia-a-rome\/\",\"url\":\"https:\/\/tourtravelandmore.com\/fr\/tours\/italie-fr\/rome-fr\/visite-privee-de-civitavecchia-a-rome\/\",\"name\":\"Visite priv\u00e9e de Civitavecchia \u00e0 Rome en v\u00e9hicule de luxe priv\u00e9\",\"isPartOf\":{\"@id\":\"https:\/\/tourtravelandmore.com\/fr\/#website\"},\"primaryImageOfPage\":{\"@id\":\"https:\/\/tourtravelandmore.com\/fr\/tours\/italie-fr\/rome-fr\/visite-privee-de-civitavecchia-a-rome\/#primaryimage\"},\"image\":{\"@id\":\"https:\/\/tourtravelandmore.com\/fr\/tours\/italie-fr\/rome-fr\/visite-privee-de-civitavecchia-a-rome\/#primaryimage\"},\"thumbnailUrl\":\"https:\/\/tourtravelandmore.com\/wp-content\/uploads\/2019\/12\/roma-2.jpg\",\"datePublished\":\"2019-12-02T08:39:41+00:00\",\"dateModified\":\"2024-08-21T15:50:31+00:00\",\"description\":\"Profitez de cette visite priv\u00e9e de Civitavecchia \u00e0 Rome avec votre guide officiel et chauffeur et d\u00e9couvrez les sites les plus embl\u00e9matiques de Rome.\",\"breadcrumb\":{\"@id\":\"https:\/\/tourtravelandmore.com\/fr\/tours\/italie-fr\/rome-fr\/visite-privee-de-civitavecchia-a-rome\/#breadcrumb\"},\"inLanguage\":\"fr-FR\",\"potentialAction\":[{\"@type\":\"ReadAction\",\"target\":[\"https:\/\/tourtravelandmore.com\/fr\/tours\/italie-fr\/rome-fr\/visite-privee-de-civitavecchia-a-rome\/\"]}]},{\"@type\":\"ImageObject\",\"inLanguage\":\"fr-FR\",\"@id\":\"https:\/\/tourtravelandmore.com\/fr\/tours\/italie-fr\/rome-fr\/visite-privee-de-civitavecchia-a-rome\/#primaryimage\",\"url\":\"https:\/\/tourtravelandmore.com\/wp-content\/uploads\/2019\/12\/roma-2.jpg\",\"contentUrl\":\"https:\/\/tourtravelandmore.com\/wp-content\/uploads\/2019\/12\/roma-2.jpg\",\"width\":960,\"height\":591},{\"@type\":\"BreadcrumbList\",\"@id\":\"https:\/\/tourtravelandmore.com\/fr\/tours\/italie-fr\/rome-fr\/visite-privee-de-civitavecchia-a-rome\/#breadcrumb\",\"itemListElement\":[{\"@type\":\"ListItem\",\"position\":1,\"name\":\"Home\",\"item\":\"https:\/\/tourtravelandmore.com\/fr\/\"},{\"@type\":\"ListItem\",\"position\":2,\"name\":\"Tours\",\"item\":\"https:\/\/tourtravelandmore.com\/fr\/tours\/\"},{\"@type\":\"ListItem\",\"position\":3,\"name\":\"Visite priv\u00e9e de Civitavecchia \u00e0 Rome\"}]},{\"@type\":\"WebSite\",\"@id\":\"https:\/\/tourtravelandmore.com\/fr\/#website\",\"url\":\"https:\/\/tourtravelandmore.com\/fr\/\",\"name\":\"Tour Travel And More\",\"description\":\"Private sightseeing tours and luxury transfers in Spain\",\"publisher\":{\"@id\":\"https:\/\/tourtravelandmore.com\/fr\/#organization\"},\"potentialAction\":[{\"@type\":\"SearchAction\",\"target\":{\"@type\":\"EntryPoint\",\"urlTemplate\":\"https:\/\/tourtravelandmore.com\/fr\/?s={search_term_string}\"},\"query-input\":{\"@type\":\"PropertyValueSpecification\",\"valueRequired\":true,\"valueName\":\"search_term_string\"}}],\"inLanguage\":\"fr-FR\"},{\"@type\":\"Organization\",\"@id\":\"https:\/\/tourtravelandmore.com\/fr\/#organization\",\"name\":\"Tour Travel And More\",\"url\":\"https:\/\/tourtravelandmore.com\/fr\/\",\"logo\":{\"@type\":\"ImageObject\",\"inLanguage\":\"fr-FR\",\"@id\":\"https:\/\/tourtravelandmore.com\/fr\/#\/schema\/logo\/image\/\",\"url\":\"https:\/\/tourtravelandmore.com\/wp-content\/uploads\/2022\/12\/cropped-logo-cabecera-new.png\",\"contentUrl\":\"https:\/\/tourtravelandmore.com\/wp-content\/uploads\/2022\/12\/cropped-logo-cabecera-new.png\",\"width\":430,\"height\":61,\"caption\":\"Tour Travel And More\"},\"image\":{\"@id\":\"https:\/\/tourtravelandmore.com\/fr\/#\/schema\/logo\/image\/\"},\"sameAs\":[\"https:\/\/www.facebook.com\/tourtravelandmore\/\",\"https:\/\/x.com\/TourTravel_More\"]}]}<\/script>\n<!-- \/ Yoast SEO Premium plugin. -->","yoast_head_json":{"title":"Visite priv\u00e9e de Civitavecchia \u00e0 Rome en v\u00e9hicule de luxe priv\u00e9","description":"Profitez de cette visite priv\u00e9e de Civitavecchia \u00e0 Rome avec votre guide officiel et chauffeur et d\u00e9couvrez les sites les plus embl\u00e9matiques de Rome.","robots":{"index":"index","follow":"follow","max-snippet":"max-snippet:-1","max-image-preview":"max-image-preview:large","max-video-preview":"max-video-preview:-1"},"canonical":"https:\/\/tourtravelandmore.com\/fr\/tours\/italie-fr\/rome-fr\/visite-privee-de-civitavecchia-a-rome\/","og_locale":"fr_FR","og_type":"article","og_title":"Visite priv\u00e9e de Civitavecchia \u00e0 Rome","og_description":"Profitez de cette visite priv\u00e9e de Civitavecchia \u00e0 Rome avec votre guide officiel et chauffeur et d\u00e9couvrez les sites les plus embl\u00e9matiques de Rome.","og_url":"https:\/\/tourtravelandmore.com\/fr\/tours\/italie-fr\/rome-fr\/visite-privee-de-civitavecchia-a-rome\/","og_site_name":"Tour Travel And More","article_publisher":"https:\/\/www.facebook.com\/tourtravelandmore\/","article_modified_time":"2024-08-21T15:50:31+00:00","og_image":[{"width":960,"height":591,"url":"https:\/\/tourtravelandmore.com\/wp-content\/uploads\/2019\/12\/roma-2.jpg","type":"image\/jpeg"}],"twitter_card":"summary_large_image","twitter_site":"@TourTravel_More","twitter_misc":{"Dur\u00e9e de lecture estim\u00e9e":"2 minutes"},"schema":{"@context":"https:\/\/schema.org","@graph":[{"@type":"WebPage","@id":"https:\/\/tourtravelandmore.com\/fr\/tours\/italie-fr\/rome-fr\/visite-privee-de-civitavecchia-a-rome\/","url":"https:\/\/tourtravelandmore.com\/fr\/tours\/italie-fr\/rome-fr\/visite-privee-de-civitavecchia-a-rome\/","name":"Visite priv\u00e9e de Civitavecchia \u00e0 Rome en v\u00e9hicule de luxe priv\u00e9","isPartOf":{"@id":"https:\/\/tourtravelandmore.com\/fr\/#website"},"primaryImageOfPage":{"@id":"https:\/\/tourtravelandmore.com\/fr\/tours\/italie-fr\/rome-fr\/visite-privee-de-civitavecchia-a-rome\/#primaryimage"},"image":{"@id":"https:\/\/tourtravelandmore.com\/fr\/tours\/italie-fr\/rome-fr\/visite-privee-de-civitavecchia-a-rome\/#primaryimage"},"thumbnailUrl":"https:\/\/tourtravelandmore.com\/wp-content\/uploads\/2019\/12\/roma-2.jpg","datePublished":"2019-12-02T08:39:41+00:00","dateModified":"2024-08-21T15:50:31+00:00","description":"Profitez de cette visite priv\u00e9e de Civitavecchia \u00e0 Rome avec votre guide officiel et chauffeur et d\u00e9couvrez les sites les plus embl\u00e9matiques de Rome.","breadcrumb":{"@id":"https:\/\/tourtravelandmore.com\/fr\/tours\/italie-fr\/rome-fr\/visite-privee-de-civitavecchia-a-rome\/#breadcrumb"},"inLanguage":"fr-FR","potentialAction":[{"@type":"ReadAction","target":["https:\/\/tourtravelandmore.com\/fr\/tours\/italie-fr\/rome-fr\/visite-privee-de-civitavecchia-a-rome\/"]}]},{"@type":"ImageObject","inLanguage":"fr-FR","@id":"https:\/\/tourtravelandmore.com\/fr\/tours\/italie-fr\/rome-fr\/visite-privee-de-civitavecchia-a-rome\/#primaryimage","url":"https:\/\/tourtravelandmore.com\/wp-content\/uploads\/2019\/12\/roma-2.jpg","contentUrl":"https:\/\/tourtravelandmore.com\/wp-content\/uploads\/2019\/12\/roma-2.jpg","width":960,"height":591},{"@type":"BreadcrumbList","@id":"https:\/\/tourtravelandmore.com\/fr\/tours\/italie-fr\/rome-fr\/visite-privee-de-civitavecchia-a-rome\/#breadcrumb","itemListElement":[{"@type":"ListItem","position":1,"name":"Home","item":"https:\/\/tourtravelandmore.com\/fr\/"},{"@type":"ListItem","position":2,"name":"Tours","item":"https:\/\/tourtravelandmore.com\/fr\/tours\/"},{"@type":"ListItem","position":3,"name":"Visite priv\u00e9e de Civitavecchia \u00e0 Rome"}]},{"@type":"WebSite","@id":"https:\/\/tourtravelandmore.com\/fr\/#website","url":"https:\/\/tourtravelandmore.com\/fr\/","name":"Tour Travel And More","description":"Private sightseeing tours and luxury transfers in Spain","publisher":{"@id":"https:\/\/tourtravelandmore.com\/fr\/#organization"},"potentialAction":[{"@type":"SearchAction","target":{"@type":"EntryPoint","urlTemplate":"https:\/\/tourtravelandmore.com\/fr\/?s={search_term_string}"},"query-input":{"@type":"PropertyValueSpecification","valueRequired":true,"valueName":"search_term_string"}}],"inLanguage":"fr-FR"},{"@type":"Organization","@id":"https:\/\/tourtravelandmore.com\/fr\/#organization","name":"Tour Travel And More","url":"https:\/\/tourtravelandmore.com\/fr\/","logo":{"@type":"ImageObject","inLanguage":"fr-FR","@id":"https:\/\/tourtravelandmore.com\/fr\/#\/schema\/logo\/image\/","url":"https:\/\/tourtravelandmore.com\/wp-content\/uploads\/2022\/12\/cropped-logo-cabecera-new.png","contentUrl":"https:\/\/tourtravelandmore.com\/wp-content\/uploads\/2022\/12\/cropped-logo-cabecera-new.png","width":430,"height":61,"caption":"Tour Travel And More"},"image":{"@id":"https:\/\/tourtravelandmore.com\/fr\/#\/schema\/logo\/image\/"},"sameAs":["https:\/\/www.facebook.com\/tourtravelandmore\/","https:\/\/x.com\/TourTravel_More"]}]}},"_links":{"self":[{"href":"https:\/\/tourtravelandmore.com\/fr\/wp-json\/wp\/v2\/product\/101423","targetHints":{"allow":["GET"]}}],"collection":[{"href":"https:\/\/tourtravelandmore.com\/fr\/wp-json\/wp\/v2\/product"}],"about":[{"href":"https:\/\/tourtravelandmore.com\/fr\/wp-json\/wp\/v2\/types\/product"}],"replies":[{"embeddable":true,"href":"https:\/\/tourtravelandmore.com\/fr\/wp-json\/wp\/v2\/comments?post=101423"}],"wp:featuredmedia":[{"embeddable":true,"href":"https:\/\/tourtravelandmore.com\/fr\/wp-json\/wp\/v2\/media\/97827"}],"wp:attachment":[{"href":"https:\/\/tourtravelandmore.com\/fr\/wp-json\/wp\/v2\/media?parent=101423"}],"wp:term":[{"taxonomy":"product_brand","embeddable":true,"href":"https:\/\/tourtravelandmore.com\/fr\/wp-json\/wp\/v2\/product_brand?post=101423"},{"taxonomy":"product_cat","embeddable":true,"href":"https:\/\/tourtravelandmore.com\/fr\/wp-json\/wp\/v2\/product_cat?post=101423"},{"taxonomy":"product_tag","embeddable":true,"href":"https:\/\/tourtravelandmore.com\/fr\/wp-json\/wp\/v2\/product_tag?post=101423"}],"curies":[{"name":"wp","href":"https:\/\/api.w.org\/{rel}","templated":true}]}}