{"id":101418,"date":"2018-02-07T10:03:46","date_gmt":"2018-02-07T09:03:46","guid":{"rendered":"https:\/\/tourtravelandmore.com\/tours\/non%20class\u00e9\/excursion-dune-journee-a-assise-et-orvieto-au-depart-de-rome-visite-privee-dune-journee\/"},"modified":"2024-08-21T17:50:54","modified_gmt":"2024-08-21T15:50:54","slug":"excursion-dune-journee-a-assise-et-orvieto-au-depart-de-rome-visite-privee-dune-journee","status":"publish","type":"product","link":"https:\/\/tourtravelandmore.com\/fr\/tours\/italie-fr\/rome-fr\/excursion-dune-journee-a-assise-et-orvieto-au-depart-de-rome-visite-privee-dune-journee\/","title":{"rendered":"Excursion d&#8217;une journ\u00e9e \u00e0 Assise et Orvieto au d\u00e9part de Rome &#8211; Visite priv\u00e9e d&#8217;une journ\u00e9e"},"content":{"rendered":"<h2>Description<\/h2>\n<p>Profitez de cette excursion d&#8217;une journ\u00e9e \u00e0 Assise et Orvieto au d\u00e9part de Rome et d\u00e9couvrez la magnifique r\u00e9gion de l&#8217;Ombrie. Vous visiterez deux belles villes, Orvieto et Assise, dans votre v\u00e9hicule de luxe priv\u00e9 avec chauffeur.<\/p>\n<p>Profitez au maximum de votre visite \u00e0 Rome et visitez l&#8217;une des plus belles r\u00e9gions d&#8217;Italie, l&#8217;Ombrie. Vous traverserez des villes perch\u00e9es, une belle campagne (visitant la plus belle d&#8217;entre elles, Orvieto) et des paysages \u00e9tonnants.<\/p>\n<p>Apr\u00e8s avoir pass\u00e9 le Tibre, vous arriverez \u00e0 Orvieto. Cette ville abrite une cath\u00e9drale du 12\u00e8me si\u00e8cle, qui a un style gothique tr\u00e8s impressionnant, consid\u00e9r\u00e9e comme l&#8217;une des plus belles cath\u00e9drales d&#8217;Italie.<\/p>\n<p>Assise, est une ville de la r\u00e9gion de P\u00e9rouse, en Ombrie, et c&#8217;\u00e9tait le lieu de naissance de Saint Fran\u00e7ois d&#8217;Assise. C&#8217;est l&#8217;un des centres religieux italiens les plus importants et ses habitants sont appel\u00e9s Assisani ou assisiati.<\/p>\n<p>Ceci est une visite personnalis\u00e9e compl\u00e8te. Nous adaptons nos circuits \u00e0 vos besoins personnels. Nous comprenons \u00e9galement les besoins de chaque client pendant ses vacances et nous faisons tout notre possible pour rendre votre s\u00e9jour et votre exp\u00e9rience inoubliables.<\/p>\n<p>Cette visite est parfaite pour ceux qui souhaitent passer une journ\u00e9e en dehors de la ville de Rome, mais nous avons d&#8217;autres options comme une visite priv\u00e9e \u00e0 Ostia Antica au d\u00e9part de Rome.<\/p>\n<h2>Sites d&#8217;int\u00e9r\u00eat et points de rep\u00e8re<\/h2>\n<p>Votre chauffeur priv\u00e9 viendra vous chercher \u00e0 votre h\u00f4tel ou au lieu de votre choix afin de commencer cette excursion unique d&#8217;une journ\u00e9e \u00e0 Assise et Orvieto au d\u00e9part de Rome.<\/p>\n<p>En premier lieu, vous visiterez Orvieto, une ville incroyable qui a \u00e9t\u00e9 arr\u00eat\u00e9e \u00e0 temps. Ici, vous admirerez l&#8217;architecture ancienne des monuments. Vous pourrez notamment visiter:<\/p>\n<ul>\n<li>Cath\u00e9drale d&#8217;Orvieto<\/li>\n<li>Le trou de San Patrick<\/li>\n<li>La forteresse d&#8217;Albornoz<\/li>\n<li>La tour de la lande<\/li>\n<li>Souterrains d&#8217;Orvieto<\/li>\n<li>et beaucoup plus!<\/li>\n<\/ul>\n<p>Apr\u00e8s avoir visit\u00e9 Orvieto, votre chauffeur priv\u00e9 continuera \u00e0 conduire \u00e0 travers les vignobles et les anciennes villas jusqu&#8217;\u00e0 votre arriv\u00e9e dans la ville d&#8217;Assise.<\/p>\n<p>Vous apprendrez \u00e0 conna\u00eetre l&#8217;histoire et les secrets d&#8217;Assise avec un guide priv\u00e9 pendant 2 heures. Vous visiterez la basilique Saint-Fran\u00e7ois (entr\u00e9e incluse) et Sainte-Claire, d&#8217;o\u00f9 vous pourrez profiter d&#8217;une vue panoramique imprenable sur la campagne ombrienne, ainsi que sur le vieux centre-ville d&#8217;Assise.<\/p>\n<p>Enfin, vous aurez bien s\u00fbr du temps pour d\u00e9jeuner et profiter de la r\u00e9gion jusqu&#8217;\u00e0 ce que votre chauffeur priv\u00e9 commence \u00e0 vous ramener \u00e0 Rome.<br \/>\nLa visite a une dur\u00e9e de 10 heures entre le moment de la prise en charge et le moment du d\u00e9p\u00f4t \u00e0 votre h\u00f4tel ou lieu de votre choix \u00e0 Rome.<\/p>\n<p>Tous nos experts en voyages sont \u00e0 votre disposition pour organiser une exp\u00e9rience parfaite pour visiter Orvieto et Assise depuis Rome. Nous organiserons \u00e0 partir du moment de la prise en charge jusqu&#8217;\u00e0 ce que nous vous d\u00e9posions \u00e0 nouveau une fois la visite termin\u00e9e. Vous passerez une journ\u00e9e sans stress.<\/p>\n","protected":false},"excerpt":{"rendered":"<p>Visitez une ville perch\u00e9e, Orvieto, avec l&#8217;une des plus belles cath\u00e9drales d&#8217;Italie et la merveilleuse ville d&#8217;Assise, entour\u00e9e de vignobles dans cette exp\u00e9rience avec votre propre guide officiel priv\u00e9 et v\u00e9hicule priv\u00e9 avec chauffeur.<\/p>\n","protected":false},"featured_media":94693,"comment_status":"open","ping_status":"closed","template":"","meta":{"_acf_changed":false},"product_brand":[],"product_cat":[5424,5427,5428,3550],"product_tag":[],"class_list":{"0":"post-101418","1":"product","2":"type-product","3":"status-publish","4":"has-post-thumbnail","6":"product_cat-all-private-tours-activities-fr-32","7":"product_cat-private-day-trips-fr-21","8":"product_cat-private-sightseeing-tours-fr-41","9":"product_cat-rome-fr","11":"first","12":"instock","13":"shipping-taxable","14":"purchasable","15":"product-type-simple"},"acf":[],"yoast_head":"<!-- This site is optimized with the Yoast SEO Premium plugin v25.3.1 (Yoast SEO v25.3.1) - https:\/\/yoast.com\/wordpress\/plugins\/seo\/ -->\n<title>Excursion priv\u00e9e d&#039;une journ\u00e9e \u00e0 Assise et Orvieto au d\u00e9part de Rome avec chauffeur et guide<\/title>\n<meta name=\"description\" content=\"Apprenez \u00e0 conna\u00eetre la belle r\u00e9gion de l&#039;Ombrie avec cette excursion d&#039;une journ\u00e9e \u00e0 Assise et Orvieto au d\u00e9part de Rome et \u00e9vitez les files d&#039;attente pour la basilique Saint-Fran\u00e7ois (Assise).\" \/>\n<meta name=\"robots\" content=\"index, follow, max-snippet:-1, max-image-preview:large, max-video-preview:-1\" \/>\n<link rel=\"canonical\" href=\"https:\/\/tourtravelandmore.com\/fr\/tours\/italie-fr\/rome-fr\/excursion-dune-journee-a-assise-et-orvieto-au-depart-de-rome-visite-privee-dune-journee\/\" \/>\n<meta property=\"og:locale\" content=\"fr_FR\" \/>\n<meta property=\"og:type\" content=\"article\" \/>\n<meta property=\"og:title\" content=\"Excursion d&#039;une journ\u00e9e \u00e0 Assise et Orvieto au d\u00e9part de Rome - Visite priv\u00e9e d&#039;une journ\u00e9e\" \/>\n<meta property=\"og:description\" content=\"Apprenez \u00e0 conna\u00eetre la belle r\u00e9gion de l&#039;Ombrie avec cette excursion d&#039;une journ\u00e9e \u00e0 Assise et Orvieto au d\u00e9part de Rome et \u00e9vitez les files d&#039;attente pour la basilique Saint-Fran\u00e7ois (Assise).\" \/>\n<meta property=\"og:url\" content=\"https:\/\/tourtravelandmore.com\/fr\/tours\/italie-fr\/rome-fr\/excursion-dune-journee-a-assise-et-orvieto-au-depart-de-rome-visite-privee-dune-journee\/\" \/>\n<meta property=\"og:site_name\" content=\"Tour Travel And More\" \/>\n<meta property=\"article:publisher\" content=\"https:\/\/www.facebook.com\/tourtravelandmore\/\" \/>\n<meta property=\"article:modified_time\" content=\"2024-08-21T15:50:54+00:00\" \/>\n<meta property=\"og:image\" content=\"https:\/\/tourtravelandmore.com\/wp-content\/uploads\/2018\/02\/orvieto-2078656_960_720.jpg\" \/>\n\t<meta property=\"og:image:width\" content=\"960\" \/>\n\t<meta property=\"og:image:height\" content=\"640\" \/>\n\t<meta property=\"og:image:type\" content=\"image\/jpeg\" \/>\n<meta name=\"twitter:card\" content=\"summary_large_image\" \/>\n<meta name=\"twitter:site\" content=\"@TourTravel_More\" \/>\n<meta name=\"twitter:label1\" content=\"Dur\u00e9e de lecture estim\u00e9e\" \/>\n\t<meta name=\"twitter:data1\" content=\"3 minutes\" \/>\n<script type=\"application\/ld+json\" class=\"yoast-schema-graph\">{\"@context\":\"https:\/\/schema.org\",\"@graph\":[{\"@type\":\"WebPage\",\"@id\":\"https:\/\/tourtravelandmore.com\/fr\/tours\/italie-fr\/rome-fr\/excursion-dune-journee-a-assise-et-orvieto-au-depart-de-rome-visite-privee-dune-journee\/\",\"url\":\"https:\/\/tourtravelandmore.com\/fr\/tours\/italie-fr\/rome-fr\/excursion-dune-journee-a-assise-et-orvieto-au-depart-de-rome-visite-privee-dune-journee\/\",\"name\":\"Excursion priv\u00e9e d'une journ\u00e9e \u00e0 Assise et Orvieto au d\u00e9part de Rome avec chauffeur et guide\",\"isPartOf\":{\"@id\":\"https:\/\/tourtravelandmore.com\/fr\/#website\"},\"primaryImageOfPage\":{\"@id\":\"https:\/\/tourtravelandmore.com\/fr\/tours\/italie-fr\/rome-fr\/excursion-dune-journee-a-assise-et-orvieto-au-depart-de-rome-visite-privee-dune-journee\/#primaryimage\"},\"image\":{\"@id\":\"https:\/\/tourtravelandmore.com\/fr\/tours\/italie-fr\/rome-fr\/excursion-dune-journee-a-assise-et-orvieto-au-depart-de-rome-visite-privee-dune-journee\/#primaryimage\"},\"thumbnailUrl\":\"https:\/\/tourtravelandmore.com\/wp-content\/uploads\/2018\/02\/orvieto-2078656_960_720.jpg\",\"datePublished\":\"2018-02-07T09:03:46+00:00\",\"dateModified\":\"2024-08-21T15:50:54+00:00\",\"description\":\"Apprenez \u00e0 conna\u00eetre la belle r\u00e9gion de l'Ombrie avec cette excursion d'une journ\u00e9e \u00e0 Assise et Orvieto au d\u00e9part de Rome et \u00e9vitez les files d'attente pour la basilique Saint-Fran\u00e7ois (Assise).\",\"breadcrumb\":{\"@id\":\"https:\/\/tourtravelandmore.com\/fr\/tours\/italie-fr\/rome-fr\/excursion-dune-journee-a-assise-et-orvieto-au-depart-de-rome-visite-privee-dune-journee\/#breadcrumb\"},\"inLanguage\":\"fr-FR\",\"potentialAction\":[{\"@type\":\"ReadAction\",\"target\":[\"https:\/\/tourtravelandmore.com\/fr\/tours\/italie-fr\/rome-fr\/excursion-dune-journee-a-assise-et-orvieto-au-depart-de-rome-visite-privee-dune-journee\/\"]}]},{\"@type\":\"ImageObject\",\"inLanguage\":\"fr-FR\",\"@id\":\"https:\/\/tourtravelandmore.com\/fr\/tours\/italie-fr\/rome-fr\/excursion-dune-journee-a-assise-et-orvieto-au-depart-de-rome-visite-privee-dune-journee\/#primaryimage\",\"url\":\"https:\/\/tourtravelandmore.com\/wp-content\/uploads\/2018\/02\/orvieto-2078656_960_720.jpg\",\"contentUrl\":\"https:\/\/tourtravelandmore.com\/wp-content\/uploads\/2018\/02\/orvieto-2078656_960_720.jpg\",\"width\":960,\"height\":640},{\"@type\":\"BreadcrumbList\",\"@id\":\"https:\/\/tourtravelandmore.com\/fr\/tours\/italie-fr\/rome-fr\/excursion-dune-journee-a-assise-et-orvieto-au-depart-de-rome-visite-privee-dune-journee\/#breadcrumb\",\"itemListElement\":[{\"@type\":\"ListItem\",\"position\":1,\"name\":\"Home\",\"item\":\"https:\/\/tourtravelandmore.com\/fr\/\"},{\"@type\":\"ListItem\",\"position\":2,\"name\":\"Tours\",\"item\":\"https:\/\/tourtravelandmore.com\/fr\/tours\/\"},{\"@type\":\"ListItem\",\"position\":3,\"name\":\"Excursion d&#8217;une journ\u00e9e \u00e0 Assise et Orvieto au d\u00e9part de Rome &#8211; Visite priv\u00e9e d&#8217;une journ\u00e9e\"}]},{\"@type\":\"WebSite\",\"@id\":\"https:\/\/tourtravelandmore.com\/fr\/#website\",\"url\":\"https:\/\/tourtravelandmore.com\/fr\/\",\"name\":\"Tour Travel And More\",\"description\":\"Private sightseeing tours and luxury transfers in Spain\",\"publisher\":{\"@id\":\"https:\/\/tourtravelandmore.com\/fr\/#organization\"},\"potentialAction\":[{\"@type\":\"SearchAction\",\"target\":{\"@type\":\"EntryPoint\",\"urlTemplate\":\"https:\/\/tourtravelandmore.com\/fr\/?s={search_term_string}\"},\"query-input\":{\"@type\":\"PropertyValueSpecification\",\"valueRequired\":true,\"valueName\":\"search_term_string\"}}],\"inLanguage\":\"fr-FR\"},{\"@type\":\"Organization\",\"@id\":\"https:\/\/tourtravelandmore.com\/fr\/#organization\",\"name\":\"Tour Travel And More\",\"url\":\"https:\/\/tourtravelandmore.com\/fr\/\",\"logo\":{\"@type\":\"ImageObject\",\"inLanguage\":\"fr-FR\",\"@id\":\"https:\/\/tourtravelandmore.com\/fr\/#\/schema\/logo\/image\/\",\"url\":\"https:\/\/tourtravelandmore.com\/wp-content\/uploads\/2022\/12\/cropped-logo-cabecera-new.png\",\"contentUrl\":\"https:\/\/tourtravelandmore.com\/wp-content\/uploads\/2022\/12\/cropped-logo-cabecera-new.png\",\"width\":430,\"height\":61,\"caption\":\"Tour Travel And More\"},\"image\":{\"@id\":\"https:\/\/tourtravelandmore.com\/fr\/#\/schema\/logo\/image\/\"},\"sameAs\":[\"https:\/\/www.facebook.com\/tourtravelandmore\/\",\"https:\/\/x.com\/TourTravel_More\"]}]}<\/script>\n<!-- \/ Yoast SEO Premium plugin. -->","yoast_head_json":{"title":"Excursion priv\u00e9e d'une journ\u00e9e \u00e0 Assise et Orvieto au d\u00e9part de Rome avec chauffeur et guide","description":"Apprenez \u00e0 conna\u00eetre la belle r\u00e9gion de l'Ombrie avec cette excursion d'une journ\u00e9e \u00e0 Assise et Orvieto au d\u00e9part de Rome et \u00e9vitez les files d'attente pour la basilique Saint-Fran\u00e7ois (Assise).","robots":{"index":"index","follow":"follow","max-snippet":"max-snippet:-1","max-image-preview":"max-image-preview:large","max-video-preview":"max-video-preview:-1"},"canonical":"https:\/\/tourtravelandmore.com\/fr\/tours\/italie-fr\/rome-fr\/excursion-dune-journee-a-assise-et-orvieto-au-depart-de-rome-visite-privee-dune-journee\/","og_locale":"fr_FR","og_type":"article","og_title":"Excursion d'une journ\u00e9e \u00e0 Assise et Orvieto au d\u00e9part de Rome - Visite priv\u00e9e d'une journ\u00e9e","og_description":"Apprenez \u00e0 conna\u00eetre la belle r\u00e9gion de l'Ombrie avec cette excursion d'une journ\u00e9e \u00e0 Assise et Orvieto au d\u00e9part de Rome et \u00e9vitez les files d'attente pour la basilique Saint-Fran\u00e7ois (Assise).","og_url":"https:\/\/tourtravelandmore.com\/fr\/tours\/italie-fr\/rome-fr\/excursion-dune-journee-a-assise-et-orvieto-au-depart-de-rome-visite-privee-dune-journee\/","og_site_name":"Tour Travel And More","article_publisher":"https:\/\/www.facebook.com\/tourtravelandmore\/","article_modified_time":"2024-08-21T15:50:54+00:00","og_image":[{"width":960,"height":640,"url":"https:\/\/tourtravelandmore.com\/wp-content\/uploads\/2018\/02\/orvieto-2078656_960_720.jpg","type":"image\/jpeg"}],"twitter_card":"summary_large_image","twitter_site":"@TourTravel_More","twitter_misc":{"Dur\u00e9e de lecture estim\u00e9e":"3 minutes"},"schema":{"@context":"https:\/\/schema.org","@graph":[{"@type":"WebPage","@id":"https:\/\/tourtravelandmore.com\/fr\/tours\/italie-fr\/rome-fr\/excursion-dune-journee-a-assise-et-orvieto-au-depart-de-rome-visite-privee-dune-journee\/","url":"https:\/\/tourtravelandmore.com\/fr\/tours\/italie-fr\/rome-fr\/excursion-dune-journee-a-assise-et-orvieto-au-depart-de-rome-visite-privee-dune-journee\/","name":"Excursion priv\u00e9e d'une journ\u00e9e \u00e0 Assise et Orvieto au d\u00e9part de Rome avec chauffeur et guide","isPartOf":{"@id":"https:\/\/tourtravelandmore.com\/fr\/#website"},"primaryImageOfPage":{"@id":"https:\/\/tourtravelandmore.com\/fr\/tours\/italie-fr\/rome-fr\/excursion-dune-journee-a-assise-et-orvieto-au-depart-de-rome-visite-privee-dune-journee\/#primaryimage"},"image":{"@id":"https:\/\/tourtravelandmore.com\/fr\/tours\/italie-fr\/rome-fr\/excursion-dune-journee-a-assise-et-orvieto-au-depart-de-rome-visite-privee-dune-journee\/#primaryimage"},"thumbnailUrl":"https:\/\/tourtravelandmore.com\/wp-content\/uploads\/2018\/02\/orvieto-2078656_960_720.jpg","datePublished":"2018-02-07T09:03:46+00:00","dateModified":"2024-08-21T15:50:54+00:00","description":"Apprenez \u00e0 conna\u00eetre la belle r\u00e9gion de l'Ombrie avec cette excursion d'une journ\u00e9e \u00e0 Assise et Orvieto au d\u00e9part de Rome et \u00e9vitez les files d'attente pour la basilique Saint-Fran\u00e7ois (Assise).","breadcrumb":{"@id":"https:\/\/tourtravelandmore.com\/fr\/tours\/italie-fr\/rome-fr\/excursion-dune-journee-a-assise-et-orvieto-au-depart-de-rome-visite-privee-dune-journee\/#breadcrumb"},"inLanguage":"fr-FR","potentialAction":[{"@type":"ReadAction","target":["https:\/\/tourtravelandmore.com\/fr\/tours\/italie-fr\/rome-fr\/excursion-dune-journee-a-assise-et-orvieto-au-depart-de-rome-visite-privee-dune-journee\/"]}]},{"@type":"ImageObject","inLanguage":"fr-FR","@id":"https:\/\/tourtravelandmore.com\/fr\/tours\/italie-fr\/rome-fr\/excursion-dune-journee-a-assise-et-orvieto-au-depart-de-rome-visite-privee-dune-journee\/#primaryimage","url":"https:\/\/tourtravelandmore.com\/wp-content\/uploads\/2018\/02\/orvieto-2078656_960_720.jpg","contentUrl":"https:\/\/tourtravelandmore.com\/wp-content\/uploads\/2018\/02\/orvieto-2078656_960_720.jpg","width":960,"height":640},{"@type":"BreadcrumbList","@id":"https:\/\/tourtravelandmore.com\/fr\/tours\/italie-fr\/rome-fr\/excursion-dune-journee-a-assise-et-orvieto-au-depart-de-rome-visite-privee-dune-journee\/#breadcrumb","itemListElement":[{"@type":"ListItem","position":1,"name":"Home","item":"https:\/\/tourtravelandmore.com\/fr\/"},{"@type":"ListItem","position":2,"name":"Tours","item":"https:\/\/tourtravelandmore.com\/fr\/tours\/"},{"@type":"ListItem","position":3,"name":"Excursion d&#8217;une journ\u00e9e \u00e0 Assise et Orvieto au d\u00e9part de Rome &#8211; Visite priv\u00e9e d&#8217;une journ\u00e9e"}]},{"@type":"WebSite","@id":"https:\/\/tourtravelandmore.com\/fr\/#website","url":"https:\/\/tourtravelandmore.com\/fr\/","name":"Tour Travel And More","description":"Private sightseeing tours and luxury transfers in Spain","publisher":{"@id":"https:\/\/tourtravelandmore.com\/fr\/#organization"},"potentialAction":[{"@type":"SearchAction","target":{"@type":"EntryPoint","urlTemplate":"https:\/\/tourtravelandmore.com\/fr\/?s={search_term_string}"},"query-input":{"@type":"PropertyValueSpecification","valueRequired":true,"valueName":"search_term_string"}}],"inLanguage":"fr-FR"},{"@type":"Organization","@id":"https:\/\/tourtravelandmore.com\/fr\/#organization","name":"Tour Travel And More","url":"https:\/\/tourtravelandmore.com\/fr\/","logo":{"@type":"ImageObject","inLanguage":"fr-FR","@id":"https:\/\/tourtravelandmore.com\/fr\/#\/schema\/logo\/image\/","url":"https:\/\/tourtravelandmore.com\/wp-content\/uploads\/2022\/12\/cropped-logo-cabecera-new.png","contentUrl":"https:\/\/tourtravelandmore.com\/wp-content\/uploads\/2022\/12\/cropped-logo-cabecera-new.png","width":430,"height":61,"caption":"Tour Travel And More"},"image":{"@id":"https:\/\/tourtravelandmore.com\/fr\/#\/schema\/logo\/image\/"},"sameAs":["https:\/\/www.facebook.com\/tourtravelandmore\/","https:\/\/x.com\/TourTravel_More"]}]}},"_links":{"self":[{"href":"https:\/\/tourtravelandmore.com\/fr\/wp-json\/wp\/v2\/product\/101418","targetHints":{"allow":["GET"]}}],"collection":[{"href":"https:\/\/tourtravelandmore.com\/fr\/wp-json\/wp\/v2\/product"}],"about":[{"href":"https:\/\/tourtravelandmore.com\/fr\/wp-json\/wp\/v2\/types\/product"}],"replies":[{"embeddable":true,"href":"https:\/\/tourtravelandmore.com\/fr\/wp-json\/wp\/v2\/comments?post=101418"}],"wp:featuredmedia":[{"embeddable":true,"href":"https:\/\/tourtravelandmore.com\/fr\/wp-json\/wp\/v2\/media\/94693"}],"wp:attachment":[{"href":"https:\/\/tourtravelandmore.com\/fr\/wp-json\/wp\/v2\/media?parent=101418"}],"wp:term":[{"taxonomy":"product_brand","embeddable":true,"href":"https:\/\/tourtravelandmore.com\/fr\/wp-json\/wp\/v2\/product_brand?post=101418"},{"taxonomy":"product_cat","embeddable":true,"href":"https:\/\/tourtravelandmore.com\/fr\/wp-json\/wp\/v2\/product_cat?post=101418"},{"taxonomy":"product_tag","embeddable":true,"href":"https:\/\/tourtravelandmore.com\/fr\/wp-json\/wp\/v2\/product_tag?post=101418"}],"curies":[{"name":"wp","href":"https:\/\/api.w.org\/{rel}","templated":true}]}}