{"id":101408,"date":"2018-02-01T14:22:19","date_gmt":"2018-02-01T13:22:19","guid":{"rendered":"https:\/\/tourtravelandmore.com\/tours\/non%20class\u00e9\/visite-privee-de-castel-gandolfo-au-depart-de-rome\/"},"modified":"2024-08-21T17:51:25","modified_gmt":"2024-08-21T15:51:25","slug":"visite-privee-de-castel-gandolfo-au-depart-de-rome","status":"publish","type":"product","link":"https:\/\/tourtravelandmore.com\/fr\/tours\/italie-fr\/rome-fr\/visite-privee-de-castel-gandolfo-au-depart-de-rome\/","title":{"rendered":"Visite priv\u00e9e de Castel Gandolfo au d\u00e9part de Rome"},"content":{"rendered":"<h2>Description<\/h2>\n<p>Profitez de cette visite priv\u00e9e de Castel Gandolfo au d\u00e9part de Rome avec votre guide officiel et d\u00e9couvrez la r\u00e9sidence d&#8217;\u00e9t\u00e9 exclusive du pape.<\/p>\n<p>Vous aurez \u00e0 votre disposition un v\u00e9hicule de luxe priv\u00e9 avec chauffeur s\u00e9par\u00e9 qui vous emm\u00e8nera de votre h\u00f4tel \u00e0 Castel Gandolfo.<\/p>\n<p>Rome est situ\u00e9e dans la partie centre-ouest de la p\u00e9ninsule italienne le long des rives du Tibre. La Cit\u00e9 du Vatican est un pays ind\u00e9pendant situ\u00e9 dans les limites de Rome.<\/p>\n<p>La zone pontificielle de Castel Gandolfo s&#8217;\u00e9tend sur plus de 55 hectares, 30 d&#8217;entre eux sont des jardins et les 25 autres sont utilis\u00e9s pour l&#8217;agriculture.<\/p>\n<p>Il s&#8217;agit d&#8217;une visite enti\u00e8rement priv\u00e9e et nos experts en voyages sont l\u00e0 pour rendre votre visite priv\u00e9e \u00e0 Rome unique. Vous pouvez personnaliser chaque visite en nous contactant simplement. Voici un exemple de certains des sites les plus importants de ce que vous verrez lors de cette visite priv\u00e9e de Castel Gandolfo.<\/p>\n<h2>Sites d&#8217;int\u00e9r\u00eat et points de rep\u00e8re<\/h2>\n<p>Tout d&#8217;abord, votre chauffeur priv\u00e9 et votre guide officiel viendront vous chercher \u00e0 votre h\u00f4tel \u00e0 Rome pour vous emmener vers Castel Gandolfo.<\/p>\n<p>Deuxi\u00e8mement, vous pourrez admirer la vue imprenable sur le lac Albano, qui est un petit lac volcanique situ\u00e9 au centre de Castel Gandolfo.<\/p>\n<p>Entre autres monuments et sites touristiques, vous pouvez apprendre \u00e0 conna\u00eetre:<\/p>\n<ul>\n<li>R\u00e9sidence d&#8217;\u00e9t\u00e9 du pape<\/li>\n<li>Jardins Barberini<\/li>\n<li>Appartements papaux priv\u00e9s<\/li>\n<li>Vue imprenable sur le lac Albano<\/li>\n<li>Beaucoup plus!<\/li>\n<\/ul>\n<p>Vous pourrez sortir de l&#8217;effervescence de la ville et visiter le magnifique quartier o\u00f9 se trouve Castel Gandolfo, plein de jardins et d&#8217;un lac.<\/p>\n<p>Enfin, votre chauffeur priv\u00e9 et votre guide officiel vous ram\u00e8neront \u00e0 votre h\u00f4tel ou \u00e0 votre point de d\u00e9part \u00e0 Rome.<\/p>\n<p>Cette visite a une dur\u00e9e de 5 heures entre le moment de la prise en charge et le moment du d\u00e9p\u00f4t \u00e0 votre h\u00f4tel \u00e0 Rome. L&#8217;entr\u00e9e coupe-file \u00e0 Castel Gandolfo est incluse dans le prix de cette visite priv\u00e9e.<\/p>\n<p>Si vous \u00eates religieux et que vous \u00eates tr\u00e8s int\u00e9ress\u00e9 par le travail du Pape et la Cit\u00e9 du Vatican, nous vous recommandons vraiment notre visite priv\u00e9e de la Cit\u00e9 du Vatican avec une entr\u00e9e coupe-file.<\/p>\n","protected":false},"excerpt":{"rendered":"<p>Sortez du bourdonnement de la ville pour entrer dans le magnifique quartier de Castel Gandolfo. Profitez de cette occasion pour d\u00e9couvrir la r\u00e9sidence d&#8217;\u00e9t\u00e9 de Papa, vous promener dans les jardins Barberini et admirer le lac Abano. Contactez-nous et vous pourrez personnaliser votre propre exp\u00e9rience.<\/p>\n","protected":false},"featured_media":94677,"comment_status":"open","ping_status":"closed","template":"","meta":{"_acf_changed":false},"product_brand":[],"product_cat":[5424,5428,3550],"product_tag":[],"class_list":{"0":"post-101408","1":"product","2":"type-product","3":"status-publish","4":"has-post-thumbnail","6":"product_cat-all-private-tours-activities-fr-32","7":"product_cat-private-sightseeing-tours-fr-41","8":"product_cat-rome-fr","10":"first","11":"instock","12":"shipping-taxable","13":"purchasable","14":"product-type-simple"},"acf":[],"yoast_head":"<!-- This site is optimized with the Yoast SEO Premium plugin v25.3.1 (Yoast SEO v25.3.1) - https:\/\/yoast.com\/wordpress\/plugins\/seo\/ -->\n<title>Visite priv\u00e9e de 5 heures de Castel Gandolfo avec v\u00e9hicule de luxe priv\u00e9 et guide<\/title>\n<meta name=\"description\" content=\"Admirez la belle r\u00e9gion de Castel Gandolfo. Visitez les incroyables jardins Barberini, la r\u00e9sidence d&#039;\u00e9t\u00e9 du pape et une vue imprenable sur le lac Albano.\" \/>\n<meta name=\"robots\" content=\"index, follow, max-snippet:-1, max-image-preview:large, max-video-preview:-1\" \/>\n<link rel=\"canonical\" href=\"https:\/\/tourtravelandmore.com\/fr\/tours\/italie-fr\/rome-fr\/visite-privee-de-castel-gandolfo-au-depart-de-rome\/\" \/>\n<meta property=\"og:locale\" content=\"fr_FR\" \/>\n<meta property=\"og:type\" content=\"article\" \/>\n<meta property=\"og:title\" content=\"Visite priv\u00e9e de Castel Gandolfo au d\u00e9part de Rome\" \/>\n<meta property=\"og:description\" content=\"Admirez la belle r\u00e9gion de Castel Gandolfo. Visitez les incroyables jardins Barberini, la r\u00e9sidence d&#039;\u00e9t\u00e9 du pape et une vue imprenable sur le lac Albano.\" \/>\n<meta property=\"og:url\" content=\"https:\/\/tourtravelandmore.com\/fr\/tours\/italie-fr\/rome-fr\/visite-privee-de-castel-gandolfo-au-depart-de-rome\/\" \/>\n<meta property=\"og:site_name\" content=\"Tour Travel And More\" \/>\n<meta property=\"article:publisher\" content=\"https:\/\/www.facebook.com\/tourtravelandmore\/\" \/>\n<meta property=\"article:modified_time\" content=\"2024-08-21T15:51:25+00:00\" \/>\n<meta property=\"og:image\" content=\"https:\/\/tourtravelandmore.com\/wp-content\/uploads\/2018\/02\/Giardino_agrumeto_Giardini_del_Belvedere_III_20141006-1024x576.jpg\" \/>\n\t<meta property=\"og:image:width\" content=\"1024\" \/>\n\t<meta property=\"og:image:height\" content=\"576\" \/>\n\t<meta property=\"og:image:type\" content=\"image\/jpeg\" \/>\n<meta name=\"twitter:card\" content=\"summary_large_image\" \/>\n<meta name=\"twitter:site\" content=\"@TourTravel_More\" \/>\n<meta name=\"twitter:label1\" content=\"Dur\u00e9e de lecture estim\u00e9e\" \/>\n\t<meta name=\"twitter:data1\" content=\"2 minutes\" \/>\n<script type=\"application\/ld+json\" class=\"yoast-schema-graph\">{\"@context\":\"https:\/\/schema.org\",\"@graph\":[{\"@type\":\"WebPage\",\"@id\":\"https:\/\/tourtravelandmore.com\/fr\/tours\/italie-fr\/rome-fr\/visite-privee-de-castel-gandolfo-au-depart-de-rome\/\",\"url\":\"https:\/\/tourtravelandmore.com\/fr\/tours\/italie-fr\/rome-fr\/visite-privee-de-castel-gandolfo-au-depart-de-rome\/\",\"name\":\"Visite priv\u00e9e de 5 heures de Castel Gandolfo avec v\u00e9hicule de luxe priv\u00e9 et guide\",\"isPartOf\":{\"@id\":\"https:\/\/tourtravelandmore.com\/fr\/#website\"},\"primaryImageOfPage\":{\"@id\":\"https:\/\/tourtravelandmore.com\/fr\/tours\/italie-fr\/rome-fr\/visite-privee-de-castel-gandolfo-au-depart-de-rome\/#primaryimage\"},\"image\":{\"@id\":\"https:\/\/tourtravelandmore.com\/fr\/tours\/italie-fr\/rome-fr\/visite-privee-de-castel-gandolfo-au-depart-de-rome\/#primaryimage\"},\"thumbnailUrl\":\"https:\/\/tourtravelandmore.com\/wp-content\/uploads\/2018\/02\/Giardino_agrumeto_Giardini_del_Belvedere_III_20141006.jpg\",\"datePublished\":\"2018-02-01T13:22:19+00:00\",\"dateModified\":\"2024-08-21T15:51:25+00:00\",\"description\":\"Admirez la belle r\u00e9gion de Castel Gandolfo. Visitez les incroyables jardins Barberini, la r\u00e9sidence d'\u00e9t\u00e9 du pape et une vue imprenable sur le lac Albano.\",\"breadcrumb\":{\"@id\":\"https:\/\/tourtravelandmore.com\/fr\/tours\/italie-fr\/rome-fr\/visite-privee-de-castel-gandolfo-au-depart-de-rome\/#breadcrumb\"},\"inLanguage\":\"fr-FR\",\"potentialAction\":[{\"@type\":\"ReadAction\",\"target\":[\"https:\/\/tourtravelandmore.com\/fr\/tours\/italie-fr\/rome-fr\/visite-privee-de-castel-gandolfo-au-depart-de-rome\/\"]}]},{\"@type\":\"ImageObject\",\"inLanguage\":\"fr-FR\",\"@id\":\"https:\/\/tourtravelandmore.com\/fr\/tours\/italie-fr\/rome-fr\/visite-privee-de-castel-gandolfo-au-depart-de-rome\/#primaryimage\",\"url\":\"https:\/\/tourtravelandmore.com\/wp-content\/uploads\/2018\/02\/Giardino_agrumeto_Giardini_del_Belvedere_III_20141006.jpg\",\"contentUrl\":\"https:\/\/tourtravelandmore.com\/wp-content\/uploads\/2018\/02\/Giardino_agrumeto_Giardini_del_Belvedere_III_20141006.jpg\",\"width\":4128,\"height\":2322},{\"@type\":\"BreadcrumbList\",\"@id\":\"https:\/\/tourtravelandmore.com\/fr\/tours\/italie-fr\/rome-fr\/visite-privee-de-castel-gandolfo-au-depart-de-rome\/#breadcrumb\",\"itemListElement\":[{\"@type\":\"ListItem\",\"position\":1,\"name\":\"Home\",\"item\":\"https:\/\/tourtravelandmore.com\/fr\/\"},{\"@type\":\"ListItem\",\"position\":2,\"name\":\"Tours\",\"item\":\"https:\/\/tourtravelandmore.com\/fr\/tours\/\"},{\"@type\":\"ListItem\",\"position\":3,\"name\":\"Visite priv\u00e9e de Castel Gandolfo au d\u00e9part de Rome\"}]},{\"@type\":\"WebSite\",\"@id\":\"https:\/\/tourtravelandmore.com\/fr\/#website\",\"url\":\"https:\/\/tourtravelandmore.com\/fr\/\",\"name\":\"Tour Travel And More\",\"description\":\"Private sightseeing tours and luxury transfers in Spain\",\"publisher\":{\"@id\":\"https:\/\/tourtravelandmore.com\/fr\/#organization\"},\"potentialAction\":[{\"@type\":\"SearchAction\",\"target\":{\"@type\":\"EntryPoint\",\"urlTemplate\":\"https:\/\/tourtravelandmore.com\/fr\/?s={search_term_string}\"},\"query-input\":{\"@type\":\"PropertyValueSpecification\",\"valueRequired\":true,\"valueName\":\"search_term_string\"}}],\"inLanguage\":\"fr-FR\"},{\"@type\":\"Organization\",\"@id\":\"https:\/\/tourtravelandmore.com\/fr\/#organization\",\"name\":\"Tour Travel And More\",\"url\":\"https:\/\/tourtravelandmore.com\/fr\/\",\"logo\":{\"@type\":\"ImageObject\",\"inLanguage\":\"fr-FR\",\"@id\":\"https:\/\/tourtravelandmore.com\/fr\/#\/schema\/logo\/image\/\",\"url\":\"https:\/\/tourtravelandmore.com\/wp-content\/uploads\/2022\/12\/cropped-logo-cabecera-new.png\",\"contentUrl\":\"https:\/\/tourtravelandmore.com\/wp-content\/uploads\/2022\/12\/cropped-logo-cabecera-new.png\",\"width\":430,\"height\":61,\"caption\":\"Tour Travel And More\"},\"image\":{\"@id\":\"https:\/\/tourtravelandmore.com\/fr\/#\/schema\/logo\/image\/\"},\"sameAs\":[\"https:\/\/www.facebook.com\/tourtravelandmore\/\",\"https:\/\/x.com\/TourTravel_More\"]}]}<\/script>\n<!-- \/ Yoast SEO Premium plugin. -->","yoast_head_json":{"title":"Visite priv\u00e9e de 5 heures de Castel Gandolfo avec v\u00e9hicule de luxe priv\u00e9 et guide","description":"Admirez la belle r\u00e9gion de Castel Gandolfo. Visitez les incroyables jardins Barberini, la r\u00e9sidence d'\u00e9t\u00e9 du pape et une vue imprenable sur le lac Albano.","robots":{"index":"index","follow":"follow","max-snippet":"max-snippet:-1","max-image-preview":"max-image-preview:large","max-video-preview":"max-video-preview:-1"},"canonical":"https:\/\/tourtravelandmore.com\/fr\/tours\/italie-fr\/rome-fr\/visite-privee-de-castel-gandolfo-au-depart-de-rome\/","og_locale":"fr_FR","og_type":"article","og_title":"Visite priv\u00e9e de Castel Gandolfo au d\u00e9part de Rome","og_description":"Admirez la belle r\u00e9gion de Castel Gandolfo. Visitez les incroyables jardins Barberini, la r\u00e9sidence d'\u00e9t\u00e9 du pape et une vue imprenable sur le lac Albano.","og_url":"https:\/\/tourtravelandmore.com\/fr\/tours\/italie-fr\/rome-fr\/visite-privee-de-castel-gandolfo-au-depart-de-rome\/","og_site_name":"Tour Travel And More","article_publisher":"https:\/\/www.facebook.com\/tourtravelandmore\/","article_modified_time":"2024-08-21T15:51:25+00:00","og_image":[{"width":1024,"height":576,"url":"https:\/\/tourtravelandmore.com\/wp-content\/uploads\/2018\/02\/Giardino_agrumeto_Giardini_del_Belvedere_III_20141006-1024x576.jpg","type":"image\/jpeg"}],"twitter_card":"summary_large_image","twitter_site":"@TourTravel_More","twitter_misc":{"Dur\u00e9e de lecture estim\u00e9e":"2 minutes"},"schema":{"@context":"https:\/\/schema.org","@graph":[{"@type":"WebPage","@id":"https:\/\/tourtravelandmore.com\/fr\/tours\/italie-fr\/rome-fr\/visite-privee-de-castel-gandolfo-au-depart-de-rome\/","url":"https:\/\/tourtravelandmore.com\/fr\/tours\/italie-fr\/rome-fr\/visite-privee-de-castel-gandolfo-au-depart-de-rome\/","name":"Visite priv\u00e9e de 5 heures de Castel Gandolfo avec v\u00e9hicule de luxe priv\u00e9 et guide","isPartOf":{"@id":"https:\/\/tourtravelandmore.com\/fr\/#website"},"primaryImageOfPage":{"@id":"https:\/\/tourtravelandmore.com\/fr\/tours\/italie-fr\/rome-fr\/visite-privee-de-castel-gandolfo-au-depart-de-rome\/#primaryimage"},"image":{"@id":"https:\/\/tourtravelandmore.com\/fr\/tours\/italie-fr\/rome-fr\/visite-privee-de-castel-gandolfo-au-depart-de-rome\/#primaryimage"},"thumbnailUrl":"https:\/\/tourtravelandmore.com\/wp-content\/uploads\/2018\/02\/Giardino_agrumeto_Giardini_del_Belvedere_III_20141006.jpg","datePublished":"2018-02-01T13:22:19+00:00","dateModified":"2024-08-21T15:51:25+00:00","description":"Admirez la belle r\u00e9gion de Castel Gandolfo. Visitez les incroyables jardins Barberini, la r\u00e9sidence d'\u00e9t\u00e9 du pape et une vue imprenable sur le lac Albano.","breadcrumb":{"@id":"https:\/\/tourtravelandmore.com\/fr\/tours\/italie-fr\/rome-fr\/visite-privee-de-castel-gandolfo-au-depart-de-rome\/#breadcrumb"},"inLanguage":"fr-FR","potentialAction":[{"@type":"ReadAction","target":["https:\/\/tourtravelandmore.com\/fr\/tours\/italie-fr\/rome-fr\/visite-privee-de-castel-gandolfo-au-depart-de-rome\/"]}]},{"@type":"ImageObject","inLanguage":"fr-FR","@id":"https:\/\/tourtravelandmore.com\/fr\/tours\/italie-fr\/rome-fr\/visite-privee-de-castel-gandolfo-au-depart-de-rome\/#primaryimage","url":"https:\/\/tourtravelandmore.com\/wp-content\/uploads\/2018\/02\/Giardino_agrumeto_Giardini_del_Belvedere_III_20141006.jpg","contentUrl":"https:\/\/tourtravelandmore.com\/wp-content\/uploads\/2018\/02\/Giardino_agrumeto_Giardini_del_Belvedere_III_20141006.jpg","width":4128,"height":2322},{"@type":"BreadcrumbList","@id":"https:\/\/tourtravelandmore.com\/fr\/tours\/italie-fr\/rome-fr\/visite-privee-de-castel-gandolfo-au-depart-de-rome\/#breadcrumb","itemListElement":[{"@type":"ListItem","position":1,"name":"Home","item":"https:\/\/tourtravelandmore.com\/fr\/"},{"@type":"ListItem","position":2,"name":"Tours","item":"https:\/\/tourtravelandmore.com\/fr\/tours\/"},{"@type":"ListItem","position":3,"name":"Visite priv\u00e9e de Castel Gandolfo au d\u00e9part de Rome"}]},{"@type":"WebSite","@id":"https:\/\/tourtravelandmore.com\/fr\/#website","url":"https:\/\/tourtravelandmore.com\/fr\/","name":"Tour Travel And More","description":"Private sightseeing tours and luxury transfers in Spain","publisher":{"@id":"https:\/\/tourtravelandmore.com\/fr\/#organization"},"potentialAction":[{"@type":"SearchAction","target":{"@type":"EntryPoint","urlTemplate":"https:\/\/tourtravelandmore.com\/fr\/?s={search_term_string}"},"query-input":{"@type":"PropertyValueSpecification","valueRequired":true,"valueName":"search_term_string"}}],"inLanguage":"fr-FR"},{"@type":"Organization","@id":"https:\/\/tourtravelandmore.com\/fr\/#organization","name":"Tour Travel And More","url":"https:\/\/tourtravelandmore.com\/fr\/","logo":{"@type":"ImageObject","inLanguage":"fr-FR","@id":"https:\/\/tourtravelandmore.com\/fr\/#\/schema\/logo\/image\/","url":"https:\/\/tourtravelandmore.com\/wp-content\/uploads\/2022\/12\/cropped-logo-cabecera-new.png","contentUrl":"https:\/\/tourtravelandmore.com\/wp-content\/uploads\/2022\/12\/cropped-logo-cabecera-new.png","width":430,"height":61,"caption":"Tour Travel And More"},"image":{"@id":"https:\/\/tourtravelandmore.com\/fr\/#\/schema\/logo\/image\/"},"sameAs":["https:\/\/www.facebook.com\/tourtravelandmore\/","https:\/\/x.com\/TourTravel_More"]}]}},"_links":{"self":[{"href":"https:\/\/tourtravelandmore.com\/fr\/wp-json\/wp\/v2\/product\/101408","targetHints":{"allow":["GET"]}}],"collection":[{"href":"https:\/\/tourtravelandmore.com\/fr\/wp-json\/wp\/v2\/product"}],"about":[{"href":"https:\/\/tourtravelandmore.com\/fr\/wp-json\/wp\/v2\/types\/product"}],"replies":[{"embeddable":true,"href":"https:\/\/tourtravelandmore.com\/fr\/wp-json\/wp\/v2\/comments?post=101408"}],"wp:featuredmedia":[{"embeddable":true,"href":"https:\/\/tourtravelandmore.com\/fr\/wp-json\/wp\/v2\/media\/94677"}],"wp:attachment":[{"href":"https:\/\/tourtravelandmore.com\/fr\/wp-json\/wp\/v2\/media?parent=101408"}],"wp:term":[{"taxonomy":"product_brand","embeddable":true,"href":"https:\/\/tourtravelandmore.com\/fr\/wp-json\/wp\/v2\/product_brand?post=101408"},{"taxonomy":"product_cat","embeddable":true,"href":"https:\/\/tourtravelandmore.com\/fr\/wp-json\/wp\/v2\/product_cat?post=101408"},{"taxonomy":"product_tag","embeddable":true,"href":"https:\/\/tourtravelandmore.com\/fr\/wp-json\/wp\/v2\/product_tag?post=101408"}],"curies":[{"name":"wp","href":"https:\/\/api.w.org\/{rel}","templated":true}]}}