{"id":101403,"date":"2018-02-01T13:48:36","date_gmt":"2018-02-01T12:48:36","guid":{"rendered":"https:\/\/tourtravelandmore.com\/tours\/non%20class\u00e9\/visite-de-la-galerie-borghese-visite-privee-a-pied-de-3-heures\/"},"modified":"2024-08-21T17:51:18","modified_gmt":"2024-08-21T15:51:18","slug":"visite-de-la-galerie-borghese-visite-privee-a-pied-de-3-heures","status":"publish","type":"product","link":"https:\/\/tourtravelandmore.com\/fr\/tours\/italie-fr\/rome-fr\/visite-de-la-galerie-borghese-visite-privee-a-pied-de-3-heures\/","title":{"rendered":"Visite de la galerie Borgh\u00e8se &#8211; Visite priv\u00e9e \u00e0 pied de 3 heures"},"content":{"rendered":"<h2>Description<\/h2>\n<p>Profitez de cette visite priv\u00e9e de la galerie Borgh\u00e8se avec votre guide officiel et d\u00e9couvrez l&#8217;un des mus\u00e9es les plus beaux et les plus embl\u00e9matiques de Rome.<\/p>\n<p>Vous vous retrouverez chez votre guide priv\u00e9 devant la galerie. Si vous souhaitez que nous organisions votre transfert priv\u00e9 de votre h\u00f4tel ou lieu de votre choix \u00e0 Rome \u00e0 la Galerie et retour, n&#8217;h\u00e9sitez pas \u00e0 nous contacter.<\/p>\n<p>La ville de Rome a plus de 2760 ans d&#8217;existence. Elle a \u00e9t\u00e9 la patrie de l&#8217;un des plus grands empires du monde, l&#8217;empire romain et de l&#8217;\u00e9glise catholique. La ville a \u00e9t\u00e9 l&#8217;un des endroits les plus influents de toute l&#8217;histoire du monde.<\/p>\n<p>La Galerie Borgh\u00e8se est situ\u00e9e dans la maison du 17\u00e8me si\u00e8cle du Cardenal Borghese. Au cours de cette visite priv\u00e9e, vous pourrez voir toute la collection priv\u00e9e que le Cardenal avait collectionn\u00e9e de son vivant. La Galerie accueille les \u0153uvres des plus grands artistes de la Renaissance: Bernini, Raphael, Caravaggio, Tiziano et bien d&#8217;autres!<\/p>\n<p>Saisissez cette opportunit\u00e9 et d\u00e9couvrez l&#8217;un des mus\u00e9es \/ galeries les plus c\u00e9l\u00e8bres de Rome lors de cette visite priv\u00e9e \u00e0 pied. Votre guide officiel priv\u00e9 vous montrera et vous \u00e9clairera avec une partie de l&#8217;histoire de ce magnifique palais et de l&#8217;incroyable collection d&#8217;art priv\u00e9e de la famille Borghese.<\/p>\n<h2>Sites d&#8217;int\u00e9r\u00eat et points de rep\u00e8re<\/h2>\n<p>En premier lieu, vous rencontrerez votre guide officiel \u00e0 l&#8217;entr\u00e9e principale de la galerie Borgh\u00e8se afin de commencer votre visite priv\u00e9e \u00e0 pied. Une fois \u00e0 l&#8217;int\u00e9rieur de la galerie, vous pourrez admirer une grande collection d&#8217;art et de statues.<\/p>\n<p>La galerie Borgh\u00e8se est compos\u00e9e de deux \u00e9tages, \u00e0 l&#8217;\u00e9tage sup\u00e9rieur, nous trouverons la galerie d&#8217;art et \u00e0 l&#8217;\u00e9tage inf\u00e9rieur une collection de sculptures. Ci-dessus, il faut souligner quelques caravages et en bas, des statues romaines et des sculptures du Bernin.<\/p>\n<p>Entre autres sculptures et collections d&#8217;art, vous pourrez admirer:<\/p>\n<ul>\n<li>Apollon et Daphn\u00e9 du Bernin<\/li>\n<li>Enl\u00e8vement de Proserpine par Bernini<\/li>\n<li>David du Bernin<\/li>\n<li>Paulina Bonaparte de Canova<\/li>\n<li>Autoportrait du Caravage<\/li>\n<li>La descente de Rafael<\/li>\n<li>et beaucoup plus!<\/li>\n<\/ul>\n<p>Enfin, votre guide officiel priv\u00e9 vous d\u00e9posera \u00e0 l&#8217;entr\u00e9e principale de la galerie. L&#8217;entr\u00e9e coupe-file \u00e0 la galerie Borgh\u00e8se est incluse dans le prix.<\/p>\n<p>Cette visite \u00e0 pied a une dur\u00e9e de 3 heures du d\u00e9but \u00e0 l&#8217;heure de d\u00e9pose. Il est \u00e9galement possible d&#8217;organiser une dur\u00e9e plus ou moins longue de la visite, si vous \u00eates int\u00e9ress\u00e9 par un transfert en v\u00e9hicule priv\u00e9 depuis et vers votre h\u00f4tel \u00e0 Rome. Il s&#8217;agit d&#8217;un circuit totalement priv\u00e9 et personnalis\u00e9, alors n&#8217;h\u00e9sitez pas \u00e0 nous contacter.<\/p>\n<p>Si vous souhaitez \u00e9galement faire une visite priv\u00e9e \u00e0 pied \u00e0 l&#8217;ext\u00e9rieur, veuillez jeter un coup d&#8217;\u0153il \u00e0 notre visite priv\u00e9e \u00e0 pied de 3 heures de Rome.<\/p>\n","protected":false},"excerpt":{"rendered":"<p>Venez avec nous et d\u00e9couvrez l&#8217;un des mus\u00e9es les plus populaires de Rome lors de cette exp\u00e9rience avec votre propre guide officiel priv\u00e9. La galerie accueille les \u0153uvres des meilleurs artistes de la Renaissance (Bernini, Tiziano, Rapahel, Caravaggio et plus encore!).<\/p>\n","protected":false},"featured_media":94671,"comment_status":"open","ping_status":"closed","template":"","meta":{"_acf_changed":false},"product_brand":[],"product_cat":[5424,5425,3550],"product_tag":[],"class_list":{"0":"post-101403","1":"product","2":"type-product","3":"status-publish","4":"has-post-thumbnail","6":"product_cat-all-private-tours-activities-fr-32","7":"product_cat-private-walking-tours-fr-18","8":"product_cat-rome-fr","10":"first","11":"instock","12":"shipping-taxable","13":"purchasable","14":"product-type-simple"},"acf":[],"yoast_head":"<!-- This site is optimized with the Yoast SEO Premium plugin v25.3.1 (Yoast SEO v25.3.1) - https:\/\/yoast.com\/wordpress\/plugins\/seo\/ -->\n<title>Visite priv\u00e9e \u00e0 pied de 3 heures de la galerie Borgh\u00e8se avec guide officiel<\/title>\n<meta name=\"description\" content=\"Profitez de la visite de l&#039;un des plus beaux mus\u00e9es de Rome avec cette visite de la galerie Borgh\u00e8se. Admirez sa magnifique collection d&#039;art avec un guide officiel.\" \/>\n<meta name=\"robots\" content=\"index, follow, max-snippet:-1, max-image-preview:large, max-video-preview:-1\" \/>\n<link rel=\"canonical\" href=\"https:\/\/tourtravelandmore.com\/fr\/tours\/italie-fr\/rome-fr\/visite-de-la-galerie-borghese-visite-privee-a-pied-de-3-heures\/\" \/>\n<meta property=\"og:locale\" content=\"fr_FR\" \/>\n<meta property=\"og:type\" content=\"article\" \/>\n<meta property=\"og:title\" content=\"Visite de la galerie Borgh\u00e8se - Visite priv\u00e9e \u00e0 pied de 3 heures\" \/>\n<meta property=\"og:description\" content=\"Profitez de la visite de l&#039;un des plus beaux mus\u00e9es de Rome avec cette visite de la galerie Borgh\u00e8se. Admirez sa magnifique collection d&#039;art avec un guide officiel.\" \/>\n<meta property=\"og:url\" content=\"https:\/\/tourtravelandmore.com\/fr\/tours\/italie-fr\/rome-fr\/visite-de-la-galerie-borghese-visite-privee-a-pied-de-3-heures\/\" \/>\n<meta property=\"og:site_name\" content=\"Tour Travel And More\" \/>\n<meta property=\"article:publisher\" content=\"https:\/\/www.facebook.com\/tourtravelandmore\/\" \/>\n<meta property=\"article:modified_time\" content=\"2024-08-21T15:51:18+00:00\" \/>\n<meta property=\"og:image\" content=\"https:\/\/tourtravelandmore.com\/wp-content\/uploads\/2018\/02\/Galleria_borghese_facade-1024x602.jpg\" \/>\n\t<meta property=\"og:image:width\" content=\"1024\" \/>\n\t<meta property=\"og:image:height\" content=\"602\" \/>\n\t<meta property=\"og:image:type\" content=\"image\/jpeg\" \/>\n<meta name=\"twitter:card\" content=\"summary_large_image\" \/>\n<meta name=\"twitter:site\" content=\"@TourTravel_More\" \/>\n<meta name=\"twitter:label1\" content=\"Dur\u00e9e de lecture estim\u00e9e\" \/>\n\t<meta name=\"twitter:data1\" content=\"2 minutes\" \/>\n<script type=\"application\/ld+json\" class=\"yoast-schema-graph\">{\"@context\":\"https:\/\/schema.org\",\"@graph\":[{\"@type\":\"WebPage\",\"@id\":\"https:\/\/tourtravelandmore.com\/fr\/tours\/italie-fr\/rome-fr\/visite-de-la-galerie-borghese-visite-privee-a-pied-de-3-heures\/\",\"url\":\"https:\/\/tourtravelandmore.com\/fr\/tours\/italie-fr\/rome-fr\/visite-de-la-galerie-borghese-visite-privee-a-pied-de-3-heures\/\",\"name\":\"Visite priv\u00e9e \u00e0 pied de 3 heures de la galerie Borgh\u00e8se avec guide officiel\",\"isPartOf\":{\"@id\":\"https:\/\/tourtravelandmore.com\/fr\/#website\"},\"primaryImageOfPage\":{\"@id\":\"https:\/\/tourtravelandmore.com\/fr\/tours\/italie-fr\/rome-fr\/visite-de-la-galerie-borghese-visite-privee-a-pied-de-3-heures\/#primaryimage\"},\"image\":{\"@id\":\"https:\/\/tourtravelandmore.com\/fr\/tours\/italie-fr\/rome-fr\/visite-de-la-galerie-borghese-visite-privee-a-pied-de-3-heures\/#primaryimage\"},\"thumbnailUrl\":\"https:\/\/tourtravelandmore.com\/wp-content\/uploads\/2018\/02\/Galleria_borghese_facade.jpg\",\"datePublished\":\"2018-02-01T12:48:36+00:00\",\"dateModified\":\"2024-08-21T15:51:18+00:00\",\"description\":\"Profitez de la visite de l'un des plus beaux mus\u00e9es de Rome avec cette visite de la galerie Borgh\u00e8se. Admirez sa magnifique collection d'art avec un guide officiel.\",\"breadcrumb\":{\"@id\":\"https:\/\/tourtravelandmore.com\/fr\/tours\/italie-fr\/rome-fr\/visite-de-la-galerie-borghese-visite-privee-a-pied-de-3-heures\/#breadcrumb\"},\"inLanguage\":\"fr-FR\",\"potentialAction\":[{\"@type\":\"ReadAction\",\"target\":[\"https:\/\/tourtravelandmore.com\/fr\/tours\/italie-fr\/rome-fr\/visite-de-la-galerie-borghese-visite-privee-a-pied-de-3-heures\/\"]}]},{\"@type\":\"ImageObject\",\"inLanguage\":\"fr-FR\",\"@id\":\"https:\/\/tourtravelandmore.com\/fr\/tours\/italie-fr\/rome-fr\/visite-de-la-galerie-borghese-visite-privee-a-pied-de-3-heures\/#primaryimage\",\"url\":\"https:\/\/tourtravelandmore.com\/wp-content\/uploads\/2018\/02\/Galleria_borghese_facade.jpg\",\"contentUrl\":\"https:\/\/tourtravelandmore.com\/wp-content\/uploads\/2018\/02\/Galleria_borghese_facade.jpg\",\"width\":4378,\"height\":2574},{\"@type\":\"BreadcrumbList\",\"@id\":\"https:\/\/tourtravelandmore.com\/fr\/tours\/italie-fr\/rome-fr\/visite-de-la-galerie-borghese-visite-privee-a-pied-de-3-heures\/#breadcrumb\",\"itemListElement\":[{\"@type\":\"ListItem\",\"position\":1,\"name\":\"Home\",\"item\":\"https:\/\/tourtravelandmore.com\/fr\/\"},{\"@type\":\"ListItem\",\"position\":2,\"name\":\"Tours\",\"item\":\"https:\/\/tourtravelandmore.com\/fr\/tours\/\"},{\"@type\":\"ListItem\",\"position\":3,\"name\":\"Visite de la galerie Borgh\u00e8se &#8211; Visite priv\u00e9e \u00e0 pied de 3 heures\"}]},{\"@type\":\"WebSite\",\"@id\":\"https:\/\/tourtravelandmore.com\/fr\/#website\",\"url\":\"https:\/\/tourtravelandmore.com\/fr\/\",\"name\":\"Tour Travel And More\",\"description\":\"Private sightseeing tours and luxury transfers in Spain\",\"publisher\":{\"@id\":\"https:\/\/tourtravelandmore.com\/fr\/#organization\"},\"potentialAction\":[{\"@type\":\"SearchAction\",\"target\":{\"@type\":\"EntryPoint\",\"urlTemplate\":\"https:\/\/tourtravelandmore.com\/fr\/?s={search_term_string}\"},\"query-input\":{\"@type\":\"PropertyValueSpecification\",\"valueRequired\":true,\"valueName\":\"search_term_string\"}}],\"inLanguage\":\"fr-FR\"},{\"@type\":\"Organization\",\"@id\":\"https:\/\/tourtravelandmore.com\/fr\/#organization\",\"name\":\"Tour Travel And More\",\"url\":\"https:\/\/tourtravelandmore.com\/fr\/\",\"logo\":{\"@type\":\"ImageObject\",\"inLanguage\":\"fr-FR\",\"@id\":\"https:\/\/tourtravelandmore.com\/fr\/#\/schema\/logo\/image\/\",\"url\":\"https:\/\/tourtravelandmore.com\/wp-content\/uploads\/2022\/12\/cropped-logo-cabecera-new.png\",\"contentUrl\":\"https:\/\/tourtravelandmore.com\/wp-content\/uploads\/2022\/12\/cropped-logo-cabecera-new.png\",\"width\":430,\"height\":61,\"caption\":\"Tour Travel And More\"},\"image\":{\"@id\":\"https:\/\/tourtravelandmore.com\/fr\/#\/schema\/logo\/image\/\"},\"sameAs\":[\"https:\/\/www.facebook.com\/tourtravelandmore\/\",\"https:\/\/x.com\/TourTravel_More\"]}]}<\/script>\n<!-- \/ Yoast SEO Premium plugin. -->","yoast_head_json":{"title":"Visite priv\u00e9e \u00e0 pied de 3 heures de la galerie Borgh\u00e8se avec guide officiel","description":"Profitez de la visite de l'un des plus beaux mus\u00e9es de Rome avec cette visite de la galerie Borgh\u00e8se. Admirez sa magnifique collection d'art avec un guide officiel.","robots":{"index":"index","follow":"follow","max-snippet":"max-snippet:-1","max-image-preview":"max-image-preview:large","max-video-preview":"max-video-preview:-1"},"canonical":"https:\/\/tourtravelandmore.com\/fr\/tours\/italie-fr\/rome-fr\/visite-de-la-galerie-borghese-visite-privee-a-pied-de-3-heures\/","og_locale":"fr_FR","og_type":"article","og_title":"Visite de la galerie Borgh\u00e8se - Visite priv\u00e9e \u00e0 pied de 3 heures","og_description":"Profitez de la visite de l'un des plus beaux mus\u00e9es de Rome avec cette visite de la galerie Borgh\u00e8se. Admirez sa magnifique collection d'art avec un guide officiel.","og_url":"https:\/\/tourtravelandmore.com\/fr\/tours\/italie-fr\/rome-fr\/visite-de-la-galerie-borghese-visite-privee-a-pied-de-3-heures\/","og_site_name":"Tour Travel And More","article_publisher":"https:\/\/www.facebook.com\/tourtravelandmore\/","article_modified_time":"2024-08-21T15:51:18+00:00","og_image":[{"width":1024,"height":602,"url":"https:\/\/tourtravelandmore.com\/wp-content\/uploads\/2018\/02\/Galleria_borghese_facade-1024x602.jpg","type":"image\/jpeg"}],"twitter_card":"summary_large_image","twitter_site":"@TourTravel_More","twitter_misc":{"Dur\u00e9e de lecture estim\u00e9e":"2 minutes"},"schema":{"@context":"https:\/\/schema.org","@graph":[{"@type":"WebPage","@id":"https:\/\/tourtravelandmore.com\/fr\/tours\/italie-fr\/rome-fr\/visite-de-la-galerie-borghese-visite-privee-a-pied-de-3-heures\/","url":"https:\/\/tourtravelandmore.com\/fr\/tours\/italie-fr\/rome-fr\/visite-de-la-galerie-borghese-visite-privee-a-pied-de-3-heures\/","name":"Visite priv\u00e9e \u00e0 pied de 3 heures de la galerie Borgh\u00e8se avec guide officiel","isPartOf":{"@id":"https:\/\/tourtravelandmore.com\/fr\/#website"},"primaryImageOfPage":{"@id":"https:\/\/tourtravelandmore.com\/fr\/tours\/italie-fr\/rome-fr\/visite-de-la-galerie-borghese-visite-privee-a-pied-de-3-heures\/#primaryimage"},"image":{"@id":"https:\/\/tourtravelandmore.com\/fr\/tours\/italie-fr\/rome-fr\/visite-de-la-galerie-borghese-visite-privee-a-pied-de-3-heures\/#primaryimage"},"thumbnailUrl":"https:\/\/tourtravelandmore.com\/wp-content\/uploads\/2018\/02\/Galleria_borghese_facade.jpg","datePublished":"2018-02-01T12:48:36+00:00","dateModified":"2024-08-21T15:51:18+00:00","description":"Profitez de la visite de l'un des plus beaux mus\u00e9es de Rome avec cette visite de la galerie Borgh\u00e8se. Admirez sa magnifique collection d'art avec un guide officiel.","breadcrumb":{"@id":"https:\/\/tourtravelandmore.com\/fr\/tours\/italie-fr\/rome-fr\/visite-de-la-galerie-borghese-visite-privee-a-pied-de-3-heures\/#breadcrumb"},"inLanguage":"fr-FR","potentialAction":[{"@type":"ReadAction","target":["https:\/\/tourtravelandmore.com\/fr\/tours\/italie-fr\/rome-fr\/visite-de-la-galerie-borghese-visite-privee-a-pied-de-3-heures\/"]}]},{"@type":"ImageObject","inLanguage":"fr-FR","@id":"https:\/\/tourtravelandmore.com\/fr\/tours\/italie-fr\/rome-fr\/visite-de-la-galerie-borghese-visite-privee-a-pied-de-3-heures\/#primaryimage","url":"https:\/\/tourtravelandmore.com\/wp-content\/uploads\/2018\/02\/Galleria_borghese_facade.jpg","contentUrl":"https:\/\/tourtravelandmore.com\/wp-content\/uploads\/2018\/02\/Galleria_borghese_facade.jpg","width":4378,"height":2574},{"@type":"BreadcrumbList","@id":"https:\/\/tourtravelandmore.com\/fr\/tours\/italie-fr\/rome-fr\/visite-de-la-galerie-borghese-visite-privee-a-pied-de-3-heures\/#breadcrumb","itemListElement":[{"@type":"ListItem","position":1,"name":"Home","item":"https:\/\/tourtravelandmore.com\/fr\/"},{"@type":"ListItem","position":2,"name":"Tours","item":"https:\/\/tourtravelandmore.com\/fr\/tours\/"},{"@type":"ListItem","position":3,"name":"Visite de la galerie Borgh\u00e8se &#8211; Visite priv\u00e9e \u00e0 pied de 3 heures"}]},{"@type":"WebSite","@id":"https:\/\/tourtravelandmore.com\/fr\/#website","url":"https:\/\/tourtravelandmore.com\/fr\/","name":"Tour Travel And More","description":"Private sightseeing tours and luxury transfers in Spain","publisher":{"@id":"https:\/\/tourtravelandmore.com\/fr\/#organization"},"potentialAction":[{"@type":"SearchAction","target":{"@type":"EntryPoint","urlTemplate":"https:\/\/tourtravelandmore.com\/fr\/?s={search_term_string}"},"query-input":{"@type":"PropertyValueSpecification","valueRequired":true,"valueName":"search_term_string"}}],"inLanguage":"fr-FR"},{"@type":"Organization","@id":"https:\/\/tourtravelandmore.com\/fr\/#organization","name":"Tour Travel And More","url":"https:\/\/tourtravelandmore.com\/fr\/","logo":{"@type":"ImageObject","inLanguage":"fr-FR","@id":"https:\/\/tourtravelandmore.com\/fr\/#\/schema\/logo\/image\/","url":"https:\/\/tourtravelandmore.com\/wp-content\/uploads\/2022\/12\/cropped-logo-cabecera-new.png","contentUrl":"https:\/\/tourtravelandmore.com\/wp-content\/uploads\/2022\/12\/cropped-logo-cabecera-new.png","width":430,"height":61,"caption":"Tour Travel And More"},"image":{"@id":"https:\/\/tourtravelandmore.com\/fr\/#\/schema\/logo\/image\/"},"sameAs":["https:\/\/www.facebook.com\/tourtravelandmore\/","https:\/\/x.com\/TourTravel_More"]}]}},"_links":{"self":[{"href":"https:\/\/tourtravelandmore.com\/fr\/wp-json\/wp\/v2\/product\/101403","targetHints":{"allow":["GET"]}}],"collection":[{"href":"https:\/\/tourtravelandmore.com\/fr\/wp-json\/wp\/v2\/product"}],"about":[{"href":"https:\/\/tourtravelandmore.com\/fr\/wp-json\/wp\/v2\/types\/product"}],"replies":[{"embeddable":true,"href":"https:\/\/tourtravelandmore.com\/fr\/wp-json\/wp\/v2\/comments?post=101403"}],"wp:featuredmedia":[{"embeddable":true,"href":"https:\/\/tourtravelandmore.com\/fr\/wp-json\/wp\/v2\/media\/94671"}],"wp:attachment":[{"href":"https:\/\/tourtravelandmore.com\/fr\/wp-json\/wp\/v2\/media?parent=101403"}],"wp:term":[{"taxonomy":"product_brand","embeddable":true,"href":"https:\/\/tourtravelandmore.com\/fr\/wp-json\/wp\/v2\/product_brand?post=101403"},{"taxonomy":"product_cat","embeddable":true,"href":"https:\/\/tourtravelandmore.com\/fr\/wp-json\/wp\/v2\/product_cat?post=101403"},{"taxonomy":"product_tag","embeddable":true,"href":"https:\/\/tourtravelandmore.com\/fr\/wp-json\/wp\/v2\/product_tag?post=101403"}],"curies":[{"name":"wp","href":"https:\/\/api.w.org\/{rel}","templated":true}]}}