{"id":101393,"date":"2018-04-04T15:42:10","date_gmt":"2018-04-04T13:42:10","guid":{"rendered":"https:\/\/tourtravelandmore.com\/tours\/non%20class\u00e9\/visite-privee-de-verone-au-depart-de-milan\/"},"modified":"2022-04-01T12:34:32","modified_gmt":"2022-04-01T10:34:32","slug":"visite-privee-de-verone-au-depart-de-milan","status":"publish","type":"product","link":"https:\/\/tourtravelandmore.com\/fr\/tours\/italie-fr\/milan-fr\/visite-privee-de-verone-au-depart-de-milan\/","title":{"rendered":"Visite priv\u00e9e de V\u00e9rone au d\u00e9part de Milan"},"content":{"rendered":"<h2><strong>Description de l&#8217;excursion priv\u00e9e \u00e0 V\u00e9rone au d\u00e9part de Milan<\/strong><\/h2>\n<p><span style=\"font-weight: 400;\">Profitez de notre <\/span><b>visite priv\u00e9e de Milan \u00e0 V\u00e9rone <\/b><span style=\"font-weight: 400;\">pour passer une journ\u00e9e inoubliable \u00e0 visiter la ville avec votre propre guide priv\u00e9. D\u00e9couvrez tous les joyaux cach\u00e9s que cette ville italienne a \u00e0 offrir et profitez des avantages exclusifs de notre visite guid\u00e9e.\u00a0<\/span><\/p>\n<p><span style=\"font-weight: 400;\">Tout d&#8217;abord, nous pouvons venir vous chercher \u00e0 Milan \u00e0 l&#8217;endroit de votre choix pour commencer l<\/span><b>&#8216;excursion en voiture de luxe <\/b><span style=\"font-weight: 400;\">vers la splendide ville de V\u00e9rone, qui est consid\u00e9r\u00e9e comme l&#8217;une des villes les plus attrayantes du nord de l&#8217;Italie.\u00a0<\/span><\/p>\n<p><span style=\"font-weight: 400;\">\u00c0 votre arriv\u00e9e \u00e0 V\u00e9rone, votre guide priv\u00e9 vous attendra pour vous faire visiter la ville pendant deux heures et demie, afin que vous puissiez d\u00e9couvrir quelque chose de nouveau \u00e0 chaque coin de rue.\u00a0<\/span><\/p>\n<p><span style=\"font-weight: 400;\">Vous verrez d&#8217;impressionnantes ruelles m\u00e9di\u00e9vales, d&#8217;\u00e9tonnantes tours en brique, des ch\u00e2teaux en pierre, des \u0153uvres d&#8217;art et des objets artistiques de grande valeur historique et culturelle.\u00a0<\/span><\/p>\n<p><span style=\"font-weight: 400;\">En fait, <\/span><b>V\u00e9rone a \u00e9t\u00e9 inscrite au patrimoine mondial de l&#8217;<\/b><span style=\"font-weight: 400;\">Unesco non seulement pour son incroyable architecture, mais aussi pour l&#8217;histoire qu&#8217;elle rec\u00e8le, puisqu&#8217;elle a notamment servi de cadre au roman romantique embl\u00e9matique de William Shakespeare, &#8220;Rom\u00e9o et Juliette&#8221;.\u00a0<\/span><\/p>\n<p><span style=\"font-weight: 400;\">Le guide priv\u00e9 sera attentif \u00e0 ce que vous voulez voir et savoir et pourra m\u00eame vous recommander les meilleurs endroits pour profiter de la gastronomie locale.\u00a0<\/span><\/p>\n<p><b>Une fois la visite de 8 heures <\/b><span style=\"font-weight: 400;\">termin\u00e9e, la voiture priv\u00e9e vous ram\u00e8nera \u00e0 Milan et pourra vous d\u00e9poser \u00e0 l&#8217;endroit le plus pratique pour vous.\u00a0<\/span><\/p>\n<h2><strong>Points d&#8217;int\u00e9r\u00eat de la visite priv\u00e9e<\/strong><\/h2>\n<p><span style=\"font-weight: 400;\">V\u00e9rone est une ville o\u00f9 vous pouvez <\/span><b>vivre une authentique exp\u00e9rience italienne<\/b><span style=\"font-weight: 400;\">. C&#8217;est pourquoi nous avons pr\u00e9vu cette visite priv\u00e9e de V\u00e9rone au d\u00e9part de Milan pour vous permettre d&#8217;explorer les lieux les plus repr\u00e9sentatifs de cette magnifique ville.\u00a0<\/span><\/p>\n<p><span style=\"font-weight: 400;\">Nous commencerons le tour de Milan \u00e0 l&#8217;endroit que vous nous indiquerez et \u00e0 l&#8217;heure qui vous conviendra le mieux pour vous transf\u00e9rer \u00e0 V\u00e9rone. L\u00e0, le guide priv\u00e9 vous accueillera pour vous conduire aux points d&#8217;int\u00e9r\u00eat suivants :\u00a0<\/span><\/p>\n<h3><strong>Les ar\u00e8nes de V\u00e9rone\u00a0<\/strong><\/h3>\n<p><span style=\"font-weight: 400;\">Cet amphith\u00e9\u00e2tre romain est l&#8217;un des plus anciens amphith\u00e9\u00e2tres du monde encore debout. Il a \u00e9t\u00e9 construit en 30 apr\u00e8s J.-C. et poss\u00e8de encore une partie de ses si\u00e8ges, murs et arches d&#8217;origine.\u00a0<\/span><\/p>\n<p><span style=\"font-weight: 400;\">En outre, c&#8217;est un lieu o\u00f9 sont organis\u00e9s diff\u00e9rents concerts et spectacles, qui attirent des milliers de touristes ann\u00e9e apr\u00e8s ann\u00e9e.\u00a0<\/span><\/p>\n<h3><strong>La maison de Juliette\u00a0<\/strong><\/h3>\n<p><span style=\"font-weight: 400;\">C&#8217;est le b\u00e2timent le plus visit\u00e9 de V\u00e9rone et cette visite priv\u00e9e vous y conduira directement. Ce palais construit au d\u00e9but du XIIe si\u00e8cle est le lieu o\u00f9 se d\u00e9roule le roman Rom\u00e9o et Juliette.\u00a0<\/span><\/p>\n<p><span style=\"font-weight: 400;\">Sur sa fa\u00e7ade, vous pouvez voir une all\u00e9e pleine de lettres d&#8217;amour que des amoureux du monde entier laissent chaque jour.\u00a0<\/span><\/p>\n<p><span style=\"font-weight: 400;\">Vous verrez \u00e9galement le balcon embl\u00e9matique o\u00f9 Juliette attendait son amant Rom\u00e9o la nuit et une statue de bronze comm\u00e9morant la belle jeune fille.\u00a0<\/span><\/p>\n<h3><strong>La Piazza dei Signori et la Loggia del Consiglio<\/strong><\/h3>\n<p><span style=\"font-weight: 400;\">Cette place est connue sous le nom de &#8220;place de Dante&#8221;, car on y trouve une statue du c\u00e9l\u00e8bre artiste Dante Alighieri, qui est l&#8217;auteur de la &#8220;Divine Com\u00e9die<\/span><span style=\"font-weight: 400;\">&#8220;.\u00a0<\/span><\/p>\n<p><span style=\"font-weight: 400;\">C&#8217;est parce que Dante a v\u00e9cu \u00e0 V\u00e9rone pendant un certain temps lorsqu&#8217;il a \u00e9t\u00e9 expuls\u00e9 de Florence.\u00a0<\/span><\/p>\n<p><span style=\"font-weight: 400;\">Tout autour de la place se trouve un spectacle architectural sans pareil. Vous pouvez voir l&#8217;Arco della Costa, la Loggia del Consiglio et de nombreux autres monuments repr\u00e9sentatifs de l&#8217;\u00e9poque de la Renaissance.\u00a0\u00a0<\/span><\/p>\n<p><span style=\"font-weight: 400;\">Mais ce n&#8217;est pas tout, car au cours de cette visite priv\u00e9e de V\u00e9rone, vous pourrez d\u00e9couvrir d&#8217;autres lieux tr\u00e8s int\u00e9ressants, comme.. :\u00a0<\/span><\/p>\n<ul>\n<li aria-level=\"1\"><b>Ponte di Pietra.<\/b><\/li>\n<\/ul>\n<ul>\n<li aria-level=\"1\"><b>La cath\u00e9drale de Santa Maria Matricolare.<\/b><\/li>\n<\/ul>\n<ul>\n<li aria-level=\"1\"><b>Basilique de St. Zeno.<\/b><\/li>\n<\/ul>\n<ul>\n<li aria-level=\"1\"><b>Castelvecchio.<\/b><\/li>\n<\/ul>\n<ul>\n<li aria-level=\"1\"><b>Piazza delle Erbe et bien d&#8217;autres.\u00a0<\/b><\/li>\n<\/ul>\n<p><span style=\"font-weight: 400;\">Sans aucun doute, V\u00e9rone est magnifique et vous m\u00e9ritez d&#8217;en conna\u00eetre chaque recoin. \u00c0 la fin de la visite, nous vous ram\u00e8nerons \u00e0 Milan.\u00a0<\/span><\/p>\n<p><span style=\"font-weight: 400;\">Si vous souhaitez compl\u00e9ter votre voyage en Italie, vous devez inclure dans votre itin\u00e9raire notre <\/span><a href=\"https:\/\/tourtravelandmore.com\/fr\/tours\/italie-fr\/milan-fr\/visite-privee-de-venise-au-depart-de-milan\/\"><b>visite priv\u00e9e de Venise au d\u00e9part de Milan<\/b><\/a><span style=\"font-weight: 400;\">. De cette fa\u00e7on, vous compl\u00e9terez le tour des villes les plus romantiques d&#8217;Italie.\u00a0<\/span><\/p>\n<div id=\"gtx-trans\" style=\"position: absolute; left: 125px; top: 1780.2px;\">\n<div class=\"gtx-trans-icon\"><\/div>\n<\/div>\n","protected":false},"excerpt":{"rendered":"<p><span style=\"font-weight: 400;\">Laissez-vous emporter par le charme de V\u00e9rone, la ville italienne o\u00f9 s&#8217;est d\u00e9roul\u00e9e la c\u00e9l\u00e8bre pi\u00e8ce de William Shakespeare &#8220;Rom\u00e9o et Juliette&#8221;. Lors de cette visite priv\u00e9e de V\u00e9rone au d\u00e9part de Milan, vous visiterez la maison de Juliette, les ar\u00e8nes de V\u00e9rone et de nombreux autres points d&#8217;int\u00e9r\u00eat de cette \u00e9tonnante ville de la Renaissance. En outre, l&#8217;ensemble de la visite se fera dans une voiture de luxe et avec un guide priv\u00e9. <\/span><\/p>\n","protected":false},"featured_media":94807,"comment_status":"open","ping_status":"closed","template":"","meta":{"_acf_changed":false},"product_brand":[],"product_cat":[3700],"product_tag":[],"class_list":{"0":"post-101393","1":"product","2":"type-product","3":"status-publish","4":"has-post-thumbnail","6":"product_cat-milan-fr","8":"first","9":"instock","10":"shipping-taxable","11":"purchasable","12":"product-type-simple"},"acf":[],"yoast_head":"<!-- This site is optimized with the Yoast SEO Premium plugin v25.3.1 (Yoast SEO v25.3.1) - https:\/\/yoast.com\/wordpress\/plugins\/seo\/ -->\n<title>Visite priv\u00e9e de V\u00e9rone au d\u00e9part de Milan avec un guide officiel et transfert en voiture priv\u00e9e.<\/title>\n<meta name=\"description\" content=\"Profitez d&#039;une visite priv\u00e9e de V\u00e9rone au d\u00e9part de Milan pour d\u00e9couvrir l&#039;une des villes les plus romantiques et les plus belles du monde.\" \/>\n<meta name=\"robots\" content=\"index, follow, max-snippet:-1, max-image-preview:large, max-video-preview:-1\" \/>\n<link rel=\"canonical\" href=\"https:\/\/tourtravelandmore.com\/fr\/tours\/italie-fr\/milan-fr\/visite-privee-de-verone-au-depart-de-milan\/\" \/>\n<meta property=\"og:locale\" content=\"fr_FR\" \/>\n<meta property=\"og:type\" content=\"article\" \/>\n<meta property=\"og:title\" content=\"Visite priv\u00e9e de V\u00e9rone au d\u00e9part de Milan\" \/>\n<meta property=\"og:description\" content=\"Profitez d&#039;une visite priv\u00e9e de V\u00e9rone au d\u00e9part de Milan pour d\u00e9couvrir l&#039;une des villes les plus romantiques et les plus belles du monde.\" \/>\n<meta property=\"og:url\" content=\"https:\/\/tourtravelandmore.com\/fr\/tours\/italie-fr\/milan-fr\/visite-privee-de-verone-au-depart-de-milan\/\" \/>\n<meta property=\"og:site_name\" content=\"Tour Travel And More\" \/>\n<meta property=\"article:publisher\" content=\"https:\/\/www.facebook.com\/tourtravelandmore\/\" \/>\n<meta property=\"article:modified_time\" content=\"2022-04-01T10:34:32+00:00\" \/>\n<meta property=\"og:image\" content=\"https:\/\/tourtravelandmore.com\/wp-content\/uploads\/2018\/03\/verona-2.jpg\" \/>\n\t<meta property=\"og:image:width\" content=\"1966\" \/>\n\t<meta property=\"og:image:height\" content=\"1376\" \/>\n\t<meta property=\"og:image:type\" content=\"image\/jpeg\" \/>\n<meta name=\"twitter:card\" content=\"summary_large_image\" \/>\n<meta name=\"twitter:site\" content=\"@TourTravel_More\" \/>\n<meta name=\"twitter:label1\" content=\"Dur\u00e9e de lecture estim\u00e9e\" \/>\n\t<meta name=\"twitter:data1\" content=\"4 minutes\" \/>\n<script type=\"application\/ld+json\" class=\"yoast-schema-graph\">{\"@context\":\"https:\/\/schema.org\",\"@graph\":[{\"@type\":\"WebPage\",\"@id\":\"https:\/\/tourtravelandmore.com\/fr\/tours\/italie-fr\/milan-fr\/visite-privee-de-verone-au-depart-de-milan\/\",\"url\":\"https:\/\/tourtravelandmore.com\/fr\/tours\/italie-fr\/milan-fr\/visite-privee-de-verone-au-depart-de-milan\/\",\"name\":\"Visite priv\u00e9e de V\u00e9rone au d\u00e9part de Milan avec un guide officiel et transfert en voiture priv\u00e9e.\",\"isPartOf\":{\"@id\":\"https:\/\/tourtravelandmore.com\/fr\/#website\"},\"primaryImageOfPage\":{\"@id\":\"https:\/\/tourtravelandmore.com\/fr\/tours\/italie-fr\/milan-fr\/visite-privee-de-verone-au-depart-de-milan\/#primaryimage\"},\"image\":{\"@id\":\"https:\/\/tourtravelandmore.com\/fr\/tours\/italie-fr\/milan-fr\/visite-privee-de-verone-au-depart-de-milan\/#primaryimage\"},\"thumbnailUrl\":\"https:\/\/tourtravelandmore.com\/wp-content\/uploads\/2018\/03\/verona-2.jpg\",\"datePublished\":\"2018-04-04T13:42:10+00:00\",\"dateModified\":\"2022-04-01T10:34:32+00:00\",\"description\":\"Profitez d'une visite priv\u00e9e de V\u00e9rone au d\u00e9part de Milan pour d\u00e9couvrir l'une des villes les plus romantiques et les plus belles du monde.\",\"breadcrumb\":{\"@id\":\"https:\/\/tourtravelandmore.com\/fr\/tours\/italie-fr\/milan-fr\/visite-privee-de-verone-au-depart-de-milan\/#breadcrumb\"},\"inLanguage\":\"fr-FR\",\"potentialAction\":[{\"@type\":\"ReadAction\",\"target\":[\"https:\/\/tourtravelandmore.com\/fr\/tours\/italie-fr\/milan-fr\/visite-privee-de-verone-au-depart-de-milan\/\"]}]},{\"@type\":\"ImageObject\",\"inLanguage\":\"fr-FR\",\"@id\":\"https:\/\/tourtravelandmore.com\/fr\/tours\/italie-fr\/milan-fr\/visite-privee-de-verone-au-depart-de-milan\/#primaryimage\",\"url\":\"https:\/\/tourtravelandmore.com\/wp-content\/uploads\/2018\/03\/verona-2.jpg\",\"contentUrl\":\"https:\/\/tourtravelandmore.com\/wp-content\/uploads\/2018\/03\/verona-2.jpg\",\"width\":1966,\"height\":1376},{\"@type\":\"BreadcrumbList\",\"@id\":\"https:\/\/tourtravelandmore.com\/fr\/tours\/italie-fr\/milan-fr\/visite-privee-de-verone-au-depart-de-milan\/#breadcrumb\",\"itemListElement\":[{\"@type\":\"ListItem\",\"position\":1,\"name\":\"Home\",\"item\":\"https:\/\/tourtravelandmore.com\/fr\/\"},{\"@type\":\"ListItem\",\"position\":2,\"name\":\"Tours\",\"item\":\"https:\/\/tourtravelandmore.com\/fr\/tours\/\"},{\"@type\":\"ListItem\",\"position\":3,\"name\":\"Visite priv\u00e9e de V\u00e9rone au d\u00e9part de Milan\"}]},{\"@type\":\"WebSite\",\"@id\":\"https:\/\/tourtravelandmore.com\/fr\/#website\",\"url\":\"https:\/\/tourtravelandmore.com\/fr\/\",\"name\":\"Tour Travel And More\",\"description\":\"Private sightseeing tours and luxury transfers in Spain\",\"publisher\":{\"@id\":\"https:\/\/tourtravelandmore.com\/fr\/#organization\"},\"potentialAction\":[{\"@type\":\"SearchAction\",\"target\":{\"@type\":\"EntryPoint\",\"urlTemplate\":\"https:\/\/tourtravelandmore.com\/fr\/?s={search_term_string}\"},\"query-input\":{\"@type\":\"PropertyValueSpecification\",\"valueRequired\":true,\"valueName\":\"search_term_string\"}}],\"inLanguage\":\"fr-FR\"},{\"@type\":\"Organization\",\"@id\":\"https:\/\/tourtravelandmore.com\/fr\/#organization\",\"name\":\"Tour Travel And More\",\"url\":\"https:\/\/tourtravelandmore.com\/fr\/\",\"logo\":{\"@type\":\"ImageObject\",\"inLanguage\":\"fr-FR\",\"@id\":\"https:\/\/tourtravelandmore.com\/fr\/#\/schema\/logo\/image\/\",\"url\":\"https:\/\/tourtravelandmore.com\/wp-content\/uploads\/2022\/12\/cropped-logo-cabecera-new.png\",\"contentUrl\":\"https:\/\/tourtravelandmore.com\/wp-content\/uploads\/2022\/12\/cropped-logo-cabecera-new.png\",\"width\":430,\"height\":61,\"caption\":\"Tour Travel And More\"},\"image\":{\"@id\":\"https:\/\/tourtravelandmore.com\/fr\/#\/schema\/logo\/image\/\"},\"sameAs\":[\"https:\/\/www.facebook.com\/tourtravelandmore\/\",\"https:\/\/x.com\/TourTravel_More\"]}]}<\/script>\n<!-- \/ Yoast SEO Premium plugin. -->","yoast_head_json":{"title":"Visite priv\u00e9e de V\u00e9rone au d\u00e9part de Milan avec un guide officiel et transfert en voiture priv\u00e9e.","description":"Profitez d'une visite priv\u00e9e de V\u00e9rone au d\u00e9part de Milan pour d\u00e9couvrir l'une des villes les plus romantiques et les plus belles du monde.","robots":{"index":"index","follow":"follow","max-snippet":"max-snippet:-1","max-image-preview":"max-image-preview:large","max-video-preview":"max-video-preview:-1"},"canonical":"https:\/\/tourtravelandmore.com\/fr\/tours\/italie-fr\/milan-fr\/visite-privee-de-verone-au-depart-de-milan\/","og_locale":"fr_FR","og_type":"article","og_title":"Visite priv\u00e9e de V\u00e9rone au d\u00e9part de Milan","og_description":"Profitez d'une visite priv\u00e9e de V\u00e9rone au d\u00e9part de Milan pour d\u00e9couvrir l'une des villes les plus romantiques et les plus belles du monde.","og_url":"https:\/\/tourtravelandmore.com\/fr\/tours\/italie-fr\/milan-fr\/visite-privee-de-verone-au-depart-de-milan\/","og_site_name":"Tour Travel And More","article_publisher":"https:\/\/www.facebook.com\/tourtravelandmore\/","article_modified_time":"2022-04-01T10:34:32+00:00","og_image":[{"width":1966,"height":1376,"url":"https:\/\/tourtravelandmore.com\/wp-content\/uploads\/2018\/03\/verona-2.jpg","type":"image\/jpeg"}],"twitter_card":"summary_large_image","twitter_site":"@TourTravel_More","twitter_misc":{"Dur\u00e9e de lecture estim\u00e9e":"4 minutes"},"schema":{"@context":"https:\/\/schema.org","@graph":[{"@type":"WebPage","@id":"https:\/\/tourtravelandmore.com\/fr\/tours\/italie-fr\/milan-fr\/visite-privee-de-verone-au-depart-de-milan\/","url":"https:\/\/tourtravelandmore.com\/fr\/tours\/italie-fr\/milan-fr\/visite-privee-de-verone-au-depart-de-milan\/","name":"Visite priv\u00e9e de V\u00e9rone au d\u00e9part de Milan avec un guide officiel et transfert en voiture priv\u00e9e.","isPartOf":{"@id":"https:\/\/tourtravelandmore.com\/fr\/#website"},"primaryImageOfPage":{"@id":"https:\/\/tourtravelandmore.com\/fr\/tours\/italie-fr\/milan-fr\/visite-privee-de-verone-au-depart-de-milan\/#primaryimage"},"image":{"@id":"https:\/\/tourtravelandmore.com\/fr\/tours\/italie-fr\/milan-fr\/visite-privee-de-verone-au-depart-de-milan\/#primaryimage"},"thumbnailUrl":"https:\/\/tourtravelandmore.com\/wp-content\/uploads\/2018\/03\/verona-2.jpg","datePublished":"2018-04-04T13:42:10+00:00","dateModified":"2022-04-01T10:34:32+00:00","description":"Profitez d'une visite priv\u00e9e de V\u00e9rone au d\u00e9part de Milan pour d\u00e9couvrir l'une des villes les plus romantiques et les plus belles du monde.","breadcrumb":{"@id":"https:\/\/tourtravelandmore.com\/fr\/tours\/italie-fr\/milan-fr\/visite-privee-de-verone-au-depart-de-milan\/#breadcrumb"},"inLanguage":"fr-FR","potentialAction":[{"@type":"ReadAction","target":["https:\/\/tourtravelandmore.com\/fr\/tours\/italie-fr\/milan-fr\/visite-privee-de-verone-au-depart-de-milan\/"]}]},{"@type":"ImageObject","inLanguage":"fr-FR","@id":"https:\/\/tourtravelandmore.com\/fr\/tours\/italie-fr\/milan-fr\/visite-privee-de-verone-au-depart-de-milan\/#primaryimage","url":"https:\/\/tourtravelandmore.com\/wp-content\/uploads\/2018\/03\/verona-2.jpg","contentUrl":"https:\/\/tourtravelandmore.com\/wp-content\/uploads\/2018\/03\/verona-2.jpg","width":1966,"height":1376},{"@type":"BreadcrumbList","@id":"https:\/\/tourtravelandmore.com\/fr\/tours\/italie-fr\/milan-fr\/visite-privee-de-verone-au-depart-de-milan\/#breadcrumb","itemListElement":[{"@type":"ListItem","position":1,"name":"Home","item":"https:\/\/tourtravelandmore.com\/fr\/"},{"@type":"ListItem","position":2,"name":"Tours","item":"https:\/\/tourtravelandmore.com\/fr\/tours\/"},{"@type":"ListItem","position":3,"name":"Visite priv\u00e9e de V\u00e9rone au d\u00e9part de Milan"}]},{"@type":"WebSite","@id":"https:\/\/tourtravelandmore.com\/fr\/#website","url":"https:\/\/tourtravelandmore.com\/fr\/","name":"Tour Travel And More","description":"Private sightseeing tours and luxury transfers in Spain","publisher":{"@id":"https:\/\/tourtravelandmore.com\/fr\/#organization"},"potentialAction":[{"@type":"SearchAction","target":{"@type":"EntryPoint","urlTemplate":"https:\/\/tourtravelandmore.com\/fr\/?s={search_term_string}"},"query-input":{"@type":"PropertyValueSpecification","valueRequired":true,"valueName":"search_term_string"}}],"inLanguage":"fr-FR"},{"@type":"Organization","@id":"https:\/\/tourtravelandmore.com\/fr\/#organization","name":"Tour Travel And More","url":"https:\/\/tourtravelandmore.com\/fr\/","logo":{"@type":"ImageObject","inLanguage":"fr-FR","@id":"https:\/\/tourtravelandmore.com\/fr\/#\/schema\/logo\/image\/","url":"https:\/\/tourtravelandmore.com\/wp-content\/uploads\/2022\/12\/cropped-logo-cabecera-new.png","contentUrl":"https:\/\/tourtravelandmore.com\/wp-content\/uploads\/2022\/12\/cropped-logo-cabecera-new.png","width":430,"height":61,"caption":"Tour Travel And More"},"image":{"@id":"https:\/\/tourtravelandmore.com\/fr\/#\/schema\/logo\/image\/"},"sameAs":["https:\/\/www.facebook.com\/tourtravelandmore\/","https:\/\/x.com\/TourTravel_More"]}]}},"_links":{"self":[{"href":"https:\/\/tourtravelandmore.com\/fr\/wp-json\/wp\/v2\/product\/101393","targetHints":{"allow":["GET"]}}],"collection":[{"href":"https:\/\/tourtravelandmore.com\/fr\/wp-json\/wp\/v2\/product"}],"about":[{"href":"https:\/\/tourtravelandmore.com\/fr\/wp-json\/wp\/v2\/types\/product"}],"replies":[{"embeddable":true,"href":"https:\/\/tourtravelandmore.com\/fr\/wp-json\/wp\/v2\/comments?post=101393"}],"wp:featuredmedia":[{"embeddable":true,"href":"https:\/\/tourtravelandmore.com\/fr\/wp-json\/wp\/v2\/media\/94807"}],"wp:attachment":[{"href":"https:\/\/tourtravelandmore.com\/fr\/wp-json\/wp\/v2\/media?parent=101393"}],"wp:term":[{"taxonomy":"product_brand","embeddable":true,"href":"https:\/\/tourtravelandmore.com\/fr\/wp-json\/wp\/v2\/product_brand?post=101393"},{"taxonomy":"product_cat","embeddable":true,"href":"https:\/\/tourtravelandmore.com\/fr\/wp-json\/wp\/v2\/product_cat?post=101393"},{"taxonomy":"product_tag","embeddable":true,"href":"https:\/\/tourtravelandmore.com\/fr\/wp-json\/wp\/v2\/product_tag?post=101393"}],"curies":[{"name":"wp","href":"https:\/\/api.w.org\/{rel}","templated":true}]}}