{"id":101383,"date":"2017-02-16T12:00:08","date_gmt":"2017-02-16T11:00:08","guid":{"rendered":"https:\/\/tourtravelandmore.com\/tours\/non class\u00e9\/visite-privee-a-pied-de-milan\/"},"modified":"2017-02-16T12:00:08","modified_gmt":"2017-02-16T11:00:08","slug":"visite-privee-a-pied-de-milan","status":"publish","type":"product","link":"https:\/\/tourtravelandmore.com\/fr\/tours\/italie-fr\/milan-fr\/visite-privee-a-pied-de-milan\/","title":{"rendered":"Visite priv\u00e9e \u00e0 pied de Milan"},"content":{"rendered":"<h2>Description<\/h2>\n<p>Milan est une grande ville avec un grand pass\u00e9 historique. Laissez-nous vous emmener pour profiter de cette ville incroyable avec notre visite priv\u00e9e \u00e0 pied de Milan avec un guide officiel.<\/p>\n<p>La ville de Milan est la capitale de la r\u00e9gion de Lombardie. C&#8217;est la deuxi\u00e8me commune la plus peupl\u00e9e d&#8217;Italie. Milan est une ville connue pour la mode, l&#8217;\u00e9conomie, les arts, le commerce et les divertissements. C&#8217;est aussi une ville pleine de th\u00e9\u00e2tres et de monuments. Parmi eux, vous pourrez admirer la cath\u00e9drale de Milan, le ch\u00e2teau des Sforza et les peintures de L\u00e9onard de Vinci.<\/p>\n<p>Comme toutes nos visites, cette visite priv\u00e9e \u00e0 pied de Milan est une visite enti\u00e8rement personnalis\u00e9e. Nous sommes en mesure de l&#8217;organiser en fonction de vos besoins et d\u00e9sirs personnels. Si vous avez quelque chose \u00e0 l&#8217;esprit, faites-le nous savoir et nous ferons de notre mieux pour l&#8217;organiser lors de votre visite priv\u00e9e.<\/p>\n<p>La dur\u00e9e exacte de la visite est totalement flexible. Vous trouverez ci-dessous notre visite priv\u00e9e \u00e0 pied d&#8217;une demi-journ\u00e9e pendant 4 heures, mais nous pouvons organiser la dur\u00e9e de la visite exactement comme vous le souhaitez.<\/p>\n<p>Si vous pr\u00e9f\u00e9rez, nous pouvons \u00e9galement vous donner la possibilit\u00e9 d&#8217;inclure un v\u00e9hicule de luxe priv\u00e9, jetez un \u0153il \u00e0 notre visite priv\u00e9e de la ville de Milan.<\/p>\n<h2>Sites d&#8217;int\u00e9r\u00eat et points de rep\u00e8re<\/h2>\n<p>Tout d&#8217;abord, vous rencontrerez votre guide officiel priv\u00e9 dans votre h\u00f4tel situ\u00e9 au centre. Dans le cas o\u00f9 votre h\u00f4tel est situ\u00e9 loin, le point de rendez-vous sera \u00e0 l&#8217;entr\u00e9e principale du Duomo.<\/p>\n<p>Au cours de cette visite priv\u00e9e \u00e0 pied, vous d\u00e9couvrirez les principales attractions de la ville. Le billet d&#8217;entr\u00e9e \u00e0 la cath\u00e9drale du Duomo est inclus dans le prix de la visite.<\/p>\n<p>Milan est connue comme le centre financier du pays. La ville a subi de nombreux bombardements pendant la Seconde Guerre mondiale, mais maintenant la ville a d\u00e9velopp\u00e9 un look cosmopolite et \u00e0 la mode qui la rend tr\u00e8s attrayante pour le tourisme.<\/p>\n<p>Entre autres, vous pourrez profiter avec votre guide officiel:<\/p>\n<ul>\n<li>Cath\u00e9drale de Milan<\/li>\n<li>Galerie Vittorio Emanuele<\/li>\n<li>Ch\u00e2teau de Sforzesco<\/li>\n<li>Brera<\/li>\n<li>Pinacoth\u00e8que de Brera<\/li>\n<li>Santa Maria della Grazie<\/li>\n<li>Basilique de San Ambrosio<\/li>\n<li>Piazza del Duomo<\/li>\n<li>Parque Sempione<\/li>\n<li>Beaucoup plus!<\/li>\n<\/ul>\n<p>Avec cette visite priv\u00e9e \u00e0 pied de Milan, vous d\u00e9couvrirez l&#8217;histoire et la culture qui caract\u00e9risent cette ville unique. Votre guide priv\u00e9 conna\u00eet tr\u00e8s bien la ville.<\/p>\n<p>Enfin, votre guide officiel priv\u00e9 vous d\u00e9posera dans un endroit central de Milan.<\/p>\n","protected":false},"excerpt":{"rendered":"<p>Venez avec nous sur cette visite priv\u00e9e \u00e0 pied de Milan et profitez de la visite des monuments et sites les plus importants tels que nous: Piazza del Duomo, Catedral de Milano, Castello Sforzezco parmi de nombreux autres endroits !.<\/p>\n","protected":false},"featured_media":94233,"comment_status":"open","ping_status":"closed","template":"","meta":{"_acf_changed":false},"product_brand":[],"product_cat":[3700],"product_tag":[],"class_list":{"0":"post-101383","1":"product","2":"type-product","3":"status-publish","4":"has-post-thumbnail","6":"product_cat-milan-fr","8":"first","9":"instock","10":"shipping-taxable","11":"purchasable","12":"product-type-simple"},"acf":[],"yoast_head":"<!-- This site is optimized with the Yoast SEO Premium plugin v25.3.1 (Yoast SEO v25.3.1) - https:\/\/yoast.com\/wordpress\/plugins\/seo\/ -->\n<title>Visite priv\u00e9e \u00e0 pied de Milan avec guide officiel priv\u00e9<\/title>\n<meta name=\"description\" content=\"Visite priv\u00e9e \u00e0 pied de Milan avec un guide officiel \u00e0 votre enti\u00e8re disposition. D\u00e9couvrez cette belle ville, son monument et ses principales attractions.\" \/>\n<meta name=\"robots\" content=\"index, follow, max-snippet:-1, max-image-preview:large, max-video-preview:-1\" \/>\n<link rel=\"canonical\" href=\"https:\/\/tourtravelandmore.com\/fr\/tours\/italie-fr\/milan-fr\/visite-privee-a-pied-de-milan\/\" \/>\n<meta property=\"og:locale\" content=\"fr_FR\" \/>\n<meta property=\"og:type\" content=\"article\" \/>\n<meta property=\"og:title\" content=\"Visite priv\u00e9e \u00e0 pied de Milan\" \/>\n<meta property=\"og:description\" content=\"Visite priv\u00e9e \u00e0 pied de Milan avec un guide officiel \u00e0 votre enti\u00e8re disposition. D\u00e9couvrez cette belle ville, son monument et ses principales attractions.\" \/>\n<meta property=\"og:url\" content=\"https:\/\/tourtravelandmore.com\/fr\/tours\/italie-fr\/milan-fr\/visite-privee-a-pied-de-milan\/\" \/>\n<meta property=\"og:site_name\" content=\"Tour Travel And More\" \/>\n<meta property=\"article:publisher\" content=\"https:\/\/www.facebook.com\/tourtravelandmore\/\" \/>\n<meta property=\"og:image\" content=\"https:\/\/tourtravelandmore.com\/wp-content\/uploads\/2017\/02\/14133651758_285c3fef4e_b.jpg\" \/>\n\t<meta property=\"og:image:width\" content=\"1024\" \/>\n\t<meta property=\"og:image:height\" content=\"768\" \/>\n\t<meta property=\"og:image:type\" content=\"image\/jpeg\" \/>\n<meta name=\"twitter:card\" content=\"summary_large_image\" \/>\n<meta name=\"twitter:site\" content=\"@TourTravel_More\" \/>\n<meta name=\"twitter:label1\" content=\"Dur\u00e9e de lecture estim\u00e9e\" \/>\n\t<meta name=\"twitter:data1\" content=\"2 minutes\" \/>\n<script type=\"application\/ld+json\" class=\"yoast-schema-graph\">{\"@context\":\"https:\/\/schema.org\",\"@graph\":[{\"@type\":\"WebPage\",\"@id\":\"https:\/\/tourtravelandmore.com\/fr\/tours\/italie-fr\/milan-fr\/visite-privee-a-pied-de-milan\/\",\"url\":\"https:\/\/tourtravelandmore.com\/fr\/tours\/italie-fr\/milan-fr\/visite-privee-a-pied-de-milan\/\",\"name\":\"Visite priv\u00e9e \u00e0 pied de Milan avec guide officiel priv\u00e9\",\"isPartOf\":{\"@id\":\"https:\/\/tourtravelandmore.com\/fr\/#website\"},\"primaryImageOfPage\":{\"@id\":\"https:\/\/tourtravelandmore.com\/fr\/tours\/italie-fr\/milan-fr\/visite-privee-a-pied-de-milan\/#primaryimage\"},\"image\":{\"@id\":\"https:\/\/tourtravelandmore.com\/fr\/tours\/italie-fr\/milan-fr\/visite-privee-a-pied-de-milan\/#primaryimage\"},\"thumbnailUrl\":\"https:\/\/tourtravelandmore.com\/wp-content\/uploads\/2017\/02\/14133651758_285c3fef4e_b.jpg\",\"datePublished\":\"2017-02-16T11:00:08+00:00\",\"description\":\"Visite priv\u00e9e \u00e0 pied de Milan avec un guide officiel \u00e0 votre enti\u00e8re disposition. D\u00e9couvrez cette belle ville, son monument et ses principales attractions.\",\"breadcrumb\":{\"@id\":\"https:\/\/tourtravelandmore.com\/fr\/tours\/italie-fr\/milan-fr\/visite-privee-a-pied-de-milan\/#breadcrumb\"},\"inLanguage\":\"fr-FR\",\"potentialAction\":[{\"@type\":\"ReadAction\",\"target\":[\"https:\/\/tourtravelandmore.com\/fr\/tours\/italie-fr\/milan-fr\/visite-privee-a-pied-de-milan\/\"]}]},{\"@type\":\"ImageObject\",\"inLanguage\":\"fr-FR\",\"@id\":\"https:\/\/tourtravelandmore.com\/fr\/tours\/italie-fr\/milan-fr\/visite-privee-a-pied-de-milan\/#primaryimage\",\"url\":\"https:\/\/tourtravelandmore.com\/wp-content\/uploads\/2017\/02\/14133651758_285c3fef4e_b.jpg\",\"contentUrl\":\"https:\/\/tourtravelandmore.com\/wp-content\/uploads\/2017\/02\/14133651758_285c3fef4e_b.jpg\",\"width\":1024,\"height\":768},{\"@type\":\"BreadcrumbList\",\"@id\":\"https:\/\/tourtravelandmore.com\/fr\/tours\/italie-fr\/milan-fr\/visite-privee-a-pied-de-milan\/#breadcrumb\",\"itemListElement\":[{\"@type\":\"ListItem\",\"position\":1,\"name\":\"Home\",\"item\":\"https:\/\/tourtravelandmore.com\/fr\/\"},{\"@type\":\"ListItem\",\"position\":2,\"name\":\"Tours\",\"item\":\"https:\/\/tourtravelandmore.com\/fr\/tours\/\"},{\"@type\":\"ListItem\",\"position\":3,\"name\":\"Visite priv\u00e9e \u00e0 pied de Milan\"}]},{\"@type\":\"WebSite\",\"@id\":\"https:\/\/tourtravelandmore.com\/fr\/#website\",\"url\":\"https:\/\/tourtravelandmore.com\/fr\/\",\"name\":\"Tour Travel And More\",\"description\":\"Private sightseeing tours and luxury transfers in Spain\",\"publisher\":{\"@id\":\"https:\/\/tourtravelandmore.com\/fr\/#organization\"},\"potentialAction\":[{\"@type\":\"SearchAction\",\"target\":{\"@type\":\"EntryPoint\",\"urlTemplate\":\"https:\/\/tourtravelandmore.com\/fr\/?s={search_term_string}\"},\"query-input\":{\"@type\":\"PropertyValueSpecification\",\"valueRequired\":true,\"valueName\":\"search_term_string\"}}],\"inLanguage\":\"fr-FR\"},{\"@type\":\"Organization\",\"@id\":\"https:\/\/tourtravelandmore.com\/fr\/#organization\",\"name\":\"Tour Travel And More\",\"url\":\"https:\/\/tourtravelandmore.com\/fr\/\",\"logo\":{\"@type\":\"ImageObject\",\"inLanguage\":\"fr-FR\",\"@id\":\"https:\/\/tourtravelandmore.com\/fr\/#\/schema\/logo\/image\/\",\"url\":\"https:\/\/tourtravelandmore.com\/wp-content\/uploads\/2022\/12\/cropped-logo-cabecera-new.png\",\"contentUrl\":\"https:\/\/tourtravelandmore.com\/wp-content\/uploads\/2022\/12\/cropped-logo-cabecera-new.png\",\"width\":430,\"height\":61,\"caption\":\"Tour Travel And More\"},\"image\":{\"@id\":\"https:\/\/tourtravelandmore.com\/fr\/#\/schema\/logo\/image\/\"},\"sameAs\":[\"https:\/\/www.facebook.com\/tourtravelandmore\/\",\"https:\/\/x.com\/TourTravel_More\"]}]}<\/script>\n<!-- \/ Yoast SEO Premium plugin. -->","yoast_head_json":{"title":"Visite priv\u00e9e \u00e0 pied de Milan avec guide officiel priv\u00e9","description":"Visite priv\u00e9e \u00e0 pied de Milan avec un guide officiel \u00e0 votre enti\u00e8re disposition. D\u00e9couvrez cette belle ville, son monument et ses principales attractions.","robots":{"index":"index","follow":"follow","max-snippet":"max-snippet:-1","max-image-preview":"max-image-preview:large","max-video-preview":"max-video-preview:-1"},"canonical":"https:\/\/tourtravelandmore.com\/fr\/tours\/italie-fr\/milan-fr\/visite-privee-a-pied-de-milan\/","og_locale":"fr_FR","og_type":"article","og_title":"Visite priv\u00e9e \u00e0 pied de Milan","og_description":"Visite priv\u00e9e \u00e0 pied de Milan avec un guide officiel \u00e0 votre enti\u00e8re disposition. D\u00e9couvrez cette belle ville, son monument et ses principales attractions.","og_url":"https:\/\/tourtravelandmore.com\/fr\/tours\/italie-fr\/milan-fr\/visite-privee-a-pied-de-milan\/","og_site_name":"Tour Travel And More","article_publisher":"https:\/\/www.facebook.com\/tourtravelandmore\/","og_image":[{"width":1024,"height":768,"url":"https:\/\/tourtravelandmore.com\/wp-content\/uploads\/2017\/02\/14133651758_285c3fef4e_b.jpg","type":"image\/jpeg"}],"twitter_card":"summary_large_image","twitter_site":"@TourTravel_More","twitter_misc":{"Dur\u00e9e de lecture estim\u00e9e":"2 minutes"},"schema":{"@context":"https:\/\/schema.org","@graph":[{"@type":"WebPage","@id":"https:\/\/tourtravelandmore.com\/fr\/tours\/italie-fr\/milan-fr\/visite-privee-a-pied-de-milan\/","url":"https:\/\/tourtravelandmore.com\/fr\/tours\/italie-fr\/milan-fr\/visite-privee-a-pied-de-milan\/","name":"Visite priv\u00e9e \u00e0 pied de Milan avec guide officiel priv\u00e9","isPartOf":{"@id":"https:\/\/tourtravelandmore.com\/fr\/#website"},"primaryImageOfPage":{"@id":"https:\/\/tourtravelandmore.com\/fr\/tours\/italie-fr\/milan-fr\/visite-privee-a-pied-de-milan\/#primaryimage"},"image":{"@id":"https:\/\/tourtravelandmore.com\/fr\/tours\/italie-fr\/milan-fr\/visite-privee-a-pied-de-milan\/#primaryimage"},"thumbnailUrl":"https:\/\/tourtravelandmore.com\/wp-content\/uploads\/2017\/02\/14133651758_285c3fef4e_b.jpg","datePublished":"2017-02-16T11:00:08+00:00","description":"Visite priv\u00e9e \u00e0 pied de Milan avec un guide officiel \u00e0 votre enti\u00e8re disposition. D\u00e9couvrez cette belle ville, son monument et ses principales attractions.","breadcrumb":{"@id":"https:\/\/tourtravelandmore.com\/fr\/tours\/italie-fr\/milan-fr\/visite-privee-a-pied-de-milan\/#breadcrumb"},"inLanguage":"fr-FR","potentialAction":[{"@type":"ReadAction","target":["https:\/\/tourtravelandmore.com\/fr\/tours\/italie-fr\/milan-fr\/visite-privee-a-pied-de-milan\/"]}]},{"@type":"ImageObject","inLanguage":"fr-FR","@id":"https:\/\/tourtravelandmore.com\/fr\/tours\/italie-fr\/milan-fr\/visite-privee-a-pied-de-milan\/#primaryimage","url":"https:\/\/tourtravelandmore.com\/wp-content\/uploads\/2017\/02\/14133651758_285c3fef4e_b.jpg","contentUrl":"https:\/\/tourtravelandmore.com\/wp-content\/uploads\/2017\/02\/14133651758_285c3fef4e_b.jpg","width":1024,"height":768},{"@type":"BreadcrumbList","@id":"https:\/\/tourtravelandmore.com\/fr\/tours\/italie-fr\/milan-fr\/visite-privee-a-pied-de-milan\/#breadcrumb","itemListElement":[{"@type":"ListItem","position":1,"name":"Home","item":"https:\/\/tourtravelandmore.com\/fr\/"},{"@type":"ListItem","position":2,"name":"Tours","item":"https:\/\/tourtravelandmore.com\/fr\/tours\/"},{"@type":"ListItem","position":3,"name":"Visite priv\u00e9e \u00e0 pied de Milan"}]},{"@type":"WebSite","@id":"https:\/\/tourtravelandmore.com\/fr\/#website","url":"https:\/\/tourtravelandmore.com\/fr\/","name":"Tour Travel And More","description":"Private sightseeing tours and luxury transfers in Spain","publisher":{"@id":"https:\/\/tourtravelandmore.com\/fr\/#organization"},"potentialAction":[{"@type":"SearchAction","target":{"@type":"EntryPoint","urlTemplate":"https:\/\/tourtravelandmore.com\/fr\/?s={search_term_string}"},"query-input":{"@type":"PropertyValueSpecification","valueRequired":true,"valueName":"search_term_string"}}],"inLanguage":"fr-FR"},{"@type":"Organization","@id":"https:\/\/tourtravelandmore.com\/fr\/#organization","name":"Tour Travel And More","url":"https:\/\/tourtravelandmore.com\/fr\/","logo":{"@type":"ImageObject","inLanguage":"fr-FR","@id":"https:\/\/tourtravelandmore.com\/fr\/#\/schema\/logo\/image\/","url":"https:\/\/tourtravelandmore.com\/wp-content\/uploads\/2022\/12\/cropped-logo-cabecera-new.png","contentUrl":"https:\/\/tourtravelandmore.com\/wp-content\/uploads\/2022\/12\/cropped-logo-cabecera-new.png","width":430,"height":61,"caption":"Tour Travel And More"},"image":{"@id":"https:\/\/tourtravelandmore.com\/fr\/#\/schema\/logo\/image\/"},"sameAs":["https:\/\/www.facebook.com\/tourtravelandmore\/","https:\/\/x.com\/TourTravel_More"]}]}},"_links":{"self":[{"href":"https:\/\/tourtravelandmore.com\/fr\/wp-json\/wp\/v2\/product\/101383","targetHints":{"allow":["GET"]}}],"collection":[{"href":"https:\/\/tourtravelandmore.com\/fr\/wp-json\/wp\/v2\/product"}],"about":[{"href":"https:\/\/tourtravelandmore.com\/fr\/wp-json\/wp\/v2\/types\/product"}],"replies":[{"embeddable":true,"href":"https:\/\/tourtravelandmore.com\/fr\/wp-json\/wp\/v2\/comments?post=101383"}],"wp:featuredmedia":[{"embeddable":true,"href":"https:\/\/tourtravelandmore.com\/fr\/wp-json\/wp\/v2\/media\/94233"}],"wp:attachment":[{"href":"https:\/\/tourtravelandmore.com\/fr\/wp-json\/wp\/v2\/media?parent=101383"}],"wp:term":[{"taxonomy":"product_brand","embeddable":true,"href":"https:\/\/tourtravelandmore.com\/fr\/wp-json\/wp\/v2\/product_brand?post=101383"},{"taxonomy":"product_cat","embeddable":true,"href":"https:\/\/tourtravelandmore.com\/fr\/wp-json\/wp\/v2\/product_cat?post=101383"},{"taxonomy":"product_tag","embeddable":true,"href":"https:\/\/tourtravelandmore.com\/fr\/wp-json\/wp\/v2\/product_tag?post=101383"}],"curies":[{"name":"wp","href":"https:\/\/api.w.org\/{rel}","templated":true}]}}