{"id":101378,"date":"2017-02-16T11:54:21","date_gmt":"2017-02-16T10:54:21","guid":{"rendered":"https:\/\/tourtravelandmore.com\/tours\/non%20class\u00e9\/visite-privee-de-venise-au-depart-de-milan\/"},"modified":"2022-04-01T12:33:41","modified_gmt":"2022-04-01T10:33:41","slug":"visite-privee-de-venise-au-depart-de-milan","status":"publish","type":"product","link":"https:\/\/tourtravelandmore.com\/fr\/tours\/italie-fr\/milan-fr\/visite-privee-de-venise-au-depart-de-milan\/","title":{"rendered":"Visite priv\u00e9e de Venise au d\u00e9part de Milan"},"content":{"rendered":"<h2><strong>Description de l&#8217;excursion priv\u00e9e \u00e0 Venise au d\u00e9part de Milan<\/strong><\/h2>\n<p><span style=\"font-weight: 400;\">Venise est situ\u00e9e au nord-est de l&#8217;Italie et est consid\u00e9r\u00e9e dans le monde entier comme l&#8217;une des villes les plus charmantes d&#8217;Europe. Elle est \u00e9galement c\u00e9l\u00e8bre parce qu&#8217;elle s&#8217;\u00e9tend sur 120 \u00eeles reli\u00e9es par plus de 200 ponts, dont les canaux se jettent dans la mer Adriatique. C&#8217;est d&#8217;ailleurs pour cette raison qu&#8217;elle est connue comme &#8220;la ville des canaux&#8221;.<\/span><\/p>\n<p><span style=\"font-weight: 400;\">Cette <\/span><b>visite priv\u00e9e de Venise au d\u00e9part de Milan <\/b><span style=\"font-weight: 400;\">est pr\u00e9vue pour vous permettre d&#8217;explorer chaque d\u00e9tail de cette magnifique ville, comme ses rues m\u00e9di\u00e9vales, la place Saint-Marc, les b\u00e2timents anciens et bien d&#8217;autres joyaux architecturaux.\u00a0<\/span><\/p>\n<p><span style=\"font-weight: 400;\">Vous pourrez \u00e9galement prendre des photos devant le pont des Soupirs et le palais des Doges, passer devant la tour de l&#8217;horloge de Saint-Marc et voir l&#8217;\u00e9glise Frari o\u00f9 se trouve l&#8217;un des chefs-d&#8217;\u0153uvre de Giovanni Bellini &#8220;L&#8217;Assomption de Marie&#8221;.\u00a0<\/span><\/p>\n<p><span style=\"font-weight: 400;\">Vous pouvez <\/span><b>convenir avec votre guide de l&#8217;heure de rendez-vous dans un lieu central de Milan <\/b><span style=\"font-weight: 400;\">afin de pouvoir commencer l&#8217;excursion \u00e0 Venise de la mani\u00e8re que vous pr\u00e9f\u00e9rez. En fait, vous pouvez choisir entre un transfert en voiture priv\u00e9e ou un trajet direct en train vers Venise.\u00a0<\/span><\/p>\n<p><span style=\"font-weight: 400;\">\u00c0 votre arriv\u00e9e \u00e0 Venise, vous rencontrerez votre guide priv\u00e9, qui vous accompagnera pendant 2 heures pour vous donner les faits culturels et historiques les plus int\u00e9ressants.\u00a0<\/span><\/p>\n<p><span style=\"font-weight: 400;\">\u00c0 la fin de la visite, notre chauffeur sera pr\u00eat \u00e0 vous ramener \u00e0 Milan ou \u00e0 vous conduire \u00e0 la gare. L&#8217;objectif est de rendre votre voyage aussi confortable que possible.\u00a0\u00a0<\/span><\/p>\n<p><span style=\"font-weight: 400;\">De m\u00eame, si vous d\u00e9cidez de visiter une des villes les plus importantes d&#8217;Italie, vous pouvez opter pour notre <\/span><a href=\"https:\/\/tourtravelandmore.com\/fr\/tours\/italie-fr\/milan-fr\/visite-privee-de-bologne-au-depart-de-milan\/\"><b>circuit priv\u00e9 de Milan \u00e0 Bologne<\/b><\/a><span style=\"font-weight: 400;\">.\u00a0<\/span><\/p>\n<h2><strong><span style=\"color: #d3af37;\">Points d&#8217;int\u00e9r\u00eat de la visite priv\u00e9e de Venise<\/span><\/strong><\/h2>\n<p><span style=\"font-weight: 400;\">Profitez au maximum de votre s\u00e9jour en Italie lors d&#8217;une excursion priv\u00e9e \u00e0 Venise qui vous fera d\u00e9couvrir l&#8217;architecture diversifi\u00e9e de la ville, consid\u00e9r\u00e9e comme un chef-d&#8217;\u0153uvre de la Renaissance.\u00a0<\/span><\/p>\n<p><span style=\"font-weight: 400;\">Chaque d\u00e9tail de cette <\/span><b>excursion de 12 heures <\/b><span style=\"font-weight: 400;\">est adapt\u00e9 \u00e0 vos besoins et \u00e0 vos int\u00e9r\u00eats. Pour commencer, nous pouvons venir vous chercher au point central de Milan ou \u00e0 votre h\u00f4tel (s&#8217;il se trouve dans le centre ville) pour commencer le voyage \u00e0 Venise selon l&#8217;alternative qui vous convient le mieux :\u00a0<\/span><\/p>\n<p><span style=\"font-weight: 400;\">Ensuite, nous vous transf\u00e9rerons dans une voiture de luxe priv\u00e9e ou vous pourrez prendre le train pour Venise et nous nous occuperons du billet et vous emm\u00e8nerons \u00e0 la gare.\u00a0<\/span><\/p>\n<p><span style=\"font-weight: 400;\">Une fois \u00e0 Venise, un guide priv\u00e9 vous attendra pour visiter les points d&#8217;int\u00e9r\u00eat suivants :\u00a0<\/span><\/p>\n<h3><strong><span style=\"color: #d3af37;\">Basilique Saint-Marc<\/span><\/strong><\/h3>\n<p><span style=\"font-weight: 400;\">Ce chef-d&#8217;\u0153uvre architectural est admir\u00e9 par des milliers de touristes chaque ann\u00e9e. De plus, la basilique est situ\u00e9e au c\u0153ur de la ville : la place Saint-Marc.\u00a0<\/span><\/p>\n<p><span style=\"font-weight: 400;\">Elle a \u00e9t\u00e9 construite en 828 pour recevoir les restes de l&#8217;ap\u00f4tre chr\u00e9tien Saint-Marc. Depuis lors, elle a subi de nombreuses modifications, mais sa beaut\u00e9 continue de captiver les touristes du monde entier.\u00a0<\/span><\/p>\n<p><span style=\"font-weight: 400;\">\u00c0 son entr\u00e9e, vous pouvez voir la statue de San Marcos \u00e0 c\u00f4t\u00e9 de l&#8217;embl\u00e8me de la ville.\u00a0<\/span><\/p>\n<h3><strong><span style=\"color: #d3af37;\">\u00a0Le Grand Canal<\/span><\/strong><\/h3>\n<p><span style=\"font-weight: 400;\">Parmi les innombrables canaux de Venise, le Grand Canal se distingue toujours. Au cours de cette visite priv\u00e9e, vous apprendrez \u00e0 conna\u00eetre cet espace qui divise la ville en deux. Nous savons que vous voudrez prendre de nombreuses photos dans ce lieu splendide.\u00a0<\/span><\/p>\n<h3><strong><span style=\"color: #d3af37;\">Le Palais Ducal\u00a0<\/span><\/strong><\/h3>\n<p><span style=\"font-weight: 400;\">Cet incroyable \u00e9difice gothique en pierre blanche est l&#8217;un des sites incontournables de Venise. Il a \u00e9t\u00e9 cr\u00e9\u00e9 entre le 10e et le 11e si\u00e8cle et \u00e9tait la r\u00e9sidence principale des souverains de la ville.\u00a0<\/span><\/p>\n<p><span style=\"font-weight: 400;\">En dehors de ces lieux, vous pourrez \u00e9galement visiter les endroits suivants lors de cette visite guid\u00e9e :\u00a0<\/span><\/p>\n<ul>\n<li><b>Le pont du Rialto.<\/b><\/li>\n<li><b>Le clocher de San Marcos.\u00a0<\/b><\/li>\n<li><b>Le Pont des Soupirs.\u00a0<\/b><\/li>\n<li><b>L&#8217;\u00e9glise de Sainte Marie de Frari.<\/b><\/li>\n<li><b>Le ghetto juif.\u00a0<\/b><\/li>\n<li><b>Les canaux et les gondoles et bien plus encore.\u00a0<\/b><\/li>\n<\/ul>\n<p><span style=\"font-weight: 400;\">Mieux encore, vous aurez du temps libre pour explorer la ville \u00e0 votre guise et profiter de son incroyable gastronomie. Enfin, le chauffeur priv\u00e9 vous ram\u00e8nera au point de votre choix.<\/span><\/p>\n","protected":false},"excerpt":{"rendered":"<p><span style=\"font-weight: 400;\">Rejoignez-nous pour vivre une exp\u00e9rience unique lors de cette visite priv\u00e9e de Venise au d\u00e9part de Milan afin de d\u00e9couvrir l&#8217;une des villes les plus romantiques et les plus belles du monde. Vous pouvez choisir de voyager dans une voiture de luxe confortable ou de vous rendre \u00e0 Venise en train. Dans les deux cas, vous serez accompagn\u00e9 d&#8217;un guide priv\u00e9 qui vous fera d\u00e9couvrir les monuments et les b\u00e2timents les plus embl\u00e9matiques de cette ville<\/span><\/p>\n","protected":false},"featured_media":120584,"comment_status":"open","ping_status":"closed","template":"","meta":{"_acf_changed":false},"product_brand":[],"product_cat":[3700],"product_tag":[],"class_list":{"0":"post-101378","1":"product","2":"type-product","3":"status-publish","4":"has-post-thumbnail","6":"product_cat-milan-fr","8":"first","9":"instock","10":"shipping-taxable","11":"purchasable","12":"product-type-simple"},"acf":[],"yoast_head":"<!-- This site is optimized with the Yoast SEO Premium plugin v25.3.1 (Yoast SEO v25.3.1) - https:\/\/yoast.com\/wordpress\/plugins\/seo\/ -->\n<title>Visite priv\u00e9e de Venise au d\u00e9part de Milan en voiture de luxe ou en train, avec guide priv\u00e9 inclus<\/title>\n<meta name=\"description\" content=\"Profitez de tout ce que Venise a \u00e0 offrir lors d&#039;une visite priv\u00e9e \u00e0 Venise depuis Milan avec transfert en voiture de luxe ou directement en train et en compagnie d&#039;un guide officiel priv\u00e9\" \/>\n<meta name=\"robots\" content=\"index, follow, max-snippet:-1, max-image-preview:large, max-video-preview:-1\" \/>\n<link rel=\"canonical\" href=\"https:\/\/tourtravelandmore.com\/fr\/tours\/italie-fr\/milan-fr\/visite-privee-de-venise-au-depart-de-milan\/\" \/>\n<meta property=\"og:locale\" content=\"fr_FR\" \/>\n<meta property=\"og:type\" content=\"article\" \/>\n<meta property=\"og:title\" content=\"Visite priv\u00e9e de Venise au d\u00e9part de Milan\" \/>\n<meta property=\"og:description\" content=\"Profitez de tout ce que Venise a \u00e0 offrir lors d&#039;une visite priv\u00e9e \u00e0 Venise depuis Milan avec transfert en voiture de luxe ou directement en train et en compagnie d&#039;un guide officiel priv\u00e9\" \/>\n<meta property=\"og:url\" content=\"https:\/\/tourtravelandmore.com\/fr\/tours\/italie-fr\/milan-fr\/visite-privee-de-venise-au-depart-de-milan\/\" \/>\n<meta property=\"og:site_name\" content=\"Tour Travel And More\" \/>\n<meta property=\"article:publisher\" content=\"https:\/\/www.facebook.com\/tourtravelandmore\/\" \/>\n<meta property=\"article:modified_time\" content=\"2022-04-01T10:33:41+00:00\" \/>\n<meta property=\"og:image\" content=\"https:\/\/tourtravelandmore.com\/wp-content\/uploads\/2017\/02\/image2.jpg\" \/>\n\t<meta property=\"og:image:width\" content=\"917\" \/>\n\t<meta property=\"og:image:height\" content=\"615\" \/>\n\t<meta property=\"og:image:type\" content=\"image\/jpeg\" \/>\n<meta name=\"twitter:card\" content=\"summary_large_image\" \/>\n<meta name=\"twitter:site\" content=\"@TourTravel_More\" \/>\n<meta name=\"twitter:label1\" content=\"Dur\u00e9e de lecture estim\u00e9e\" \/>\n\t<meta name=\"twitter:data1\" content=\"3 minutes\" \/>\n<script type=\"application\/ld+json\" class=\"yoast-schema-graph\">{\"@context\":\"https:\/\/schema.org\",\"@graph\":[{\"@type\":\"WebPage\",\"@id\":\"https:\/\/tourtravelandmore.com\/fr\/tours\/italie-fr\/milan-fr\/visite-privee-de-venise-au-depart-de-milan\/\",\"url\":\"https:\/\/tourtravelandmore.com\/fr\/tours\/italie-fr\/milan-fr\/visite-privee-de-venise-au-depart-de-milan\/\",\"name\":\"Visite priv\u00e9e de Venise au d\u00e9part de Milan en voiture de luxe ou en train, avec guide priv\u00e9 inclus\",\"isPartOf\":{\"@id\":\"https:\/\/tourtravelandmore.com\/fr\/#website\"},\"primaryImageOfPage\":{\"@id\":\"https:\/\/tourtravelandmore.com\/fr\/tours\/italie-fr\/milan-fr\/visite-privee-de-venise-au-depart-de-milan\/#primaryimage\"},\"image\":{\"@id\":\"https:\/\/tourtravelandmore.com\/fr\/tours\/italie-fr\/milan-fr\/visite-privee-de-venise-au-depart-de-milan\/#primaryimage\"},\"thumbnailUrl\":\"https:\/\/tourtravelandmore.com\/wp-content\/uploads\/2017\/02\/image2.jpg\",\"datePublished\":\"2017-02-16T10:54:21+00:00\",\"dateModified\":\"2022-04-01T10:33:41+00:00\",\"description\":\"Profitez de tout ce que Venise a \u00e0 offrir lors d'une visite priv\u00e9e \u00e0 Venise depuis Milan avec transfert en voiture de luxe ou directement en train et en compagnie d'un guide officiel priv\u00e9\",\"breadcrumb\":{\"@id\":\"https:\/\/tourtravelandmore.com\/fr\/tours\/italie-fr\/milan-fr\/visite-privee-de-venise-au-depart-de-milan\/#breadcrumb\"},\"inLanguage\":\"fr-FR\",\"potentialAction\":[{\"@type\":\"ReadAction\",\"target\":[\"https:\/\/tourtravelandmore.com\/fr\/tours\/italie-fr\/milan-fr\/visite-privee-de-venise-au-depart-de-milan\/\"]}]},{\"@type\":\"ImageObject\",\"inLanguage\":\"fr-FR\",\"@id\":\"https:\/\/tourtravelandmore.com\/fr\/tours\/italie-fr\/milan-fr\/visite-privee-de-venise-au-depart-de-milan\/#primaryimage\",\"url\":\"https:\/\/tourtravelandmore.com\/wp-content\/uploads\/2017\/02\/image2.jpg\",\"contentUrl\":\"https:\/\/tourtravelandmore.com\/wp-content\/uploads\/2017\/02\/image2.jpg\",\"width\":917,\"height\":615},{\"@type\":\"BreadcrumbList\",\"@id\":\"https:\/\/tourtravelandmore.com\/fr\/tours\/italie-fr\/milan-fr\/visite-privee-de-venise-au-depart-de-milan\/#breadcrumb\",\"itemListElement\":[{\"@type\":\"ListItem\",\"position\":1,\"name\":\"Home\",\"item\":\"https:\/\/tourtravelandmore.com\/fr\/\"},{\"@type\":\"ListItem\",\"position\":2,\"name\":\"Tours\",\"item\":\"https:\/\/tourtravelandmore.com\/fr\/tours\/\"},{\"@type\":\"ListItem\",\"position\":3,\"name\":\"Visite priv\u00e9e de Venise au d\u00e9part de Milan\"}]},{\"@type\":\"WebSite\",\"@id\":\"https:\/\/tourtravelandmore.com\/fr\/#website\",\"url\":\"https:\/\/tourtravelandmore.com\/fr\/\",\"name\":\"Tour Travel And More\",\"description\":\"Private sightseeing tours and luxury transfers in Spain\",\"publisher\":{\"@id\":\"https:\/\/tourtravelandmore.com\/fr\/#organization\"},\"potentialAction\":[{\"@type\":\"SearchAction\",\"target\":{\"@type\":\"EntryPoint\",\"urlTemplate\":\"https:\/\/tourtravelandmore.com\/fr\/?s={search_term_string}\"},\"query-input\":{\"@type\":\"PropertyValueSpecification\",\"valueRequired\":true,\"valueName\":\"search_term_string\"}}],\"inLanguage\":\"fr-FR\"},{\"@type\":\"Organization\",\"@id\":\"https:\/\/tourtravelandmore.com\/fr\/#organization\",\"name\":\"Tour Travel And More\",\"url\":\"https:\/\/tourtravelandmore.com\/fr\/\",\"logo\":{\"@type\":\"ImageObject\",\"inLanguage\":\"fr-FR\",\"@id\":\"https:\/\/tourtravelandmore.com\/fr\/#\/schema\/logo\/image\/\",\"url\":\"https:\/\/tourtravelandmore.com\/wp-content\/uploads\/2022\/12\/cropped-logo-cabecera-new.png\",\"contentUrl\":\"https:\/\/tourtravelandmore.com\/wp-content\/uploads\/2022\/12\/cropped-logo-cabecera-new.png\",\"width\":430,\"height\":61,\"caption\":\"Tour Travel And More\"},\"image\":{\"@id\":\"https:\/\/tourtravelandmore.com\/fr\/#\/schema\/logo\/image\/\"},\"sameAs\":[\"https:\/\/www.facebook.com\/tourtravelandmore\/\",\"https:\/\/x.com\/TourTravel_More\"]}]}<\/script>\n<!-- \/ Yoast SEO Premium plugin. -->","yoast_head_json":{"title":"Visite priv\u00e9e de Venise au d\u00e9part de Milan en voiture de luxe ou en train, avec guide priv\u00e9 inclus","description":"Profitez de tout ce que Venise a \u00e0 offrir lors d'une visite priv\u00e9e \u00e0 Venise depuis Milan avec transfert en voiture de luxe ou directement en train et en compagnie d'un guide officiel priv\u00e9","robots":{"index":"index","follow":"follow","max-snippet":"max-snippet:-1","max-image-preview":"max-image-preview:large","max-video-preview":"max-video-preview:-1"},"canonical":"https:\/\/tourtravelandmore.com\/fr\/tours\/italie-fr\/milan-fr\/visite-privee-de-venise-au-depart-de-milan\/","og_locale":"fr_FR","og_type":"article","og_title":"Visite priv\u00e9e de Venise au d\u00e9part de Milan","og_description":"Profitez de tout ce que Venise a \u00e0 offrir lors d'une visite priv\u00e9e \u00e0 Venise depuis Milan avec transfert en voiture de luxe ou directement en train et en compagnie d'un guide officiel priv\u00e9","og_url":"https:\/\/tourtravelandmore.com\/fr\/tours\/italie-fr\/milan-fr\/visite-privee-de-venise-au-depart-de-milan\/","og_site_name":"Tour Travel And More","article_publisher":"https:\/\/www.facebook.com\/tourtravelandmore\/","article_modified_time":"2022-04-01T10:33:41+00:00","og_image":[{"width":917,"height":615,"url":"https:\/\/tourtravelandmore.com\/wp-content\/uploads\/2017\/02\/image2.jpg","type":"image\/jpeg"}],"twitter_card":"summary_large_image","twitter_site":"@TourTravel_More","twitter_misc":{"Dur\u00e9e de lecture estim\u00e9e":"3 minutes"},"schema":{"@context":"https:\/\/schema.org","@graph":[{"@type":"WebPage","@id":"https:\/\/tourtravelandmore.com\/fr\/tours\/italie-fr\/milan-fr\/visite-privee-de-venise-au-depart-de-milan\/","url":"https:\/\/tourtravelandmore.com\/fr\/tours\/italie-fr\/milan-fr\/visite-privee-de-venise-au-depart-de-milan\/","name":"Visite priv\u00e9e de Venise au d\u00e9part de Milan en voiture de luxe ou en train, avec guide priv\u00e9 inclus","isPartOf":{"@id":"https:\/\/tourtravelandmore.com\/fr\/#website"},"primaryImageOfPage":{"@id":"https:\/\/tourtravelandmore.com\/fr\/tours\/italie-fr\/milan-fr\/visite-privee-de-venise-au-depart-de-milan\/#primaryimage"},"image":{"@id":"https:\/\/tourtravelandmore.com\/fr\/tours\/italie-fr\/milan-fr\/visite-privee-de-venise-au-depart-de-milan\/#primaryimage"},"thumbnailUrl":"https:\/\/tourtravelandmore.com\/wp-content\/uploads\/2017\/02\/image2.jpg","datePublished":"2017-02-16T10:54:21+00:00","dateModified":"2022-04-01T10:33:41+00:00","description":"Profitez de tout ce que Venise a \u00e0 offrir lors d'une visite priv\u00e9e \u00e0 Venise depuis Milan avec transfert en voiture de luxe ou directement en train et en compagnie d'un guide officiel priv\u00e9","breadcrumb":{"@id":"https:\/\/tourtravelandmore.com\/fr\/tours\/italie-fr\/milan-fr\/visite-privee-de-venise-au-depart-de-milan\/#breadcrumb"},"inLanguage":"fr-FR","potentialAction":[{"@type":"ReadAction","target":["https:\/\/tourtravelandmore.com\/fr\/tours\/italie-fr\/milan-fr\/visite-privee-de-venise-au-depart-de-milan\/"]}]},{"@type":"ImageObject","inLanguage":"fr-FR","@id":"https:\/\/tourtravelandmore.com\/fr\/tours\/italie-fr\/milan-fr\/visite-privee-de-venise-au-depart-de-milan\/#primaryimage","url":"https:\/\/tourtravelandmore.com\/wp-content\/uploads\/2017\/02\/image2.jpg","contentUrl":"https:\/\/tourtravelandmore.com\/wp-content\/uploads\/2017\/02\/image2.jpg","width":917,"height":615},{"@type":"BreadcrumbList","@id":"https:\/\/tourtravelandmore.com\/fr\/tours\/italie-fr\/milan-fr\/visite-privee-de-venise-au-depart-de-milan\/#breadcrumb","itemListElement":[{"@type":"ListItem","position":1,"name":"Home","item":"https:\/\/tourtravelandmore.com\/fr\/"},{"@type":"ListItem","position":2,"name":"Tours","item":"https:\/\/tourtravelandmore.com\/fr\/tours\/"},{"@type":"ListItem","position":3,"name":"Visite priv\u00e9e de Venise au d\u00e9part de Milan"}]},{"@type":"WebSite","@id":"https:\/\/tourtravelandmore.com\/fr\/#website","url":"https:\/\/tourtravelandmore.com\/fr\/","name":"Tour Travel And More","description":"Private sightseeing tours and luxury transfers in Spain","publisher":{"@id":"https:\/\/tourtravelandmore.com\/fr\/#organization"},"potentialAction":[{"@type":"SearchAction","target":{"@type":"EntryPoint","urlTemplate":"https:\/\/tourtravelandmore.com\/fr\/?s={search_term_string}"},"query-input":{"@type":"PropertyValueSpecification","valueRequired":true,"valueName":"search_term_string"}}],"inLanguage":"fr-FR"},{"@type":"Organization","@id":"https:\/\/tourtravelandmore.com\/fr\/#organization","name":"Tour Travel And More","url":"https:\/\/tourtravelandmore.com\/fr\/","logo":{"@type":"ImageObject","inLanguage":"fr-FR","@id":"https:\/\/tourtravelandmore.com\/fr\/#\/schema\/logo\/image\/","url":"https:\/\/tourtravelandmore.com\/wp-content\/uploads\/2022\/12\/cropped-logo-cabecera-new.png","contentUrl":"https:\/\/tourtravelandmore.com\/wp-content\/uploads\/2022\/12\/cropped-logo-cabecera-new.png","width":430,"height":61,"caption":"Tour Travel And More"},"image":{"@id":"https:\/\/tourtravelandmore.com\/fr\/#\/schema\/logo\/image\/"},"sameAs":["https:\/\/www.facebook.com\/tourtravelandmore\/","https:\/\/x.com\/TourTravel_More"]}]}},"_links":{"self":[{"href":"https:\/\/tourtravelandmore.com\/fr\/wp-json\/wp\/v2\/product\/101378","targetHints":{"allow":["GET"]}}],"collection":[{"href":"https:\/\/tourtravelandmore.com\/fr\/wp-json\/wp\/v2\/product"}],"about":[{"href":"https:\/\/tourtravelandmore.com\/fr\/wp-json\/wp\/v2\/types\/product"}],"replies":[{"embeddable":true,"href":"https:\/\/tourtravelandmore.com\/fr\/wp-json\/wp\/v2\/comments?post=101378"}],"wp:featuredmedia":[{"embeddable":true,"href":"https:\/\/tourtravelandmore.com\/fr\/wp-json\/wp\/v2\/media\/120584"}],"wp:attachment":[{"href":"https:\/\/tourtravelandmore.com\/fr\/wp-json\/wp\/v2\/media?parent=101378"}],"wp:term":[{"taxonomy":"product_brand","embeddable":true,"href":"https:\/\/tourtravelandmore.com\/fr\/wp-json\/wp\/v2\/product_brand?post=101378"},{"taxonomy":"product_cat","embeddable":true,"href":"https:\/\/tourtravelandmore.com\/fr\/wp-json\/wp\/v2\/product_cat?post=101378"},{"taxonomy":"product_tag","embeddable":true,"href":"https:\/\/tourtravelandmore.com\/fr\/wp-json\/wp\/v2\/product_tag?post=101378"}],"curies":[{"name":"wp","href":"https:\/\/api.w.org\/{rel}","templated":true}]}}