{"id":101373,"date":"2017-02-16T11:41:00","date_gmt":"2017-02-16T10:41:00","guid":{"rendered":"https:\/\/tourtravelandmore.com\/tours\/non%20class\u00e9\/visite-privee-du-musee-leonard-de-vinci\/"},"modified":"2022-04-01T12:35:25","modified_gmt":"2022-04-01T10:35:25","slug":"visite-privee-du-musee-leonard-de-vinci-musee-national-de-la-science-et-de-la-technologie-leonard-de-vinci","status":"publish","type":"product","link":"https:\/\/tourtravelandmore.com\/fr\/tours\/italie-fr\/milan-fr\/visite-privee-du-musee-leonard-de-vinci-musee-national-de-la-science-et-de-la-technologie-leonard-de-vinci\/","title":{"rendered":"Visite priv\u00e9e du mus\u00e9e L\u00e9onard de Vinci &#8211; Mus\u00e9e national de la science et de la technologie L\u00e9onard de Vinci"},"content":{"rendered":"<h2><b>Description de la visite priv\u00e9e au Mus\u00e9e L\u00e9onard de Vinci &#8211; Mus\u00e9e national des sciences et de la technologie L\u00e9onard de Vinci<\/b><\/h2>\n<p><span style=\"font-weight: 400;\">Vous vous rendez \u00e0 Milan ? Ensuite, vous ne pouvez pas manquer de visiter le mus\u00e9e national des sciences et de la technologie Leonardo Da Vinci.\u00a0<\/span><\/p>\n<p><span style=\"font-weight: 400;\">Il s&#8217;agit d&#8217;un <\/span><b>mus\u00e9e consacr\u00e9 \u00e0 la vie et \u00e0 l&#8217;\u0153uvre de L\u00e9onard de Vinci<\/b><span style=\"font-weight: 400;\">, qui expose \u00e9galement de nombreux instruments scientifiques du XIXe si\u00e8cle bas\u00e9s sur ses dessins.<\/span><\/p>\n<p><span style=\"font-weight: 400;\">Lors de notre <\/span><b>visite priv\u00e9e de 2 heures, vous serez accompagn\u00e9 d&#8217;un guide expert en histoire officielle pour <\/b><span style=\"font-weight: 400;\">d\u00e9couvrir, entre autres, la premi\u00e8re locomotive italienne, un morceau de la lune et m\u00eame un \u00e9norme sous-marin.\u00a0<\/span><\/p>\n<p><span style=\"font-weight: 400;\">La visite comprend \u00e9galement un itin\u00e9raire vers les galeries historiques, comprenant une collection de peintures et de sculptures de diff\u00e9rentes p\u00e9riodes.\u00a0<\/span><\/p>\n<p><span style=\"font-weight: 400;\">Vous verrez \u00e9galement de pr\u00e8s certains des mod\u00e8les repr\u00e9sentant les grandes inventions de De Vinci, qui est consid\u00e9r\u00e9 comme l&#8217;un des plus grands g\u00e9nies de tous les temps.\u00a0<\/span><\/p>\n<p><span style=\"font-weight: 400;\">En outre, vous pouvez convenir avec votre guide priv\u00e9 d&#8217;un rendez-vous \u00e0 l&#8217;entr\u00e9e du mus\u00e9e ou \u00e0 un endroit proche. Mieux encore, <\/span><b>lors de cette visite personnalis\u00e9e, vous disposerez de billets exclusifs pour le mus\u00e9e<\/b><span style=\"font-weight: 400;\">. Vous n&#8217;aurez donc pas \u00e0 faire la queue ni \u00e0 perdre de temps pour entrer.\u00a0<\/span><\/p>\n<p><span style=\"font-weight: 400;\">Non seulement la visite du mus\u00e9e sera instructive, mais vous aurez l&#8217;occasion d&#8217;apprendre et d&#8217;interagir avec certaines des nombreuses inventions.<\/span><\/p>\n<p><span style=\"font-weight: 400;\">\u00c0 la fin de la visite, le guide vous ram\u00e8nera \u00e0 l&#8217;entr\u00e9e du mus\u00e9e ou \u00e0 l&#8217;endroit convenu.\u00a0<\/span><\/p>\n<h2><span style=\"color: #d3af37;\"><b>Points forts de la <\/b><b>visite priv\u00e9e au mus\u00e9e L\u00e9onard de Vinci &#8211; Mus\u00e9e national de la science et de la technologie L\u00e9onard de Vinci<\/b><\/span><\/h2>\n<p><span style=\"font-weight: 400;\">Dans l&#8217;ancien monast\u00e8re de San Vittore al Corpo \u00e0 Milan, vous trouverez le Museo Nazionale della Scienza e Tecnologia Leonardo Da Vinci. Cette <\/span><b>visite priv\u00e9e <\/b><span style=\"font-weight: 400;\">vous permettra de d\u00e9couvrir ce joyau cach\u00e9 et, par cons\u00e9quent, ce sera un voyage que vous n&#8217;oublierez jamais.\u00a0<\/span><\/p>\n<p><span style=\"font-weight: 400;\">Un guide officiel vous attendra \u00e0 l&#8217;entr\u00e9e de la galerie pour vous montrer tous les d\u00e9tails de cet impressionnant mus\u00e9e, qui a \u00e9t\u00e9 fond\u00e9 en 1947.\u00a0<\/span><\/p>\n<p><span style=\"font-weight: 400;\">L&#8217;exposition est organis\u00e9e en 4 sections diff\u00e9rentes. Voici quelques-unes des inventions et expositions les plus int\u00e9ressantes que vous pourrez voir :\u00a0<\/span><\/p>\n<ul>\n<li aria-level=\"1\"><b>Le premier train \u00e0 vapeur d&#8217;Italie.<\/b><\/li>\n<\/ul>\n<ul>\n<li aria-level=\"1\"><b>L&#8217;int\u00e9rieur du sous-marin italien Enrico Toti.\u00a0<\/b><\/li>\n<\/ul>\n<ul>\n<li aria-level=\"1\"><b>Un lanceur spatial.\u00a0<\/b><\/li>\n<\/ul>\n<ul>\n<li aria-level=\"1\"><b>170 mod\u00e8les historiques.\u00a0<\/b><\/li>\n<\/ul>\n<ul>\n<li aria-level=\"1\"><b>Une vraie tranche de lune.\u00a0<\/b><\/li>\n<\/ul>\n<ul>\n<li aria-level=\"1\"><b>Le pont d&#8217;un paquebot transatlantique.\u00a0<\/b><\/li>\n<\/ul>\n<ul>\n<li aria-level=\"1\"><b>Plus de 15 000 objets scientifiques et technologiques anciens et modernes.\u00a0<\/b><\/li>\n<\/ul>\n<ul>\n<li aria-level=\"1\"><b>Une biblioth\u00e8que avec plus de 40 000 articles d&#8217;invention scientifique et technologique.\u00a0<\/b><\/li>\n<\/ul>\n<p><span style=\"font-weight: 400;\">Mais, sans aucun doute, la partie la plus int\u00e9ressante de la visite est la visite de la galerie consacr\u00e9e aux inventions de L\u00e9onard de Vinci. De plus, cette visite est id\u00e9ale pour les familles et les amis qui souhaitent interagir de mani\u00e8re divertissante avec l&#8217;\u00e9volution des sciences et des technologies dans le monde.\u00a0<\/span><\/p>\n<p><span style=\"font-weight: 400;\">Enfin, le guide priv\u00e9 vous conduira au point convenu \u00e0 l&#8217;entr\u00e9e du mus\u00e9e.\u00a0<\/span><\/p>\n<p><span style=\"font-weight: 400;\">Nous vous recommandons de tirer le meilleur parti de votre s\u00e9jour \u00e0 Milan et de profiter de notre <\/span><a href=\"https:\/\/tourtravelandmore.com\/fr\/tours\/italie-fr\/milan-fr\/visite-privee-a-pied-de-milan-experience-complete\/\"><b>visite priv\u00e9e \u00e0 pied de Milan 4 heures : Full Experience<\/b><\/a><span style=\"font-weight: 400;\">, car ce sera un moyen splendide de vous connecter pleinement avec cette ville \u00e9tonnante.\u00a0<\/span><\/p>\n","protected":false},"excerpt":{"rendered":"<p><span style=\"font-weight: 400;\">Explorez les \u0153uvres et les th\u00e9ories de L\u00e9onard de Vinci au mus\u00e9e national des sciences et de la technologie de Milan. Apprenez-en davantage sur ses inventions uniques, ainsi que sur les contributions d&#8217;autres inventeurs italiens, tout en d\u00e9couvrant plus d&#8217;un demi-million d&#8217;artefacts qui illustrent l&#8217;innovation italienne au fil du temps. Mieux encore, vous serez accompagn\u00e9 d&#8217;un guide priv\u00e9, expert en histoire.<\/span><\/p>\n","protected":false},"featured_media":120863,"comment_status":"open","ping_status":"closed","template":"","meta":{"_acf_changed":false},"product_brand":[],"product_cat":[3700],"product_tag":[],"class_list":{"0":"post-101373","1":"product","2":"type-product","3":"status-publish","4":"has-post-thumbnail","6":"product_cat-milan-fr","8":"first","9":"instock","10":"shipping-taxable","11":"purchasable","12":"product-type-simple"},"acf":[],"yoast_head":"<!-- This site is optimized with the Yoast SEO Premium plugin v25.3.1 (Yoast SEO v25.3.1) - https:\/\/yoast.com\/wordpress\/plugins\/seo\/ -->\n<title>Visite priv\u00e9e du mus\u00e9e L\u00e9onard de Vinci accompagn\u00e9e d&#039;un guide priv\u00e9<\/title>\n<meta name=\"description\" content=\"Visitez l&#039;un des plus importants mus\u00e9es des sciences et des technologies au monde lors d&#039;une visite priv\u00e9e du mus\u00e9e national des sciences et des technologies Leonardo da Vinci. Vous serez accompagn\u00e9 d&#039;un guide priv\u00e9 pour un voyage dans le pass\u00e9, le pr\u00e9sent et le futur de la science italienne et mondiale\" \/>\n<meta name=\"robots\" content=\"index, follow, max-snippet:-1, max-image-preview:large, max-video-preview:-1\" \/>\n<link rel=\"canonical\" href=\"https:\/\/tourtravelandmore.com\/fr\/tours\/italie-fr\/milan-fr\/visite-privee-du-musee-leonard-de-vinci-musee-national-de-la-science-et-de-la-technologie-leonard-de-vinci\/\" \/>\n<meta property=\"og:locale\" content=\"fr_FR\" \/>\n<meta property=\"og:type\" content=\"article\" \/>\n<meta property=\"og:title\" content=\"Visite priv\u00e9e du mus\u00e9e L\u00e9onard de Vinci - Mus\u00e9e national de la science et de la technologie L\u00e9onard de Vinci\" \/>\n<meta property=\"og:description\" content=\"Visitez l&#039;un des plus importants mus\u00e9es des sciences et des technologies au monde lors d&#039;une visite priv\u00e9e du mus\u00e9e national des sciences et des technologies Leonardo da Vinci. Vous serez accompagn\u00e9 d&#039;un guide priv\u00e9 pour un voyage dans le pass\u00e9, le pr\u00e9sent et le futur de la science italienne et mondiale\" \/>\n<meta property=\"og:url\" content=\"https:\/\/tourtravelandmore.com\/fr\/tours\/italie-fr\/milan-fr\/visite-privee-du-musee-leonard-de-vinci-musee-national-de-la-science-et-de-la-technologie-leonard-de-vinci\/\" \/>\n<meta property=\"og:site_name\" content=\"Tour Travel And More\" \/>\n<meta property=\"article:publisher\" content=\"https:\/\/www.facebook.com\/tourtravelandmore\/\" \/>\n<meta property=\"article:modified_time\" content=\"2022-04-01T10:35:25+00:00\" \/>\n<meta property=\"og:image\" content=\"https:\/\/tourtravelandmore.com\/wp-content\/uploads\/2017\/02\/image1-3.jpg\" \/>\n\t<meta property=\"og:image:width\" content=\"900\" \/>\n\t<meta property=\"og:image:height\" content=\"680\" \/>\n\t<meta property=\"og:image:type\" content=\"image\/jpeg\" \/>\n<meta name=\"twitter:card\" content=\"summary_large_image\" \/>\n<meta name=\"twitter:site\" content=\"@TourTravel_More\" \/>\n<meta name=\"twitter:label1\" content=\"Dur\u00e9e de lecture estim\u00e9e\" \/>\n\t<meta name=\"twitter:data1\" content=\"3 minutes\" \/>\n<script type=\"application\/ld+json\" class=\"yoast-schema-graph\">{\"@context\":\"https:\/\/schema.org\",\"@graph\":[{\"@type\":\"WebPage\",\"@id\":\"https:\/\/tourtravelandmore.com\/fr\/tours\/italie-fr\/milan-fr\/visite-privee-du-musee-leonard-de-vinci-musee-national-de-la-science-et-de-la-technologie-leonard-de-vinci\/\",\"url\":\"https:\/\/tourtravelandmore.com\/fr\/tours\/italie-fr\/milan-fr\/visite-privee-du-musee-leonard-de-vinci-musee-national-de-la-science-et-de-la-technologie-leonard-de-vinci\/\",\"name\":\"Visite priv\u00e9e du mus\u00e9e L\u00e9onard de Vinci accompagn\u00e9e d'un guide priv\u00e9\",\"isPartOf\":{\"@id\":\"https:\/\/tourtravelandmore.com\/fr\/#website\"},\"primaryImageOfPage\":{\"@id\":\"https:\/\/tourtravelandmore.com\/fr\/tours\/italie-fr\/milan-fr\/visite-privee-du-musee-leonard-de-vinci-musee-national-de-la-science-et-de-la-technologie-leonard-de-vinci\/#primaryimage\"},\"image\":{\"@id\":\"https:\/\/tourtravelandmore.com\/fr\/tours\/italie-fr\/milan-fr\/visite-privee-du-musee-leonard-de-vinci-musee-national-de-la-science-et-de-la-technologie-leonard-de-vinci\/#primaryimage\"},\"thumbnailUrl\":\"https:\/\/tourtravelandmore.com\/wp-content\/uploads\/2017\/02\/image1-3.jpg\",\"datePublished\":\"2017-02-16T10:41:00+00:00\",\"dateModified\":\"2022-04-01T10:35:25+00:00\",\"description\":\"Visitez l'un des plus importants mus\u00e9es des sciences et des technologies au monde lors d'une visite priv\u00e9e du mus\u00e9e national des sciences et des technologies Leonardo da Vinci. Vous serez accompagn\u00e9 d'un guide priv\u00e9 pour un voyage dans le pass\u00e9, le pr\u00e9sent et le futur de la science italienne et mondiale\",\"breadcrumb\":{\"@id\":\"https:\/\/tourtravelandmore.com\/fr\/tours\/italie-fr\/milan-fr\/visite-privee-du-musee-leonard-de-vinci-musee-national-de-la-science-et-de-la-technologie-leonard-de-vinci\/#breadcrumb\"},\"inLanguage\":\"fr-FR\",\"potentialAction\":[{\"@type\":\"ReadAction\",\"target\":[\"https:\/\/tourtravelandmore.com\/fr\/tours\/italie-fr\/milan-fr\/visite-privee-du-musee-leonard-de-vinci-musee-national-de-la-science-et-de-la-technologie-leonard-de-vinci\/\"]}]},{\"@type\":\"ImageObject\",\"inLanguage\":\"fr-FR\",\"@id\":\"https:\/\/tourtravelandmore.com\/fr\/tours\/italie-fr\/milan-fr\/visite-privee-du-musee-leonard-de-vinci-musee-national-de-la-science-et-de-la-technologie-leonard-de-vinci\/#primaryimage\",\"url\":\"https:\/\/tourtravelandmore.com\/wp-content\/uploads\/2017\/02\/image1-3.jpg\",\"contentUrl\":\"https:\/\/tourtravelandmore.com\/wp-content\/uploads\/2017\/02\/image1-3.jpg\",\"width\":900,\"height\":680},{\"@type\":\"BreadcrumbList\",\"@id\":\"https:\/\/tourtravelandmore.com\/fr\/tours\/italie-fr\/milan-fr\/visite-privee-du-musee-leonard-de-vinci-musee-national-de-la-science-et-de-la-technologie-leonard-de-vinci\/#breadcrumb\",\"itemListElement\":[{\"@type\":\"ListItem\",\"position\":1,\"name\":\"Home\",\"item\":\"https:\/\/tourtravelandmore.com\/fr\/\"},{\"@type\":\"ListItem\",\"position\":2,\"name\":\"Tours\",\"item\":\"https:\/\/tourtravelandmore.com\/fr\/tours\/\"},{\"@type\":\"ListItem\",\"position\":3,\"name\":\"Visite priv\u00e9e du mus\u00e9e L\u00e9onard de Vinci &#8211; Mus\u00e9e national de la science et de la technologie L\u00e9onard de Vinci\"}]},{\"@type\":\"WebSite\",\"@id\":\"https:\/\/tourtravelandmore.com\/fr\/#website\",\"url\":\"https:\/\/tourtravelandmore.com\/fr\/\",\"name\":\"Tour Travel And More\",\"description\":\"Private sightseeing tours and luxury transfers in Spain\",\"publisher\":{\"@id\":\"https:\/\/tourtravelandmore.com\/fr\/#organization\"},\"potentialAction\":[{\"@type\":\"SearchAction\",\"target\":{\"@type\":\"EntryPoint\",\"urlTemplate\":\"https:\/\/tourtravelandmore.com\/fr\/?s={search_term_string}\"},\"query-input\":{\"@type\":\"PropertyValueSpecification\",\"valueRequired\":true,\"valueName\":\"search_term_string\"}}],\"inLanguage\":\"fr-FR\"},{\"@type\":\"Organization\",\"@id\":\"https:\/\/tourtravelandmore.com\/fr\/#organization\",\"name\":\"Tour Travel And More\",\"url\":\"https:\/\/tourtravelandmore.com\/fr\/\",\"logo\":{\"@type\":\"ImageObject\",\"inLanguage\":\"fr-FR\",\"@id\":\"https:\/\/tourtravelandmore.com\/fr\/#\/schema\/logo\/image\/\",\"url\":\"https:\/\/tourtravelandmore.com\/wp-content\/uploads\/2022\/12\/cropped-logo-cabecera-new.png\",\"contentUrl\":\"https:\/\/tourtravelandmore.com\/wp-content\/uploads\/2022\/12\/cropped-logo-cabecera-new.png\",\"width\":430,\"height\":61,\"caption\":\"Tour Travel And More\"},\"image\":{\"@id\":\"https:\/\/tourtravelandmore.com\/fr\/#\/schema\/logo\/image\/\"},\"sameAs\":[\"https:\/\/www.facebook.com\/tourtravelandmore\/\",\"https:\/\/x.com\/TourTravel_More\"]}]}<\/script>\n<!-- \/ Yoast SEO Premium plugin. -->","yoast_head_json":{"title":"Visite priv\u00e9e du mus\u00e9e L\u00e9onard de Vinci accompagn\u00e9e d'un guide priv\u00e9","description":"Visitez l'un des plus importants mus\u00e9es des sciences et des technologies au monde lors d'une visite priv\u00e9e du mus\u00e9e national des sciences et des technologies Leonardo da Vinci. Vous serez accompagn\u00e9 d'un guide priv\u00e9 pour un voyage dans le pass\u00e9, le pr\u00e9sent et le futur de la science italienne et mondiale","robots":{"index":"index","follow":"follow","max-snippet":"max-snippet:-1","max-image-preview":"max-image-preview:large","max-video-preview":"max-video-preview:-1"},"canonical":"https:\/\/tourtravelandmore.com\/fr\/tours\/italie-fr\/milan-fr\/visite-privee-du-musee-leonard-de-vinci-musee-national-de-la-science-et-de-la-technologie-leonard-de-vinci\/","og_locale":"fr_FR","og_type":"article","og_title":"Visite priv\u00e9e du mus\u00e9e L\u00e9onard de Vinci - Mus\u00e9e national de la science et de la technologie L\u00e9onard de Vinci","og_description":"Visitez l'un des plus importants mus\u00e9es des sciences et des technologies au monde lors d'une visite priv\u00e9e du mus\u00e9e national des sciences et des technologies Leonardo da Vinci. Vous serez accompagn\u00e9 d'un guide priv\u00e9 pour un voyage dans le pass\u00e9, le pr\u00e9sent et le futur de la science italienne et mondiale","og_url":"https:\/\/tourtravelandmore.com\/fr\/tours\/italie-fr\/milan-fr\/visite-privee-du-musee-leonard-de-vinci-musee-national-de-la-science-et-de-la-technologie-leonard-de-vinci\/","og_site_name":"Tour Travel And More","article_publisher":"https:\/\/www.facebook.com\/tourtravelandmore\/","article_modified_time":"2022-04-01T10:35:25+00:00","og_image":[{"width":900,"height":680,"url":"https:\/\/tourtravelandmore.com\/wp-content\/uploads\/2017\/02\/image1-3.jpg","type":"image\/jpeg"}],"twitter_card":"summary_large_image","twitter_site":"@TourTravel_More","twitter_misc":{"Dur\u00e9e de lecture estim\u00e9e":"3 minutes"},"schema":{"@context":"https:\/\/schema.org","@graph":[{"@type":"WebPage","@id":"https:\/\/tourtravelandmore.com\/fr\/tours\/italie-fr\/milan-fr\/visite-privee-du-musee-leonard-de-vinci-musee-national-de-la-science-et-de-la-technologie-leonard-de-vinci\/","url":"https:\/\/tourtravelandmore.com\/fr\/tours\/italie-fr\/milan-fr\/visite-privee-du-musee-leonard-de-vinci-musee-national-de-la-science-et-de-la-technologie-leonard-de-vinci\/","name":"Visite priv\u00e9e du mus\u00e9e L\u00e9onard de Vinci accompagn\u00e9e d'un guide priv\u00e9","isPartOf":{"@id":"https:\/\/tourtravelandmore.com\/fr\/#website"},"primaryImageOfPage":{"@id":"https:\/\/tourtravelandmore.com\/fr\/tours\/italie-fr\/milan-fr\/visite-privee-du-musee-leonard-de-vinci-musee-national-de-la-science-et-de-la-technologie-leonard-de-vinci\/#primaryimage"},"image":{"@id":"https:\/\/tourtravelandmore.com\/fr\/tours\/italie-fr\/milan-fr\/visite-privee-du-musee-leonard-de-vinci-musee-national-de-la-science-et-de-la-technologie-leonard-de-vinci\/#primaryimage"},"thumbnailUrl":"https:\/\/tourtravelandmore.com\/wp-content\/uploads\/2017\/02\/image1-3.jpg","datePublished":"2017-02-16T10:41:00+00:00","dateModified":"2022-04-01T10:35:25+00:00","description":"Visitez l'un des plus importants mus\u00e9es des sciences et des technologies au monde lors d'une visite priv\u00e9e du mus\u00e9e national des sciences et des technologies Leonardo da Vinci. Vous serez accompagn\u00e9 d'un guide priv\u00e9 pour un voyage dans le pass\u00e9, le pr\u00e9sent et le futur de la science italienne et mondiale","breadcrumb":{"@id":"https:\/\/tourtravelandmore.com\/fr\/tours\/italie-fr\/milan-fr\/visite-privee-du-musee-leonard-de-vinci-musee-national-de-la-science-et-de-la-technologie-leonard-de-vinci\/#breadcrumb"},"inLanguage":"fr-FR","potentialAction":[{"@type":"ReadAction","target":["https:\/\/tourtravelandmore.com\/fr\/tours\/italie-fr\/milan-fr\/visite-privee-du-musee-leonard-de-vinci-musee-national-de-la-science-et-de-la-technologie-leonard-de-vinci\/"]}]},{"@type":"ImageObject","inLanguage":"fr-FR","@id":"https:\/\/tourtravelandmore.com\/fr\/tours\/italie-fr\/milan-fr\/visite-privee-du-musee-leonard-de-vinci-musee-national-de-la-science-et-de-la-technologie-leonard-de-vinci\/#primaryimage","url":"https:\/\/tourtravelandmore.com\/wp-content\/uploads\/2017\/02\/image1-3.jpg","contentUrl":"https:\/\/tourtravelandmore.com\/wp-content\/uploads\/2017\/02\/image1-3.jpg","width":900,"height":680},{"@type":"BreadcrumbList","@id":"https:\/\/tourtravelandmore.com\/fr\/tours\/italie-fr\/milan-fr\/visite-privee-du-musee-leonard-de-vinci-musee-national-de-la-science-et-de-la-technologie-leonard-de-vinci\/#breadcrumb","itemListElement":[{"@type":"ListItem","position":1,"name":"Home","item":"https:\/\/tourtravelandmore.com\/fr\/"},{"@type":"ListItem","position":2,"name":"Tours","item":"https:\/\/tourtravelandmore.com\/fr\/tours\/"},{"@type":"ListItem","position":3,"name":"Visite priv\u00e9e du mus\u00e9e L\u00e9onard de Vinci &#8211; Mus\u00e9e national de la science et de la technologie L\u00e9onard de Vinci"}]},{"@type":"WebSite","@id":"https:\/\/tourtravelandmore.com\/fr\/#website","url":"https:\/\/tourtravelandmore.com\/fr\/","name":"Tour Travel And More","description":"Private sightseeing tours and luxury transfers in Spain","publisher":{"@id":"https:\/\/tourtravelandmore.com\/fr\/#organization"},"potentialAction":[{"@type":"SearchAction","target":{"@type":"EntryPoint","urlTemplate":"https:\/\/tourtravelandmore.com\/fr\/?s={search_term_string}"},"query-input":{"@type":"PropertyValueSpecification","valueRequired":true,"valueName":"search_term_string"}}],"inLanguage":"fr-FR"},{"@type":"Organization","@id":"https:\/\/tourtravelandmore.com\/fr\/#organization","name":"Tour Travel And More","url":"https:\/\/tourtravelandmore.com\/fr\/","logo":{"@type":"ImageObject","inLanguage":"fr-FR","@id":"https:\/\/tourtravelandmore.com\/fr\/#\/schema\/logo\/image\/","url":"https:\/\/tourtravelandmore.com\/wp-content\/uploads\/2022\/12\/cropped-logo-cabecera-new.png","contentUrl":"https:\/\/tourtravelandmore.com\/wp-content\/uploads\/2022\/12\/cropped-logo-cabecera-new.png","width":430,"height":61,"caption":"Tour Travel And More"},"image":{"@id":"https:\/\/tourtravelandmore.com\/fr\/#\/schema\/logo\/image\/"},"sameAs":["https:\/\/www.facebook.com\/tourtravelandmore\/","https:\/\/x.com\/TourTravel_More"]}]}},"_links":{"self":[{"href":"https:\/\/tourtravelandmore.com\/fr\/wp-json\/wp\/v2\/product\/101373","targetHints":{"allow":["GET"]}}],"collection":[{"href":"https:\/\/tourtravelandmore.com\/fr\/wp-json\/wp\/v2\/product"}],"about":[{"href":"https:\/\/tourtravelandmore.com\/fr\/wp-json\/wp\/v2\/types\/product"}],"replies":[{"embeddable":true,"href":"https:\/\/tourtravelandmore.com\/fr\/wp-json\/wp\/v2\/comments?post=101373"}],"wp:featuredmedia":[{"embeddable":true,"href":"https:\/\/tourtravelandmore.com\/fr\/wp-json\/wp\/v2\/media\/120863"}],"wp:attachment":[{"href":"https:\/\/tourtravelandmore.com\/fr\/wp-json\/wp\/v2\/media?parent=101373"}],"wp:term":[{"taxonomy":"product_brand","embeddable":true,"href":"https:\/\/tourtravelandmore.com\/fr\/wp-json\/wp\/v2\/product_brand?post=101373"},{"taxonomy":"product_cat","embeddable":true,"href":"https:\/\/tourtravelandmore.com\/fr\/wp-json\/wp\/v2\/product_cat?post=101373"},{"taxonomy":"product_tag","embeddable":true,"href":"https:\/\/tourtravelandmore.com\/fr\/wp-json\/wp\/v2\/product_tag?post=101373"}],"curies":[{"name":"wp","href":"https:\/\/api.w.org\/{rel}","templated":true}]}}