{"id":101368,"date":"2017-02-16T11:31:05","date_gmt":"2017-02-16T10:31:05","guid":{"rendered":"https:\/\/tourtravelandmore.com\/tours\/non%20class\u00e9\/visite-privee-du-lac-de-come-au-depart-de-milan\/"},"modified":"2024-02-07T16:22:07","modified_gmt":"2024-02-07T15:22:07","slug":"tour-privado-al-lago-di-como-desde-milan","status":"publish","type":"product","link":"https:\/\/tourtravelandmore.com\/fr\/tours\/italie-fr\/milan-fr\/tour-privado-al-lago-di-como-desde-milan\/","title":{"rendered":"Visite priv\u00e9e du lac de C\u00f4me et de Bellagio au d\u00e9part de Milan"},"content":{"rendered":"<h2><span style=\"font-weight: 400;\">Description de Visite priv\u00e9e du lac de C\u00f4me et de Bellagio au d\u00e9part de Milan<\/span><\/h2>\n<p><span style=\"font-weight: 400;\">Ann\u00e9e apr\u00e8s ann\u00e9e, des milliers de touristes choisissent l&#8217;Italie comme destination de voyage.\u00a0 Et la <\/span><b>visite du Lago di Como <\/b><span style=\"font-weight: 400;\">figure toujours sur leur itin\u00e9raire, car il s&#8217;agit de l&#8217;un des paysages naturels les plus attrayants d&#8217;Europe.\u00a0<\/span><\/p>\n<p><span style=\"font-weight: 400;\">En outre, le lac se trouve \u00e0 seulement 1 heure de Milan, ce qui offre l&#8217;incroyable opportunit\u00e9 d&#8217;explorer un environnement relaxant \u00e0 proximit\u00e9 de la m\u00e9tropole.\u00a0<\/span><\/p>\n<p><span style=\"font-weight: 400;\">Cette <\/span><b>visite priv\u00e9e du Lago di Como au d\u00e9part de Milan <\/b><span style=\"font-weight: 400;\">est id\u00e9ale pour d\u00e9couvrir le troisi\u00e8me plus grand lac d&#8217;Italie, dont la forme en &#8220;Y&#8221; invers\u00e9 ressemble \u00e0 deux bras qui attendent d&#8217;embrasser les voyageurs.\u00a0<\/span><\/p>\n<p><span style=\"font-weight: 400;\">Cette <\/span><b>excursion de 8 heures <\/b><span style=\"font-weight: 400;\">est faite sur mesure pour vous. En effet, <\/span><b>vous pouvez choisir parmi les diff\u00e9rentes alternatives d&#8217;excursion disponibles <\/b><span style=\"font-weight: 400;\">celle qui convient le mieux \u00e0 votre temps et \u00e0 vos besoins.\u00a0<\/span><\/p>\n<p><span style=\"font-weight: 400;\">Tout d&#8217;abord, nous vous proposons de visiter le Lago di Como directement depuis Milan en voiture priv\u00e9e afin que vous puissiez d\u00e9couvrir le lac et ses environs \u00e0 votre propre rythme.\u00a0<\/span><\/p>\n<p><span style=\"font-weight: 400;\">Cependant, si vous souhaitez \u00eatre accompagn\u00e9 d&#8217;un guide officiel, il n&#8217;y a aucun probl\u00e8me, puisque nous pouvons vous offrir le transfert en voiture priv\u00e9e et l&#8217;orientation pendant 2 heures d&#8217;un guide expert dans la r\u00e9gion.\u00a0<\/span><\/p>\n<p><span style=\"font-weight: 400;\">En outre, vous pouvez rendre votre voyage encore plus agr\u00e9able en incluant dans le forfait une promenade personnalis\u00e9e en bateau sur le Lago di Como. Ainsi, vous verrez de pr\u00e8s les demeures qui ornent ses rives, les plus charmants villages d&#8217;Italie et les imposantes montagnes qui entourent ce paysage enchanteur.\u00a0<\/span><\/p>\n<p><b>Toutes les options d&#8217;excursion que vous choisissez comprennent le transfert de retour \u00e0 Milan pour que <\/b><span style=\"font-weight: 400;\">vous <\/span><b>puissiez <\/b><span style=\"font-weight: 400;\">poursuivre votre itin\u00e9raire.\u00a0<\/span><\/p>\n<h2>Points d&#8217;int\u00e9r\u00eat de la visite priv\u00e9e<\/h2>\n<p><span style=\"font-weight: 400;\">Le Lago di Como est situ\u00e9 tr\u00e8s pr\u00e8s de Milan. Ceci, ainsi que ses paysages magnifiques et son atmosph\u00e8re calme et relaxante, en ont fait un lieu de pr\u00e9dilection pour les personnes riches et c\u00e9l\u00e8bres.\u00a0<\/span><\/p>\n<p><span style=\"font-weight: 400;\">Lors de notre visite priv\u00e9e du lac de C\u00f4me au d\u00e9part de Milan, vous pourrez admirer les immenses villas et manoirs des environs, ainsi que certains des plus charmants villages d&#8217;Italie.\u00a0<\/span><\/p>\n<p><span style=\"font-weight: 400;\">En outre, vous pouvez choisir entre les 3 itin\u00e9raires alternatifs que nous proposons :\u00a0<\/span><\/p>\n<h3>Option 1 : Visite du lac de C\u00f4me avec transfert en voiture priv\u00e9e<\/h3>\n<p><span style=\"font-weight: 400;\">L&#8217;excursion commence lorsque nous venons vous chercher \u00e0 votre h\u00f4tel \u00e0 Milan \u00e0 l&#8217;heure que vous avez indiqu\u00e9e. De l\u00e0, vous voyagerez dans une voiture de luxe priv\u00e9e \u00e0 travers un paysage magique entour\u00e9 de montagnes imposantes jusqu&#8217;\u00e0 ce que vous <\/span><b>atteignez la ville de C\u00f4me.\u00a0<\/b><\/p>\n<p><span style=\"font-weight: 400;\">Dans cette ville, vous pouvez visiter la Cattedrale di S. Maria Assunta, le Faro Voltiano, la Piazza del Duomo et d&#8217;autres points d&#8217;int\u00e9r\u00eat.\u00a0<\/span><\/p>\n<p><span style=\"font-weight: 400;\">\u00c0 proximit\u00e9 se trouve la splendide <\/span><b>ville de Bellagio<\/b><span style=\"font-weight: 400;\">, plus connue sous le nom de &#8220;joyau du Lago di Como&#8221;.\u00a0<\/span><\/p>\n<p><span style=\"font-weight: 400;\">Cette petite ville se trouve \u00e0 l&#8217;extr\u00e9mit\u00e9 de la p\u00e9ninsule, juste l\u00e0 o\u00f9 commence la formation en &#8220;Y&#8221; qui caract\u00e9rise le lac. Ses rues sont tr\u00e8s color\u00e9es, car elles sont orn\u00e9es d&#8217;innombrables jardins.\u00a0\u00a0<\/span><\/p>\n<p><span style=\"font-weight: 400;\">Ensuite, \u00e0 <\/span><b>Tremezzo, <\/b><span style=\"font-weight: 400;\">vous verrez certaines des villas les plus \u00e9l\u00e9gantes du lac, car il s&#8217;agit d&#8217;une zone tr\u00e8s prestigieuse. Nous vous assurons que ce sera un endroit splendide pour prendre les photos les plus spectaculaires.\u00a0<\/span><\/p>\n<p><span style=\"font-weight: 400;\">Vous pouvez \u00e9galement vous rendre dans <\/span><b>la belle ville de Varenna <\/b><span style=\"font-weight: 400;\">o\u00f9 vous pourrez visiter le Castello di Vezio ou l&#8217;\u00e9glise de Saint-Georges.\u00a0<\/span><\/p>\n<h3>Option 2 : Lac de C\u00f4me avec transfert en voiture priv\u00e9e, accompagn\u00e9 d&#8217;un guide officiel.<\/h3>\n<p><span style=\"font-weight: 400;\">Si vous souhaitez faire la visite avec l&#8217;aide d&#8217;un guide expert, nous proposons \u00e9galement le service d&#8217;un guide priv\u00e9, qui sera disponible pendant 2 heures afin que vous puissiez visiter les points d&#8217;int\u00e9r\u00eat mentionn\u00e9s ci-dessus.\u00a0<\/span><\/p>\n<p><span style=\"font-weight: 400;\">L&#8217;id\u00e9e est que vous ne perdiez pas de temps pendant votre promenade et que vous appreniez \u00e0 conna\u00eetre chacun des coins attrayants du Lago di Como.\u00a0<\/span><\/p>\n<h3><strong><span style=\"color: #d3af37;\">Option 3 : Lago di Como avec transfert en voiture priv\u00e9e, accompagn\u00e9 d&#8217;un guide officiel et promenade en bateau.<\/span><\/strong><\/h3>\n<p><span style=\"font-weight: 400;\">Parmi les options de l&#8217;excursion priv\u00e9e au lac de C\u00f4me depuis Milan, nous proposons \u00e9galement une <\/span><b>promenade exclusive en bateau sur les eaux du lac. <\/b><span style=\"font-weight: 400;\">Ce sera l&#8217;occasion parfaite pour vous de vous d\u00e9tendre compl\u00e8tement et d&#8217;appr\u00e9cier le paysage majestueux sous un autre angle.\u00a0<\/span><\/p>\n<p><span style=\"font-weight: 400;\">C&#8217;est-\u00e0-dire que vous pourrez visiter tous les points d&#8217;int\u00e9r\u00eat mentionn\u00e9s ci-dessus, comme la ville de C\u00f4me, Bellagio, Tremezzo et Varenna et, en plus, vous naviguerez sur un bateau sur le lac.\u00a0<\/span><\/p>\n<p><span style=\"font-weight: 400;\">\u00c0 la fin de la visite, nous vous ram\u00e8nerons \u00e0 Milan \u00e0 l&#8217;endroit que vous aurez indiqu\u00e9.\u00a0<\/span><\/p>\n<p><span style=\"font-weight: 400;\">Si vous disposez d&#8217;un peu plus de temps en Italie, nous vous recommandons d&#8217;inclure dans votre itin\u00e9raire de voyage notre <\/span><a href=\"https:\/\/tourtravelandmore.com\/fr\/tours\/italie-fr\/milan-fr\/visite-privee-de-bergame-au-depart-de-milan\/\"><b>visite priv\u00e9e de Bergame au d\u00e9part de Milan <\/b><\/a><span style=\"font-weight: 400;\">pour explorer l&#8217;une des villes les plus embl\u00e9matiques de la Lombardie.<\/span><\/p>\n","protected":false},"excerpt":{"rendered":"<p><span style=\"font-weight: 400;\">Profitez de votre s\u00e9jour \u00e0 Milan et vivez une aventure magique lors d&#8217;une visite priv\u00e9e du lac de C\u00f4me au d\u00e9part de Milan pour faire connaissance avec le troisi\u00e8me plus grand lac d&#8217;Italie et l&#8217;un des plus pr\u00e9cieux joyaux de la Lombardie. En outre, vous pouvez opter pour l&#8217;une de nos 3 options de visite personnalis\u00e9e et vous pouvez m\u00eame naviguer sur le lac dans un bateau priv\u00e9<\/span><\/p>\n","protected":false},"featured_media":94240,"comment_status":"open","ping_status":"closed","template":"","meta":{"_acf_changed":false},"product_brand":[],"product_cat":[4911,4910,4912,4913,3700],"product_tag":[],"class_list":{"0":"post-101368","1":"product","2":"type-product","3":"status-publish","4":"has-post-thumbnail","6":"product_cat-all-private-tours-activities-fr-25","7":"product_cat-le-lac-de-come","8":"product_cat-private-day-trips-fr-15","9":"product_cat-private-sightseeing-tours-fr-28","10":"product_cat-milan-fr","12":"first","13":"instock","14":"shipping-taxable","15":"purchasable","16":"product-type-simple"},"acf":[],"yoast_head":"<!-- This site is optimized with the Yoast SEO Premium plugin v25.3.1 (Yoast SEO v25.3.1) - https:\/\/yoast.com\/wordpress\/plugins\/seo\/ -->\n<title>Visite priv\u00e9e du Lago di Como au d\u00e9part de Milan en voiture priv\u00e9e et avec l&#039;option d&#039;un guide et d&#039;une promenade en bateau<\/title>\n<meta name=\"description\" content=\"D\u00e9couvrez le Lago di Como de mani\u00e8re personnalis\u00e9e, lors d&#039;une visite priv\u00e9e avec transfert en voiture de luxe. Vous pouvez \u00e9galement demander un guide priv\u00e9 et, si vous le souhaitez, inclure une promenade relaxante en bateau sur le lac\" \/>\n<meta name=\"robots\" content=\"index, follow, max-snippet:-1, max-image-preview:large, max-video-preview:-1\" \/>\n<link rel=\"canonical\" href=\"https:\/\/tourtravelandmore.com\/fr\/tours\/italie-fr\/milan-fr\/tour-privado-al-lago-di-como-desde-milan\/\" \/>\n<meta property=\"og:locale\" content=\"fr_FR\" \/>\n<meta property=\"og:type\" content=\"article\" \/>\n<meta property=\"og:title\" content=\"Visite priv\u00e9e du lac de C\u00f4me et de Bellagio au d\u00e9part de Milan\" \/>\n<meta property=\"og:description\" content=\"D\u00e9couvrez le Lago di Como de mani\u00e8re personnalis\u00e9e, lors d&#039;une visite priv\u00e9e avec transfert en voiture de luxe. Vous pouvez \u00e9galement demander un guide priv\u00e9 et, si vous le souhaitez, inclure une promenade relaxante en bateau sur le lac\" \/>\n<meta property=\"og:url\" content=\"https:\/\/tourtravelandmore.com\/fr\/tours\/italie-fr\/milan-fr\/tour-privado-al-lago-di-como-desde-milan\/\" \/>\n<meta property=\"og:site_name\" content=\"Tour Travel And More\" \/>\n<meta property=\"article:publisher\" content=\"https:\/\/www.facebook.com\/tourtravelandmore\/\" \/>\n<meta property=\"article:modified_time\" content=\"2024-02-07T15:22:07+00:00\" \/>\n<meta property=\"og:image\" content=\"https:\/\/tourtravelandmore.com\/wp-content\/uploads\/2017\/02\/gallery92.jpg\" \/>\n\t<meta property=\"og:image:width\" content=\"600\" \/>\n\t<meta property=\"og:image:height\" content=\"375\" \/>\n\t<meta property=\"og:image:type\" content=\"image\/jpeg\" \/>\n<meta name=\"twitter:card\" content=\"summary_large_image\" \/>\n<meta name=\"twitter:site\" content=\"@TourTravel_More\" \/>\n<meta name=\"twitter:label1\" content=\"Dur\u00e9e de lecture estim\u00e9e\" \/>\n\t<meta name=\"twitter:data1\" content=\"4 minutes\" \/>\n<script type=\"application\/ld+json\" class=\"yoast-schema-graph\">{\"@context\":\"https:\/\/schema.org\",\"@graph\":[{\"@type\":\"WebPage\",\"@id\":\"https:\/\/tourtravelandmore.com\/fr\/tours\/italie-fr\/milan-fr\/tour-privado-al-lago-di-como-desde-milan\/\",\"url\":\"https:\/\/tourtravelandmore.com\/fr\/tours\/italie-fr\/milan-fr\/tour-privado-al-lago-di-como-desde-milan\/\",\"name\":\"Visite priv\u00e9e du Lago di Como au d\u00e9part de Milan en voiture priv\u00e9e et avec l'option d'un guide et d'une promenade en bateau\",\"isPartOf\":{\"@id\":\"https:\/\/tourtravelandmore.com\/fr\/#website\"},\"primaryImageOfPage\":{\"@id\":\"https:\/\/tourtravelandmore.com\/fr\/tours\/italie-fr\/milan-fr\/tour-privado-al-lago-di-como-desde-milan\/#primaryimage\"},\"image\":{\"@id\":\"https:\/\/tourtravelandmore.com\/fr\/tours\/italie-fr\/milan-fr\/tour-privado-al-lago-di-como-desde-milan\/#primaryimage\"},\"thumbnailUrl\":\"https:\/\/tourtravelandmore.com\/wp-content\/uploads\/2017\/02\/gallery92.jpg\",\"datePublished\":\"2017-02-16T10:31:05+00:00\",\"dateModified\":\"2024-02-07T15:22:07+00:00\",\"description\":\"D\u00e9couvrez le Lago di Como de mani\u00e8re personnalis\u00e9e, lors d'une visite priv\u00e9e avec transfert en voiture de luxe. Vous pouvez \u00e9galement demander un guide priv\u00e9 et, si vous le souhaitez, inclure une promenade relaxante en bateau sur le lac\",\"breadcrumb\":{\"@id\":\"https:\/\/tourtravelandmore.com\/fr\/tours\/italie-fr\/milan-fr\/tour-privado-al-lago-di-como-desde-milan\/#breadcrumb\"},\"inLanguage\":\"fr-FR\",\"potentialAction\":[{\"@type\":\"ReadAction\",\"target\":[\"https:\/\/tourtravelandmore.com\/fr\/tours\/italie-fr\/milan-fr\/tour-privado-al-lago-di-como-desde-milan\/\"]}]},{\"@type\":\"ImageObject\",\"inLanguage\":\"fr-FR\",\"@id\":\"https:\/\/tourtravelandmore.com\/fr\/tours\/italie-fr\/milan-fr\/tour-privado-al-lago-di-como-desde-milan\/#primaryimage\",\"url\":\"https:\/\/tourtravelandmore.com\/wp-content\/uploads\/2017\/02\/gallery92.jpg\",\"contentUrl\":\"https:\/\/tourtravelandmore.com\/wp-content\/uploads\/2017\/02\/gallery92.jpg\",\"width\":600,\"height\":375},{\"@type\":\"BreadcrumbList\",\"@id\":\"https:\/\/tourtravelandmore.com\/fr\/tours\/italie-fr\/milan-fr\/tour-privado-al-lago-di-como-desde-milan\/#breadcrumb\",\"itemListElement\":[{\"@type\":\"ListItem\",\"position\":1,\"name\":\"Home\",\"item\":\"https:\/\/tourtravelandmore.com\/fr\/\"},{\"@type\":\"ListItem\",\"position\":2,\"name\":\"Tours\",\"item\":\"https:\/\/tourtravelandmore.com\/fr\/tours\/\"},{\"@type\":\"ListItem\",\"position\":3,\"name\":\"Visite priv\u00e9e du lac de C\u00f4me et de Bellagio au d\u00e9part de Milan\"}]},{\"@type\":\"WebSite\",\"@id\":\"https:\/\/tourtravelandmore.com\/fr\/#website\",\"url\":\"https:\/\/tourtravelandmore.com\/fr\/\",\"name\":\"Tour Travel And More\",\"description\":\"Private sightseeing tours and luxury transfers in Spain\",\"publisher\":{\"@id\":\"https:\/\/tourtravelandmore.com\/fr\/#organization\"},\"potentialAction\":[{\"@type\":\"SearchAction\",\"target\":{\"@type\":\"EntryPoint\",\"urlTemplate\":\"https:\/\/tourtravelandmore.com\/fr\/?s={search_term_string}\"},\"query-input\":{\"@type\":\"PropertyValueSpecification\",\"valueRequired\":true,\"valueName\":\"search_term_string\"}}],\"inLanguage\":\"fr-FR\"},{\"@type\":\"Organization\",\"@id\":\"https:\/\/tourtravelandmore.com\/fr\/#organization\",\"name\":\"Tour Travel And More\",\"url\":\"https:\/\/tourtravelandmore.com\/fr\/\",\"logo\":{\"@type\":\"ImageObject\",\"inLanguage\":\"fr-FR\",\"@id\":\"https:\/\/tourtravelandmore.com\/fr\/#\/schema\/logo\/image\/\",\"url\":\"https:\/\/tourtravelandmore.com\/wp-content\/uploads\/2022\/12\/cropped-logo-cabecera-new.png\",\"contentUrl\":\"https:\/\/tourtravelandmore.com\/wp-content\/uploads\/2022\/12\/cropped-logo-cabecera-new.png\",\"width\":430,\"height\":61,\"caption\":\"Tour Travel And More\"},\"image\":{\"@id\":\"https:\/\/tourtravelandmore.com\/fr\/#\/schema\/logo\/image\/\"},\"sameAs\":[\"https:\/\/www.facebook.com\/tourtravelandmore\/\",\"https:\/\/x.com\/TourTravel_More\"]}]}<\/script>\n<!-- \/ Yoast SEO Premium plugin. -->","yoast_head_json":{"title":"Visite priv\u00e9e du Lago di Como au d\u00e9part de Milan en voiture priv\u00e9e et avec l'option d'un guide et d'une promenade en bateau","description":"D\u00e9couvrez le Lago di Como de mani\u00e8re personnalis\u00e9e, lors d'une visite priv\u00e9e avec transfert en voiture de luxe. Vous pouvez \u00e9galement demander un guide priv\u00e9 et, si vous le souhaitez, inclure une promenade relaxante en bateau sur le lac","robots":{"index":"index","follow":"follow","max-snippet":"max-snippet:-1","max-image-preview":"max-image-preview:large","max-video-preview":"max-video-preview:-1"},"canonical":"https:\/\/tourtravelandmore.com\/fr\/tours\/italie-fr\/milan-fr\/tour-privado-al-lago-di-como-desde-milan\/","og_locale":"fr_FR","og_type":"article","og_title":"Visite priv\u00e9e du lac de C\u00f4me et de Bellagio au d\u00e9part de Milan","og_description":"D\u00e9couvrez le Lago di Como de mani\u00e8re personnalis\u00e9e, lors d'une visite priv\u00e9e avec transfert en voiture de luxe. Vous pouvez \u00e9galement demander un guide priv\u00e9 et, si vous le souhaitez, inclure une promenade relaxante en bateau sur le lac","og_url":"https:\/\/tourtravelandmore.com\/fr\/tours\/italie-fr\/milan-fr\/tour-privado-al-lago-di-como-desde-milan\/","og_site_name":"Tour Travel And More","article_publisher":"https:\/\/www.facebook.com\/tourtravelandmore\/","article_modified_time":"2024-02-07T15:22:07+00:00","og_image":[{"width":600,"height":375,"url":"https:\/\/tourtravelandmore.com\/wp-content\/uploads\/2017\/02\/gallery92.jpg","type":"image\/jpeg"}],"twitter_card":"summary_large_image","twitter_site":"@TourTravel_More","twitter_misc":{"Dur\u00e9e de lecture estim\u00e9e":"4 minutes"},"schema":{"@context":"https:\/\/schema.org","@graph":[{"@type":"WebPage","@id":"https:\/\/tourtravelandmore.com\/fr\/tours\/italie-fr\/milan-fr\/tour-privado-al-lago-di-como-desde-milan\/","url":"https:\/\/tourtravelandmore.com\/fr\/tours\/italie-fr\/milan-fr\/tour-privado-al-lago-di-como-desde-milan\/","name":"Visite priv\u00e9e du Lago di Como au d\u00e9part de Milan en voiture priv\u00e9e et avec l'option d'un guide et d'une promenade en bateau","isPartOf":{"@id":"https:\/\/tourtravelandmore.com\/fr\/#website"},"primaryImageOfPage":{"@id":"https:\/\/tourtravelandmore.com\/fr\/tours\/italie-fr\/milan-fr\/tour-privado-al-lago-di-como-desde-milan\/#primaryimage"},"image":{"@id":"https:\/\/tourtravelandmore.com\/fr\/tours\/italie-fr\/milan-fr\/tour-privado-al-lago-di-como-desde-milan\/#primaryimage"},"thumbnailUrl":"https:\/\/tourtravelandmore.com\/wp-content\/uploads\/2017\/02\/gallery92.jpg","datePublished":"2017-02-16T10:31:05+00:00","dateModified":"2024-02-07T15:22:07+00:00","description":"D\u00e9couvrez le Lago di Como de mani\u00e8re personnalis\u00e9e, lors d'une visite priv\u00e9e avec transfert en voiture de luxe. Vous pouvez \u00e9galement demander un guide priv\u00e9 et, si vous le souhaitez, inclure une promenade relaxante en bateau sur le lac","breadcrumb":{"@id":"https:\/\/tourtravelandmore.com\/fr\/tours\/italie-fr\/milan-fr\/tour-privado-al-lago-di-como-desde-milan\/#breadcrumb"},"inLanguage":"fr-FR","potentialAction":[{"@type":"ReadAction","target":["https:\/\/tourtravelandmore.com\/fr\/tours\/italie-fr\/milan-fr\/tour-privado-al-lago-di-como-desde-milan\/"]}]},{"@type":"ImageObject","inLanguage":"fr-FR","@id":"https:\/\/tourtravelandmore.com\/fr\/tours\/italie-fr\/milan-fr\/tour-privado-al-lago-di-como-desde-milan\/#primaryimage","url":"https:\/\/tourtravelandmore.com\/wp-content\/uploads\/2017\/02\/gallery92.jpg","contentUrl":"https:\/\/tourtravelandmore.com\/wp-content\/uploads\/2017\/02\/gallery92.jpg","width":600,"height":375},{"@type":"BreadcrumbList","@id":"https:\/\/tourtravelandmore.com\/fr\/tours\/italie-fr\/milan-fr\/tour-privado-al-lago-di-como-desde-milan\/#breadcrumb","itemListElement":[{"@type":"ListItem","position":1,"name":"Home","item":"https:\/\/tourtravelandmore.com\/fr\/"},{"@type":"ListItem","position":2,"name":"Tours","item":"https:\/\/tourtravelandmore.com\/fr\/tours\/"},{"@type":"ListItem","position":3,"name":"Visite priv\u00e9e du lac de C\u00f4me et de Bellagio au d\u00e9part de Milan"}]},{"@type":"WebSite","@id":"https:\/\/tourtravelandmore.com\/fr\/#website","url":"https:\/\/tourtravelandmore.com\/fr\/","name":"Tour Travel And More","description":"Private sightseeing tours and luxury transfers in Spain","publisher":{"@id":"https:\/\/tourtravelandmore.com\/fr\/#organization"},"potentialAction":[{"@type":"SearchAction","target":{"@type":"EntryPoint","urlTemplate":"https:\/\/tourtravelandmore.com\/fr\/?s={search_term_string}"},"query-input":{"@type":"PropertyValueSpecification","valueRequired":true,"valueName":"search_term_string"}}],"inLanguage":"fr-FR"},{"@type":"Organization","@id":"https:\/\/tourtravelandmore.com\/fr\/#organization","name":"Tour Travel And More","url":"https:\/\/tourtravelandmore.com\/fr\/","logo":{"@type":"ImageObject","inLanguage":"fr-FR","@id":"https:\/\/tourtravelandmore.com\/fr\/#\/schema\/logo\/image\/","url":"https:\/\/tourtravelandmore.com\/wp-content\/uploads\/2022\/12\/cropped-logo-cabecera-new.png","contentUrl":"https:\/\/tourtravelandmore.com\/wp-content\/uploads\/2022\/12\/cropped-logo-cabecera-new.png","width":430,"height":61,"caption":"Tour Travel And More"},"image":{"@id":"https:\/\/tourtravelandmore.com\/fr\/#\/schema\/logo\/image\/"},"sameAs":["https:\/\/www.facebook.com\/tourtravelandmore\/","https:\/\/x.com\/TourTravel_More"]}]}},"_links":{"self":[{"href":"https:\/\/tourtravelandmore.com\/fr\/wp-json\/wp\/v2\/product\/101368","targetHints":{"allow":["GET"]}}],"collection":[{"href":"https:\/\/tourtravelandmore.com\/fr\/wp-json\/wp\/v2\/product"}],"about":[{"href":"https:\/\/tourtravelandmore.com\/fr\/wp-json\/wp\/v2\/types\/product"}],"replies":[{"embeddable":true,"href":"https:\/\/tourtravelandmore.com\/fr\/wp-json\/wp\/v2\/comments?post=101368"}],"wp:featuredmedia":[{"embeddable":true,"href":"https:\/\/tourtravelandmore.com\/fr\/wp-json\/wp\/v2\/media\/94240"}],"wp:attachment":[{"href":"https:\/\/tourtravelandmore.com\/fr\/wp-json\/wp\/v2\/media?parent=101368"}],"wp:term":[{"taxonomy":"product_brand","embeddable":true,"href":"https:\/\/tourtravelandmore.com\/fr\/wp-json\/wp\/v2\/product_brand?post=101368"},{"taxonomy":"product_cat","embeddable":true,"href":"https:\/\/tourtravelandmore.com\/fr\/wp-json\/wp\/v2\/product_cat?post=101368"},{"taxonomy":"product_tag","embeddable":true,"href":"https:\/\/tourtravelandmore.com\/fr\/wp-json\/wp\/v2\/product_tag?post=101368"}],"curies":[{"name":"wp","href":"https:\/\/api.w.org\/{rel}","templated":true}]}}