{"id":101358,"date":"2017-02-16T10:35:04","date_gmt":"2017-02-16T09:35:04","guid":{"rendered":"https:\/\/tourtravelandmore.com\/tours\/non%20class\u00e9\/visite-privee-de-milan\/"},"modified":"2022-04-01T12:33:15","modified_gmt":"2022-04-01T10:33:15","slug":"visite-privee-de-milan","status":"publish","type":"product","link":"https:\/\/tourtravelandmore.com\/fr\/tours\/italie-fr\/milan-fr\/visite-privee-de-milan\/","title":{"rendered":"Visite priv\u00e9e de la ville de Milan"},"content":{"rendered":"<h2><strong>Description de la visite priv\u00e9e de la ville de Milan<\/strong><\/h2>\n<p><span style=\"font-weight: 400;\">Milan est l&#8217;une des villes les plus importantes du monde d&#8217;un point de vue architectural et historique. De plus, l&#8217;\u00e9l\u00e9gance de ses monuments et de ses b\u00e2timents en fait l&#8217;un des endroits pr\u00e9f\u00e9r\u00e9s des touristes du monde entier.\u00a0<\/span><\/p>\n<p><span style=\"font-weight: 400;\">Vivez une exp\u00e9rience unique lors de cette <\/span><b>visite priv\u00e9e de Milan au cours de laquelle vous <\/b><span style=\"font-weight: 400;\">d\u00e9couvrirez les sites les plus attractifs et les plus renomm\u00e9s, ainsi que les constructions modernes de cette ville dynamique, en compagnie d&#8217;un guide local expert qui vous accompagnera tout au long de la visite.<\/span><\/p>\n<p><span style=\"font-weight: 400;\">La visite guid\u00e9e commence au point de rencontre que vous avez indiqu\u00e9. De l\u00e0, vous serez conduit dans une voiture de luxe confortable jusqu&#8217;\u00e0 l&#8217;imposante cath\u00e9drale du Duomo, o\u00f9 vous aurez l&#8217;occasion de visiter le Duomo sans faire la queue pour entrer, car notre <\/span><b>visite priv\u00e9e comprend des billets d&#8217;entr\u00e9e exclusifs pour le Duomo.\u00a0<\/b><\/p>\n<p><span style=\"font-weight: 400;\">Ensuite, nous poursuivons notre promenade dans le centre-ville pour visiter la Piazza del Duomo, la resplendissante Galleria Vittorio Emanuele II, le th\u00e9\u00e2tre de la Scala, le Castello Sforzesco et de nombreux autres sites int\u00e9ressants.\u00a0<\/span><\/p>\n<p><span style=\"font-weight: 400;\">Dans le cadre de cette visite priv\u00e9e<\/span><b>,<\/b><span style=\"font-weight: 400;\"> vous <\/span><b>verrez <\/b><span style=\"font-weight: 400;\">\u00e9galement <\/span><b>la partie moderne de Milan<\/b><span style=\"font-weight: 400;\">, comme CityLife, la Piazza Gae Aulenti, entre autres endroits qui vous \u00e9tonneront compl\u00e8tement.\u00a0<\/span><\/p>\n<p><span style=\"font-weight: 400;\">Comme vous pouvez le constater, il s&#8217;agit de bien plus qu&#8217;une simple visite touristique, puisque le guide priv\u00e9 sera attentif \u00e0 vous donner les informations dont vous avez besoin et \u00e0 vous conduire aux endroits que vous souhaitez visiter.\u00a0<\/span><\/p>\n<p><span style=\"font-weight: 400;\">\u00c0 la fin de la visite guid\u00e9e de 4 heures, nous vous d\u00e9poserons au point central de la ville que vous aurez indiqu\u00e9.\u00a0<\/span><\/p>\n<h2><strong>\u00a0Points d&#8217;int\u00e9r\u00eat de la visite priv\u00e9e de la ville de Milan<\/strong><\/h2>\n<p><span style=\"font-weight: 400;\">Lors de cette visite priv\u00e9e de Milan, un guide expert vous emm\u00e8nera loin des foules de touristes pour vous montrer certains des secrets les mieux gard\u00e9s de la ville.<\/span><\/p>\n<p><span style=\"font-weight: 400;\">Pour commencer, <\/span><b>la rencontre avec le guide priv\u00e9 se fera \u00e0 l&#8217;endroit central que vous aurez indiqu\u00e9 et \u00e0 l&#8217;heure qui vous convient le mieux.<\/b><span style=\"font-weight: 400;\"> Ensuite, nous commen\u00e7ons la visite en voiture de luxe avec un guide officiel priv\u00e9 pour visiter les points d&#8217;int\u00e9r\u00eat suivants :\u00a0<\/span><\/p>\n<h3><strong>Le grand Duomo de Milan<\/strong><\/h3>\n<p><span style=\"font-weight: 400;\">C&#8217;est un site incontournable de Milan, c&#8217;est pourquoi les billets pour la troisi\u00e8me plus grande cath\u00e9drale du monde sont inclus.<\/span><\/p>\n<p><span style=\"font-weight: 400;\">\u00c0 l&#8217;int\u00e9rieur, vous verrez d&#8217;innombrables sculptures, galeries et d\u00e9tails qui constituent un chef-d&#8217;\u0153uvre architectural. En outre, sa fa\u00e7ade int\u00e9rieure en marbre blanc est digne de nombreuses photos de cartes postales.\u00a0<\/span><\/p>\n<p><span style=\"font-weight: 400;\">Cette immense cath\u00e9drale gothique se trouve au c\u0153ur de la ville et renferme de nombreux tr\u00e9sors historiques tels que la Madonnina, une sculpture situ\u00e9e au point culminant du Duomo et consid\u00e9r\u00e9e comme l&#8217;un des principaux symboles de la ville.\u00a0<\/span><\/p>\n<h3><strong>Le centre historique de Milan<\/strong><\/h3>\n<p><span style=\"font-weight: 400;\">Le quartier central de Milan est un lieu impressionnant qui offre de nombreuses choses \u00e0 voir et \u00e0 apprendre.\u00a0<\/span><\/p>\n<p><span style=\"font-weight: 400;\">Le joyau de la couronne est \u00e9videmment la cath\u00e9drale Duomo. Cependant, dans les environs du centre historique se trouvent certains des b\u00e2timents les plus frappants de la ville, tels que :\u00a0<\/span><\/p>\n<ul>\n<li style=\"font-weight: 400;\" aria-level=\"1\"><strong>Galerie Vittorio Emanuele II.<\/strong><\/li>\n<li style=\"font-weight: 400;\" aria-level=\"1\"><strong>Teatro alla Scala.<\/strong><\/li>\n<li style=\"font-weight: 400;\" aria-level=\"1\"><strong>Pinacoteca Ambrosiana.<\/strong><\/li>\n<li style=\"font-weight: 400;\" aria-level=\"1\"><strong>Piazza Mercanti.<\/strong><\/li>\n<li style=\"font-weight: 400;\" aria-level=\"1\"><strong>Le Palais Royal, entre autres.\u00a0<\/strong><\/li>\n<\/ul>\n<h3><strong>Le Milan le plus moderne<\/strong><\/h3>\n<p><span style=\"font-weight: 400;\">Bien que Milan soit une ville mill\u00e9naire, elle poss\u00e8de actuellement une zone tr\u00e8s moderne et en constante expansion. Parmi les points qui ressortent le plus, citons :\u00a0<\/span><\/p>\n<ul>\n<li aria-level=\"1\"><b>Porta Nueva.<\/b><\/li>\n<\/ul>\n<ul>\n<li aria-level=\"1\"><b>CityLife.<\/b><\/li>\n<\/ul>\n<ul>\n<li aria-level=\"1\"><b>La Piazza Alvar Aalto.<\/b><\/li>\n<\/ul>\n<ul>\n<li aria-level=\"1\"><b>Piazza Gae Aulenti et bien plus encore.\u00a0<\/b><\/li>\n<\/ul>\n<p><span style=\"font-weight: 400;\">Prenez votre appareil photo et d\u00e9tendez-vous, nous allons vous emmener dans les meilleurs endroits de Milan, la capitale de la mode.\u00a0<\/span><\/p>\n<p><span style=\"font-weight: 400;\">Il est judicieux d&#8217;inclure un <\/span><b>circuit priv\u00e9 de Milan \u00e0 Bologne <\/b><span style=\"font-weight: 400;\">dans vos journ\u00e9es de voyage en Italie, afin de pouvoir explorer une autre des villes les plus importantes de ce pays.\u00a0<\/span><\/p>\n<div id=\"gtx-trans\" style=\"position: absolute; left: -30px; top: 1251.69px;\">\n<div class=\"gtx-trans-icon\"><\/div>\n<\/div>\n","protected":false},"excerpt":{"rendered":"<p><span style=\"font-weight: 400;\">Faites une visite enti\u00e8rement personnalis\u00e9e de l&#8217;\u00e9tonnante ville de Milan, lors d&#8217;une visite priv\u00e9e pour voir les principaux sites de la capitale de la Lombardie, comme l&#8217;embl\u00e9matique cath\u00e9drale Duomo et le centre-ville. En outre, vous verrez la partie moderne de Milan et ses imposants gratte-ciel. La meilleure chose est que toute la visite se fera dans une voiture de luxe et en compagnie d&#8217;un guide priv\u00e9. <\/span><\/p>\n","protected":false},"featured_media":94833,"comment_status":"open","ping_status":"closed","template":"","meta":{"_acf_changed":false},"product_brand":[],"product_cat":[3700],"product_tag":[],"class_list":{"0":"post-101358","1":"product","2":"type-product","3":"status-publish","4":"has-post-thumbnail","6":"product_cat-milan-fr","8":"first","9":"instock","10":"shipping-taxable","11":"purchasable","12":"product-type-simple"},"acf":[],"yoast_head":"<!-- This site is optimized with the Yoast SEO Premium plugin v25.3.1 (Yoast SEO v25.3.1) - https:\/\/yoast.com\/wordpress\/plugins\/seo\/ -->\n<title>Tour de ville priv\u00e9 de Milan avec voiture de luxe et guide priv\u00e9 inclus | TTM<\/title>\n<meta name=\"description\" content=\"Vous souhaitez explorer la ville de Milan sous un angle diff\u00e9rent ? Profitez de ce tour de ville priv\u00e9 de Milan pour d\u00e9couvrir le centre ville, la cath\u00e9drale Duomo et la partie moderne de Milan dans une voiture de luxe confortable avec un guide priv\u00e9.\" \/>\n<meta name=\"robots\" content=\"index, follow, max-snippet:-1, max-image-preview:large, max-video-preview:-1\" \/>\n<link rel=\"canonical\" href=\"https:\/\/tourtravelandmore.com\/fr\/tours\/italie-fr\/milan-fr\/visite-privee-de-milan\/\" \/>\n<meta property=\"og:locale\" content=\"fr_FR\" \/>\n<meta property=\"og:type\" content=\"article\" \/>\n<meta property=\"og:title\" content=\"Visite priv\u00e9e de la ville de Milan\" \/>\n<meta property=\"og:description\" content=\"Vous souhaitez explorer la ville de Milan sous un angle diff\u00e9rent ? Profitez de ce tour de ville priv\u00e9 de Milan pour d\u00e9couvrir le centre ville, la cath\u00e9drale Duomo et la partie moderne de Milan dans une voiture de luxe confortable avec un guide priv\u00e9.\" \/>\n<meta property=\"og:url\" content=\"https:\/\/tourtravelandmore.com\/fr\/tours\/italie-fr\/milan-fr\/visite-privee-de-milan\/\" \/>\n<meta property=\"og:site_name\" content=\"Tour Travel And More\" \/>\n<meta property=\"article:publisher\" content=\"https:\/\/www.facebook.com\/tourtravelandmore\/\" \/>\n<meta property=\"article:modified_time\" content=\"2022-04-01T10:33:15+00:00\" \/>\n<meta property=\"og:image\" content=\"https:\/\/tourtravelandmore.com\/wp-content\/uploads\/2017\/02\/duomo-milan.jpg\" \/>\n\t<meta property=\"og:image:width\" content=\"960\" \/>\n\t<meta property=\"og:image:height\" content=\"639\" \/>\n\t<meta property=\"og:image:type\" content=\"image\/jpeg\" \/>\n<meta name=\"twitter:card\" content=\"summary_large_image\" \/>\n<meta name=\"twitter:site\" content=\"@TourTravel_More\" \/>\n<meta name=\"twitter:label1\" content=\"Dur\u00e9e de lecture estim\u00e9e\" \/>\n\t<meta name=\"twitter:data1\" content=\"3 minutes\" \/>\n<script type=\"application\/ld+json\" class=\"yoast-schema-graph\">{\"@context\":\"https:\/\/schema.org\",\"@graph\":[{\"@type\":\"WebPage\",\"@id\":\"https:\/\/tourtravelandmore.com\/fr\/tours\/italie-fr\/milan-fr\/visite-privee-de-milan\/\",\"url\":\"https:\/\/tourtravelandmore.com\/fr\/tours\/italie-fr\/milan-fr\/visite-privee-de-milan\/\",\"name\":\"Tour de ville priv\u00e9 de Milan avec voiture de luxe et guide priv\u00e9 inclus | TTM\",\"isPartOf\":{\"@id\":\"https:\/\/tourtravelandmore.com\/fr\/#website\"},\"primaryImageOfPage\":{\"@id\":\"https:\/\/tourtravelandmore.com\/fr\/tours\/italie-fr\/milan-fr\/visite-privee-de-milan\/#primaryimage\"},\"image\":{\"@id\":\"https:\/\/tourtravelandmore.com\/fr\/tours\/italie-fr\/milan-fr\/visite-privee-de-milan\/#primaryimage\"},\"thumbnailUrl\":\"https:\/\/tourtravelandmore.com\/wp-content\/uploads\/2017\/02\/duomo-milan.jpg\",\"datePublished\":\"2017-02-16T09:35:04+00:00\",\"dateModified\":\"2022-04-01T10:33:15+00:00\",\"description\":\"Vous souhaitez explorer la ville de Milan sous un angle diff\u00e9rent ? Profitez de ce tour de ville priv\u00e9 de Milan pour d\u00e9couvrir le centre ville, la cath\u00e9drale Duomo et la partie moderne de Milan dans une voiture de luxe confortable avec un guide priv\u00e9.\",\"breadcrumb\":{\"@id\":\"https:\/\/tourtravelandmore.com\/fr\/tours\/italie-fr\/milan-fr\/visite-privee-de-milan\/#breadcrumb\"},\"inLanguage\":\"fr-FR\",\"potentialAction\":[{\"@type\":\"ReadAction\",\"target\":[\"https:\/\/tourtravelandmore.com\/fr\/tours\/italie-fr\/milan-fr\/visite-privee-de-milan\/\"]}]},{\"@type\":\"ImageObject\",\"inLanguage\":\"fr-FR\",\"@id\":\"https:\/\/tourtravelandmore.com\/fr\/tours\/italie-fr\/milan-fr\/visite-privee-de-milan\/#primaryimage\",\"url\":\"https:\/\/tourtravelandmore.com\/wp-content\/uploads\/2017\/02\/duomo-milan.jpg\",\"contentUrl\":\"https:\/\/tourtravelandmore.com\/wp-content\/uploads\/2017\/02\/duomo-milan.jpg\",\"width\":960,\"height\":639},{\"@type\":\"BreadcrumbList\",\"@id\":\"https:\/\/tourtravelandmore.com\/fr\/tours\/italie-fr\/milan-fr\/visite-privee-de-milan\/#breadcrumb\",\"itemListElement\":[{\"@type\":\"ListItem\",\"position\":1,\"name\":\"Home\",\"item\":\"https:\/\/tourtravelandmore.com\/fr\/\"},{\"@type\":\"ListItem\",\"position\":2,\"name\":\"Tours\",\"item\":\"https:\/\/tourtravelandmore.com\/fr\/tours\/\"},{\"@type\":\"ListItem\",\"position\":3,\"name\":\"Visite priv\u00e9e de la ville de Milan\"}]},{\"@type\":\"WebSite\",\"@id\":\"https:\/\/tourtravelandmore.com\/fr\/#website\",\"url\":\"https:\/\/tourtravelandmore.com\/fr\/\",\"name\":\"Tour Travel And More\",\"description\":\"Private sightseeing tours and luxury transfers in Spain\",\"publisher\":{\"@id\":\"https:\/\/tourtravelandmore.com\/fr\/#organization\"},\"potentialAction\":[{\"@type\":\"SearchAction\",\"target\":{\"@type\":\"EntryPoint\",\"urlTemplate\":\"https:\/\/tourtravelandmore.com\/fr\/?s={search_term_string}\"},\"query-input\":{\"@type\":\"PropertyValueSpecification\",\"valueRequired\":true,\"valueName\":\"search_term_string\"}}],\"inLanguage\":\"fr-FR\"},{\"@type\":\"Organization\",\"@id\":\"https:\/\/tourtravelandmore.com\/fr\/#organization\",\"name\":\"Tour Travel And More\",\"url\":\"https:\/\/tourtravelandmore.com\/fr\/\",\"logo\":{\"@type\":\"ImageObject\",\"inLanguage\":\"fr-FR\",\"@id\":\"https:\/\/tourtravelandmore.com\/fr\/#\/schema\/logo\/image\/\",\"url\":\"https:\/\/tourtravelandmore.com\/wp-content\/uploads\/2022\/12\/cropped-logo-cabecera-new.png\",\"contentUrl\":\"https:\/\/tourtravelandmore.com\/wp-content\/uploads\/2022\/12\/cropped-logo-cabecera-new.png\",\"width\":430,\"height\":61,\"caption\":\"Tour Travel And More\"},\"image\":{\"@id\":\"https:\/\/tourtravelandmore.com\/fr\/#\/schema\/logo\/image\/\"},\"sameAs\":[\"https:\/\/www.facebook.com\/tourtravelandmore\/\",\"https:\/\/x.com\/TourTravel_More\"]}]}<\/script>\n<!-- \/ Yoast SEO Premium plugin. -->","yoast_head_json":{"title":"Tour de ville priv\u00e9 de Milan avec voiture de luxe et guide priv\u00e9 inclus | TTM","description":"Vous souhaitez explorer la ville de Milan sous un angle diff\u00e9rent ? Profitez de ce tour de ville priv\u00e9 de Milan pour d\u00e9couvrir le centre ville, la cath\u00e9drale Duomo et la partie moderne de Milan dans une voiture de luxe confortable avec un guide priv\u00e9.","robots":{"index":"index","follow":"follow","max-snippet":"max-snippet:-1","max-image-preview":"max-image-preview:large","max-video-preview":"max-video-preview:-1"},"canonical":"https:\/\/tourtravelandmore.com\/fr\/tours\/italie-fr\/milan-fr\/visite-privee-de-milan\/","og_locale":"fr_FR","og_type":"article","og_title":"Visite priv\u00e9e de la ville de Milan","og_description":"Vous souhaitez explorer la ville de Milan sous un angle diff\u00e9rent ? Profitez de ce tour de ville priv\u00e9 de Milan pour d\u00e9couvrir le centre ville, la cath\u00e9drale Duomo et la partie moderne de Milan dans une voiture de luxe confortable avec un guide priv\u00e9.","og_url":"https:\/\/tourtravelandmore.com\/fr\/tours\/italie-fr\/milan-fr\/visite-privee-de-milan\/","og_site_name":"Tour Travel And More","article_publisher":"https:\/\/www.facebook.com\/tourtravelandmore\/","article_modified_time":"2022-04-01T10:33:15+00:00","og_image":[{"width":960,"height":639,"url":"https:\/\/tourtravelandmore.com\/wp-content\/uploads\/2017\/02\/duomo-milan.jpg","type":"image\/jpeg"}],"twitter_card":"summary_large_image","twitter_site":"@TourTravel_More","twitter_misc":{"Dur\u00e9e de lecture estim\u00e9e":"3 minutes"},"schema":{"@context":"https:\/\/schema.org","@graph":[{"@type":"WebPage","@id":"https:\/\/tourtravelandmore.com\/fr\/tours\/italie-fr\/milan-fr\/visite-privee-de-milan\/","url":"https:\/\/tourtravelandmore.com\/fr\/tours\/italie-fr\/milan-fr\/visite-privee-de-milan\/","name":"Tour de ville priv\u00e9 de Milan avec voiture de luxe et guide priv\u00e9 inclus | TTM","isPartOf":{"@id":"https:\/\/tourtravelandmore.com\/fr\/#website"},"primaryImageOfPage":{"@id":"https:\/\/tourtravelandmore.com\/fr\/tours\/italie-fr\/milan-fr\/visite-privee-de-milan\/#primaryimage"},"image":{"@id":"https:\/\/tourtravelandmore.com\/fr\/tours\/italie-fr\/milan-fr\/visite-privee-de-milan\/#primaryimage"},"thumbnailUrl":"https:\/\/tourtravelandmore.com\/wp-content\/uploads\/2017\/02\/duomo-milan.jpg","datePublished":"2017-02-16T09:35:04+00:00","dateModified":"2022-04-01T10:33:15+00:00","description":"Vous souhaitez explorer la ville de Milan sous un angle diff\u00e9rent ? Profitez de ce tour de ville priv\u00e9 de Milan pour d\u00e9couvrir le centre ville, la cath\u00e9drale Duomo et la partie moderne de Milan dans une voiture de luxe confortable avec un guide priv\u00e9.","breadcrumb":{"@id":"https:\/\/tourtravelandmore.com\/fr\/tours\/italie-fr\/milan-fr\/visite-privee-de-milan\/#breadcrumb"},"inLanguage":"fr-FR","potentialAction":[{"@type":"ReadAction","target":["https:\/\/tourtravelandmore.com\/fr\/tours\/italie-fr\/milan-fr\/visite-privee-de-milan\/"]}]},{"@type":"ImageObject","inLanguage":"fr-FR","@id":"https:\/\/tourtravelandmore.com\/fr\/tours\/italie-fr\/milan-fr\/visite-privee-de-milan\/#primaryimage","url":"https:\/\/tourtravelandmore.com\/wp-content\/uploads\/2017\/02\/duomo-milan.jpg","contentUrl":"https:\/\/tourtravelandmore.com\/wp-content\/uploads\/2017\/02\/duomo-milan.jpg","width":960,"height":639},{"@type":"BreadcrumbList","@id":"https:\/\/tourtravelandmore.com\/fr\/tours\/italie-fr\/milan-fr\/visite-privee-de-milan\/#breadcrumb","itemListElement":[{"@type":"ListItem","position":1,"name":"Home","item":"https:\/\/tourtravelandmore.com\/fr\/"},{"@type":"ListItem","position":2,"name":"Tours","item":"https:\/\/tourtravelandmore.com\/fr\/tours\/"},{"@type":"ListItem","position":3,"name":"Visite priv\u00e9e de la ville de Milan"}]},{"@type":"WebSite","@id":"https:\/\/tourtravelandmore.com\/fr\/#website","url":"https:\/\/tourtravelandmore.com\/fr\/","name":"Tour Travel And More","description":"Private sightseeing tours and luxury transfers in Spain","publisher":{"@id":"https:\/\/tourtravelandmore.com\/fr\/#organization"},"potentialAction":[{"@type":"SearchAction","target":{"@type":"EntryPoint","urlTemplate":"https:\/\/tourtravelandmore.com\/fr\/?s={search_term_string}"},"query-input":{"@type":"PropertyValueSpecification","valueRequired":true,"valueName":"search_term_string"}}],"inLanguage":"fr-FR"},{"@type":"Organization","@id":"https:\/\/tourtravelandmore.com\/fr\/#organization","name":"Tour Travel And More","url":"https:\/\/tourtravelandmore.com\/fr\/","logo":{"@type":"ImageObject","inLanguage":"fr-FR","@id":"https:\/\/tourtravelandmore.com\/fr\/#\/schema\/logo\/image\/","url":"https:\/\/tourtravelandmore.com\/wp-content\/uploads\/2022\/12\/cropped-logo-cabecera-new.png","contentUrl":"https:\/\/tourtravelandmore.com\/wp-content\/uploads\/2022\/12\/cropped-logo-cabecera-new.png","width":430,"height":61,"caption":"Tour Travel And More"},"image":{"@id":"https:\/\/tourtravelandmore.com\/fr\/#\/schema\/logo\/image\/"},"sameAs":["https:\/\/www.facebook.com\/tourtravelandmore\/","https:\/\/x.com\/TourTravel_More"]}]}},"_links":{"self":[{"href":"https:\/\/tourtravelandmore.com\/fr\/wp-json\/wp\/v2\/product\/101358","targetHints":{"allow":["GET"]}}],"collection":[{"href":"https:\/\/tourtravelandmore.com\/fr\/wp-json\/wp\/v2\/product"}],"about":[{"href":"https:\/\/tourtravelandmore.com\/fr\/wp-json\/wp\/v2\/types\/product"}],"replies":[{"embeddable":true,"href":"https:\/\/tourtravelandmore.com\/fr\/wp-json\/wp\/v2\/comments?post=101358"}],"wp:featuredmedia":[{"embeddable":true,"href":"https:\/\/tourtravelandmore.com\/fr\/wp-json\/wp\/v2\/media\/94833"}],"wp:attachment":[{"href":"https:\/\/tourtravelandmore.com\/fr\/wp-json\/wp\/v2\/media?parent=101358"}],"wp:term":[{"taxonomy":"product_brand","embeddable":true,"href":"https:\/\/tourtravelandmore.com\/fr\/wp-json\/wp\/v2\/product_brand?post=101358"},{"taxonomy":"product_cat","embeddable":true,"href":"https:\/\/tourtravelandmore.com\/fr\/wp-json\/wp\/v2\/product_cat?post=101358"},{"taxonomy":"product_tag","embeddable":true,"href":"https:\/\/tourtravelandmore.com\/fr\/wp-json\/wp\/v2\/product_tag?post=101358"}],"curies":[{"name":"wp","href":"https:\/\/api.w.org\/{rel}","templated":true}]}}