{"id":101353,"date":"2018-03-05T13:36:46","date_gmt":"2018-03-05T12:36:46","guid":{"rendered":"https:\/\/tourtravelandmore.com\/tours\/non%20class\u00e9\/visite-privee-a-cannes-et-antibes-avec-chauffeur-guide-prive\/"},"modified":"2025-06-03T22:17:05","modified_gmt":"2025-06-03T20:17:05","slug":"visite-privee-a-cannes-et-antibes-avec-chauffeur-guide-prive","status":"publish","type":"product","link":"https:\/\/tourtravelandmore.com\/fr\/tours\/france-fr\/nice-fr\/visite-privee-a-cannes-et-antibes-avec-chauffeur-guide-prive\/","title":{"rendered":"Visite priv\u00e9e de Cannes, Antibes et Juan-les-Pins"},"content":{"rendered":"<h2><strong>Description<\/strong><\/h2>\n<p>Embarquez pour une visite priv\u00e9e inoubliable de 8 heures \u00e0 la d\u00e9couverte de trois des joyaux c\u00f4tiers les plus embl\u00e9matiques de la C\u00f4te d&#8217;Azur : Cannes, Antibes et Juan-les-Pins. Avec votre chauffeur-guide priv\u00e9 (pour un maximum de 8 personnes) ou votre chauffeur d\u00e9di\u00e9 et votre guide professionnel (pour les groupes de 9 \u00e0 15 personnes), profitez de la flexibilit\u00e9 et du confort d&#8217;une exp\u00e9rience sur mesure avec prise en charge et retour \u00e0 votre h\u00e9bergement ou au port de croisi\u00e8re.<\/p>\n<p>Nous vous aiderons \u00e0 organiser votre exp\u00e9rience enti\u00e8rement personnalis\u00e9e et unique. Votre chauffeur\/guide vous accompagnera tout au long du trajet, de la prise en charge au retour, et vous fera d\u00e9couvrir les plus beaux sites de la C\u00f4te d&#8217;Azur.<\/p>\n<h2><strong>Visite priv\u00e9e de Cannes, Antibes et Juan-les-Pins | Points d&#8217;int\u00e9r\u00eat et sites touristiques<\/strong><\/h2>\n<p>Commencez votre voyage \u00e0 Cannes, ville de renomm\u00e9e internationale pour son glamour, ses boutiques de luxe et la c\u00e9l\u00e8bre promenade de la Croisette. Promenez-vous dans la vieille ville du Suquet et admirez la vue panoramique sur la baie.<\/p>\n<p>Rendez-vous ensuite dans la charmante ville d&#8217;Antibes, qui abrite l&#8217;un des plus beaux ports de plaisance de la M\u00e9diterran\u00e9e. D\u00e9couvrez la vieille ville pleine de charme, promenez-vous le long des remparts du XVIe si\u00e8cle et profitez du march\u00e9 proven\u00e7al anim\u00e9 (ouvert certains jours).<\/p>\n<p>Poursuivez votre exp\u00e9rience sur la C\u00f4te d&#8217;Azur \u00e0 Juan-les-Pins, une station baln\u00e9aire chic r\u00e9put\u00e9e pour son architecture Art d\u00e9co et ses plages de sable fin. Profitez d&#8217;une promenade relaxante le long du front de mer, explorez ses boutiques ou sirotez un caf\u00e9 dans l&#8217;un de ses caf\u00e9s \u00e9l\u00e9gants.<\/p>\n<ul>\n<li>\u2705 Visite priv\u00e9e de 8 heures avec itin\u00e9raire flexible<\/li>\n<li>\u2705 Prise en charge et retour \u00e0 votre h\u00f4tel, villa ou port de croisi\u00e8re<\/li>\n<li>\u2705 D\u00e9couvrez le charme de Cannes et son c\u00e9l\u00e8bre Palais des Festivals<\/li>\n<li>\u2705 Promenez-vous sur les remparts et dans la vieille ville d&#8217;Antibes<\/li>\n<li>\u2705 Explorez l&#8217;\u00e9l\u00e9gance c\u00f4ti\u00e8re d\u00e9contract\u00e9e de Juan-les-Pins<\/li>\n<li>\u2705 Profitez de routes panoramiques sans frais d&#8217;entr\u00e9e<\/li>\n<li>\u2705 Chauffeur\/guide expert pour 8 personnes maximum | Chauffeur + guide agr\u00e9\u00e9 pour 9 \u00e0 15 personnes<\/li>\n<\/ul>\n<p>Tout au long de la journ\u00e9e, votre guide vous fera d\u00e9couvrir l&#8217;histoire, la culture et les secrets de la C\u00f4te d&#8217;Azur, tandis que vous voyagerez confortablement et en toute intimit\u00e9 le long de l&#8217;un des plus beaux littoraux d&#8217;Europe.<\/p>\n","protected":false},"excerpt":{"rendered":"<p>Embarquez pour une visite priv\u00e9e inoubliable de 8 heures \u00e0 la d\u00e9couverte de trois des joyaux c\u00f4tiers les plus embl\u00e9matiques de la C\u00f4te d&#8217;Azur : Cannes, Antibes et Juan-les-Pins. Avec votre chauffeur-guide priv\u00e9 (pour un maximum de 8 personnes) ou votre chauffeur d\u00e9di\u00e9 et votre guide professionnel (pour les groupes de 9 \u00e0 15 personnes), profitez de la flexibilit\u00e9 et du confort d&#8217;une exp\u00e9rience sur mesure avec prise en charge et retour \u00e0 votre h\u00e9bergement ou au port de croisi\u00e8re.<\/p>\n","protected":false},"featured_media":94746,"comment_status":"open","ping_status":"closed","template":"","meta":{"_acf_changed":false},"product_brand":[],"product_cat":[5533,5532,3694],"product_tag":[],"class_list":{"0":"post-101353","1":"product","2":"type-product","3":"status-publish","4":"has-post-thumbnail","6":"product_cat-all-private-tours-activities-fr-40","7":"product_cat-private-sightseeing-tours-fr-49","8":"product_cat-nice-fr","10":"first","11":"instock","12":"shipping-taxable","13":"purchasable","14":"product-type-simple"},"acf":[],"yoast_head":"<!-- This site is optimized with the Yoast SEO Premium plugin v25.3.1 (Yoast SEO v25.3.1) - https:\/\/yoast.com\/wordpress\/plugins\/seo\/ -->\n<title>Visite priv\u00e9e de Cannes, Antibes et Juan-les-Pins<\/title>\n<meta name=\"description\" content=\"Apprenez \u00e0 conna\u00eetre l&#039;une des villes les plus populaires et les plus belles du sud de la France lors d&#039;une visite priv\u00e9e de Cannes et Antibes avec un chauffeur \/ guide local\" \/>\n<meta name=\"robots\" content=\"index, follow, max-snippet:-1, max-image-preview:large, max-video-preview:-1\" \/>\n<link rel=\"canonical\" href=\"https:\/\/tourtravelandmore.com\/fr\/tours\/france-fr\/nice-fr\/visite-privee-a-cannes-et-antibes-avec-chauffeur-guide-prive\/\" \/>\n<meta property=\"og:locale\" content=\"fr_FR\" \/>\n<meta property=\"og:type\" content=\"article\" \/>\n<meta property=\"og:title\" content=\"Visite priv\u00e9e de Cannes, Antibes et Juan-les-Pins\" \/>\n<meta property=\"og:description\" content=\"Apprenez \u00e0 conna\u00eetre l&#039;une des villes les plus populaires et les plus belles du sud de la France lors d&#039;une visite priv\u00e9e de Cannes et Antibes avec un chauffeur \/ guide local\" \/>\n<meta property=\"og:url\" content=\"https:\/\/tourtravelandmore.com\/fr\/tours\/france-fr\/nice-fr\/visite-privee-a-cannes-et-antibes-avec-chauffeur-guide-prive\/\" \/>\n<meta property=\"og:site_name\" content=\"Tour Travel And More\" \/>\n<meta property=\"article:publisher\" content=\"https:\/\/www.facebook.com\/tourtravelandmore\/\" \/>\n<meta property=\"article:modified_time\" content=\"2025-06-03T20:17:05+00:00\" \/>\n<meta property=\"og:image\" content=\"https:\/\/tourtravelandmore.com\/wp-content\/uploads\/2018\/03\/Cannes.jpg\" \/>\n\t<meta property=\"og:image:width\" content=\"960\" \/>\n\t<meta property=\"og:image:height\" content=\"710\" \/>\n\t<meta property=\"og:image:type\" content=\"image\/jpeg\" \/>\n<meta name=\"twitter:card\" content=\"summary_large_image\" \/>\n<meta name=\"twitter:site\" content=\"@TourTravel_More\" \/>\n<meta name=\"twitter:label1\" content=\"Dur\u00e9e de lecture estim\u00e9e\" \/>\n\t<meta name=\"twitter:data1\" content=\"2 minutes\" \/>\n<script type=\"application\/ld+json\" class=\"yoast-schema-graph\">{\"@context\":\"https:\/\/schema.org\",\"@graph\":[{\"@type\":\"WebPage\",\"@id\":\"https:\/\/tourtravelandmore.com\/fr\/tours\/france-fr\/nice-fr\/visite-privee-a-cannes-et-antibes-avec-chauffeur-guide-prive\/\",\"url\":\"https:\/\/tourtravelandmore.com\/fr\/tours\/france-fr\/nice-fr\/visite-privee-a-cannes-et-antibes-avec-chauffeur-guide-prive\/\",\"name\":\"Visite priv\u00e9e de Cannes, Antibes et Juan-les-Pins\",\"isPartOf\":{\"@id\":\"https:\/\/tourtravelandmore.com\/fr\/#website\"},\"primaryImageOfPage\":{\"@id\":\"https:\/\/tourtravelandmore.com\/fr\/tours\/france-fr\/nice-fr\/visite-privee-a-cannes-et-antibes-avec-chauffeur-guide-prive\/#primaryimage\"},\"image\":{\"@id\":\"https:\/\/tourtravelandmore.com\/fr\/tours\/france-fr\/nice-fr\/visite-privee-a-cannes-et-antibes-avec-chauffeur-guide-prive\/#primaryimage\"},\"thumbnailUrl\":\"https:\/\/tourtravelandmore.com\/wp-content\/uploads\/2018\/03\/Cannes.jpg\",\"datePublished\":\"2018-03-05T12:36:46+00:00\",\"dateModified\":\"2025-06-03T20:17:05+00:00\",\"description\":\"Apprenez \u00e0 conna\u00eetre l'une des villes les plus populaires et les plus belles du sud de la France lors d'une visite priv\u00e9e de Cannes et Antibes avec un chauffeur \/ guide local\",\"breadcrumb\":{\"@id\":\"https:\/\/tourtravelandmore.com\/fr\/tours\/france-fr\/nice-fr\/visite-privee-a-cannes-et-antibes-avec-chauffeur-guide-prive\/#breadcrumb\"},\"inLanguage\":\"fr-FR\",\"potentialAction\":[{\"@type\":\"ReadAction\",\"target\":[\"https:\/\/tourtravelandmore.com\/fr\/tours\/france-fr\/nice-fr\/visite-privee-a-cannes-et-antibes-avec-chauffeur-guide-prive\/\"]}]},{\"@type\":\"ImageObject\",\"inLanguage\":\"fr-FR\",\"@id\":\"https:\/\/tourtravelandmore.com\/fr\/tours\/france-fr\/nice-fr\/visite-privee-a-cannes-et-antibes-avec-chauffeur-guide-prive\/#primaryimage\",\"url\":\"https:\/\/tourtravelandmore.com\/wp-content\/uploads\/2018\/03\/Cannes.jpg\",\"contentUrl\":\"https:\/\/tourtravelandmore.com\/wp-content\/uploads\/2018\/03\/Cannes.jpg\",\"width\":960,\"height\":710},{\"@type\":\"BreadcrumbList\",\"@id\":\"https:\/\/tourtravelandmore.com\/fr\/tours\/france-fr\/nice-fr\/visite-privee-a-cannes-et-antibes-avec-chauffeur-guide-prive\/#breadcrumb\",\"itemListElement\":[{\"@type\":\"ListItem\",\"position\":1,\"name\":\"Home\",\"item\":\"https:\/\/tourtravelandmore.com\/fr\/\"},{\"@type\":\"ListItem\",\"position\":2,\"name\":\"Tours\",\"item\":\"https:\/\/tourtravelandmore.com\/fr\/tours\/\"},{\"@type\":\"ListItem\",\"position\":3,\"name\":\"Visite priv\u00e9e de Cannes, Antibes et Juan-les-Pins\"}]},{\"@type\":\"WebSite\",\"@id\":\"https:\/\/tourtravelandmore.com\/fr\/#website\",\"url\":\"https:\/\/tourtravelandmore.com\/fr\/\",\"name\":\"Tour Travel And More\",\"description\":\"Private sightseeing tours and luxury transfers in Spain\",\"publisher\":{\"@id\":\"https:\/\/tourtravelandmore.com\/fr\/#organization\"},\"potentialAction\":[{\"@type\":\"SearchAction\",\"target\":{\"@type\":\"EntryPoint\",\"urlTemplate\":\"https:\/\/tourtravelandmore.com\/fr\/?s={search_term_string}\"},\"query-input\":{\"@type\":\"PropertyValueSpecification\",\"valueRequired\":true,\"valueName\":\"search_term_string\"}}],\"inLanguage\":\"fr-FR\"},{\"@type\":\"Organization\",\"@id\":\"https:\/\/tourtravelandmore.com\/fr\/#organization\",\"name\":\"Tour Travel And More\",\"url\":\"https:\/\/tourtravelandmore.com\/fr\/\",\"logo\":{\"@type\":\"ImageObject\",\"inLanguage\":\"fr-FR\",\"@id\":\"https:\/\/tourtravelandmore.com\/fr\/#\/schema\/logo\/image\/\",\"url\":\"https:\/\/tourtravelandmore.com\/wp-content\/uploads\/2022\/12\/cropped-logo-cabecera-new.png\",\"contentUrl\":\"https:\/\/tourtravelandmore.com\/wp-content\/uploads\/2022\/12\/cropped-logo-cabecera-new.png\",\"width\":430,\"height\":61,\"caption\":\"Tour Travel And More\"},\"image\":{\"@id\":\"https:\/\/tourtravelandmore.com\/fr\/#\/schema\/logo\/image\/\"},\"sameAs\":[\"https:\/\/www.facebook.com\/tourtravelandmore\/\",\"https:\/\/x.com\/TourTravel_More\"]}]}<\/script>\n<!-- \/ Yoast SEO Premium plugin. -->","yoast_head_json":{"title":"Visite priv\u00e9e de Cannes, Antibes et Juan-les-Pins","description":"Apprenez \u00e0 conna\u00eetre l'une des villes les plus populaires et les plus belles du sud de la France lors d'une visite priv\u00e9e de Cannes et Antibes avec un chauffeur \/ guide local","robots":{"index":"index","follow":"follow","max-snippet":"max-snippet:-1","max-image-preview":"max-image-preview:large","max-video-preview":"max-video-preview:-1"},"canonical":"https:\/\/tourtravelandmore.com\/fr\/tours\/france-fr\/nice-fr\/visite-privee-a-cannes-et-antibes-avec-chauffeur-guide-prive\/","og_locale":"fr_FR","og_type":"article","og_title":"Visite priv\u00e9e de Cannes, Antibes et Juan-les-Pins","og_description":"Apprenez \u00e0 conna\u00eetre l'une des villes les plus populaires et les plus belles du sud de la France lors d'une visite priv\u00e9e de Cannes et Antibes avec un chauffeur \/ guide local","og_url":"https:\/\/tourtravelandmore.com\/fr\/tours\/france-fr\/nice-fr\/visite-privee-a-cannes-et-antibes-avec-chauffeur-guide-prive\/","og_site_name":"Tour Travel And More","article_publisher":"https:\/\/www.facebook.com\/tourtravelandmore\/","article_modified_time":"2025-06-03T20:17:05+00:00","og_image":[{"width":960,"height":710,"url":"https:\/\/tourtravelandmore.com\/wp-content\/uploads\/2018\/03\/Cannes.jpg","type":"image\/jpeg"}],"twitter_card":"summary_large_image","twitter_site":"@TourTravel_More","twitter_misc":{"Dur\u00e9e de lecture estim\u00e9e":"2 minutes"},"schema":{"@context":"https:\/\/schema.org","@graph":[{"@type":"WebPage","@id":"https:\/\/tourtravelandmore.com\/fr\/tours\/france-fr\/nice-fr\/visite-privee-a-cannes-et-antibes-avec-chauffeur-guide-prive\/","url":"https:\/\/tourtravelandmore.com\/fr\/tours\/france-fr\/nice-fr\/visite-privee-a-cannes-et-antibes-avec-chauffeur-guide-prive\/","name":"Visite priv\u00e9e de Cannes, Antibes et Juan-les-Pins","isPartOf":{"@id":"https:\/\/tourtravelandmore.com\/fr\/#website"},"primaryImageOfPage":{"@id":"https:\/\/tourtravelandmore.com\/fr\/tours\/france-fr\/nice-fr\/visite-privee-a-cannes-et-antibes-avec-chauffeur-guide-prive\/#primaryimage"},"image":{"@id":"https:\/\/tourtravelandmore.com\/fr\/tours\/france-fr\/nice-fr\/visite-privee-a-cannes-et-antibes-avec-chauffeur-guide-prive\/#primaryimage"},"thumbnailUrl":"https:\/\/tourtravelandmore.com\/wp-content\/uploads\/2018\/03\/Cannes.jpg","datePublished":"2018-03-05T12:36:46+00:00","dateModified":"2025-06-03T20:17:05+00:00","description":"Apprenez \u00e0 conna\u00eetre l'une des villes les plus populaires et les plus belles du sud de la France lors d'une visite priv\u00e9e de Cannes et Antibes avec un chauffeur \/ guide local","breadcrumb":{"@id":"https:\/\/tourtravelandmore.com\/fr\/tours\/france-fr\/nice-fr\/visite-privee-a-cannes-et-antibes-avec-chauffeur-guide-prive\/#breadcrumb"},"inLanguage":"fr-FR","potentialAction":[{"@type":"ReadAction","target":["https:\/\/tourtravelandmore.com\/fr\/tours\/france-fr\/nice-fr\/visite-privee-a-cannes-et-antibes-avec-chauffeur-guide-prive\/"]}]},{"@type":"ImageObject","inLanguage":"fr-FR","@id":"https:\/\/tourtravelandmore.com\/fr\/tours\/france-fr\/nice-fr\/visite-privee-a-cannes-et-antibes-avec-chauffeur-guide-prive\/#primaryimage","url":"https:\/\/tourtravelandmore.com\/wp-content\/uploads\/2018\/03\/Cannes.jpg","contentUrl":"https:\/\/tourtravelandmore.com\/wp-content\/uploads\/2018\/03\/Cannes.jpg","width":960,"height":710},{"@type":"BreadcrumbList","@id":"https:\/\/tourtravelandmore.com\/fr\/tours\/france-fr\/nice-fr\/visite-privee-a-cannes-et-antibes-avec-chauffeur-guide-prive\/#breadcrumb","itemListElement":[{"@type":"ListItem","position":1,"name":"Home","item":"https:\/\/tourtravelandmore.com\/fr\/"},{"@type":"ListItem","position":2,"name":"Tours","item":"https:\/\/tourtravelandmore.com\/fr\/tours\/"},{"@type":"ListItem","position":3,"name":"Visite priv\u00e9e de Cannes, Antibes et Juan-les-Pins"}]},{"@type":"WebSite","@id":"https:\/\/tourtravelandmore.com\/fr\/#website","url":"https:\/\/tourtravelandmore.com\/fr\/","name":"Tour Travel And More","description":"Private sightseeing tours and luxury transfers in Spain","publisher":{"@id":"https:\/\/tourtravelandmore.com\/fr\/#organization"},"potentialAction":[{"@type":"SearchAction","target":{"@type":"EntryPoint","urlTemplate":"https:\/\/tourtravelandmore.com\/fr\/?s={search_term_string}"},"query-input":{"@type":"PropertyValueSpecification","valueRequired":true,"valueName":"search_term_string"}}],"inLanguage":"fr-FR"},{"@type":"Organization","@id":"https:\/\/tourtravelandmore.com\/fr\/#organization","name":"Tour Travel And More","url":"https:\/\/tourtravelandmore.com\/fr\/","logo":{"@type":"ImageObject","inLanguage":"fr-FR","@id":"https:\/\/tourtravelandmore.com\/fr\/#\/schema\/logo\/image\/","url":"https:\/\/tourtravelandmore.com\/wp-content\/uploads\/2022\/12\/cropped-logo-cabecera-new.png","contentUrl":"https:\/\/tourtravelandmore.com\/wp-content\/uploads\/2022\/12\/cropped-logo-cabecera-new.png","width":430,"height":61,"caption":"Tour Travel And More"},"image":{"@id":"https:\/\/tourtravelandmore.com\/fr\/#\/schema\/logo\/image\/"},"sameAs":["https:\/\/www.facebook.com\/tourtravelandmore\/","https:\/\/x.com\/TourTravel_More"]}]}},"_links":{"self":[{"href":"https:\/\/tourtravelandmore.com\/fr\/wp-json\/wp\/v2\/product\/101353","targetHints":{"allow":["GET"]}}],"collection":[{"href":"https:\/\/tourtravelandmore.com\/fr\/wp-json\/wp\/v2\/product"}],"about":[{"href":"https:\/\/tourtravelandmore.com\/fr\/wp-json\/wp\/v2\/types\/product"}],"replies":[{"embeddable":true,"href":"https:\/\/tourtravelandmore.com\/fr\/wp-json\/wp\/v2\/comments?post=101353"}],"wp:featuredmedia":[{"embeddable":true,"href":"https:\/\/tourtravelandmore.com\/fr\/wp-json\/wp\/v2\/media\/94746"}],"wp:attachment":[{"href":"https:\/\/tourtravelandmore.com\/fr\/wp-json\/wp\/v2\/media?parent=101353"}],"wp:term":[{"taxonomy":"product_brand","embeddable":true,"href":"https:\/\/tourtravelandmore.com\/fr\/wp-json\/wp\/v2\/product_brand?post=101353"},{"taxonomy":"product_cat","embeddable":true,"href":"https:\/\/tourtravelandmore.com\/fr\/wp-json\/wp\/v2\/product_cat?post=101353"},{"taxonomy":"product_tag","embeddable":true,"href":"https:\/\/tourtravelandmore.com\/fr\/wp-json\/wp\/v2\/product_tag?post=101353"}],"curies":[{"name":"wp","href":"https:\/\/api.w.org\/{rel}","templated":true}]}}