{"id":101348,"date":"2018-03-05T13:19:49","date_gmt":"2018-03-05T12:19:49","guid":{"rendered":"https:\/\/tourtravelandmore.com\/tours\/non%20class\u00e9\/visite-privee-a-monaco-au-depart-de-nice-avec-chauffeur-guide\/"},"modified":"2025-06-04T18:26:45","modified_gmt":"2025-06-04T16:26:45","slug":"visite-privee-a-monaco-au-depart-de-nice-avec-chauffeur-guide","status":"publish","type":"product","link":"https:\/\/tourtravelandmore.com\/fr\/tours\/france-fr\/nice-fr\/visite-privee-a-monaco-au-depart-de-nice-avec-chauffeur-guide\/","title":{"rendered":"Visite priv\u00e9e de Monaco et Menton au d\u00e9part de Nice avec chauffeur\/guide"},"content":{"rendered":"<h2><strong>Description<\/strong><\/h2>\n<p>D\u00e9couvrez l&#8217;\u00e9l\u00e9gance de la C\u00f4te d&#8217;Azur lors de cette excursion priv\u00e9e d&#8217;une journ\u00e9e \u00e0 Monaco et Menton au d\u00e9part de Nice, accompagn\u00e9e de votre propre chauffeur-guide priv\u00e9. Con\u00e7ue pour vous offrir une exp\u00e9rience personnalis\u00e9e, cette excursion de 8 heures allie le glamour de Monaco \u00e0 la tranquillit\u00e9 charmante de Menton, sans frais d&#8217;entr\u00e9e ni longues files d&#8217;attente.<\/p>\n<p>Nous viendrons vous chercher \u00e0 votre h\u00f4tel ou \u00e0 l&#8217;endroit de votre choix \u00e0 Nice et vous emm\u00e8nerons pour une visite priv\u00e9e de Monaco et Menton.<\/p>\n<p>Nous pouvons organiser votre prise en charge \u00e0 Cannes, Nice, Villefranche-sur-Mer et dans les environs.<\/p>\n<p>Contactez-nous, notre \u00e9quipe d&#8217;experts vous aidera \u00e0 organiser une exp\u00e9rience personnalis\u00e9e et unique \u00e0 Monaco. Votre chauffeur\/guide vous accompagnera tout au long du trajet, de la prise en charge au retour, vous racontera l&#8217;histoire et vous montrera les meilleurs endroits de la ville.<\/p>\n<p>Cette visite est flexible et adapt\u00e9e \u00e0 votre groupe. Pour les groupes jusqu&#8217;\u00e0 8 passagers, votre chauffeur priv\u00e9 fait \u00e9galement office de guide. Pour les groupes plus importants (9 \u00e0 15 personnes), vous disposerez d&#8217;un chauffeur d\u00e9di\u00e9 et d&#8217;un guide agr\u00e9\u00e9 afin de vous garantir une exp\u00e9rience de qualit\u00e9.<\/p>\n<h2><strong>Visite priv\u00e9e de Monaco et Menton au d\u00e9part de Nice avec chauffeur\/guide | Points d&#8217;int\u00e9r\u00eat et sites touristiques<\/strong><\/h2>\n<p>Au d\u00e9part de votre h\u00e9bergement \u00e0 Nice, vous profiterez d&#8217;une route panoramique le long de la <b>Corniche<\/b>, avec une vue imprenable sur la M\u00e9diterran\u00e9e. Votre premier arr\u00eat sera <b>Monaco<\/b>, le deuxi\u00e8me plus petit pays du monde et un paradis du luxe. Explorez la <b>vieille ville de Monaco-Ville<\/b>, promenez-vous dans les <b>jardins exquis<\/b>, assistez \u00e0 la <b>rel\u00e8ve de la garde au Palais princier<\/b> et admirez de l&#8217;ext\u00e9rieur le l\u00e9gendaire <b>Casino de Monte-Carlo<\/b>.<\/p>\n<p>Continuez le long de la c\u00f4te jusqu&#8217;\u00e0 <b>Menton<\/b>, un joyau cach\u00e9 connu pour son architecture Belle \u00c9poque et sa vieille ville parfum\u00e9e d&#8217;agrumes. Fl\u00e2nez dans ses ruelles \u00e9troites, admirez les fa\u00e7ades color\u00e9es et impr\u00e9gnez-vous de l&#8217;atmosph\u00e8re d\u00e9tendue de la M\u00e9diterran\u00e9e. Vous pourrez \u00e9galement faire des arr\u00eats photo en cours de route dans des endroits pittoresques comme <b>\u00c8ze<\/b> ou la <b>Moyenne Corniche<\/b>, selon vos pr\u00e9f\u00e9rences et votre emploi du temps.<\/p>\n<ul>\n<li>Excursion priv\u00e9e de 8 heures de Nice \u00e0 <b>Monaco et Menton<\/b><\/li>\n<li>Jusqu&#8217;\u00e0 8 personnes : chauffeur-guide priv\u00e9 | 9 \u00e0 15 personnes : chauffeur + guide officiel<\/li>\n<li>D\u00e9couvrez Monaco-Ville, le Palais princier et l&#8217;ext\u00e9rieur du Casino de Monte-Carlo<\/li>\n<li>Promenez-vous dans la vieille ville de Menton et profitez de son atmosph\u00e8re anim\u00e9e<\/li>\n<li>Route panoramique le long des routes de la Corniche avec de superbes arr\u00eats photo<\/li>\n<li>Itin\u00e9raire flexible adapt\u00e9 \u00e0 vos int\u00e9r\u00eats<\/li>\n<li>Transport priv\u00e9 dans un v\u00e9hicule de luxe avec prise en charge et retour \u00e0 votre h\u00f4tel \u00e0 Nice<\/li>\n<\/ul>\n<p>Une fois votre visite termin\u00e9e, votre chauffeur\/guide vous ram\u00e8nera au lieu de d\u00e9part (ou veuillez nous informer \u00e0 l&#8217;avance si vous souhaitez \u00eatre d\u00e9pos\u00e9 ailleurs). Nous pouvons adapter la dur\u00e9e exacte de l&#8217;exp\u00e9rience \u00e0 vos besoins. Cependant, cette option de visite a une dur\u00e9e de 4 heures, n&#8217;h\u00e9sitez pas \u00e0 nous contacter si vous souhaitez une visite plus longue.<\/p>\n","protected":false},"excerpt":{"rendered":"<p>D\u00e9couvrez l&#8217;\u00e9l\u00e9gance de la C\u00f4te d&#8217;Azur lors de cette excursion priv\u00e9e d&#8217;une journ\u00e9e \u00e0 Monaco et Menton au d\u00e9part de Nice, accompagn\u00e9e de votre propre chauffeur-guide priv\u00e9. Con\u00e7ue pour vous offrir une exp\u00e9rience personnalis\u00e9e, cette excursion de 8 heures allie le glamour de Monaco \u00e0 la tranquillit\u00e9 charmante de Menton, sans frais d&#8217;entr\u00e9e ni longues files d&#8217;attente.<\/p>\n","protected":false},"featured_media":94742,"comment_status":"open","ping_status":"closed","template":"","meta":{"_acf_changed":false},"product_brand":[],"product_cat":[5533,5532,3694],"product_tag":[],"class_list":{"0":"post-101348","1":"product","2":"type-product","3":"status-publish","4":"has-post-thumbnail","6":"product_cat-all-private-tours-activities-fr-40","7":"product_cat-private-sightseeing-tours-fr-49","8":"product_cat-nice-fr","10":"first","11":"instock","12":"shipping-taxable","13":"purchasable","14":"product-type-simple"},"acf":[],"yoast_head":"<!-- This site is optimized with the Yoast SEO Premium plugin v25.3.1 (Yoast SEO v25.3.1) - https:\/\/yoast.com\/wordpress\/plugins\/seo\/ -->\n<title>Visite priv\u00e9e \u00e0 Monaco au d\u00e9part de Nice avec chauffeur \/ guide priv\u00e9<\/title>\n<meta name=\"description\" content=\"Profitez de la grande architecture de Monaco et des sites magnifiques lors de cette visite priv\u00e9e \u00e0 Monaco au d\u00e9part de Nice avec votre chauffeur \/ guide priv\u00e9.\" \/>\n<meta name=\"robots\" content=\"index, follow, max-snippet:-1, max-image-preview:large, max-video-preview:-1\" \/>\n<link rel=\"canonical\" href=\"https:\/\/tourtravelandmore.com\/fr\/tours\/france-fr\/nice-fr\/visite-privee-a-monaco-au-depart-de-nice-avec-chauffeur-guide\/\" \/>\n<meta property=\"og:locale\" content=\"fr_FR\" \/>\n<meta property=\"og:type\" content=\"article\" \/>\n<meta property=\"og:title\" content=\"Visite priv\u00e9e de Monaco et Menton au d\u00e9part de Nice avec chauffeur\/guide\" \/>\n<meta property=\"og:description\" content=\"Profitez de la grande architecture de Monaco et des sites magnifiques lors de cette visite priv\u00e9e \u00e0 Monaco au d\u00e9part de Nice avec votre chauffeur \/ guide priv\u00e9.\" \/>\n<meta property=\"og:url\" content=\"https:\/\/tourtravelandmore.com\/fr\/tours\/france-fr\/nice-fr\/visite-privee-a-monaco-au-depart-de-nice-avec-chauffeur-guide\/\" \/>\n<meta property=\"og:site_name\" content=\"Tour Travel And More\" \/>\n<meta property=\"article:publisher\" content=\"https:\/\/www.facebook.com\/tourtravelandmore\/\" \/>\n<meta property=\"article:modified_time\" content=\"2025-06-04T16:26:45+00:00\" \/>\n<meta property=\"og:image\" content=\"https:\/\/tourtravelandmore.com\/wp-content\/uploads\/2018\/03\/casino-monte-carlo-595x397.jpg\" \/>\n\t<meta property=\"og:image:width\" content=\"595\" \/>\n\t<meta property=\"og:image:height\" content=\"397\" \/>\n\t<meta property=\"og:image:type\" content=\"image\/jpeg\" \/>\n<meta name=\"twitter:card\" content=\"summary_large_image\" \/>\n<meta name=\"twitter:site\" content=\"@TourTravel_More\" \/>\n<meta name=\"twitter:label1\" content=\"Dur\u00e9e de lecture estim\u00e9e\" \/>\n\t<meta name=\"twitter:data1\" content=\"3 minutes\" \/>\n<script type=\"application\/ld+json\" class=\"yoast-schema-graph\">{\"@context\":\"https:\/\/schema.org\",\"@graph\":[{\"@type\":\"WebPage\",\"@id\":\"https:\/\/tourtravelandmore.com\/fr\/tours\/france-fr\/nice-fr\/visite-privee-a-monaco-au-depart-de-nice-avec-chauffeur-guide\/\",\"url\":\"https:\/\/tourtravelandmore.com\/fr\/tours\/france-fr\/nice-fr\/visite-privee-a-monaco-au-depart-de-nice-avec-chauffeur-guide\/\",\"name\":\"Visite priv\u00e9e \u00e0 Monaco au d\u00e9part de Nice avec chauffeur \/ guide priv\u00e9\",\"isPartOf\":{\"@id\":\"https:\/\/tourtravelandmore.com\/fr\/#website\"},\"primaryImageOfPage\":{\"@id\":\"https:\/\/tourtravelandmore.com\/fr\/tours\/france-fr\/nice-fr\/visite-privee-a-monaco-au-depart-de-nice-avec-chauffeur-guide\/#primaryimage\"},\"image\":{\"@id\":\"https:\/\/tourtravelandmore.com\/fr\/tours\/france-fr\/nice-fr\/visite-privee-a-monaco-au-depart-de-nice-avec-chauffeur-guide\/#primaryimage\"},\"thumbnailUrl\":\"https:\/\/tourtravelandmore.com\/wp-content\/uploads\/2018\/03\/casino-monte-carlo-595x397.jpg\",\"datePublished\":\"2018-03-05T12:19:49+00:00\",\"dateModified\":\"2025-06-04T16:26:45+00:00\",\"description\":\"Profitez de la grande architecture de Monaco et des sites magnifiques lors de cette visite priv\u00e9e \u00e0 Monaco au d\u00e9part de Nice avec votre chauffeur \/ guide priv\u00e9.\",\"breadcrumb\":{\"@id\":\"https:\/\/tourtravelandmore.com\/fr\/tours\/france-fr\/nice-fr\/visite-privee-a-monaco-au-depart-de-nice-avec-chauffeur-guide\/#breadcrumb\"},\"inLanguage\":\"fr-FR\",\"potentialAction\":[{\"@type\":\"ReadAction\",\"target\":[\"https:\/\/tourtravelandmore.com\/fr\/tours\/france-fr\/nice-fr\/visite-privee-a-monaco-au-depart-de-nice-avec-chauffeur-guide\/\"]}]},{\"@type\":\"ImageObject\",\"inLanguage\":\"fr-FR\",\"@id\":\"https:\/\/tourtravelandmore.com\/fr\/tours\/france-fr\/nice-fr\/visite-privee-a-monaco-au-depart-de-nice-avec-chauffeur-guide\/#primaryimage\",\"url\":\"https:\/\/tourtravelandmore.com\/wp-content\/uploads\/2018\/03\/casino-monte-carlo-595x397.jpg\",\"contentUrl\":\"https:\/\/tourtravelandmore.com\/wp-content\/uploads\/2018\/03\/casino-monte-carlo-595x397.jpg\",\"width\":595,\"height\":397},{\"@type\":\"BreadcrumbList\",\"@id\":\"https:\/\/tourtravelandmore.com\/fr\/tours\/france-fr\/nice-fr\/visite-privee-a-monaco-au-depart-de-nice-avec-chauffeur-guide\/#breadcrumb\",\"itemListElement\":[{\"@type\":\"ListItem\",\"position\":1,\"name\":\"Home\",\"item\":\"https:\/\/tourtravelandmore.com\/fr\/\"},{\"@type\":\"ListItem\",\"position\":2,\"name\":\"Tours\",\"item\":\"https:\/\/tourtravelandmore.com\/fr\/tours\/\"},{\"@type\":\"ListItem\",\"position\":3,\"name\":\"Visite priv\u00e9e de Monaco et Menton au d\u00e9part de Nice avec chauffeur\/guide\"}]},{\"@type\":\"WebSite\",\"@id\":\"https:\/\/tourtravelandmore.com\/fr\/#website\",\"url\":\"https:\/\/tourtravelandmore.com\/fr\/\",\"name\":\"Tour Travel And More\",\"description\":\"Private sightseeing tours and luxury transfers in Spain\",\"publisher\":{\"@id\":\"https:\/\/tourtravelandmore.com\/fr\/#organization\"},\"potentialAction\":[{\"@type\":\"SearchAction\",\"target\":{\"@type\":\"EntryPoint\",\"urlTemplate\":\"https:\/\/tourtravelandmore.com\/fr\/?s={search_term_string}\"},\"query-input\":{\"@type\":\"PropertyValueSpecification\",\"valueRequired\":true,\"valueName\":\"search_term_string\"}}],\"inLanguage\":\"fr-FR\"},{\"@type\":\"Organization\",\"@id\":\"https:\/\/tourtravelandmore.com\/fr\/#organization\",\"name\":\"Tour Travel And More\",\"url\":\"https:\/\/tourtravelandmore.com\/fr\/\",\"logo\":{\"@type\":\"ImageObject\",\"inLanguage\":\"fr-FR\",\"@id\":\"https:\/\/tourtravelandmore.com\/fr\/#\/schema\/logo\/image\/\",\"url\":\"https:\/\/tourtravelandmore.com\/wp-content\/uploads\/2022\/12\/cropped-logo-cabecera-new.png\",\"contentUrl\":\"https:\/\/tourtravelandmore.com\/wp-content\/uploads\/2022\/12\/cropped-logo-cabecera-new.png\",\"width\":430,\"height\":61,\"caption\":\"Tour Travel And More\"},\"image\":{\"@id\":\"https:\/\/tourtravelandmore.com\/fr\/#\/schema\/logo\/image\/\"},\"sameAs\":[\"https:\/\/www.facebook.com\/tourtravelandmore\/\",\"https:\/\/x.com\/TourTravel_More\"]}]}<\/script>\n<!-- \/ Yoast SEO Premium plugin. -->","yoast_head_json":{"title":"Visite priv\u00e9e \u00e0 Monaco au d\u00e9part de Nice avec chauffeur \/ guide priv\u00e9","description":"Profitez de la grande architecture de Monaco et des sites magnifiques lors de cette visite priv\u00e9e \u00e0 Monaco au d\u00e9part de Nice avec votre chauffeur \/ guide priv\u00e9.","robots":{"index":"index","follow":"follow","max-snippet":"max-snippet:-1","max-image-preview":"max-image-preview:large","max-video-preview":"max-video-preview:-1"},"canonical":"https:\/\/tourtravelandmore.com\/fr\/tours\/france-fr\/nice-fr\/visite-privee-a-monaco-au-depart-de-nice-avec-chauffeur-guide\/","og_locale":"fr_FR","og_type":"article","og_title":"Visite priv\u00e9e de Monaco et Menton au d\u00e9part de Nice avec chauffeur\/guide","og_description":"Profitez de la grande architecture de Monaco et des sites magnifiques lors de cette visite priv\u00e9e \u00e0 Monaco au d\u00e9part de Nice avec votre chauffeur \/ guide priv\u00e9.","og_url":"https:\/\/tourtravelandmore.com\/fr\/tours\/france-fr\/nice-fr\/visite-privee-a-monaco-au-depart-de-nice-avec-chauffeur-guide\/","og_site_name":"Tour Travel And More","article_publisher":"https:\/\/www.facebook.com\/tourtravelandmore\/","article_modified_time":"2025-06-04T16:26:45+00:00","og_image":[{"width":595,"height":397,"url":"https:\/\/tourtravelandmore.com\/wp-content\/uploads\/2018\/03\/casino-monte-carlo-595x397.jpg","type":"image\/jpeg"}],"twitter_card":"summary_large_image","twitter_site":"@TourTravel_More","twitter_misc":{"Dur\u00e9e de lecture estim\u00e9e":"3 minutes"},"schema":{"@context":"https:\/\/schema.org","@graph":[{"@type":"WebPage","@id":"https:\/\/tourtravelandmore.com\/fr\/tours\/france-fr\/nice-fr\/visite-privee-a-monaco-au-depart-de-nice-avec-chauffeur-guide\/","url":"https:\/\/tourtravelandmore.com\/fr\/tours\/france-fr\/nice-fr\/visite-privee-a-monaco-au-depart-de-nice-avec-chauffeur-guide\/","name":"Visite priv\u00e9e \u00e0 Monaco au d\u00e9part de Nice avec chauffeur \/ guide priv\u00e9","isPartOf":{"@id":"https:\/\/tourtravelandmore.com\/fr\/#website"},"primaryImageOfPage":{"@id":"https:\/\/tourtravelandmore.com\/fr\/tours\/france-fr\/nice-fr\/visite-privee-a-monaco-au-depart-de-nice-avec-chauffeur-guide\/#primaryimage"},"image":{"@id":"https:\/\/tourtravelandmore.com\/fr\/tours\/france-fr\/nice-fr\/visite-privee-a-monaco-au-depart-de-nice-avec-chauffeur-guide\/#primaryimage"},"thumbnailUrl":"https:\/\/tourtravelandmore.com\/wp-content\/uploads\/2018\/03\/casino-monte-carlo-595x397.jpg","datePublished":"2018-03-05T12:19:49+00:00","dateModified":"2025-06-04T16:26:45+00:00","description":"Profitez de la grande architecture de Monaco et des sites magnifiques lors de cette visite priv\u00e9e \u00e0 Monaco au d\u00e9part de Nice avec votre chauffeur \/ guide priv\u00e9.","breadcrumb":{"@id":"https:\/\/tourtravelandmore.com\/fr\/tours\/france-fr\/nice-fr\/visite-privee-a-monaco-au-depart-de-nice-avec-chauffeur-guide\/#breadcrumb"},"inLanguage":"fr-FR","potentialAction":[{"@type":"ReadAction","target":["https:\/\/tourtravelandmore.com\/fr\/tours\/france-fr\/nice-fr\/visite-privee-a-monaco-au-depart-de-nice-avec-chauffeur-guide\/"]}]},{"@type":"ImageObject","inLanguage":"fr-FR","@id":"https:\/\/tourtravelandmore.com\/fr\/tours\/france-fr\/nice-fr\/visite-privee-a-monaco-au-depart-de-nice-avec-chauffeur-guide\/#primaryimage","url":"https:\/\/tourtravelandmore.com\/wp-content\/uploads\/2018\/03\/casino-monte-carlo-595x397.jpg","contentUrl":"https:\/\/tourtravelandmore.com\/wp-content\/uploads\/2018\/03\/casino-monte-carlo-595x397.jpg","width":595,"height":397},{"@type":"BreadcrumbList","@id":"https:\/\/tourtravelandmore.com\/fr\/tours\/france-fr\/nice-fr\/visite-privee-a-monaco-au-depart-de-nice-avec-chauffeur-guide\/#breadcrumb","itemListElement":[{"@type":"ListItem","position":1,"name":"Home","item":"https:\/\/tourtravelandmore.com\/fr\/"},{"@type":"ListItem","position":2,"name":"Tours","item":"https:\/\/tourtravelandmore.com\/fr\/tours\/"},{"@type":"ListItem","position":3,"name":"Visite priv\u00e9e de Monaco et Menton au d\u00e9part de Nice avec chauffeur\/guide"}]},{"@type":"WebSite","@id":"https:\/\/tourtravelandmore.com\/fr\/#website","url":"https:\/\/tourtravelandmore.com\/fr\/","name":"Tour Travel And More","description":"Private sightseeing tours and luxury transfers in Spain","publisher":{"@id":"https:\/\/tourtravelandmore.com\/fr\/#organization"},"potentialAction":[{"@type":"SearchAction","target":{"@type":"EntryPoint","urlTemplate":"https:\/\/tourtravelandmore.com\/fr\/?s={search_term_string}"},"query-input":{"@type":"PropertyValueSpecification","valueRequired":true,"valueName":"search_term_string"}}],"inLanguage":"fr-FR"},{"@type":"Organization","@id":"https:\/\/tourtravelandmore.com\/fr\/#organization","name":"Tour Travel And More","url":"https:\/\/tourtravelandmore.com\/fr\/","logo":{"@type":"ImageObject","inLanguage":"fr-FR","@id":"https:\/\/tourtravelandmore.com\/fr\/#\/schema\/logo\/image\/","url":"https:\/\/tourtravelandmore.com\/wp-content\/uploads\/2022\/12\/cropped-logo-cabecera-new.png","contentUrl":"https:\/\/tourtravelandmore.com\/wp-content\/uploads\/2022\/12\/cropped-logo-cabecera-new.png","width":430,"height":61,"caption":"Tour Travel And More"},"image":{"@id":"https:\/\/tourtravelandmore.com\/fr\/#\/schema\/logo\/image\/"},"sameAs":["https:\/\/www.facebook.com\/tourtravelandmore\/","https:\/\/x.com\/TourTravel_More"]}]}},"_links":{"self":[{"href":"https:\/\/tourtravelandmore.com\/fr\/wp-json\/wp\/v2\/product\/101348","targetHints":{"allow":["GET"]}}],"collection":[{"href":"https:\/\/tourtravelandmore.com\/fr\/wp-json\/wp\/v2\/product"}],"about":[{"href":"https:\/\/tourtravelandmore.com\/fr\/wp-json\/wp\/v2\/types\/product"}],"replies":[{"embeddable":true,"href":"https:\/\/tourtravelandmore.com\/fr\/wp-json\/wp\/v2\/comments?post=101348"}],"wp:featuredmedia":[{"embeddable":true,"href":"https:\/\/tourtravelandmore.com\/fr\/wp-json\/wp\/v2\/media\/94742"}],"wp:attachment":[{"href":"https:\/\/tourtravelandmore.com\/fr\/wp-json\/wp\/v2\/media?parent=101348"}],"wp:term":[{"taxonomy":"product_brand","embeddable":true,"href":"https:\/\/tourtravelandmore.com\/fr\/wp-json\/wp\/v2\/product_brand?post=101348"},{"taxonomy":"product_cat","embeddable":true,"href":"https:\/\/tourtravelandmore.com\/fr\/wp-json\/wp\/v2\/product_cat?post=101348"},{"taxonomy":"product_tag","embeddable":true,"href":"https:\/\/tourtravelandmore.com\/fr\/wp-json\/wp\/v2\/product_tag?post=101348"}],"curies":[{"name":"wp","href":"https:\/\/api.w.org\/{rel}","templated":true}]}}