{"id":101338,"date":"2017-05-15T13:32:11","date_gmt":"2017-05-15T11:32:11","guid":{"rendered":"https:\/\/tourtravelandmore.com\/tours\/non%20class\u00e9\/visite-privee-de-nice-avec-votre-propre-chauffeur-guide\/"},"modified":"2025-06-02T17:08:07","modified_gmt":"2025-06-02T15:08:07","slug":"visite-privee-de-nice-avec-votre-propre-chauffeur-guide","status":"publish","type":"product","link":"https:\/\/tourtravelandmore.com\/fr\/tours\/france-fr\/nice-fr\/visite-privee-de-nice-avec-votre-propre-chauffeur-guide\/","title":{"rendered":"Visite priv\u00e9e de Nice avec votre propre chauffeur \/ guide"},"content":{"rendered":"<h2>Description<\/h2>\n<p>Profitez de cette visite priv\u00e9e de Nice avec votre propre chauffeur \/ guide en anglais et d\u00e9couvrez la ville et ses secrets. Vous serez conduit autour des monuments les plus importants de Nice et en profiterez pendant que votre chauffeur \/ guide vous racontera les secrets de cette belle r\u00e9gion.<\/p>\n<p>Nous viendrons vous chercher \u00e0 votre h\u00f4tel ou lieu de votre choix (h\u00f4tel, port de croisi\u00e8re, a\u00e9roport ou appartement) et vous emm\u00e8nerons dans cette visite priv\u00e9e \u00e0 travers Nice et le Cap Ferrat. Veuillez nous le faire savoir \u00e0 l&#8217;avance, nous pouvons organiser des transferts depuis Cannes, Monaco, Nice, Villefranche sur mer et ses environs. Notre \u00e9quipe vous aidera \u00e0 organiser votre exp\u00e9rience personnalis\u00e9e et unique. Votre chauffeur \/ guide vous accompagnera tout au long du trajet, de la prise en charge au d\u00e9p\u00f4t, vous racontant l&#8217;histoire et vous montrant les meilleurs endroits de la ville.<\/p>\n<h2>Sites d&#8217;int\u00e9r\u00eat et points de rep\u00e8re<\/h2>\n<p>Au cours de cette visite priv\u00e9e, vous d\u00e9couvrirez les meilleurs endroits de la ville de Nice et une vue panoramique sur le Cap Ferrat. Tout d&#8217;abord, votre chauffeur \/ guide viendra vous chercher \u00e0 l&#8217;endroit souhait\u00e9 dans la r\u00e9gion.<\/p>\n<p>Apr\u00e8s cela, vous irez dans la vieille ville de Nice, o\u00f9 vous pourrez vous promener dans ses rues \u00e9troites \u00e0 l&#8217;italienne. Vous verrez la cath\u00e9drale Saint-Nicolas, une \u00e9glise orthodoxe russe et les principales \u00e9glises baroques de Nice. Vous traverserez la promenade des anglais et, si vous \u00eates int\u00e9ress\u00e9, nous pouvons organiser une visite au mus\u00e9e Matisse.<\/p>\n<p>Ensuite, vous irez au Mont-Boron, o\u00f9 vous profiterez d&#8217;une jolie vue sur Nice. Vous vous dirigerez \u00e9galement vers le sud jusqu&#8217;au Cap Ferrat, o\u00f9 vous pourrez visiter la belle villa et les jardins d&#8217;Ethrussi de Rothschild, construits par l&#8217;architecte fran\u00e7ais Aaron Messiah pour la baronne B\u00e9atrice de Rothschild entre 1905 et 1912.<br \/>\nUne fois la visite termin\u00e9e, votre chauffeur \/ guide vous ram\u00e8nera \u00e0 l&#8217;endroit o\u00f9 la visite a commenc\u00e9 (ou faites-nous savoir \u00e0 l&#8217;avance si vous avez besoin d&#8217;une d\u00e9pose ailleurs).<\/p>\n<p>Nous pouvons organiser la dur\u00e9e exacte de l&#8217;exp\u00e9rience en fonction de vos propres besoins. Cependant, cette option de visite a une dur\u00e9e de 4 heures, n&#8217;h\u00e9sitez pas \u00e0 nous contacter si vous souhaitez une visite plus longue.<\/p>\n","protected":false},"excerpt":{"rendered":"<p>Profitez au mieux de votre visite dans le sud de la France et profitez d&#8217;une visite guid\u00e9e priv\u00e9e pour d\u00e9couvrir et explorer la r\u00e9gion. Vous verrez la grande architecture de Nice, apprendrez son histoire et vous vous \u00e9merveillerez de ses merveilleux sites lors de cette visite priv\u00e9e avec votre chauffeur \/ guide agr\u00e9\u00e9. Prise en charge et retour \u00e0 l&#8217;endroit souhait\u00e9.<\/p>\n","protected":false},"featured_media":98251,"comment_status":"open","ping_status":"closed","template":"","meta":{"_acf_changed":false},"product_brand":[],"product_cat":[3694],"product_tag":[],"class_list":{"0":"post-101338","1":"product","2":"type-product","3":"status-publish","4":"has-post-thumbnail","6":"product_cat-nice-fr","8":"first","9":"instock","10":"shipping-taxable","11":"purchasable","12":"product-type-simple"},"acf":[],"yoast_head":"<!-- This site is optimized with the Yoast SEO Premium plugin v25.3.1 (Yoast SEO v25.3.1) - https:\/\/yoast.com\/wordpress\/plugins\/seo\/ -->\n<title>Visite priv\u00e9e de Nice avec chauffeur \/ guide - Exp\u00e9rience priv\u00e9e sur mesure<\/title>\n<meta name=\"description\" content=\"Profitez de la grande architecture de Nice, d\u00e9couvrez son histoire et \u00e9merveillez-vous de ses merveilleux sites lors de cette visite priv\u00e9e avec votre chauffeur \/ guide agr\u00e9\u00e9.\" \/>\n<meta name=\"robots\" content=\"index, follow, max-snippet:-1, max-image-preview:large, max-video-preview:-1\" \/>\n<link rel=\"canonical\" href=\"https:\/\/tourtravelandmore.com\/fr\/tours\/france-fr\/nice-fr\/visite-privee-de-nice-avec-votre-propre-chauffeur-guide\/\" \/>\n<meta property=\"og:locale\" content=\"fr_FR\" \/>\n<meta property=\"og:type\" content=\"article\" \/>\n<meta property=\"og:title\" content=\"Visite priv\u00e9e de Nice avec votre propre chauffeur \/ guide\" \/>\n<meta property=\"og:description\" content=\"Profitez de la grande architecture de Nice, d\u00e9couvrez son histoire et \u00e9merveillez-vous de ses merveilleux sites lors de cette visite priv\u00e9e avec votre chauffeur \/ guide agr\u00e9\u00e9.\" \/>\n<meta property=\"og:url\" content=\"https:\/\/tourtravelandmore.com\/fr\/tours\/france-fr\/nice-fr\/visite-privee-de-nice-avec-votre-propre-chauffeur-guide\/\" \/>\n<meta property=\"og:site_name\" content=\"Tour Travel And More\" \/>\n<meta property=\"article:publisher\" content=\"https:\/\/www.facebook.com\/tourtravelandmore\/\" \/>\n<meta property=\"article:modified_time\" content=\"2025-06-02T15:08:07+00:00\" \/>\n<meta property=\"og:image\" content=\"https:\/\/tourtravelandmore.com\/wp-content\/uploads\/2017\/05\/Nice-panorama-min-scaled.jpg\" \/>\n\t<meta property=\"og:image:width\" content=\"2560\" \/>\n\t<meta property=\"og:image:height\" content=\"1252\" \/>\n\t<meta property=\"og:image:type\" content=\"image\/jpeg\" \/>\n<meta name=\"twitter:card\" content=\"summary_large_image\" \/>\n<meta name=\"twitter:site\" content=\"@TourTravel_More\" \/>\n<meta name=\"twitter:label1\" content=\"Dur\u00e9e de lecture estim\u00e9e\" \/>\n\t<meta name=\"twitter:data1\" content=\"2 minutes\" \/>\n<script type=\"application\/ld+json\" class=\"yoast-schema-graph\">{\"@context\":\"https:\/\/schema.org\",\"@graph\":[{\"@type\":\"WebPage\",\"@id\":\"https:\/\/tourtravelandmore.com\/fr\/tours\/france-fr\/nice-fr\/visite-privee-de-nice-avec-votre-propre-chauffeur-guide\/\",\"url\":\"https:\/\/tourtravelandmore.com\/fr\/tours\/france-fr\/nice-fr\/visite-privee-de-nice-avec-votre-propre-chauffeur-guide\/\",\"name\":\"Visite priv\u00e9e de Nice avec chauffeur \/ guide - Exp\u00e9rience priv\u00e9e sur mesure\",\"isPartOf\":{\"@id\":\"https:\/\/tourtravelandmore.com\/fr\/#website\"},\"primaryImageOfPage\":{\"@id\":\"https:\/\/tourtravelandmore.com\/fr\/tours\/france-fr\/nice-fr\/visite-privee-de-nice-avec-votre-propre-chauffeur-guide\/#primaryimage\"},\"image\":{\"@id\":\"https:\/\/tourtravelandmore.com\/fr\/tours\/france-fr\/nice-fr\/visite-privee-de-nice-avec-votre-propre-chauffeur-guide\/#primaryimage\"},\"thumbnailUrl\":\"https:\/\/tourtravelandmore.com\/wp-content\/uploads\/2017\/05\/Nice-panorama-min-scaled.jpg\",\"datePublished\":\"2017-05-15T11:32:11+00:00\",\"dateModified\":\"2025-06-02T15:08:07+00:00\",\"description\":\"Profitez de la grande architecture de Nice, d\u00e9couvrez son histoire et \u00e9merveillez-vous de ses merveilleux sites lors de cette visite priv\u00e9e avec votre chauffeur \/ guide agr\u00e9\u00e9.\",\"breadcrumb\":{\"@id\":\"https:\/\/tourtravelandmore.com\/fr\/tours\/france-fr\/nice-fr\/visite-privee-de-nice-avec-votre-propre-chauffeur-guide\/#breadcrumb\"},\"inLanguage\":\"fr-FR\",\"potentialAction\":[{\"@type\":\"ReadAction\",\"target\":[\"https:\/\/tourtravelandmore.com\/fr\/tours\/france-fr\/nice-fr\/visite-privee-de-nice-avec-votre-propre-chauffeur-guide\/\"]}]},{\"@type\":\"ImageObject\",\"inLanguage\":\"fr-FR\",\"@id\":\"https:\/\/tourtravelandmore.com\/fr\/tours\/france-fr\/nice-fr\/visite-privee-de-nice-avec-votre-propre-chauffeur-guide\/#primaryimage\",\"url\":\"https:\/\/tourtravelandmore.com\/wp-content\/uploads\/2017\/05\/Nice-panorama-min-scaled.jpg\",\"contentUrl\":\"https:\/\/tourtravelandmore.com\/wp-content\/uploads\/2017\/05\/Nice-panorama-min-scaled.jpg\",\"width\":2560,\"height\":1252},{\"@type\":\"BreadcrumbList\",\"@id\":\"https:\/\/tourtravelandmore.com\/fr\/tours\/france-fr\/nice-fr\/visite-privee-de-nice-avec-votre-propre-chauffeur-guide\/#breadcrumb\",\"itemListElement\":[{\"@type\":\"ListItem\",\"position\":1,\"name\":\"Home\",\"item\":\"https:\/\/tourtravelandmore.com\/fr\/\"},{\"@type\":\"ListItem\",\"position\":2,\"name\":\"Tours\",\"item\":\"https:\/\/tourtravelandmore.com\/fr\/tours\/\"},{\"@type\":\"ListItem\",\"position\":3,\"name\":\"Visite priv\u00e9e de Nice avec votre propre chauffeur \/ guide\"}]},{\"@type\":\"WebSite\",\"@id\":\"https:\/\/tourtravelandmore.com\/fr\/#website\",\"url\":\"https:\/\/tourtravelandmore.com\/fr\/\",\"name\":\"Tour Travel And More\",\"description\":\"Private sightseeing tours and luxury transfers in Spain\",\"publisher\":{\"@id\":\"https:\/\/tourtravelandmore.com\/fr\/#organization\"},\"potentialAction\":[{\"@type\":\"SearchAction\",\"target\":{\"@type\":\"EntryPoint\",\"urlTemplate\":\"https:\/\/tourtravelandmore.com\/fr\/?s={search_term_string}\"},\"query-input\":{\"@type\":\"PropertyValueSpecification\",\"valueRequired\":true,\"valueName\":\"search_term_string\"}}],\"inLanguage\":\"fr-FR\"},{\"@type\":\"Organization\",\"@id\":\"https:\/\/tourtravelandmore.com\/fr\/#organization\",\"name\":\"Tour Travel And More\",\"url\":\"https:\/\/tourtravelandmore.com\/fr\/\",\"logo\":{\"@type\":\"ImageObject\",\"inLanguage\":\"fr-FR\",\"@id\":\"https:\/\/tourtravelandmore.com\/fr\/#\/schema\/logo\/image\/\",\"url\":\"https:\/\/tourtravelandmore.com\/wp-content\/uploads\/2022\/12\/cropped-logo-cabecera-new.png\",\"contentUrl\":\"https:\/\/tourtravelandmore.com\/wp-content\/uploads\/2022\/12\/cropped-logo-cabecera-new.png\",\"width\":430,\"height\":61,\"caption\":\"Tour Travel And More\"},\"image\":{\"@id\":\"https:\/\/tourtravelandmore.com\/fr\/#\/schema\/logo\/image\/\"},\"sameAs\":[\"https:\/\/www.facebook.com\/tourtravelandmore\/\",\"https:\/\/x.com\/TourTravel_More\"]}]}<\/script>\n<!-- \/ Yoast SEO Premium plugin. -->","yoast_head_json":{"title":"Visite priv\u00e9e de Nice avec chauffeur \/ guide - Exp\u00e9rience priv\u00e9e sur mesure","description":"Profitez de la grande architecture de Nice, d\u00e9couvrez son histoire et \u00e9merveillez-vous de ses merveilleux sites lors de cette visite priv\u00e9e avec votre chauffeur \/ guide agr\u00e9\u00e9.","robots":{"index":"index","follow":"follow","max-snippet":"max-snippet:-1","max-image-preview":"max-image-preview:large","max-video-preview":"max-video-preview:-1"},"canonical":"https:\/\/tourtravelandmore.com\/fr\/tours\/france-fr\/nice-fr\/visite-privee-de-nice-avec-votre-propre-chauffeur-guide\/","og_locale":"fr_FR","og_type":"article","og_title":"Visite priv\u00e9e de Nice avec votre propre chauffeur \/ guide","og_description":"Profitez de la grande architecture de Nice, d\u00e9couvrez son histoire et \u00e9merveillez-vous de ses merveilleux sites lors de cette visite priv\u00e9e avec votre chauffeur \/ guide agr\u00e9\u00e9.","og_url":"https:\/\/tourtravelandmore.com\/fr\/tours\/france-fr\/nice-fr\/visite-privee-de-nice-avec-votre-propre-chauffeur-guide\/","og_site_name":"Tour Travel And More","article_publisher":"https:\/\/www.facebook.com\/tourtravelandmore\/","article_modified_time":"2025-06-02T15:08:07+00:00","og_image":[{"width":2560,"height":1252,"url":"https:\/\/tourtravelandmore.com\/wp-content\/uploads\/2017\/05\/Nice-panorama-min-scaled.jpg","type":"image\/jpeg"}],"twitter_card":"summary_large_image","twitter_site":"@TourTravel_More","twitter_misc":{"Dur\u00e9e de lecture estim\u00e9e":"2 minutes"},"schema":{"@context":"https:\/\/schema.org","@graph":[{"@type":"WebPage","@id":"https:\/\/tourtravelandmore.com\/fr\/tours\/france-fr\/nice-fr\/visite-privee-de-nice-avec-votre-propre-chauffeur-guide\/","url":"https:\/\/tourtravelandmore.com\/fr\/tours\/france-fr\/nice-fr\/visite-privee-de-nice-avec-votre-propre-chauffeur-guide\/","name":"Visite priv\u00e9e de Nice avec chauffeur \/ guide - Exp\u00e9rience priv\u00e9e sur mesure","isPartOf":{"@id":"https:\/\/tourtravelandmore.com\/fr\/#website"},"primaryImageOfPage":{"@id":"https:\/\/tourtravelandmore.com\/fr\/tours\/france-fr\/nice-fr\/visite-privee-de-nice-avec-votre-propre-chauffeur-guide\/#primaryimage"},"image":{"@id":"https:\/\/tourtravelandmore.com\/fr\/tours\/france-fr\/nice-fr\/visite-privee-de-nice-avec-votre-propre-chauffeur-guide\/#primaryimage"},"thumbnailUrl":"https:\/\/tourtravelandmore.com\/wp-content\/uploads\/2017\/05\/Nice-panorama-min-scaled.jpg","datePublished":"2017-05-15T11:32:11+00:00","dateModified":"2025-06-02T15:08:07+00:00","description":"Profitez de la grande architecture de Nice, d\u00e9couvrez son histoire et \u00e9merveillez-vous de ses merveilleux sites lors de cette visite priv\u00e9e avec votre chauffeur \/ guide agr\u00e9\u00e9.","breadcrumb":{"@id":"https:\/\/tourtravelandmore.com\/fr\/tours\/france-fr\/nice-fr\/visite-privee-de-nice-avec-votre-propre-chauffeur-guide\/#breadcrumb"},"inLanguage":"fr-FR","potentialAction":[{"@type":"ReadAction","target":["https:\/\/tourtravelandmore.com\/fr\/tours\/france-fr\/nice-fr\/visite-privee-de-nice-avec-votre-propre-chauffeur-guide\/"]}]},{"@type":"ImageObject","inLanguage":"fr-FR","@id":"https:\/\/tourtravelandmore.com\/fr\/tours\/france-fr\/nice-fr\/visite-privee-de-nice-avec-votre-propre-chauffeur-guide\/#primaryimage","url":"https:\/\/tourtravelandmore.com\/wp-content\/uploads\/2017\/05\/Nice-panorama-min-scaled.jpg","contentUrl":"https:\/\/tourtravelandmore.com\/wp-content\/uploads\/2017\/05\/Nice-panorama-min-scaled.jpg","width":2560,"height":1252},{"@type":"BreadcrumbList","@id":"https:\/\/tourtravelandmore.com\/fr\/tours\/france-fr\/nice-fr\/visite-privee-de-nice-avec-votre-propre-chauffeur-guide\/#breadcrumb","itemListElement":[{"@type":"ListItem","position":1,"name":"Home","item":"https:\/\/tourtravelandmore.com\/fr\/"},{"@type":"ListItem","position":2,"name":"Tours","item":"https:\/\/tourtravelandmore.com\/fr\/tours\/"},{"@type":"ListItem","position":3,"name":"Visite priv\u00e9e de Nice avec votre propre chauffeur \/ guide"}]},{"@type":"WebSite","@id":"https:\/\/tourtravelandmore.com\/fr\/#website","url":"https:\/\/tourtravelandmore.com\/fr\/","name":"Tour Travel And More","description":"Private sightseeing tours and luxury transfers in Spain","publisher":{"@id":"https:\/\/tourtravelandmore.com\/fr\/#organization"},"potentialAction":[{"@type":"SearchAction","target":{"@type":"EntryPoint","urlTemplate":"https:\/\/tourtravelandmore.com\/fr\/?s={search_term_string}"},"query-input":{"@type":"PropertyValueSpecification","valueRequired":true,"valueName":"search_term_string"}}],"inLanguage":"fr-FR"},{"@type":"Organization","@id":"https:\/\/tourtravelandmore.com\/fr\/#organization","name":"Tour Travel And More","url":"https:\/\/tourtravelandmore.com\/fr\/","logo":{"@type":"ImageObject","inLanguage":"fr-FR","@id":"https:\/\/tourtravelandmore.com\/fr\/#\/schema\/logo\/image\/","url":"https:\/\/tourtravelandmore.com\/wp-content\/uploads\/2022\/12\/cropped-logo-cabecera-new.png","contentUrl":"https:\/\/tourtravelandmore.com\/wp-content\/uploads\/2022\/12\/cropped-logo-cabecera-new.png","width":430,"height":61,"caption":"Tour Travel And More"},"image":{"@id":"https:\/\/tourtravelandmore.com\/fr\/#\/schema\/logo\/image\/"},"sameAs":["https:\/\/www.facebook.com\/tourtravelandmore\/","https:\/\/x.com\/TourTravel_More"]}]}},"_links":{"self":[{"href":"https:\/\/tourtravelandmore.com\/fr\/wp-json\/wp\/v2\/product\/101338","targetHints":{"allow":["GET"]}}],"collection":[{"href":"https:\/\/tourtravelandmore.com\/fr\/wp-json\/wp\/v2\/product"}],"about":[{"href":"https:\/\/tourtravelandmore.com\/fr\/wp-json\/wp\/v2\/types\/product"}],"replies":[{"embeddable":true,"href":"https:\/\/tourtravelandmore.com\/fr\/wp-json\/wp\/v2\/comments?post=101338"}],"wp:featuredmedia":[{"embeddable":true,"href":"https:\/\/tourtravelandmore.com\/fr\/wp-json\/wp\/v2\/media\/98251"}],"wp:attachment":[{"href":"https:\/\/tourtravelandmore.com\/fr\/wp-json\/wp\/v2\/media?parent=101338"}],"wp:term":[{"taxonomy":"product_brand","embeddable":true,"href":"https:\/\/tourtravelandmore.com\/fr\/wp-json\/wp\/v2\/product_brand?post=101338"},{"taxonomy":"product_cat","embeddable":true,"href":"https:\/\/tourtravelandmore.com\/fr\/wp-json\/wp\/v2\/product_cat?post=101338"},{"taxonomy":"product_tag","embeddable":true,"href":"https:\/\/tourtravelandmore.com\/fr\/wp-json\/wp\/v2\/product_tag?post=101338"}],"curies":[{"name":"wp","href":"https:\/\/api.w.org\/{rel}","templated":true}]}}