{"id":101333,"date":"2018-03-05T16:37:44","date_gmt":"2018-03-05T15:37:44","guid":{"rendered":"https:\/\/tourtravelandmore.com\/tours\/non%20class\u00e9\/visite-privee-des-vignobles-de-la-cote-dazur-au-depart-de-nice\/"},"modified":"2025-06-02T21:01:30","modified_gmt":"2025-06-02T19:01:30","slug":"visite-privee-des-vignobles-de-la-cote-dazur-au-depart-de-nice","status":"publish","type":"product","link":"https:\/\/tourtravelandmore.com\/fr\/tours\/france-fr\/nice-fr\/visite-privee-des-vignobles-de-la-cote-dazur-au-depart-de-nice\/","title":{"rendered":"Visite priv\u00e9e des vignobles de la C\u00f4te d&#8217;Azur au d\u00e9part de Nice"},"content":{"rendered":"<h2>Description<\/h2>\n<p>Ce n&#8217;est un secret pour personne que la France produit l&#8217;un des meilleurs vins du monde. Partout dans le pays, il y a des r\u00e9gions diff\u00e9rentes o\u00f9 le vin est produit depuis des si\u00e8cles. Profitez de cette visite priv\u00e9e des vins de Nice et visitez les meilleurs vignobles locaux de la C\u00f4te d&#8217;Azur. Votre chauffeur \/ guide, expert et connaisseur de la r\u00e9gion, vous conduira \u00e0 travers la r\u00e9gion et vous emm\u00e8nera dans les meilleurs endroits locaux.<\/p>\n<p>Le lieu et l&#8217;heure de la prise en charge sont absolument adaptables \u00e0 vos int\u00e9r\u00eats personnels. Nous pouvons organiser la prise en charge depuis n&#8217;importe quel h\u00f4tel, appartement ou port de croisi\u00e8re de la C\u00f4te d&#8217;Azur.<br \/>\nNotre \u00e9quipe d&#8217;experts vous aidera \u00e0 organiser une exp\u00e9rience personnalis\u00e9e et unique. Tous nos circuits sont con\u00e7us sur mesure pour r\u00e9pondre \u00e0 vos souhaits personnels. Votre chauffeur \/ guide vous accompagnera tout au long du trajet, de la prise en charge \u00e0 la d\u00e9pose, vous racontant l&#8217;histoire et vous montrant les meilleurs endroits de la r\u00e9gion.<\/p>\n<h2>Sites d&#8217;int\u00e9r\u00eat et points de rep\u00e8re<\/h2>\n<p>Les vignerons fran\u00e7ais sont dans le m\u00e9tier depuis des si\u00e8cles. On estime que la France compte environ 150 000 vignerons, produisant environ 1,5 milliard de gallons de vin par an. De nos jours, presque tous les c\u00e9pages disponibles proviennent de France. Le style de raisin fran\u00e7ais est reconnu comme l&#8217;arch\u00e9type par rapport auquel les vins modernes du monde entier sont \u00e9valu\u00e9s.<\/p>\n<p>Avec cette visite priv\u00e9e des vins de Nice, vous visiterez les meilleurs vignobles des C\u00f4tes de Provence, tout en conduisant cette belle r\u00e9gion de villages ruraux et m\u00e9di\u00e9vaux.<br \/>\nVotre chauffeur priv\u00e9 viendra vous chercher \u00e0 votre h\u00f4tel ou lieu de votre choix et vous conduira dans la r\u00e9gion viticole. Le trajet dure environ 1 heure. Une fois sur place, vous visiterez 2 ou 3 \u00e9tablissements vinicoles, selon votre int\u00e9r\u00eat personnel. Dans chaque cave que vous visitez, vous profiterez d&#8217;une visite guid\u00e9e avec un expert local, suivie d&#8217;une d\u00e9gustation de vin. Vous pourrez apprendre la mani\u00e8re de produire de chaque cave et poser toutes vos questions au vigneron local. Nous travaillons avec des \u00e9tablissements vinicoles familiaux locaux pour une exp\u00e9rience plus personnalis\u00e9e.<\/p>\n<p>Notre proposition de visite priv\u00e9e a une dur\u00e9e d&#8217;environ 7 heures. Pendant votre visite, vous aurez du temps libre pour d\u00e9jeuner dans un lieu local, que votre guide pourra vous recommander! Il est possible d&#8217;organiser une dur\u00e9e plus courte ou plus longue de la visite si vous pr\u00e9f\u00e9rez. Contactez-nous pour une proposition sur mesure!<\/p>\n","protected":false},"excerpt":{"rendered":"<p>Aucune visite en France n&#8217;est compl\u00e8te sans une visite de vignobles. Visitez des \u00e9tablissements vinicoles locaux appartenant \u00e0 la famille et d\u00e9gustez le meilleur vin du monde, tout en apprenant comment c&#8217;est fait! Profitez de cette visite priv\u00e9e des vins de Nice avec votre chauffeur \/ guide priv\u00e9, grand connaisseur de sa r\u00e9gion.<\/p>\n","protected":false},"featured_media":94763,"comment_status":"open","ping_status":"closed","template":"","meta":{"_acf_changed":false},"product_brand":[],"product_cat":[5533,5534,5532,3694],"product_tag":[],"class_list":{"0":"post-101333","1":"product","2":"type-product","3":"status-publish","4":"has-post-thumbnail","6":"product_cat-all-private-tours-activities-fr-40","7":"product_cat-private-day-trips-fr-23","8":"product_cat-private-sightseeing-tours-fr-49","9":"product_cat-nice-fr","11":"first","12":"instock","13":"shipping-taxable","14":"purchasable","15":"product-type-simple"},"acf":[],"yoast_head":"<!-- This site is optimized with the Yoast SEO Premium plugin v25.3.1 (Yoast SEO v25.3.1) - https:\/\/yoast.com\/wordpress\/plugins\/seo\/ -->\n<title>Visite priv\u00e9e des vins de Nice avec chauffeur \/ guide priv\u00e9<\/title>\n<meta name=\"description\" content=\"Visitez des \u00e9tablissements vinicoles locaux appartenant \u00e0 la famille et d\u00e9gustez le meilleur vin du monde, tout en apprenant comment c&#039;est fait! Profitez de cette visite priv\u00e9e des vins de Nice!\" \/>\n<meta name=\"robots\" content=\"index, follow, max-snippet:-1, max-image-preview:large, max-video-preview:-1\" \/>\n<link rel=\"canonical\" href=\"https:\/\/tourtravelandmore.com\/fr\/tours\/france-fr\/nice-fr\/visite-privee-des-vignobles-de-la-cote-dazur-au-depart-de-nice\/\" \/>\n<meta property=\"og:locale\" content=\"fr_FR\" \/>\n<meta property=\"og:type\" content=\"article\" \/>\n<meta property=\"og:title\" content=\"Visite priv\u00e9e des vignobles de la C\u00f4te d&#039;Azur au d\u00e9part de Nice\" \/>\n<meta property=\"og:description\" content=\"Visitez des \u00e9tablissements vinicoles locaux appartenant \u00e0 la famille et d\u00e9gustez le meilleur vin du monde, tout en apprenant comment c&#039;est fait! Profitez de cette visite priv\u00e9e des vins de Nice!\" \/>\n<meta property=\"og:url\" content=\"https:\/\/tourtravelandmore.com\/fr\/tours\/france-fr\/nice-fr\/visite-privee-des-vignobles-de-la-cote-dazur-au-depart-de-nice\/\" \/>\n<meta property=\"og:site_name\" content=\"Tour Travel And More\" \/>\n<meta property=\"article:publisher\" content=\"https:\/\/www.facebook.com\/tourtravelandmore\/\" \/>\n<meta property=\"article:modified_time\" content=\"2025-06-02T19:01:30+00:00\" \/>\n<meta property=\"og:image\" content=\"https:\/\/tourtravelandmore.com\/wp-content\/uploads\/2018\/03\/purple-grapes-553463.jpg\" \/>\n\t<meta property=\"og:image:width\" content=\"1000\" \/>\n\t<meta property=\"og:image:height\" content=\"667\" \/>\n\t<meta property=\"og:image:type\" content=\"image\/jpeg\" \/>\n<meta name=\"twitter:card\" content=\"summary_large_image\" \/>\n<meta name=\"twitter:site\" content=\"@TourTravel_More\" \/>\n<meta name=\"twitter:label1\" content=\"Dur\u00e9e de lecture estim\u00e9e\" \/>\n\t<meta name=\"twitter:data1\" content=\"2 minutes\" \/>\n<script type=\"application\/ld+json\" class=\"yoast-schema-graph\">{\"@context\":\"https:\/\/schema.org\",\"@graph\":[{\"@type\":\"WebPage\",\"@id\":\"https:\/\/tourtravelandmore.com\/fr\/tours\/france-fr\/nice-fr\/visite-privee-des-vignobles-de-la-cote-dazur-au-depart-de-nice\/\",\"url\":\"https:\/\/tourtravelandmore.com\/fr\/tours\/france-fr\/nice-fr\/visite-privee-des-vignobles-de-la-cote-dazur-au-depart-de-nice\/\",\"name\":\"Visite priv\u00e9e des vins de Nice avec chauffeur \/ guide priv\u00e9\",\"isPartOf\":{\"@id\":\"https:\/\/tourtravelandmore.com\/fr\/#website\"},\"primaryImageOfPage\":{\"@id\":\"https:\/\/tourtravelandmore.com\/fr\/tours\/france-fr\/nice-fr\/visite-privee-des-vignobles-de-la-cote-dazur-au-depart-de-nice\/#primaryimage\"},\"image\":{\"@id\":\"https:\/\/tourtravelandmore.com\/fr\/tours\/france-fr\/nice-fr\/visite-privee-des-vignobles-de-la-cote-dazur-au-depart-de-nice\/#primaryimage\"},\"thumbnailUrl\":\"https:\/\/tourtravelandmore.com\/wp-content\/uploads\/2018\/03\/purple-grapes-553463.jpg\",\"datePublished\":\"2018-03-05T15:37:44+00:00\",\"dateModified\":\"2025-06-02T19:01:30+00:00\",\"description\":\"Visitez des \u00e9tablissements vinicoles locaux appartenant \u00e0 la famille et d\u00e9gustez le meilleur vin du monde, tout en apprenant comment c'est fait! Profitez de cette visite priv\u00e9e des vins de Nice!\",\"breadcrumb\":{\"@id\":\"https:\/\/tourtravelandmore.com\/fr\/tours\/france-fr\/nice-fr\/visite-privee-des-vignobles-de-la-cote-dazur-au-depart-de-nice\/#breadcrumb\"},\"inLanguage\":\"fr-FR\",\"potentialAction\":[{\"@type\":\"ReadAction\",\"target\":[\"https:\/\/tourtravelandmore.com\/fr\/tours\/france-fr\/nice-fr\/visite-privee-des-vignobles-de-la-cote-dazur-au-depart-de-nice\/\"]}]},{\"@type\":\"ImageObject\",\"inLanguage\":\"fr-FR\",\"@id\":\"https:\/\/tourtravelandmore.com\/fr\/tours\/france-fr\/nice-fr\/visite-privee-des-vignobles-de-la-cote-dazur-au-depart-de-nice\/#primaryimage\",\"url\":\"https:\/\/tourtravelandmore.com\/wp-content\/uploads\/2018\/03\/purple-grapes-553463.jpg\",\"contentUrl\":\"https:\/\/tourtravelandmore.com\/wp-content\/uploads\/2018\/03\/purple-grapes-553463.jpg\",\"width\":1000,\"height\":667},{\"@type\":\"BreadcrumbList\",\"@id\":\"https:\/\/tourtravelandmore.com\/fr\/tours\/france-fr\/nice-fr\/visite-privee-des-vignobles-de-la-cote-dazur-au-depart-de-nice\/#breadcrumb\",\"itemListElement\":[{\"@type\":\"ListItem\",\"position\":1,\"name\":\"Home\",\"item\":\"https:\/\/tourtravelandmore.com\/fr\/\"},{\"@type\":\"ListItem\",\"position\":2,\"name\":\"Tours\",\"item\":\"https:\/\/tourtravelandmore.com\/fr\/tours\/\"},{\"@type\":\"ListItem\",\"position\":3,\"name\":\"Visite priv\u00e9e des vignobles de la C\u00f4te d&#8217;Azur au d\u00e9part de Nice\"}]},{\"@type\":\"WebSite\",\"@id\":\"https:\/\/tourtravelandmore.com\/fr\/#website\",\"url\":\"https:\/\/tourtravelandmore.com\/fr\/\",\"name\":\"Tour Travel And More\",\"description\":\"Private sightseeing tours and luxury transfers in Spain\",\"publisher\":{\"@id\":\"https:\/\/tourtravelandmore.com\/fr\/#organization\"},\"potentialAction\":[{\"@type\":\"SearchAction\",\"target\":{\"@type\":\"EntryPoint\",\"urlTemplate\":\"https:\/\/tourtravelandmore.com\/fr\/?s={search_term_string}\"},\"query-input\":{\"@type\":\"PropertyValueSpecification\",\"valueRequired\":true,\"valueName\":\"search_term_string\"}}],\"inLanguage\":\"fr-FR\"},{\"@type\":\"Organization\",\"@id\":\"https:\/\/tourtravelandmore.com\/fr\/#organization\",\"name\":\"Tour Travel And More\",\"url\":\"https:\/\/tourtravelandmore.com\/fr\/\",\"logo\":{\"@type\":\"ImageObject\",\"inLanguage\":\"fr-FR\",\"@id\":\"https:\/\/tourtravelandmore.com\/fr\/#\/schema\/logo\/image\/\",\"url\":\"https:\/\/tourtravelandmore.com\/wp-content\/uploads\/2022\/12\/cropped-logo-cabecera-new.png\",\"contentUrl\":\"https:\/\/tourtravelandmore.com\/wp-content\/uploads\/2022\/12\/cropped-logo-cabecera-new.png\",\"width\":430,\"height\":61,\"caption\":\"Tour Travel And More\"},\"image\":{\"@id\":\"https:\/\/tourtravelandmore.com\/fr\/#\/schema\/logo\/image\/\"},\"sameAs\":[\"https:\/\/www.facebook.com\/tourtravelandmore\/\",\"https:\/\/x.com\/TourTravel_More\"]}]}<\/script>\n<!-- \/ Yoast SEO Premium plugin. -->","yoast_head_json":{"title":"Visite priv\u00e9e des vins de Nice avec chauffeur \/ guide priv\u00e9","description":"Visitez des \u00e9tablissements vinicoles locaux appartenant \u00e0 la famille et d\u00e9gustez le meilleur vin du monde, tout en apprenant comment c'est fait! Profitez de cette visite priv\u00e9e des vins de Nice!","robots":{"index":"index","follow":"follow","max-snippet":"max-snippet:-1","max-image-preview":"max-image-preview:large","max-video-preview":"max-video-preview:-1"},"canonical":"https:\/\/tourtravelandmore.com\/fr\/tours\/france-fr\/nice-fr\/visite-privee-des-vignobles-de-la-cote-dazur-au-depart-de-nice\/","og_locale":"fr_FR","og_type":"article","og_title":"Visite priv\u00e9e des vignobles de la C\u00f4te d'Azur au d\u00e9part de Nice","og_description":"Visitez des \u00e9tablissements vinicoles locaux appartenant \u00e0 la famille et d\u00e9gustez le meilleur vin du monde, tout en apprenant comment c'est fait! Profitez de cette visite priv\u00e9e des vins de Nice!","og_url":"https:\/\/tourtravelandmore.com\/fr\/tours\/france-fr\/nice-fr\/visite-privee-des-vignobles-de-la-cote-dazur-au-depart-de-nice\/","og_site_name":"Tour Travel And More","article_publisher":"https:\/\/www.facebook.com\/tourtravelandmore\/","article_modified_time":"2025-06-02T19:01:30+00:00","og_image":[{"width":1000,"height":667,"url":"https:\/\/tourtravelandmore.com\/wp-content\/uploads\/2018\/03\/purple-grapes-553463.jpg","type":"image\/jpeg"}],"twitter_card":"summary_large_image","twitter_site":"@TourTravel_More","twitter_misc":{"Dur\u00e9e de lecture estim\u00e9e":"2 minutes"},"schema":{"@context":"https:\/\/schema.org","@graph":[{"@type":"WebPage","@id":"https:\/\/tourtravelandmore.com\/fr\/tours\/france-fr\/nice-fr\/visite-privee-des-vignobles-de-la-cote-dazur-au-depart-de-nice\/","url":"https:\/\/tourtravelandmore.com\/fr\/tours\/france-fr\/nice-fr\/visite-privee-des-vignobles-de-la-cote-dazur-au-depart-de-nice\/","name":"Visite priv\u00e9e des vins de Nice avec chauffeur \/ guide priv\u00e9","isPartOf":{"@id":"https:\/\/tourtravelandmore.com\/fr\/#website"},"primaryImageOfPage":{"@id":"https:\/\/tourtravelandmore.com\/fr\/tours\/france-fr\/nice-fr\/visite-privee-des-vignobles-de-la-cote-dazur-au-depart-de-nice\/#primaryimage"},"image":{"@id":"https:\/\/tourtravelandmore.com\/fr\/tours\/france-fr\/nice-fr\/visite-privee-des-vignobles-de-la-cote-dazur-au-depart-de-nice\/#primaryimage"},"thumbnailUrl":"https:\/\/tourtravelandmore.com\/wp-content\/uploads\/2018\/03\/purple-grapes-553463.jpg","datePublished":"2018-03-05T15:37:44+00:00","dateModified":"2025-06-02T19:01:30+00:00","description":"Visitez des \u00e9tablissements vinicoles locaux appartenant \u00e0 la famille et d\u00e9gustez le meilleur vin du monde, tout en apprenant comment c'est fait! Profitez de cette visite priv\u00e9e des vins de Nice!","breadcrumb":{"@id":"https:\/\/tourtravelandmore.com\/fr\/tours\/france-fr\/nice-fr\/visite-privee-des-vignobles-de-la-cote-dazur-au-depart-de-nice\/#breadcrumb"},"inLanguage":"fr-FR","potentialAction":[{"@type":"ReadAction","target":["https:\/\/tourtravelandmore.com\/fr\/tours\/france-fr\/nice-fr\/visite-privee-des-vignobles-de-la-cote-dazur-au-depart-de-nice\/"]}]},{"@type":"ImageObject","inLanguage":"fr-FR","@id":"https:\/\/tourtravelandmore.com\/fr\/tours\/france-fr\/nice-fr\/visite-privee-des-vignobles-de-la-cote-dazur-au-depart-de-nice\/#primaryimage","url":"https:\/\/tourtravelandmore.com\/wp-content\/uploads\/2018\/03\/purple-grapes-553463.jpg","contentUrl":"https:\/\/tourtravelandmore.com\/wp-content\/uploads\/2018\/03\/purple-grapes-553463.jpg","width":1000,"height":667},{"@type":"BreadcrumbList","@id":"https:\/\/tourtravelandmore.com\/fr\/tours\/france-fr\/nice-fr\/visite-privee-des-vignobles-de-la-cote-dazur-au-depart-de-nice\/#breadcrumb","itemListElement":[{"@type":"ListItem","position":1,"name":"Home","item":"https:\/\/tourtravelandmore.com\/fr\/"},{"@type":"ListItem","position":2,"name":"Tours","item":"https:\/\/tourtravelandmore.com\/fr\/tours\/"},{"@type":"ListItem","position":3,"name":"Visite priv\u00e9e des vignobles de la C\u00f4te d&#8217;Azur au d\u00e9part de Nice"}]},{"@type":"WebSite","@id":"https:\/\/tourtravelandmore.com\/fr\/#website","url":"https:\/\/tourtravelandmore.com\/fr\/","name":"Tour Travel And More","description":"Private sightseeing tours and luxury transfers in Spain","publisher":{"@id":"https:\/\/tourtravelandmore.com\/fr\/#organization"},"potentialAction":[{"@type":"SearchAction","target":{"@type":"EntryPoint","urlTemplate":"https:\/\/tourtravelandmore.com\/fr\/?s={search_term_string}"},"query-input":{"@type":"PropertyValueSpecification","valueRequired":true,"valueName":"search_term_string"}}],"inLanguage":"fr-FR"},{"@type":"Organization","@id":"https:\/\/tourtravelandmore.com\/fr\/#organization","name":"Tour Travel And More","url":"https:\/\/tourtravelandmore.com\/fr\/","logo":{"@type":"ImageObject","inLanguage":"fr-FR","@id":"https:\/\/tourtravelandmore.com\/fr\/#\/schema\/logo\/image\/","url":"https:\/\/tourtravelandmore.com\/wp-content\/uploads\/2022\/12\/cropped-logo-cabecera-new.png","contentUrl":"https:\/\/tourtravelandmore.com\/wp-content\/uploads\/2022\/12\/cropped-logo-cabecera-new.png","width":430,"height":61,"caption":"Tour Travel And More"},"image":{"@id":"https:\/\/tourtravelandmore.com\/fr\/#\/schema\/logo\/image\/"},"sameAs":["https:\/\/www.facebook.com\/tourtravelandmore\/","https:\/\/x.com\/TourTravel_More"]}]}},"_links":{"self":[{"href":"https:\/\/tourtravelandmore.com\/fr\/wp-json\/wp\/v2\/product\/101333","targetHints":{"allow":["GET"]}}],"collection":[{"href":"https:\/\/tourtravelandmore.com\/fr\/wp-json\/wp\/v2\/product"}],"about":[{"href":"https:\/\/tourtravelandmore.com\/fr\/wp-json\/wp\/v2\/types\/product"}],"replies":[{"embeddable":true,"href":"https:\/\/tourtravelandmore.com\/fr\/wp-json\/wp\/v2\/comments?post=101333"}],"wp:featuredmedia":[{"embeddable":true,"href":"https:\/\/tourtravelandmore.com\/fr\/wp-json\/wp\/v2\/media\/94763"}],"wp:attachment":[{"href":"https:\/\/tourtravelandmore.com\/fr\/wp-json\/wp\/v2\/media?parent=101333"}],"wp:term":[{"taxonomy":"product_brand","embeddable":true,"href":"https:\/\/tourtravelandmore.com\/fr\/wp-json\/wp\/v2\/product_brand?post=101333"},{"taxonomy":"product_cat","embeddable":true,"href":"https:\/\/tourtravelandmore.com\/fr\/wp-json\/wp\/v2\/product_cat?post=101333"},{"taxonomy":"product_tag","embeddable":true,"href":"https:\/\/tourtravelandmore.com\/fr\/wp-json\/wp\/v2\/product_tag?post=101333"}],"curies":[{"name":"wp","href":"https:\/\/api.w.org\/{rel}","templated":true}]}}