{"id":101323,"date":"2018-03-05T16:12:19","date_gmt":"2018-03-05T15:12:19","guid":{"rendered":"https:\/\/tourtravelandmore.com\/tours\/non%20class\u00e9\/visite-privee-dune-journee-le-meilleur-de-la-cote-dazur-avec-chauffeur-guide\/"},"modified":"2025-06-03T20:31:24","modified_gmt":"2025-06-03T18:31:24","slug":"visite-privee-dune-journee-le-meilleur-de-la-cote-dazur-avec-chauffeur-guide","status":"publish","type":"product","link":"https:\/\/tourtravelandmore.com\/fr\/tours\/france-fr\/nice-fr\/visite-privee-dune-journee-le-meilleur-de-la-cote-dazur-avec-chauffeur-guide\/","title":{"rendered":"Visite priv\u00e9e de Monaco et d&#8217;\u00c8ze"},"content":{"rendered":"<h2><b><strong>Description<\/strong><\/b><\/h2>\n<p>D\u00e9couvrez l&#8217;\u00e9l\u00e9gance intemporelle de la C\u00f4te d&#8217;Azur lors de cette excursion priv\u00e9e d&#8217;une journ\u00e9e \u00e0 Monaco et Eze. Avec votre propre chauffeur\/guide priv\u00e9 (ou chauffeur et guide pour les groupes plus importants), profitez d&#8217;un voyage personnalis\u00e9 le long de l&#8217;un des littoraux les plus embl\u00e9matiques d&#8217;Europe, avec la possibilit\u00e9 d&#8217;explorer \u00e0 votre rythme.<\/p>\n<p>Tout d&#8217;abord, votre chauffeur viendra vous chercher \u00e0 votre h\u00f4tel ou \u00e0 l&#8217;endroit de votre choix (h\u00f4tel, port de croisi\u00e8re, a\u00e9roport ou appartement). Veuillez nous informer \u00e0 l&#8217;avance, nous pouvons organiser votre transfert depuis Cannes, Monaco, Nice, Villefranche-sur-Mer et leurs environs.<\/p>\n<p>Cette exp\u00e9rience priv\u00e9e de 8 heures est id\u00e9ale pour ceux qui souhaitent passer une journ\u00e9e d\u00e9tendue mais enrichissante sur la C\u00f4te d&#8217;Azur, avec un transport fluide et les commentaires avis\u00e9s de votre expert local.<\/p>\n<h2><b><strong>Visite priv\u00e9e de Monaco et d&#8217;\u00c8ze | Points d&#8217;int\u00e9r\u00eat et sites touristiques<\/strong><\/b><\/h2>\n<p>Commencez votre journ\u00e9e par une route panoramique le long de la magnifique <b>Corniche du Milieu<\/b>, o\u00f9 vous pourrez vous arr\u00eater pour admirer une vue panoramique sur la mer M\u00e9diterran\u00e9e. Arriv\u00e9e dans le village m\u00e9di\u00e9val d&#8217;<b>\u00c8ze<\/b>, perch\u00e9 sur une falaise \u00e0 400 m\u00e8tres au-dessus du niveau de la mer. Promenez-vous dans ses rues pav\u00e9es, fl\u00e2nez dans les boutiques d&#8217;artisans et admirez des vues imprenables sur la C\u00f4te d&#8217;Azur. Profitez d&#8217;une visite gratuite d&#8217;une <b>parfumerie<\/b> locale, o\u00f9 vous d\u00e9couvrirez la tradition parfum\u00e9e mondialement connue de la r\u00e9gion.<\/p>\n<p>Continuez vers la glamour <b>Principaut\u00e9 de Monaco<\/b>, une cit\u00e9-\u00c9tat souveraine r\u00e9put\u00e9e pour son luxe, son histoire et son charme. Explorez la <b>Place du Casino de Monte-Carlo<\/b>, admirez le <b>circuit du Grand Prix de Formule 1<\/b> et visitez le <b>Rocher de Monaco<\/b>, qui abrite la vieille ville et le <b>Palais de la Principaut\u00e9<\/b> (vue ext\u00e9rieure). Promenez-vous dans le quartier pittoresque de <b>Monaco-Ville<\/b> et d\u00e9couvrez la <b>Cath\u00e9drale de Monaco<\/b>, derni\u00e8re demeure de la princesse Grace et du prince Rainier III.<\/p>\n<ul>\n<li><b>Excursion priv\u00e9e d&#8217;une journ\u00e9e<\/b> (8 heures) \u00e0 Monaco et Eze au d\u00e9part de Nice, Cannes ou des environs<\/li>\n<li>Profitez de la <b>route panoramique de la Corneille<\/b> avec vue sur la mer M\u00e9diterran\u00e9e<\/li>\n<li>Promenez-vous dans le <b>village m\u00e9di\u00e9val perch\u00e9 d&#8217;Eze<\/b><\/li>\n<li>Visite gratuite d&#8217;une <b>parfumerie traditionnelle<\/b> \u00e0 Eze<\/li>\n<li>Explorez <b>Monaco-Ville<\/b>, le <b>Palais de Prince<\/b> (ext\u00e9rieur) et la <b>Cath\u00e9drale<\/b><\/li>\n<li>D\u00e9couvrez l&#8217;\u00e9l\u00e9gance de <b>Monte-Carlo<\/b> et admirez la <b>Place du Casino<\/b><\/li>\n<p>Roulez le long du c\u00e9l\u00e8bre circuit du Grand Prix de Formule 1. Voiture de luxe avec chauffeur\/guide priv\u00e9 (jusqu&#8217;\u00e0 8 personnes) ou chauffeur + guide agr\u00e9\u00e9 (9 \u00e0 15 personnes).<\/ul>\n<p>Nous pouvons adapter la dur\u00e9e de l&#8217;exp\u00e9rience \u00e0 vos besoins. Cependant, cette option de visite a une dur\u00e9e de 8 heures. N&#8217;h\u00e9sitez pas \u00e0 nous contacter si vous souhaitez une visite plus courte ou plus longue.<\/p>\n","protected":false},"excerpt":{"rendered":"<p>D\u00e9couvrez l&#8217;\u00e9l\u00e9gance intemporelle de la C\u00f4te d&#8217;Azur lors de cette excursion priv\u00e9e d&#8217;une journ\u00e9e \u00e0 Monaco et Eze. Avec votre propre chauffeur\/guide priv\u00e9 (ou chauffeur et guide pour les groupes plus importants), profitez d&#8217;un voyage personnalis\u00e9 le long de l&#8217;un des littoraux les plus embl\u00e9matiques d&#8217;Europe, avec la possibilit\u00e9 d&#8217;explorer \u00e0 votre rythme.<\/p>\n","protected":false},"featured_media":184435,"comment_status":"open","ping_status":"closed","template":"","meta":{"_acf_changed":false},"product_brand":[],"product_cat":[5533,5534,5532,3694],"product_tag":[],"class_list":{"0":"post-101323","1":"product","2":"type-product","3":"status-publish","4":"has-post-thumbnail","6":"product_cat-all-private-tours-activities-fr-40","7":"product_cat-private-day-trips-fr-23","8":"product_cat-private-sightseeing-tours-fr-49","9":"product_cat-nice-fr","11":"first","12":"instock","13":"shipping-taxable","14":"purchasable","15":"product-type-simple"},"acf":[],"yoast_head":"<!-- This site is optimized with the Yoast SEO Premium plugin v25.3.1 (Yoast SEO v25.3.1) - https:\/\/yoast.com\/wordpress\/plugins\/seo\/ -->\n<title>Visite priv\u00e9e de la C\u00f4te d&#039;Azur au d\u00e9part de Nice avec chauffeur \/ guide priv\u00e9<\/title>\n<meta name=\"description\" content=\"D\u00e9couvrez les sites les plus merveilleux de la C\u00f4te d&#039;Azur lors de cette visite priv\u00e9e avec votre chauffeur \/ guide. Visitez Nice, Monaco, Eze, Saint Paul de Vence et plus encore!\" \/>\n<meta name=\"robots\" content=\"index, follow, max-snippet:-1, max-image-preview:large, max-video-preview:-1\" \/>\n<link rel=\"canonical\" href=\"https:\/\/tourtravelandmore.com\/fr\/tours\/france-fr\/nice-fr\/visite-privee-dune-journee-le-meilleur-de-la-cote-dazur-avec-chauffeur-guide\/\" \/>\n<meta property=\"og:locale\" content=\"fr_FR\" \/>\n<meta property=\"og:type\" content=\"article\" \/>\n<meta property=\"og:title\" content=\"Visite priv\u00e9e de Monaco et d&#039;\u00c8ze\" \/>\n<meta property=\"og:description\" content=\"D\u00e9couvrez les sites les plus merveilleux de la C\u00f4te d&#039;Azur lors de cette visite priv\u00e9e avec votre chauffeur \/ guide. Visitez Nice, Monaco, Eze, Saint Paul de Vence et plus encore!\" \/>\n<meta property=\"og:url\" content=\"https:\/\/tourtravelandmore.com\/fr\/tours\/france-fr\/nice-fr\/visite-privee-dune-journee-le-meilleur-de-la-cote-dazur-avec-chauffeur-guide\/\" \/>\n<meta property=\"og:site_name\" content=\"Tour Travel And More\" \/>\n<meta property=\"article:publisher\" content=\"https:\/\/www.facebook.com\/tourtravelandmore\/\" \/>\n<meta property=\"article:modified_time\" content=\"2025-06-03T18:31:24+00:00\" \/>\n<meta property=\"og:image\" content=\"https:\/\/tourtravelandmore.com\/wp-content\/uploads\/2018\/03\/pexels-tydegidts-3958980.jpg\" \/>\n\t<meta property=\"og:image:width\" content=\"1280\" \/>\n\t<meta property=\"og:image:height\" content=\"853\" \/>\n\t<meta property=\"og:image:type\" content=\"image\/jpeg\" \/>\n<meta name=\"twitter:card\" content=\"summary_large_image\" \/>\n<meta name=\"twitter:site\" content=\"@TourTravel_More\" \/>\n<meta name=\"twitter:label1\" content=\"Dur\u00e9e de lecture estim\u00e9e\" \/>\n\t<meta name=\"twitter:data1\" content=\"2 minutes\" \/>\n<script type=\"application\/ld+json\" class=\"yoast-schema-graph\">{\"@context\":\"https:\/\/schema.org\",\"@graph\":[{\"@type\":\"WebPage\",\"@id\":\"https:\/\/tourtravelandmore.com\/fr\/tours\/france-fr\/nice-fr\/visite-privee-dune-journee-le-meilleur-de-la-cote-dazur-avec-chauffeur-guide\/\",\"url\":\"https:\/\/tourtravelandmore.com\/fr\/tours\/france-fr\/nice-fr\/visite-privee-dune-journee-le-meilleur-de-la-cote-dazur-avec-chauffeur-guide\/\",\"name\":\"Visite priv\u00e9e de la C\u00f4te d'Azur au d\u00e9part de Nice avec chauffeur \/ guide priv\u00e9\",\"isPartOf\":{\"@id\":\"https:\/\/tourtravelandmore.com\/fr\/#website\"},\"primaryImageOfPage\":{\"@id\":\"https:\/\/tourtravelandmore.com\/fr\/tours\/france-fr\/nice-fr\/visite-privee-dune-journee-le-meilleur-de-la-cote-dazur-avec-chauffeur-guide\/#primaryimage\"},\"image\":{\"@id\":\"https:\/\/tourtravelandmore.com\/fr\/tours\/france-fr\/nice-fr\/visite-privee-dune-journee-le-meilleur-de-la-cote-dazur-avec-chauffeur-guide\/#primaryimage\"},\"thumbnailUrl\":\"https:\/\/tourtravelandmore.com\/wp-content\/uploads\/2018\/03\/pexels-tydegidts-3958980.jpg\",\"datePublished\":\"2018-03-05T15:12:19+00:00\",\"dateModified\":\"2025-06-03T18:31:24+00:00\",\"description\":\"D\u00e9couvrez les sites les plus merveilleux de la C\u00f4te d'Azur lors de cette visite priv\u00e9e avec votre chauffeur \/ guide. Visitez Nice, Monaco, Eze, Saint Paul de Vence et plus encore!\",\"breadcrumb\":{\"@id\":\"https:\/\/tourtravelandmore.com\/fr\/tours\/france-fr\/nice-fr\/visite-privee-dune-journee-le-meilleur-de-la-cote-dazur-avec-chauffeur-guide\/#breadcrumb\"},\"inLanguage\":\"fr-FR\",\"potentialAction\":[{\"@type\":\"ReadAction\",\"target\":[\"https:\/\/tourtravelandmore.com\/fr\/tours\/france-fr\/nice-fr\/visite-privee-dune-journee-le-meilleur-de-la-cote-dazur-avec-chauffeur-guide\/\"]}]},{\"@type\":\"ImageObject\",\"inLanguage\":\"fr-FR\",\"@id\":\"https:\/\/tourtravelandmore.com\/fr\/tours\/france-fr\/nice-fr\/visite-privee-dune-journee-le-meilleur-de-la-cote-dazur-avec-chauffeur-guide\/#primaryimage\",\"url\":\"https:\/\/tourtravelandmore.com\/wp-content\/uploads\/2018\/03\/pexels-tydegidts-3958980.jpg\",\"contentUrl\":\"https:\/\/tourtravelandmore.com\/wp-content\/uploads\/2018\/03\/pexels-tydegidts-3958980.jpg\",\"width\":1280,\"height\":853},{\"@type\":\"BreadcrumbList\",\"@id\":\"https:\/\/tourtravelandmore.com\/fr\/tours\/france-fr\/nice-fr\/visite-privee-dune-journee-le-meilleur-de-la-cote-dazur-avec-chauffeur-guide\/#breadcrumb\",\"itemListElement\":[{\"@type\":\"ListItem\",\"position\":1,\"name\":\"Home\",\"item\":\"https:\/\/tourtravelandmore.com\/fr\/\"},{\"@type\":\"ListItem\",\"position\":2,\"name\":\"Tours\",\"item\":\"https:\/\/tourtravelandmore.com\/fr\/tours\/\"},{\"@type\":\"ListItem\",\"position\":3,\"name\":\"Visite priv\u00e9e de Monaco et d&#8217;\u00c8ze\"}]},{\"@type\":\"WebSite\",\"@id\":\"https:\/\/tourtravelandmore.com\/fr\/#website\",\"url\":\"https:\/\/tourtravelandmore.com\/fr\/\",\"name\":\"Tour Travel And More\",\"description\":\"Private sightseeing tours and luxury transfers in Spain\",\"publisher\":{\"@id\":\"https:\/\/tourtravelandmore.com\/fr\/#organization\"},\"potentialAction\":[{\"@type\":\"SearchAction\",\"target\":{\"@type\":\"EntryPoint\",\"urlTemplate\":\"https:\/\/tourtravelandmore.com\/fr\/?s={search_term_string}\"},\"query-input\":{\"@type\":\"PropertyValueSpecification\",\"valueRequired\":true,\"valueName\":\"search_term_string\"}}],\"inLanguage\":\"fr-FR\"},{\"@type\":\"Organization\",\"@id\":\"https:\/\/tourtravelandmore.com\/fr\/#organization\",\"name\":\"Tour Travel And More\",\"url\":\"https:\/\/tourtravelandmore.com\/fr\/\",\"logo\":{\"@type\":\"ImageObject\",\"inLanguage\":\"fr-FR\",\"@id\":\"https:\/\/tourtravelandmore.com\/fr\/#\/schema\/logo\/image\/\",\"url\":\"https:\/\/tourtravelandmore.com\/wp-content\/uploads\/2022\/12\/cropped-logo-cabecera-new.png\",\"contentUrl\":\"https:\/\/tourtravelandmore.com\/wp-content\/uploads\/2022\/12\/cropped-logo-cabecera-new.png\",\"width\":430,\"height\":61,\"caption\":\"Tour Travel And More\"},\"image\":{\"@id\":\"https:\/\/tourtravelandmore.com\/fr\/#\/schema\/logo\/image\/\"},\"sameAs\":[\"https:\/\/www.facebook.com\/tourtravelandmore\/\",\"https:\/\/x.com\/TourTravel_More\"]}]}<\/script>\n<!-- \/ Yoast SEO Premium plugin. -->","yoast_head_json":{"title":"Visite priv\u00e9e de la C\u00f4te d'Azur au d\u00e9part de Nice avec chauffeur \/ guide priv\u00e9","description":"D\u00e9couvrez les sites les plus merveilleux de la C\u00f4te d'Azur lors de cette visite priv\u00e9e avec votre chauffeur \/ guide. Visitez Nice, Monaco, Eze, Saint Paul de Vence et plus encore!","robots":{"index":"index","follow":"follow","max-snippet":"max-snippet:-1","max-image-preview":"max-image-preview:large","max-video-preview":"max-video-preview:-1"},"canonical":"https:\/\/tourtravelandmore.com\/fr\/tours\/france-fr\/nice-fr\/visite-privee-dune-journee-le-meilleur-de-la-cote-dazur-avec-chauffeur-guide\/","og_locale":"fr_FR","og_type":"article","og_title":"Visite priv\u00e9e de Monaco et d'\u00c8ze","og_description":"D\u00e9couvrez les sites les plus merveilleux de la C\u00f4te d'Azur lors de cette visite priv\u00e9e avec votre chauffeur \/ guide. Visitez Nice, Monaco, Eze, Saint Paul de Vence et plus encore!","og_url":"https:\/\/tourtravelandmore.com\/fr\/tours\/france-fr\/nice-fr\/visite-privee-dune-journee-le-meilleur-de-la-cote-dazur-avec-chauffeur-guide\/","og_site_name":"Tour Travel And More","article_publisher":"https:\/\/www.facebook.com\/tourtravelandmore\/","article_modified_time":"2025-06-03T18:31:24+00:00","og_image":[{"width":1280,"height":853,"url":"https:\/\/tourtravelandmore.com\/wp-content\/uploads\/2018\/03\/pexels-tydegidts-3958980.jpg","type":"image\/jpeg"}],"twitter_card":"summary_large_image","twitter_site":"@TourTravel_More","twitter_misc":{"Dur\u00e9e de lecture estim\u00e9e":"2 minutes"},"schema":{"@context":"https:\/\/schema.org","@graph":[{"@type":"WebPage","@id":"https:\/\/tourtravelandmore.com\/fr\/tours\/france-fr\/nice-fr\/visite-privee-dune-journee-le-meilleur-de-la-cote-dazur-avec-chauffeur-guide\/","url":"https:\/\/tourtravelandmore.com\/fr\/tours\/france-fr\/nice-fr\/visite-privee-dune-journee-le-meilleur-de-la-cote-dazur-avec-chauffeur-guide\/","name":"Visite priv\u00e9e de la C\u00f4te d'Azur au d\u00e9part de Nice avec chauffeur \/ guide priv\u00e9","isPartOf":{"@id":"https:\/\/tourtravelandmore.com\/fr\/#website"},"primaryImageOfPage":{"@id":"https:\/\/tourtravelandmore.com\/fr\/tours\/france-fr\/nice-fr\/visite-privee-dune-journee-le-meilleur-de-la-cote-dazur-avec-chauffeur-guide\/#primaryimage"},"image":{"@id":"https:\/\/tourtravelandmore.com\/fr\/tours\/france-fr\/nice-fr\/visite-privee-dune-journee-le-meilleur-de-la-cote-dazur-avec-chauffeur-guide\/#primaryimage"},"thumbnailUrl":"https:\/\/tourtravelandmore.com\/wp-content\/uploads\/2018\/03\/pexels-tydegidts-3958980.jpg","datePublished":"2018-03-05T15:12:19+00:00","dateModified":"2025-06-03T18:31:24+00:00","description":"D\u00e9couvrez les sites les plus merveilleux de la C\u00f4te d'Azur lors de cette visite priv\u00e9e avec votre chauffeur \/ guide. Visitez Nice, Monaco, Eze, Saint Paul de Vence et plus encore!","breadcrumb":{"@id":"https:\/\/tourtravelandmore.com\/fr\/tours\/france-fr\/nice-fr\/visite-privee-dune-journee-le-meilleur-de-la-cote-dazur-avec-chauffeur-guide\/#breadcrumb"},"inLanguage":"fr-FR","potentialAction":[{"@type":"ReadAction","target":["https:\/\/tourtravelandmore.com\/fr\/tours\/france-fr\/nice-fr\/visite-privee-dune-journee-le-meilleur-de-la-cote-dazur-avec-chauffeur-guide\/"]}]},{"@type":"ImageObject","inLanguage":"fr-FR","@id":"https:\/\/tourtravelandmore.com\/fr\/tours\/france-fr\/nice-fr\/visite-privee-dune-journee-le-meilleur-de-la-cote-dazur-avec-chauffeur-guide\/#primaryimage","url":"https:\/\/tourtravelandmore.com\/wp-content\/uploads\/2018\/03\/pexels-tydegidts-3958980.jpg","contentUrl":"https:\/\/tourtravelandmore.com\/wp-content\/uploads\/2018\/03\/pexels-tydegidts-3958980.jpg","width":1280,"height":853},{"@type":"BreadcrumbList","@id":"https:\/\/tourtravelandmore.com\/fr\/tours\/france-fr\/nice-fr\/visite-privee-dune-journee-le-meilleur-de-la-cote-dazur-avec-chauffeur-guide\/#breadcrumb","itemListElement":[{"@type":"ListItem","position":1,"name":"Home","item":"https:\/\/tourtravelandmore.com\/fr\/"},{"@type":"ListItem","position":2,"name":"Tours","item":"https:\/\/tourtravelandmore.com\/fr\/tours\/"},{"@type":"ListItem","position":3,"name":"Visite priv\u00e9e de Monaco et d&#8217;\u00c8ze"}]},{"@type":"WebSite","@id":"https:\/\/tourtravelandmore.com\/fr\/#website","url":"https:\/\/tourtravelandmore.com\/fr\/","name":"Tour Travel And More","description":"Private sightseeing tours and luxury transfers in Spain","publisher":{"@id":"https:\/\/tourtravelandmore.com\/fr\/#organization"},"potentialAction":[{"@type":"SearchAction","target":{"@type":"EntryPoint","urlTemplate":"https:\/\/tourtravelandmore.com\/fr\/?s={search_term_string}"},"query-input":{"@type":"PropertyValueSpecification","valueRequired":true,"valueName":"search_term_string"}}],"inLanguage":"fr-FR"},{"@type":"Organization","@id":"https:\/\/tourtravelandmore.com\/fr\/#organization","name":"Tour Travel And More","url":"https:\/\/tourtravelandmore.com\/fr\/","logo":{"@type":"ImageObject","inLanguage":"fr-FR","@id":"https:\/\/tourtravelandmore.com\/fr\/#\/schema\/logo\/image\/","url":"https:\/\/tourtravelandmore.com\/wp-content\/uploads\/2022\/12\/cropped-logo-cabecera-new.png","contentUrl":"https:\/\/tourtravelandmore.com\/wp-content\/uploads\/2022\/12\/cropped-logo-cabecera-new.png","width":430,"height":61,"caption":"Tour Travel And More"},"image":{"@id":"https:\/\/tourtravelandmore.com\/fr\/#\/schema\/logo\/image\/"},"sameAs":["https:\/\/www.facebook.com\/tourtravelandmore\/","https:\/\/x.com\/TourTravel_More"]}]}},"_links":{"self":[{"href":"https:\/\/tourtravelandmore.com\/fr\/wp-json\/wp\/v2\/product\/101323","targetHints":{"allow":["GET"]}}],"collection":[{"href":"https:\/\/tourtravelandmore.com\/fr\/wp-json\/wp\/v2\/product"}],"about":[{"href":"https:\/\/tourtravelandmore.com\/fr\/wp-json\/wp\/v2\/types\/product"}],"replies":[{"embeddable":true,"href":"https:\/\/tourtravelandmore.com\/fr\/wp-json\/wp\/v2\/comments?post=101323"}],"wp:featuredmedia":[{"embeddable":true,"href":"https:\/\/tourtravelandmore.com\/fr\/wp-json\/wp\/v2\/media\/184435"}],"wp:attachment":[{"href":"https:\/\/tourtravelandmore.com\/fr\/wp-json\/wp\/v2\/media?parent=101323"}],"wp:term":[{"taxonomy":"product_brand","embeddable":true,"href":"https:\/\/tourtravelandmore.com\/fr\/wp-json\/wp\/v2\/product_brand?post=101323"},{"taxonomy":"product_cat","embeddable":true,"href":"https:\/\/tourtravelandmore.com\/fr\/wp-json\/wp\/v2\/product_cat?post=101323"},{"taxonomy":"product_tag","embeddable":true,"href":"https:\/\/tourtravelandmore.com\/fr\/wp-json\/wp\/v2\/product_tag?post=101323"}],"curies":[{"name":"wp","href":"https:\/\/api.w.org\/{rel}","templated":true}]}}