{"id":101318,"date":"2018-03-05T15:30:37","date_gmt":"2018-03-05T14:30:37","guid":{"rendered":"https:\/\/tourtravelandmore.com\/tours\/non%20class\u00e9\/private-tour-of-nice-saint-paul-de-vence-and-cagnes-sur-mer\/"},"modified":"2022-10-11T15:56:39","modified_gmt":"2022-10-11T13:56:39","slug":"private-tour-of-nice-saint-paul-de-vence-and-cagnes-sur-mer","status":"publish","type":"product","link":"https:\/\/tourtravelandmore.com\/fr\/tours\/france-fr\/nice-fr\/private-tour-of-nice-saint-paul-de-vence-and-cagnes-sur-mer\/","title":{"rendered":"Private Tour of Nice, Saint Paul De Vence and Cagnes Sur Mer"},"content":{"rendered":"<h2>Description<\/h2>\n<p>Profitez de cette visite priv\u00e9e personnalis\u00e9e avec votre propre chauffeur \/ guide et d\u00e9couvrez Nice et les villages de Cagnes Sur Mer et Saint Paul de Vence avec un expert local. Le sud de la France est tr\u00e8s connu pour ses plages et sa c\u00f4te, mais il y a plusieurs merveilleux villages perch\u00e9s qui m\u00e9ritent une visite! Plongez dans le sud de la France avec cette excursion priv\u00e9e au d\u00e9part de Nice.<\/p>\n<p>Tout d&#8217;abord, votre chauffeur priv\u00e9 viendra vous chercher \u00e0 l&#8217;endroit de votre choix. Nous assurons la prise en charge depuis n&#8217;importe quel h\u00f4tel, appartement ou port de croisi\u00e8re de la C\u00f4te d&#8217;Azur. Apr\u00e8s cela, vous lancerez votre exp\u00e9rience sur mesure.<\/p>\n<p>Notre \u00e9quipe d&#8217;experts vous aidera \u00e0 organiser une exp\u00e9rience enti\u00e8rement personnalis\u00e9e. Votre chauffeur \/ guide, expert et connaisseur de la r\u00e9gion. Vous profiterez d&#8217;une promenade priv\u00e9e autour de la C\u00f4te d&#8217;Azur, visiterez les meilleurs sites et apprenez l&#8217;histoire de la r\u00e9gion.<\/p>\n<h2>Sites d&#8217;int\u00e9r\u00eat et points de rep\u00e8re<\/h2>\n<p>Au cours de cette excursion priv\u00e9e sur mesure au d\u00e9part de Nice, vous explorerez Nice et deux beaux villages: Cagnes Sur Mer et Saint Paul de Vence.<\/p>\n<p>Nice est la capitale de la C\u00f4te d&#8217;Azur et une destination touristique de premier plan. Il est parfaitement situ\u00e9 en M\u00e9diterran\u00e9e et \u00e0 c\u00f4t\u00e9 des montagnes. Au cours de votre visite, vous explorerez la vieille ville de Nice et traverserez ses rues \u00e9troites de style italien. Vous pouvez visiter la cath\u00e9drale orthodoxe russe Saint-Nicolas et les principales \u00e9glises baroques de Nice. Profitez de la brise m\u00e9diterran\u00e9enne et arpentez la promenade des anglais et d\u00e9couvrez la ville depuis le point culminant du Mont-Boron.<\/p>\n<p>Apr\u00e8s avoir d\u00e9couvert Nice, vous vous dirigerez vers le quartier de Cagnes Sur Mer, o\u00f9 se trouvent les tombes de la famille Grimaldi. Haut-de-Cagnes est un beau village avec des ruelles et des escaliers \u00e9troits et abrite un magnifique ch\u00e2teau sur sa colline. Enfin, en parcourant de petits villages, vous arriverez au village m\u00e9di\u00e9val de Saint Paul de Vence. Le village est situ\u00e9 sur une colline verdoyante et \u00e0 seulement 15 minutes de la mer. Il a \u00e9t\u00e9 construit au 16\u00e8me si\u00e8cle en montrant son dos \u00e0 l&#8217;oc\u00e9an afin d&#8217;\u00eatre prot\u00e9g\u00e9 des attaques des saracens. Le village accueille la Fondation Maeght, reconnue comme l&#8217;un des meilleurs mus\u00e9es d&#8217;art moderne au monde.<\/p>\n<p>Nous savons que la gastronomie et le vin peuvent \u00eatre l&#8217;une des principales raisons de visiter la France. Nous pouvons organiser des r\u00e9servations dans n&#8217;importe quel restaurant de la r\u00e9gion, ainsi que nous pouvons vous recommander les meilleurs endroits locaux.<\/p>\n<p>Une fois votre visite termin\u00e9e, votre chauffeur \/ guide vous ram\u00e8nera \u00e0 votre point de d\u00e9part ou lieu de votre choix dans la r\u00e9gion. Cependant cette option de visite dure 8 heures, nous pouvons \u00e9galement organiser une visite plus courte ou plus longue.<\/p>\n","protected":false},"excerpt":{"rendered":"<p>Profitez au mieux de votre visite sur la C\u00f4te d&#8217;Azur et explorez Nice et ses villages environnants avec un expert local. Visitez Saint Paul de Vence et le Haut de Cagnes, deux des plus beaux villages perch\u00e9s, lors d&#8217;une visite priv\u00e9e au d\u00e9part de Nice. Go\u00fbtez \u00e0 la gastronomie locale et aux vins de la r\u00e9gion!<\/p>\n","protected":false},"featured_media":94756,"comment_status":"open","ping_status":"closed","template":"","meta":{"_acf_changed":false},"product_brand":[],"product_cat":[3694],"product_tag":[],"class_list":{"0":"post-101318","1":"product","2":"type-product","3":"status-publish","4":"has-post-thumbnail","6":"product_cat-nice-fr","8":"first","9":"instock","10":"shipping-taxable","11":"purchasable","12":"product-type-simple"},"acf":[],"yoast_head":"<!-- This site is optimized with the Yoast SEO Premium plugin v25.3.1 (Yoast SEO v25.3.1) - https:\/\/yoast.com\/wordpress\/plugins\/seo\/ -->\n<title>Private excursion of Nice, Cagnes Sur Mer and Saint Paul Vence<\/title>\n<meta name=\"description\" content=\"Explorez Nice et ses villages environnants avec un expert local lors d&#039;une excursion priv\u00e9e au d\u00e9part de Nice. Visitez Saint Paul de Vence avec un expert local\" \/>\n<meta name=\"robots\" content=\"index, follow, max-snippet:-1, max-image-preview:large, max-video-preview:-1\" \/>\n<link rel=\"canonical\" href=\"https:\/\/tourtravelandmore.com\/fr\/tours\/france-fr\/nice-fr\/private-tour-of-nice-saint-paul-de-vence-and-cagnes-sur-mer\/\" \/>\n<meta property=\"og:locale\" content=\"fr_FR\" \/>\n<meta property=\"og:type\" content=\"article\" \/>\n<meta property=\"og:title\" content=\"Private Tour of Nice, Saint Paul De Vence and Cagnes Sur Mer\" \/>\n<meta property=\"og:description\" content=\"Explorez Nice et ses villages environnants avec un expert local lors d&#039;une excursion priv\u00e9e au d\u00e9part de Nice. Visitez Saint Paul de Vence avec un expert local\" \/>\n<meta property=\"og:url\" content=\"https:\/\/tourtravelandmore.com\/fr\/tours\/france-fr\/nice-fr\/private-tour-of-nice-saint-paul-de-vence-and-cagnes-sur-mer\/\" \/>\n<meta property=\"og:site_name\" content=\"Tour Travel And More\" \/>\n<meta property=\"article:publisher\" content=\"https:\/\/www.facebook.com\/tourtravelandmore\/\" \/>\n<meta property=\"article:modified_time\" content=\"2022-10-11T13:56:39+00:00\" \/>\n<meta property=\"og:image\" content=\"https:\/\/tourtravelandmore.com\/wp-content\/uploads\/2018\/03\/SaintPauldeVence.jpg\" \/>\n\t<meta property=\"og:image:width\" content=\"1024\" \/>\n\t<meta property=\"og:image:height\" content=\"537\" \/>\n\t<meta property=\"og:image:type\" content=\"image\/jpeg\" \/>\n<meta name=\"twitter:card\" content=\"summary_large_image\" \/>\n<meta name=\"twitter:site\" content=\"@TourTravel_More\" \/>\n<meta name=\"twitter:label1\" content=\"Dur\u00e9e de lecture estim\u00e9e\" \/>\n\t<meta name=\"twitter:data1\" content=\"3 minutes\" \/>\n<script type=\"application\/ld+json\" class=\"yoast-schema-graph\">{\"@context\":\"https:\/\/schema.org\",\"@graph\":[{\"@type\":\"WebPage\",\"@id\":\"https:\/\/tourtravelandmore.com\/fr\/tours\/france-fr\/nice-fr\/private-tour-of-nice-saint-paul-de-vence-and-cagnes-sur-mer\/\",\"url\":\"https:\/\/tourtravelandmore.com\/fr\/tours\/france-fr\/nice-fr\/private-tour-of-nice-saint-paul-de-vence-and-cagnes-sur-mer\/\",\"name\":\"Private excursion of Nice, Cagnes Sur Mer and Saint Paul Vence\",\"isPartOf\":{\"@id\":\"https:\/\/tourtravelandmore.com\/fr\/#website\"},\"primaryImageOfPage\":{\"@id\":\"https:\/\/tourtravelandmore.com\/fr\/tours\/france-fr\/nice-fr\/private-tour-of-nice-saint-paul-de-vence-and-cagnes-sur-mer\/#primaryimage\"},\"image\":{\"@id\":\"https:\/\/tourtravelandmore.com\/fr\/tours\/france-fr\/nice-fr\/private-tour-of-nice-saint-paul-de-vence-and-cagnes-sur-mer\/#primaryimage\"},\"thumbnailUrl\":\"https:\/\/tourtravelandmore.com\/wp-content\/uploads\/2018\/03\/SaintPauldeVence.jpg\",\"datePublished\":\"2018-03-05T14:30:37+00:00\",\"dateModified\":\"2022-10-11T13:56:39+00:00\",\"description\":\"Explorez Nice et ses villages environnants avec un expert local lors d'une excursion priv\u00e9e au d\u00e9part de Nice. Visitez Saint Paul de Vence avec un expert local\",\"breadcrumb\":{\"@id\":\"https:\/\/tourtravelandmore.com\/fr\/tours\/france-fr\/nice-fr\/private-tour-of-nice-saint-paul-de-vence-and-cagnes-sur-mer\/#breadcrumb\"},\"inLanguage\":\"fr-FR\",\"potentialAction\":[{\"@type\":\"ReadAction\",\"target\":[\"https:\/\/tourtravelandmore.com\/fr\/tours\/france-fr\/nice-fr\/private-tour-of-nice-saint-paul-de-vence-and-cagnes-sur-mer\/\"]}]},{\"@type\":\"ImageObject\",\"inLanguage\":\"fr-FR\",\"@id\":\"https:\/\/tourtravelandmore.com\/fr\/tours\/france-fr\/nice-fr\/private-tour-of-nice-saint-paul-de-vence-and-cagnes-sur-mer\/#primaryimage\",\"url\":\"https:\/\/tourtravelandmore.com\/wp-content\/uploads\/2018\/03\/SaintPauldeVence.jpg\",\"contentUrl\":\"https:\/\/tourtravelandmore.com\/wp-content\/uploads\/2018\/03\/SaintPauldeVence.jpg\",\"width\":1024,\"height\":537},{\"@type\":\"BreadcrumbList\",\"@id\":\"https:\/\/tourtravelandmore.com\/fr\/tours\/france-fr\/nice-fr\/private-tour-of-nice-saint-paul-de-vence-and-cagnes-sur-mer\/#breadcrumb\",\"itemListElement\":[{\"@type\":\"ListItem\",\"position\":1,\"name\":\"Home\",\"item\":\"https:\/\/tourtravelandmore.com\/fr\/\"},{\"@type\":\"ListItem\",\"position\":2,\"name\":\"Tours\",\"item\":\"https:\/\/tourtravelandmore.com\/fr\/tours\/\"},{\"@type\":\"ListItem\",\"position\":3,\"name\":\"Private Tour of Nice, Saint Paul De Vence and Cagnes Sur Mer\"}]},{\"@type\":\"WebSite\",\"@id\":\"https:\/\/tourtravelandmore.com\/fr\/#website\",\"url\":\"https:\/\/tourtravelandmore.com\/fr\/\",\"name\":\"Tour Travel And More\",\"description\":\"Private sightseeing tours and luxury transfers in Spain\",\"publisher\":{\"@id\":\"https:\/\/tourtravelandmore.com\/fr\/#organization\"},\"potentialAction\":[{\"@type\":\"SearchAction\",\"target\":{\"@type\":\"EntryPoint\",\"urlTemplate\":\"https:\/\/tourtravelandmore.com\/fr\/?s={search_term_string}\"},\"query-input\":{\"@type\":\"PropertyValueSpecification\",\"valueRequired\":true,\"valueName\":\"search_term_string\"}}],\"inLanguage\":\"fr-FR\"},{\"@type\":\"Organization\",\"@id\":\"https:\/\/tourtravelandmore.com\/fr\/#organization\",\"name\":\"Tour Travel And More\",\"url\":\"https:\/\/tourtravelandmore.com\/fr\/\",\"logo\":{\"@type\":\"ImageObject\",\"inLanguage\":\"fr-FR\",\"@id\":\"https:\/\/tourtravelandmore.com\/fr\/#\/schema\/logo\/image\/\",\"url\":\"https:\/\/tourtravelandmore.com\/wp-content\/uploads\/2022\/12\/cropped-logo-cabecera-new.png\",\"contentUrl\":\"https:\/\/tourtravelandmore.com\/wp-content\/uploads\/2022\/12\/cropped-logo-cabecera-new.png\",\"width\":430,\"height\":61,\"caption\":\"Tour Travel And More\"},\"image\":{\"@id\":\"https:\/\/tourtravelandmore.com\/fr\/#\/schema\/logo\/image\/\"},\"sameAs\":[\"https:\/\/www.facebook.com\/tourtravelandmore\/\",\"https:\/\/x.com\/TourTravel_More\"]}]}<\/script>\n<!-- \/ Yoast SEO Premium plugin. -->","yoast_head_json":{"title":"Private excursion of Nice, Cagnes Sur Mer and Saint Paul Vence","description":"Explorez Nice et ses villages environnants avec un expert local lors d'une excursion priv\u00e9e au d\u00e9part de Nice. Visitez Saint Paul de Vence avec un expert local","robots":{"index":"index","follow":"follow","max-snippet":"max-snippet:-1","max-image-preview":"max-image-preview:large","max-video-preview":"max-video-preview:-1"},"canonical":"https:\/\/tourtravelandmore.com\/fr\/tours\/france-fr\/nice-fr\/private-tour-of-nice-saint-paul-de-vence-and-cagnes-sur-mer\/","og_locale":"fr_FR","og_type":"article","og_title":"Private Tour of Nice, Saint Paul De Vence and Cagnes Sur Mer","og_description":"Explorez Nice et ses villages environnants avec un expert local lors d'une excursion priv\u00e9e au d\u00e9part de Nice. Visitez Saint Paul de Vence avec un expert local","og_url":"https:\/\/tourtravelandmore.com\/fr\/tours\/france-fr\/nice-fr\/private-tour-of-nice-saint-paul-de-vence-and-cagnes-sur-mer\/","og_site_name":"Tour Travel And More","article_publisher":"https:\/\/www.facebook.com\/tourtravelandmore\/","article_modified_time":"2022-10-11T13:56:39+00:00","og_image":[{"width":1024,"height":537,"url":"https:\/\/tourtravelandmore.com\/wp-content\/uploads\/2018\/03\/SaintPauldeVence.jpg","type":"image\/jpeg"}],"twitter_card":"summary_large_image","twitter_site":"@TourTravel_More","twitter_misc":{"Dur\u00e9e de lecture estim\u00e9e":"3 minutes"},"schema":{"@context":"https:\/\/schema.org","@graph":[{"@type":"WebPage","@id":"https:\/\/tourtravelandmore.com\/fr\/tours\/france-fr\/nice-fr\/private-tour-of-nice-saint-paul-de-vence-and-cagnes-sur-mer\/","url":"https:\/\/tourtravelandmore.com\/fr\/tours\/france-fr\/nice-fr\/private-tour-of-nice-saint-paul-de-vence-and-cagnes-sur-mer\/","name":"Private excursion of Nice, Cagnes Sur Mer and Saint Paul Vence","isPartOf":{"@id":"https:\/\/tourtravelandmore.com\/fr\/#website"},"primaryImageOfPage":{"@id":"https:\/\/tourtravelandmore.com\/fr\/tours\/france-fr\/nice-fr\/private-tour-of-nice-saint-paul-de-vence-and-cagnes-sur-mer\/#primaryimage"},"image":{"@id":"https:\/\/tourtravelandmore.com\/fr\/tours\/france-fr\/nice-fr\/private-tour-of-nice-saint-paul-de-vence-and-cagnes-sur-mer\/#primaryimage"},"thumbnailUrl":"https:\/\/tourtravelandmore.com\/wp-content\/uploads\/2018\/03\/SaintPauldeVence.jpg","datePublished":"2018-03-05T14:30:37+00:00","dateModified":"2022-10-11T13:56:39+00:00","description":"Explorez Nice et ses villages environnants avec un expert local lors d'une excursion priv\u00e9e au d\u00e9part de Nice. Visitez Saint Paul de Vence avec un expert local","breadcrumb":{"@id":"https:\/\/tourtravelandmore.com\/fr\/tours\/france-fr\/nice-fr\/private-tour-of-nice-saint-paul-de-vence-and-cagnes-sur-mer\/#breadcrumb"},"inLanguage":"fr-FR","potentialAction":[{"@type":"ReadAction","target":["https:\/\/tourtravelandmore.com\/fr\/tours\/france-fr\/nice-fr\/private-tour-of-nice-saint-paul-de-vence-and-cagnes-sur-mer\/"]}]},{"@type":"ImageObject","inLanguage":"fr-FR","@id":"https:\/\/tourtravelandmore.com\/fr\/tours\/france-fr\/nice-fr\/private-tour-of-nice-saint-paul-de-vence-and-cagnes-sur-mer\/#primaryimage","url":"https:\/\/tourtravelandmore.com\/wp-content\/uploads\/2018\/03\/SaintPauldeVence.jpg","contentUrl":"https:\/\/tourtravelandmore.com\/wp-content\/uploads\/2018\/03\/SaintPauldeVence.jpg","width":1024,"height":537},{"@type":"BreadcrumbList","@id":"https:\/\/tourtravelandmore.com\/fr\/tours\/france-fr\/nice-fr\/private-tour-of-nice-saint-paul-de-vence-and-cagnes-sur-mer\/#breadcrumb","itemListElement":[{"@type":"ListItem","position":1,"name":"Home","item":"https:\/\/tourtravelandmore.com\/fr\/"},{"@type":"ListItem","position":2,"name":"Tours","item":"https:\/\/tourtravelandmore.com\/fr\/tours\/"},{"@type":"ListItem","position":3,"name":"Private Tour of Nice, Saint Paul De Vence and Cagnes Sur Mer"}]},{"@type":"WebSite","@id":"https:\/\/tourtravelandmore.com\/fr\/#website","url":"https:\/\/tourtravelandmore.com\/fr\/","name":"Tour Travel And More","description":"Private sightseeing tours and luxury transfers in Spain","publisher":{"@id":"https:\/\/tourtravelandmore.com\/fr\/#organization"},"potentialAction":[{"@type":"SearchAction","target":{"@type":"EntryPoint","urlTemplate":"https:\/\/tourtravelandmore.com\/fr\/?s={search_term_string}"},"query-input":{"@type":"PropertyValueSpecification","valueRequired":true,"valueName":"search_term_string"}}],"inLanguage":"fr-FR"},{"@type":"Organization","@id":"https:\/\/tourtravelandmore.com\/fr\/#organization","name":"Tour Travel And More","url":"https:\/\/tourtravelandmore.com\/fr\/","logo":{"@type":"ImageObject","inLanguage":"fr-FR","@id":"https:\/\/tourtravelandmore.com\/fr\/#\/schema\/logo\/image\/","url":"https:\/\/tourtravelandmore.com\/wp-content\/uploads\/2022\/12\/cropped-logo-cabecera-new.png","contentUrl":"https:\/\/tourtravelandmore.com\/wp-content\/uploads\/2022\/12\/cropped-logo-cabecera-new.png","width":430,"height":61,"caption":"Tour Travel And More"},"image":{"@id":"https:\/\/tourtravelandmore.com\/fr\/#\/schema\/logo\/image\/"},"sameAs":["https:\/\/www.facebook.com\/tourtravelandmore\/","https:\/\/x.com\/TourTravel_More"]}]}},"_links":{"self":[{"href":"https:\/\/tourtravelandmore.com\/fr\/wp-json\/wp\/v2\/product\/101318","targetHints":{"allow":["GET"]}}],"collection":[{"href":"https:\/\/tourtravelandmore.com\/fr\/wp-json\/wp\/v2\/product"}],"about":[{"href":"https:\/\/tourtravelandmore.com\/fr\/wp-json\/wp\/v2\/types\/product"}],"replies":[{"embeddable":true,"href":"https:\/\/tourtravelandmore.com\/fr\/wp-json\/wp\/v2\/comments?post=101318"}],"wp:featuredmedia":[{"embeddable":true,"href":"https:\/\/tourtravelandmore.com\/fr\/wp-json\/wp\/v2\/media\/94756"}],"wp:attachment":[{"href":"https:\/\/tourtravelandmore.com\/fr\/wp-json\/wp\/v2\/media?parent=101318"}],"wp:term":[{"taxonomy":"product_brand","embeddable":true,"href":"https:\/\/tourtravelandmore.com\/fr\/wp-json\/wp\/v2\/product_brand?post=101318"},{"taxonomy":"product_cat","embeddable":true,"href":"https:\/\/tourtravelandmore.com\/fr\/wp-json\/wp\/v2\/product_cat?post=101318"},{"taxonomy":"product_tag","embeddable":true,"href":"https:\/\/tourtravelandmore.com\/fr\/wp-json\/wp\/v2\/product_tag?post=101318"}],"curies":[{"name":"wp","href":"https:\/\/api.w.org\/{rel}","templated":true}]}}