{"id":101313,"date":"2018-03-05T15:03:34","date_gmt":"2018-03-05T14:03:34","guid":{"rendered":"https:\/\/tourtravelandmore.com\/tours\/non%20class\u00e9\/visite-privee-de-monaco-et-eze-avec-chauffeur-guide-prive\/"},"modified":"2022-10-11T16:05:30","modified_gmt":"2022-10-11T14:05:30","slug":"visite-privee-de-monaco-et-eze-avec-chauffeur-guide-prive","status":"publish","type":"product","link":"https:\/\/tourtravelandmore.com\/fr\/tours\/france-fr\/nice-fr\/visite-privee-de-monaco-et-eze-avec-chauffeur-guide-prive\/","title":{"rendered":"Visite priv\u00e9e de Monaco et Eze avec chauffeur \/ guide priv\u00e9"},"content":{"rendered":"<h2>Description<\/h2>\n<p>Profitez au maximum de votre s\u00e9jour \u00e0 Nice et profitez d&#8217;une visite priv\u00e9e \u00e0 Monaco au d\u00e9part de Nice avec votre propre chauffeur \/ guide. Au cours de cette exp\u00e9rience priv\u00e9e sur mesure, vous visiterez Eze et La Turbie et la Principaut\u00e9 de Monaco. Vous serez conduit autour des plus beaux sites de cette r\u00e9gion et en profiterez pendant que votre chauffeur \/ guide vous racontera les secrets de ces charmantes r\u00e9gions du sud.<\/p>\n<p>Tout d&#8217;abord, votre chauffeur viendra vous chercher \u00e0 votre h\u00f4tel ou lieu de votre choix (h\u00f4tel, port de croisi\u00e8re, a\u00e9roport ou appartement). Nous pouvons organiser une prise en charge depuis n&#8217;importe quel endroit de la C\u00f4te d&#8217;Azur!<\/p>\n<p>Prenez contact avec nous! Nous vous aiderons \u00e0 organiser un itin\u00e9raire priv\u00e9 sur mesure dans le sud de la France. Votre chauffeur \/ guide sera \u00e0 votre disposition pour votre visite, de la prise en charge \u00e0 la d\u00e9pose, vous racontant l&#8217;histoire et vous montrant les meilleurs endroits de la ville.<\/p>\n<h2>Sites d&#8217;int\u00e9r\u00eat et points de rep\u00e8re<\/h2>\n<p>Tout d&#8217;abord, votre chauffeur priv\u00e9 viendra vous chercher \u00e0 l&#8217;endroit souhait\u00e9 dans la r\u00e9gion. Apr\u00e8s cela, vous commencerez votre visite priv\u00e9e \u00e0 Monaco au d\u00e9part de Nice. Au cours de cette visite, vous d\u00e9couvrirez les meilleurs endroits de la Principaut\u00e9 de Monaco et d&#8217;Eze.<br \/>\nVous irez \u00e0 Eze, un magnifique village situ\u00e9 \u00e0 427 m\u00e8tres au-dessus du niveau de la mer. L\u00e0, vous pourrez visiter le laboratoire de la parfumerie Fragonard, o\u00f9 vous pourrez apprendre les proc\u00e9d\u00e9s d&#8217;\u00e9laboration de l&#8217;un des meilleurs parfums au monde. Vous vous dirigerez ensuite vers La Turbie par la Grande Corniche, une route qui traverse des ponts et des montagnes. L\u00e0, vous verrez l&#8217;une des meilleures vues de tout le sud de la France. Continuez la Moyenne Corniche et arrivez \u00e0 Monaco. L\u00e0, vous pouvez visiter la collection de voitures anciennes du prince et les appartements d&#8217;\u00c9tat. Vous verrez \u00e9galement le point de d\u00e9part de la course de F1 qui a lieu chaque ann\u00e9e le dernier week-end de mai. Vous verrez le casino, construit en 1856 pour sauver la ville de la faillite. Apr\u00e8s cela, vous visiterez la partie haute de la Principaut\u00e9, Monte Carlo, et si vous \u00eates int\u00e9ress\u00e9, visitez le jardin exotique et le mus\u00e9e oc\u00e9anographique.<\/p>\n<p>Une fois le temps \u00e9coul\u00e9, votre chauffeur \/ guide vous ram\u00e8nera \u00e0 votre point de prise en charge ou au site de votre choix.<br \/>\nNous pouvons organiser la dur\u00e9e exacte de l&#8217;exp\u00e9rience en fonction de vos propres besoins. Cependant notre proposition de circuits a une dur\u00e9e de 8 heures, la dur\u00e9e finale est adaptable \u00e0 votre int\u00e9r\u00eat personnel.<\/p>\n","protected":false},"excerpt":{"rendered":"<p>Profitez de la visite de deux des plus beaux sites de la C\u00f4te d&#8217;Azur, Eze et Monaco, avec un chauffeur \/ guide priv\u00e9. Prise en charge et retour \u00e0 l&#8217;endroit de votre choix dans la r\u00e9gion.<\/p>\n","protected":false},"featured_media":94754,"comment_status":"open","ping_status":"closed","template":"","meta":{"_acf_changed":false},"product_brand":[],"product_cat":[3694],"product_tag":[],"class_list":{"0":"post-101313","1":"product","2":"type-product","3":"status-publish","4":"has-post-thumbnail","6":"product_cat-nice-fr","8":"first","9":"instock","10":"shipping-taxable","11":"purchasable","12":"product-type-simple"},"acf":[],"yoast_head":"<!-- This site is optimized with the Yoast SEO Premium plugin v25.3.1 (Yoast SEO v25.3.1) - https:\/\/yoast.com\/wordpress\/plugins\/seo\/ -->\n<title>Visite priv\u00e9e \u00e0 Monaco et Eze au d\u00e9part de Nice avec chauffeur \/ guide<\/title>\n<meta name=\"description\" content=\"Profitez de la visite de deux des plus beaux sites de la C\u00f4te d&#039;Azur, Eze et Monaco, avec notre visite priv\u00e9e \u00e0 Monaco au d\u00e9part de Nice.\" \/>\n<meta name=\"robots\" content=\"index, follow, max-snippet:-1, max-image-preview:large, max-video-preview:-1\" \/>\n<link rel=\"canonical\" href=\"https:\/\/tourtravelandmore.com\/fr\/tours\/france-fr\/nice-fr\/visite-privee-de-monaco-et-eze-avec-chauffeur-guide-prive\/\" \/>\n<meta property=\"og:locale\" content=\"fr_FR\" \/>\n<meta property=\"og:type\" content=\"article\" \/>\n<meta property=\"og:title\" content=\"Visite priv\u00e9e de Monaco et Eze avec chauffeur \/ guide priv\u00e9\" \/>\n<meta property=\"og:description\" content=\"Profitez de la visite de deux des plus beaux sites de la C\u00f4te d&#039;Azur, Eze et Monaco, avec notre visite priv\u00e9e \u00e0 Monaco au d\u00e9part de Nice.\" \/>\n<meta property=\"og:url\" content=\"https:\/\/tourtravelandmore.com\/fr\/tours\/france-fr\/nice-fr\/visite-privee-de-monaco-et-eze-avec-chauffeur-guide-prive\/\" \/>\n<meta property=\"og:site_name\" content=\"Tour Travel And More\" \/>\n<meta property=\"article:publisher\" content=\"https:\/\/www.facebook.com\/tourtravelandmore\/\" \/>\n<meta property=\"article:modified_time\" content=\"2022-10-11T14:05:30+00:00\" \/>\n<meta property=\"og:image\" content=\"https:\/\/tourtravelandmore.com\/wp-content\/uploads\/2018\/03\/Eze.jpg\" \/>\n\t<meta property=\"og:image:width\" content=\"1280\" \/>\n\t<meta property=\"og:image:height\" content=\"775\" \/>\n\t<meta property=\"og:image:type\" content=\"image\/jpeg\" \/>\n<meta name=\"twitter:card\" content=\"summary_large_image\" \/>\n<meta name=\"twitter:site\" content=\"@TourTravel_More\" \/>\n<meta name=\"twitter:label1\" content=\"Dur\u00e9e de lecture estim\u00e9e\" \/>\n\t<meta name=\"twitter:data1\" content=\"2 minutes\" \/>\n<script type=\"application\/ld+json\" class=\"yoast-schema-graph\">{\"@context\":\"https:\/\/schema.org\",\"@graph\":[{\"@type\":\"WebPage\",\"@id\":\"https:\/\/tourtravelandmore.com\/fr\/tours\/france-fr\/nice-fr\/visite-privee-de-monaco-et-eze-avec-chauffeur-guide-prive\/\",\"url\":\"https:\/\/tourtravelandmore.com\/fr\/tours\/france-fr\/nice-fr\/visite-privee-de-monaco-et-eze-avec-chauffeur-guide-prive\/\",\"name\":\"Visite priv\u00e9e \u00e0 Monaco et Eze au d\u00e9part de Nice avec chauffeur \/ guide\",\"isPartOf\":{\"@id\":\"https:\/\/tourtravelandmore.com\/fr\/#website\"},\"primaryImageOfPage\":{\"@id\":\"https:\/\/tourtravelandmore.com\/fr\/tours\/france-fr\/nice-fr\/visite-privee-de-monaco-et-eze-avec-chauffeur-guide-prive\/#primaryimage\"},\"image\":{\"@id\":\"https:\/\/tourtravelandmore.com\/fr\/tours\/france-fr\/nice-fr\/visite-privee-de-monaco-et-eze-avec-chauffeur-guide-prive\/#primaryimage\"},\"thumbnailUrl\":\"https:\/\/tourtravelandmore.com\/wp-content\/uploads\/2018\/03\/Eze.jpg\",\"datePublished\":\"2018-03-05T14:03:34+00:00\",\"dateModified\":\"2022-10-11T14:05:30+00:00\",\"description\":\"Profitez de la visite de deux des plus beaux sites de la C\u00f4te d'Azur, Eze et Monaco, avec notre visite priv\u00e9e \u00e0 Monaco au d\u00e9part de Nice.\",\"breadcrumb\":{\"@id\":\"https:\/\/tourtravelandmore.com\/fr\/tours\/france-fr\/nice-fr\/visite-privee-de-monaco-et-eze-avec-chauffeur-guide-prive\/#breadcrumb\"},\"inLanguage\":\"fr-FR\",\"potentialAction\":[{\"@type\":\"ReadAction\",\"target\":[\"https:\/\/tourtravelandmore.com\/fr\/tours\/france-fr\/nice-fr\/visite-privee-de-monaco-et-eze-avec-chauffeur-guide-prive\/\"]}]},{\"@type\":\"ImageObject\",\"inLanguage\":\"fr-FR\",\"@id\":\"https:\/\/tourtravelandmore.com\/fr\/tours\/france-fr\/nice-fr\/visite-privee-de-monaco-et-eze-avec-chauffeur-guide-prive\/#primaryimage\",\"url\":\"https:\/\/tourtravelandmore.com\/wp-content\/uploads\/2018\/03\/Eze.jpg\",\"contentUrl\":\"https:\/\/tourtravelandmore.com\/wp-content\/uploads\/2018\/03\/Eze.jpg\",\"width\":1280,\"height\":775},{\"@type\":\"BreadcrumbList\",\"@id\":\"https:\/\/tourtravelandmore.com\/fr\/tours\/france-fr\/nice-fr\/visite-privee-de-monaco-et-eze-avec-chauffeur-guide-prive\/#breadcrumb\",\"itemListElement\":[{\"@type\":\"ListItem\",\"position\":1,\"name\":\"Home\",\"item\":\"https:\/\/tourtravelandmore.com\/fr\/\"},{\"@type\":\"ListItem\",\"position\":2,\"name\":\"Tours\",\"item\":\"https:\/\/tourtravelandmore.com\/fr\/tours\/\"},{\"@type\":\"ListItem\",\"position\":3,\"name\":\"Visite priv\u00e9e de Monaco et Eze avec chauffeur \/ guide priv\u00e9\"}]},{\"@type\":\"WebSite\",\"@id\":\"https:\/\/tourtravelandmore.com\/fr\/#website\",\"url\":\"https:\/\/tourtravelandmore.com\/fr\/\",\"name\":\"Tour Travel And More\",\"description\":\"Private sightseeing tours and luxury transfers in Spain\",\"publisher\":{\"@id\":\"https:\/\/tourtravelandmore.com\/fr\/#organization\"},\"potentialAction\":[{\"@type\":\"SearchAction\",\"target\":{\"@type\":\"EntryPoint\",\"urlTemplate\":\"https:\/\/tourtravelandmore.com\/fr\/?s={search_term_string}\"},\"query-input\":{\"@type\":\"PropertyValueSpecification\",\"valueRequired\":true,\"valueName\":\"search_term_string\"}}],\"inLanguage\":\"fr-FR\"},{\"@type\":\"Organization\",\"@id\":\"https:\/\/tourtravelandmore.com\/fr\/#organization\",\"name\":\"Tour Travel And More\",\"url\":\"https:\/\/tourtravelandmore.com\/fr\/\",\"logo\":{\"@type\":\"ImageObject\",\"inLanguage\":\"fr-FR\",\"@id\":\"https:\/\/tourtravelandmore.com\/fr\/#\/schema\/logo\/image\/\",\"url\":\"https:\/\/tourtravelandmore.com\/wp-content\/uploads\/2022\/12\/cropped-logo-cabecera-new.png\",\"contentUrl\":\"https:\/\/tourtravelandmore.com\/wp-content\/uploads\/2022\/12\/cropped-logo-cabecera-new.png\",\"width\":430,\"height\":61,\"caption\":\"Tour Travel And More\"},\"image\":{\"@id\":\"https:\/\/tourtravelandmore.com\/fr\/#\/schema\/logo\/image\/\"},\"sameAs\":[\"https:\/\/www.facebook.com\/tourtravelandmore\/\",\"https:\/\/x.com\/TourTravel_More\"]}]}<\/script>\n<!-- \/ Yoast SEO Premium plugin. -->","yoast_head_json":{"title":"Visite priv\u00e9e \u00e0 Monaco et Eze au d\u00e9part de Nice avec chauffeur \/ guide","description":"Profitez de la visite de deux des plus beaux sites de la C\u00f4te d'Azur, Eze et Monaco, avec notre visite priv\u00e9e \u00e0 Monaco au d\u00e9part de Nice.","robots":{"index":"index","follow":"follow","max-snippet":"max-snippet:-1","max-image-preview":"max-image-preview:large","max-video-preview":"max-video-preview:-1"},"canonical":"https:\/\/tourtravelandmore.com\/fr\/tours\/france-fr\/nice-fr\/visite-privee-de-monaco-et-eze-avec-chauffeur-guide-prive\/","og_locale":"fr_FR","og_type":"article","og_title":"Visite priv\u00e9e de Monaco et Eze avec chauffeur \/ guide priv\u00e9","og_description":"Profitez de la visite de deux des plus beaux sites de la C\u00f4te d'Azur, Eze et Monaco, avec notre visite priv\u00e9e \u00e0 Monaco au d\u00e9part de Nice.","og_url":"https:\/\/tourtravelandmore.com\/fr\/tours\/france-fr\/nice-fr\/visite-privee-de-monaco-et-eze-avec-chauffeur-guide-prive\/","og_site_name":"Tour Travel And More","article_publisher":"https:\/\/www.facebook.com\/tourtravelandmore\/","article_modified_time":"2022-10-11T14:05:30+00:00","og_image":[{"width":1280,"height":775,"url":"https:\/\/tourtravelandmore.com\/wp-content\/uploads\/2018\/03\/Eze.jpg","type":"image\/jpeg"}],"twitter_card":"summary_large_image","twitter_site":"@TourTravel_More","twitter_misc":{"Dur\u00e9e de lecture estim\u00e9e":"2 minutes"},"schema":{"@context":"https:\/\/schema.org","@graph":[{"@type":"WebPage","@id":"https:\/\/tourtravelandmore.com\/fr\/tours\/france-fr\/nice-fr\/visite-privee-de-monaco-et-eze-avec-chauffeur-guide-prive\/","url":"https:\/\/tourtravelandmore.com\/fr\/tours\/france-fr\/nice-fr\/visite-privee-de-monaco-et-eze-avec-chauffeur-guide-prive\/","name":"Visite priv\u00e9e \u00e0 Monaco et Eze au d\u00e9part de Nice avec chauffeur \/ guide","isPartOf":{"@id":"https:\/\/tourtravelandmore.com\/fr\/#website"},"primaryImageOfPage":{"@id":"https:\/\/tourtravelandmore.com\/fr\/tours\/france-fr\/nice-fr\/visite-privee-de-monaco-et-eze-avec-chauffeur-guide-prive\/#primaryimage"},"image":{"@id":"https:\/\/tourtravelandmore.com\/fr\/tours\/france-fr\/nice-fr\/visite-privee-de-monaco-et-eze-avec-chauffeur-guide-prive\/#primaryimage"},"thumbnailUrl":"https:\/\/tourtravelandmore.com\/wp-content\/uploads\/2018\/03\/Eze.jpg","datePublished":"2018-03-05T14:03:34+00:00","dateModified":"2022-10-11T14:05:30+00:00","description":"Profitez de la visite de deux des plus beaux sites de la C\u00f4te d'Azur, Eze et Monaco, avec notre visite priv\u00e9e \u00e0 Monaco au d\u00e9part de Nice.","breadcrumb":{"@id":"https:\/\/tourtravelandmore.com\/fr\/tours\/france-fr\/nice-fr\/visite-privee-de-monaco-et-eze-avec-chauffeur-guide-prive\/#breadcrumb"},"inLanguage":"fr-FR","potentialAction":[{"@type":"ReadAction","target":["https:\/\/tourtravelandmore.com\/fr\/tours\/france-fr\/nice-fr\/visite-privee-de-monaco-et-eze-avec-chauffeur-guide-prive\/"]}]},{"@type":"ImageObject","inLanguage":"fr-FR","@id":"https:\/\/tourtravelandmore.com\/fr\/tours\/france-fr\/nice-fr\/visite-privee-de-monaco-et-eze-avec-chauffeur-guide-prive\/#primaryimage","url":"https:\/\/tourtravelandmore.com\/wp-content\/uploads\/2018\/03\/Eze.jpg","contentUrl":"https:\/\/tourtravelandmore.com\/wp-content\/uploads\/2018\/03\/Eze.jpg","width":1280,"height":775},{"@type":"BreadcrumbList","@id":"https:\/\/tourtravelandmore.com\/fr\/tours\/france-fr\/nice-fr\/visite-privee-de-monaco-et-eze-avec-chauffeur-guide-prive\/#breadcrumb","itemListElement":[{"@type":"ListItem","position":1,"name":"Home","item":"https:\/\/tourtravelandmore.com\/fr\/"},{"@type":"ListItem","position":2,"name":"Tours","item":"https:\/\/tourtravelandmore.com\/fr\/tours\/"},{"@type":"ListItem","position":3,"name":"Visite priv\u00e9e de Monaco et Eze avec chauffeur \/ guide priv\u00e9"}]},{"@type":"WebSite","@id":"https:\/\/tourtravelandmore.com\/fr\/#website","url":"https:\/\/tourtravelandmore.com\/fr\/","name":"Tour Travel And More","description":"Private sightseeing tours and luxury transfers in Spain","publisher":{"@id":"https:\/\/tourtravelandmore.com\/fr\/#organization"},"potentialAction":[{"@type":"SearchAction","target":{"@type":"EntryPoint","urlTemplate":"https:\/\/tourtravelandmore.com\/fr\/?s={search_term_string}"},"query-input":{"@type":"PropertyValueSpecification","valueRequired":true,"valueName":"search_term_string"}}],"inLanguage":"fr-FR"},{"@type":"Organization","@id":"https:\/\/tourtravelandmore.com\/fr\/#organization","name":"Tour Travel And More","url":"https:\/\/tourtravelandmore.com\/fr\/","logo":{"@type":"ImageObject","inLanguage":"fr-FR","@id":"https:\/\/tourtravelandmore.com\/fr\/#\/schema\/logo\/image\/","url":"https:\/\/tourtravelandmore.com\/wp-content\/uploads\/2022\/12\/cropped-logo-cabecera-new.png","contentUrl":"https:\/\/tourtravelandmore.com\/wp-content\/uploads\/2022\/12\/cropped-logo-cabecera-new.png","width":430,"height":61,"caption":"Tour Travel And More"},"image":{"@id":"https:\/\/tourtravelandmore.com\/fr\/#\/schema\/logo\/image\/"},"sameAs":["https:\/\/www.facebook.com\/tourtravelandmore\/","https:\/\/x.com\/TourTravel_More"]}]}},"_links":{"self":[{"href":"https:\/\/tourtravelandmore.com\/fr\/wp-json\/wp\/v2\/product\/101313","targetHints":{"allow":["GET"]}}],"collection":[{"href":"https:\/\/tourtravelandmore.com\/fr\/wp-json\/wp\/v2\/product"}],"about":[{"href":"https:\/\/tourtravelandmore.com\/fr\/wp-json\/wp\/v2\/types\/product"}],"replies":[{"embeddable":true,"href":"https:\/\/tourtravelandmore.com\/fr\/wp-json\/wp\/v2\/comments?post=101313"}],"wp:featuredmedia":[{"embeddable":true,"href":"https:\/\/tourtravelandmore.com\/fr\/wp-json\/wp\/v2\/media\/94754"}],"wp:attachment":[{"href":"https:\/\/tourtravelandmore.com\/fr\/wp-json\/wp\/v2\/media?parent=101313"}],"wp:term":[{"taxonomy":"product_brand","embeddable":true,"href":"https:\/\/tourtravelandmore.com\/fr\/wp-json\/wp\/v2\/product_brand?post=101313"},{"taxonomy":"product_cat","embeddable":true,"href":"https:\/\/tourtravelandmore.com\/fr\/wp-json\/wp\/v2\/product_cat?post=101313"},{"taxonomy":"product_tag","embeddable":true,"href":"https:\/\/tourtravelandmore.com\/fr\/wp-json\/wp\/v2\/product_tag?post=101313"}],"curies":[{"name":"wp","href":"https:\/\/api.w.org\/{rel}","templated":true}]}}