{"id":101308,"date":"2018-03-09T15:04:53","date_gmt":"2018-03-09T14:04:53","guid":{"rendered":"https:\/\/tourtravelandmore.com\/tours\/non class\u00e9\/visite-privee-des-vignobles-de-la-cote-dazur-au-depart-de-monaco\/"},"modified":"2018-03-09T15:04:53","modified_gmt":"2018-03-09T14:04:53","slug":"visite-privee-des-vignobles-de-la-cote-dazur-au-depart-de-monaco","status":"publish","type":"product","link":"https:\/\/tourtravelandmore.com\/fr\/tours\/france-fr\/monaco-fr\/visite-privee-des-vignobles-de-la-cote-dazur-au-depart-de-monaco\/","title":{"rendered":"Visite priv\u00e9e des vignobles de la C\u00f4te d&#8217;Azur au d\u00e9part de Monaco"},"content":{"rendered":"<h2>Description<\/h2>\n<p>Ce n&#8217;est un secret pour personne que la France produit l&#8217;un des meilleurs vins du monde. Dans tout le pays, diff\u00e9rentes r\u00e9gions sont sp\u00e9cialis\u00e9es dans diff\u00e9rents types de vins. Profitez de cette visite priv\u00e9e des vins de Monaco et visitez les meilleurs vignobles locaux de la r\u00e9gion. Votre chauffeur \/ guide, grand connaisseur de la r\u00e9gion, vous conduira sur la C\u00f4te d&#8217;Azur et vous montrera les meilleurs sites locaux.<\/p>\n<p>L&#8217;heure et le lieu de prise en charge sont adaptables \u00e0 vos int\u00e9r\u00eats personnels. Nous pouvons organiser la prise en charge depuis n&#8217;importe quel h\u00f4tel, appartement ou port de croisi\u00e8re de la C\u00f4te d&#8217;Azur.<br \/>\nContactez-nous et un membre de notre \u00e9quipe vous aidera \u00e0 vivre une exp\u00e9rience personnalis\u00e9e. Tous nos circuits sont con\u00e7us sur mesure pour r\u00e9pondre \u00e0 vos souhaits personnels.<\/p>\n<h2>Sites d&#8217;int\u00e9r\u00eat et points de rep\u00e8re<\/h2>\n<p>Les vignerons fran\u00e7ais sont dans le m\u00e9tier depuis des si\u00e8cles. On estime que la France compte environ 150 000 vignerons, produisant environ 1,5 milliard de gallons de vin par an. De nos jours, presque tous les c\u00e9pages disponibles proviennent de France. Le style de raisin fran\u00e7ais est reconnu comme l&#8217;arch\u00e9type par rapport auquel les vins modernes du monde entier sont \u00e9valu\u00e9s.<\/p>\n<p>Au cours de cette visite priv\u00e9e des vins de Monaco, vous visiterez les meilleurs vignobles des C\u00f4tes de Provence, tout en conduisant cette merveilleuse campagne remplie de villages fran\u00e7ais m\u00e9di\u00e9vaux.<br \/>\nTout d&#8217;abord, votre chauffeur \/ guide viendra vous chercher \u00e0 votre h\u00f4tel ou lieu de votre choix et vous conduira dans la r\u00e9gion viticole. Ce trajet dure environ 1 heure. Une fois sur place, vous pourrez visiter 2 ou 3 \u00e9tablissements vinicoles, selon votre int\u00e9r\u00eat. \u00c0 chaque cave que vous visitez, vous profiterez d&#8217;une visite guid\u00e9e avec un expert local, suivie d&#8217;une d\u00e9gustation de vin. Vous apprendrez la technique de production utilis\u00e9e par chaque cave et aurez le temps de poser des questions aux vignerons locaux. Nous travaillons avec des \u00e9tablissements vinicoles familiaux locaux pour une exp\u00e9rience plus personnalis\u00e9e.<\/p>\n<p>Cette proposition a une dur\u00e9e d&#8217;environ 7 heures. Pendant votre visite, vous aurez du temps libre pour d\u00e9jeuner dans un lieu local, que votre guide pourra vous recommander! Il est possible d&#8217;organiser une dur\u00e9e plus courte ou plus longue de la visite si vous pr\u00e9f\u00e9rez. Contactez-nous pour une proposition sur mesure!<\/p>\n","protected":false},"excerpt":{"rendered":"<p>Profitez de cette exp\u00e9rience enti\u00e8rement priv\u00e9e sur mesure et explorez la magnifique r\u00e9gion de vignobles situ\u00e9s dans les C\u00f4tes de Provence. Vous apprendrez les productions techniques locales, ainsi que vous d\u00e9gusterez les vins locaux. Contactez-nous pour une proposition personnalis\u00e9e.<\/p>\n","protected":false},"featured_media":98288,"comment_status":"open","ping_status":"closed","template":"","meta":{"_acf_changed":false},"product_brand":[],"product_cat":[3698],"product_tag":[],"class_list":{"0":"post-101308","1":"product","2":"type-product","3":"status-publish","4":"has-post-thumbnail","6":"product_cat-monaco-fr","8":"first","9":"instock","10":"shipping-taxable","11":"purchasable","12":"product-type-simple"},"acf":[],"yoast_head":"<!-- This site is optimized with the Yoast SEO Premium plugin v25.3.1 (Yoast SEO v25.3.1) - https:\/\/yoast.com\/wordpress\/plugins\/seo\/ -->\n<title>Visite viticole priv\u00e9e de Monaco aux C\u00f4tes de Provence<\/title>\n<meta name=\"description\" content=\"Profitez de cette visite priv\u00e9e des vins de Monaco et visitez les meilleurs vignobles de la C\u00f4te d&#039;Azur \u00e0 l&#039;aise dans votre v\u00e9hicule de luxe priv\u00e9 avec chauffeur priv\u00e9\" \/>\n<meta name=\"robots\" content=\"index, follow, max-snippet:-1, max-image-preview:large, max-video-preview:-1\" \/>\n<link rel=\"canonical\" href=\"https:\/\/tourtravelandmore.com\/fr\/tours\/france-fr\/monaco-fr\/visite-privee-des-vignobles-de-la-cote-dazur-au-depart-de-monaco\/\" \/>\n<meta property=\"og:locale\" content=\"fr_FR\" \/>\n<meta property=\"og:type\" content=\"article\" \/>\n<meta property=\"og:title\" content=\"Visite priv\u00e9e des vignobles de la C\u00f4te d&#039;Azur au d\u00e9part de Monaco\" \/>\n<meta property=\"og:description\" content=\"Profitez de cette visite priv\u00e9e des vins de Monaco et visitez les meilleurs vignobles de la C\u00f4te d&#039;Azur \u00e0 l&#039;aise dans votre v\u00e9hicule de luxe priv\u00e9 avec chauffeur priv\u00e9\" \/>\n<meta property=\"og:url\" content=\"https:\/\/tourtravelandmore.com\/fr\/tours\/france-fr\/monaco-fr\/visite-privee-des-vignobles-de-la-cote-dazur-au-depart-de-monaco\/\" \/>\n<meta property=\"og:site_name\" content=\"Tour Travel And More\" \/>\n<meta property=\"article:publisher\" content=\"https:\/\/www.facebook.com\/tourtravelandmore\/\" \/>\n<meta property=\"og:image\" content=\"https:\/\/tourtravelandmore.com\/wp-content\/uploads\/2018\/03\/south-of-france-france-vineyard-provence-europe.jpg\" \/>\n\t<meta property=\"og:image:width\" content=\"880\" \/>\n\t<meta property=\"og:image:height\" content=\"661\" \/>\n\t<meta property=\"og:image:type\" content=\"image\/jpeg\" \/>\n<meta name=\"twitter:card\" content=\"summary_large_image\" \/>\n<meta name=\"twitter:site\" content=\"@TourTravel_More\" \/>\n<meta name=\"twitter:label1\" content=\"Dur\u00e9e de lecture estim\u00e9e\" \/>\n\t<meta name=\"twitter:data1\" content=\"2 minutes\" \/>\n<script type=\"application\/ld+json\" class=\"yoast-schema-graph\">{\"@context\":\"https:\/\/schema.org\",\"@graph\":[{\"@type\":\"WebPage\",\"@id\":\"https:\/\/tourtravelandmore.com\/fr\/tours\/france-fr\/monaco-fr\/visite-privee-des-vignobles-de-la-cote-dazur-au-depart-de-monaco\/\",\"url\":\"https:\/\/tourtravelandmore.com\/fr\/tours\/france-fr\/monaco-fr\/visite-privee-des-vignobles-de-la-cote-dazur-au-depart-de-monaco\/\",\"name\":\"Visite viticole priv\u00e9e de Monaco aux C\u00f4tes de Provence\",\"isPartOf\":{\"@id\":\"https:\/\/tourtravelandmore.com\/fr\/#website\"},\"primaryImageOfPage\":{\"@id\":\"https:\/\/tourtravelandmore.com\/fr\/tours\/france-fr\/monaco-fr\/visite-privee-des-vignobles-de-la-cote-dazur-au-depart-de-monaco\/#primaryimage\"},\"image\":{\"@id\":\"https:\/\/tourtravelandmore.com\/fr\/tours\/france-fr\/monaco-fr\/visite-privee-des-vignobles-de-la-cote-dazur-au-depart-de-monaco\/#primaryimage\"},\"thumbnailUrl\":\"https:\/\/tourtravelandmore.com\/wp-content\/uploads\/2018\/03\/south-of-france-france-vineyard-provence-europe.jpg\",\"datePublished\":\"2018-03-09T14:04:53+00:00\",\"description\":\"Profitez de cette visite priv\u00e9e des vins de Monaco et visitez les meilleurs vignobles de la C\u00f4te d'Azur \u00e0 l'aise dans votre v\u00e9hicule de luxe priv\u00e9 avec chauffeur priv\u00e9\",\"breadcrumb\":{\"@id\":\"https:\/\/tourtravelandmore.com\/fr\/tours\/france-fr\/monaco-fr\/visite-privee-des-vignobles-de-la-cote-dazur-au-depart-de-monaco\/#breadcrumb\"},\"inLanguage\":\"fr-FR\",\"potentialAction\":[{\"@type\":\"ReadAction\",\"target\":[\"https:\/\/tourtravelandmore.com\/fr\/tours\/france-fr\/monaco-fr\/visite-privee-des-vignobles-de-la-cote-dazur-au-depart-de-monaco\/\"]}]},{\"@type\":\"ImageObject\",\"inLanguage\":\"fr-FR\",\"@id\":\"https:\/\/tourtravelandmore.com\/fr\/tours\/france-fr\/monaco-fr\/visite-privee-des-vignobles-de-la-cote-dazur-au-depart-de-monaco\/#primaryimage\",\"url\":\"https:\/\/tourtravelandmore.com\/wp-content\/uploads\/2018\/03\/south-of-france-france-vineyard-provence-europe.jpg\",\"contentUrl\":\"https:\/\/tourtravelandmore.com\/wp-content\/uploads\/2018\/03\/south-of-france-france-vineyard-provence-europe.jpg\",\"width\":880,\"height\":661},{\"@type\":\"BreadcrumbList\",\"@id\":\"https:\/\/tourtravelandmore.com\/fr\/tours\/france-fr\/monaco-fr\/visite-privee-des-vignobles-de-la-cote-dazur-au-depart-de-monaco\/#breadcrumb\",\"itemListElement\":[{\"@type\":\"ListItem\",\"position\":1,\"name\":\"Home\",\"item\":\"https:\/\/tourtravelandmore.com\/fr\/\"},{\"@type\":\"ListItem\",\"position\":2,\"name\":\"Tours\",\"item\":\"https:\/\/tourtravelandmore.com\/fr\/tours\/\"},{\"@type\":\"ListItem\",\"position\":3,\"name\":\"Visite priv\u00e9e des vignobles de la C\u00f4te d&rsquo;Azur au d\u00e9part de Monaco\"}]},{\"@type\":\"WebSite\",\"@id\":\"https:\/\/tourtravelandmore.com\/fr\/#website\",\"url\":\"https:\/\/tourtravelandmore.com\/fr\/\",\"name\":\"Tour Travel And More\",\"description\":\"Private sightseeing tours and luxury transfers in Spain\",\"publisher\":{\"@id\":\"https:\/\/tourtravelandmore.com\/fr\/#organization\"},\"potentialAction\":[{\"@type\":\"SearchAction\",\"target\":{\"@type\":\"EntryPoint\",\"urlTemplate\":\"https:\/\/tourtravelandmore.com\/fr\/?s={search_term_string}\"},\"query-input\":{\"@type\":\"PropertyValueSpecification\",\"valueRequired\":true,\"valueName\":\"search_term_string\"}}],\"inLanguage\":\"fr-FR\"},{\"@type\":\"Organization\",\"@id\":\"https:\/\/tourtravelandmore.com\/fr\/#organization\",\"name\":\"Tour Travel And More\",\"url\":\"https:\/\/tourtravelandmore.com\/fr\/\",\"logo\":{\"@type\":\"ImageObject\",\"inLanguage\":\"fr-FR\",\"@id\":\"https:\/\/tourtravelandmore.com\/fr\/#\/schema\/logo\/image\/\",\"url\":\"https:\/\/tourtravelandmore.com\/wp-content\/uploads\/2022\/12\/cropped-logo-cabecera-new.png\",\"contentUrl\":\"https:\/\/tourtravelandmore.com\/wp-content\/uploads\/2022\/12\/cropped-logo-cabecera-new.png\",\"width\":430,\"height\":61,\"caption\":\"Tour Travel And More\"},\"image\":{\"@id\":\"https:\/\/tourtravelandmore.com\/fr\/#\/schema\/logo\/image\/\"},\"sameAs\":[\"https:\/\/www.facebook.com\/tourtravelandmore\/\",\"https:\/\/x.com\/TourTravel_More\"]}]}<\/script>\n<!-- \/ Yoast SEO Premium plugin. -->","yoast_head_json":{"title":"Visite viticole priv\u00e9e de Monaco aux C\u00f4tes de Provence","description":"Profitez de cette visite priv\u00e9e des vins de Monaco et visitez les meilleurs vignobles de la C\u00f4te d'Azur \u00e0 l'aise dans votre v\u00e9hicule de luxe priv\u00e9 avec chauffeur priv\u00e9","robots":{"index":"index","follow":"follow","max-snippet":"max-snippet:-1","max-image-preview":"max-image-preview:large","max-video-preview":"max-video-preview:-1"},"canonical":"https:\/\/tourtravelandmore.com\/fr\/tours\/france-fr\/monaco-fr\/visite-privee-des-vignobles-de-la-cote-dazur-au-depart-de-monaco\/","og_locale":"fr_FR","og_type":"article","og_title":"Visite priv\u00e9e des vignobles de la C\u00f4te d'Azur au d\u00e9part de Monaco","og_description":"Profitez de cette visite priv\u00e9e des vins de Monaco et visitez les meilleurs vignobles de la C\u00f4te d'Azur \u00e0 l'aise dans votre v\u00e9hicule de luxe priv\u00e9 avec chauffeur priv\u00e9","og_url":"https:\/\/tourtravelandmore.com\/fr\/tours\/france-fr\/monaco-fr\/visite-privee-des-vignobles-de-la-cote-dazur-au-depart-de-monaco\/","og_site_name":"Tour Travel And More","article_publisher":"https:\/\/www.facebook.com\/tourtravelandmore\/","og_image":[{"width":880,"height":661,"url":"https:\/\/tourtravelandmore.com\/wp-content\/uploads\/2018\/03\/south-of-france-france-vineyard-provence-europe.jpg","type":"image\/jpeg"}],"twitter_card":"summary_large_image","twitter_site":"@TourTravel_More","twitter_misc":{"Dur\u00e9e de lecture estim\u00e9e":"2 minutes"},"schema":{"@context":"https:\/\/schema.org","@graph":[{"@type":"WebPage","@id":"https:\/\/tourtravelandmore.com\/fr\/tours\/france-fr\/monaco-fr\/visite-privee-des-vignobles-de-la-cote-dazur-au-depart-de-monaco\/","url":"https:\/\/tourtravelandmore.com\/fr\/tours\/france-fr\/monaco-fr\/visite-privee-des-vignobles-de-la-cote-dazur-au-depart-de-monaco\/","name":"Visite viticole priv\u00e9e de Monaco aux C\u00f4tes de Provence","isPartOf":{"@id":"https:\/\/tourtravelandmore.com\/fr\/#website"},"primaryImageOfPage":{"@id":"https:\/\/tourtravelandmore.com\/fr\/tours\/france-fr\/monaco-fr\/visite-privee-des-vignobles-de-la-cote-dazur-au-depart-de-monaco\/#primaryimage"},"image":{"@id":"https:\/\/tourtravelandmore.com\/fr\/tours\/france-fr\/monaco-fr\/visite-privee-des-vignobles-de-la-cote-dazur-au-depart-de-monaco\/#primaryimage"},"thumbnailUrl":"https:\/\/tourtravelandmore.com\/wp-content\/uploads\/2018\/03\/south-of-france-france-vineyard-provence-europe.jpg","datePublished":"2018-03-09T14:04:53+00:00","description":"Profitez de cette visite priv\u00e9e des vins de Monaco et visitez les meilleurs vignobles de la C\u00f4te d'Azur \u00e0 l'aise dans votre v\u00e9hicule de luxe priv\u00e9 avec chauffeur priv\u00e9","breadcrumb":{"@id":"https:\/\/tourtravelandmore.com\/fr\/tours\/france-fr\/monaco-fr\/visite-privee-des-vignobles-de-la-cote-dazur-au-depart-de-monaco\/#breadcrumb"},"inLanguage":"fr-FR","potentialAction":[{"@type":"ReadAction","target":["https:\/\/tourtravelandmore.com\/fr\/tours\/france-fr\/monaco-fr\/visite-privee-des-vignobles-de-la-cote-dazur-au-depart-de-monaco\/"]}]},{"@type":"ImageObject","inLanguage":"fr-FR","@id":"https:\/\/tourtravelandmore.com\/fr\/tours\/france-fr\/monaco-fr\/visite-privee-des-vignobles-de-la-cote-dazur-au-depart-de-monaco\/#primaryimage","url":"https:\/\/tourtravelandmore.com\/wp-content\/uploads\/2018\/03\/south-of-france-france-vineyard-provence-europe.jpg","contentUrl":"https:\/\/tourtravelandmore.com\/wp-content\/uploads\/2018\/03\/south-of-france-france-vineyard-provence-europe.jpg","width":880,"height":661},{"@type":"BreadcrumbList","@id":"https:\/\/tourtravelandmore.com\/fr\/tours\/france-fr\/monaco-fr\/visite-privee-des-vignobles-de-la-cote-dazur-au-depart-de-monaco\/#breadcrumb","itemListElement":[{"@type":"ListItem","position":1,"name":"Home","item":"https:\/\/tourtravelandmore.com\/fr\/"},{"@type":"ListItem","position":2,"name":"Tours","item":"https:\/\/tourtravelandmore.com\/fr\/tours\/"},{"@type":"ListItem","position":3,"name":"Visite priv\u00e9e des vignobles de la C\u00f4te d&rsquo;Azur au d\u00e9part de Monaco"}]},{"@type":"WebSite","@id":"https:\/\/tourtravelandmore.com\/fr\/#website","url":"https:\/\/tourtravelandmore.com\/fr\/","name":"Tour Travel And More","description":"Private sightseeing tours and luxury transfers in Spain","publisher":{"@id":"https:\/\/tourtravelandmore.com\/fr\/#organization"},"potentialAction":[{"@type":"SearchAction","target":{"@type":"EntryPoint","urlTemplate":"https:\/\/tourtravelandmore.com\/fr\/?s={search_term_string}"},"query-input":{"@type":"PropertyValueSpecification","valueRequired":true,"valueName":"search_term_string"}}],"inLanguage":"fr-FR"},{"@type":"Organization","@id":"https:\/\/tourtravelandmore.com\/fr\/#organization","name":"Tour Travel And More","url":"https:\/\/tourtravelandmore.com\/fr\/","logo":{"@type":"ImageObject","inLanguage":"fr-FR","@id":"https:\/\/tourtravelandmore.com\/fr\/#\/schema\/logo\/image\/","url":"https:\/\/tourtravelandmore.com\/wp-content\/uploads\/2022\/12\/cropped-logo-cabecera-new.png","contentUrl":"https:\/\/tourtravelandmore.com\/wp-content\/uploads\/2022\/12\/cropped-logo-cabecera-new.png","width":430,"height":61,"caption":"Tour Travel And More"},"image":{"@id":"https:\/\/tourtravelandmore.com\/fr\/#\/schema\/logo\/image\/"},"sameAs":["https:\/\/www.facebook.com\/tourtravelandmore\/","https:\/\/x.com\/TourTravel_More"]}]}},"_links":{"self":[{"href":"https:\/\/tourtravelandmore.com\/fr\/wp-json\/wp\/v2\/product\/101308","targetHints":{"allow":["GET"]}}],"collection":[{"href":"https:\/\/tourtravelandmore.com\/fr\/wp-json\/wp\/v2\/product"}],"about":[{"href":"https:\/\/tourtravelandmore.com\/fr\/wp-json\/wp\/v2\/types\/product"}],"replies":[{"embeddable":true,"href":"https:\/\/tourtravelandmore.com\/fr\/wp-json\/wp\/v2\/comments?post=101308"}],"wp:featuredmedia":[{"embeddable":true,"href":"https:\/\/tourtravelandmore.com\/fr\/wp-json\/wp\/v2\/media\/98288"}],"wp:attachment":[{"href":"https:\/\/tourtravelandmore.com\/fr\/wp-json\/wp\/v2\/media?parent=101308"}],"wp:term":[{"taxonomy":"product_brand","embeddable":true,"href":"https:\/\/tourtravelandmore.com\/fr\/wp-json\/wp\/v2\/product_brand?post=101308"},{"taxonomy":"product_cat","embeddable":true,"href":"https:\/\/tourtravelandmore.com\/fr\/wp-json\/wp\/v2\/product_cat?post=101308"},{"taxonomy":"product_tag","embeddable":true,"href":"https:\/\/tourtravelandmore.com\/fr\/wp-json\/wp\/v2\/product_tag?post=101308"}],"curies":[{"name":"wp","href":"https:\/\/api.w.org\/{rel}","templated":true}]}}