{"id":101303,"date":"2018-03-09T14:46:34","date_gmt":"2018-03-09T13:46:34","guid":{"rendered":"https:\/\/tourtravelandmore.com\/tours\/non class\u00e9\/visite-privee-le-meilleur-de-la-cote-dazur-avec-chauffeur-guide-prive\/"},"modified":"2018-03-09T14:46:34","modified_gmt":"2018-03-09T13:46:34","slug":"visite-privee-le-meilleur-de-la-cote-dazur-avec-chauffeur-guide-prive","status":"publish","type":"product","link":"https:\/\/tourtravelandmore.com\/fr\/tours\/france-fr\/monaco-fr\/visite-privee-le-meilleur-de-la-cote-dazur-avec-chauffeur-guide-prive\/","title":{"rendered":"Visite priv\u00e9e: le meilleur de la C\u00f4te d&#8217;Azur avec chauffeur \/ guide priv\u00e9"},"content":{"rendered":"<h2>Description<\/h2>\n<p>Profitez de cette visite priv\u00e9e de la C\u00f4te d&#8217;Azur avec votre chauffeur \/ guide et visitez Nice, Eze, Monaco, Cannes et Saint Paul de Vence. Vous conduirez autour des monuments les plus embl\u00e9matiques de la C\u00f4te d&#8217;Azur et profiterez pendant que votre chauffeur \/ guide vous racontera l&#8217;histoire et les secrets de la r\u00e9gion.<\/p>\n<p>Tout d&#8217;abord, votre chauffeur viendra vous chercher \u00e0 votre h\u00f4tel ou lieu de votre choix (h\u00f4tel, port de croisi\u00e8re, a\u00e9roport ou appartement). Apr\u00e8s cela, vous commencerez votre visite priv\u00e9e de la C\u00f4te d&#8217;Azur. Nous pouvons organiser la prise en charge depuis n&#8217;importe quel site \u00e0 Monaco, Cannes, Nice, Villefranche sur mer et ses environs.<\/p>\n<p>Contactez-nous, l&#8217;un de nos experts vous aidera \u00e0 organiser une exp\u00e9rience totalement personnalis\u00e9e et unique dans le sud de la France. Votre chauffeur \/ guide sera avec pour toute la dur\u00e9e de la visite, \u00e0 votre enti\u00e8re disposition.<\/p>\n<h2>Sites d&#8217;int\u00e9r\u00eat et points de rep\u00e8re<\/h2>\n<p>Au cours de cette visite priv\u00e9e de la C\u00f4te d&#8217;Azur, vous pourrez visiter les meilleurs endroits de la C\u00f4te d&#8217;Azur. Tout d&#8217;abord, vous profiterez d&#8217;une promenade panoramique sur les sites les plus embl\u00e9matiques de Monaco. Vous pouvez visiter la collection de voitures anciennes du prince et les appartements d&#8217;\u00c9tat (palais princier) et voir le point de d\u00e9part de la course annuelle de F1. Apr\u00e8s cela, vous conduirez la Grande Corniche jusqu&#8217;\u00e0 Eze. Ce magnifique village perch\u00e9 est situ\u00e9 \u00e0 427 m\u00e8tres au-dessus du niveau de la mer. Vous pourrez y visiter la parfumerie Fragonard.<br \/>\nVous vous dirigerez ensuite vers la vieille ville de Nice. Une fois sur place, vous pourrez vous promener dans ses rues \u00e9troites de style italien. Visitez la cath\u00e9drale Saint-Nicolas et les autres \u00e9glises baroques de Nice. Promenez-vous dans la belle promenade des anglais et, si vous \u00eates int\u00e9ress\u00e9, vous pouvez visiter l&#8217;un des nombreux mus\u00e9es de Nice, comme le Chagall. Enfin, vous verrez la ville du point de vue du Mont-Boron.<\/p>\n<p>Apr\u00e8s cela, vous vous rendrez \u00e0 Cannes. La ville est bien connue pour ses festivals, ses villas de luxe et ses casinos. Vous traverserez sa jolie promenade et visiterez les h\u00f4tels, les yachts et les magasins. Enfin, vous vous dirigerez vers le village m\u00e9di\u00e9val de Saint Paul de Vence, connu comme le village des artistes.<\/p>\n<p>Lorsque le temps est \u00e9coul\u00e9, votre chauffeur \/ guide vous ram\u00e8nera \u00e0 Monaco (ou \u00e0 tout autre site de la C\u00f4te d&#8217;Azur que vous pr\u00e9f\u00e9rez). Vous aurez bien s\u00fbr du temps libre pour le d\u00e9jeuner pendant votre visite.<br \/>\nNous pouvons organiser la dur\u00e9e exacte de l&#8217;exp\u00e9rience en fonction de vos propres besoins. Cependant cette option de circuit a une dur\u00e9e de 8 heures, n&#8217;h\u00e9sitez pas \u00e0 nous contacter si vous souhaitez un circuit plus ou moins long.<\/p>\n","protected":false},"excerpt":{"rendered":"<p>Profitez de cette exp\u00e9rience priv\u00e9e sur mesure depuis Monaco et d\u00e9couvrez les deux principales villes de la r\u00e9gion: Monaco et Nice. Explorez Eze, o\u00f9 vous pourrez visiter le laboratoire de la parfumerie Fragonard, visiter Cannes et vous promener dans sa jolie promenade et enfin profiter d&#8217;une promenade dans le magnifique village m\u00e9di\u00e9val de Saint Paul de Vence. Profitez de cette occasion pour d\u00e9couvrir cette belle r\u00e9gion du sud de la France dans votre propre v\u00e9hicule priv\u00e9 avec votre propre chauffeur \/ guide en anglais ou en fran\u00e7ais. Personnalisez votre propre exp\u00e9rience.<\/p>\n","protected":false},"featured_media":94767,"comment_status":"open","ping_status":"closed","template":"","meta":{"_acf_changed":false},"product_brand":[],"product_cat":[3698],"product_tag":[],"class_list":{"0":"post-101303","1":"product","2":"type-product","3":"status-publish","4":"has-post-thumbnail","6":"product_cat-monaco-fr","8":"first","9":"instock","10":"shipping-taxable","11":"purchasable","12":"product-type-simple"},"acf":[],"yoast_head":"<!-- This site is optimized with the Yoast SEO Premium plugin v25.3.1 (Yoast SEO v25.3.1) - https:\/\/yoast.com\/wordpress\/plugins\/seo\/ -->\n<title>Visite priv\u00e9e de la C\u00f4te d&#039;Azur avec chauffeur \/ guide professionnel<\/title>\n<meta name=\"description\" content=\"Profitez de la superbe architecture et des merveilleux sites historiques de la C\u00f4te d&#039;Azur. Visitez Nice, Cannes, Monaco et plus encore lors de notre visite priv\u00e9e sur la C\u00f4te d&#039;Azur\" \/>\n<meta name=\"robots\" content=\"index, follow, max-snippet:-1, max-image-preview:large, max-video-preview:-1\" \/>\n<link rel=\"canonical\" href=\"https:\/\/tourtravelandmore.com\/fr\/tours\/france-fr\/monaco-fr\/visite-privee-le-meilleur-de-la-cote-dazur-avec-chauffeur-guide-prive\/\" \/>\n<meta property=\"og:locale\" content=\"fr_FR\" \/>\n<meta property=\"og:type\" content=\"article\" \/>\n<meta property=\"og:title\" content=\"Visite priv\u00e9e: le meilleur de la C\u00f4te d&#039;Azur avec chauffeur \/ guide priv\u00e9\" \/>\n<meta property=\"og:description\" content=\"Profitez de la superbe architecture et des merveilleux sites historiques de la C\u00f4te d&#039;Azur. Visitez Nice, Cannes, Monaco et plus encore lors de notre visite priv\u00e9e sur la C\u00f4te d&#039;Azur\" \/>\n<meta property=\"og:url\" content=\"https:\/\/tourtravelandmore.com\/fr\/tours\/france-fr\/monaco-fr\/visite-privee-le-meilleur-de-la-cote-dazur-avec-chauffeur-guide-prive\/\" \/>\n<meta property=\"og:site_name\" content=\"Tour Travel And More\" \/>\n<meta property=\"article:publisher\" content=\"https:\/\/www.facebook.com\/tourtravelandmore\/\" \/>\n<meta property=\"og:image\" content=\"https:\/\/tourtravelandmore.com\/wp-content\/uploads\/2018\/03\/SaintPauldeVence-1.jpg\" \/>\n\t<meta property=\"og:image:width\" content=\"1024\" \/>\n\t<meta property=\"og:image:height\" content=\"537\" \/>\n\t<meta property=\"og:image:type\" content=\"image\/jpeg\" \/>\n<meta name=\"twitter:card\" content=\"summary_large_image\" \/>\n<meta name=\"twitter:site\" content=\"@TourTravel_More\" \/>\n<meta name=\"twitter:label1\" content=\"Dur\u00e9e de lecture estim\u00e9e\" \/>\n\t<meta name=\"twitter:data1\" content=\"2 minutes\" \/>\n<script type=\"application\/ld+json\" class=\"yoast-schema-graph\">{\"@context\":\"https:\/\/schema.org\",\"@graph\":[{\"@type\":\"WebPage\",\"@id\":\"https:\/\/tourtravelandmore.com\/fr\/tours\/france-fr\/monaco-fr\/visite-privee-le-meilleur-de-la-cote-dazur-avec-chauffeur-guide-prive\/\",\"url\":\"https:\/\/tourtravelandmore.com\/fr\/tours\/france-fr\/monaco-fr\/visite-privee-le-meilleur-de-la-cote-dazur-avec-chauffeur-guide-prive\/\",\"name\":\"Visite priv\u00e9e de la C\u00f4te d'Azur avec chauffeur \/ guide professionnel\",\"isPartOf\":{\"@id\":\"https:\/\/tourtravelandmore.com\/fr\/#website\"},\"primaryImageOfPage\":{\"@id\":\"https:\/\/tourtravelandmore.com\/fr\/tours\/france-fr\/monaco-fr\/visite-privee-le-meilleur-de-la-cote-dazur-avec-chauffeur-guide-prive\/#primaryimage\"},\"image\":{\"@id\":\"https:\/\/tourtravelandmore.com\/fr\/tours\/france-fr\/monaco-fr\/visite-privee-le-meilleur-de-la-cote-dazur-avec-chauffeur-guide-prive\/#primaryimage\"},\"thumbnailUrl\":\"https:\/\/tourtravelandmore.com\/wp-content\/uploads\/2018\/03\/SaintPauldeVence-1.jpg\",\"datePublished\":\"2018-03-09T13:46:34+00:00\",\"description\":\"Profitez de la superbe architecture et des merveilleux sites historiques de la C\u00f4te d'Azur. Visitez Nice, Cannes, Monaco et plus encore lors de notre visite priv\u00e9e sur la C\u00f4te d'Azur\",\"breadcrumb\":{\"@id\":\"https:\/\/tourtravelandmore.com\/fr\/tours\/france-fr\/monaco-fr\/visite-privee-le-meilleur-de-la-cote-dazur-avec-chauffeur-guide-prive\/#breadcrumb\"},\"inLanguage\":\"fr-FR\",\"potentialAction\":[{\"@type\":\"ReadAction\",\"target\":[\"https:\/\/tourtravelandmore.com\/fr\/tours\/france-fr\/monaco-fr\/visite-privee-le-meilleur-de-la-cote-dazur-avec-chauffeur-guide-prive\/\"]}]},{\"@type\":\"ImageObject\",\"inLanguage\":\"fr-FR\",\"@id\":\"https:\/\/tourtravelandmore.com\/fr\/tours\/france-fr\/monaco-fr\/visite-privee-le-meilleur-de-la-cote-dazur-avec-chauffeur-guide-prive\/#primaryimage\",\"url\":\"https:\/\/tourtravelandmore.com\/wp-content\/uploads\/2018\/03\/SaintPauldeVence-1.jpg\",\"contentUrl\":\"https:\/\/tourtravelandmore.com\/wp-content\/uploads\/2018\/03\/SaintPauldeVence-1.jpg\",\"width\":1024,\"height\":537},{\"@type\":\"BreadcrumbList\",\"@id\":\"https:\/\/tourtravelandmore.com\/fr\/tours\/france-fr\/monaco-fr\/visite-privee-le-meilleur-de-la-cote-dazur-avec-chauffeur-guide-prive\/#breadcrumb\",\"itemListElement\":[{\"@type\":\"ListItem\",\"position\":1,\"name\":\"Home\",\"item\":\"https:\/\/tourtravelandmore.com\/fr\/\"},{\"@type\":\"ListItem\",\"position\":2,\"name\":\"Tours\",\"item\":\"https:\/\/tourtravelandmore.com\/fr\/tours\/\"},{\"@type\":\"ListItem\",\"position\":3,\"name\":\"Visite priv\u00e9e: le meilleur de la C\u00f4te d&rsquo;Azur avec chauffeur \/ guide priv\u00e9\"}]},{\"@type\":\"WebSite\",\"@id\":\"https:\/\/tourtravelandmore.com\/fr\/#website\",\"url\":\"https:\/\/tourtravelandmore.com\/fr\/\",\"name\":\"Tour Travel And More\",\"description\":\"Private sightseeing tours and luxury transfers in Spain\",\"publisher\":{\"@id\":\"https:\/\/tourtravelandmore.com\/fr\/#organization\"},\"potentialAction\":[{\"@type\":\"SearchAction\",\"target\":{\"@type\":\"EntryPoint\",\"urlTemplate\":\"https:\/\/tourtravelandmore.com\/fr\/?s={search_term_string}\"},\"query-input\":{\"@type\":\"PropertyValueSpecification\",\"valueRequired\":true,\"valueName\":\"search_term_string\"}}],\"inLanguage\":\"fr-FR\"},{\"@type\":\"Organization\",\"@id\":\"https:\/\/tourtravelandmore.com\/fr\/#organization\",\"name\":\"Tour Travel And More\",\"url\":\"https:\/\/tourtravelandmore.com\/fr\/\",\"logo\":{\"@type\":\"ImageObject\",\"inLanguage\":\"fr-FR\",\"@id\":\"https:\/\/tourtravelandmore.com\/fr\/#\/schema\/logo\/image\/\",\"url\":\"https:\/\/tourtravelandmore.com\/wp-content\/uploads\/2022\/12\/cropped-logo-cabecera-new.png\",\"contentUrl\":\"https:\/\/tourtravelandmore.com\/wp-content\/uploads\/2022\/12\/cropped-logo-cabecera-new.png\",\"width\":430,\"height\":61,\"caption\":\"Tour Travel And More\"},\"image\":{\"@id\":\"https:\/\/tourtravelandmore.com\/fr\/#\/schema\/logo\/image\/\"},\"sameAs\":[\"https:\/\/www.facebook.com\/tourtravelandmore\/\",\"https:\/\/x.com\/TourTravel_More\"]}]}<\/script>\n<!-- \/ Yoast SEO Premium plugin. -->","yoast_head_json":{"title":"Visite priv\u00e9e de la C\u00f4te d'Azur avec chauffeur \/ guide professionnel","description":"Profitez de la superbe architecture et des merveilleux sites historiques de la C\u00f4te d'Azur. Visitez Nice, Cannes, Monaco et plus encore lors de notre visite priv\u00e9e sur la C\u00f4te d'Azur","robots":{"index":"index","follow":"follow","max-snippet":"max-snippet:-1","max-image-preview":"max-image-preview:large","max-video-preview":"max-video-preview:-1"},"canonical":"https:\/\/tourtravelandmore.com\/fr\/tours\/france-fr\/monaco-fr\/visite-privee-le-meilleur-de-la-cote-dazur-avec-chauffeur-guide-prive\/","og_locale":"fr_FR","og_type":"article","og_title":"Visite priv\u00e9e: le meilleur de la C\u00f4te d'Azur avec chauffeur \/ guide priv\u00e9","og_description":"Profitez de la superbe architecture et des merveilleux sites historiques de la C\u00f4te d'Azur. Visitez Nice, Cannes, Monaco et plus encore lors de notre visite priv\u00e9e sur la C\u00f4te d'Azur","og_url":"https:\/\/tourtravelandmore.com\/fr\/tours\/france-fr\/monaco-fr\/visite-privee-le-meilleur-de-la-cote-dazur-avec-chauffeur-guide-prive\/","og_site_name":"Tour Travel And More","article_publisher":"https:\/\/www.facebook.com\/tourtravelandmore\/","og_image":[{"width":1024,"height":537,"url":"https:\/\/tourtravelandmore.com\/wp-content\/uploads\/2018\/03\/SaintPauldeVence-1.jpg","type":"image\/jpeg"}],"twitter_card":"summary_large_image","twitter_site":"@TourTravel_More","twitter_misc":{"Dur\u00e9e de lecture estim\u00e9e":"2 minutes"},"schema":{"@context":"https:\/\/schema.org","@graph":[{"@type":"WebPage","@id":"https:\/\/tourtravelandmore.com\/fr\/tours\/france-fr\/monaco-fr\/visite-privee-le-meilleur-de-la-cote-dazur-avec-chauffeur-guide-prive\/","url":"https:\/\/tourtravelandmore.com\/fr\/tours\/france-fr\/monaco-fr\/visite-privee-le-meilleur-de-la-cote-dazur-avec-chauffeur-guide-prive\/","name":"Visite priv\u00e9e de la C\u00f4te d'Azur avec chauffeur \/ guide professionnel","isPartOf":{"@id":"https:\/\/tourtravelandmore.com\/fr\/#website"},"primaryImageOfPage":{"@id":"https:\/\/tourtravelandmore.com\/fr\/tours\/france-fr\/monaco-fr\/visite-privee-le-meilleur-de-la-cote-dazur-avec-chauffeur-guide-prive\/#primaryimage"},"image":{"@id":"https:\/\/tourtravelandmore.com\/fr\/tours\/france-fr\/monaco-fr\/visite-privee-le-meilleur-de-la-cote-dazur-avec-chauffeur-guide-prive\/#primaryimage"},"thumbnailUrl":"https:\/\/tourtravelandmore.com\/wp-content\/uploads\/2018\/03\/SaintPauldeVence-1.jpg","datePublished":"2018-03-09T13:46:34+00:00","description":"Profitez de la superbe architecture et des merveilleux sites historiques de la C\u00f4te d'Azur. Visitez Nice, Cannes, Monaco et plus encore lors de notre visite priv\u00e9e sur la C\u00f4te d'Azur","breadcrumb":{"@id":"https:\/\/tourtravelandmore.com\/fr\/tours\/france-fr\/monaco-fr\/visite-privee-le-meilleur-de-la-cote-dazur-avec-chauffeur-guide-prive\/#breadcrumb"},"inLanguage":"fr-FR","potentialAction":[{"@type":"ReadAction","target":["https:\/\/tourtravelandmore.com\/fr\/tours\/france-fr\/monaco-fr\/visite-privee-le-meilleur-de-la-cote-dazur-avec-chauffeur-guide-prive\/"]}]},{"@type":"ImageObject","inLanguage":"fr-FR","@id":"https:\/\/tourtravelandmore.com\/fr\/tours\/france-fr\/monaco-fr\/visite-privee-le-meilleur-de-la-cote-dazur-avec-chauffeur-guide-prive\/#primaryimage","url":"https:\/\/tourtravelandmore.com\/wp-content\/uploads\/2018\/03\/SaintPauldeVence-1.jpg","contentUrl":"https:\/\/tourtravelandmore.com\/wp-content\/uploads\/2018\/03\/SaintPauldeVence-1.jpg","width":1024,"height":537},{"@type":"BreadcrumbList","@id":"https:\/\/tourtravelandmore.com\/fr\/tours\/france-fr\/monaco-fr\/visite-privee-le-meilleur-de-la-cote-dazur-avec-chauffeur-guide-prive\/#breadcrumb","itemListElement":[{"@type":"ListItem","position":1,"name":"Home","item":"https:\/\/tourtravelandmore.com\/fr\/"},{"@type":"ListItem","position":2,"name":"Tours","item":"https:\/\/tourtravelandmore.com\/fr\/tours\/"},{"@type":"ListItem","position":3,"name":"Visite priv\u00e9e: le meilleur de la C\u00f4te d&rsquo;Azur avec chauffeur \/ guide priv\u00e9"}]},{"@type":"WebSite","@id":"https:\/\/tourtravelandmore.com\/fr\/#website","url":"https:\/\/tourtravelandmore.com\/fr\/","name":"Tour Travel And More","description":"Private sightseeing tours and luxury transfers in Spain","publisher":{"@id":"https:\/\/tourtravelandmore.com\/fr\/#organization"},"potentialAction":[{"@type":"SearchAction","target":{"@type":"EntryPoint","urlTemplate":"https:\/\/tourtravelandmore.com\/fr\/?s={search_term_string}"},"query-input":{"@type":"PropertyValueSpecification","valueRequired":true,"valueName":"search_term_string"}}],"inLanguage":"fr-FR"},{"@type":"Organization","@id":"https:\/\/tourtravelandmore.com\/fr\/#organization","name":"Tour Travel And More","url":"https:\/\/tourtravelandmore.com\/fr\/","logo":{"@type":"ImageObject","inLanguage":"fr-FR","@id":"https:\/\/tourtravelandmore.com\/fr\/#\/schema\/logo\/image\/","url":"https:\/\/tourtravelandmore.com\/wp-content\/uploads\/2022\/12\/cropped-logo-cabecera-new.png","contentUrl":"https:\/\/tourtravelandmore.com\/wp-content\/uploads\/2022\/12\/cropped-logo-cabecera-new.png","width":430,"height":61,"caption":"Tour Travel And More"},"image":{"@id":"https:\/\/tourtravelandmore.com\/fr\/#\/schema\/logo\/image\/"},"sameAs":["https:\/\/www.facebook.com\/tourtravelandmore\/","https:\/\/x.com\/TourTravel_More"]}]}},"_links":{"self":[{"href":"https:\/\/tourtravelandmore.com\/fr\/wp-json\/wp\/v2\/product\/101303","targetHints":{"allow":["GET"]}}],"collection":[{"href":"https:\/\/tourtravelandmore.com\/fr\/wp-json\/wp\/v2\/product"}],"about":[{"href":"https:\/\/tourtravelandmore.com\/fr\/wp-json\/wp\/v2\/types\/product"}],"replies":[{"embeddable":true,"href":"https:\/\/tourtravelandmore.com\/fr\/wp-json\/wp\/v2\/comments?post=101303"}],"wp:featuredmedia":[{"embeddable":true,"href":"https:\/\/tourtravelandmore.com\/fr\/wp-json\/wp\/v2\/media\/94767"}],"wp:attachment":[{"href":"https:\/\/tourtravelandmore.com\/fr\/wp-json\/wp\/v2\/media?parent=101303"}],"wp:term":[{"taxonomy":"product_brand","embeddable":true,"href":"https:\/\/tourtravelandmore.com\/fr\/wp-json\/wp\/v2\/product_brand?post=101303"},{"taxonomy":"product_cat","embeddable":true,"href":"https:\/\/tourtravelandmore.com\/fr\/wp-json\/wp\/v2\/product_cat?post=101303"},{"taxonomy":"product_tag","embeddable":true,"href":"https:\/\/tourtravelandmore.com\/fr\/wp-json\/wp\/v2\/product_tag?post=101303"}],"curies":[{"name":"wp","href":"https:\/\/api.w.org\/{rel}","templated":true}]}}