{"id":101293,"date":"2018-03-08T15:30:18","date_gmt":"2018-03-08T14:30:18","guid":{"rendered":"https:\/\/tourtravelandmore.com\/tours\/non class\u00e9\/visite-privee-de-cannes-et-antibes-avec-chauffeur-guide-prive\/"},"modified":"2018-03-08T15:30:18","modified_gmt":"2018-03-08T14:30:18","slug":"visite-privee-de-cannes-et-antibes-avec-chauffeur-guide-prive","status":"publish","type":"product","link":"https:\/\/tourtravelandmore.com\/fr\/tours\/france-fr\/monaco-fr\/visite-privee-de-cannes-et-antibes-avec-chauffeur-guide-prive\/","title":{"rendered":"Visite priv\u00e9e de Cannes et Antibes avec chauffeur \/ guide priv\u00e9"},"content":{"rendered":"<h2>Description<\/h2>\n<p>Profitez de cette visite priv\u00e9e sur mesure \u00e0 c\u00f4t\u00e9 de votre chauffeur \/ guide et visitez Cannes et la baie d&#8217;Antibes avec un expert local. Lors de votre visite priv\u00e9e \u00e0 Cannes au d\u00e9part de Monaco, vous ferez le tour des principaux sites de chaque ville et profiterez pendant que votre chauffeur \/ guide vous racontera les secrets de la r\u00e9gion.<\/p>\n<p>Vous serez pris en charge \u00e0 votre h\u00f4tel ou lieu de votre choix (h\u00f4tel, port de croisi\u00e8re, a\u00e9roport ou appartement) et vous emm\u00e8nera dans cette visite priv\u00e9e \u00e0 travers la C\u00f4te d&#8217;Azur. Veuillez nous le faire savoir \u00e0 l&#8217;avance, nous pouvons organiser une prise en charge depuis Cannes, Monaco, Nice, Villefranche sur mer et ses environs.<\/p>\n<p>Nous vous aiderons \u00e0 organiser une exp\u00e9rience totalement personnalis\u00e9e et unique. Votre chauffeur \/ guide sera \u00e0 votre enti\u00e8re disposition pendant toute la dur\u00e9e de la visite, vous montrant les plus beaux sites de la C\u00f4te d&#8217;Azur.<\/p>\n<h2>Sites d&#8217;int\u00e9r\u00eat et points de rep\u00e8re<\/h2>\n<p>Tout d&#8217;abord, votre chauffeur \/ guide priv\u00e9 viendra vous chercher \u00e0 l&#8217;endroit de votre choix. Apr\u00e8s cela, vous commencerez votre visite priv\u00e9e \u00e0 Cannes au d\u00e9part de Monaco. Au cours de cette exp\u00e9rience priv\u00e9e sur mesure, vous d\u00e9couvrirez les meilleurs endroits de Cannes, Juan Les Pins et Antibes.<\/p>\n<p>La premi\u00e8re \u00e9tape de votre exp\u00e9rience sera Cannes. Cette ville glamour est bien connue pour ses palais et villas, et pour c\u00e9l\u00e9brer chaque ann\u00e9e le festival du film de Cannes. Promenez-vous sur le magnifique boulevard de la Croisette, o\u00f9 se trouvent les meilleurs h\u00f4tels et boutiques de marques de luxe. Visitez le port et admirez les yachts de luxe et les bateaux de p\u00eache locaux. Vous profiterez \u00e9galement de la vue imprenable sur la baie de la Napoule et les sommets de l&#8217;Est\u00e9rel.<\/p>\n<p>Apr\u00e8s avoir explor\u00e9 Cannes, vous vous dirigerez vers Juan Les Pins et Antibes. Vous y visiterez les tours du XIIe si\u00e8cle de l&#8217;\u00e9glise et le ch\u00e2teau de la famille Grimaldi. Si vous \u00eates amateur d&#8217;art, vous pouvez \u00e9galement visiter le mus\u00e9e Picasso situ\u00e9 dans les magnifiques ch\u00e2teaux de Vallauris.<\/p>\n<p>Une fois votre visite termin\u00e9e, votre chauffeur \/ guide vous ram\u00e8nera \u00e0 Monaco (ou nous le pr\u00e9viendra si vous avez besoin d&#8217;une d\u00e9pose ailleurs). Nous pouvons organiser la dur\u00e9e exacte de l&#8217;exp\u00e9rience en fonction de vos propres besoins. Cependant notre proposition a une dur\u00e9e de 4 heures, il est possible d&#8217;organiser une dur\u00e9e plus ou moins longue de la visite. Contactez-nous pour une exp\u00e9rience personnalis\u00e9e!<\/p>\n","protected":false},"excerpt":{"rendered":"<p>Profitez de cette exp\u00e9rience totalement priv\u00e9e pour d\u00e9couvrir la ville de Cannes et la baie d&#8217;Antibes. Profitez de cette occasion pour d\u00e9couvrir cette belle r\u00e9gion du sud de la France avec votre propre v\u00e9hicule priv\u00e9 avec votre propre chauffeur \/ guide en anglais ou en fran\u00e7ais. Personnalisez votre propre exp\u00e9rience.<\/p>\n","protected":false},"featured_media":94777,"comment_status":"open","ping_status":"closed","template":"","meta":{"_acf_changed":false},"product_brand":[],"product_cat":[3698],"product_tag":[],"class_list":{"0":"post-101293","1":"product","2":"type-product","3":"status-publish","4":"has-post-thumbnail","6":"product_cat-monaco-fr","8":"first","9":"instock","10":"shipping-taxable","11":"purchasable","12":"product-type-simple"},"acf":[],"yoast_head":"<!-- This site is optimized with the Yoast SEO Premium plugin v25.3.1 (Yoast SEO v25.3.1) - https:\/\/yoast.com\/wordpress\/plugins\/seo\/ -->\n<title>Visite priv\u00e9e \u00e0 Cannes depuis Monaco avec chauffeur \/ guide priv\u00e9<\/title>\n<meta name=\"description\" content=\"Visitez la ville glamour de Cannes dans votre v\u00e9hicule de luxe priv\u00e9 lors d&#039;une visite priv\u00e9e \u00e0 Cannes au d\u00e9part de Monaco. Explorez la C\u00f4te d&#039;Azur \u00e0 c\u00f4t\u00e9 d&#039;un local!\" \/>\n<meta name=\"robots\" content=\"index, follow, max-snippet:-1, max-image-preview:large, max-video-preview:-1\" \/>\n<link rel=\"canonical\" href=\"https:\/\/tourtravelandmore.com\/fr\/tours\/france-fr\/monaco-fr\/visite-privee-de-cannes-et-antibes-avec-chauffeur-guide-prive\/\" \/>\n<meta property=\"og:locale\" content=\"fr_FR\" \/>\n<meta property=\"og:type\" content=\"article\" \/>\n<meta property=\"og:title\" content=\"Visite priv\u00e9e de Cannes et Antibes avec chauffeur \/ guide priv\u00e9\" \/>\n<meta property=\"og:description\" content=\"Visitez la ville glamour de Cannes dans votre v\u00e9hicule de luxe priv\u00e9 lors d&#039;une visite priv\u00e9e \u00e0 Cannes au d\u00e9part de Monaco. Explorez la C\u00f4te d&#039;Azur \u00e0 c\u00f4t\u00e9 d&#039;un local!\" \/>\n<meta property=\"og:url\" content=\"https:\/\/tourtravelandmore.com\/fr\/tours\/france-fr\/monaco-fr\/visite-privee-de-cannes-et-antibes-avec-chauffeur-guide-prive\/\" \/>\n<meta property=\"og:site_name\" content=\"Tour Travel And More\" \/>\n<meta property=\"article:publisher\" content=\"https:\/\/www.facebook.com\/tourtravelandmore\/\" \/>\n<meta property=\"og:image\" content=\"https:\/\/tourtravelandmore.com\/wp-content\/uploads\/2018\/03\/chair-croissete.jpg\" \/>\n\t<meta property=\"og:image:width\" content=\"1024\" \/>\n\t<meta property=\"og:image:height\" content=\"683\" \/>\n\t<meta property=\"og:image:type\" content=\"image\/jpeg\" \/>\n<meta name=\"twitter:card\" content=\"summary_large_image\" \/>\n<meta name=\"twitter:site\" content=\"@TourTravel_More\" \/>\n<meta name=\"twitter:label1\" content=\"Dur\u00e9e de lecture estim\u00e9e\" \/>\n\t<meta name=\"twitter:data1\" content=\"2 minutes\" \/>\n<script type=\"application\/ld+json\" class=\"yoast-schema-graph\">{\"@context\":\"https:\/\/schema.org\",\"@graph\":[{\"@type\":\"WebPage\",\"@id\":\"https:\/\/tourtravelandmore.com\/fr\/tours\/france-fr\/monaco-fr\/visite-privee-de-cannes-et-antibes-avec-chauffeur-guide-prive\/\",\"url\":\"https:\/\/tourtravelandmore.com\/fr\/tours\/france-fr\/monaco-fr\/visite-privee-de-cannes-et-antibes-avec-chauffeur-guide-prive\/\",\"name\":\"Visite priv\u00e9e \u00e0 Cannes depuis Monaco avec chauffeur \/ guide priv\u00e9\",\"isPartOf\":{\"@id\":\"https:\/\/tourtravelandmore.com\/fr\/#website\"},\"primaryImageOfPage\":{\"@id\":\"https:\/\/tourtravelandmore.com\/fr\/tours\/france-fr\/monaco-fr\/visite-privee-de-cannes-et-antibes-avec-chauffeur-guide-prive\/#primaryimage\"},\"image\":{\"@id\":\"https:\/\/tourtravelandmore.com\/fr\/tours\/france-fr\/monaco-fr\/visite-privee-de-cannes-et-antibes-avec-chauffeur-guide-prive\/#primaryimage\"},\"thumbnailUrl\":\"https:\/\/tourtravelandmore.com\/wp-content\/uploads\/2018\/03\/chair-croissete.jpg\",\"datePublished\":\"2018-03-08T14:30:18+00:00\",\"description\":\"Visitez la ville glamour de Cannes dans votre v\u00e9hicule de luxe priv\u00e9 lors d'une visite priv\u00e9e \u00e0 Cannes au d\u00e9part de Monaco. Explorez la C\u00f4te d'Azur \u00e0 c\u00f4t\u00e9 d'un local!\",\"breadcrumb\":{\"@id\":\"https:\/\/tourtravelandmore.com\/fr\/tours\/france-fr\/monaco-fr\/visite-privee-de-cannes-et-antibes-avec-chauffeur-guide-prive\/#breadcrumb\"},\"inLanguage\":\"fr-FR\",\"potentialAction\":[{\"@type\":\"ReadAction\",\"target\":[\"https:\/\/tourtravelandmore.com\/fr\/tours\/france-fr\/monaco-fr\/visite-privee-de-cannes-et-antibes-avec-chauffeur-guide-prive\/\"]}]},{\"@type\":\"ImageObject\",\"inLanguage\":\"fr-FR\",\"@id\":\"https:\/\/tourtravelandmore.com\/fr\/tours\/france-fr\/monaco-fr\/visite-privee-de-cannes-et-antibes-avec-chauffeur-guide-prive\/#primaryimage\",\"url\":\"https:\/\/tourtravelandmore.com\/wp-content\/uploads\/2018\/03\/chair-croissete.jpg\",\"contentUrl\":\"https:\/\/tourtravelandmore.com\/wp-content\/uploads\/2018\/03\/chair-croissete.jpg\",\"width\":1024,\"height\":683},{\"@type\":\"BreadcrumbList\",\"@id\":\"https:\/\/tourtravelandmore.com\/fr\/tours\/france-fr\/monaco-fr\/visite-privee-de-cannes-et-antibes-avec-chauffeur-guide-prive\/#breadcrumb\",\"itemListElement\":[{\"@type\":\"ListItem\",\"position\":1,\"name\":\"Home\",\"item\":\"https:\/\/tourtravelandmore.com\/fr\/\"},{\"@type\":\"ListItem\",\"position\":2,\"name\":\"Tours\",\"item\":\"https:\/\/tourtravelandmore.com\/fr\/tours\/\"},{\"@type\":\"ListItem\",\"position\":3,\"name\":\"Visite priv\u00e9e de Cannes et Antibes avec chauffeur \/ guide priv\u00e9\"}]},{\"@type\":\"WebSite\",\"@id\":\"https:\/\/tourtravelandmore.com\/fr\/#website\",\"url\":\"https:\/\/tourtravelandmore.com\/fr\/\",\"name\":\"Tour Travel And More\",\"description\":\"Private sightseeing tours and luxury transfers in Spain\",\"publisher\":{\"@id\":\"https:\/\/tourtravelandmore.com\/fr\/#organization\"},\"potentialAction\":[{\"@type\":\"SearchAction\",\"target\":{\"@type\":\"EntryPoint\",\"urlTemplate\":\"https:\/\/tourtravelandmore.com\/fr\/?s={search_term_string}\"},\"query-input\":{\"@type\":\"PropertyValueSpecification\",\"valueRequired\":true,\"valueName\":\"search_term_string\"}}],\"inLanguage\":\"fr-FR\"},{\"@type\":\"Organization\",\"@id\":\"https:\/\/tourtravelandmore.com\/fr\/#organization\",\"name\":\"Tour Travel And More\",\"url\":\"https:\/\/tourtravelandmore.com\/fr\/\",\"logo\":{\"@type\":\"ImageObject\",\"inLanguage\":\"fr-FR\",\"@id\":\"https:\/\/tourtravelandmore.com\/fr\/#\/schema\/logo\/image\/\",\"url\":\"https:\/\/tourtravelandmore.com\/wp-content\/uploads\/2022\/12\/cropped-logo-cabecera-new.png\",\"contentUrl\":\"https:\/\/tourtravelandmore.com\/wp-content\/uploads\/2022\/12\/cropped-logo-cabecera-new.png\",\"width\":430,\"height\":61,\"caption\":\"Tour Travel And More\"},\"image\":{\"@id\":\"https:\/\/tourtravelandmore.com\/fr\/#\/schema\/logo\/image\/\"},\"sameAs\":[\"https:\/\/www.facebook.com\/tourtravelandmore\/\",\"https:\/\/x.com\/TourTravel_More\"]}]}<\/script>\n<!-- \/ Yoast SEO Premium plugin. -->","yoast_head_json":{"title":"Visite priv\u00e9e \u00e0 Cannes depuis Monaco avec chauffeur \/ guide priv\u00e9","description":"Visitez la ville glamour de Cannes dans votre v\u00e9hicule de luxe priv\u00e9 lors d'une visite priv\u00e9e \u00e0 Cannes au d\u00e9part de Monaco. Explorez la C\u00f4te d'Azur \u00e0 c\u00f4t\u00e9 d'un local!","robots":{"index":"index","follow":"follow","max-snippet":"max-snippet:-1","max-image-preview":"max-image-preview:large","max-video-preview":"max-video-preview:-1"},"canonical":"https:\/\/tourtravelandmore.com\/fr\/tours\/france-fr\/monaco-fr\/visite-privee-de-cannes-et-antibes-avec-chauffeur-guide-prive\/","og_locale":"fr_FR","og_type":"article","og_title":"Visite priv\u00e9e de Cannes et Antibes avec chauffeur \/ guide priv\u00e9","og_description":"Visitez la ville glamour de Cannes dans votre v\u00e9hicule de luxe priv\u00e9 lors d'une visite priv\u00e9e \u00e0 Cannes au d\u00e9part de Monaco. Explorez la C\u00f4te d'Azur \u00e0 c\u00f4t\u00e9 d'un local!","og_url":"https:\/\/tourtravelandmore.com\/fr\/tours\/france-fr\/monaco-fr\/visite-privee-de-cannes-et-antibes-avec-chauffeur-guide-prive\/","og_site_name":"Tour Travel And More","article_publisher":"https:\/\/www.facebook.com\/tourtravelandmore\/","og_image":[{"width":1024,"height":683,"url":"https:\/\/tourtravelandmore.com\/wp-content\/uploads\/2018\/03\/chair-croissete.jpg","type":"image\/jpeg"}],"twitter_card":"summary_large_image","twitter_site":"@TourTravel_More","twitter_misc":{"Dur\u00e9e de lecture estim\u00e9e":"2 minutes"},"schema":{"@context":"https:\/\/schema.org","@graph":[{"@type":"WebPage","@id":"https:\/\/tourtravelandmore.com\/fr\/tours\/france-fr\/monaco-fr\/visite-privee-de-cannes-et-antibes-avec-chauffeur-guide-prive\/","url":"https:\/\/tourtravelandmore.com\/fr\/tours\/france-fr\/monaco-fr\/visite-privee-de-cannes-et-antibes-avec-chauffeur-guide-prive\/","name":"Visite priv\u00e9e \u00e0 Cannes depuis Monaco avec chauffeur \/ guide priv\u00e9","isPartOf":{"@id":"https:\/\/tourtravelandmore.com\/fr\/#website"},"primaryImageOfPage":{"@id":"https:\/\/tourtravelandmore.com\/fr\/tours\/france-fr\/monaco-fr\/visite-privee-de-cannes-et-antibes-avec-chauffeur-guide-prive\/#primaryimage"},"image":{"@id":"https:\/\/tourtravelandmore.com\/fr\/tours\/france-fr\/monaco-fr\/visite-privee-de-cannes-et-antibes-avec-chauffeur-guide-prive\/#primaryimage"},"thumbnailUrl":"https:\/\/tourtravelandmore.com\/wp-content\/uploads\/2018\/03\/chair-croissete.jpg","datePublished":"2018-03-08T14:30:18+00:00","description":"Visitez la ville glamour de Cannes dans votre v\u00e9hicule de luxe priv\u00e9 lors d'une visite priv\u00e9e \u00e0 Cannes au d\u00e9part de Monaco. Explorez la C\u00f4te d'Azur \u00e0 c\u00f4t\u00e9 d'un local!","breadcrumb":{"@id":"https:\/\/tourtravelandmore.com\/fr\/tours\/france-fr\/monaco-fr\/visite-privee-de-cannes-et-antibes-avec-chauffeur-guide-prive\/#breadcrumb"},"inLanguage":"fr-FR","potentialAction":[{"@type":"ReadAction","target":["https:\/\/tourtravelandmore.com\/fr\/tours\/france-fr\/monaco-fr\/visite-privee-de-cannes-et-antibes-avec-chauffeur-guide-prive\/"]}]},{"@type":"ImageObject","inLanguage":"fr-FR","@id":"https:\/\/tourtravelandmore.com\/fr\/tours\/france-fr\/monaco-fr\/visite-privee-de-cannes-et-antibes-avec-chauffeur-guide-prive\/#primaryimage","url":"https:\/\/tourtravelandmore.com\/wp-content\/uploads\/2018\/03\/chair-croissete.jpg","contentUrl":"https:\/\/tourtravelandmore.com\/wp-content\/uploads\/2018\/03\/chair-croissete.jpg","width":1024,"height":683},{"@type":"BreadcrumbList","@id":"https:\/\/tourtravelandmore.com\/fr\/tours\/france-fr\/monaco-fr\/visite-privee-de-cannes-et-antibes-avec-chauffeur-guide-prive\/#breadcrumb","itemListElement":[{"@type":"ListItem","position":1,"name":"Home","item":"https:\/\/tourtravelandmore.com\/fr\/"},{"@type":"ListItem","position":2,"name":"Tours","item":"https:\/\/tourtravelandmore.com\/fr\/tours\/"},{"@type":"ListItem","position":3,"name":"Visite priv\u00e9e de Cannes et Antibes avec chauffeur \/ guide priv\u00e9"}]},{"@type":"WebSite","@id":"https:\/\/tourtravelandmore.com\/fr\/#website","url":"https:\/\/tourtravelandmore.com\/fr\/","name":"Tour Travel And More","description":"Private sightseeing tours and luxury transfers in Spain","publisher":{"@id":"https:\/\/tourtravelandmore.com\/fr\/#organization"},"potentialAction":[{"@type":"SearchAction","target":{"@type":"EntryPoint","urlTemplate":"https:\/\/tourtravelandmore.com\/fr\/?s={search_term_string}"},"query-input":{"@type":"PropertyValueSpecification","valueRequired":true,"valueName":"search_term_string"}}],"inLanguage":"fr-FR"},{"@type":"Organization","@id":"https:\/\/tourtravelandmore.com\/fr\/#organization","name":"Tour Travel And More","url":"https:\/\/tourtravelandmore.com\/fr\/","logo":{"@type":"ImageObject","inLanguage":"fr-FR","@id":"https:\/\/tourtravelandmore.com\/fr\/#\/schema\/logo\/image\/","url":"https:\/\/tourtravelandmore.com\/wp-content\/uploads\/2022\/12\/cropped-logo-cabecera-new.png","contentUrl":"https:\/\/tourtravelandmore.com\/wp-content\/uploads\/2022\/12\/cropped-logo-cabecera-new.png","width":430,"height":61,"caption":"Tour Travel And More"},"image":{"@id":"https:\/\/tourtravelandmore.com\/fr\/#\/schema\/logo\/image\/"},"sameAs":["https:\/\/www.facebook.com\/tourtravelandmore\/","https:\/\/x.com\/TourTravel_More"]}]}},"_links":{"self":[{"href":"https:\/\/tourtravelandmore.com\/fr\/wp-json\/wp\/v2\/product\/101293","targetHints":{"allow":["GET"]}}],"collection":[{"href":"https:\/\/tourtravelandmore.com\/fr\/wp-json\/wp\/v2\/product"}],"about":[{"href":"https:\/\/tourtravelandmore.com\/fr\/wp-json\/wp\/v2\/types\/product"}],"replies":[{"embeddable":true,"href":"https:\/\/tourtravelandmore.com\/fr\/wp-json\/wp\/v2\/comments?post=101293"}],"wp:featuredmedia":[{"embeddable":true,"href":"https:\/\/tourtravelandmore.com\/fr\/wp-json\/wp\/v2\/media\/94777"}],"wp:attachment":[{"href":"https:\/\/tourtravelandmore.com\/fr\/wp-json\/wp\/v2\/media?parent=101293"}],"wp:term":[{"taxonomy":"product_brand","embeddable":true,"href":"https:\/\/tourtravelandmore.com\/fr\/wp-json\/wp\/v2\/product_brand?post=101293"},{"taxonomy":"product_cat","embeddable":true,"href":"https:\/\/tourtravelandmore.com\/fr\/wp-json\/wp\/v2\/product_cat?post=101293"},{"taxonomy":"product_tag","embeddable":true,"href":"https:\/\/tourtravelandmore.com\/fr\/wp-json\/wp\/v2\/product_tag?post=101293"}],"curies":[{"name":"wp","href":"https:\/\/api.w.org\/{rel}","templated":true}]}}