{"id":101283,"date":"2017-05-15T10:06:37","date_gmt":"2017-05-15T08:06:37","guid":{"rendered":"https:\/\/tourtravelandmore.com\/tours\/non class\u00e9\/visite-privee-de-nice-avec-chauffeur-guide-prive\/"},"modified":"2017-05-15T10:06:37","modified_gmt":"2017-05-15T08:06:37","slug":"visite-privee-de-nice-avec-chauffeur-guide-prive","status":"publish","type":"product","link":"https:\/\/tourtravelandmore.com\/fr\/tours\/france-fr\/monaco-fr\/visite-privee-de-nice-avec-chauffeur-guide-prive\/","title":{"rendered":"Visite priv\u00e9e de Nice avec chauffeur \/ guide priv\u00e9"},"content":{"rendered":"<h2>Description<\/h2>\n<p>Profitez de cette visite priv\u00e9e \u00e0 Nice depuis Monaco avec votre chauffeur \/ guide priv\u00e9. Votre guide vous conduira de Monaco \u00e0 Nice et vous montrera les monuments les plus importants de Nice. Profitez d&#8217;une exp\u00e9rience sur mesure pendant que votre chauffeur \/ guide vous montre Nice et vous raconte les secrets de cette ville merveilleuse.<\/p>\n<p>Votre chauffeur viendra vous chercher \u00e0 votre h\u00f4tel ou lieu de votre choix \u00e0 Monaco et vous emm\u00e8nera dans cette visite priv\u00e9e \u00e0 Nice et au Cap Ferrat. Veuillez nous le faire savoir \u00e0 l&#8217;avance, nous pouvons organiser la prise en charge depuis n&#8217;importe quel h\u00f4tel, appartement ou port de croisi\u00e8re de la C\u00f4te d&#8217;Azur. Contactez-nous et notre \u00e9quipe vous aidera \u00e0 organiser une exp\u00e9rience personnalis\u00e9e et sur mesure.<\/p>\n<h2>Sites d&#8217;int\u00e9r\u00eat et points de rep\u00e8re<\/h2>\n<p>Lors de cette visite priv\u00e9e \u00e0 Nice depuis Monaco, vous visiterez les principaux sites de Nice et profiterez d&#8217;une route panoramique sur le Cap Ferrat. Tout d&#8217;abord, votre chauffeur viendra vous chercher \u00e0 l&#8217;heure souhait\u00e9e, sur le site de votre choix \u00e0 Monaco. Apr\u00e8s cela, vous vous dirigerez vers la vieille ville de Nice, situ\u00e9e \u00e0 30 minutes de Monaco. Une fois sur place, vous traverserez les rues \u00e9troites de style italien de la vieille ville et visiterez la cath\u00e9drale Saint-Nicolas et les principales \u00e9glises baroques de la ville. Vous traverserez la promenade des anglais et vous pourrez visiter, si cela vous int\u00e9resse, le mus\u00e9e Matisse ou le mus\u00e9e Chagall.<\/p>\n<p>Apr\u00e8s avoir explor\u00e9 la capitale de la C\u00f4te d&#8217;Azur, vous visiterez le Mont-Boron. De l\u00e0, vous profiterez d&#8217;une vue imprenable sur la rade de Villefranche. Enfin, vous vous rendrez au Cap Ferrat, o\u00f9 vous pourrez visiter la belle Villa et les jardins d&#8217;Ethrussi de Rothschild. Cette villa a \u00e9t\u00e9 construite par l&#8217;architecte fran\u00e7ais Aaron Messiah pour la baronne B\u00e9atrice de Rothschild entre 1905 et 1912.<\/p>\n<p>Une fois la visite termin\u00e9e, votre chauffeur \/ guide vous ram\u00e8nera \u00e0 votre h\u00e9bergement \u00e0 Monaco, ou \u00e0 l&#8217;endroit souhait\u00e9.<br \/>\nNous pouvons organiser la dur\u00e9e exacte de l&#8217;exp\u00e9rience en fonction de vos propres besoins. Cependant notre proposition a une dur\u00e9e de 4 heures, nous pouvons \u00e9galement organiser une dur\u00e9e plus longue et ajouter plus d&#8217;arr\u00eats ou de lieux \u00e0 visiter. Contactez-nous pour une proposition sur mesure.<\/p>\n","protected":false},"excerpt":{"rendered":"<p>Profitez de cette exp\u00e9rience enti\u00e8rement priv\u00e9e sur mesure et d\u00e9couvrez la ville de Nice lors d&#8217;une excursion d&#8217;une demi-journ\u00e9e au d\u00e9part de Monaco. Explorez cette belle ville, capitale de la C\u00f4te d&#8217;Azur, dans votre propre v\u00e9hicule priv\u00e9 avec votre chauffeur \/ guide priv\u00e9 en anglais. Contactez-nous pour une exp\u00e9rience personnalis\u00e9e.<\/p>\n","protected":false},"featured_media":94776,"comment_status":"open","ping_status":"closed","template":"","meta":{"_acf_changed":false},"product_brand":[],"product_cat":[3698],"product_tag":[],"class_list":{"0":"post-101283","1":"product","2":"type-product","3":"status-publish","4":"has-post-thumbnail","6":"product_cat-monaco-fr","8":"first","9":"instock","10":"shipping-taxable","11":"purchasable","12":"product-type-simple"},"acf":[],"yoast_head":"<!-- This site is optimized with the Yoast SEO Premium plugin v25.3.1 (Yoast SEO v25.3.1) - https:\/\/yoast.com\/wordpress\/plugins\/seo\/ -->\n<title>Visite priv\u00e9e \u00e0 Nice depuis Monaco avec chauffeur \/ guide priv\u00e9<\/title>\n<meta name=\"description\" content=\"Profitez d&#039;une visite priv\u00e9e \u00e0 Nice depuis Monaco et explorez la capitale de la C\u00f4te d&#039;Azur. Visitez la merveilleuse ville de Nice aux c\u00f4t\u00e9s d&#039;un expert local\" \/>\n<meta name=\"robots\" content=\"index, follow, max-snippet:-1, max-image-preview:large, max-video-preview:-1\" \/>\n<link rel=\"canonical\" href=\"https:\/\/tourtravelandmore.com\/fr\/tours\/france-fr\/monaco-fr\/visite-privee-de-nice-avec-chauffeur-guide-prive\/\" \/>\n<meta property=\"og:locale\" content=\"fr_FR\" \/>\n<meta property=\"og:type\" content=\"article\" \/>\n<meta property=\"og:title\" content=\"Visite priv\u00e9e de Nice avec chauffeur \/ guide priv\u00e9\" \/>\n<meta property=\"og:description\" content=\"Profitez d&#039;une visite priv\u00e9e \u00e0 Nice depuis Monaco et explorez la capitale de la C\u00f4te d&#039;Azur. Visitez la merveilleuse ville de Nice aux c\u00f4t\u00e9s d&#039;un expert local\" \/>\n<meta property=\"og:url\" content=\"https:\/\/tourtravelandmore.com\/fr\/tours\/france-fr\/monaco-fr\/visite-privee-de-nice-avec-chauffeur-guide-prive\/\" \/>\n<meta property=\"og:site_name\" content=\"Tour Travel And More\" \/>\n<meta property=\"article:publisher\" content=\"https:\/\/www.facebook.com\/tourtravelandmore\/\" \/>\n<meta property=\"og:image\" content=\"https:\/\/tourtravelandmore.com\/wp-content\/uploads\/2017\/05\/niza-port.jpg\" \/>\n\t<meta property=\"og:image:width\" content=\"800\" \/>\n\t<meta property=\"og:image:height\" content=\"394\" \/>\n\t<meta property=\"og:image:type\" content=\"image\/jpeg\" \/>\n<meta name=\"twitter:card\" content=\"summary_large_image\" \/>\n<meta name=\"twitter:site\" content=\"@TourTravel_More\" \/>\n<meta name=\"twitter:label1\" content=\"Dur\u00e9e de lecture estim\u00e9e\" \/>\n\t<meta name=\"twitter:data1\" content=\"2 minutes\" \/>\n<script type=\"application\/ld+json\" class=\"yoast-schema-graph\">{\"@context\":\"https:\/\/schema.org\",\"@graph\":[{\"@type\":\"WebPage\",\"@id\":\"https:\/\/tourtravelandmore.com\/fr\/tours\/france-fr\/monaco-fr\/visite-privee-de-nice-avec-chauffeur-guide-prive\/\",\"url\":\"https:\/\/tourtravelandmore.com\/fr\/tours\/france-fr\/monaco-fr\/visite-privee-de-nice-avec-chauffeur-guide-prive\/\",\"name\":\"Visite priv\u00e9e \u00e0 Nice depuis Monaco avec chauffeur \/ guide priv\u00e9\",\"isPartOf\":{\"@id\":\"https:\/\/tourtravelandmore.com\/fr\/#website\"},\"primaryImageOfPage\":{\"@id\":\"https:\/\/tourtravelandmore.com\/fr\/tours\/france-fr\/monaco-fr\/visite-privee-de-nice-avec-chauffeur-guide-prive\/#primaryimage\"},\"image\":{\"@id\":\"https:\/\/tourtravelandmore.com\/fr\/tours\/france-fr\/monaco-fr\/visite-privee-de-nice-avec-chauffeur-guide-prive\/#primaryimage\"},\"thumbnailUrl\":\"https:\/\/tourtravelandmore.com\/wp-content\/uploads\/2017\/05\/niza-port.jpg\",\"datePublished\":\"2017-05-15T08:06:37+00:00\",\"description\":\"Profitez d'une visite priv\u00e9e \u00e0 Nice depuis Monaco et explorez la capitale de la C\u00f4te d'Azur. Visitez la merveilleuse ville de Nice aux c\u00f4t\u00e9s d'un expert local\",\"breadcrumb\":{\"@id\":\"https:\/\/tourtravelandmore.com\/fr\/tours\/france-fr\/monaco-fr\/visite-privee-de-nice-avec-chauffeur-guide-prive\/#breadcrumb\"},\"inLanguage\":\"fr-FR\",\"potentialAction\":[{\"@type\":\"ReadAction\",\"target\":[\"https:\/\/tourtravelandmore.com\/fr\/tours\/france-fr\/monaco-fr\/visite-privee-de-nice-avec-chauffeur-guide-prive\/\"]}]},{\"@type\":\"ImageObject\",\"inLanguage\":\"fr-FR\",\"@id\":\"https:\/\/tourtravelandmore.com\/fr\/tours\/france-fr\/monaco-fr\/visite-privee-de-nice-avec-chauffeur-guide-prive\/#primaryimage\",\"url\":\"https:\/\/tourtravelandmore.com\/wp-content\/uploads\/2017\/05\/niza-port.jpg\",\"contentUrl\":\"https:\/\/tourtravelandmore.com\/wp-content\/uploads\/2017\/05\/niza-port.jpg\",\"width\":800,\"height\":394},{\"@type\":\"BreadcrumbList\",\"@id\":\"https:\/\/tourtravelandmore.com\/fr\/tours\/france-fr\/monaco-fr\/visite-privee-de-nice-avec-chauffeur-guide-prive\/#breadcrumb\",\"itemListElement\":[{\"@type\":\"ListItem\",\"position\":1,\"name\":\"Home\",\"item\":\"https:\/\/tourtravelandmore.com\/fr\/\"},{\"@type\":\"ListItem\",\"position\":2,\"name\":\"Tours\",\"item\":\"https:\/\/tourtravelandmore.com\/fr\/tours\/\"},{\"@type\":\"ListItem\",\"position\":3,\"name\":\"Visite priv\u00e9e de Nice avec chauffeur \/ guide priv\u00e9\"}]},{\"@type\":\"WebSite\",\"@id\":\"https:\/\/tourtravelandmore.com\/fr\/#website\",\"url\":\"https:\/\/tourtravelandmore.com\/fr\/\",\"name\":\"Tour Travel And More\",\"description\":\"Private sightseeing tours and luxury transfers in Spain\",\"publisher\":{\"@id\":\"https:\/\/tourtravelandmore.com\/fr\/#organization\"},\"potentialAction\":[{\"@type\":\"SearchAction\",\"target\":{\"@type\":\"EntryPoint\",\"urlTemplate\":\"https:\/\/tourtravelandmore.com\/fr\/?s={search_term_string}\"},\"query-input\":{\"@type\":\"PropertyValueSpecification\",\"valueRequired\":true,\"valueName\":\"search_term_string\"}}],\"inLanguage\":\"fr-FR\"},{\"@type\":\"Organization\",\"@id\":\"https:\/\/tourtravelandmore.com\/fr\/#organization\",\"name\":\"Tour Travel And More\",\"url\":\"https:\/\/tourtravelandmore.com\/fr\/\",\"logo\":{\"@type\":\"ImageObject\",\"inLanguage\":\"fr-FR\",\"@id\":\"https:\/\/tourtravelandmore.com\/fr\/#\/schema\/logo\/image\/\",\"url\":\"https:\/\/tourtravelandmore.com\/wp-content\/uploads\/2022\/12\/cropped-logo-cabecera-new.png\",\"contentUrl\":\"https:\/\/tourtravelandmore.com\/wp-content\/uploads\/2022\/12\/cropped-logo-cabecera-new.png\",\"width\":430,\"height\":61,\"caption\":\"Tour Travel And More\"},\"image\":{\"@id\":\"https:\/\/tourtravelandmore.com\/fr\/#\/schema\/logo\/image\/\"},\"sameAs\":[\"https:\/\/www.facebook.com\/tourtravelandmore\/\",\"https:\/\/x.com\/TourTravel_More\"]}]}<\/script>\n<!-- \/ Yoast SEO Premium plugin. -->","yoast_head_json":{"title":"Visite priv\u00e9e \u00e0 Nice depuis Monaco avec chauffeur \/ guide priv\u00e9","description":"Profitez d'une visite priv\u00e9e \u00e0 Nice depuis Monaco et explorez la capitale de la C\u00f4te d'Azur. Visitez la merveilleuse ville de Nice aux c\u00f4t\u00e9s d'un expert local","robots":{"index":"index","follow":"follow","max-snippet":"max-snippet:-1","max-image-preview":"max-image-preview:large","max-video-preview":"max-video-preview:-1"},"canonical":"https:\/\/tourtravelandmore.com\/fr\/tours\/france-fr\/monaco-fr\/visite-privee-de-nice-avec-chauffeur-guide-prive\/","og_locale":"fr_FR","og_type":"article","og_title":"Visite priv\u00e9e de Nice avec chauffeur \/ guide priv\u00e9","og_description":"Profitez d'une visite priv\u00e9e \u00e0 Nice depuis Monaco et explorez la capitale de la C\u00f4te d'Azur. Visitez la merveilleuse ville de Nice aux c\u00f4t\u00e9s d'un expert local","og_url":"https:\/\/tourtravelandmore.com\/fr\/tours\/france-fr\/monaco-fr\/visite-privee-de-nice-avec-chauffeur-guide-prive\/","og_site_name":"Tour Travel And More","article_publisher":"https:\/\/www.facebook.com\/tourtravelandmore\/","og_image":[{"width":800,"height":394,"url":"https:\/\/tourtravelandmore.com\/wp-content\/uploads\/2017\/05\/niza-port.jpg","type":"image\/jpeg"}],"twitter_card":"summary_large_image","twitter_site":"@TourTravel_More","twitter_misc":{"Dur\u00e9e de lecture estim\u00e9e":"2 minutes"},"schema":{"@context":"https:\/\/schema.org","@graph":[{"@type":"WebPage","@id":"https:\/\/tourtravelandmore.com\/fr\/tours\/france-fr\/monaco-fr\/visite-privee-de-nice-avec-chauffeur-guide-prive\/","url":"https:\/\/tourtravelandmore.com\/fr\/tours\/france-fr\/monaco-fr\/visite-privee-de-nice-avec-chauffeur-guide-prive\/","name":"Visite priv\u00e9e \u00e0 Nice depuis Monaco avec chauffeur \/ guide priv\u00e9","isPartOf":{"@id":"https:\/\/tourtravelandmore.com\/fr\/#website"},"primaryImageOfPage":{"@id":"https:\/\/tourtravelandmore.com\/fr\/tours\/france-fr\/monaco-fr\/visite-privee-de-nice-avec-chauffeur-guide-prive\/#primaryimage"},"image":{"@id":"https:\/\/tourtravelandmore.com\/fr\/tours\/france-fr\/monaco-fr\/visite-privee-de-nice-avec-chauffeur-guide-prive\/#primaryimage"},"thumbnailUrl":"https:\/\/tourtravelandmore.com\/wp-content\/uploads\/2017\/05\/niza-port.jpg","datePublished":"2017-05-15T08:06:37+00:00","description":"Profitez d'une visite priv\u00e9e \u00e0 Nice depuis Monaco et explorez la capitale de la C\u00f4te d'Azur. Visitez la merveilleuse ville de Nice aux c\u00f4t\u00e9s d'un expert local","breadcrumb":{"@id":"https:\/\/tourtravelandmore.com\/fr\/tours\/france-fr\/monaco-fr\/visite-privee-de-nice-avec-chauffeur-guide-prive\/#breadcrumb"},"inLanguage":"fr-FR","potentialAction":[{"@type":"ReadAction","target":["https:\/\/tourtravelandmore.com\/fr\/tours\/france-fr\/monaco-fr\/visite-privee-de-nice-avec-chauffeur-guide-prive\/"]}]},{"@type":"ImageObject","inLanguage":"fr-FR","@id":"https:\/\/tourtravelandmore.com\/fr\/tours\/france-fr\/monaco-fr\/visite-privee-de-nice-avec-chauffeur-guide-prive\/#primaryimage","url":"https:\/\/tourtravelandmore.com\/wp-content\/uploads\/2017\/05\/niza-port.jpg","contentUrl":"https:\/\/tourtravelandmore.com\/wp-content\/uploads\/2017\/05\/niza-port.jpg","width":800,"height":394},{"@type":"BreadcrumbList","@id":"https:\/\/tourtravelandmore.com\/fr\/tours\/france-fr\/monaco-fr\/visite-privee-de-nice-avec-chauffeur-guide-prive\/#breadcrumb","itemListElement":[{"@type":"ListItem","position":1,"name":"Home","item":"https:\/\/tourtravelandmore.com\/fr\/"},{"@type":"ListItem","position":2,"name":"Tours","item":"https:\/\/tourtravelandmore.com\/fr\/tours\/"},{"@type":"ListItem","position":3,"name":"Visite priv\u00e9e de Nice avec chauffeur \/ guide priv\u00e9"}]},{"@type":"WebSite","@id":"https:\/\/tourtravelandmore.com\/fr\/#website","url":"https:\/\/tourtravelandmore.com\/fr\/","name":"Tour Travel And More","description":"Private sightseeing tours and luxury transfers in Spain","publisher":{"@id":"https:\/\/tourtravelandmore.com\/fr\/#organization"},"potentialAction":[{"@type":"SearchAction","target":{"@type":"EntryPoint","urlTemplate":"https:\/\/tourtravelandmore.com\/fr\/?s={search_term_string}"},"query-input":{"@type":"PropertyValueSpecification","valueRequired":true,"valueName":"search_term_string"}}],"inLanguage":"fr-FR"},{"@type":"Organization","@id":"https:\/\/tourtravelandmore.com\/fr\/#organization","name":"Tour Travel And More","url":"https:\/\/tourtravelandmore.com\/fr\/","logo":{"@type":"ImageObject","inLanguage":"fr-FR","@id":"https:\/\/tourtravelandmore.com\/fr\/#\/schema\/logo\/image\/","url":"https:\/\/tourtravelandmore.com\/wp-content\/uploads\/2022\/12\/cropped-logo-cabecera-new.png","contentUrl":"https:\/\/tourtravelandmore.com\/wp-content\/uploads\/2022\/12\/cropped-logo-cabecera-new.png","width":430,"height":61,"caption":"Tour Travel And More"},"image":{"@id":"https:\/\/tourtravelandmore.com\/fr\/#\/schema\/logo\/image\/"},"sameAs":["https:\/\/www.facebook.com\/tourtravelandmore\/","https:\/\/x.com\/TourTravel_More"]}]}},"_links":{"self":[{"href":"https:\/\/tourtravelandmore.com\/fr\/wp-json\/wp\/v2\/product\/101283","targetHints":{"allow":["GET"]}}],"collection":[{"href":"https:\/\/tourtravelandmore.com\/fr\/wp-json\/wp\/v2\/product"}],"about":[{"href":"https:\/\/tourtravelandmore.com\/fr\/wp-json\/wp\/v2\/types\/product"}],"replies":[{"embeddable":true,"href":"https:\/\/tourtravelandmore.com\/fr\/wp-json\/wp\/v2\/comments?post=101283"}],"wp:featuredmedia":[{"embeddable":true,"href":"https:\/\/tourtravelandmore.com\/fr\/wp-json\/wp\/v2\/media\/94776"}],"wp:attachment":[{"href":"https:\/\/tourtravelandmore.com\/fr\/wp-json\/wp\/v2\/media?parent=101283"}],"wp:term":[{"taxonomy":"product_brand","embeddable":true,"href":"https:\/\/tourtravelandmore.com\/fr\/wp-json\/wp\/v2\/product_brand?post=101283"},{"taxonomy":"product_cat","embeddable":true,"href":"https:\/\/tourtravelandmore.com\/fr\/wp-json\/wp\/v2\/product_cat?post=101283"},{"taxonomy":"product_tag","embeddable":true,"href":"https:\/\/tourtravelandmore.com\/fr\/wp-json\/wp\/v2\/product_tag?post=101283"}],"curies":[{"name":"wp","href":"https:\/\/api.w.org\/{rel}","templated":true}]}}