{"id":101278,"date":"2020-09-14T12:50:49","date_gmt":"2020-09-14T10:50:49","guid":{"rendered":"https:\/\/tourtravelandmore.com\/tours\/non%20class\u00e9\/visite-privee-de-palerme\/"},"modified":"2022-10-20T17:20:56","modified_gmt":"2022-10-20T15:20:56","slug":"visite-privee-de-palerme-et-monreale-au-depart-de-palerme","status":"publish","type":"product","link":"https:\/\/tourtravelandmore.com\/fr\/tours\/italie-fr\/palermo-fr\/visite-privee-de-palerme-et-monreale-au-depart-de-palerme\/","title":{"rendered":"Visite priv\u00e9e de Palerme et Monreale au d\u00e9part de Palerme"},"content":{"rendered":"<h2>Description Visite priv\u00e9e de Palerme et Monreale au d\u00e9part de Palerme<\/h2>\n<p><strong>Palerme<\/strong> e <strong>Monreale<\/strong> est l&#8217;une des plus belles villes de <strong>Sicile<\/strong> et m\u00eame <strong>d&#8217;Italie<\/strong>. Profitez de cette<strong> visite priv\u00e9e de Palerme e Monreale<\/strong> \u00e0 l&#8217;aise dans un <strong>v\u00e9hicule de luxe priv\u00e9 avec chauffeur et guide s\u00e9par\u00e9.<\/strong><\/p>\n<p><strong>Palerme<\/strong> est connue comme la capitale touristique et \u00e9conomique de la r\u00e9gion de la Sicile. Il a \u00e9t\u00e9 fond\u00e9 par les Ph\u00e9niciens et plus tard conquis par les Grecs. La ville a connu son meilleur moment sous la domination arabe (9 au 11e si\u00e8cles apr\u00e8s JC). Plus tard, les Normands ont conquis la ville et d\u00e9truit de nombreuses mosqu\u00e9es et palais.<\/p>\n<p>La ville de Palerme a un temps magnifique toute l&#8217;ann\u00e9e et a une offre gastronomique \u00e9poustouflante, c&#8217;est pour cette raison que c&#8217;est l&#8217;endroit id\u00e9al pour vos vacances.<\/p>\n<p>Monreale est une commune italienne de la province de Palerme. Cette charmante ville est l&#8217;une des plus visit\u00e9es de toute la Sicile. C&#8217;est l&#8217;endroit id\u00e9al pour se d\u00e9tendre et aussi pour profiter de la nature et de l&#8217;architecture merveilleuses qui caract\u00e9risent cette ville.<\/p>\n<p>Si vous pr\u00e9f\u00e9rez, nous pouvons \u00e9galement vous offrir la possibilit\u00e9 de simplement visiter Palerme avec un guide local. Jetez un \u0153il \u00e0 notre <a href=\"https:\/\/tourtravelandmore.com\/tours\/italy\/palermo-private-tours-en\/private-3-hour-walking-tour-of-palermo\/\">visite priv\u00e9e \u00e0 pied de Palerme<\/a>.<\/p>\n<h2>Sites d&#8217;int\u00e9r\u00eat et points de rep\u00e8re<\/h2>\n<p>La ville de Palerme a abrit\u00e9 de nombreuses cultures diff\u00e9rentes au cours de toute son histoire, c&#8217;est pourquoi c&#8217;est une ville incroyable qui vaut la peine d&#8217;\u00eatre visit\u00e9e.<\/p>\n<p>Tout d&#8217;abord, vous rencontrerez votre chauffeur priv\u00e9 et votre guide officiel \u00e0 votre h\u00f4tel ou lieu de votre choix \u00e0 Palerme. L&#8217;heure de d\u00e9but de la visite sera d\u00e9termin\u00e9e par vous.<\/p>\n<p>Au cours de cette visite priv\u00e9e de Palerme, vous d\u00e9couvrirez les sites les plus embl\u00e9matiques de la ville. Parmi d&#8217;autres monuments et sites que vous pourrez d\u00e9couvrir lors de cette visite priv\u00e9e de Palerme:<\/p>\n<ul>\n<li><strong>Quattro Canti<\/strong><\/li>\n<li><strong>March\u00e9 historique de Palerme<\/strong><\/li>\n<li><strong>Teatro Massimo<\/strong><\/li>\n<li><strong>\u00c9glise &#8220;Santa Maria dell&#8217;Ammiraglio Martorana&#8221;<\/strong><\/li>\n<li><strong>Palais normand<\/strong><\/li>\n<li><strong>Duomo (cath\u00e9drale de Palerme)<\/strong><\/li>\n<li><strong>San Giovanni degli Eremiti<\/strong><\/li>\n<li><strong>\u00c9glise de Santa Maria dell&#8217;Ammiraglio Martorana<\/strong><\/li>\n<li><strong>et beaucoup plus!<\/strong><\/li>\n<\/ul>\n<p>Apr\u00e8s cette belle visite de Palerme, votre chauffeur priv\u00e9 et votre guide officiel vous emm\u00e8neront \u00e0 <strong>Monreale<\/strong>.<\/p>\n<p>Cette ville abrite l&#8217;une des cath\u00e9drales les plus spectaculaires du monde. Cette cath\u00e9drale date du 12\u00e8me si\u00e8cle et est l&#8217;un des plus beaux exemples d&#8217;architecture normande. La cath\u00e9drale poss\u00e8de la plus grande concentration de sc\u00e8nes en mosa\u00efque au monde. L&#8217;entr\u00e9e au Duomo est incluse dans le prix de cette visite.<\/p>\n<ul>\n<li><strong>Duomo di Monreale.<\/strong><\/li>\n<li><strong>Clo\u00eetre b\u00e9n\u00e9dictin.<\/strong><\/li>\n<li><strong>Le Absidi.<\/strong><\/li>\n<li><strong>Piazza Vittorio Emanuele.<\/strong><\/li>\n<li><strong>Fontaine du Tritone.<\/strong><\/li>\n<li><strong>Mus\u00e9e dioc\u00e9sain de Monreale.<\/strong><\/li>\n<li><strong>AcquaPark Monreale.<\/strong><\/li>\n<li><strong>Ciambr&#8217;Art.<\/strong><\/li>\n<\/ul>\n<p>Si vous souhaitez visiter un monument ou un mus\u00e9e de la ville, n&#8217;h\u00e9sitez pas \u00e0 nous contacter. Nous pouvons vous offrir des billets coupe-file pour n&#8217;importe quel site de Palerme.<\/p>\n<p>Votre chauffeur priv\u00e9 et votre guide seront \u00e0 votre enti\u00e8re disposition pendant la visite de 4 heures. Vous pourrez visiter tous les coins de cette incroyable ville italienne.<\/p>\n<p>Enfin, votre chauffeur et guide priv\u00e9 vous d\u00e9posera \u00e0 votre h\u00f4tel ou au point de d\u00e9part de Palerme.<\/p>\n","protected":false},"excerpt":{"rendered":"<p>La ville de Palerme est la capitale de la r\u00e9gion de la Sicile qui a beaucoup \u00e0 offrir. Vous pourrez admirer tous les incontournables de cette ville unique avec votre chauffeur priv\u00e9 et votre guide officiel. Visitez des endroits comme le Duomo, le Quattro Canti et le march\u00e9 historique de Palerme.<\/p>\n","protected":false},"featured_media":141181,"comment_status":"open","ping_status":"closed","template":"","meta":{"_acf_changed":false},"product_brand":[],"product_cat":[3701],"product_tag":[],"class_list":{"0":"post-101278","1":"product","2":"type-product","3":"status-publish","4":"has-post-thumbnail","6":"product_cat-palermo-fr","8":"first","9":"instock","10":"shipping-taxable","11":"purchasable","12":"product-type-simple"},"acf":[],"yoast_head":"<!-- This site is optimized with the Yoast SEO Premium plugin v25.3.1 (Yoast SEO v25.3.1) - https:\/\/yoast.com\/wordpress\/plugins\/seo\/ -->\n<title>Visite priv\u00e9e de Palerme et Monreale au d\u00e9part de Palerme | TourTravel&amp;More<\/title>\n<meta name=\"description\" content=\"Admirez les plus beaux endroits et monuments avec cette visite priv\u00e9e de Palerme et Monreale au d\u00e9part de Palerme. Saisissez votre chance avec TTM !\" \/>\n<meta name=\"robots\" content=\"index, follow, max-snippet:-1, max-image-preview:large, max-video-preview:-1\" \/>\n<link rel=\"canonical\" href=\"https:\/\/tourtravelandmore.com\/fr\/tours\/italie-fr\/palermo-fr\/visite-privee-de-palerme-et-monreale-au-depart-de-palerme\/\" \/>\n<meta property=\"og:locale\" content=\"fr_FR\" \/>\n<meta property=\"og:type\" content=\"article\" \/>\n<meta property=\"og:title\" content=\"Visite priv\u00e9e de Palerme et Monreale au d\u00e9part de Palerme\" \/>\n<meta property=\"og:description\" content=\"Admirez les plus beaux endroits et monuments avec cette visite priv\u00e9e de Palerme et Monreale au d\u00e9part de Palerme. Saisissez votre chance avec TTM !\" \/>\n<meta property=\"og:url\" content=\"https:\/\/tourtravelandmore.com\/fr\/tours\/italie-fr\/palermo-fr\/visite-privee-de-palerme-et-monreale-au-depart-de-palerme\/\" \/>\n<meta property=\"og:site_name\" content=\"Tour Travel And More\" \/>\n<meta property=\"article:publisher\" content=\"https:\/\/www.facebook.com\/tourtravelandmore\/\" \/>\n<meta property=\"article:modified_time\" content=\"2022-10-20T15:20:56+00:00\" \/>\n<meta property=\"og:image\" content=\"https:\/\/tourtravelandmore.com\/wp-content\/uploads\/2020\/09\/pexels-giota-sakellariou-4089286-scaled.jpg\" \/>\n\t<meta property=\"og:image:width\" content=\"2560\" \/>\n\t<meta property=\"og:image:height\" content=\"1706\" \/>\n\t<meta property=\"og:image:type\" content=\"image\/jpeg\" \/>\n<meta name=\"twitter:card\" content=\"summary_large_image\" \/>\n<meta name=\"twitter:site\" content=\"@TourTravel_More\" \/>\n<meta name=\"twitter:label1\" content=\"Dur\u00e9e de lecture estim\u00e9e\" \/>\n\t<meta name=\"twitter:data1\" content=\"3 minutes\" \/>\n<script type=\"application\/ld+json\" class=\"yoast-schema-graph\">{\"@context\":\"https:\/\/schema.org\",\"@graph\":[{\"@type\":\"WebPage\",\"@id\":\"https:\/\/tourtravelandmore.com\/fr\/tours\/italie-fr\/palermo-fr\/visite-privee-de-palerme-et-monreale-au-depart-de-palerme\/\",\"url\":\"https:\/\/tourtravelandmore.com\/fr\/tours\/italie-fr\/palermo-fr\/visite-privee-de-palerme-et-monreale-au-depart-de-palerme\/\",\"name\":\"Visite priv\u00e9e de Palerme et Monreale au d\u00e9part de Palerme | TourTravel&More\",\"isPartOf\":{\"@id\":\"https:\/\/tourtravelandmore.com\/fr\/#website\"},\"primaryImageOfPage\":{\"@id\":\"https:\/\/tourtravelandmore.com\/fr\/tours\/italie-fr\/palermo-fr\/visite-privee-de-palerme-et-monreale-au-depart-de-palerme\/#primaryimage\"},\"image\":{\"@id\":\"https:\/\/tourtravelandmore.com\/fr\/tours\/italie-fr\/palermo-fr\/visite-privee-de-palerme-et-monreale-au-depart-de-palerme\/#primaryimage\"},\"thumbnailUrl\":\"https:\/\/tourtravelandmore.com\/wp-content\/uploads\/2020\/09\/pexels-giota-sakellariou-4089286-scaled.jpg\",\"datePublished\":\"2020-09-14T10:50:49+00:00\",\"dateModified\":\"2022-10-20T15:20:56+00:00\",\"description\":\"Admirez les plus beaux endroits et monuments avec cette visite priv\u00e9e de Palerme et Monreale au d\u00e9part de Palerme. Saisissez votre chance avec TTM !\",\"breadcrumb\":{\"@id\":\"https:\/\/tourtravelandmore.com\/fr\/tours\/italie-fr\/palermo-fr\/visite-privee-de-palerme-et-monreale-au-depart-de-palerme\/#breadcrumb\"},\"inLanguage\":\"fr-FR\",\"potentialAction\":[{\"@type\":\"ReadAction\",\"target\":[\"https:\/\/tourtravelandmore.com\/fr\/tours\/italie-fr\/palermo-fr\/visite-privee-de-palerme-et-monreale-au-depart-de-palerme\/\"]}]},{\"@type\":\"ImageObject\",\"inLanguage\":\"fr-FR\",\"@id\":\"https:\/\/tourtravelandmore.com\/fr\/tours\/italie-fr\/palermo-fr\/visite-privee-de-palerme-et-monreale-au-depart-de-palerme\/#primaryimage\",\"url\":\"https:\/\/tourtravelandmore.com\/wp-content\/uploads\/2020\/09\/pexels-giota-sakellariou-4089286-scaled.jpg\",\"contentUrl\":\"https:\/\/tourtravelandmore.com\/wp-content\/uploads\/2020\/09\/pexels-giota-sakellariou-4089286-scaled.jpg\",\"width\":2560,\"height\":1706},{\"@type\":\"BreadcrumbList\",\"@id\":\"https:\/\/tourtravelandmore.com\/fr\/tours\/italie-fr\/palermo-fr\/visite-privee-de-palerme-et-monreale-au-depart-de-palerme\/#breadcrumb\",\"itemListElement\":[{\"@type\":\"ListItem\",\"position\":1,\"name\":\"Home\",\"item\":\"https:\/\/tourtravelandmore.com\/fr\/\"},{\"@type\":\"ListItem\",\"position\":2,\"name\":\"Tours\",\"item\":\"https:\/\/tourtravelandmore.com\/fr\/tours\/\"},{\"@type\":\"ListItem\",\"position\":3,\"name\":\"Visite priv\u00e9e de Palerme et Monreale au d\u00e9part de Palerme\"}]},{\"@type\":\"WebSite\",\"@id\":\"https:\/\/tourtravelandmore.com\/fr\/#website\",\"url\":\"https:\/\/tourtravelandmore.com\/fr\/\",\"name\":\"Tour Travel And More\",\"description\":\"Private sightseeing tours and luxury transfers in Spain\",\"publisher\":{\"@id\":\"https:\/\/tourtravelandmore.com\/fr\/#organization\"},\"potentialAction\":[{\"@type\":\"SearchAction\",\"target\":{\"@type\":\"EntryPoint\",\"urlTemplate\":\"https:\/\/tourtravelandmore.com\/fr\/?s={search_term_string}\"},\"query-input\":{\"@type\":\"PropertyValueSpecification\",\"valueRequired\":true,\"valueName\":\"search_term_string\"}}],\"inLanguage\":\"fr-FR\"},{\"@type\":\"Organization\",\"@id\":\"https:\/\/tourtravelandmore.com\/fr\/#organization\",\"name\":\"Tour Travel And More\",\"url\":\"https:\/\/tourtravelandmore.com\/fr\/\",\"logo\":{\"@type\":\"ImageObject\",\"inLanguage\":\"fr-FR\",\"@id\":\"https:\/\/tourtravelandmore.com\/fr\/#\/schema\/logo\/image\/\",\"url\":\"https:\/\/tourtravelandmore.com\/wp-content\/uploads\/2022\/12\/cropped-logo-cabecera-new.png\",\"contentUrl\":\"https:\/\/tourtravelandmore.com\/wp-content\/uploads\/2022\/12\/cropped-logo-cabecera-new.png\",\"width\":430,\"height\":61,\"caption\":\"Tour Travel And More\"},\"image\":{\"@id\":\"https:\/\/tourtravelandmore.com\/fr\/#\/schema\/logo\/image\/\"},\"sameAs\":[\"https:\/\/www.facebook.com\/tourtravelandmore\/\",\"https:\/\/x.com\/TourTravel_More\"]}]}<\/script>\n<!-- \/ Yoast SEO Premium plugin. -->","yoast_head_json":{"title":"Visite priv\u00e9e de Palerme et Monreale au d\u00e9part de Palerme | TourTravel&More","description":"Admirez les plus beaux endroits et monuments avec cette visite priv\u00e9e de Palerme et Monreale au d\u00e9part de Palerme. Saisissez votre chance avec TTM !","robots":{"index":"index","follow":"follow","max-snippet":"max-snippet:-1","max-image-preview":"max-image-preview:large","max-video-preview":"max-video-preview:-1"},"canonical":"https:\/\/tourtravelandmore.com\/fr\/tours\/italie-fr\/palermo-fr\/visite-privee-de-palerme-et-monreale-au-depart-de-palerme\/","og_locale":"fr_FR","og_type":"article","og_title":"Visite priv\u00e9e de Palerme et Monreale au d\u00e9part de Palerme","og_description":"Admirez les plus beaux endroits et monuments avec cette visite priv\u00e9e de Palerme et Monreale au d\u00e9part de Palerme. Saisissez votre chance avec TTM !","og_url":"https:\/\/tourtravelandmore.com\/fr\/tours\/italie-fr\/palermo-fr\/visite-privee-de-palerme-et-monreale-au-depart-de-palerme\/","og_site_name":"Tour Travel And More","article_publisher":"https:\/\/www.facebook.com\/tourtravelandmore\/","article_modified_time":"2022-10-20T15:20:56+00:00","og_image":[{"width":2560,"height":1706,"url":"https:\/\/tourtravelandmore.com\/wp-content\/uploads\/2020\/09\/pexels-giota-sakellariou-4089286-scaled.jpg","type":"image\/jpeg"}],"twitter_card":"summary_large_image","twitter_site":"@TourTravel_More","twitter_misc":{"Dur\u00e9e de lecture estim\u00e9e":"3 minutes"},"schema":{"@context":"https:\/\/schema.org","@graph":[{"@type":"WebPage","@id":"https:\/\/tourtravelandmore.com\/fr\/tours\/italie-fr\/palermo-fr\/visite-privee-de-palerme-et-monreale-au-depart-de-palerme\/","url":"https:\/\/tourtravelandmore.com\/fr\/tours\/italie-fr\/palermo-fr\/visite-privee-de-palerme-et-monreale-au-depart-de-palerme\/","name":"Visite priv\u00e9e de Palerme et Monreale au d\u00e9part de Palerme | TourTravel&More","isPartOf":{"@id":"https:\/\/tourtravelandmore.com\/fr\/#website"},"primaryImageOfPage":{"@id":"https:\/\/tourtravelandmore.com\/fr\/tours\/italie-fr\/palermo-fr\/visite-privee-de-palerme-et-monreale-au-depart-de-palerme\/#primaryimage"},"image":{"@id":"https:\/\/tourtravelandmore.com\/fr\/tours\/italie-fr\/palermo-fr\/visite-privee-de-palerme-et-monreale-au-depart-de-palerme\/#primaryimage"},"thumbnailUrl":"https:\/\/tourtravelandmore.com\/wp-content\/uploads\/2020\/09\/pexels-giota-sakellariou-4089286-scaled.jpg","datePublished":"2020-09-14T10:50:49+00:00","dateModified":"2022-10-20T15:20:56+00:00","description":"Admirez les plus beaux endroits et monuments avec cette visite priv\u00e9e de Palerme et Monreale au d\u00e9part de Palerme. Saisissez votre chance avec TTM !","breadcrumb":{"@id":"https:\/\/tourtravelandmore.com\/fr\/tours\/italie-fr\/palermo-fr\/visite-privee-de-palerme-et-monreale-au-depart-de-palerme\/#breadcrumb"},"inLanguage":"fr-FR","potentialAction":[{"@type":"ReadAction","target":["https:\/\/tourtravelandmore.com\/fr\/tours\/italie-fr\/palermo-fr\/visite-privee-de-palerme-et-monreale-au-depart-de-palerme\/"]}]},{"@type":"ImageObject","inLanguage":"fr-FR","@id":"https:\/\/tourtravelandmore.com\/fr\/tours\/italie-fr\/palermo-fr\/visite-privee-de-palerme-et-monreale-au-depart-de-palerme\/#primaryimage","url":"https:\/\/tourtravelandmore.com\/wp-content\/uploads\/2020\/09\/pexels-giota-sakellariou-4089286-scaled.jpg","contentUrl":"https:\/\/tourtravelandmore.com\/wp-content\/uploads\/2020\/09\/pexels-giota-sakellariou-4089286-scaled.jpg","width":2560,"height":1706},{"@type":"BreadcrumbList","@id":"https:\/\/tourtravelandmore.com\/fr\/tours\/italie-fr\/palermo-fr\/visite-privee-de-palerme-et-monreale-au-depart-de-palerme\/#breadcrumb","itemListElement":[{"@type":"ListItem","position":1,"name":"Home","item":"https:\/\/tourtravelandmore.com\/fr\/"},{"@type":"ListItem","position":2,"name":"Tours","item":"https:\/\/tourtravelandmore.com\/fr\/tours\/"},{"@type":"ListItem","position":3,"name":"Visite priv\u00e9e de Palerme et Monreale au d\u00e9part de Palerme"}]},{"@type":"WebSite","@id":"https:\/\/tourtravelandmore.com\/fr\/#website","url":"https:\/\/tourtravelandmore.com\/fr\/","name":"Tour Travel And More","description":"Private sightseeing tours and luxury transfers in Spain","publisher":{"@id":"https:\/\/tourtravelandmore.com\/fr\/#organization"},"potentialAction":[{"@type":"SearchAction","target":{"@type":"EntryPoint","urlTemplate":"https:\/\/tourtravelandmore.com\/fr\/?s={search_term_string}"},"query-input":{"@type":"PropertyValueSpecification","valueRequired":true,"valueName":"search_term_string"}}],"inLanguage":"fr-FR"},{"@type":"Organization","@id":"https:\/\/tourtravelandmore.com\/fr\/#organization","name":"Tour Travel And More","url":"https:\/\/tourtravelandmore.com\/fr\/","logo":{"@type":"ImageObject","inLanguage":"fr-FR","@id":"https:\/\/tourtravelandmore.com\/fr\/#\/schema\/logo\/image\/","url":"https:\/\/tourtravelandmore.com\/wp-content\/uploads\/2022\/12\/cropped-logo-cabecera-new.png","contentUrl":"https:\/\/tourtravelandmore.com\/wp-content\/uploads\/2022\/12\/cropped-logo-cabecera-new.png","width":430,"height":61,"caption":"Tour Travel And More"},"image":{"@id":"https:\/\/tourtravelandmore.com\/fr\/#\/schema\/logo\/image\/"},"sameAs":["https:\/\/www.facebook.com\/tourtravelandmore\/","https:\/\/x.com\/TourTravel_More"]}]}},"_links":{"self":[{"href":"https:\/\/tourtravelandmore.com\/fr\/wp-json\/wp\/v2\/product\/101278","targetHints":{"allow":["GET"]}}],"collection":[{"href":"https:\/\/tourtravelandmore.com\/fr\/wp-json\/wp\/v2\/product"}],"about":[{"href":"https:\/\/tourtravelandmore.com\/fr\/wp-json\/wp\/v2\/types\/product"}],"replies":[{"embeddable":true,"href":"https:\/\/tourtravelandmore.com\/fr\/wp-json\/wp\/v2\/comments?post=101278"}],"wp:featuredmedia":[{"embeddable":true,"href":"https:\/\/tourtravelandmore.com\/fr\/wp-json\/wp\/v2\/media\/141181"}],"wp:attachment":[{"href":"https:\/\/tourtravelandmore.com\/fr\/wp-json\/wp\/v2\/media?parent=101278"}],"wp:term":[{"taxonomy":"product_brand","embeddable":true,"href":"https:\/\/tourtravelandmore.com\/fr\/wp-json\/wp\/v2\/product_brand?post=101278"},{"taxonomy":"product_cat","embeddable":true,"href":"https:\/\/tourtravelandmore.com\/fr\/wp-json\/wp\/v2\/product_cat?post=101278"},{"taxonomy":"product_tag","embeddable":true,"href":"https:\/\/tourtravelandmore.com\/fr\/wp-json\/wp\/v2\/product_tag?post=101278"}],"curies":[{"name":"wp","href":"https:\/\/api.w.org\/{rel}","templated":true}]}}