{"id":101268,"date":"2018-04-11T15:25:31","date_gmt":"2018-04-11T13:25:31","guid":{"rendered":"https:\/\/tourtravelandmore.com\/tours\/non%20class\u00e9\/visite-privee-derice-et-segeste\/"},"modified":"2022-10-19T15:30:40","modified_gmt":"2022-10-19T13:30:40","slug":"visite-privee-derice-et-segeste-de-palerme","status":"publish","type":"product","link":"https:\/\/tourtravelandmore.com\/fr\/tours\/italie-fr\/palermo-fr\/visite-privee-derice-et-segeste-de-palerme\/","title":{"rendered":"Visite priv\u00e9e d&#8217;Erice et S\u00e9geste de Palerme"},"content":{"rendered":"<h2>Description Visite priv\u00e9e d&#8217;Erice et S\u00e9geste de Palerme<\/h2>\n<p>Profitez de cette visite priv\u00e9e \u00e0 Erice et Segesta depuis votre lieu de choix \u00e0 Palerme. Vous apprendrez \u00e0 conna\u00eetre le temple de S\u00e9geste et la ville m\u00e9di\u00e9vale d&#8217;Erice \u00e0 l&#8217;aise dans votre v\u00e9hicule de luxe priv\u00e9 avec chauffeur. Vous aurez \u00e9galement un guide officiel priv\u00e9 disponible pour toute la visite.<\/p>\n<p><strong>Erice<\/strong> est une ville situ\u00e9e dans la province de Trapani en Sicile. Un fait int\u00e9ressant est qu&#8217;il est situ\u00e9 sur une montagne du m\u00eame nom, sur le mont San Giuliano. De cette ville, vous admirerez la vue imprenable sur Trapani et les \u00eeles Egades.<\/p>\n<p>D&#8217;autre part, nous avons <strong>Segesta<\/strong>, une jolie ville de Sicile situ\u00e9e au nord-ouest de l&#8217;\u00eele. L&#8217;ic\u00f4ne de cette ville est le<a href=\"https:\/\/en.wikipedia.org\/wiki\/Segesta\"> temple de S\u00e9geste<\/a> construit sur un pic juste \u00e0 l&#8217;ext\u00e9rieur de l&#8217;ancienne S\u00e9geste.<\/p>\n<p>Il s&#8217;agit d&#8217;une excursion d&#8217;une journ\u00e9e compl\u00e8te, votre chauffeur priv\u00e9 et votre guide officiel seront \u00e0 votre enti\u00e8re disposition pendant 8 heures. Si vous pr\u00e9f\u00e9rez, vous pouvez \u00e9galement effectuer cette visite priv\u00e9e \u00e0 Erice et Segesta uniquement avec un chauffeur priv\u00e9.<\/p>\n<h2>Points d&#8217;int\u00e9r\u00eat et points de rep\u00e8re<\/h2>\n<p>Votre chauffeur priv\u00e9 et votre guide officiel viendront vous chercher \u00e0 l&#8217;endroit de votre choix \u00e0 <strong>Palerme<\/strong>. Comme il s&#8217;agit d&#8217;une visite priv\u00e9e, l&#8217;heure de d\u00e9but sera d\u00e9termin\u00e9e par vous.<\/p>\n<p>Tout d&#8217;abord, ils vous feront traverser la c\u00f4te nord, passeront par le <strong>golfe de Castellamare<\/strong> et vous arriverez \u00e0 <strong>S\u00e9geste<\/strong>. Une fois sur place, vous rencontrerez le magnifique temple grec, entour\u00e9 d&#8217;une magnifique campagne. Ce temple grec a \u00e9t\u00e9 construit \u00e0 la fin du 5\u00e8me si\u00e8cle avant JC. et, selon la l\u00e9gende, a une origine cheval de Troie. Le billet d&#8217;entr\u00e9e au temple est inclus dans le prix de la visite<\/p>\n<p>Deuxi\u00e8mement, votre chauffeur et guide priv\u00e9 vous conduira \u00e0 <strong>Erice<\/strong>. Situ\u00e9 \u00e0 2400 pieds au-dessus du niveau de la mer, cette belle ville m\u00e9di\u00e9vale aux rues pav\u00e9es est tr\u00e8s attrayante. Vous apprendrez \u00e0 conna\u00eetre cette ville et vous rendrez au jardin public qui se trouve \u00e0 c\u00f4t\u00e9 des ruines d&#8217;un ch\u00e2teau normand. De l\u00e0, vous profiterez d&#8217;une vue panoramique \u00e0 couper le souffle.<\/p>\n<p>Au cours de cette visite priv\u00e9e, vous ferez \u00e9galement une halte pour le d\u00e9jeuner. Votre guide priv\u00e9 peut vous recommander un tr\u00e8s bon restaurant pour vous et votre groupe.<\/p>\n<p>Enfin, votre chauffeur et votre guide vous ram\u00e8neront \u00e0 votre point de d\u00e9part \u00e0 Palerme. Vous profiterez d&#8217;une exp\u00e9rience d&#8217;une journ\u00e9e compl\u00e8te dans l&#8217;incroyable \u00eele de Sicile.<\/p>\n<p>Nous avons \u00e9galement diff\u00e9rentes options d&#8217;excursions d&#8217;une journ\u00e9e compl\u00e8te au d\u00e9part de Palerme, veuillez consulter notre <a href=\"https:\/\/tourtravelandmore.com\/tours\/italy\/palermo-private-tours-en\/private-tour-to-monreale-and-cefalu-from-palermo\/\">visite priv\u00e9e \u00e0 Monreale et Cefal\u00fa.<\/a><\/p>\n","protected":false},"excerpt":{"rendered":"<p>Venez avec nous pour cette excursion priv\u00e9e \u00e0<strong> Erice et S\u00e9geste<\/strong> depuis le port de croisi\u00e8re, l&#8217;h\u00f4tel ou le lieu de votre choix \u00e0 Palerme. D\u00e9couvrez, \u00e0 c\u00f4t\u00e9 de votre chauffeur priv\u00e9 et de votre guide officiel, le fabuleux temple<strong> grec de S\u00e9geste et Erice<\/strong>, une belle ville m\u00e9di\u00e9vale situ\u00e9e \u00e0 600 m\u00e8tres d&#8217;altitude. Profitez de cette exp\u00e9rience d&#8217;une journ\u00e9e \u00e0 l&#8217;aise dans votre v\u00e9hicule de luxe priv\u00e9.<\/p>\n","protected":false},"featured_media":98259,"comment_status":"open","ping_status":"closed","template":"","meta":{"_acf_changed":false},"product_brand":[],"product_cat":[3701],"product_tag":[],"class_list":{"0":"post-101268","1":"product","2":"type-product","3":"status-publish","4":"has-post-thumbnail","6":"product_cat-palermo-fr","8":"first","9":"instock","10":"shipping-taxable","11":"purchasable","12":"product-type-simple"},"acf":[],"yoast_head":"<!-- This site is optimized with the Yoast SEO Premium plugin v25.3.1 (Yoast SEO v25.3.1) - https:\/\/yoast.com\/wordpress\/plugins\/seo\/ -->\n<title>Visite priv\u00e9e d&#039;Erice et de S\u00e9geste depuis le lieu de votre choix \u00e0 Palerme<\/title>\n<meta name=\"description\" content=\"D\u00e9couvrez deux des plus beaux sites de Sicile. Visitez le temple grec de S\u00e9geste et profitez d&#039;une vue panoramique imprenable depuis le jardin public d&#039;Erice.\" \/>\n<meta name=\"robots\" content=\"index, follow, max-snippet:-1, max-image-preview:large, max-video-preview:-1\" \/>\n<link rel=\"canonical\" href=\"https:\/\/tourtravelandmore.com\/fr\/tours\/italie-fr\/palermo-fr\/visite-privee-derice-et-segeste-de-palerme\/\" \/>\n<meta property=\"og:locale\" content=\"fr_FR\" \/>\n<meta property=\"og:type\" content=\"article\" \/>\n<meta property=\"og:title\" content=\"Visite priv\u00e9e d&#039;Erice et S\u00e9geste de Palerme\" \/>\n<meta property=\"og:description\" content=\"D\u00e9couvrez deux des plus beaux sites de Sicile. Visitez le temple grec de S\u00e9geste et profitez d&#039;une vue panoramique imprenable depuis le jardin public d&#039;Erice.\" \/>\n<meta property=\"og:url\" content=\"https:\/\/tourtravelandmore.com\/fr\/tours\/italie-fr\/palermo-fr\/visite-privee-derice-et-segeste-de-palerme\/\" \/>\n<meta property=\"og:site_name\" content=\"Tour Travel And More\" \/>\n<meta property=\"article:publisher\" content=\"https:\/\/www.facebook.com\/tourtravelandmore\/\" \/>\n<meta property=\"article:modified_time\" content=\"2022-10-19T13:30:40+00:00\" \/>\n<meta property=\"og:image\" content=\"https:\/\/tourtravelandmore.com\/wp-content\/uploads\/2018\/04\/Segesta-1.jpg\" \/>\n\t<meta property=\"og:image:width\" content=\"1600\" \/>\n\t<meta property=\"og:image:height\" content=\"900\" \/>\n\t<meta property=\"og:image:type\" content=\"image\/jpeg\" \/>\n<meta name=\"twitter:card\" content=\"summary_large_image\" \/>\n<meta name=\"twitter:site\" content=\"@TourTravel_More\" \/>\n<meta name=\"twitter:label1\" content=\"Dur\u00e9e de lecture estim\u00e9e\" \/>\n\t<meta name=\"twitter:data1\" content=\"2 minutes\" \/>\n<script type=\"application\/ld+json\" class=\"yoast-schema-graph\">{\"@context\":\"https:\/\/schema.org\",\"@graph\":[{\"@type\":\"WebPage\",\"@id\":\"https:\/\/tourtravelandmore.com\/fr\/tours\/italie-fr\/palermo-fr\/visite-privee-derice-et-segeste-de-palerme\/\",\"url\":\"https:\/\/tourtravelandmore.com\/fr\/tours\/italie-fr\/palermo-fr\/visite-privee-derice-et-segeste-de-palerme\/\",\"name\":\"Visite priv\u00e9e d'Erice et de S\u00e9geste depuis le lieu de votre choix \u00e0 Palerme\",\"isPartOf\":{\"@id\":\"https:\/\/tourtravelandmore.com\/fr\/#website\"},\"primaryImageOfPage\":{\"@id\":\"https:\/\/tourtravelandmore.com\/fr\/tours\/italie-fr\/palermo-fr\/visite-privee-derice-et-segeste-de-palerme\/#primaryimage\"},\"image\":{\"@id\":\"https:\/\/tourtravelandmore.com\/fr\/tours\/italie-fr\/palermo-fr\/visite-privee-derice-et-segeste-de-palerme\/#primaryimage\"},\"thumbnailUrl\":\"https:\/\/tourtravelandmore.com\/wp-content\/uploads\/2018\/04\/Segesta-1.jpg\",\"datePublished\":\"2018-04-11T13:25:31+00:00\",\"dateModified\":\"2022-10-19T13:30:40+00:00\",\"description\":\"D\u00e9couvrez deux des plus beaux sites de Sicile. Visitez le temple grec de S\u00e9geste et profitez d'une vue panoramique imprenable depuis le jardin public d'Erice.\",\"breadcrumb\":{\"@id\":\"https:\/\/tourtravelandmore.com\/fr\/tours\/italie-fr\/palermo-fr\/visite-privee-derice-et-segeste-de-palerme\/#breadcrumb\"},\"inLanguage\":\"fr-FR\",\"potentialAction\":[{\"@type\":\"ReadAction\",\"target\":[\"https:\/\/tourtravelandmore.com\/fr\/tours\/italie-fr\/palermo-fr\/visite-privee-derice-et-segeste-de-palerme\/\"]}]},{\"@type\":\"ImageObject\",\"inLanguage\":\"fr-FR\",\"@id\":\"https:\/\/tourtravelandmore.com\/fr\/tours\/italie-fr\/palermo-fr\/visite-privee-derice-et-segeste-de-palerme\/#primaryimage\",\"url\":\"https:\/\/tourtravelandmore.com\/wp-content\/uploads\/2018\/04\/Segesta-1.jpg\",\"contentUrl\":\"https:\/\/tourtravelandmore.com\/wp-content\/uploads\/2018\/04\/Segesta-1.jpg\",\"width\":1600,\"height\":900},{\"@type\":\"BreadcrumbList\",\"@id\":\"https:\/\/tourtravelandmore.com\/fr\/tours\/italie-fr\/palermo-fr\/visite-privee-derice-et-segeste-de-palerme\/#breadcrumb\",\"itemListElement\":[{\"@type\":\"ListItem\",\"position\":1,\"name\":\"Home\",\"item\":\"https:\/\/tourtravelandmore.com\/fr\/\"},{\"@type\":\"ListItem\",\"position\":2,\"name\":\"Tours\",\"item\":\"https:\/\/tourtravelandmore.com\/fr\/tours\/\"},{\"@type\":\"ListItem\",\"position\":3,\"name\":\"Visite priv\u00e9e d&rsquo;Erice et S\u00e9geste de Palerme\"}]},{\"@type\":\"WebSite\",\"@id\":\"https:\/\/tourtravelandmore.com\/fr\/#website\",\"url\":\"https:\/\/tourtravelandmore.com\/fr\/\",\"name\":\"Tour Travel And More\",\"description\":\"Private sightseeing tours and luxury transfers in Spain\",\"publisher\":{\"@id\":\"https:\/\/tourtravelandmore.com\/fr\/#organization\"},\"potentialAction\":[{\"@type\":\"SearchAction\",\"target\":{\"@type\":\"EntryPoint\",\"urlTemplate\":\"https:\/\/tourtravelandmore.com\/fr\/?s={search_term_string}\"},\"query-input\":{\"@type\":\"PropertyValueSpecification\",\"valueRequired\":true,\"valueName\":\"search_term_string\"}}],\"inLanguage\":\"fr-FR\"},{\"@type\":\"Organization\",\"@id\":\"https:\/\/tourtravelandmore.com\/fr\/#organization\",\"name\":\"Tour Travel And More\",\"url\":\"https:\/\/tourtravelandmore.com\/fr\/\",\"logo\":{\"@type\":\"ImageObject\",\"inLanguage\":\"fr-FR\",\"@id\":\"https:\/\/tourtravelandmore.com\/fr\/#\/schema\/logo\/image\/\",\"url\":\"https:\/\/tourtravelandmore.com\/wp-content\/uploads\/2022\/12\/cropped-logo-cabecera-new.png\",\"contentUrl\":\"https:\/\/tourtravelandmore.com\/wp-content\/uploads\/2022\/12\/cropped-logo-cabecera-new.png\",\"width\":430,\"height\":61,\"caption\":\"Tour Travel And More\"},\"image\":{\"@id\":\"https:\/\/tourtravelandmore.com\/fr\/#\/schema\/logo\/image\/\"},\"sameAs\":[\"https:\/\/www.facebook.com\/tourtravelandmore\/\",\"https:\/\/x.com\/TourTravel_More\"]}]}<\/script>\n<!-- \/ Yoast SEO Premium plugin. -->","yoast_head_json":{"title":"Visite priv\u00e9e d'Erice et de S\u00e9geste depuis le lieu de votre choix \u00e0 Palerme","description":"D\u00e9couvrez deux des plus beaux sites de Sicile. Visitez le temple grec de S\u00e9geste et profitez d'une vue panoramique imprenable depuis le jardin public d'Erice.","robots":{"index":"index","follow":"follow","max-snippet":"max-snippet:-1","max-image-preview":"max-image-preview:large","max-video-preview":"max-video-preview:-1"},"canonical":"https:\/\/tourtravelandmore.com\/fr\/tours\/italie-fr\/palermo-fr\/visite-privee-derice-et-segeste-de-palerme\/","og_locale":"fr_FR","og_type":"article","og_title":"Visite priv\u00e9e d'Erice et S\u00e9geste de Palerme","og_description":"D\u00e9couvrez deux des plus beaux sites de Sicile. Visitez le temple grec de S\u00e9geste et profitez d'une vue panoramique imprenable depuis le jardin public d'Erice.","og_url":"https:\/\/tourtravelandmore.com\/fr\/tours\/italie-fr\/palermo-fr\/visite-privee-derice-et-segeste-de-palerme\/","og_site_name":"Tour Travel And More","article_publisher":"https:\/\/www.facebook.com\/tourtravelandmore\/","article_modified_time":"2022-10-19T13:30:40+00:00","og_image":[{"width":1600,"height":900,"url":"https:\/\/tourtravelandmore.com\/wp-content\/uploads\/2018\/04\/Segesta-1.jpg","type":"image\/jpeg"}],"twitter_card":"summary_large_image","twitter_site":"@TourTravel_More","twitter_misc":{"Dur\u00e9e de lecture estim\u00e9e":"2 minutes"},"schema":{"@context":"https:\/\/schema.org","@graph":[{"@type":"WebPage","@id":"https:\/\/tourtravelandmore.com\/fr\/tours\/italie-fr\/palermo-fr\/visite-privee-derice-et-segeste-de-palerme\/","url":"https:\/\/tourtravelandmore.com\/fr\/tours\/italie-fr\/palermo-fr\/visite-privee-derice-et-segeste-de-palerme\/","name":"Visite priv\u00e9e d'Erice et de S\u00e9geste depuis le lieu de votre choix \u00e0 Palerme","isPartOf":{"@id":"https:\/\/tourtravelandmore.com\/fr\/#website"},"primaryImageOfPage":{"@id":"https:\/\/tourtravelandmore.com\/fr\/tours\/italie-fr\/palermo-fr\/visite-privee-derice-et-segeste-de-palerme\/#primaryimage"},"image":{"@id":"https:\/\/tourtravelandmore.com\/fr\/tours\/italie-fr\/palermo-fr\/visite-privee-derice-et-segeste-de-palerme\/#primaryimage"},"thumbnailUrl":"https:\/\/tourtravelandmore.com\/wp-content\/uploads\/2018\/04\/Segesta-1.jpg","datePublished":"2018-04-11T13:25:31+00:00","dateModified":"2022-10-19T13:30:40+00:00","description":"D\u00e9couvrez deux des plus beaux sites de Sicile. Visitez le temple grec de S\u00e9geste et profitez d'une vue panoramique imprenable depuis le jardin public d'Erice.","breadcrumb":{"@id":"https:\/\/tourtravelandmore.com\/fr\/tours\/italie-fr\/palermo-fr\/visite-privee-derice-et-segeste-de-palerme\/#breadcrumb"},"inLanguage":"fr-FR","potentialAction":[{"@type":"ReadAction","target":["https:\/\/tourtravelandmore.com\/fr\/tours\/italie-fr\/palermo-fr\/visite-privee-derice-et-segeste-de-palerme\/"]}]},{"@type":"ImageObject","inLanguage":"fr-FR","@id":"https:\/\/tourtravelandmore.com\/fr\/tours\/italie-fr\/palermo-fr\/visite-privee-derice-et-segeste-de-palerme\/#primaryimage","url":"https:\/\/tourtravelandmore.com\/wp-content\/uploads\/2018\/04\/Segesta-1.jpg","contentUrl":"https:\/\/tourtravelandmore.com\/wp-content\/uploads\/2018\/04\/Segesta-1.jpg","width":1600,"height":900},{"@type":"BreadcrumbList","@id":"https:\/\/tourtravelandmore.com\/fr\/tours\/italie-fr\/palermo-fr\/visite-privee-derice-et-segeste-de-palerme\/#breadcrumb","itemListElement":[{"@type":"ListItem","position":1,"name":"Home","item":"https:\/\/tourtravelandmore.com\/fr\/"},{"@type":"ListItem","position":2,"name":"Tours","item":"https:\/\/tourtravelandmore.com\/fr\/tours\/"},{"@type":"ListItem","position":3,"name":"Visite priv\u00e9e d&rsquo;Erice et S\u00e9geste de Palerme"}]},{"@type":"WebSite","@id":"https:\/\/tourtravelandmore.com\/fr\/#website","url":"https:\/\/tourtravelandmore.com\/fr\/","name":"Tour Travel And More","description":"Private sightseeing tours and luxury transfers in Spain","publisher":{"@id":"https:\/\/tourtravelandmore.com\/fr\/#organization"},"potentialAction":[{"@type":"SearchAction","target":{"@type":"EntryPoint","urlTemplate":"https:\/\/tourtravelandmore.com\/fr\/?s={search_term_string}"},"query-input":{"@type":"PropertyValueSpecification","valueRequired":true,"valueName":"search_term_string"}}],"inLanguage":"fr-FR"},{"@type":"Organization","@id":"https:\/\/tourtravelandmore.com\/fr\/#organization","name":"Tour Travel And More","url":"https:\/\/tourtravelandmore.com\/fr\/","logo":{"@type":"ImageObject","inLanguage":"fr-FR","@id":"https:\/\/tourtravelandmore.com\/fr\/#\/schema\/logo\/image\/","url":"https:\/\/tourtravelandmore.com\/wp-content\/uploads\/2022\/12\/cropped-logo-cabecera-new.png","contentUrl":"https:\/\/tourtravelandmore.com\/wp-content\/uploads\/2022\/12\/cropped-logo-cabecera-new.png","width":430,"height":61,"caption":"Tour Travel And More"},"image":{"@id":"https:\/\/tourtravelandmore.com\/fr\/#\/schema\/logo\/image\/"},"sameAs":["https:\/\/www.facebook.com\/tourtravelandmore\/","https:\/\/x.com\/TourTravel_More"]}]}},"_links":{"self":[{"href":"https:\/\/tourtravelandmore.com\/fr\/wp-json\/wp\/v2\/product\/101268","targetHints":{"allow":["GET"]}}],"collection":[{"href":"https:\/\/tourtravelandmore.com\/fr\/wp-json\/wp\/v2\/product"}],"about":[{"href":"https:\/\/tourtravelandmore.com\/fr\/wp-json\/wp\/v2\/types\/product"}],"replies":[{"embeddable":true,"href":"https:\/\/tourtravelandmore.com\/fr\/wp-json\/wp\/v2\/comments?post=101268"}],"wp:featuredmedia":[{"embeddable":true,"href":"https:\/\/tourtravelandmore.com\/fr\/wp-json\/wp\/v2\/media\/98259"}],"wp:attachment":[{"href":"https:\/\/tourtravelandmore.com\/fr\/wp-json\/wp\/v2\/media?parent=101268"}],"wp:term":[{"taxonomy":"product_brand","embeddable":true,"href":"https:\/\/tourtravelandmore.com\/fr\/wp-json\/wp\/v2\/product_brand?post=101268"},{"taxonomy":"product_cat","embeddable":true,"href":"https:\/\/tourtravelandmore.com\/fr\/wp-json\/wp\/v2\/product_cat?post=101268"},{"taxonomy":"product_tag","embeddable":true,"href":"https:\/\/tourtravelandmore.com\/fr\/wp-json\/wp\/v2\/product_tag?post=101268"}],"curies":[{"name":"wp","href":"https:\/\/api.w.org\/{rel}","templated":true}]}}