{"id":101263,"date":"2018-04-10T15:57:47","date_gmt":"2018-04-10T13:57:47","guid":{"rendered":"https:\/\/tourtravelandmore.com\/tours\/non%20class\u00e9\/visite-privee-a-monreale-et-cefalu\/"},"modified":"2022-10-18T22:26:42","modified_gmt":"2022-10-18T20:26:42","slug":"visite-privee-de-monreale-cefalu-et-castelbuono-depuis-palerme","status":"publish","type":"product","link":"https:\/\/tourtravelandmore.com\/fr\/tours\/italie-fr\/palermo-fr\/visite-privee-de-monreale-cefalu-et-castelbuono-depuis-palerme\/","title":{"rendered":"Visite priv\u00e9e de Monreale, Cefal\u00fa et Castelbuono depuis Palerme"},"content":{"rendered":"<h2>Visite priv\u00e9e de Monreale, Cefal\u00fa et Castelbuono au d\u00e9part de Palerme Description<\/h2>\n<p>Profitez de cette <strong>excursion priv\u00e9e \u00e0 Monreale, Cefal\u00fa et Castelbuono depuis Palerme<\/strong>. Vous ferez connaissance avec l&#8217;\u00e9tonnante cath\u00e9drale de Monreale, la belle ville baln\u00e9aire de Cefal\u00fa et l&#8217;excellent site de <strong>Castelbuono<\/strong>.<\/p>\n<p>Votre chauffeur priv\u00e9 et votre guide officiel vous attendront dans le hall de votre h\u00f4tel ou au port de Palerme. Comme il s&#8217;agit d&#8217;une visite priv\u00e9e, vous pourrez choisir votre lieu de prise en charge et de retour.<\/p>\n<p><strong>Monreale<\/strong> est une municipalit\u00e9 italienne situ\u00e9e dans la province de Palerme. Cette charmante ville est l&#8217;une des plus visit\u00e9es de toute la Sicile. C&#8217;est l&#8217;endroit id\u00e9al pour se d\u00e9tendre et profiter de la nature et de l&#8217;architecture qui caract\u00e9risent cette ville.<\/p>\n<p>D&#8217;autre part, <strong>Cefalu<\/strong> est une ancienne et petite ville \u00e9galement situ\u00e9e dans la province de Palerme. Cette ville est \u00e9galement connue sous le nom de &#8220;citadelle normande&#8221; en raison de la domination normande qu&#8217;elle a subie pendant plusieurs ann\u00e9es.<\/p>\n<p><strong>Castelbuono<\/strong> est un petit village m\u00e9di\u00e9val situ\u00e9 dans le parc des Madonie, dans un paysage bois\u00e9 de ch\u00eanes, de ch\u00e2taigniers, de fr\u00eanes et de cerisiers.<\/p>\n<p>Nous avons plusieurs options d&#8217;excursions priv\u00e9es d&#8217;une journ\u00e9e au d\u00e9part de Palerme, jetez un coup d&#8217;\u0153il \u00e0 notre <a href=\"https:\/\/tourtravelandmore.com\/tours\/italy\/palermo-private-tours-en\/private-tour-to-monreale-and-cefalu-from-palermo\/\">visite priv\u00e9e d&#8217;Agrigente et de la Vall\u00e9e des Temples.<\/a><\/p>\n<h2>Sites d&#8217;int\u00e9r\u00eat et points de rep\u00e8re<\/h2>\n<p>Apr\u00e8s que votre chauffeur priv\u00e9 et votre guide officiel soient venus vous chercher \u00e0 l&#8217;endroit de votre choix \u00e0 Palerme, ils vous emm\u00e8neront \u00e0 <strong>Monreale<\/strong>.<\/p>\n<p>Cette ville abrite l&#8217;une des cath\u00e9drales les plus spectaculaires du monde. Cette <a href=\"https:\/\/www.tiqets.com\/en\/cathedral-of-monreale-tickets-l146726\/\">cath\u00e9drale<\/a> date du 12\u00e8me si\u00e8cle, et c&#8217;est l&#8217;un des plus beaux exemples d&#8217;architecture normande. La cath\u00e9drale poss\u00e8de, \u00e0 l&#8217;int\u00e9rieur, la plus grande concentration de mosa\u00efques au monde. L&#8217;entr\u00e9e au Duomo est incluse dans le prix de cette visite.<\/p>\n<p>Apr\u00e8s Monreale, votre chauffeur priv\u00e9 et votre guide vous emm\u00e8neront dans la belle ville c\u00f4ti\u00e8re de <strong>Cefal\u00fa<\/strong>. Cette ville c\u00f4ti\u00e8re m\u00e9di\u00e9vale abrite \u00e9galement une magnifique cath\u00e9drale normande, construite par le roi Roger II en 1131. Pendant votre visite \u00e0 Cefal\u00fa, vous pourrez d\u00e9couvrir la cath\u00e9drale, son clo\u00eetre et le centre m\u00e9di\u00e9val de la ville.<\/p>\n<p>Apr\u00e8s Cefal\u00fa, nous irons \u00e0 Castelbuono, o\u00f9 nous pourrons voir de beaux endroits avec une histoire incroyable, tels que :<\/p>\n<ul>\n<li><strong>La Piazza Margherita de Castelbuono en hiver. <\/strong><\/li>\n<li><strong>Le ch\u00e2teau Ventimiglia de Castelbuono.<\/strong><\/li>\n<li><strong>La fontaine de la Venere Ciprea.<\/strong><\/li>\n<li><strong>L&#8217;int\u00e9rieur de la Matrice Vecchia.<\/strong><\/li>\n<li><strong>L&#8217;\u00e9glise de San Francesco vue \u00e0 travers la place homonyme.<\/strong><\/li>\n<li><strong>Le clo\u00eetre de l&#8217;ancien couvent.<\/strong><\/li>\n<\/ul>\n<p>Votre guide priv\u00e9 sera \u00e0 votre enti\u00e8re disposition pendant toute la dur\u00e9e de la visite. Il vous montrera tous les lieux et monuments les plus importants de ces trois villes siciliennes.<\/p>\n<p>Pendant la visite, vous aurez du temps libre pour d\u00e9jeuner dans un restaurant italien typique. Si vous le pr\u00e9f\u00e9rez, nous pouvons faire une r\u00e9servation pour vous et votre groupe, afin que vous n&#8217;ayez \u00e0 vous soucier de rien.<\/p>\n<p>Enfin, votre chauffeur priv\u00e9 et votre guide vous ram\u00e8neront \u00e0 votre point de d\u00e9part \u00e0 Palerme. La dur\u00e9e totale de l&#8217;excursion est de 8 heures, mais nous pouvons inclure plus d&#8217;heures si vous le souhaitez.<\/p>\n","protected":false},"excerpt":{"rendered":"<p><strong>Tour priv\u00e9 \u00e0 Monreale, Cefal\u00fa et Castelbuono de Palerme depuis le lieu de votre choix \u00e0 Palerme<\/strong>. Ne manquez pas la chance de conna\u00eetre l&#8217;une des plus belles cath\u00e9drales int\u00e9rieures du monde et le magnifique centre m\u00e9di\u00e9val de Cefal\u00fa, confortablement install\u00e9 dans un v\u00e9hicule de luxe priv\u00e9 avec chauffeur. Votre guide priv\u00e9 sera \u00e0 votre enti\u00e8re disposition pendant toute la dur\u00e9e de la visite.<\/p>\n","protected":false},"featured_media":94867,"comment_status":"open","ping_status":"closed","template":"","meta":{"_acf_changed":false},"product_brand":[],"product_cat":[3701],"product_tag":[],"class_list":{"0":"post-101263","1":"product","2":"type-product","3":"status-publish","4":"has-post-thumbnail","6":"product_cat-palermo-fr","8":"first","9":"instock","10":"shipping-taxable","11":"purchasable","12":"product-type-simple"},"acf":[],"yoast_head":"<!-- This site is optimized with the Yoast SEO Premium plugin v25.3.1 (Yoast SEO v25.3.1) - https:\/\/yoast.com\/wordpress\/plugins\/seo\/ -->\n<title>Tour priv\u00e9 \u00e0 Monreale, Cefal\u00fa et Castelbuono depuis Palerme | TTM<\/title>\n<meta name=\"description\" content=\"Apprenez \u00e0 conna\u00eetre la fantastique cath\u00e9drale de Monreale et la belle ville c\u00f4ti\u00e8re de Cefal\u00fa avec cette visite priv\u00e9e \u00e0 Monreale et Cefal\u00fa au d\u00e9part de Palerme.\" \/>\n<meta name=\"robots\" content=\"index, follow, max-snippet:-1, max-image-preview:large, max-video-preview:-1\" \/>\n<link rel=\"canonical\" href=\"https:\/\/tourtravelandmore.com\/fr\/tours\/italie-fr\/palermo-fr\/visite-privee-de-monreale-cefalu-et-castelbuono-depuis-palerme\/\" \/>\n<meta property=\"og:locale\" content=\"fr_FR\" \/>\n<meta property=\"og:type\" content=\"article\" \/>\n<meta property=\"og:title\" content=\"Visite priv\u00e9e de Monreale, Cefal\u00fa et Castelbuono depuis Palerme\" \/>\n<meta property=\"og:description\" content=\"Apprenez \u00e0 conna\u00eetre la fantastique cath\u00e9drale de Monreale et la belle ville c\u00f4ti\u00e8re de Cefal\u00fa avec cette visite priv\u00e9e \u00e0 Monreale et Cefal\u00fa au d\u00e9part de Palerme.\" \/>\n<meta property=\"og:url\" content=\"https:\/\/tourtravelandmore.com\/fr\/tours\/italie-fr\/palermo-fr\/visite-privee-de-monreale-cefalu-et-castelbuono-depuis-palerme\/\" \/>\n<meta property=\"og:site_name\" content=\"Tour Travel And More\" \/>\n<meta property=\"article:publisher\" content=\"https:\/\/www.facebook.com\/tourtravelandmore\/\" \/>\n<meta property=\"article:modified_time\" content=\"2022-10-18T20:26:42+00:00\" \/>\n<meta property=\"og:image\" content=\"https:\/\/tourtravelandmore.com\/wp-content\/uploads\/2018\/04\/cefalu2.jpg\" \/>\n\t<meta property=\"og:image:width\" content=\"1280\" \/>\n\t<meta property=\"og:image:height\" content=\"720\" \/>\n\t<meta property=\"og:image:type\" content=\"image\/jpeg\" \/>\n<meta name=\"twitter:card\" content=\"summary_large_image\" \/>\n<meta name=\"twitter:site\" content=\"@TourTravel_More\" \/>\n<meta name=\"twitter:label1\" content=\"Dur\u00e9e de lecture estim\u00e9e\" \/>\n\t<meta name=\"twitter:data1\" content=\"3 minutes\" \/>\n<script type=\"application\/ld+json\" class=\"yoast-schema-graph\">{\"@context\":\"https:\/\/schema.org\",\"@graph\":[{\"@type\":\"WebPage\",\"@id\":\"https:\/\/tourtravelandmore.com\/fr\/tours\/italie-fr\/palermo-fr\/visite-privee-de-monreale-cefalu-et-castelbuono-depuis-palerme\/\",\"url\":\"https:\/\/tourtravelandmore.com\/fr\/tours\/italie-fr\/palermo-fr\/visite-privee-de-monreale-cefalu-et-castelbuono-depuis-palerme\/\",\"name\":\"Tour priv\u00e9 \u00e0 Monreale, Cefal\u00fa et Castelbuono depuis Palerme | TTM\",\"isPartOf\":{\"@id\":\"https:\/\/tourtravelandmore.com\/fr\/#website\"},\"primaryImageOfPage\":{\"@id\":\"https:\/\/tourtravelandmore.com\/fr\/tours\/italie-fr\/palermo-fr\/visite-privee-de-monreale-cefalu-et-castelbuono-depuis-palerme\/#primaryimage\"},\"image\":{\"@id\":\"https:\/\/tourtravelandmore.com\/fr\/tours\/italie-fr\/palermo-fr\/visite-privee-de-monreale-cefalu-et-castelbuono-depuis-palerme\/#primaryimage\"},\"thumbnailUrl\":\"https:\/\/tourtravelandmore.com\/wp-content\/uploads\/2018\/04\/cefalu2.jpg\",\"datePublished\":\"2018-04-10T13:57:47+00:00\",\"dateModified\":\"2022-10-18T20:26:42+00:00\",\"description\":\"Apprenez \u00e0 conna\u00eetre la fantastique cath\u00e9drale de Monreale et la belle ville c\u00f4ti\u00e8re de Cefal\u00fa avec cette visite priv\u00e9e \u00e0 Monreale et Cefal\u00fa au d\u00e9part de Palerme.\",\"breadcrumb\":{\"@id\":\"https:\/\/tourtravelandmore.com\/fr\/tours\/italie-fr\/palermo-fr\/visite-privee-de-monreale-cefalu-et-castelbuono-depuis-palerme\/#breadcrumb\"},\"inLanguage\":\"fr-FR\",\"potentialAction\":[{\"@type\":\"ReadAction\",\"target\":[\"https:\/\/tourtravelandmore.com\/fr\/tours\/italie-fr\/palermo-fr\/visite-privee-de-monreale-cefalu-et-castelbuono-depuis-palerme\/\"]}]},{\"@type\":\"ImageObject\",\"inLanguage\":\"fr-FR\",\"@id\":\"https:\/\/tourtravelandmore.com\/fr\/tours\/italie-fr\/palermo-fr\/visite-privee-de-monreale-cefalu-et-castelbuono-depuis-palerme\/#primaryimage\",\"url\":\"https:\/\/tourtravelandmore.com\/wp-content\/uploads\/2018\/04\/cefalu2.jpg\",\"contentUrl\":\"https:\/\/tourtravelandmore.com\/wp-content\/uploads\/2018\/04\/cefalu2.jpg\",\"width\":1280,\"height\":720},{\"@type\":\"BreadcrumbList\",\"@id\":\"https:\/\/tourtravelandmore.com\/fr\/tours\/italie-fr\/palermo-fr\/visite-privee-de-monreale-cefalu-et-castelbuono-depuis-palerme\/#breadcrumb\",\"itemListElement\":[{\"@type\":\"ListItem\",\"position\":1,\"name\":\"Home\",\"item\":\"https:\/\/tourtravelandmore.com\/fr\/\"},{\"@type\":\"ListItem\",\"position\":2,\"name\":\"Tours\",\"item\":\"https:\/\/tourtravelandmore.com\/fr\/tours\/\"},{\"@type\":\"ListItem\",\"position\":3,\"name\":\"Visite priv\u00e9e de Monreale, Cefal\u00fa et Castelbuono depuis Palerme\"}]},{\"@type\":\"WebSite\",\"@id\":\"https:\/\/tourtravelandmore.com\/fr\/#website\",\"url\":\"https:\/\/tourtravelandmore.com\/fr\/\",\"name\":\"Tour Travel And More\",\"description\":\"Private sightseeing tours and luxury transfers in Spain\",\"publisher\":{\"@id\":\"https:\/\/tourtravelandmore.com\/fr\/#organization\"},\"potentialAction\":[{\"@type\":\"SearchAction\",\"target\":{\"@type\":\"EntryPoint\",\"urlTemplate\":\"https:\/\/tourtravelandmore.com\/fr\/?s={search_term_string}\"},\"query-input\":{\"@type\":\"PropertyValueSpecification\",\"valueRequired\":true,\"valueName\":\"search_term_string\"}}],\"inLanguage\":\"fr-FR\"},{\"@type\":\"Organization\",\"@id\":\"https:\/\/tourtravelandmore.com\/fr\/#organization\",\"name\":\"Tour Travel And More\",\"url\":\"https:\/\/tourtravelandmore.com\/fr\/\",\"logo\":{\"@type\":\"ImageObject\",\"inLanguage\":\"fr-FR\",\"@id\":\"https:\/\/tourtravelandmore.com\/fr\/#\/schema\/logo\/image\/\",\"url\":\"https:\/\/tourtravelandmore.com\/wp-content\/uploads\/2022\/12\/cropped-logo-cabecera-new.png\",\"contentUrl\":\"https:\/\/tourtravelandmore.com\/wp-content\/uploads\/2022\/12\/cropped-logo-cabecera-new.png\",\"width\":430,\"height\":61,\"caption\":\"Tour Travel And More\"},\"image\":{\"@id\":\"https:\/\/tourtravelandmore.com\/fr\/#\/schema\/logo\/image\/\"},\"sameAs\":[\"https:\/\/www.facebook.com\/tourtravelandmore\/\",\"https:\/\/x.com\/TourTravel_More\"]}]}<\/script>\n<!-- \/ Yoast SEO Premium plugin. -->","yoast_head_json":{"title":"Tour priv\u00e9 \u00e0 Monreale, Cefal\u00fa et Castelbuono depuis Palerme | TTM","description":"Apprenez \u00e0 conna\u00eetre la fantastique cath\u00e9drale de Monreale et la belle ville c\u00f4ti\u00e8re de Cefal\u00fa avec cette visite priv\u00e9e \u00e0 Monreale et Cefal\u00fa au d\u00e9part de Palerme.","robots":{"index":"index","follow":"follow","max-snippet":"max-snippet:-1","max-image-preview":"max-image-preview:large","max-video-preview":"max-video-preview:-1"},"canonical":"https:\/\/tourtravelandmore.com\/fr\/tours\/italie-fr\/palermo-fr\/visite-privee-de-monreale-cefalu-et-castelbuono-depuis-palerme\/","og_locale":"fr_FR","og_type":"article","og_title":"Visite priv\u00e9e de Monreale, Cefal\u00fa et Castelbuono depuis Palerme","og_description":"Apprenez \u00e0 conna\u00eetre la fantastique cath\u00e9drale de Monreale et la belle ville c\u00f4ti\u00e8re de Cefal\u00fa avec cette visite priv\u00e9e \u00e0 Monreale et Cefal\u00fa au d\u00e9part de Palerme.","og_url":"https:\/\/tourtravelandmore.com\/fr\/tours\/italie-fr\/palermo-fr\/visite-privee-de-monreale-cefalu-et-castelbuono-depuis-palerme\/","og_site_name":"Tour Travel And More","article_publisher":"https:\/\/www.facebook.com\/tourtravelandmore\/","article_modified_time":"2022-10-18T20:26:42+00:00","og_image":[{"width":1280,"height":720,"url":"https:\/\/tourtravelandmore.com\/wp-content\/uploads\/2018\/04\/cefalu2.jpg","type":"image\/jpeg"}],"twitter_card":"summary_large_image","twitter_site":"@TourTravel_More","twitter_misc":{"Dur\u00e9e de lecture estim\u00e9e":"3 minutes"},"schema":{"@context":"https:\/\/schema.org","@graph":[{"@type":"WebPage","@id":"https:\/\/tourtravelandmore.com\/fr\/tours\/italie-fr\/palermo-fr\/visite-privee-de-monreale-cefalu-et-castelbuono-depuis-palerme\/","url":"https:\/\/tourtravelandmore.com\/fr\/tours\/italie-fr\/palermo-fr\/visite-privee-de-monreale-cefalu-et-castelbuono-depuis-palerme\/","name":"Tour priv\u00e9 \u00e0 Monreale, Cefal\u00fa et Castelbuono depuis Palerme | TTM","isPartOf":{"@id":"https:\/\/tourtravelandmore.com\/fr\/#website"},"primaryImageOfPage":{"@id":"https:\/\/tourtravelandmore.com\/fr\/tours\/italie-fr\/palermo-fr\/visite-privee-de-monreale-cefalu-et-castelbuono-depuis-palerme\/#primaryimage"},"image":{"@id":"https:\/\/tourtravelandmore.com\/fr\/tours\/italie-fr\/palermo-fr\/visite-privee-de-monreale-cefalu-et-castelbuono-depuis-palerme\/#primaryimage"},"thumbnailUrl":"https:\/\/tourtravelandmore.com\/wp-content\/uploads\/2018\/04\/cefalu2.jpg","datePublished":"2018-04-10T13:57:47+00:00","dateModified":"2022-10-18T20:26:42+00:00","description":"Apprenez \u00e0 conna\u00eetre la fantastique cath\u00e9drale de Monreale et la belle ville c\u00f4ti\u00e8re de Cefal\u00fa avec cette visite priv\u00e9e \u00e0 Monreale et Cefal\u00fa au d\u00e9part de Palerme.","breadcrumb":{"@id":"https:\/\/tourtravelandmore.com\/fr\/tours\/italie-fr\/palermo-fr\/visite-privee-de-monreale-cefalu-et-castelbuono-depuis-palerme\/#breadcrumb"},"inLanguage":"fr-FR","potentialAction":[{"@type":"ReadAction","target":["https:\/\/tourtravelandmore.com\/fr\/tours\/italie-fr\/palermo-fr\/visite-privee-de-monreale-cefalu-et-castelbuono-depuis-palerme\/"]}]},{"@type":"ImageObject","inLanguage":"fr-FR","@id":"https:\/\/tourtravelandmore.com\/fr\/tours\/italie-fr\/palermo-fr\/visite-privee-de-monreale-cefalu-et-castelbuono-depuis-palerme\/#primaryimage","url":"https:\/\/tourtravelandmore.com\/wp-content\/uploads\/2018\/04\/cefalu2.jpg","contentUrl":"https:\/\/tourtravelandmore.com\/wp-content\/uploads\/2018\/04\/cefalu2.jpg","width":1280,"height":720},{"@type":"BreadcrumbList","@id":"https:\/\/tourtravelandmore.com\/fr\/tours\/italie-fr\/palermo-fr\/visite-privee-de-monreale-cefalu-et-castelbuono-depuis-palerme\/#breadcrumb","itemListElement":[{"@type":"ListItem","position":1,"name":"Home","item":"https:\/\/tourtravelandmore.com\/fr\/"},{"@type":"ListItem","position":2,"name":"Tours","item":"https:\/\/tourtravelandmore.com\/fr\/tours\/"},{"@type":"ListItem","position":3,"name":"Visite priv\u00e9e de Monreale, Cefal\u00fa et Castelbuono depuis Palerme"}]},{"@type":"WebSite","@id":"https:\/\/tourtravelandmore.com\/fr\/#website","url":"https:\/\/tourtravelandmore.com\/fr\/","name":"Tour Travel And More","description":"Private sightseeing tours and luxury transfers in Spain","publisher":{"@id":"https:\/\/tourtravelandmore.com\/fr\/#organization"},"potentialAction":[{"@type":"SearchAction","target":{"@type":"EntryPoint","urlTemplate":"https:\/\/tourtravelandmore.com\/fr\/?s={search_term_string}"},"query-input":{"@type":"PropertyValueSpecification","valueRequired":true,"valueName":"search_term_string"}}],"inLanguage":"fr-FR"},{"@type":"Organization","@id":"https:\/\/tourtravelandmore.com\/fr\/#organization","name":"Tour Travel And More","url":"https:\/\/tourtravelandmore.com\/fr\/","logo":{"@type":"ImageObject","inLanguage":"fr-FR","@id":"https:\/\/tourtravelandmore.com\/fr\/#\/schema\/logo\/image\/","url":"https:\/\/tourtravelandmore.com\/wp-content\/uploads\/2022\/12\/cropped-logo-cabecera-new.png","contentUrl":"https:\/\/tourtravelandmore.com\/wp-content\/uploads\/2022\/12\/cropped-logo-cabecera-new.png","width":430,"height":61,"caption":"Tour Travel And More"},"image":{"@id":"https:\/\/tourtravelandmore.com\/fr\/#\/schema\/logo\/image\/"},"sameAs":["https:\/\/www.facebook.com\/tourtravelandmore\/","https:\/\/x.com\/TourTravel_More"]}]}},"_links":{"self":[{"href":"https:\/\/tourtravelandmore.com\/fr\/wp-json\/wp\/v2\/product\/101263","targetHints":{"allow":["GET"]}}],"collection":[{"href":"https:\/\/tourtravelandmore.com\/fr\/wp-json\/wp\/v2\/product"}],"about":[{"href":"https:\/\/tourtravelandmore.com\/fr\/wp-json\/wp\/v2\/types\/product"}],"replies":[{"embeddable":true,"href":"https:\/\/tourtravelandmore.com\/fr\/wp-json\/wp\/v2\/comments?post=101263"}],"wp:featuredmedia":[{"embeddable":true,"href":"https:\/\/tourtravelandmore.com\/fr\/wp-json\/wp\/v2\/media\/94867"}],"wp:attachment":[{"href":"https:\/\/tourtravelandmore.com\/fr\/wp-json\/wp\/v2\/media?parent=101263"}],"wp:term":[{"taxonomy":"product_brand","embeddable":true,"href":"https:\/\/tourtravelandmore.com\/fr\/wp-json\/wp\/v2\/product_brand?post=101263"},{"taxonomy":"product_cat","embeddable":true,"href":"https:\/\/tourtravelandmore.com\/fr\/wp-json\/wp\/v2\/product_cat?post=101263"},{"taxonomy":"product_tag","embeddable":true,"href":"https:\/\/tourtravelandmore.com\/fr\/wp-json\/wp\/v2\/product_tag?post=101263"}],"curies":[{"name":"wp","href":"https:\/\/api.w.org\/{rel}","templated":true}]}}