{"id":101258,"date":"2018-04-10T14:50:19","date_gmt":"2018-04-10T12:50:19","guid":{"rendered":"https:\/\/tourtravelandmore.com\/tours\/non%20class\u00e9\/visite-privee-dagrigente-et-de-la-vallee-des-temples\/"},"modified":"2022-10-18T20:19:38","modified_gmt":"2022-10-18T18:19:38","slug":"visite-privee-dagrigente-et-de-la-vallee-des-temples","status":"publish","type":"product","link":"https:\/\/tourtravelandmore.com\/fr\/tours\/italie-fr\/palermo-fr\/visite-privee-dagrigente-et-de-la-vallee-des-temples\/","title":{"rendered":"Visite priv\u00e9e d&#8217;Agrigente et de la vall\u00e9e des temples"},"content":{"rendered":"<h2>Description<\/h2>\n<p>Une fois \u00e0 <strong>Palerme<\/strong>, profitez de cette <strong>visite priv\u00e9e d&#8217;Agrigente et de la Vall\u00e9e des Temples<\/strong>. C&#8217;est l&#8217;un des sites grecs les mieux pr\u00e9serv\u00e9s au monde.<\/p>\n<p>Profitez de cette visite priv\u00e9e avec votre propre guide officiel priv\u00e9 \u00e0 Agrigente pendant 2 heures. Vous serez confortablement dans votre v\u00e9hicule de luxe priv\u00e9 avec chauffeur parlant anglais.<\/p>\n<p><strong>Agrigente \/ Vall\u00e9e des Temples<\/strong> est le site arch\u00e9ologique le plus captivant de Sicile. C&#8217;est l&#8217;une des zones de ruines grecques les mieux conserv\u00e9es au monde et la plus grande d\u00e9monstration de la civilisation grecque dans la r\u00e9gion m\u00e9diterran\u00e9enne. En raison de sa grande valeur et de son importance, les ruines avaient \u00e9t\u00e9 d\u00e9clar\u00e9es site du patrimoine mondial de <strong>l&#8217;UNESCO<\/strong>, r\u00e9pertori\u00e9es comme la <strong>vall\u00e9e des temples.<\/strong><\/p>\n<p>Lors de cette visite priv\u00e9e d&#8217;Agrigente et de la Vall\u00e9e des Temples, vous pourrez admirer l&#8217;architecture de ce site historique.<\/p>\n<p>Si vous pr\u00e9f\u00e9rez d&#8217;autres options de visite d&#8217;une journ\u00e9e compl\u00e8te, jetez un \u0153il \u00e0 notre<a data-mce-href=\"https:\/\/tourtravelandmore.com\/?product_cat=italy\/palermo-en\/\" href=\"https:\/\/tourtravelandmore.com\/fr\/city\/italie-fr\/palermo-en\/\"> liste de visites priv\u00e9es dans et depuis Palerme.<\/a><\/p>\n<h2>Points d&#8217;int\u00e9r\u00eat et points&nbsp;<\/h2>\n<p>Votre chauffeur priv\u00e9 viendra vous chercher \u00e0 l&#8217;endroit de votre choix \u00e0 Palerme t\u00f4t le matin. Tout d&#8217;abord, vous vous rendrez dans la <a data-mce-href=\"https:\/\/www.lavalledeitempli.it\/en\/travel-guide\/timetables-and-tickets\/\" href=\"https:\/\/www.lavalledeitempli.it\/en\/travel-guide\/timetables-and-tickets\/\">Vall\u00e9e du Temple<\/a>, o\u00f9 vous rencontrerez votre guide priv\u00e9 pour une visite guid\u00e9e de 2 heures. L&#8217;entr\u00e9e au site arch\u00e9ologique de la Vall\u00e9e du Temple est incluse dans le prix de cette visite.<\/p>\n<p>Deuxi\u00e8mement, apr\u00e8s la visite guid\u00e9e, vous visiterez le reste d&#8217;<strong>Agrigente<\/strong>. Cette ville contient de nombreux sites arch\u00e9ologiques et mus\u00e9es. De l\u00e0, vous pourrez \u00e9galement admirer les vues imprenables qu&#8217;offre cette ville.<\/p>\n<p>C&#8217;est une exp\u00e9rience parfaite pour ceux qui aiment l&#8217;histoire, l&#8217;architecture et sont pr\u00eats \u00e0 en apprendre beaucoup \u00e0 ce sujet.<\/p>\n<p>Au cours de cette visite priv\u00e9e, vous ferez \u00e9galement une halte pour le d\u00e9jeuner et d\u00e9gusterez un repas typiquement sicilien. Enfin, votre chauffeur priv\u00e9 vous ram\u00e8nera \u00e0 votre point de d\u00e9part \u00e0 Palerme.<\/p>\n<p>Chacun de nos guides sont des guides touristiques officiels, licenci\u00e9s et professionnels ayant une grande connaissance de la ville et de son histoire.<\/p>\n","protected":false},"excerpt":{"rendered":"<p>Profitez de cette excursion enti\u00e8rement priv\u00e9e de la Vall\u00e9e des Temples et d&#8217;Agrigente depuis le port de croisi\u00e8re de Palerme ou le lieu de votre choix. Ne manquez pas l&#8217;occasion de conna\u00eetre le site arch\u00e9ologique d&#8217;Agrigente et tout ce qu&#8217;il a \u00e0 offrir \u00e0 c\u00f4t\u00e9 de votre guide officiel priv\u00e9 et confortablement dans votre v\u00e9hicule de luxe priv\u00e9 avec un chauffeur s\u00e9par\u00e9.<\/p>\n","protected":false},"featured_media":94861,"comment_status":"open","ping_status":"closed","template":"","meta":{"_acf_changed":false},"product_brand":[],"product_cat":[3701],"product_tag":[],"class_list":{"0":"post-101258","1":"product","2":"type-product","3":"status-publish","4":"has-post-thumbnail","6":"product_cat-palermo-fr","8":"first","9":"instock","10":"shipping-taxable","11":"purchasable","12":"product-type-simple"},"acf":[],"yoast_head":"<!-- This site is optimized with the Yoast SEO Premium plugin v25.3.1 (Yoast SEO v25.3.1) - https:\/\/yoast.com\/wordpress\/plugins\/seo\/ -->\n<title>Visite priv\u00e9e d&#039;Agrigente et de la vall\u00e9e des temples de Palerme<\/title>\n<meta name=\"description\" content=\"Profitez d&#039;une visite enti\u00e8rement priv\u00e9e d&#039;Agrigente et de la Vall\u00e9e des Temples \u00e0 l&#039;aise dans votre v\u00e9hicule de luxe. Entr\u00e9e au site arch\u00e9ologique incluse.\" \/>\n<meta name=\"robots\" content=\"index, follow, max-snippet:-1, max-image-preview:large, max-video-preview:-1\" \/>\n<link rel=\"canonical\" href=\"https:\/\/tourtravelandmore.com\/fr\/tours\/italie-fr\/palermo-fr\/visite-privee-dagrigente-et-de-la-vallee-des-temples\/\" \/>\n<meta property=\"og:locale\" content=\"fr_FR\" \/>\n<meta property=\"og:type\" content=\"article\" \/>\n<meta property=\"og:title\" content=\"Visite priv\u00e9e d&#039;Agrigente et de la vall\u00e9e des temples\" \/>\n<meta property=\"og:description\" content=\"Profitez d&#039;une visite enti\u00e8rement priv\u00e9e d&#039;Agrigente et de la Vall\u00e9e des Temples \u00e0 l&#039;aise dans votre v\u00e9hicule de luxe. Entr\u00e9e au site arch\u00e9ologique incluse.\" \/>\n<meta property=\"og:url\" content=\"https:\/\/tourtravelandmore.com\/fr\/tours\/italie-fr\/palermo-fr\/visite-privee-dagrigente-et-de-la-vallee-des-temples\/\" \/>\n<meta property=\"og:site_name\" content=\"Tour Travel And More\" \/>\n<meta property=\"article:publisher\" content=\"https:\/\/www.facebook.com\/tourtravelandmore\/\" \/>\n<meta property=\"article:modified_time\" content=\"2022-10-18T18:19:38+00:00\" \/>\n<meta property=\"og:image\" content=\"https:\/\/tourtravelandmore.com\/wp-content\/uploads\/2018\/04\/italy-2454792_960_720.jpg\" \/>\n\t<meta property=\"og:image:width\" content=\"960\" \/>\n\t<meta property=\"og:image:height\" content=\"640\" \/>\n\t<meta property=\"og:image:type\" content=\"image\/jpeg\" \/>\n<meta name=\"twitter:card\" content=\"summary_large_image\" \/>\n<meta name=\"twitter:site\" content=\"@TourTravel_More\" \/>\n<meta name=\"twitter:label1\" content=\"Dur\u00e9e de lecture estim\u00e9e\" \/>\n\t<meta name=\"twitter:data1\" content=\"2 minutes\" \/>\n<script type=\"application\/ld+json\" class=\"yoast-schema-graph\">{\"@context\":\"https:\/\/schema.org\",\"@graph\":[{\"@type\":\"WebPage\",\"@id\":\"https:\/\/tourtravelandmore.com\/fr\/tours\/italie-fr\/palermo-fr\/visite-privee-dagrigente-et-de-la-vallee-des-temples\/\",\"url\":\"https:\/\/tourtravelandmore.com\/fr\/tours\/italie-fr\/palermo-fr\/visite-privee-dagrigente-et-de-la-vallee-des-temples\/\",\"name\":\"Visite priv\u00e9e d'Agrigente et de la vall\u00e9e des temples de Palerme\",\"isPartOf\":{\"@id\":\"https:\/\/tourtravelandmore.com\/fr\/#website\"},\"primaryImageOfPage\":{\"@id\":\"https:\/\/tourtravelandmore.com\/fr\/tours\/italie-fr\/palermo-fr\/visite-privee-dagrigente-et-de-la-vallee-des-temples\/#primaryimage\"},\"image\":{\"@id\":\"https:\/\/tourtravelandmore.com\/fr\/tours\/italie-fr\/palermo-fr\/visite-privee-dagrigente-et-de-la-vallee-des-temples\/#primaryimage\"},\"thumbnailUrl\":\"https:\/\/tourtravelandmore.com\/wp-content\/uploads\/2018\/04\/italy-2454792_960_720.jpg\",\"datePublished\":\"2018-04-10T12:50:19+00:00\",\"dateModified\":\"2022-10-18T18:19:38+00:00\",\"description\":\"Profitez d'une visite enti\u00e8rement priv\u00e9e d'Agrigente et de la Vall\u00e9e des Temples \u00e0 l'aise dans votre v\u00e9hicule de luxe. Entr\u00e9e au site arch\u00e9ologique incluse.\",\"breadcrumb\":{\"@id\":\"https:\/\/tourtravelandmore.com\/fr\/tours\/italie-fr\/palermo-fr\/visite-privee-dagrigente-et-de-la-vallee-des-temples\/#breadcrumb\"},\"inLanguage\":\"fr-FR\",\"potentialAction\":[{\"@type\":\"ReadAction\",\"target\":[\"https:\/\/tourtravelandmore.com\/fr\/tours\/italie-fr\/palermo-fr\/visite-privee-dagrigente-et-de-la-vallee-des-temples\/\"]}]},{\"@type\":\"ImageObject\",\"inLanguage\":\"fr-FR\",\"@id\":\"https:\/\/tourtravelandmore.com\/fr\/tours\/italie-fr\/palermo-fr\/visite-privee-dagrigente-et-de-la-vallee-des-temples\/#primaryimage\",\"url\":\"https:\/\/tourtravelandmore.com\/wp-content\/uploads\/2018\/04\/italy-2454792_960_720.jpg\",\"contentUrl\":\"https:\/\/tourtravelandmore.com\/wp-content\/uploads\/2018\/04\/italy-2454792_960_720.jpg\",\"width\":960,\"height\":640},{\"@type\":\"BreadcrumbList\",\"@id\":\"https:\/\/tourtravelandmore.com\/fr\/tours\/italie-fr\/palermo-fr\/visite-privee-dagrigente-et-de-la-vallee-des-temples\/#breadcrumb\",\"itemListElement\":[{\"@type\":\"ListItem\",\"position\":1,\"name\":\"Home\",\"item\":\"https:\/\/tourtravelandmore.com\/fr\/\"},{\"@type\":\"ListItem\",\"position\":2,\"name\":\"Tours\",\"item\":\"https:\/\/tourtravelandmore.com\/fr\/tours\/\"},{\"@type\":\"ListItem\",\"position\":3,\"name\":\"Visite priv\u00e9e d&rsquo;Agrigente et de la vall\u00e9e des temples\"}]},{\"@type\":\"WebSite\",\"@id\":\"https:\/\/tourtravelandmore.com\/fr\/#website\",\"url\":\"https:\/\/tourtravelandmore.com\/fr\/\",\"name\":\"Tour Travel And More\",\"description\":\"Private sightseeing tours and luxury transfers in Spain\",\"publisher\":{\"@id\":\"https:\/\/tourtravelandmore.com\/fr\/#organization\"},\"potentialAction\":[{\"@type\":\"SearchAction\",\"target\":{\"@type\":\"EntryPoint\",\"urlTemplate\":\"https:\/\/tourtravelandmore.com\/fr\/?s={search_term_string}\"},\"query-input\":{\"@type\":\"PropertyValueSpecification\",\"valueRequired\":true,\"valueName\":\"search_term_string\"}}],\"inLanguage\":\"fr-FR\"},{\"@type\":\"Organization\",\"@id\":\"https:\/\/tourtravelandmore.com\/fr\/#organization\",\"name\":\"Tour Travel And More\",\"url\":\"https:\/\/tourtravelandmore.com\/fr\/\",\"logo\":{\"@type\":\"ImageObject\",\"inLanguage\":\"fr-FR\",\"@id\":\"https:\/\/tourtravelandmore.com\/fr\/#\/schema\/logo\/image\/\",\"url\":\"https:\/\/tourtravelandmore.com\/wp-content\/uploads\/2022\/12\/cropped-logo-cabecera-new.png\",\"contentUrl\":\"https:\/\/tourtravelandmore.com\/wp-content\/uploads\/2022\/12\/cropped-logo-cabecera-new.png\",\"width\":430,\"height\":61,\"caption\":\"Tour Travel And More\"},\"image\":{\"@id\":\"https:\/\/tourtravelandmore.com\/fr\/#\/schema\/logo\/image\/\"},\"sameAs\":[\"https:\/\/www.facebook.com\/tourtravelandmore\/\",\"https:\/\/x.com\/TourTravel_More\"]}]}<\/script>\n<!-- \/ Yoast SEO Premium plugin. -->","yoast_head_json":{"title":"Visite priv\u00e9e d'Agrigente et de la vall\u00e9e des temples de Palerme","description":"Profitez d'une visite enti\u00e8rement priv\u00e9e d'Agrigente et de la Vall\u00e9e des Temples \u00e0 l'aise dans votre v\u00e9hicule de luxe. Entr\u00e9e au site arch\u00e9ologique incluse.","robots":{"index":"index","follow":"follow","max-snippet":"max-snippet:-1","max-image-preview":"max-image-preview:large","max-video-preview":"max-video-preview:-1"},"canonical":"https:\/\/tourtravelandmore.com\/fr\/tours\/italie-fr\/palermo-fr\/visite-privee-dagrigente-et-de-la-vallee-des-temples\/","og_locale":"fr_FR","og_type":"article","og_title":"Visite priv\u00e9e d'Agrigente et de la vall\u00e9e des temples","og_description":"Profitez d'une visite enti\u00e8rement priv\u00e9e d'Agrigente et de la Vall\u00e9e des Temples \u00e0 l'aise dans votre v\u00e9hicule de luxe. Entr\u00e9e au site arch\u00e9ologique incluse.","og_url":"https:\/\/tourtravelandmore.com\/fr\/tours\/italie-fr\/palermo-fr\/visite-privee-dagrigente-et-de-la-vallee-des-temples\/","og_site_name":"Tour Travel And More","article_publisher":"https:\/\/www.facebook.com\/tourtravelandmore\/","article_modified_time":"2022-10-18T18:19:38+00:00","og_image":[{"width":960,"height":640,"url":"https:\/\/tourtravelandmore.com\/wp-content\/uploads\/2018\/04\/italy-2454792_960_720.jpg","type":"image\/jpeg"}],"twitter_card":"summary_large_image","twitter_site":"@TourTravel_More","twitter_misc":{"Dur\u00e9e de lecture estim\u00e9e":"2 minutes"},"schema":{"@context":"https:\/\/schema.org","@graph":[{"@type":"WebPage","@id":"https:\/\/tourtravelandmore.com\/fr\/tours\/italie-fr\/palermo-fr\/visite-privee-dagrigente-et-de-la-vallee-des-temples\/","url":"https:\/\/tourtravelandmore.com\/fr\/tours\/italie-fr\/palermo-fr\/visite-privee-dagrigente-et-de-la-vallee-des-temples\/","name":"Visite priv\u00e9e d'Agrigente et de la vall\u00e9e des temples de Palerme","isPartOf":{"@id":"https:\/\/tourtravelandmore.com\/fr\/#website"},"primaryImageOfPage":{"@id":"https:\/\/tourtravelandmore.com\/fr\/tours\/italie-fr\/palermo-fr\/visite-privee-dagrigente-et-de-la-vallee-des-temples\/#primaryimage"},"image":{"@id":"https:\/\/tourtravelandmore.com\/fr\/tours\/italie-fr\/palermo-fr\/visite-privee-dagrigente-et-de-la-vallee-des-temples\/#primaryimage"},"thumbnailUrl":"https:\/\/tourtravelandmore.com\/wp-content\/uploads\/2018\/04\/italy-2454792_960_720.jpg","datePublished":"2018-04-10T12:50:19+00:00","dateModified":"2022-10-18T18:19:38+00:00","description":"Profitez d'une visite enti\u00e8rement priv\u00e9e d'Agrigente et de la Vall\u00e9e des Temples \u00e0 l'aise dans votre v\u00e9hicule de luxe. Entr\u00e9e au site arch\u00e9ologique incluse.","breadcrumb":{"@id":"https:\/\/tourtravelandmore.com\/fr\/tours\/italie-fr\/palermo-fr\/visite-privee-dagrigente-et-de-la-vallee-des-temples\/#breadcrumb"},"inLanguage":"fr-FR","potentialAction":[{"@type":"ReadAction","target":["https:\/\/tourtravelandmore.com\/fr\/tours\/italie-fr\/palermo-fr\/visite-privee-dagrigente-et-de-la-vallee-des-temples\/"]}]},{"@type":"ImageObject","inLanguage":"fr-FR","@id":"https:\/\/tourtravelandmore.com\/fr\/tours\/italie-fr\/palermo-fr\/visite-privee-dagrigente-et-de-la-vallee-des-temples\/#primaryimage","url":"https:\/\/tourtravelandmore.com\/wp-content\/uploads\/2018\/04\/italy-2454792_960_720.jpg","contentUrl":"https:\/\/tourtravelandmore.com\/wp-content\/uploads\/2018\/04\/italy-2454792_960_720.jpg","width":960,"height":640},{"@type":"BreadcrumbList","@id":"https:\/\/tourtravelandmore.com\/fr\/tours\/italie-fr\/palermo-fr\/visite-privee-dagrigente-et-de-la-vallee-des-temples\/#breadcrumb","itemListElement":[{"@type":"ListItem","position":1,"name":"Home","item":"https:\/\/tourtravelandmore.com\/fr\/"},{"@type":"ListItem","position":2,"name":"Tours","item":"https:\/\/tourtravelandmore.com\/fr\/tours\/"},{"@type":"ListItem","position":3,"name":"Visite priv\u00e9e d&rsquo;Agrigente et de la vall\u00e9e des temples"}]},{"@type":"WebSite","@id":"https:\/\/tourtravelandmore.com\/fr\/#website","url":"https:\/\/tourtravelandmore.com\/fr\/","name":"Tour Travel And More","description":"Private sightseeing tours and luxury transfers in Spain","publisher":{"@id":"https:\/\/tourtravelandmore.com\/fr\/#organization"},"potentialAction":[{"@type":"SearchAction","target":{"@type":"EntryPoint","urlTemplate":"https:\/\/tourtravelandmore.com\/fr\/?s={search_term_string}"},"query-input":{"@type":"PropertyValueSpecification","valueRequired":true,"valueName":"search_term_string"}}],"inLanguage":"fr-FR"},{"@type":"Organization","@id":"https:\/\/tourtravelandmore.com\/fr\/#organization","name":"Tour Travel And More","url":"https:\/\/tourtravelandmore.com\/fr\/","logo":{"@type":"ImageObject","inLanguage":"fr-FR","@id":"https:\/\/tourtravelandmore.com\/fr\/#\/schema\/logo\/image\/","url":"https:\/\/tourtravelandmore.com\/wp-content\/uploads\/2022\/12\/cropped-logo-cabecera-new.png","contentUrl":"https:\/\/tourtravelandmore.com\/wp-content\/uploads\/2022\/12\/cropped-logo-cabecera-new.png","width":430,"height":61,"caption":"Tour Travel And More"},"image":{"@id":"https:\/\/tourtravelandmore.com\/fr\/#\/schema\/logo\/image\/"},"sameAs":["https:\/\/www.facebook.com\/tourtravelandmore\/","https:\/\/x.com\/TourTravel_More"]}]}},"_links":{"self":[{"href":"https:\/\/tourtravelandmore.com\/fr\/wp-json\/wp\/v2\/product\/101258","targetHints":{"allow":["GET"]}}],"collection":[{"href":"https:\/\/tourtravelandmore.com\/fr\/wp-json\/wp\/v2\/product"}],"about":[{"href":"https:\/\/tourtravelandmore.com\/fr\/wp-json\/wp\/v2\/types\/product"}],"replies":[{"embeddable":true,"href":"https:\/\/tourtravelandmore.com\/fr\/wp-json\/wp\/v2\/comments?post=101258"}],"wp:featuredmedia":[{"embeddable":true,"href":"https:\/\/tourtravelandmore.com\/fr\/wp-json\/wp\/v2\/media\/94861"}],"wp:attachment":[{"href":"https:\/\/tourtravelandmore.com\/fr\/wp-json\/wp\/v2\/media?parent=101258"}],"wp:term":[{"taxonomy":"product_brand","embeddable":true,"href":"https:\/\/tourtravelandmore.com\/fr\/wp-json\/wp\/v2\/product_brand?post=101258"},{"taxonomy":"product_cat","embeddable":true,"href":"https:\/\/tourtravelandmore.com\/fr\/wp-json\/wp\/v2\/product_cat?post=101258"},{"taxonomy":"product_tag","embeddable":true,"href":"https:\/\/tourtravelandmore.com\/fr\/wp-json\/wp\/v2\/product_tag?post=101258"}],"curies":[{"name":"wp","href":"https:\/\/api.w.org\/{rel}","templated":true}]}}